{"id":14053,"date":"2023-06-21T10:04:49","date_gmt":"2023-06-21T07:04:49","guid":{"rendered":"https:\/\/kodukolle.ee\/?post_type=product&#038;p=14053"},"modified":"2024-01-19T10:13:04","modified_gmt":"2024-01-19T08:13:04","slug":"tiled-stove-gabriel-duvemala","status":"publish","type":"product","link":"https:\/\/kodukolle.ee\/en\/product\/tiled-stove-gabriel-duvemala\/","title":{"rendered":"Heat storing tiled stove Gabriel DUVEM\u00c5LA"},"content":{"rendered":"<p>Clean lines inspired by farms and small country houses in Sm\u00e5land make the Gabrieli Duvem\u00e5la tiled stove suitable for most interiors. With its beautiful design and the soothing glow of the fire, the tiled stove creates a fantastic atmosphere in any home. Gabrieli tiled stoves seamlessly blend modern combustion technology with the ingenious design of a classic tiled stove, resulting in a furnace that boasts both low emission levels and unparalleled efficiency. The standard equipment includes a modern hot-air cassette and a brass door. The stove can be ordered in different heights, colors, and even with hand-painted decorations. The standard model covers 4\/5 of its surface with tiles, and the height of the standard model is 2290 mm.<\/p>\n<p><strong>Additional features and options<\/strong><\/p>\n<ul>\n<li>Height adjustment is possible in approximately 100 mm intervals.<\/li>\n<li>In addition to white, black and red colors can be ordered. Custom glazes can also be developed upon request.<\/li>\n<li>Choose from existing hand-painted decorations or create a unique pattern.<\/li>\n<li>Option to have tiles on all sides of the stove.<\/li>\n<li>Brass parts can be replaced with stainless steel components.<\/li>\n<li>Additional decorative elements available: sims, cornices, friezes.<\/li>\n<li>Choose between a brass or stainless steel oven front plate.<\/li>\n<li>Option to include a fan and fan control device.<\/li>\n<li>External air supply connection can be added upon request.<\/li>\n<\/ul>\n<p>&nbsp;<\/p>\n","protected":false},"excerpt":{"rendered":"<p>Clean lines inspired by farms and small country houses in Sm\u00e5land make the Gabrieli Duvem\u00e5la tiled stove suitable for most interiors. With its beautiful design and the soothing glow of the fire, the tiled stove creates a fantastic atmosphere in any home. Gabrieli tiled stoves seamlessly blend modern combustion technology with the ingenious design of a classic tiled stove, resulting in a furnace that boasts both low emission levels and unparalleled efficiency. The standard equipment includes a modern hot-air cassette and a brass door. The stove can be ordered in different heights, colors, and even with hand-painted decorations. The standard model covers 4\/5 of its surface with tiles, and the height of the standard model is 2290 mm.<\/p>\n","protected":false},"featured_media":14059,"template":"","meta":{"_acf_changed":false},"product_brand":[],"product_cat":[1581],"product_tag":[],"class_list":{"0":"post-14053","1":"product","2":"type-product","3":"status-publish","4":"has-post-thumbnail","6":"brands-gabriel-en","7":"product_cat-heat-storing-fireplaces","9":"first","10":"instock","11":"shipping-taxable","12":"purchasable","13":"product-type-simple"},"acf":[],"yoast_head":"<!-- This site is optimized with the Yoast SEO plugin v27.2 - https:\/\/yoast.com\/product\/yoast-seo-wordpress\/ -->\n<title>Heat storing tiled stove Gabriel DUVEM\u00c5LA - Kodukolle<\/title>\n<meta name=\"description\" content=\"Clean lines inspired by farms and small country houses in Sm\u00e5land make the Gabrieli Duvem\u00e5la tiled stove suitable for most interiors.\" \/>\n<meta name=\"robots\" content=\"index, follow, max-snippet:-1, max-image-preview:large, max-video-preview:-1\" \/>\n<link rel=\"canonical\" href=\"https:\/\/kodukolle.ee\/en\/product\/tiled-stove-gabriel-duvemala\/\" \/>\n<meta property=\"og:locale\" content=\"en_US\" \/>\n<meta property=\"og:type\" content=\"article\" \/>\n<meta property=\"og:title\" content=\"Heat storing tiled stove Gabriel DUVEM\u00c5LA - Kodukolle\" \/>\n<meta property=\"og:description\" content=\"Clean lines inspired by farms and small country houses in Sm\u00e5land make the Gabrieli Duvem\u00e5la tiled stove suitable for most interiors.\" \/>\n<meta property=\"og:url\" content=\"https:\/\/kodukolle.ee\/en\/product\/tiled-stove-gabriel-duvemala\/\" \/>\n<meta property=\"og:site_name\" content=\"Kodukolle\" \/>\n<meta property=\"article:modified_time\" content=\"2024-01-19T08:13:04+00:00\" \/>\n<meta property=\"og:image\" content=\"https:\/\/kodukolle.ee\/wp-content\/uploads\/2023\/06\/kakelugn_duvemala2.jpg\" \/>\n\t<meta property=\"og:image:width\" content=\"1200\" \/>\n\t<meta property=\"og:image:height\" content=\"1200\" \/>\n\t<meta property=\"og:image:type\" content=\"image\/jpeg\" \/>\n<meta name=\"twitter:card\" content=\"summary_large_image\" \/>\n<meta name=\"twitter:label1\" content=\"Est. reading time\" \/>\n\t<meta name=\"twitter:data1\" content=\"2 minutes\" \/>\n<script type=\"application\/ld+json\" class=\"yoast-schema-graph\">{\"@context\":\"https:\/\/schema.org\",\"@graph\":[{\"@type\":\"WebPage\",\"@id\":\"https:\/\/kodukolle.ee\/en\/product\/tiled-stove-gabriel-duvemala\/\",\"url\":\"https:\/\/kodukolle.ee\/en\/product\/tiled-stove-gabriel-duvemala\/\",\"name\":\"Heat storing tiled stove Gabriel DUVEM\u00c5LA - Kodukolle\",\"isPartOf\":{\"@id\":\"https:\/\/kodukolle.ee\/en\/#website\"},\"primaryImageOfPage\":{\"@id\":\"https:\/\/kodukolle.ee\/en\/product\/tiled-stove-gabriel-duvemala\/#primaryimage\"},\"image\":{\"@id\":\"https:\/\/kodukolle.ee\/en\/product\/tiled-stove-gabriel-duvemala\/#primaryimage\"},\"thumbnailUrl\":\"https:\/\/kodukolle.ee\/wp-content\/uploads\/2023\/06\/kakelugn_duvemala2.jpg\",\"datePublished\":\"2023-06-21T07:04:49+00:00\",\"dateModified\":\"2024-01-19T08:13:04+00:00\",\"description\":\"Clean lines inspired by farms and small country houses in Sm\u00e5land make the Gabrieli Duvem\u00e5la tiled stove suitable for most interiors.\",\"breadcrumb\":{\"@id\":\"https:\/\/kodukolle.ee\/en\/product\/tiled-stove-gabriel-duvemala\/#breadcrumb\"},\"inLanguage\":\"en-US\",\"potentialAction\":[{\"@type\":\"ReadAction\",\"target\":[\"https:\/\/kodukolle.ee\/en\/product\/tiled-stove-gabriel-duvemala\/\"]}]},{\"@type\":\"ImageObject\",\"inLanguage\":\"en-US\",\"@id\":\"https:\/\/kodukolle.ee\/en\/product\/tiled-stove-gabriel-duvemala\/#primaryimage\",\"url\":\"https:\/\/kodukolle.ee\/wp-content\/uploads\/2023\/06\/kakelugn_duvemala2.jpg\",\"contentUrl\":\"https:\/\/kodukolle.ee\/wp-content\/uploads\/2023\/06\/kakelugn_duvemala2.jpg\",\"width\":1200,\"height\":1200,\"caption\":\"Duvem\u00e5la\"},{\"@type\":\"BreadcrumbList\",\"@id\":\"https:\/\/kodukolle.ee\/en\/product\/tiled-stove-gabriel-duvemala\/#breadcrumb\",\"itemListElement\":[{\"@type\":\"ListItem\",\"position\":1,\"name\":\"Home\",\"item\":\"https:\/\/kodukolle.ee\/en\/\"},{\"@type\":\"ListItem\",\"position\":2,\"name\":\"Products\",\"item\":\"https:\/\/kodukolle.ee\/en\/products\/\"},{\"@type\":\"ListItem\",\"position\":3,\"name\":\"Heat storing tiled stove Gabriel DUVEM\u00c5LA\"}]},{\"@type\":\"WebSite\",\"@id\":\"https:\/\/kodukolle.ee\/en\/#website\",\"url\":\"https:\/\/kodukolle.ee\/en\/\",\"name\":\"Kodukolle\",\"description\":\"\",\"publisher\":{\"@id\":\"https:\/\/kodukolle.ee\/en\/#organization\"},\"potentialAction\":[{\"@type\":\"SearchAction\",\"target\":{\"@type\":\"EntryPoint\",\"urlTemplate\":\"https:\/\/kodukolle.ee\/en\/?s={search_term_string}\"},\"query-input\":{\"@type\":\"PropertyValueSpecification\",\"valueRequired\":true,\"valueName\":\"search_term_string\"}}],\"inLanguage\":\"en-US\"},{\"@type\":\"Organization\",\"@id\":\"https:\/\/kodukolle.ee\/en\/#organization\",\"name\":\"Kodukolle\",\"url\":\"https:\/\/kodukolle.ee\/en\/\",\"logo\":{\"@type\":\"ImageObject\",\"inLanguage\":\"en-US\",\"@id\":\"https:\/\/kodukolle.ee\/en\/#\/schema\/logo\/image\/\",\"url\":\"https:\/\/kodukolle.ee\/wp-content\/uploads\/2025\/06\/logo_must_gradient.svg\",\"contentUrl\":\"https:\/\/kodukolle.ee\/wp-content\/uploads\/2025\/06\/logo_must_gradient.svg\",\"caption\":\"Kodukolle\"},\"image\":{\"@id\":\"https:\/\/kodukolle.ee\/en\/#\/schema\/logo\/image\/\"}}]}<\/script>\n<!-- \/ Yoast SEO plugin. -->","yoast_head_json":{"title":"Heat storing tiled stove Gabriel DUVEM\u00c5LA - Kodukolle","description":"Clean lines inspired by farms and small country houses in Sm\u00e5land make the Gabrieli Duvem\u00e5la tiled stove suitable for most interiors.","robots":{"index":"index","follow":"follow","max-snippet":"max-snippet:-1","max-image-preview":"max-image-preview:large","max-video-preview":"max-video-preview:-1"},"canonical":"https:\/\/kodukolle.ee\/en\/product\/tiled-stove-gabriel-duvemala\/","og_locale":"en_US","og_type":"article","og_title":"Heat storing tiled stove Gabriel DUVEM\u00c5LA - Kodukolle","og_description":"Clean lines inspired by farms and small country houses in Sm\u00e5land make the Gabrieli Duvem\u00e5la tiled stove suitable for most interiors.","og_url":"https:\/\/kodukolle.ee\/en\/product\/tiled-stove-gabriel-duvemala\/","og_site_name":"Kodukolle","article_modified_time":"2024-01-19T08:13:04+00:00","og_image":[{"width":1200,"height":1200,"url":"https:\/\/kodukolle.ee\/wp-content\/uploads\/2023\/06\/kakelugn_duvemala2.jpg","type":"image\/jpeg"}],"twitter_card":"summary_large_image","twitter_misc":{"Est. reading time":"2 minutes"},"schema":{"@context":"https:\/\/schema.org","@graph":[{"@type":"WebPage","@id":"https:\/\/kodukolle.ee\/en\/product\/tiled-stove-gabriel-duvemala\/","url":"https:\/\/kodukolle.ee\/en\/product\/tiled-stove-gabriel-duvemala\/","name":"Heat storing tiled stove Gabriel DUVEM\u00c5LA - Kodukolle","isPartOf":{"@id":"https:\/\/kodukolle.ee\/en\/#website"},"primaryImageOfPage":{"@id":"https:\/\/kodukolle.ee\/en\/product\/tiled-stove-gabriel-duvemala\/#primaryimage"},"image":{"@id":"https:\/\/kodukolle.ee\/en\/product\/tiled-stove-gabriel-duvemala\/#primaryimage"},"thumbnailUrl":"https:\/\/kodukolle.ee\/wp-content\/uploads\/2023\/06\/kakelugn_duvemala2.jpg","datePublished":"2023-06-21T07:04:49+00:00","dateModified":"2024-01-19T08:13:04+00:00","description":"Clean lines inspired by farms and small country houses in Sm\u00e5land make the Gabrieli Duvem\u00e5la tiled stove suitable for most interiors.","breadcrumb":{"@id":"https:\/\/kodukolle.ee\/en\/product\/tiled-stove-gabriel-duvemala\/#breadcrumb"},"inLanguage":"en-US","potentialAction":[{"@type":"ReadAction","target":["https:\/\/kodukolle.ee\/en\/product\/tiled-stove-gabriel-duvemala\/"]}]},{"@type":"ImageObject","inLanguage":"en-US","@id":"https:\/\/kodukolle.ee\/en\/product\/tiled-stove-gabriel-duvemala\/#primaryimage","url":"https:\/\/kodukolle.ee\/wp-content\/uploads\/2023\/06\/kakelugn_duvemala2.jpg","contentUrl":"https:\/\/kodukolle.ee\/wp-content\/uploads\/2023\/06\/kakelugn_duvemala2.jpg","width":1200,"height":1200,"caption":"Duvem\u00e5la"},{"@type":"BreadcrumbList","@id":"https:\/\/kodukolle.ee\/en\/product\/tiled-stove-gabriel-duvemala\/#breadcrumb","itemListElement":[{"@type":"ListItem","position":1,"name":"Home","item":"https:\/\/kodukolle.ee\/en\/"},{"@type":"ListItem","position":2,"name":"Products","item":"https:\/\/kodukolle.ee\/en\/products\/"},{"@type":"ListItem","position":3,"name":"Heat storing tiled stove Gabriel DUVEM\u00c5LA"}]},{"@type":"WebSite","@id":"https:\/\/kodukolle.ee\/en\/#website","url":"https:\/\/kodukolle.ee\/en\/","name":"Kodukolle","description":"","publisher":{"@id":"https:\/\/kodukolle.ee\/en\/#organization"},"potentialAction":[{"@type":"SearchAction","target":{"@type":"EntryPoint","urlTemplate":"https:\/\/kodukolle.ee\/en\/?s={search_term_string}"},"query-input":{"@type":"PropertyValueSpecification","valueRequired":true,"valueName":"search_term_string"}}],"inLanguage":"en-US"},{"@type":"Organization","@id":"https:\/\/kodukolle.ee\/en\/#organization","name":"Kodukolle","url":"https:\/\/kodukolle.ee\/en\/","logo":{"@type":"ImageObject","inLanguage":"en-US","@id":"https:\/\/kodukolle.ee\/en\/#\/schema\/logo\/image\/","url":"https:\/\/kodukolle.ee\/wp-content\/uploads\/2025\/06\/logo_must_gradient.svg","contentUrl":"https:\/\/kodukolle.ee\/wp-content\/uploads\/2025\/06\/logo_must_gradient.svg","caption":"Kodukolle"},"image":{"@id":"https:\/\/kodukolle.ee\/en\/#\/schema\/logo\/image\/"}}]}},"_links":{"self":[{"href":"https:\/\/kodukolle.ee\/en\/wp-json\/wp\/v2\/product\/14053","targetHints":{"allow":["GET"]}}],"collection":[{"href":"https:\/\/kodukolle.ee\/en\/wp-json\/wp\/v2\/product"}],"about":[{"href":"https:\/\/kodukolle.ee\/en\/wp-json\/wp\/v2\/types\/product"}],"wp:featuredmedia":[{"embeddable":true,"href":"https:\/\/kodukolle.ee\/en\/wp-json\/wp\/v2\/media\/14059"}],"wp:attachment":[{"href":"https:\/\/kodukolle.ee\/en\/wp-json\/wp\/v2\/media?parent=14053"}],"wp:term":[{"taxonomy":"product_brand","embeddable":true,"href":"https:\/\/kodukolle.ee\/en\/wp-json\/wp\/v2\/product_brand?post=14053"},{"taxonomy":"product_cat","embeddable":true,"href":"https:\/\/kodukolle.ee\/en\/wp-json\/wp\/v2\/product_cat?post=14053"},{"taxonomy":"product_tag","embeddable":true,"href":"https:\/\/kodukolle.ee\/en\/wp-json\/wp\/v2\/product_tag?post=14053"}],"curies":[{"name":"wp","href":"https:\/\/api.w.org\/{rel}","templated":true}]}}