{"id":23393,"date":"2023-10-06T16:32:58","date_gmt":"2023-10-06T13:32:58","guid":{"rendered":"https:\/\/kodukolle.ee\/?post_type=product&#038;p=23393"},"modified":"2023-10-06T16:40:19","modified_gmt":"2023-10-06T13:40:19","slug":"sauna-sandglass-harvia","status":"publish","type":"product","link":"https:\/\/kodukolle.ee\/en\/product\/sauna-sandglass-harvia\/","title":{"rendered":"Sauna sandglass Harvia"},"content":{"rendered":"<p>A Harvia sandglass is a stylish and personal timepiece. With the sandglass, you can measure the time spent in the steam room or simply track how much time has elapsed. Sand flows into the lower chamber over 15 minutes. In contrast, sauna heat offers a timeless sense of tranquility. It makes for a wonderful gift for someone who values natural quality.\n<\/ul>\n<p>&nbsp;<\/p>\n","protected":false},"excerpt":{"rendered":"<p>A Harvia sandglass is a stylish and personal timepiece. With the sandglass, you can measure the time spent in the steam room or simply track how much time has elapsed. Sand flows into the lower chamber over 15 minutes. In contrast, sauna heat offers a timeless sense of tranquility. It makes for a wonderful gift for someone who values natural quality.<\/p>\n","protected":false},"featured_media":23395,"template":"","meta":{"_acf_changed":false},"product_brand":[],"product_cat":[1595],"product_tag":[],"class_list":{"0":"post-23393","1":"product","2":"type-product","3":"status-publish","4":"has-post-thumbnail","6":"brands-harvia-en","7":"product_cat-accessories","9":"first","10":"instock","11":"shipping-taxable","12":"purchasable","13":"product-type-simple"},"acf":[],"yoast_head":"<!-- This site is optimized with the Yoast SEO plugin v27.2 - https:\/\/yoast.com\/product\/yoast-seo-wordpress\/ -->\n<title>Sauna sandglass Harvia - Kodukolle<\/title>\n<meta name=\"description\" content=\"A Harvia sandglass is a stylish and personal timepiece. With the sandglass, you can measure the time spent in the steam room.\" \/>\n<meta name=\"robots\" content=\"index, follow, max-snippet:-1, max-image-preview:large, max-video-preview:-1\" \/>\n<link rel=\"canonical\" href=\"https:\/\/kodukolle.ee\/en\/product\/sauna-sandglass-harvia\/\" \/>\n<meta property=\"og:locale\" content=\"en_US\" \/>\n<meta property=\"og:type\" content=\"article\" \/>\n<meta property=\"og:title\" content=\"Sauna sandglass Harvia - Kodukolle\" \/>\n<meta property=\"og:description\" content=\"A Harvia sandglass is a stylish and personal timepiece. With the sandglass, you can measure the time spent in the steam room.\" \/>\n<meta property=\"og:url\" content=\"https:\/\/kodukolle.ee\/en\/product\/sauna-sandglass-harvia\/\" \/>\n<meta property=\"og:site_name\" content=\"Kodukolle\" \/>\n<meta property=\"article:modified_time\" content=\"2023-10-06T13:40:19+00:00\" \/>\n<meta property=\"og:image\" content=\"https:\/\/kodukolle.ee\/wp-content\/uploads\/2023\/10\/Harvia-SAC19900_1.jpg\" \/>\n\t<meta property=\"og:image:width\" content=\"1481\" \/>\n\t<meta property=\"og:image:height\" content=\"1294\" \/>\n\t<meta property=\"og:image:type\" content=\"image\/jpeg\" \/>\n<meta name=\"twitter:card\" content=\"summary_large_image\" \/>\n<meta name=\"twitter:label1\" content=\"Est. reading time\" \/>\n\t<meta name=\"twitter:data1\" content=\"1 minute\" \/>\n<script type=\"application\/ld+json\" class=\"yoast-schema-graph\">{\"@context\":\"https:\/\/schema.org\",\"@graph\":[{\"@type\":\"WebPage\",\"@id\":\"https:\/\/kodukolle.ee\/en\/product\/sauna-sandglass-harvia\/\",\"url\":\"https:\/\/kodukolle.ee\/en\/product\/sauna-sandglass-harvia\/\",\"name\":\"Sauna sandglass Harvia - Kodukolle\",\"isPartOf\":{\"@id\":\"https:\/\/kodukolle.ee\/en\/#website\"},\"primaryImageOfPage\":{\"@id\":\"https:\/\/kodukolle.ee\/en\/product\/sauna-sandglass-harvia\/#primaryimage\"},\"image\":{\"@id\":\"https:\/\/kodukolle.ee\/en\/product\/sauna-sandglass-harvia\/#primaryimage\"},\"thumbnailUrl\":\"https:\/\/kodukolle.ee\/wp-content\/uploads\/2023\/10\/Harvia-SAC19900_1.jpg\",\"datePublished\":\"2023-10-06T13:32:58+00:00\",\"dateModified\":\"2023-10-06T13:40:19+00:00\",\"description\":\"A Harvia sandglass is a stylish and personal timepiece. With the sandglass, you can measure the time spent in the steam room.\",\"breadcrumb\":{\"@id\":\"https:\/\/kodukolle.ee\/en\/product\/sauna-sandglass-harvia\/#breadcrumb\"},\"inLanguage\":\"en-US\",\"potentialAction\":[{\"@type\":\"ReadAction\",\"target\":[\"https:\/\/kodukolle.ee\/en\/product\/sauna-sandglass-harvia\/\"]}]},{\"@type\":\"ImageObject\",\"inLanguage\":\"en-US\",\"@id\":\"https:\/\/kodukolle.ee\/en\/product\/sauna-sandglass-harvia\/#primaryimage\",\"url\":\"https:\/\/kodukolle.ee\/wp-content\/uploads\/2023\/10\/Harvia-SAC19900_1.jpg\",\"contentUrl\":\"https:\/\/kodukolle.ee\/wp-content\/uploads\/2023\/10\/Harvia-SAC19900_1.jpg\",\"width\":1481,\"height\":1294,\"caption\":\"Liivakell on stiilne ja isikup\u00e4rane ajam\u00f5\u00f5tja. Liivakellaga saate arvestada leiliruumis viibimise aega v\u00f5i ka lihtsalt vaadata, kui palju aega on m\u00f6\u00f6dunud. Liiv voolab alumisse kambrisse 15 minutiga. Saunasoojus seevastu v\u00f5imaldab kogeda ajatut rahu. Suurep\u00e4rane kingitus inimesele, kes hindab loomulikku kvaliteeti.\"},{\"@type\":\"BreadcrumbList\",\"@id\":\"https:\/\/kodukolle.ee\/en\/product\/sauna-sandglass-harvia\/#breadcrumb\",\"itemListElement\":[{\"@type\":\"ListItem\",\"position\":1,\"name\":\"Home\",\"item\":\"https:\/\/kodukolle.ee\/en\/\"},{\"@type\":\"ListItem\",\"position\":2,\"name\":\"Products\",\"item\":\"https:\/\/kodukolle.ee\/en\/products\/\"},{\"@type\":\"ListItem\",\"position\":3,\"name\":\"Sauna sandglass Harvia\"}]},{\"@type\":\"WebSite\",\"@id\":\"https:\/\/kodukolle.ee\/en\/#website\",\"url\":\"https:\/\/kodukolle.ee\/en\/\",\"name\":\"Kodukolle\",\"description\":\"\",\"publisher\":{\"@id\":\"https:\/\/kodukolle.ee\/en\/#organization\"},\"potentialAction\":[{\"@type\":\"SearchAction\",\"target\":{\"@type\":\"EntryPoint\",\"urlTemplate\":\"https:\/\/kodukolle.ee\/en\/?s={search_term_string}\"},\"query-input\":{\"@type\":\"PropertyValueSpecification\",\"valueRequired\":true,\"valueName\":\"search_term_string\"}}],\"inLanguage\":\"en-US\"},{\"@type\":\"Organization\",\"@id\":\"https:\/\/kodukolle.ee\/en\/#organization\",\"name\":\"Kodukolle\",\"url\":\"https:\/\/kodukolle.ee\/en\/\",\"logo\":{\"@type\":\"ImageObject\",\"inLanguage\":\"en-US\",\"@id\":\"https:\/\/kodukolle.ee\/en\/#\/schema\/logo\/image\/\",\"url\":\"https:\/\/kodukolle.ee\/wp-content\/uploads\/2025\/06\/logo_must_gradient.svg\",\"contentUrl\":\"https:\/\/kodukolle.ee\/wp-content\/uploads\/2025\/06\/logo_must_gradient.svg\",\"caption\":\"Kodukolle\"},\"image\":{\"@id\":\"https:\/\/kodukolle.ee\/en\/#\/schema\/logo\/image\/\"}}]}<\/script>\n<!-- \/ Yoast SEO plugin. -->","yoast_head_json":{"title":"Sauna sandglass Harvia - Kodukolle","description":"A Harvia sandglass is a stylish and personal timepiece. With the sandglass, you can measure the time spent in the steam room.","robots":{"index":"index","follow":"follow","max-snippet":"max-snippet:-1","max-image-preview":"max-image-preview:large","max-video-preview":"max-video-preview:-1"},"canonical":"https:\/\/kodukolle.ee\/en\/product\/sauna-sandglass-harvia\/","og_locale":"en_US","og_type":"article","og_title":"Sauna sandglass Harvia - Kodukolle","og_description":"A Harvia sandglass is a stylish and personal timepiece. With the sandglass, you can measure the time spent in the steam room.","og_url":"https:\/\/kodukolle.ee\/en\/product\/sauna-sandglass-harvia\/","og_site_name":"Kodukolle","article_modified_time":"2023-10-06T13:40:19+00:00","og_image":[{"width":1481,"height":1294,"url":"https:\/\/kodukolle.ee\/wp-content\/uploads\/2023\/10\/Harvia-SAC19900_1.jpg","type":"image\/jpeg"}],"twitter_card":"summary_large_image","twitter_misc":{"Est. reading time":"1 minute"},"schema":{"@context":"https:\/\/schema.org","@graph":[{"@type":"WebPage","@id":"https:\/\/kodukolle.ee\/en\/product\/sauna-sandglass-harvia\/","url":"https:\/\/kodukolle.ee\/en\/product\/sauna-sandglass-harvia\/","name":"Sauna sandglass Harvia - Kodukolle","isPartOf":{"@id":"https:\/\/kodukolle.ee\/en\/#website"},"primaryImageOfPage":{"@id":"https:\/\/kodukolle.ee\/en\/product\/sauna-sandglass-harvia\/#primaryimage"},"image":{"@id":"https:\/\/kodukolle.ee\/en\/product\/sauna-sandglass-harvia\/#primaryimage"},"thumbnailUrl":"https:\/\/kodukolle.ee\/wp-content\/uploads\/2023\/10\/Harvia-SAC19900_1.jpg","datePublished":"2023-10-06T13:32:58+00:00","dateModified":"2023-10-06T13:40:19+00:00","description":"A Harvia sandglass is a stylish and personal timepiece. With the sandglass, you can measure the time spent in the steam room.","breadcrumb":{"@id":"https:\/\/kodukolle.ee\/en\/product\/sauna-sandglass-harvia\/#breadcrumb"},"inLanguage":"en-US","potentialAction":[{"@type":"ReadAction","target":["https:\/\/kodukolle.ee\/en\/product\/sauna-sandglass-harvia\/"]}]},{"@type":"ImageObject","inLanguage":"en-US","@id":"https:\/\/kodukolle.ee\/en\/product\/sauna-sandglass-harvia\/#primaryimage","url":"https:\/\/kodukolle.ee\/wp-content\/uploads\/2023\/10\/Harvia-SAC19900_1.jpg","contentUrl":"https:\/\/kodukolle.ee\/wp-content\/uploads\/2023\/10\/Harvia-SAC19900_1.jpg","width":1481,"height":1294,"caption":"Liivakell on stiilne ja isikup\u00e4rane ajam\u00f5\u00f5tja. Liivakellaga saate arvestada leiliruumis viibimise aega v\u00f5i ka lihtsalt vaadata, kui palju aega on m\u00f6\u00f6dunud. Liiv voolab alumisse kambrisse 15 minutiga. Saunasoojus seevastu v\u00f5imaldab kogeda ajatut rahu. Suurep\u00e4rane kingitus inimesele, kes hindab loomulikku kvaliteeti."},{"@type":"BreadcrumbList","@id":"https:\/\/kodukolle.ee\/en\/product\/sauna-sandglass-harvia\/#breadcrumb","itemListElement":[{"@type":"ListItem","position":1,"name":"Home","item":"https:\/\/kodukolle.ee\/en\/"},{"@type":"ListItem","position":2,"name":"Products","item":"https:\/\/kodukolle.ee\/en\/products\/"},{"@type":"ListItem","position":3,"name":"Sauna sandglass Harvia"}]},{"@type":"WebSite","@id":"https:\/\/kodukolle.ee\/en\/#website","url":"https:\/\/kodukolle.ee\/en\/","name":"Kodukolle","description":"","publisher":{"@id":"https:\/\/kodukolle.ee\/en\/#organization"},"potentialAction":[{"@type":"SearchAction","target":{"@type":"EntryPoint","urlTemplate":"https:\/\/kodukolle.ee\/en\/?s={search_term_string}"},"query-input":{"@type":"PropertyValueSpecification","valueRequired":true,"valueName":"search_term_string"}}],"inLanguage":"en-US"},{"@type":"Organization","@id":"https:\/\/kodukolle.ee\/en\/#organization","name":"Kodukolle","url":"https:\/\/kodukolle.ee\/en\/","logo":{"@type":"ImageObject","inLanguage":"en-US","@id":"https:\/\/kodukolle.ee\/en\/#\/schema\/logo\/image\/","url":"https:\/\/kodukolle.ee\/wp-content\/uploads\/2025\/06\/logo_must_gradient.svg","contentUrl":"https:\/\/kodukolle.ee\/wp-content\/uploads\/2025\/06\/logo_must_gradient.svg","caption":"Kodukolle"},"image":{"@id":"https:\/\/kodukolle.ee\/en\/#\/schema\/logo\/image\/"}}]}},"_links":{"self":[{"href":"https:\/\/kodukolle.ee\/en\/wp-json\/wp\/v2\/product\/23393","targetHints":{"allow":["GET"]}}],"collection":[{"href":"https:\/\/kodukolle.ee\/en\/wp-json\/wp\/v2\/product"}],"about":[{"href":"https:\/\/kodukolle.ee\/en\/wp-json\/wp\/v2\/types\/product"}],"wp:featuredmedia":[{"embeddable":true,"href":"https:\/\/kodukolle.ee\/en\/wp-json\/wp\/v2\/media\/23395"}],"wp:attachment":[{"href":"https:\/\/kodukolle.ee\/en\/wp-json\/wp\/v2\/media?parent=23393"}],"wp:term":[{"taxonomy":"product_brand","embeddable":true,"href":"https:\/\/kodukolle.ee\/en\/wp-json\/wp\/v2\/product_brand?post=23393"},{"taxonomy":"product_cat","embeddable":true,"href":"https:\/\/kodukolle.ee\/en\/wp-json\/wp\/v2\/product_cat?post=23393"},{"taxonomy":"product_tag","embeddable":true,"href":"https:\/\/kodukolle.ee\/en\/wp-json\/wp\/v2\/product_tag?post=23393"}],"curies":[{"name":"wp","href":"https:\/\/api.w.org\/{rel}","templated":true}]}}