{"id":24727,"date":"2021-04-27T13:28:10","date_gmt":"2021-04-27T10:28:10","guid":{"rendered":"https:\/\/kodukolle.ee\/?post_type=product&#038;p=24727"},"modified":"2023-11-22T16:13:02","modified_gmt":"2023-11-22T14:13:02","slug":"design-takka-rocal-mini-drop","status":"publish","type":"product","link":"https:\/\/kodukolle.ee\/fi\/tuote\/design-takka-rocal-mini-drop\/","title":{"rendered":"Design takka Rocal MINI DROP"},"content":{"rendered":"<p>Rocal Mini Drop design takan muotoilu her\u00e4tt\u00e4\u00e4 puhtaita tunteita. Sen pystysuorat linjat ja py\u00f6ristetyt muodot mukautuvat saumattomasti kotiisi tehden siit\u00e4 mink\u00e4 tahansa huoneen keskipisteen. Rocal Mini Drop -takka on enemm\u00e4n kuin pelkk\u00e4 toiminnallinen l\u00e4mmitysratkaisu, se on ilmeik\u00e4s yksityiskohta, joka korostaa kotisi tunnelmaa. Ainutlaatuisella pisaran muodollaan se vangitsee huomion ja lis\u00e4\u00e4 modernia tunnelmaa mihin tahansa tilaan. Rocal Mini Drop -designtakka her\u00e4tt\u00e4\u00e4 varmasti keskusteluja, olipa se sein\u00e4lle asennettu tai lattialle seisova lis\u00e4varuste. Silti sen vetovoima ulottuu pelk\u00e4n tyylin ulkopuolelle; siin\u00e4 on poikkeuksellinen hy\u00f6tysuhde ja vaikuttavat l\u00e4mmitysominaisuudet.<br \/>\n&nbsp;<\/p>\n","protected":false},"excerpt":{"rendered":"<p>Rocal Mini Drop design takan muotoilu her\u00e4tt\u00e4\u00e4 puhtaita tunteita. Sen pystysuorat linjat ja py\u00f6ristetyt muodot mukautuvat saumattomasti kotiisi tehden siit\u00e4 mink\u00e4 tahansa huoneen keskipisteen. Rocal Mini Drop -takka on enemm\u00e4n kuin pelkk\u00e4 toiminnallinen l\u00e4mmitysratkaisu, se on ilmeik\u00e4s yksityiskohta, joka korostaa kotisi tunnelmaa.<\/p>\n","protected":false},"featured_media":11018,"template":"","meta":{"_acf_changed":false},"product_brand":[],"product_cat":[1584],"product_tag":[],"class_list":{"0":"post-24727","1":"product","2":"type-product","3":"status-publish","4":"has-post-thumbnail","6":"brands-rocal-fi","7":"product_cat-design-takat","9":"first","10":"instock","11":"shipping-taxable","12":"purchasable","13":"product-type-simple"},"acf":[],"yoast_head":"<!-- This site is optimized with the Yoast SEO plugin v27.2 - https:\/\/yoast.com\/product\/yoast-seo-wordpress\/ -->\n<title>Design takka Rocal MINI DROP - Kodukolle<\/title>\n<meta name=\"description\" content=\"Rocal Mini Drop -takka on enemm\u00e4n kuin pelkk\u00e4 toiminnallinen l\u00e4mmitysratkaisu, se on ilmeik\u00e4s yksityiskohta, joka korostaa kotisi tunnelmaa.\" \/>\n<meta name=\"robots\" content=\"index, follow, max-snippet:-1, max-image-preview:large, max-video-preview:-1\" \/>\n<link rel=\"canonical\" href=\"https:\/\/kodukolle.ee\/fi\/tuote\/design-takka-rocal-mini-drop\/\" \/>\n<meta property=\"og:locale\" content=\"fi_FI\" \/>\n<meta property=\"og:type\" content=\"article\" \/>\n<meta property=\"og:title\" content=\"Design takka Rocal MINI DROP - Kodukolle\" \/>\n<meta property=\"og:description\" content=\"Rocal Mini Drop -takka on enemm\u00e4n kuin pelkk\u00e4 toiminnallinen l\u00e4mmitysratkaisu, se on ilmeik\u00e4s yksityiskohta, joka korostaa kotisi tunnelmaa.\" \/>\n<meta property=\"og:url\" content=\"https:\/\/kodukolle.ee\/fi\/tuote\/design-takka-rocal-mini-drop\/\" \/>\n<meta property=\"og:site_name\" content=\"Kodukolle\" \/>\n<meta property=\"article:modified_time\" content=\"2023-11-22T14:13:02+00:00\" \/>\n<meta property=\"og:image\" content=\"https:\/\/kodukolle.ee\/wp-content\/uploads\/2021\/04\/Mini-Drop-1024x672.jpg\" \/>\n\t<meta property=\"og:image:width\" content=\"1024\" \/>\n\t<meta property=\"og:image:height\" content=\"672\" \/>\n\t<meta property=\"og:image:type\" content=\"image\/jpeg\" \/>\n<meta name=\"twitter:card\" content=\"summary_large_image\" \/>\n<meta name=\"twitter:label1\" content=\"Est. reading time\" \/>\n\t<meta name=\"twitter:data1\" content=\"1 minuutti\" \/>\n<script type=\"application\/ld+json\" class=\"yoast-schema-graph\">{\"@context\":\"https:\/\/schema.org\",\"@graph\":[{\"@type\":\"WebPage\",\"@id\":\"https:\/\/kodukolle.ee\/fi\/tuote\/design-takka-rocal-mini-drop\/\",\"url\":\"https:\/\/kodukolle.ee\/fi\/tuote\/design-takka-rocal-mini-drop\/\",\"name\":\"Design takka Rocal MINI DROP - Kodukolle\",\"isPartOf\":{\"@id\":\"https:\/\/kodukolle.ee\/en\/#website\"},\"primaryImageOfPage\":{\"@id\":\"https:\/\/kodukolle.ee\/fi\/tuote\/design-takka-rocal-mini-drop\/#primaryimage\"},\"image\":{\"@id\":\"https:\/\/kodukolle.ee\/fi\/tuote\/design-takka-rocal-mini-drop\/#primaryimage\"},\"thumbnailUrl\":\"https:\/\/kodukolle.ee\/wp-content\/uploads\/2021\/04\/Mini-Drop.jpg\",\"datePublished\":\"2021-04-27T10:28:10+00:00\",\"dateModified\":\"2023-11-22T14:13:02+00:00\",\"description\":\"Rocal Mini Drop -takka on enemm\u00e4n kuin pelkk\u00e4 toiminnallinen l\u00e4mmitysratkaisu, se on ilmeik\u00e4s yksityiskohta, joka korostaa kotisi tunnelmaa.\",\"breadcrumb\":{\"@id\":\"https:\/\/kodukolle.ee\/fi\/tuote\/design-takka-rocal-mini-drop\/#breadcrumb\"},\"inLanguage\":\"fi\",\"potentialAction\":[{\"@type\":\"ReadAction\",\"target\":[\"https:\/\/kodukolle.ee\/fi\/tuote\/design-takka-rocal-mini-drop\/\"]}]},{\"@type\":\"ImageObject\",\"inLanguage\":\"fi\",\"@id\":\"https:\/\/kodukolle.ee\/fi\/tuote\/design-takka-rocal-mini-drop\/#primaryimage\",\"url\":\"https:\/\/kodukolle.ee\/wp-content\/uploads\/2021\/04\/Mini-Drop.jpg\",\"contentUrl\":\"https:\/\/kodukolle.ee\/wp-content\/uploads\/2021\/04\/Mini-Drop.jpg\",\"width\":2451,\"height\":1609},{\"@type\":\"BreadcrumbList\",\"@id\":\"https:\/\/kodukolle.ee\/fi\/tuote\/design-takka-rocal-mini-drop\/#breadcrumb\",\"itemListElement\":[{\"@type\":\"ListItem\",\"position\":1,\"name\":\"Home\",\"item\":\"https:\/\/kodukolle.ee\/fi\/\"},{\"@type\":\"ListItem\",\"position\":2,\"name\":\"Tuotteet\",\"item\":\"https:\/\/kodukolle.ee\/fi\/tuotteet\/\"},{\"@type\":\"ListItem\",\"position\":3,\"name\":\"Design takka Rocal MINI DROP\"}]},{\"@type\":\"WebSite\",\"@id\":\"https:\/\/kodukolle.ee\/en\/#website\",\"url\":\"https:\/\/kodukolle.ee\/en\/\",\"name\":\"Kodukolle\",\"description\":\"\",\"publisher\":{\"@id\":\"https:\/\/kodukolle.ee\/en\/#organization\"},\"potentialAction\":[{\"@type\":\"SearchAction\",\"target\":{\"@type\":\"EntryPoint\",\"urlTemplate\":\"https:\/\/kodukolle.ee\/en\/?s={search_term_string}\"},\"query-input\":{\"@type\":\"PropertyValueSpecification\",\"valueRequired\":true,\"valueName\":\"search_term_string\"}}],\"inLanguage\":\"fi\"},{\"@type\":\"Organization\",\"@id\":\"https:\/\/kodukolle.ee\/en\/#organization\",\"name\":\"Kodukolle\",\"url\":\"https:\/\/kodukolle.ee\/en\/\",\"logo\":{\"@type\":\"ImageObject\",\"inLanguage\":\"fi\",\"@id\":\"https:\/\/kodukolle.ee\/en\/#\/schema\/logo\/image\/\",\"url\":\"https:\/\/kodukolle.ee\/wp-content\/uploads\/2025\/06\/logo_must_gradient.svg\",\"contentUrl\":\"https:\/\/kodukolle.ee\/wp-content\/uploads\/2025\/06\/logo_must_gradient.svg\",\"caption\":\"Kodukolle\"},\"image\":{\"@id\":\"https:\/\/kodukolle.ee\/en\/#\/schema\/logo\/image\/\"}}]}<\/script>\n<!-- \/ Yoast SEO plugin. -->","yoast_head_json":{"title":"Design takka Rocal MINI DROP - Kodukolle","description":"Rocal Mini Drop -takka on enemm\u00e4n kuin pelkk\u00e4 toiminnallinen l\u00e4mmitysratkaisu, se on ilmeik\u00e4s yksityiskohta, joka korostaa kotisi tunnelmaa.","robots":{"index":"index","follow":"follow","max-snippet":"max-snippet:-1","max-image-preview":"max-image-preview:large","max-video-preview":"max-video-preview:-1"},"canonical":"https:\/\/kodukolle.ee\/fi\/tuote\/design-takka-rocal-mini-drop\/","og_locale":"fi_FI","og_type":"article","og_title":"Design takka Rocal MINI DROP - Kodukolle","og_description":"Rocal Mini Drop -takka on enemm\u00e4n kuin pelkk\u00e4 toiminnallinen l\u00e4mmitysratkaisu, se on ilmeik\u00e4s yksityiskohta, joka korostaa kotisi tunnelmaa.","og_url":"https:\/\/kodukolle.ee\/fi\/tuote\/design-takka-rocal-mini-drop\/","og_site_name":"Kodukolle","article_modified_time":"2023-11-22T14:13:02+00:00","og_image":[{"width":1024,"height":672,"url":"https:\/\/kodukolle.ee\/wp-content\/uploads\/2021\/04\/Mini-Drop-1024x672.jpg","type":"image\/jpeg"}],"twitter_card":"summary_large_image","twitter_misc":{"Est. reading time":"1 minuutti"},"schema":{"@context":"https:\/\/schema.org","@graph":[{"@type":"WebPage","@id":"https:\/\/kodukolle.ee\/fi\/tuote\/design-takka-rocal-mini-drop\/","url":"https:\/\/kodukolle.ee\/fi\/tuote\/design-takka-rocal-mini-drop\/","name":"Design takka Rocal MINI DROP - Kodukolle","isPartOf":{"@id":"https:\/\/kodukolle.ee\/en\/#website"},"primaryImageOfPage":{"@id":"https:\/\/kodukolle.ee\/fi\/tuote\/design-takka-rocal-mini-drop\/#primaryimage"},"image":{"@id":"https:\/\/kodukolle.ee\/fi\/tuote\/design-takka-rocal-mini-drop\/#primaryimage"},"thumbnailUrl":"https:\/\/kodukolle.ee\/wp-content\/uploads\/2021\/04\/Mini-Drop.jpg","datePublished":"2021-04-27T10:28:10+00:00","dateModified":"2023-11-22T14:13:02+00:00","description":"Rocal Mini Drop -takka on enemm\u00e4n kuin pelkk\u00e4 toiminnallinen l\u00e4mmitysratkaisu, se on ilmeik\u00e4s yksityiskohta, joka korostaa kotisi tunnelmaa.","breadcrumb":{"@id":"https:\/\/kodukolle.ee\/fi\/tuote\/design-takka-rocal-mini-drop\/#breadcrumb"},"inLanguage":"fi","potentialAction":[{"@type":"ReadAction","target":["https:\/\/kodukolle.ee\/fi\/tuote\/design-takka-rocal-mini-drop\/"]}]},{"@type":"ImageObject","inLanguage":"fi","@id":"https:\/\/kodukolle.ee\/fi\/tuote\/design-takka-rocal-mini-drop\/#primaryimage","url":"https:\/\/kodukolle.ee\/wp-content\/uploads\/2021\/04\/Mini-Drop.jpg","contentUrl":"https:\/\/kodukolle.ee\/wp-content\/uploads\/2021\/04\/Mini-Drop.jpg","width":2451,"height":1609},{"@type":"BreadcrumbList","@id":"https:\/\/kodukolle.ee\/fi\/tuote\/design-takka-rocal-mini-drop\/#breadcrumb","itemListElement":[{"@type":"ListItem","position":1,"name":"Home","item":"https:\/\/kodukolle.ee\/fi\/"},{"@type":"ListItem","position":2,"name":"Tuotteet","item":"https:\/\/kodukolle.ee\/fi\/tuotteet\/"},{"@type":"ListItem","position":3,"name":"Design takka Rocal MINI DROP"}]},{"@type":"WebSite","@id":"https:\/\/kodukolle.ee\/en\/#website","url":"https:\/\/kodukolle.ee\/en\/","name":"Kodukolle","description":"","publisher":{"@id":"https:\/\/kodukolle.ee\/en\/#organization"},"potentialAction":[{"@type":"SearchAction","target":{"@type":"EntryPoint","urlTemplate":"https:\/\/kodukolle.ee\/en\/?s={search_term_string}"},"query-input":{"@type":"PropertyValueSpecification","valueRequired":true,"valueName":"search_term_string"}}],"inLanguage":"fi"},{"@type":"Organization","@id":"https:\/\/kodukolle.ee\/en\/#organization","name":"Kodukolle","url":"https:\/\/kodukolle.ee\/en\/","logo":{"@type":"ImageObject","inLanguage":"fi","@id":"https:\/\/kodukolle.ee\/en\/#\/schema\/logo\/image\/","url":"https:\/\/kodukolle.ee\/wp-content\/uploads\/2025\/06\/logo_must_gradient.svg","contentUrl":"https:\/\/kodukolle.ee\/wp-content\/uploads\/2025\/06\/logo_must_gradient.svg","caption":"Kodukolle"},"image":{"@id":"https:\/\/kodukolle.ee\/en\/#\/schema\/logo\/image\/"}}]}},"_links":{"self":[{"href":"https:\/\/kodukolle.ee\/fi\/wp-json\/wp\/v2\/product\/24727","targetHints":{"allow":["GET"]}}],"collection":[{"href":"https:\/\/kodukolle.ee\/fi\/wp-json\/wp\/v2\/product"}],"about":[{"href":"https:\/\/kodukolle.ee\/fi\/wp-json\/wp\/v2\/types\/product"}],"wp:featuredmedia":[{"embeddable":true,"href":"https:\/\/kodukolle.ee\/fi\/wp-json\/wp\/v2\/media\/11018"}],"wp:attachment":[{"href":"https:\/\/kodukolle.ee\/fi\/wp-json\/wp\/v2\/media?parent=24727"}],"wp:term":[{"taxonomy":"product_brand","embeddable":true,"href":"https:\/\/kodukolle.ee\/fi\/wp-json\/wp\/v2\/product_brand?post=24727"},{"taxonomy":"product_cat","embeddable":true,"href":"https:\/\/kodukolle.ee\/fi\/wp-json\/wp\/v2\/product_cat?post=24727"},{"taxonomy":"product_tag","embeddable":true,"href":"https:\/\/kodukolle.ee\/fi\/wp-json\/wp\/v2\/product_tag?post=24727"}],"curies":[{"name":"wp","href":"https:\/\/api.w.org\/{rel}","templated":true}]}}