{"id":24765,"date":"2019-10-15T13:53:59","date_gmt":"2019-10-15T10:53:59","guid":{"rendered":"https:\/\/kodukolle.ee\/?post_type=product&#038;p=24765"},"modified":"2023-11-23T11:27:57","modified_gmt":"2023-11-23T09:27:57","slug":"takka-carbel-atenea","status":"publish","type":"product","link":"https:\/\/kodukolle.ee\/fi\/tuote\/takka-carbel-atenea\/","title":{"rendered":"Takka Carbel ATENEA"},"content":{"rendered":"<p>Moderni takka, Carbel Atenea, on erinomainen esimerkki tyylikk\u00e4\u00e4st\u00e4 muotoilusta, joka voi korostaa mit\u00e4 tahansa sisustusta. Sen tilava lasiovi tarjoaa upeat n\u00e4kym\u00e4t tuleen, ja prim\u00e4\u00e4ri- ja toisiopaineen tarkka ja yksinkertainen s\u00e4\u00e4t\u00f6 mahdollistaa t\u00e4ydellisen palamisen hallinnan. Takan sis\u00e4tilat on vuorattu tiheill\u00e4 vermikuliittilaatoilla.\n<\/ul>\n<p>&nbsp;<\/p>\n","protected":false},"excerpt":{"rendered":"<p>Moderni takka, Carbel Atenea, on erinomainen esimerkki tyylikk\u00e4\u00e4st\u00e4 muotoilusta, joka voi korostaa mit\u00e4 tahansa sisustusta. Sen tilava lasiovi tarjoaa upeat n\u00e4kym\u00e4t tuleen, ja prim\u00e4\u00e4ri- ja toisiopaineen tarkka ja yksinkertainen s\u00e4\u00e4t\u00f6 mahdollistaa t\u00e4ydellisen palamisen hallinnan. Takan sis\u00e4tilat on vuorattu tiheill\u00e4 vermikuliittilaatoilla.<\/p>\n","protected":false},"featured_media":24755,"template":"","meta":{"_acf_changed":false},"product_brand":[],"product_cat":[9620],"product_tag":[],"class_list":{"0":"post-24765","1":"product","2":"type-product","3":"status-publish","4":"has-post-thumbnail","6":"brands-carbel-fi","7":"product_cat-takat","9":"first","10":"instock","11":"shipping-taxable","12":"purchasable","13":"product-type-simple"},"acf":[],"yoast_head":"<!-- This site is optimized with the Yoast SEO plugin v27.2 - https:\/\/yoast.com\/product\/yoast-seo-wordpress\/ -->\n<title>Takka Carbel ATENEA - Kodukolle<\/title>\n<meta name=\"description\" content=\"Moderni takka, Carbel Atenea, on erinomainen esimerkki tyylikk\u00e4\u00e4st\u00e4 muotoilusta, joka voi korostaa mit\u00e4 tahansa sisustusta.\" \/>\n<meta name=\"robots\" content=\"index, follow, max-snippet:-1, max-image-preview:large, max-video-preview:-1\" \/>\n<link rel=\"canonical\" href=\"https:\/\/kodukolle.ee\/fi\/tuote\/takka-carbel-atenea\/\" \/>\n<meta property=\"og:locale\" content=\"fi_FI\" \/>\n<meta property=\"og:type\" content=\"article\" \/>\n<meta property=\"og:title\" content=\"Takka Carbel ATENEA - Kodukolle\" \/>\n<meta property=\"og:description\" content=\"Moderni takka, Carbel Atenea, on erinomainen esimerkki tyylikk\u00e4\u00e4st\u00e4 muotoilusta, joka voi korostaa mit\u00e4 tahansa sisustusta.\" \/>\n<meta property=\"og:url\" content=\"https:\/\/kodukolle.ee\/fi\/tuote\/takka-carbel-atenea\/\" \/>\n<meta property=\"og:site_name\" content=\"Kodukolle\" \/>\n<meta property=\"article:modified_time\" content=\"2023-11-23T09:27:57+00:00\" \/>\n<meta property=\"og:image\" content=\"https:\/\/kodukolle.ee\/wp-content\/uploads\/2019\/10\/Carbel-ATENEA-2.jpg\" \/>\n\t<meta property=\"og:image:width\" content=\"1613\" \/>\n\t<meta property=\"og:image:height\" content=\"1613\" \/>\n\t<meta property=\"og:image:type\" content=\"image\/jpeg\" \/>\n<meta name=\"twitter:card\" content=\"summary_large_image\" \/>\n<script type=\"application\/ld+json\" class=\"yoast-schema-graph\">{\"@context\":\"https:\/\/schema.org\",\"@graph\":[{\"@type\":\"WebPage\",\"@id\":\"https:\/\/kodukolle.ee\/fi\/tuote\/takka-carbel-atenea\/\",\"url\":\"https:\/\/kodukolle.ee\/fi\/tuote\/takka-carbel-atenea\/\",\"name\":\"Takka Carbel ATENEA - Kodukolle\",\"isPartOf\":{\"@id\":\"https:\/\/kodukolle.ee\/en\/#website\"},\"primaryImageOfPage\":{\"@id\":\"https:\/\/kodukolle.ee\/fi\/tuote\/takka-carbel-atenea\/#primaryimage\"},\"image\":{\"@id\":\"https:\/\/kodukolle.ee\/fi\/tuote\/takka-carbel-atenea\/#primaryimage\"},\"thumbnailUrl\":\"https:\/\/kodukolle.ee\/wp-content\/uploads\/2019\/10\/Carbel-ATENEA-2.jpg\",\"datePublished\":\"2019-10-15T10:53:59+00:00\",\"dateModified\":\"2023-11-23T09:27:57+00:00\",\"description\":\"Moderni takka, Carbel Atenea, on erinomainen esimerkki tyylikk\u00e4\u00e4st\u00e4 muotoilusta, joka voi korostaa mit\u00e4 tahansa sisustusta.\",\"breadcrumb\":{\"@id\":\"https:\/\/kodukolle.ee\/fi\/tuote\/takka-carbel-atenea\/#breadcrumb\"},\"inLanguage\":\"fi\",\"potentialAction\":[{\"@type\":\"ReadAction\",\"target\":[\"https:\/\/kodukolle.ee\/fi\/tuote\/takka-carbel-atenea\/\"]}]},{\"@type\":\"ImageObject\",\"inLanguage\":\"fi\",\"@id\":\"https:\/\/kodukolle.ee\/fi\/tuote\/takka-carbel-atenea\/#primaryimage\",\"url\":\"https:\/\/kodukolle.ee\/wp-content\/uploads\/2019\/10\/Carbel-ATENEA-2.jpg\",\"contentUrl\":\"https:\/\/kodukolle.ee\/wp-content\/uploads\/2019\/10\/Carbel-ATENEA-2.jpg\",\"width\":1613,\"height\":1613,\"caption\":\"Carbel ATENEA\"},{\"@type\":\"BreadcrumbList\",\"@id\":\"https:\/\/kodukolle.ee\/fi\/tuote\/takka-carbel-atenea\/#breadcrumb\",\"itemListElement\":[{\"@type\":\"ListItem\",\"position\":1,\"name\":\"Home\",\"item\":\"https:\/\/kodukolle.ee\/fi\/\"},{\"@type\":\"ListItem\",\"position\":2,\"name\":\"Tuotteet\",\"item\":\"https:\/\/kodukolle.ee\/fi\/tuotteet\/\"},{\"@type\":\"ListItem\",\"position\":3,\"name\":\"Takka Carbel ATENEA\"}]},{\"@type\":\"WebSite\",\"@id\":\"https:\/\/kodukolle.ee\/en\/#website\",\"url\":\"https:\/\/kodukolle.ee\/en\/\",\"name\":\"Kodukolle\",\"description\":\"\",\"publisher\":{\"@id\":\"https:\/\/kodukolle.ee\/en\/#organization\"},\"potentialAction\":[{\"@type\":\"SearchAction\",\"target\":{\"@type\":\"EntryPoint\",\"urlTemplate\":\"https:\/\/kodukolle.ee\/en\/?s={search_term_string}\"},\"query-input\":{\"@type\":\"PropertyValueSpecification\",\"valueRequired\":true,\"valueName\":\"search_term_string\"}}],\"inLanguage\":\"fi\"},{\"@type\":\"Organization\",\"@id\":\"https:\/\/kodukolle.ee\/en\/#organization\",\"name\":\"Kodukolle\",\"url\":\"https:\/\/kodukolle.ee\/en\/\",\"logo\":{\"@type\":\"ImageObject\",\"inLanguage\":\"fi\",\"@id\":\"https:\/\/kodukolle.ee\/en\/#\/schema\/logo\/image\/\",\"url\":\"https:\/\/kodukolle.ee\/wp-content\/uploads\/2025\/06\/logo_must_gradient.svg\",\"contentUrl\":\"https:\/\/kodukolle.ee\/wp-content\/uploads\/2025\/06\/logo_must_gradient.svg\",\"caption\":\"Kodukolle\"},\"image\":{\"@id\":\"https:\/\/kodukolle.ee\/en\/#\/schema\/logo\/image\/\"}}]}<\/script>\n<!-- \/ Yoast SEO plugin. -->","yoast_head_json":{"title":"Takka Carbel ATENEA - Kodukolle","description":"Moderni takka, Carbel Atenea, on erinomainen esimerkki tyylikk\u00e4\u00e4st\u00e4 muotoilusta, joka voi korostaa mit\u00e4 tahansa sisustusta.","robots":{"index":"index","follow":"follow","max-snippet":"max-snippet:-1","max-image-preview":"max-image-preview:large","max-video-preview":"max-video-preview:-1"},"canonical":"https:\/\/kodukolle.ee\/fi\/tuote\/takka-carbel-atenea\/","og_locale":"fi_FI","og_type":"article","og_title":"Takka Carbel ATENEA - Kodukolle","og_description":"Moderni takka, Carbel Atenea, on erinomainen esimerkki tyylikk\u00e4\u00e4st\u00e4 muotoilusta, joka voi korostaa mit\u00e4 tahansa sisustusta.","og_url":"https:\/\/kodukolle.ee\/fi\/tuote\/takka-carbel-atenea\/","og_site_name":"Kodukolle","article_modified_time":"2023-11-23T09:27:57+00:00","og_image":[{"width":1613,"height":1613,"url":"https:\/\/kodukolle.ee\/wp-content\/uploads\/2019\/10\/Carbel-ATENEA-2.jpg","type":"image\/jpeg"}],"twitter_card":"summary_large_image","schema":{"@context":"https:\/\/schema.org","@graph":[{"@type":"WebPage","@id":"https:\/\/kodukolle.ee\/fi\/tuote\/takka-carbel-atenea\/","url":"https:\/\/kodukolle.ee\/fi\/tuote\/takka-carbel-atenea\/","name":"Takka Carbel ATENEA - Kodukolle","isPartOf":{"@id":"https:\/\/kodukolle.ee\/en\/#website"},"primaryImageOfPage":{"@id":"https:\/\/kodukolle.ee\/fi\/tuote\/takka-carbel-atenea\/#primaryimage"},"image":{"@id":"https:\/\/kodukolle.ee\/fi\/tuote\/takka-carbel-atenea\/#primaryimage"},"thumbnailUrl":"https:\/\/kodukolle.ee\/wp-content\/uploads\/2019\/10\/Carbel-ATENEA-2.jpg","datePublished":"2019-10-15T10:53:59+00:00","dateModified":"2023-11-23T09:27:57+00:00","description":"Moderni takka, Carbel Atenea, on erinomainen esimerkki tyylikk\u00e4\u00e4st\u00e4 muotoilusta, joka voi korostaa mit\u00e4 tahansa sisustusta.","breadcrumb":{"@id":"https:\/\/kodukolle.ee\/fi\/tuote\/takka-carbel-atenea\/#breadcrumb"},"inLanguage":"fi","potentialAction":[{"@type":"ReadAction","target":["https:\/\/kodukolle.ee\/fi\/tuote\/takka-carbel-atenea\/"]}]},{"@type":"ImageObject","inLanguage":"fi","@id":"https:\/\/kodukolle.ee\/fi\/tuote\/takka-carbel-atenea\/#primaryimage","url":"https:\/\/kodukolle.ee\/wp-content\/uploads\/2019\/10\/Carbel-ATENEA-2.jpg","contentUrl":"https:\/\/kodukolle.ee\/wp-content\/uploads\/2019\/10\/Carbel-ATENEA-2.jpg","width":1613,"height":1613,"caption":"Carbel ATENEA"},{"@type":"BreadcrumbList","@id":"https:\/\/kodukolle.ee\/fi\/tuote\/takka-carbel-atenea\/#breadcrumb","itemListElement":[{"@type":"ListItem","position":1,"name":"Home","item":"https:\/\/kodukolle.ee\/fi\/"},{"@type":"ListItem","position":2,"name":"Tuotteet","item":"https:\/\/kodukolle.ee\/fi\/tuotteet\/"},{"@type":"ListItem","position":3,"name":"Takka Carbel ATENEA"}]},{"@type":"WebSite","@id":"https:\/\/kodukolle.ee\/en\/#website","url":"https:\/\/kodukolle.ee\/en\/","name":"Kodukolle","description":"","publisher":{"@id":"https:\/\/kodukolle.ee\/en\/#organization"},"potentialAction":[{"@type":"SearchAction","target":{"@type":"EntryPoint","urlTemplate":"https:\/\/kodukolle.ee\/en\/?s={search_term_string}"},"query-input":{"@type":"PropertyValueSpecification","valueRequired":true,"valueName":"search_term_string"}}],"inLanguage":"fi"},{"@type":"Organization","@id":"https:\/\/kodukolle.ee\/en\/#organization","name":"Kodukolle","url":"https:\/\/kodukolle.ee\/en\/","logo":{"@type":"ImageObject","inLanguage":"fi","@id":"https:\/\/kodukolle.ee\/en\/#\/schema\/logo\/image\/","url":"https:\/\/kodukolle.ee\/wp-content\/uploads\/2025\/06\/logo_must_gradient.svg","contentUrl":"https:\/\/kodukolle.ee\/wp-content\/uploads\/2025\/06\/logo_must_gradient.svg","caption":"Kodukolle"},"image":{"@id":"https:\/\/kodukolle.ee\/en\/#\/schema\/logo\/image\/"}}]}},"_links":{"self":[{"href":"https:\/\/kodukolle.ee\/fi\/wp-json\/wp\/v2\/product\/24765","targetHints":{"allow":["GET"]}}],"collection":[{"href":"https:\/\/kodukolle.ee\/fi\/wp-json\/wp\/v2\/product"}],"about":[{"href":"https:\/\/kodukolle.ee\/fi\/wp-json\/wp\/v2\/types\/product"}],"wp:featuredmedia":[{"embeddable":true,"href":"https:\/\/kodukolle.ee\/fi\/wp-json\/wp\/v2\/media\/24755"}],"wp:attachment":[{"href":"https:\/\/kodukolle.ee\/fi\/wp-json\/wp\/v2\/media?parent=24765"}],"wp:term":[{"taxonomy":"product_brand","embeddable":true,"href":"https:\/\/kodukolle.ee\/fi\/wp-json\/wp\/v2\/product_brand?post=24765"},{"taxonomy":"product_cat","embeddable":true,"href":"https:\/\/kodukolle.ee\/fi\/wp-json\/wp\/v2\/product_cat?post=24765"},{"taxonomy":"product_tag","embeddable":true,"href":"https:\/\/kodukolle.ee\/fi\/wp-json\/wp\/v2\/product_tag?post=24765"}],"curies":[{"name":"wp","href":"https:\/\/api.w.org\/{rel}","templated":true}]}}