{"id":24824,"date":"2019-10-15T13:54:00","date_gmt":"2019-10-15T10:54:00","guid":{"rendered":"https:\/\/kodukolle.ee\/?post_type=product&#038;p=24824"},"modified":"2023-11-30T09:52:29","modified_gmt":"2023-11-30T07:52:29","slug":"takka-carbel-maia-wall","status":"publish","type":"product","link":"https:\/\/kodukolle.ee\/fi\/tuote\/takka-carbel-maia-wall\/","title":{"rendered":"Takka Carbel MAIA WALL"},"content":{"rendered":"<p>Tyylik\u00e4s Carbel Maia Wall -takka on erinomainen esimerkki houkuttelevasta designista, joka t\u00e4ydent\u00e4\u00e4 erilaisia sisustuksia. Lasiovesta avautuu kiehtova n\u00e4kym\u00e4 tulelle. Prim\u00e4\u00e4ri- ja toisiopaineen tarkka ja suoraviivainen s\u00e4\u00e4t\u00f6 mahdollistaa t\u00e4ydellisen palamisen hallinnan. Tulisijan sis\u00e4puoli on vuorattu tiheill\u00e4 vermikuliittilaatoilla. Jalat saatavilla lis\u00e4varusteena.\n<\/ul>\n<p>&nbsp;<\/p>\n","protected":false},"excerpt":{"rendered":"<p>Tyylik\u00e4s Carbel Maia Wall -takka on erinomainen esimerkki houkuttelevasta designista, joka t\u00e4ydent\u00e4\u00e4 erilaisia sisustuksia. Lasiovesta avautuu kiehtova n\u00e4kym\u00e4 tulelle. Prim\u00e4\u00e4ri- ja toisiopaineen tarkka ja suoraviivainen s\u00e4\u00e4t\u00f6 mahdollistaa t\u00e4ydellisen palamisen hallinnan. Tulisijan sis\u00e4puoli on vuorattu tiheill\u00e4 vermikuliittilaatoilla. Jalat saatavilla lis\u00e4varusteena.<\/p>\n","protected":false},"featured_media":24805,"template":"","meta":{"_acf_changed":false},"product_brand":[],"product_cat":[9620,9723],"product_tag":[],"class_list":{"0":"post-24824","1":"product","2":"type-product","3":"status-publish","4":"has-post-thumbnail","6":"brands-carbel-fi","7":"product_cat-takat","8":"product_cat-ale","10":"first","11":"instock","12":"sale","13":"shipping-taxable","14":"purchasable","15":"product-type-simple"},"acf":[],"yoast_head":"<!-- This site is optimized with the Yoast SEO plugin v27.2 - https:\/\/yoast.com\/product\/yoast-seo-wordpress\/ -->\n<title>Takka Carbel MAIA WALL - Kodukolle<\/title>\n<meta name=\"description\" content=\"Tyylik\u00e4s Carbel Maia Wall -takka on erinomainen esimerkki houkuttelevasta designista, joka t\u00e4ydent\u00e4\u00e4 erilaisia sisustuksia.\" \/>\n<meta name=\"robots\" content=\"index, follow, max-snippet:-1, max-image-preview:large, max-video-preview:-1\" \/>\n<link rel=\"canonical\" href=\"https:\/\/kodukolle.ee\/fi\/tuote\/takka-carbel-maia-wall\/\" \/>\n<meta property=\"og:locale\" content=\"fi_FI\" \/>\n<meta property=\"og:type\" content=\"article\" \/>\n<meta property=\"og:title\" content=\"Takka Carbel MAIA WALL - Kodukolle\" \/>\n<meta property=\"og:description\" content=\"Tyylik\u00e4s Carbel Maia Wall -takka on erinomainen esimerkki houkuttelevasta designista, joka t\u00e4ydent\u00e4\u00e4 erilaisia sisustuksia.\" \/>\n<meta property=\"og:url\" content=\"https:\/\/kodukolle.ee\/fi\/tuote\/takka-carbel-maia-wall\/\" \/>\n<meta property=\"og:site_name\" content=\"Kodukolle\" \/>\n<meta property=\"article:modified_time\" content=\"2023-11-30T07:52:29+00:00\" \/>\n<meta property=\"og:image\" content=\"https:\/\/kodukolle.ee\/wp-content\/uploads\/2019\/10\/Carbel-Maia-Wall-1.jpg\" \/>\n\t<meta property=\"og:image:width\" content=\"1800\" \/>\n\t<meta property=\"og:image:height\" content=\"1800\" \/>\n\t<meta property=\"og:image:type\" content=\"image\/jpeg\" \/>\n<meta name=\"twitter:card\" content=\"summary_large_image\" \/>\n<meta name=\"twitter:label1\" content=\"Est. reading time\" \/>\n\t<meta name=\"twitter:data1\" content=\"1 minuutti\" \/>\n<script type=\"application\/ld+json\" class=\"yoast-schema-graph\">{\"@context\":\"https:\/\/schema.org\",\"@graph\":[{\"@type\":\"WebPage\",\"@id\":\"https:\/\/kodukolle.ee\/fi\/tuote\/takka-carbel-maia-wall\/\",\"url\":\"https:\/\/kodukolle.ee\/fi\/tuote\/takka-carbel-maia-wall\/\",\"name\":\"Takka Carbel MAIA WALL - Kodukolle\",\"isPartOf\":{\"@id\":\"https:\/\/kodukolle.ee\/en\/#website\"},\"primaryImageOfPage\":{\"@id\":\"https:\/\/kodukolle.ee\/fi\/tuote\/takka-carbel-maia-wall\/#primaryimage\"},\"image\":{\"@id\":\"https:\/\/kodukolle.ee\/fi\/tuote\/takka-carbel-maia-wall\/#primaryimage\"},\"thumbnailUrl\":\"https:\/\/kodukolle.ee\/wp-content\/uploads\/2019\/10\/Carbel-Maia-Wall-1.jpg\",\"datePublished\":\"2019-10-15T10:54:00+00:00\",\"dateModified\":\"2023-11-30T07:52:29+00:00\",\"description\":\"Tyylik\u00e4s Carbel Maia Wall -takka on erinomainen esimerkki houkuttelevasta designista, joka t\u00e4ydent\u00e4\u00e4 erilaisia sisustuksia.\",\"breadcrumb\":{\"@id\":\"https:\/\/kodukolle.ee\/fi\/tuote\/takka-carbel-maia-wall\/#breadcrumb\"},\"inLanguage\":\"fi\",\"potentialAction\":[{\"@type\":\"ReadAction\",\"target\":[\"https:\/\/kodukolle.ee\/fi\/tuote\/takka-carbel-maia-wall\/\"]}]},{\"@type\":\"ImageObject\",\"inLanguage\":\"fi\",\"@id\":\"https:\/\/kodukolle.ee\/fi\/tuote\/takka-carbel-maia-wall\/#primaryimage\",\"url\":\"https:\/\/kodukolle.ee\/wp-content\/uploads\/2019\/10\/Carbel-Maia-Wall-1.jpg\",\"contentUrl\":\"https:\/\/kodukolle.ee\/wp-content\/uploads\/2019\/10\/Carbel-Maia-Wall-1.jpg\",\"width\":1800,\"height\":1800,\"caption\":\"Carbel Maia Wall\"},{\"@type\":\"BreadcrumbList\",\"@id\":\"https:\/\/kodukolle.ee\/fi\/tuote\/takka-carbel-maia-wall\/#breadcrumb\",\"itemListElement\":[{\"@type\":\"ListItem\",\"position\":1,\"name\":\"Home\",\"item\":\"https:\/\/kodukolle.ee\/fi\/\"},{\"@type\":\"ListItem\",\"position\":2,\"name\":\"Tuotteet\",\"item\":\"https:\/\/kodukolle.ee\/fi\/tuotteet\/\"},{\"@type\":\"ListItem\",\"position\":3,\"name\":\"Takka Carbel MAIA WALL\"}]},{\"@type\":\"WebSite\",\"@id\":\"https:\/\/kodukolle.ee\/en\/#website\",\"url\":\"https:\/\/kodukolle.ee\/en\/\",\"name\":\"Kodukolle\",\"description\":\"\",\"publisher\":{\"@id\":\"https:\/\/kodukolle.ee\/en\/#organization\"},\"potentialAction\":[{\"@type\":\"SearchAction\",\"target\":{\"@type\":\"EntryPoint\",\"urlTemplate\":\"https:\/\/kodukolle.ee\/en\/?s={search_term_string}\"},\"query-input\":{\"@type\":\"PropertyValueSpecification\",\"valueRequired\":true,\"valueName\":\"search_term_string\"}}],\"inLanguage\":\"fi\"},{\"@type\":\"Organization\",\"@id\":\"https:\/\/kodukolle.ee\/en\/#organization\",\"name\":\"Kodukolle\",\"url\":\"https:\/\/kodukolle.ee\/en\/\",\"logo\":{\"@type\":\"ImageObject\",\"inLanguage\":\"fi\",\"@id\":\"https:\/\/kodukolle.ee\/en\/#\/schema\/logo\/image\/\",\"url\":\"https:\/\/kodukolle.ee\/wp-content\/uploads\/2025\/06\/logo_must_gradient.svg\",\"contentUrl\":\"https:\/\/kodukolle.ee\/wp-content\/uploads\/2025\/06\/logo_must_gradient.svg\",\"caption\":\"Kodukolle\"},\"image\":{\"@id\":\"https:\/\/kodukolle.ee\/en\/#\/schema\/logo\/image\/\"}}]}<\/script>\n<!-- \/ Yoast SEO plugin. -->","yoast_head_json":{"title":"Takka Carbel MAIA WALL - Kodukolle","description":"Tyylik\u00e4s Carbel Maia Wall -takka on erinomainen esimerkki houkuttelevasta designista, joka t\u00e4ydent\u00e4\u00e4 erilaisia sisustuksia.","robots":{"index":"index","follow":"follow","max-snippet":"max-snippet:-1","max-image-preview":"max-image-preview:large","max-video-preview":"max-video-preview:-1"},"canonical":"https:\/\/kodukolle.ee\/fi\/tuote\/takka-carbel-maia-wall\/","og_locale":"fi_FI","og_type":"article","og_title":"Takka Carbel MAIA WALL - Kodukolle","og_description":"Tyylik\u00e4s Carbel Maia Wall -takka on erinomainen esimerkki houkuttelevasta designista, joka t\u00e4ydent\u00e4\u00e4 erilaisia sisustuksia.","og_url":"https:\/\/kodukolle.ee\/fi\/tuote\/takka-carbel-maia-wall\/","og_site_name":"Kodukolle","article_modified_time":"2023-11-30T07:52:29+00:00","og_image":[{"width":1800,"height":1800,"url":"https:\/\/kodukolle.ee\/wp-content\/uploads\/2019\/10\/Carbel-Maia-Wall-1.jpg","type":"image\/jpeg"}],"twitter_card":"summary_large_image","twitter_misc":{"Est. reading time":"1 minuutti"},"schema":{"@context":"https:\/\/schema.org","@graph":[{"@type":"WebPage","@id":"https:\/\/kodukolle.ee\/fi\/tuote\/takka-carbel-maia-wall\/","url":"https:\/\/kodukolle.ee\/fi\/tuote\/takka-carbel-maia-wall\/","name":"Takka Carbel MAIA WALL - Kodukolle","isPartOf":{"@id":"https:\/\/kodukolle.ee\/en\/#website"},"primaryImageOfPage":{"@id":"https:\/\/kodukolle.ee\/fi\/tuote\/takka-carbel-maia-wall\/#primaryimage"},"image":{"@id":"https:\/\/kodukolle.ee\/fi\/tuote\/takka-carbel-maia-wall\/#primaryimage"},"thumbnailUrl":"https:\/\/kodukolle.ee\/wp-content\/uploads\/2019\/10\/Carbel-Maia-Wall-1.jpg","datePublished":"2019-10-15T10:54:00+00:00","dateModified":"2023-11-30T07:52:29+00:00","description":"Tyylik\u00e4s Carbel Maia Wall -takka on erinomainen esimerkki houkuttelevasta designista, joka t\u00e4ydent\u00e4\u00e4 erilaisia sisustuksia.","breadcrumb":{"@id":"https:\/\/kodukolle.ee\/fi\/tuote\/takka-carbel-maia-wall\/#breadcrumb"},"inLanguage":"fi","potentialAction":[{"@type":"ReadAction","target":["https:\/\/kodukolle.ee\/fi\/tuote\/takka-carbel-maia-wall\/"]}]},{"@type":"ImageObject","inLanguage":"fi","@id":"https:\/\/kodukolle.ee\/fi\/tuote\/takka-carbel-maia-wall\/#primaryimage","url":"https:\/\/kodukolle.ee\/wp-content\/uploads\/2019\/10\/Carbel-Maia-Wall-1.jpg","contentUrl":"https:\/\/kodukolle.ee\/wp-content\/uploads\/2019\/10\/Carbel-Maia-Wall-1.jpg","width":1800,"height":1800,"caption":"Carbel Maia Wall"},{"@type":"BreadcrumbList","@id":"https:\/\/kodukolle.ee\/fi\/tuote\/takka-carbel-maia-wall\/#breadcrumb","itemListElement":[{"@type":"ListItem","position":1,"name":"Home","item":"https:\/\/kodukolle.ee\/fi\/"},{"@type":"ListItem","position":2,"name":"Tuotteet","item":"https:\/\/kodukolle.ee\/fi\/tuotteet\/"},{"@type":"ListItem","position":3,"name":"Takka Carbel MAIA WALL"}]},{"@type":"WebSite","@id":"https:\/\/kodukolle.ee\/en\/#website","url":"https:\/\/kodukolle.ee\/en\/","name":"Kodukolle","description":"","publisher":{"@id":"https:\/\/kodukolle.ee\/en\/#organization"},"potentialAction":[{"@type":"SearchAction","target":{"@type":"EntryPoint","urlTemplate":"https:\/\/kodukolle.ee\/en\/?s={search_term_string}"},"query-input":{"@type":"PropertyValueSpecification","valueRequired":true,"valueName":"search_term_string"}}],"inLanguage":"fi"},{"@type":"Organization","@id":"https:\/\/kodukolle.ee\/en\/#organization","name":"Kodukolle","url":"https:\/\/kodukolle.ee\/en\/","logo":{"@type":"ImageObject","inLanguage":"fi","@id":"https:\/\/kodukolle.ee\/en\/#\/schema\/logo\/image\/","url":"https:\/\/kodukolle.ee\/wp-content\/uploads\/2025\/06\/logo_must_gradient.svg","contentUrl":"https:\/\/kodukolle.ee\/wp-content\/uploads\/2025\/06\/logo_must_gradient.svg","caption":"Kodukolle"},"image":{"@id":"https:\/\/kodukolle.ee\/en\/#\/schema\/logo\/image\/"}}]}},"_links":{"self":[{"href":"https:\/\/kodukolle.ee\/fi\/wp-json\/wp\/v2\/product\/24824","targetHints":{"allow":["GET"]}}],"collection":[{"href":"https:\/\/kodukolle.ee\/fi\/wp-json\/wp\/v2\/product"}],"about":[{"href":"https:\/\/kodukolle.ee\/fi\/wp-json\/wp\/v2\/types\/product"}],"wp:featuredmedia":[{"embeddable":true,"href":"https:\/\/kodukolle.ee\/fi\/wp-json\/wp\/v2\/media\/24805"}],"wp:attachment":[{"href":"https:\/\/kodukolle.ee\/fi\/wp-json\/wp\/v2\/media?parent=24824"}],"wp:term":[{"taxonomy":"product_brand","embeddable":true,"href":"https:\/\/kodukolle.ee\/fi\/wp-json\/wp\/v2\/product_brand?post=24824"},{"taxonomy":"product_cat","embeddable":true,"href":"https:\/\/kodukolle.ee\/fi\/wp-json\/wp\/v2\/product_cat?post=24824"},{"taxonomy":"product_tag","embeddable":true,"href":"https:\/\/kodukolle.ee\/fi\/wp-json\/wp\/v2\/product_tag?post=24824"}],"curies":[{"name":"wp","href":"https:\/\/api.w.org\/{rel}","templated":true}]}}