{"id":24908,"date":"2019-10-15T13:54:00","date_gmt":"2019-10-15T10:54:00","guid":{"rendered":"https:\/\/kodukolle.ee\/?post_type=product&#038;p=24908"},"modified":"2024-03-14T10:50:18","modified_gmt":"2024-03-14T08:50:18","slug":"takka-carbel-atlas-paistouunilla","status":"publish","type":"product","link":"https:\/\/kodukolle.ee\/fi\/tuote\/takka-carbel-atlas-paistouunilla\/","title":{"rendered":"Takka Carbel ATLAS paistouunilla"},"content":{"rendered":"<p>Carbel Atlas -takka, jossa on paistonuuni, ei vain l\u00e4mmit\u00e4 kotiasi, vaan my\u00f6s her\u00e4tt\u00e4\u00e4 ruoanlaiton taikuuden avoliekill\u00e4. Se mahdollistaa merkitt\u00e4vi\u00e4 s\u00e4\u00e4st\u00f6j\u00e4 kaasun ja s\u00e4hk\u00f6n kulutuksessa, koska se kattaa sek\u00e4 l\u00e4mmitys- ett\u00e4 ruoanlaittotarpeet yhdell\u00e4 puunpolttoprosessilla. Ter\u00e4ksell\u00e4 ja l\u00e4mp\u00f6materiaalilla vuorattu tilava polttokammio parantaa suorituskyky\u00e4 ja energiatehokkuutta. Voit hallita palamista maksimaalisesti, sill\u00e4 voit s\u00e4\u00e4t\u00e4\u00e4 ensi\u00f6- ja toisiopainetta yhdell\u00e4 vivusta. Ruostumattomasta ter\u00e4ksest\u00e4 valmistetussa uunissa on tulenkest\u00e4v\u00e4 pohja ja l\u00e4mp\u00f6mittari, mik\u00e4 mahdollistaa tarkan l\u00e4mp\u00f6tilan s\u00e4\u00e4telyn ruoanlaitossa. Tulenkest\u00e4v\u00e4 sis\u00e4vuori on irrotettava puhdistuksen helpottamiseksi, ja mukana tulee uunipelti. Lis\u00e4ksi on valinnainen tuuletussarja ja kulmaversion yl\u00e4levyt. Takan minimalistinen ja esteettinen muotoilu sulautuu saumattomasti mihin tahansa sisustukseen.\n<\/ul>\n<p>&nbsp;<\/p>\n","protected":false},"excerpt":{"rendered":"<p>Carbel Atlas -takka, jossa on paistonuuni, ei vain l\u00e4mmit\u00e4 kotiasi, vaan my\u00f6s her\u00e4tt\u00e4\u00e4 ruoanlaiton taikuuden avoliekill\u00e4. Se mahdollistaa merkitt\u00e4vi\u00e4 s\u00e4\u00e4st\u00f6j\u00e4 kaasun ja s\u00e4hk\u00f6n kulutuksessa, koska se kattaa sek\u00e4 l\u00e4mmitys- ett\u00e4 ruoanlaittotarpeet yhdell\u00e4 puunpolttoprosessilla. Ter\u00e4ksell\u00e4 ja l\u00e4mp\u00f6materiaalilla vuorattu tilava polttokammio parantaa suorituskyky\u00e4 ja energiatehokkuutta. Voit hallita palamista maksimaalisesti, sill\u00e4 voit s\u00e4\u00e4t\u00e4\u00e4 ensi\u00f6- ja toisiopainetta yhdell\u00e4 vivusta. <\/p>\n","protected":false},"featured_media":24877,"template":"","meta":{"_acf_changed":false},"product_brand":[],"product_cat":[9620],"product_tag":[],"class_list":{"0":"post-24908","1":"product","2":"type-product","3":"status-publish","4":"has-post-thumbnail","6":"brands-carbel-fi","7":"product_cat-takat","9":"first","10":"instock","11":"shipping-taxable","12":"purchasable","13":"product-type-simple"},"acf":[],"yoast_head":"<!-- This site is optimized with the Yoast SEO plugin v27.2 - https:\/\/yoast.com\/product\/yoast-seo-wordpress\/ -->\n<title>Takka Carbel ATLAS paistouunilla - Kodukolle<\/title>\n<meta name=\"description\" content=\"Carbel Atlas -takka, jossa on paistouuni, ei vain l\u00e4mmit\u00e4 kotiasi, vaan my\u00f6s her\u00e4tt\u00e4\u00e4 ruoanlaiton taikuuden avoliekill\u00e4.\" \/>\n<meta name=\"robots\" content=\"index, follow, max-snippet:-1, max-image-preview:large, max-video-preview:-1\" \/>\n<link rel=\"canonical\" href=\"https:\/\/kodukolle.ee\/fi\/tuote\/takka-carbel-atlas-paistouunilla\/\" \/>\n<meta property=\"og:locale\" content=\"fi_FI\" \/>\n<meta property=\"og:type\" content=\"article\" \/>\n<meta property=\"og:title\" content=\"Takka Carbel ATLAS paistouunilla - Kodukolle\" \/>\n<meta property=\"og:description\" content=\"Carbel Atlas -takka, jossa on paistouuni, ei vain l\u00e4mmit\u00e4 kotiasi, vaan my\u00f6s her\u00e4tt\u00e4\u00e4 ruoanlaiton taikuuden avoliekill\u00e4.\" \/>\n<meta property=\"og:url\" content=\"https:\/\/kodukolle.ee\/fi\/tuote\/takka-carbel-atlas-paistouunilla\/\" \/>\n<meta property=\"og:site_name\" content=\"Kodukolle\" \/>\n<meta property=\"article:modified_time\" content=\"2024-03-14T08:50:18+00:00\" \/>\n<meta property=\"og:image\" content=\"https:\/\/kodukolle.ee\/wp-content\/uploads\/2019\/10\/Atlas-1.jpg\" \/>\n\t<meta property=\"og:image:width\" content=\"1546\" \/>\n\t<meta property=\"og:image:height\" content=\"1451\" \/>\n\t<meta property=\"og:image:type\" content=\"image\/jpeg\" \/>\n<meta name=\"twitter:card\" content=\"summary_large_image\" \/>\n<meta name=\"twitter:label1\" content=\"Est. reading time\" \/>\n\t<meta name=\"twitter:data1\" content=\"1 minuutti\" \/>\n<script type=\"application\/ld+json\" class=\"yoast-schema-graph\">{\"@context\":\"https:\/\/schema.org\",\"@graph\":[{\"@type\":\"WebPage\",\"@id\":\"https:\/\/kodukolle.ee\/fi\/tuote\/takka-carbel-atlas-paistouunilla\/\",\"url\":\"https:\/\/kodukolle.ee\/fi\/tuote\/takka-carbel-atlas-paistouunilla\/\",\"name\":\"Takka Carbel ATLAS paistouunilla - Kodukolle\",\"isPartOf\":{\"@id\":\"https:\/\/kodukolle.ee\/en\/#website\"},\"primaryImageOfPage\":{\"@id\":\"https:\/\/kodukolle.ee\/fi\/tuote\/takka-carbel-atlas-paistouunilla\/#primaryimage\"},\"image\":{\"@id\":\"https:\/\/kodukolle.ee\/fi\/tuote\/takka-carbel-atlas-paistouunilla\/#primaryimage\"},\"thumbnailUrl\":\"https:\/\/kodukolle.ee\/wp-content\/uploads\/2019\/10\/Atlas-1.jpg\",\"datePublished\":\"2019-10-15T10:54:00+00:00\",\"dateModified\":\"2024-03-14T08:50:18+00:00\",\"description\":\"Carbel Atlas -takka, jossa on paistouuni, ei vain l\u00e4mmit\u00e4 kotiasi, vaan my\u00f6s her\u00e4tt\u00e4\u00e4 ruoanlaiton taikuuden avoliekill\u00e4.\",\"breadcrumb\":{\"@id\":\"https:\/\/kodukolle.ee\/fi\/tuote\/takka-carbel-atlas-paistouunilla\/#breadcrumb\"},\"inLanguage\":\"fi\",\"potentialAction\":[{\"@type\":\"ReadAction\",\"target\":[\"https:\/\/kodukolle.ee\/fi\/tuote\/takka-carbel-atlas-paistouunilla\/\"]}]},{\"@type\":\"ImageObject\",\"inLanguage\":\"fi\",\"@id\":\"https:\/\/kodukolle.ee\/fi\/tuote\/takka-carbel-atlas-paistouunilla\/#primaryimage\",\"url\":\"https:\/\/kodukolle.ee\/wp-content\/uploads\/2019\/10\/Atlas-1.jpg\",\"contentUrl\":\"https:\/\/kodukolle.ee\/wp-content\/uploads\/2019\/10\/Atlas-1.jpg\",\"width\":1546,\"height\":1451,\"caption\":\"Carbel Atlas\"},{\"@type\":\"BreadcrumbList\",\"@id\":\"https:\/\/kodukolle.ee\/fi\/tuote\/takka-carbel-atlas-paistouunilla\/#breadcrumb\",\"itemListElement\":[{\"@type\":\"ListItem\",\"position\":1,\"name\":\"Home\",\"item\":\"https:\/\/kodukolle.ee\/fi\/\"},{\"@type\":\"ListItem\",\"position\":2,\"name\":\"Tuotteet\",\"item\":\"https:\/\/kodukolle.ee\/fi\/tuotteet\/\"},{\"@type\":\"ListItem\",\"position\":3,\"name\":\"Takka Carbel ATLAS paistouunilla\"}]},{\"@type\":\"WebSite\",\"@id\":\"https:\/\/kodukolle.ee\/en\/#website\",\"url\":\"https:\/\/kodukolle.ee\/en\/\",\"name\":\"Kodukolle\",\"description\":\"\",\"publisher\":{\"@id\":\"https:\/\/kodukolle.ee\/en\/#organization\"},\"potentialAction\":[{\"@type\":\"SearchAction\",\"target\":{\"@type\":\"EntryPoint\",\"urlTemplate\":\"https:\/\/kodukolle.ee\/en\/?s={search_term_string}\"},\"query-input\":{\"@type\":\"PropertyValueSpecification\",\"valueRequired\":true,\"valueName\":\"search_term_string\"}}],\"inLanguage\":\"fi\"},{\"@type\":\"Organization\",\"@id\":\"https:\/\/kodukolle.ee\/en\/#organization\",\"name\":\"Kodukolle\",\"url\":\"https:\/\/kodukolle.ee\/en\/\",\"logo\":{\"@type\":\"ImageObject\",\"inLanguage\":\"fi\",\"@id\":\"https:\/\/kodukolle.ee\/en\/#\/schema\/logo\/image\/\",\"url\":\"https:\/\/kodukolle.ee\/wp-content\/uploads\/2025\/06\/logo_must_gradient.svg\",\"contentUrl\":\"https:\/\/kodukolle.ee\/wp-content\/uploads\/2025\/06\/logo_must_gradient.svg\",\"caption\":\"Kodukolle\"},\"image\":{\"@id\":\"https:\/\/kodukolle.ee\/en\/#\/schema\/logo\/image\/\"}}]}<\/script>\n<!-- \/ Yoast SEO plugin. -->","yoast_head_json":{"title":"Takka Carbel ATLAS paistouunilla - Kodukolle","description":"Carbel Atlas -takka, jossa on paistouuni, ei vain l\u00e4mmit\u00e4 kotiasi, vaan my\u00f6s her\u00e4tt\u00e4\u00e4 ruoanlaiton taikuuden avoliekill\u00e4.","robots":{"index":"index","follow":"follow","max-snippet":"max-snippet:-1","max-image-preview":"max-image-preview:large","max-video-preview":"max-video-preview:-1"},"canonical":"https:\/\/kodukolle.ee\/fi\/tuote\/takka-carbel-atlas-paistouunilla\/","og_locale":"fi_FI","og_type":"article","og_title":"Takka Carbel ATLAS paistouunilla - Kodukolle","og_description":"Carbel Atlas -takka, jossa on paistouuni, ei vain l\u00e4mmit\u00e4 kotiasi, vaan my\u00f6s her\u00e4tt\u00e4\u00e4 ruoanlaiton taikuuden avoliekill\u00e4.","og_url":"https:\/\/kodukolle.ee\/fi\/tuote\/takka-carbel-atlas-paistouunilla\/","og_site_name":"Kodukolle","article_modified_time":"2024-03-14T08:50:18+00:00","og_image":[{"width":1546,"height":1451,"url":"https:\/\/kodukolle.ee\/wp-content\/uploads\/2019\/10\/Atlas-1.jpg","type":"image\/jpeg"}],"twitter_card":"summary_large_image","twitter_misc":{"Est. reading time":"1 minuutti"},"schema":{"@context":"https:\/\/schema.org","@graph":[{"@type":"WebPage","@id":"https:\/\/kodukolle.ee\/fi\/tuote\/takka-carbel-atlas-paistouunilla\/","url":"https:\/\/kodukolle.ee\/fi\/tuote\/takka-carbel-atlas-paistouunilla\/","name":"Takka Carbel ATLAS paistouunilla - Kodukolle","isPartOf":{"@id":"https:\/\/kodukolle.ee\/en\/#website"},"primaryImageOfPage":{"@id":"https:\/\/kodukolle.ee\/fi\/tuote\/takka-carbel-atlas-paistouunilla\/#primaryimage"},"image":{"@id":"https:\/\/kodukolle.ee\/fi\/tuote\/takka-carbel-atlas-paistouunilla\/#primaryimage"},"thumbnailUrl":"https:\/\/kodukolle.ee\/wp-content\/uploads\/2019\/10\/Atlas-1.jpg","datePublished":"2019-10-15T10:54:00+00:00","dateModified":"2024-03-14T08:50:18+00:00","description":"Carbel Atlas -takka, jossa on paistouuni, ei vain l\u00e4mmit\u00e4 kotiasi, vaan my\u00f6s her\u00e4tt\u00e4\u00e4 ruoanlaiton taikuuden avoliekill\u00e4.","breadcrumb":{"@id":"https:\/\/kodukolle.ee\/fi\/tuote\/takka-carbel-atlas-paistouunilla\/#breadcrumb"},"inLanguage":"fi","potentialAction":[{"@type":"ReadAction","target":["https:\/\/kodukolle.ee\/fi\/tuote\/takka-carbel-atlas-paistouunilla\/"]}]},{"@type":"ImageObject","inLanguage":"fi","@id":"https:\/\/kodukolle.ee\/fi\/tuote\/takka-carbel-atlas-paistouunilla\/#primaryimage","url":"https:\/\/kodukolle.ee\/wp-content\/uploads\/2019\/10\/Atlas-1.jpg","contentUrl":"https:\/\/kodukolle.ee\/wp-content\/uploads\/2019\/10\/Atlas-1.jpg","width":1546,"height":1451,"caption":"Carbel Atlas"},{"@type":"BreadcrumbList","@id":"https:\/\/kodukolle.ee\/fi\/tuote\/takka-carbel-atlas-paistouunilla\/#breadcrumb","itemListElement":[{"@type":"ListItem","position":1,"name":"Home","item":"https:\/\/kodukolle.ee\/fi\/"},{"@type":"ListItem","position":2,"name":"Tuotteet","item":"https:\/\/kodukolle.ee\/fi\/tuotteet\/"},{"@type":"ListItem","position":3,"name":"Takka Carbel ATLAS paistouunilla"}]},{"@type":"WebSite","@id":"https:\/\/kodukolle.ee\/en\/#website","url":"https:\/\/kodukolle.ee\/en\/","name":"Kodukolle","description":"","publisher":{"@id":"https:\/\/kodukolle.ee\/en\/#organization"},"potentialAction":[{"@type":"SearchAction","target":{"@type":"EntryPoint","urlTemplate":"https:\/\/kodukolle.ee\/en\/?s={search_term_string}"},"query-input":{"@type":"PropertyValueSpecification","valueRequired":true,"valueName":"search_term_string"}}],"inLanguage":"fi"},{"@type":"Organization","@id":"https:\/\/kodukolle.ee\/en\/#organization","name":"Kodukolle","url":"https:\/\/kodukolle.ee\/en\/","logo":{"@type":"ImageObject","inLanguage":"fi","@id":"https:\/\/kodukolle.ee\/en\/#\/schema\/logo\/image\/","url":"https:\/\/kodukolle.ee\/wp-content\/uploads\/2025\/06\/logo_must_gradient.svg","contentUrl":"https:\/\/kodukolle.ee\/wp-content\/uploads\/2025\/06\/logo_must_gradient.svg","caption":"Kodukolle"},"image":{"@id":"https:\/\/kodukolle.ee\/en\/#\/schema\/logo\/image\/"}}]}},"_links":{"self":[{"href":"https:\/\/kodukolle.ee\/fi\/wp-json\/wp\/v2\/product\/24908","targetHints":{"allow":["GET"]}}],"collection":[{"href":"https:\/\/kodukolle.ee\/fi\/wp-json\/wp\/v2\/product"}],"about":[{"href":"https:\/\/kodukolle.ee\/fi\/wp-json\/wp\/v2\/types\/product"}],"wp:featuredmedia":[{"embeddable":true,"href":"https:\/\/kodukolle.ee\/fi\/wp-json\/wp\/v2\/media\/24877"}],"wp:attachment":[{"href":"https:\/\/kodukolle.ee\/fi\/wp-json\/wp\/v2\/media?parent=24908"}],"wp:term":[{"taxonomy":"product_brand","embeddable":true,"href":"https:\/\/kodukolle.ee\/fi\/wp-json\/wp\/v2\/product_brand?post=24908"},{"taxonomy":"product_cat","embeddable":true,"href":"https:\/\/kodukolle.ee\/fi\/wp-json\/wp\/v2\/product_cat?post=24908"},{"taxonomy":"product_tag","embeddable":true,"href":"https:\/\/kodukolle.ee\/fi\/wp-json\/wp\/v2\/product_tag?post=24908"}],"curies":[{"name":"wp","href":"https:\/\/api.w.org\/{rel}","templated":true}]}}