{"id":24942,"date":"2023-11-24T12:33:55","date_gmt":"2023-11-24T10:33:55","guid":{"rendered":"https:\/\/kodukolle.ee\/?post_type=product&#038;p=24942"},"modified":"2023-11-24T13:07:34","modified_gmt":"2023-11-24T11:07:34","slug":"takka-carbel-ra-85-2","status":"publish","type":"product","link":"https:\/\/kodukolle.ee\/fi\/tuote\/takka-carbel-ra-85-2\/","title":{"rendered":"Takka Carbel RA-85-2"},"content":{"rendered":"<p>Takka Carbel RA-85-2 tarjoaa parhaan tavan nauttia tulesta tyylikk\u00e4\u00e4n muotoilunsa ja tilavien lasien ansiosta. Helppo asentaa, oven k\u00e4tevyytt\u00e4 voidaan muuttaa halutulla tavalla. Takka on varustettu kahdella tuulettimella, joiden nopeudet ovat s\u00e4\u00e4dett\u00e4viss\u00e4. Tulisijan sis\u00e4puoli on vuorattu tulenkest\u00e4v\u00e4ll\u00e4 laatalla. Takan pohjassa on s\u00e4ilytystila puille.\n<\/ul>\n<p>&nbsp;<\/p>\n","protected":false},"excerpt":{"rendered":"<p>Takka Carbel RA-85-2 tarjoaa parhaan tavan nauttia tulesta tyylikk\u00e4\u00e4n muotoilunsa ja tilavien lasien ansiosta. Helppo asentaa, oven k\u00e4tevyytt\u00e4 voidaan muuttaa halutulla tavalla. Takka on varustettu kahdella tuulettimella, joiden nopeudet ovat s\u00e4\u00e4dett\u00e4viss\u00e4. Tulisijan sis\u00e4puoli on vuorattu tulenkest\u00e4v\u00e4ll\u00e4 laatalla. Takan pohjassa on s\u00e4ilytystila puille.<\/p>\n","protected":false},"featured_media":24945,"template":"","meta":{"_acf_changed":false},"product_brand":[],"product_cat":[9620],"product_tag":[],"class_list":{"0":"post-24942","1":"product","2":"type-product","3":"status-publish","4":"has-post-thumbnail","6":"brands-carbel-fi","7":"product_cat-takat","9":"first","10":"instock","11":"shipping-taxable","12":"purchasable","13":"product-type-simple"},"acf":[],"yoast_head":"<!-- This site is optimized with the Yoast SEO plugin v27.2 - https:\/\/yoast.com\/product\/yoast-seo-wordpress\/ -->\n<title>Takka Carbel RA-85-2 - Kodukolle<\/title>\n<meta name=\"description\" content=\"Takka Carbel RA-85-2 tarjoaa parhaan tavan nauttia tulesta tyylikk\u00e4\u00e4n muotoilunsa ja tilavien lasien ansiosta. Takan pohjassa on s\u00e4ilytystila puille.\" \/>\n<meta name=\"robots\" content=\"index, follow, max-snippet:-1, max-image-preview:large, max-video-preview:-1\" \/>\n<link rel=\"canonical\" href=\"https:\/\/kodukolle.ee\/fi\/tuote\/takka-carbel-ra-85-2\/\" \/>\n<meta property=\"og:locale\" content=\"fi_FI\" \/>\n<meta property=\"og:type\" content=\"article\" \/>\n<meta property=\"og:title\" content=\"Takka Carbel RA-85-2 - Kodukolle\" \/>\n<meta property=\"og:description\" content=\"Takka Carbel RA-85-2 tarjoaa parhaan tavan nauttia tulesta tyylikk\u00e4\u00e4n muotoilunsa ja tilavien lasien ansiosta. Takan pohjassa on s\u00e4ilytystila puille.\" \/>\n<meta property=\"og:url\" content=\"https:\/\/kodukolle.ee\/fi\/tuote\/takka-carbel-ra-85-2\/\" \/>\n<meta property=\"og:site_name\" content=\"Kodukolle\" \/>\n<meta property=\"article:modified_time\" content=\"2023-11-24T11:07:34+00:00\" \/>\n<meta property=\"og:image\" content=\"https:\/\/kodukolle.ee\/wp-content\/uploads\/2023\/11\/Carbel-RA_85-_2-log-box.jpg\" \/>\n\t<meta property=\"og:image:width\" content=\"1500\" \/>\n\t<meta property=\"og:image:height\" content=\"1363\" \/>\n\t<meta property=\"og:image:type\" content=\"image\/jpeg\" \/>\n<meta name=\"twitter:card\" content=\"summary_large_image\" \/>\n<meta name=\"twitter:label1\" content=\"Est. reading time\" \/>\n\t<meta name=\"twitter:data1\" content=\"1 minuutti\" \/>\n<script type=\"application\/ld+json\" class=\"yoast-schema-graph\">{\"@context\":\"https:\/\/schema.org\",\"@graph\":[{\"@type\":\"WebPage\",\"@id\":\"https:\/\/kodukolle.ee\/fi\/tuote\/takka-carbel-ra-85-2\/\",\"url\":\"https:\/\/kodukolle.ee\/fi\/tuote\/takka-carbel-ra-85-2\/\",\"name\":\"Takka Carbel RA-85-2 - Kodukolle\",\"isPartOf\":{\"@id\":\"https:\/\/kodukolle.ee\/en\/#website\"},\"primaryImageOfPage\":{\"@id\":\"https:\/\/kodukolle.ee\/fi\/tuote\/takka-carbel-ra-85-2\/#primaryimage\"},\"image\":{\"@id\":\"https:\/\/kodukolle.ee\/fi\/tuote\/takka-carbel-ra-85-2\/#primaryimage\"},\"thumbnailUrl\":\"https:\/\/kodukolle.ee\/wp-content\/uploads\/2023\/11\/Carbel-RA_85-_2-log-box.jpg\",\"datePublished\":\"2023-11-24T10:33:55+00:00\",\"dateModified\":\"2023-11-24T11:07:34+00:00\",\"description\":\"Takka Carbel RA-85-2 tarjoaa parhaan tavan nauttia tulesta tyylikk\u00e4\u00e4n muotoilunsa ja tilavien lasien ansiosta. Takan pohjassa on s\u00e4ilytystila puille.\",\"breadcrumb\":{\"@id\":\"https:\/\/kodukolle.ee\/fi\/tuote\/takka-carbel-ra-85-2\/#breadcrumb\"},\"inLanguage\":\"fi\",\"potentialAction\":[{\"@type\":\"ReadAction\",\"target\":[\"https:\/\/kodukolle.ee\/fi\/tuote\/takka-carbel-ra-85-2\/\"]}]},{\"@type\":\"ImageObject\",\"inLanguage\":\"fi\",\"@id\":\"https:\/\/kodukolle.ee\/fi\/tuote\/takka-carbel-ra-85-2\/#primaryimage\",\"url\":\"https:\/\/kodukolle.ee\/wp-content\/uploads\/2023\/11\/Carbel-RA_85-_2-log-box.jpg\",\"contentUrl\":\"https:\/\/kodukolle.ee\/wp-content\/uploads\/2023\/11\/Carbel-RA_85-_2-log-box.jpg\",\"width\":1500,\"height\":1363,\"caption\":\"Carbel RA-85-2\"},{\"@type\":\"BreadcrumbList\",\"@id\":\"https:\/\/kodukolle.ee\/fi\/tuote\/takka-carbel-ra-85-2\/#breadcrumb\",\"itemListElement\":[{\"@type\":\"ListItem\",\"position\":1,\"name\":\"Home\",\"item\":\"https:\/\/kodukolle.ee\/fi\/\"},{\"@type\":\"ListItem\",\"position\":2,\"name\":\"Tuotteet\",\"item\":\"https:\/\/kodukolle.ee\/fi\/tuotteet\/\"},{\"@type\":\"ListItem\",\"position\":3,\"name\":\"Takka Carbel RA-85-2\"}]},{\"@type\":\"WebSite\",\"@id\":\"https:\/\/kodukolle.ee\/en\/#website\",\"url\":\"https:\/\/kodukolle.ee\/en\/\",\"name\":\"Kodukolle\",\"description\":\"\",\"publisher\":{\"@id\":\"https:\/\/kodukolle.ee\/en\/#organization\"},\"potentialAction\":[{\"@type\":\"SearchAction\",\"target\":{\"@type\":\"EntryPoint\",\"urlTemplate\":\"https:\/\/kodukolle.ee\/en\/?s={search_term_string}\"},\"query-input\":{\"@type\":\"PropertyValueSpecification\",\"valueRequired\":true,\"valueName\":\"search_term_string\"}}],\"inLanguage\":\"fi\"},{\"@type\":\"Organization\",\"@id\":\"https:\/\/kodukolle.ee\/en\/#organization\",\"name\":\"Kodukolle\",\"url\":\"https:\/\/kodukolle.ee\/en\/\",\"logo\":{\"@type\":\"ImageObject\",\"inLanguage\":\"fi\",\"@id\":\"https:\/\/kodukolle.ee\/en\/#\/schema\/logo\/image\/\",\"url\":\"https:\/\/kodukolle.ee\/wp-content\/uploads\/2025\/06\/logo_must_gradient.svg\",\"contentUrl\":\"https:\/\/kodukolle.ee\/wp-content\/uploads\/2025\/06\/logo_must_gradient.svg\",\"caption\":\"Kodukolle\"},\"image\":{\"@id\":\"https:\/\/kodukolle.ee\/en\/#\/schema\/logo\/image\/\"}}]}<\/script>\n<!-- \/ Yoast SEO plugin. -->","yoast_head_json":{"title":"Takka Carbel RA-85-2 - Kodukolle","description":"Takka Carbel RA-85-2 tarjoaa parhaan tavan nauttia tulesta tyylikk\u00e4\u00e4n muotoilunsa ja tilavien lasien ansiosta. Takan pohjassa on s\u00e4ilytystila puille.","robots":{"index":"index","follow":"follow","max-snippet":"max-snippet:-1","max-image-preview":"max-image-preview:large","max-video-preview":"max-video-preview:-1"},"canonical":"https:\/\/kodukolle.ee\/fi\/tuote\/takka-carbel-ra-85-2\/","og_locale":"fi_FI","og_type":"article","og_title":"Takka Carbel RA-85-2 - Kodukolle","og_description":"Takka Carbel RA-85-2 tarjoaa parhaan tavan nauttia tulesta tyylikk\u00e4\u00e4n muotoilunsa ja tilavien lasien ansiosta. Takan pohjassa on s\u00e4ilytystila puille.","og_url":"https:\/\/kodukolle.ee\/fi\/tuote\/takka-carbel-ra-85-2\/","og_site_name":"Kodukolle","article_modified_time":"2023-11-24T11:07:34+00:00","og_image":[{"width":1500,"height":1363,"url":"https:\/\/kodukolle.ee\/wp-content\/uploads\/2023\/11\/Carbel-RA_85-_2-log-box.jpg","type":"image\/jpeg"}],"twitter_card":"summary_large_image","twitter_misc":{"Est. reading time":"1 minuutti"},"schema":{"@context":"https:\/\/schema.org","@graph":[{"@type":"WebPage","@id":"https:\/\/kodukolle.ee\/fi\/tuote\/takka-carbel-ra-85-2\/","url":"https:\/\/kodukolle.ee\/fi\/tuote\/takka-carbel-ra-85-2\/","name":"Takka Carbel RA-85-2 - Kodukolle","isPartOf":{"@id":"https:\/\/kodukolle.ee\/en\/#website"},"primaryImageOfPage":{"@id":"https:\/\/kodukolle.ee\/fi\/tuote\/takka-carbel-ra-85-2\/#primaryimage"},"image":{"@id":"https:\/\/kodukolle.ee\/fi\/tuote\/takka-carbel-ra-85-2\/#primaryimage"},"thumbnailUrl":"https:\/\/kodukolle.ee\/wp-content\/uploads\/2023\/11\/Carbel-RA_85-_2-log-box.jpg","datePublished":"2023-11-24T10:33:55+00:00","dateModified":"2023-11-24T11:07:34+00:00","description":"Takka Carbel RA-85-2 tarjoaa parhaan tavan nauttia tulesta tyylikk\u00e4\u00e4n muotoilunsa ja tilavien lasien ansiosta. Takan pohjassa on s\u00e4ilytystila puille.","breadcrumb":{"@id":"https:\/\/kodukolle.ee\/fi\/tuote\/takka-carbel-ra-85-2\/#breadcrumb"},"inLanguage":"fi","potentialAction":[{"@type":"ReadAction","target":["https:\/\/kodukolle.ee\/fi\/tuote\/takka-carbel-ra-85-2\/"]}]},{"@type":"ImageObject","inLanguage":"fi","@id":"https:\/\/kodukolle.ee\/fi\/tuote\/takka-carbel-ra-85-2\/#primaryimage","url":"https:\/\/kodukolle.ee\/wp-content\/uploads\/2023\/11\/Carbel-RA_85-_2-log-box.jpg","contentUrl":"https:\/\/kodukolle.ee\/wp-content\/uploads\/2023\/11\/Carbel-RA_85-_2-log-box.jpg","width":1500,"height":1363,"caption":"Carbel RA-85-2"},{"@type":"BreadcrumbList","@id":"https:\/\/kodukolle.ee\/fi\/tuote\/takka-carbel-ra-85-2\/#breadcrumb","itemListElement":[{"@type":"ListItem","position":1,"name":"Home","item":"https:\/\/kodukolle.ee\/fi\/"},{"@type":"ListItem","position":2,"name":"Tuotteet","item":"https:\/\/kodukolle.ee\/fi\/tuotteet\/"},{"@type":"ListItem","position":3,"name":"Takka Carbel RA-85-2"}]},{"@type":"WebSite","@id":"https:\/\/kodukolle.ee\/en\/#website","url":"https:\/\/kodukolle.ee\/en\/","name":"Kodukolle","description":"","publisher":{"@id":"https:\/\/kodukolle.ee\/en\/#organization"},"potentialAction":[{"@type":"SearchAction","target":{"@type":"EntryPoint","urlTemplate":"https:\/\/kodukolle.ee\/en\/?s={search_term_string}"},"query-input":{"@type":"PropertyValueSpecification","valueRequired":true,"valueName":"search_term_string"}}],"inLanguage":"fi"},{"@type":"Organization","@id":"https:\/\/kodukolle.ee\/en\/#organization","name":"Kodukolle","url":"https:\/\/kodukolle.ee\/en\/","logo":{"@type":"ImageObject","inLanguage":"fi","@id":"https:\/\/kodukolle.ee\/en\/#\/schema\/logo\/image\/","url":"https:\/\/kodukolle.ee\/wp-content\/uploads\/2025\/06\/logo_must_gradient.svg","contentUrl":"https:\/\/kodukolle.ee\/wp-content\/uploads\/2025\/06\/logo_must_gradient.svg","caption":"Kodukolle"},"image":{"@id":"https:\/\/kodukolle.ee\/en\/#\/schema\/logo\/image\/"}}]}},"_links":{"self":[{"href":"https:\/\/kodukolle.ee\/fi\/wp-json\/wp\/v2\/product\/24942","targetHints":{"allow":["GET"]}}],"collection":[{"href":"https:\/\/kodukolle.ee\/fi\/wp-json\/wp\/v2\/product"}],"about":[{"href":"https:\/\/kodukolle.ee\/fi\/wp-json\/wp\/v2\/types\/product"}],"wp:featuredmedia":[{"embeddable":true,"href":"https:\/\/kodukolle.ee\/fi\/wp-json\/wp\/v2\/media\/24945"}],"wp:attachment":[{"href":"https:\/\/kodukolle.ee\/fi\/wp-json\/wp\/v2\/media?parent=24942"}],"wp:term":[{"taxonomy":"product_brand","embeddable":true,"href":"https:\/\/kodukolle.ee\/fi\/wp-json\/wp\/v2\/product_brand?post=24942"},{"taxonomy":"product_cat","embeddable":true,"href":"https:\/\/kodukolle.ee\/fi\/wp-json\/wp\/v2\/product_cat?post=24942"},{"taxonomy":"product_tag","embeddable":true,"href":"https:\/\/kodukolle.ee\/fi\/wp-json\/wp\/v2\/product_tag?post=24942"}],"curies":[{"name":"wp","href":"https:\/\/api.w.org\/{rel}","templated":true}]}}