{"id":24983,"date":"2019-07-29T11:47:31","date_gmt":"2019-07-29T08:47:31","guid":{"rendered":"https:\/\/kodukolle.ee\/?post_type=product&#038;p=24983"},"modified":"2024-03-12T10:58:15","modified_gmt":"2024-03-12T08:58:15","slug":"kamiina-lanordica-asia-bii-petra","status":"publish","type":"product","link":"https:\/\/kodukolle.ee\/fi\/tuote\/kamiina-lanordica-asia-bii-petra\/","title":{"rendered":"Kamiina LaNordica ASIA BII Petra"},"content":{"rendered":"<p>LaNordican kompakti Asia BII -takka l\u00e4mmitt\u00e4\u00e4 vaivattomasti jopa 172 m\u00b3 tilaa. Valurautainen polttokammio vaatii v\u00e4h\u00e4n huoltoa ja on eritt\u00e4in kest\u00e4v\u00e4. Erityinen katseenvangitsija on emaloitu valurautaovi, jossa on suuri keraaminen lasi. Selke\u00e4t linjat ja moderni ulkon\u00e4k\u00f6, joka tarjoaa maksimaalisen l\u00e4mm\u00f6n nautinnon modernin tehokkaan polttotekniikan ja erityisesti kehitetyn j\u00e4lkipoltinj\u00e4rjestelm\u00e4n avulla. Takka on varustettu ulos vedett\u00e4v\u00e4ll\u00e4 tuhka-astialla, jonka avulla palamisj\u00e4\u00e4m\u00e4t voidaan helposti poistaa. Takassa on lasinpuhdistusj\u00e4rjestelm\u00e4, joka est\u00e4\u00e4 tehokkaasti lian ker\u00e4\u00e4ntymisen takan luukun lasiin esil\u00e4mmitetyn ilmavirran avulla. Palamisprosessia voidaan ohjata eritt\u00e4in tarkasti erikseen s\u00e4\u00e4detyn prim\u00e4\u00e4ri- ja toisioilman sy\u00f6t\u00f6n avulla.<br \/>\n&nbsp;<\/p>\n","protected":false},"excerpt":{"rendered":"<p>LaNordican kompakti Asia BII -takka l\u00e4mmitt\u00e4\u00e4 vaivattomasti jopa 172 m\u00b3 tilaa. Valurautainen polttokammio vaatii v\u00e4h\u00e4n huoltoa ja on eritt\u00e4in kest\u00e4v\u00e4. Erityinen katseenvangitsija on emaloitu valurautaovi, jossa on suuri keraaminen lasi. Selke\u00e4t linjat ja moderni ulkon\u00e4k\u00f6, joka tarjoaa maksimaalisen l\u00e4mm\u00f6n nautinnon modernin tehokkaan polttotekniikan ja erityisesti kehitetyn j\u00e4lkipoltinj\u00e4rjestelm\u00e4n avulla. <\/p>\n","protected":false},"featured_media":24984,"template":"","meta":{"_acf_changed":false},"product_brand":[],"product_cat":[9620],"product_tag":[],"class_list":{"0":"post-24983","1":"product","2":"type-product","3":"status-publish","4":"has-post-thumbnail","6":"brands-nordica-fi","7":"product_cat-takat","9":"first","10":"instock","11":"shipping-taxable","12":"product-type-simple"},"acf":[],"yoast_head":"<!-- This site is optimized with the Yoast SEO plugin v27.2 - https:\/\/yoast.com\/product\/yoast-seo-wordpress\/ -->\n<title>Kamiina LaNordica ASIA BII Petra - Kodukolle<\/title>\n<meta name=\"description\" content=\"LaNordican kompakti Asia BII -takka l\u00e4mmitt\u00e4\u00e4 vaivattomasti jopa 172 m\u00b3 tilaa. Valurautainen polttokammio vaatii v\u00e4h\u00e4n huoltoa ja on eritt\u00e4in kest\u00e4v\u00e4.\" \/>\n<meta name=\"robots\" content=\"index, follow, max-snippet:-1, max-image-preview:large, max-video-preview:-1\" \/>\n<link rel=\"canonical\" href=\"https:\/\/kodukolle.ee\/tuote\/kamin-lanordica-asia-bii\/\" \/>\n<meta property=\"og:locale\" content=\"fi_FI\" \/>\n<meta property=\"og:type\" content=\"article\" \/>\n<meta property=\"og:title\" content=\"Kamiina LaNordica ASIA BII Petra - Kodukolle\" \/>\n<meta property=\"og:description\" content=\"LaNordican kompakti Asia BII -takka l\u00e4mmitt\u00e4\u00e4 vaivattomasti jopa 172 m\u00b3 tilaa. Valurautainen polttokammio vaatii v\u00e4h\u00e4n huoltoa ja on eritt\u00e4in kest\u00e4v\u00e4.\" \/>\n<meta property=\"og:url\" content=\"https:\/\/kodukolle.ee\/tuote\/kamin-lanordica-asia-bii\/\" \/>\n<meta property=\"og:site_name\" content=\"Kodukolle\" \/>\n<meta property=\"article:modified_time\" content=\"2024-03-12T08:58:15+00:00\" \/>\n<meta property=\"og:image\" content=\"https:\/\/kodukolle.ee\/wp-content\/uploads\/2019\/07\/Asia-1024x805.jpg\" \/>\n\t<meta property=\"og:image:width\" content=\"1024\" \/>\n\t<meta property=\"og:image:height\" content=\"805\" \/>\n\t<meta property=\"og:image:type\" content=\"image\/jpeg\" \/>\n<meta name=\"twitter:card\" content=\"summary_large_image\" \/>\n<meta name=\"twitter:label1\" content=\"Est. reading time\" \/>\n\t<meta name=\"twitter:data1\" content=\"1 minuutti\" \/>\n<script type=\"application\/ld+json\" class=\"yoast-schema-graph\">{\"@context\":\"https:\/\/schema.org\",\"@graph\":[{\"@type\":\"WebPage\",\"@id\":\"https:\/\/kodukolle.ee\/tuote\/kamin-lanordica-asia-bii\/\",\"url\":\"https:\/\/kodukolle.ee\/tuote\/kamin-lanordica-asia-bii\/\",\"name\":\"Kamiina LaNordica ASIA BII Petra - Kodukolle\",\"isPartOf\":{\"@id\":\"https:\/\/kodukolle.ee\/en\/#website\"},\"primaryImageOfPage\":{\"@id\":\"https:\/\/kodukolle.ee\/tuote\/kamin-lanordica-asia-bii\/#primaryimage\"},\"image\":{\"@id\":\"https:\/\/kodukolle.ee\/tuote\/kamin-lanordica-asia-bii\/#primaryimage\"},\"thumbnailUrl\":\"https:\/\/kodukolle.ee\/wp-content\/uploads\/2019\/07\/Asia.jpg\",\"datePublished\":\"2019-07-29T08:47:31+00:00\",\"dateModified\":\"2024-03-12T08:58:15+00:00\",\"description\":\"LaNordican kompakti Asia BII -takka l\u00e4mmitt\u00e4\u00e4 vaivattomasti jopa 172 m\u00b3 tilaa. Valurautainen polttokammio vaatii v\u00e4h\u00e4n huoltoa ja on eritt\u00e4in kest\u00e4v\u00e4.\",\"breadcrumb\":{\"@id\":\"https:\/\/kodukolle.ee\/tuote\/kamin-lanordica-asia-bii\/#breadcrumb\"},\"inLanguage\":\"fi\",\"potentialAction\":[{\"@type\":\"ReadAction\",\"target\":[\"https:\/\/kodukolle.ee\/tuote\/kamin-lanordica-asia-bii\/\"]}]},{\"@type\":\"ImageObject\",\"inLanguage\":\"fi\",\"@id\":\"https:\/\/kodukolle.ee\/tuote\/kamin-lanordica-asia-bii\/#primaryimage\",\"url\":\"https:\/\/kodukolle.ee\/wp-content\/uploads\/2019\/07\/Asia.jpg\",\"contentUrl\":\"https:\/\/kodukolle.ee\/wp-content\/uploads\/2019\/07\/Asia.jpg\",\"width\":6183,\"height\":4860},{\"@type\":\"BreadcrumbList\",\"@id\":\"https:\/\/kodukolle.ee\/tuote\/kamin-lanordica-asia-bii\/#breadcrumb\",\"itemListElement\":[{\"@type\":\"ListItem\",\"position\":1,\"name\":\"Home\",\"item\":\"https:\/\/kodukolle.ee\/fi\/\"},{\"@type\":\"ListItem\",\"position\":2,\"name\":\"Tuotteet\",\"item\":\"https:\/\/kodukolle.ee\/fi\/tuotteet\/\"},{\"@type\":\"ListItem\",\"position\":3,\"name\":\"Kamiina LaNordica ASIA BII Petra\"}]},{\"@type\":\"WebSite\",\"@id\":\"https:\/\/kodukolle.ee\/en\/#website\",\"url\":\"https:\/\/kodukolle.ee\/en\/\",\"name\":\"Kodukolle\",\"description\":\"\",\"publisher\":{\"@id\":\"https:\/\/kodukolle.ee\/en\/#organization\"},\"potentialAction\":[{\"@type\":\"SearchAction\",\"target\":{\"@type\":\"EntryPoint\",\"urlTemplate\":\"https:\/\/kodukolle.ee\/en\/?s={search_term_string}\"},\"query-input\":{\"@type\":\"PropertyValueSpecification\",\"valueRequired\":true,\"valueName\":\"search_term_string\"}}],\"inLanguage\":\"fi\"},{\"@type\":\"Organization\",\"@id\":\"https:\/\/kodukolle.ee\/en\/#organization\",\"name\":\"Kodukolle\",\"url\":\"https:\/\/kodukolle.ee\/en\/\",\"logo\":{\"@type\":\"ImageObject\",\"inLanguage\":\"fi\",\"@id\":\"https:\/\/kodukolle.ee\/en\/#\/schema\/logo\/image\/\",\"url\":\"https:\/\/kodukolle.ee\/wp-content\/uploads\/2025\/06\/logo_must_gradient.svg\",\"contentUrl\":\"https:\/\/kodukolle.ee\/wp-content\/uploads\/2025\/06\/logo_must_gradient.svg\",\"caption\":\"Kodukolle\"},\"image\":{\"@id\":\"https:\/\/kodukolle.ee\/en\/#\/schema\/logo\/image\/\"}}]}<\/script>\n<!-- \/ Yoast SEO plugin. -->","yoast_head_json":{"title":"Kamiina LaNordica ASIA BII Petra - Kodukolle","description":"LaNordican kompakti Asia BII -takka l\u00e4mmitt\u00e4\u00e4 vaivattomasti jopa 172 m\u00b3 tilaa. Valurautainen polttokammio vaatii v\u00e4h\u00e4n huoltoa ja on eritt\u00e4in kest\u00e4v\u00e4.","robots":{"index":"index","follow":"follow","max-snippet":"max-snippet:-1","max-image-preview":"max-image-preview:large","max-video-preview":"max-video-preview:-1"},"canonical":"https:\/\/kodukolle.ee\/tuote\/kamin-lanordica-asia-bii\/","og_locale":"fi_FI","og_type":"article","og_title":"Kamiina LaNordica ASIA BII Petra - Kodukolle","og_description":"LaNordican kompakti Asia BII -takka l\u00e4mmitt\u00e4\u00e4 vaivattomasti jopa 172 m\u00b3 tilaa. Valurautainen polttokammio vaatii v\u00e4h\u00e4n huoltoa ja on eritt\u00e4in kest\u00e4v\u00e4.","og_url":"https:\/\/kodukolle.ee\/tuote\/kamin-lanordica-asia-bii\/","og_site_name":"Kodukolle","article_modified_time":"2024-03-12T08:58:15+00:00","og_image":[{"width":1024,"height":805,"url":"https:\/\/kodukolle.ee\/wp-content\/uploads\/2019\/07\/Asia-1024x805.jpg","type":"image\/jpeg"}],"twitter_card":"summary_large_image","twitter_misc":{"Est. reading time":"1 minuutti"},"schema":{"@context":"https:\/\/schema.org","@graph":[{"@type":"WebPage","@id":"https:\/\/kodukolle.ee\/tuote\/kamin-lanordica-asia-bii\/","url":"https:\/\/kodukolle.ee\/tuote\/kamin-lanordica-asia-bii\/","name":"Kamiina LaNordica ASIA BII Petra - Kodukolle","isPartOf":{"@id":"https:\/\/kodukolle.ee\/en\/#website"},"primaryImageOfPage":{"@id":"https:\/\/kodukolle.ee\/tuote\/kamin-lanordica-asia-bii\/#primaryimage"},"image":{"@id":"https:\/\/kodukolle.ee\/tuote\/kamin-lanordica-asia-bii\/#primaryimage"},"thumbnailUrl":"https:\/\/kodukolle.ee\/wp-content\/uploads\/2019\/07\/Asia.jpg","datePublished":"2019-07-29T08:47:31+00:00","dateModified":"2024-03-12T08:58:15+00:00","description":"LaNordican kompakti Asia BII -takka l\u00e4mmitt\u00e4\u00e4 vaivattomasti jopa 172 m\u00b3 tilaa. Valurautainen polttokammio vaatii v\u00e4h\u00e4n huoltoa ja on eritt\u00e4in kest\u00e4v\u00e4.","breadcrumb":{"@id":"https:\/\/kodukolle.ee\/tuote\/kamin-lanordica-asia-bii\/#breadcrumb"},"inLanguage":"fi","potentialAction":[{"@type":"ReadAction","target":["https:\/\/kodukolle.ee\/tuote\/kamin-lanordica-asia-bii\/"]}]},{"@type":"ImageObject","inLanguage":"fi","@id":"https:\/\/kodukolle.ee\/tuote\/kamin-lanordica-asia-bii\/#primaryimage","url":"https:\/\/kodukolle.ee\/wp-content\/uploads\/2019\/07\/Asia.jpg","contentUrl":"https:\/\/kodukolle.ee\/wp-content\/uploads\/2019\/07\/Asia.jpg","width":6183,"height":4860},{"@type":"BreadcrumbList","@id":"https:\/\/kodukolle.ee\/tuote\/kamin-lanordica-asia-bii\/#breadcrumb","itemListElement":[{"@type":"ListItem","position":1,"name":"Home","item":"https:\/\/kodukolle.ee\/fi\/"},{"@type":"ListItem","position":2,"name":"Tuotteet","item":"https:\/\/kodukolle.ee\/fi\/tuotteet\/"},{"@type":"ListItem","position":3,"name":"Kamiina LaNordica ASIA BII Petra"}]},{"@type":"WebSite","@id":"https:\/\/kodukolle.ee\/en\/#website","url":"https:\/\/kodukolle.ee\/en\/","name":"Kodukolle","description":"","publisher":{"@id":"https:\/\/kodukolle.ee\/en\/#organization"},"potentialAction":[{"@type":"SearchAction","target":{"@type":"EntryPoint","urlTemplate":"https:\/\/kodukolle.ee\/en\/?s={search_term_string}"},"query-input":{"@type":"PropertyValueSpecification","valueRequired":true,"valueName":"search_term_string"}}],"inLanguage":"fi"},{"@type":"Organization","@id":"https:\/\/kodukolle.ee\/en\/#organization","name":"Kodukolle","url":"https:\/\/kodukolle.ee\/en\/","logo":{"@type":"ImageObject","inLanguage":"fi","@id":"https:\/\/kodukolle.ee\/en\/#\/schema\/logo\/image\/","url":"https:\/\/kodukolle.ee\/wp-content\/uploads\/2025\/06\/logo_must_gradient.svg","contentUrl":"https:\/\/kodukolle.ee\/wp-content\/uploads\/2025\/06\/logo_must_gradient.svg","caption":"Kodukolle"},"image":{"@id":"https:\/\/kodukolle.ee\/en\/#\/schema\/logo\/image\/"}}]}},"_links":{"self":[{"href":"https:\/\/kodukolle.ee\/fi\/wp-json\/wp\/v2\/product\/24983","targetHints":{"allow":["GET"]}}],"collection":[{"href":"https:\/\/kodukolle.ee\/fi\/wp-json\/wp\/v2\/product"}],"about":[{"href":"https:\/\/kodukolle.ee\/fi\/wp-json\/wp\/v2\/types\/product"}],"wp:featuredmedia":[{"embeddable":true,"href":"https:\/\/kodukolle.ee\/fi\/wp-json\/wp\/v2\/media\/24984"}],"wp:attachment":[{"href":"https:\/\/kodukolle.ee\/fi\/wp-json\/wp\/v2\/media?parent=24983"}],"wp:term":[{"taxonomy":"product_brand","embeddable":true,"href":"https:\/\/kodukolle.ee\/fi\/wp-json\/wp\/v2\/product_brand?post=24983"},{"taxonomy":"product_cat","embeddable":true,"href":"https:\/\/kodukolle.ee\/fi\/wp-json\/wp\/v2\/product_cat?post=24983"},{"taxonomy":"product_tag","embeddable":true,"href":"https:\/\/kodukolle.ee\/fi\/wp-json\/wp\/v2\/product_tag?post=24983"}],"curies":[{"name":"wp","href":"https:\/\/api.w.org\/{rel}","templated":true}]}}