{"id":24988,"date":"2019-09-23T11:25:10","date_gmt":"2019-09-23T08:25:10","guid":{"rendered":"https:\/\/kodukolle.ee\/?post_type=product&#038;p=24988"},"modified":"2024-03-14T08:58:14","modified_gmt":"2024-03-14T06:58:14","slug":"kamiina-lanordica-emiliana-keittolevylla","status":"publish","type":"product","link":"https:\/\/kodukolle.ee\/fi\/tuote\/kamiina-lanordica-emiliana-keittolevylla\/","title":{"rendered":"Kamiina LaNordica EMILIANA keittolevyll\u00e4"},"content":{"rendered":"<p>LaNordican upea Emiliana puul\u00e4mmitteinen takka, joka ei ainoastaan \u200b\u200bl\u00e4mmit\u00e4, vaan my\u00f6s eleganssia. Tyylik\u00e4s ja ajaton Emiliana on t\u00e4ydellinen valinta sisustustietoiseen kotiisi. Emiliana on suunniteltu sek\u00e4 k\u00e4yt\u00e4nn\u00f6llisyytt\u00e4 ett\u00e4 estetiikkaa ajatellen. Takka on valurautaa, ja emaloidut valurautapalat tarjoavat kest\u00e4vyytt\u00e4 ja ajatonta kauneutta. Erinomainen energiatehokkuus, takka l\u00e4mmitt\u00e4\u00e4 jopa 186 m\u00b3 tilaa, joten se sopii useimpiin koteihin. Ymp\u00e4rist\u00f6yst\u00e4v\u00e4llisen j\u00e4lkipolttoj\u00e4rjestelm\u00e4n ansiosta p\u00e4\u00e4st\u00f6t ovat alhaiset. Emiliana on suunniteltu k\u00e4ytt\u00e4j\u00e4yst\u00e4v\u00e4llisyytt\u00e4 ja k\u00e4yt\u00e4nn\u00f6llisyytt\u00e4 ajatellen. Siin\u00e4 on irrotettava tuhkalaatikko, s\u00e4\u00e4dett\u00e4v\u00e4 ensi\u00f6- ja toisiopaine palamisen parantamiseksi sek\u00e4 keraaminen lasi. Emiliana-takka on t\u00e4ydellinen lis\u00e4 kotiisi, jos arvostat sek\u00e4 tyyli\u00e4 ett\u00e4 toimivuutta. Sen klassinen muotoilu ja modernit ominaisuudet tekev\u00e4t siit\u00e4 t\u00e4ydellisen valinnan jokaiseen kotiin, joka tarvitsee l\u00e4mp\u00f6\u00e4 ja mukavuutta.<br \/>\n&nbsp; <\/p>\n","protected":false},"excerpt":{"rendered":"<p>LaNordican upea Emiliana puul\u00e4mmitteinen takka, joka ei ainoastaan \u200b\u200bl\u00e4mmit\u00e4, vaan my\u00f6s eleganssia. Tyylik\u00e4s ja ajaton Emiliana on t\u00e4ydellinen valinta sisustustietoiseen kotiisi. Emiliana on suunniteltu sek\u00e4 k\u00e4yt\u00e4nn\u00f6llisyytt\u00e4 ett\u00e4 estetiikkaa ajatellen. Takka on valurautaa, ja emaloidut valurautapalat tarjoavat kest\u00e4vyytt\u00e4 ja ajatonta kauneutta. Erinomainen energiatehokkuus, takka l\u00e4mmitt\u00e4\u00e4 jopa 186 m\u00b3 tilaa, joten se sopii useimpiin koteihin.<\/p>\n","protected":false},"featured_media":14418,"template":"","meta":{"_acf_changed":false},"product_brand":[],"product_cat":[9620],"product_tag":[],"class_list":{"0":"post-24988","1":"product","2":"type-product","3":"status-publish","4":"has-post-thumbnail","6":"brands-nordica-fi","7":"product_cat-takat","9":"first","10":"instock","11":"shipping-taxable","12":"purchasable","13":"product-type-simple"},"acf":[],"yoast_head":"<!-- This site is optimized with the Yoast SEO plugin v27.2 - https:\/\/yoast.com\/product\/yoast-seo-wordpress\/ -->\n<title>Kamiina LaNordica EMILIANA keittolevyll\u00e4 - Kodukolle<\/title>\n<meta name=\"description\" content=\"LaNordican upea Emiliana puul\u00e4mmitteinen takka, joka ei ainoastaan \u200b\u200bl\u00e4mmit\u00e4, vaan my\u00f6s eleganssia. Tyylik\u00e4s ja ajaton Emiliana on t\u00e4ydellinen valinta sisustustietoiseen kotiisi.\" \/>\n<meta name=\"robots\" content=\"index, follow, max-snippet:-1, max-image-preview:large, max-video-preview:-1\" \/>\n<link rel=\"canonical\" href=\"https:\/\/kodukolle.ee\/fi\/tuote\/kamiina-lanordica-emiliana-keittolevylla\/\" \/>\n<meta property=\"og:locale\" content=\"fi_FI\" \/>\n<meta property=\"og:type\" content=\"article\" \/>\n<meta property=\"og:title\" content=\"Kamiina LaNordica EMILIANA keittolevyll\u00e4 - Kodukolle\" \/>\n<meta property=\"og:description\" content=\"LaNordican upea Emiliana puul\u00e4mmitteinen takka, joka ei ainoastaan \u200b\u200bl\u00e4mmit\u00e4, vaan my\u00f6s eleganssia. Tyylik\u00e4s ja ajaton Emiliana on t\u00e4ydellinen valinta sisustustietoiseen kotiisi.\" \/>\n<meta property=\"og:url\" content=\"https:\/\/kodukolle.ee\/fi\/tuote\/kamiina-lanordica-emiliana-keittolevylla\/\" \/>\n<meta property=\"og:site_name\" content=\"Kodukolle\" \/>\n<meta property=\"article:modified_time\" content=\"2024-03-14T06:58:14+00:00\" \/>\n<meta property=\"og:image\" content=\"https:\/\/kodukolle.ee\/wp-content\/uploads\/2019\/09\/la-nordica-emiliana-white-inf.jpg\" \/>\n\t<meta property=\"og:image:width\" content=\"1000\" \/>\n\t<meta property=\"og:image:height\" content=\"1000\" \/>\n\t<meta property=\"og:image:type\" content=\"image\/jpeg\" \/>\n<meta name=\"twitter:card\" content=\"summary_large_image\" \/>\n<meta name=\"twitter:label1\" content=\"Est. reading time\" \/>\n\t<meta name=\"twitter:data1\" content=\"1 minuutti\" \/>\n<script type=\"application\/ld+json\" class=\"yoast-schema-graph\">{\"@context\":\"https:\/\/schema.org\",\"@graph\":[{\"@type\":\"WebPage\",\"@id\":\"https:\/\/kodukolle.ee\/fi\/tuote\/kamiina-lanordica-emiliana-keittolevylla\/\",\"url\":\"https:\/\/kodukolle.ee\/fi\/tuote\/kamiina-lanordica-emiliana-keittolevylla\/\",\"name\":\"Kamiina LaNordica EMILIANA keittolevyll\u00e4 - Kodukolle\",\"isPartOf\":{\"@id\":\"https:\/\/kodukolle.ee\/en\/#website\"},\"primaryImageOfPage\":{\"@id\":\"https:\/\/kodukolle.ee\/fi\/tuote\/kamiina-lanordica-emiliana-keittolevylla\/#primaryimage\"},\"image\":{\"@id\":\"https:\/\/kodukolle.ee\/fi\/tuote\/kamiina-lanordica-emiliana-keittolevylla\/#primaryimage\"},\"thumbnailUrl\":\"https:\/\/kodukolle.ee\/wp-content\/uploads\/2019\/09\/la-nordica-emiliana-white-inf.jpg\",\"datePublished\":\"2019-09-23T08:25:10+00:00\",\"dateModified\":\"2024-03-14T06:58:14+00:00\",\"description\":\"LaNordican upea Emiliana puul\u00e4mmitteinen takka, joka ei ainoastaan \u200b\u200bl\u00e4mmit\u00e4, vaan my\u00f6s eleganssia. Tyylik\u00e4s ja ajaton Emiliana on t\u00e4ydellinen valinta sisustustietoiseen kotiisi.\",\"breadcrumb\":{\"@id\":\"https:\/\/kodukolle.ee\/fi\/tuote\/kamiina-lanordica-emiliana-keittolevylla\/#breadcrumb\"},\"inLanguage\":\"fi\",\"potentialAction\":[{\"@type\":\"ReadAction\",\"target\":[\"https:\/\/kodukolle.ee\/fi\/tuote\/kamiina-lanordica-emiliana-keittolevylla\/\"]}]},{\"@type\":\"ImageObject\",\"inLanguage\":\"fi\",\"@id\":\"https:\/\/kodukolle.ee\/fi\/tuote\/kamiina-lanordica-emiliana-keittolevylla\/#primaryimage\",\"url\":\"https:\/\/kodukolle.ee\/wp-content\/uploads\/2019\/09\/la-nordica-emiliana-white-inf.jpg\",\"contentUrl\":\"https:\/\/kodukolle.ee\/wp-content\/uploads\/2019\/09\/la-nordica-emiliana-white-inf.jpg\",\"width\":1000,\"height\":1000,\"caption\":\"la nordica emiliana\"},{\"@type\":\"BreadcrumbList\",\"@id\":\"https:\/\/kodukolle.ee\/fi\/tuote\/kamiina-lanordica-emiliana-keittolevylla\/#breadcrumb\",\"itemListElement\":[{\"@type\":\"ListItem\",\"position\":1,\"name\":\"Home\",\"item\":\"https:\/\/kodukolle.ee\/fi\/\"},{\"@type\":\"ListItem\",\"position\":2,\"name\":\"Tuotteet\",\"item\":\"https:\/\/kodukolle.ee\/fi\/tuotteet\/\"},{\"@type\":\"ListItem\",\"position\":3,\"name\":\"Kamiina LaNordica EMILIANA keittolevyll\u00e4\"}]},{\"@type\":\"WebSite\",\"@id\":\"https:\/\/kodukolle.ee\/en\/#website\",\"url\":\"https:\/\/kodukolle.ee\/en\/\",\"name\":\"Kodukolle\",\"description\":\"\",\"publisher\":{\"@id\":\"https:\/\/kodukolle.ee\/en\/#organization\"},\"potentialAction\":[{\"@type\":\"SearchAction\",\"target\":{\"@type\":\"EntryPoint\",\"urlTemplate\":\"https:\/\/kodukolle.ee\/en\/?s={search_term_string}\"},\"query-input\":{\"@type\":\"PropertyValueSpecification\",\"valueRequired\":true,\"valueName\":\"search_term_string\"}}],\"inLanguage\":\"fi\"},{\"@type\":\"Organization\",\"@id\":\"https:\/\/kodukolle.ee\/en\/#organization\",\"name\":\"Kodukolle\",\"url\":\"https:\/\/kodukolle.ee\/en\/\",\"logo\":{\"@type\":\"ImageObject\",\"inLanguage\":\"fi\",\"@id\":\"https:\/\/kodukolle.ee\/en\/#\/schema\/logo\/image\/\",\"url\":\"https:\/\/kodukolle.ee\/wp-content\/uploads\/2025\/06\/logo_must_gradient.svg\",\"contentUrl\":\"https:\/\/kodukolle.ee\/wp-content\/uploads\/2025\/06\/logo_must_gradient.svg\",\"caption\":\"Kodukolle\"},\"image\":{\"@id\":\"https:\/\/kodukolle.ee\/en\/#\/schema\/logo\/image\/\"}}]}<\/script>\n<!-- \/ Yoast SEO plugin. -->","yoast_head_json":{"title":"Kamiina LaNordica EMILIANA keittolevyll\u00e4 - Kodukolle","description":"LaNordican upea Emiliana puul\u00e4mmitteinen takka, joka ei ainoastaan \u200b\u200bl\u00e4mmit\u00e4, vaan my\u00f6s eleganssia. Tyylik\u00e4s ja ajaton Emiliana on t\u00e4ydellinen valinta sisustustietoiseen kotiisi.","robots":{"index":"index","follow":"follow","max-snippet":"max-snippet:-1","max-image-preview":"max-image-preview:large","max-video-preview":"max-video-preview:-1"},"canonical":"https:\/\/kodukolle.ee\/fi\/tuote\/kamiina-lanordica-emiliana-keittolevylla\/","og_locale":"fi_FI","og_type":"article","og_title":"Kamiina LaNordica EMILIANA keittolevyll\u00e4 - Kodukolle","og_description":"LaNordican upea Emiliana puul\u00e4mmitteinen takka, joka ei ainoastaan \u200b\u200bl\u00e4mmit\u00e4, vaan my\u00f6s eleganssia. Tyylik\u00e4s ja ajaton Emiliana on t\u00e4ydellinen valinta sisustustietoiseen kotiisi.","og_url":"https:\/\/kodukolle.ee\/fi\/tuote\/kamiina-lanordica-emiliana-keittolevylla\/","og_site_name":"Kodukolle","article_modified_time":"2024-03-14T06:58:14+00:00","og_image":[{"width":1000,"height":1000,"url":"https:\/\/kodukolle.ee\/wp-content\/uploads\/2019\/09\/la-nordica-emiliana-white-inf.jpg","type":"image\/jpeg"}],"twitter_card":"summary_large_image","twitter_misc":{"Est. reading time":"1 minuutti"},"schema":{"@context":"https:\/\/schema.org","@graph":[{"@type":"WebPage","@id":"https:\/\/kodukolle.ee\/fi\/tuote\/kamiina-lanordica-emiliana-keittolevylla\/","url":"https:\/\/kodukolle.ee\/fi\/tuote\/kamiina-lanordica-emiliana-keittolevylla\/","name":"Kamiina LaNordica EMILIANA keittolevyll\u00e4 - Kodukolle","isPartOf":{"@id":"https:\/\/kodukolle.ee\/en\/#website"},"primaryImageOfPage":{"@id":"https:\/\/kodukolle.ee\/fi\/tuote\/kamiina-lanordica-emiliana-keittolevylla\/#primaryimage"},"image":{"@id":"https:\/\/kodukolle.ee\/fi\/tuote\/kamiina-lanordica-emiliana-keittolevylla\/#primaryimage"},"thumbnailUrl":"https:\/\/kodukolle.ee\/wp-content\/uploads\/2019\/09\/la-nordica-emiliana-white-inf.jpg","datePublished":"2019-09-23T08:25:10+00:00","dateModified":"2024-03-14T06:58:14+00:00","description":"LaNordican upea Emiliana puul\u00e4mmitteinen takka, joka ei ainoastaan \u200b\u200bl\u00e4mmit\u00e4, vaan my\u00f6s eleganssia. Tyylik\u00e4s ja ajaton Emiliana on t\u00e4ydellinen valinta sisustustietoiseen kotiisi.","breadcrumb":{"@id":"https:\/\/kodukolle.ee\/fi\/tuote\/kamiina-lanordica-emiliana-keittolevylla\/#breadcrumb"},"inLanguage":"fi","potentialAction":[{"@type":"ReadAction","target":["https:\/\/kodukolle.ee\/fi\/tuote\/kamiina-lanordica-emiliana-keittolevylla\/"]}]},{"@type":"ImageObject","inLanguage":"fi","@id":"https:\/\/kodukolle.ee\/fi\/tuote\/kamiina-lanordica-emiliana-keittolevylla\/#primaryimage","url":"https:\/\/kodukolle.ee\/wp-content\/uploads\/2019\/09\/la-nordica-emiliana-white-inf.jpg","contentUrl":"https:\/\/kodukolle.ee\/wp-content\/uploads\/2019\/09\/la-nordica-emiliana-white-inf.jpg","width":1000,"height":1000,"caption":"la nordica emiliana"},{"@type":"BreadcrumbList","@id":"https:\/\/kodukolle.ee\/fi\/tuote\/kamiina-lanordica-emiliana-keittolevylla\/#breadcrumb","itemListElement":[{"@type":"ListItem","position":1,"name":"Home","item":"https:\/\/kodukolle.ee\/fi\/"},{"@type":"ListItem","position":2,"name":"Tuotteet","item":"https:\/\/kodukolle.ee\/fi\/tuotteet\/"},{"@type":"ListItem","position":3,"name":"Kamiina LaNordica EMILIANA keittolevyll\u00e4"}]},{"@type":"WebSite","@id":"https:\/\/kodukolle.ee\/en\/#website","url":"https:\/\/kodukolle.ee\/en\/","name":"Kodukolle","description":"","publisher":{"@id":"https:\/\/kodukolle.ee\/en\/#organization"},"potentialAction":[{"@type":"SearchAction","target":{"@type":"EntryPoint","urlTemplate":"https:\/\/kodukolle.ee\/en\/?s={search_term_string}"},"query-input":{"@type":"PropertyValueSpecification","valueRequired":true,"valueName":"search_term_string"}}],"inLanguage":"fi"},{"@type":"Organization","@id":"https:\/\/kodukolle.ee\/en\/#organization","name":"Kodukolle","url":"https:\/\/kodukolle.ee\/en\/","logo":{"@type":"ImageObject","inLanguage":"fi","@id":"https:\/\/kodukolle.ee\/en\/#\/schema\/logo\/image\/","url":"https:\/\/kodukolle.ee\/wp-content\/uploads\/2025\/06\/logo_must_gradient.svg","contentUrl":"https:\/\/kodukolle.ee\/wp-content\/uploads\/2025\/06\/logo_must_gradient.svg","caption":"Kodukolle"},"image":{"@id":"https:\/\/kodukolle.ee\/en\/#\/schema\/logo\/image\/"}}]}},"_links":{"self":[{"href":"https:\/\/kodukolle.ee\/fi\/wp-json\/wp\/v2\/product\/24988","targetHints":{"allow":["GET"]}}],"collection":[{"href":"https:\/\/kodukolle.ee\/fi\/wp-json\/wp\/v2\/product"}],"about":[{"href":"https:\/\/kodukolle.ee\/fi\/wp-json\/wp\/v2\/types\/product"}],"wp:featuredmedia":[{"embeddable":true,"href":"https:\/\/kodukolle.ee\/fi\/wp-json\/wp\/v2\/media\/14418"}],"wp:attachment":[{"href":"https:\/\/kodukolle.ee\/fi\/wp-json\/wp\/v2\/media?parent=24988"}],"wp:term":[{"taxonomy":"product_brand","embeddable":true,"href":"https:\/\/kodukolle.ee\/fi\/wp-json\/wp\/v2\/product_brand?post=24988"},{"taxonomy":"product_cat","embeddable":true,"href":"https:\/\/kodukolle.ee\/fi\/wp-json\/wp\/v2\/product_cat?post=24988"},{"taxonomy":"product_tag","embeddable":true,"href":"https:\/\/kodukolle.ee\/fi\/wp-json\/wp\/v2\/product_tag?post=24988"}],"curies":[{"name":"wp","href":"https:\/\/api.w.org\/{rel}","templated":true}]}}