{"id":25050,"date":"2023-05-31T10:51:15","date_gmt":"2023-05-31T07:51:15","guid":{"rendered":"https:\/\/kodukolle.ee\/?post_type=product&#038;p=25050"},"modified":"2023-12-20T13:15:49","modified_gmt":"2023-12-20T11:15:49","slug":"puukiuas-skamet-s-220","status":"publish","type":"product","link":"https:\/\/kodukolle.ee\/fi\/tuote\/puukiuas-skamet-s-220\/","title":{"rendered":"Puukiuas SKAMET S-220"},"content":{"rendered":"<p>Puukiuas on l\u00f6ylyhuoneen syd\u00e4n, jota ei pit\u00e4isi puuttua kenenk\u00e4\u00e4n todellisen saunan yst\u00e4v\u00e4n kodista. Virkist\u00e4v\u00e4 sauna on t\u00e4ydellinen tapa paeta arjen huolia v\u00e4sytt\u00e4v\u00e4n ty\u00f6p\u00e4iv\u00e4n tai stressaavan ty\u00f6viikon j\u00e4lkeen. Skamet-kiukaat on tarkoitettu kaikille, jotka arvostavat rentouttavaa saunaa, h\u00f6yry yst\u00e4vien kanssa tai parantavaa saunomista.<\/p>\n<p>Skamet S-220 on suorakaiteen mallisella verkkorungolla kiuas, joka l\u00e4mmitet\u00e4\u00e4n toisesta huoneesta, sopii erinomaisesti 16-25 m\u00b3 kokoisiin l\u00f6ylyhuoneisiin. Kiuaskivien suuren m\u00e4\u00e4r\u00e4n ansiosta verkkorunkoisen kiukaan l\u00f6ylyt kest\u00e4v\u00e4t kauemmin kuin normaalisti ja saunan l\u00e4mmitt\u00e4minen kest\u00e4\u00e4 noin 60-90 minuuttia. Kompaktin kokonsa ansiosta se sopii t\u00e4ydellisesti my\u00f6s pieniin saunoihin. On my\u00f6s mahdollista ostaa vesis\u00e4ili\u00f6 savupiippuun kiinnitett\u00e4v\u00e4ksi ja l\u00e4mmitt\u00e4\u00e4 sen avulla vett\u00e4. Puukiukaaseen kuuluu puisella kahvalla varustettu metallinen ovi, oven aukeamista voi valita. Halutessaan settiin voi lis\u00e4t\u00e4 my\u00f6s l\u00e4mm\u00f6nkest\u00e4v\u00e4n lasioven ja kiuaskivi\u00e4. On my\u00f6s mahdollista ostaa musta tai ruostumaton ter\u00e4sverhous, joka tekee kiukaasta tyylikk\u00e4\u00e4n sisustuselementin. S-220 -malli sopii perheille, jotka nauttivat pitkist\u00e4 ja rentouttavista l\u00f6ylyist\u00e4 ja joiden saunominen kest\u00e4\u00e4 kauemmin kuin kaksi tuntia.<\/p>\n<p>&nbsp;<\/p>\n","protected":false},"excerpt":{"rendered":"<p>Puukiuas on l\u00f6ylyhuoneen syd\u00e4n, jota ei pit\u00e4isi puuttua kenenk\u00e4\u00e4n todellisen saunan yst\u00e4v\u00e4n kodista. Virkist\u00e4v\u00e4 sauna on t\u00e4ydellinen tapa paeta arjen huolia v\u00e4sytt\u00e4v\u00e4n ty\u00f6p\u00e4iv\u00e4n tai stressaavan ty\u00f6viikon j\u00e4lkeen. Skamet-kiukaat on tarkoitettu kaikille, jotka arvostavat rentouttavaa saunaa, h\u00f6yrysaunaa yst\u00e4vien kanssa tai parantavaa saunomista.<\/p>\n","protected":false},"featured_media":12070,"template":"","meta":{"_acf_changed":false},"product_brand":[],"product_cat":[9692,9723],"product_tag":[],"class_list":{"0":"post-25050","1":"product","2":"type-product","3":"status-publish","4":"has-post-thumbnail","6":"brands-skamet-fi","7":"product_cat-kiukaat-ja-grillit","8":"product_cat-ale","10":"first","11":"instock","12":"shipping-taxable","13":"purchasable","14":"product-type-simple"},"acf":[],"yoast_head":"<!-- This site is optimized with the Yoast SEO plugin v27.2 - https:\/\/yoast.com\/product\/yoast-seo-wordpress\/ -->\n<title>Puukiuas SKAMET S-220 - Kodukolle<\/title>\n<meta name=\"description\" content=\"Skamet S-220 on suorakaiteen mallisella verkkorungolla kiuas, joka l\u00e4mmitet\u00e4\u00e4n toisesta huoneesta, sopii erinomaisesti 16-25 m\u00b3 kokoisiin l\u00f6ylyhuoneisiin.\" \/>\n<meta name=\"robots\" content=\"index, follow, max-snippet:-1, max-image-preview:large, max-video-preview:-1\" \/>\n<link rel=\"canonical\" href=\"https:\/\/kodukolle.ee\/fi\/tuote\/puukiuas-skamet-s-220\/\" \/>\n<meta property=\"og:locale\" content=\"fi_FI\" \/>\n<meta property=\"og:type\" content=\"article\" \/>\n<meta property=\"og:title\" content=\"Puukiuas SKAMET S-220 - Kodukolle\" \/>\n<meta property=\"og:description\" content=\"Skamet S-220 on suorakaiteen mallisella verkkorungolla kiuas, joka l\u00e4mmitet\u00e4\u00e4n toisesta huoneesta, sopii erinomaisesti 16-25 m\u00b3 kokoisiin l\u00f6ylyhuoneisiin.\" \/>\n<meta property=\"og:url\" content=\"https:\/\/kodukolle.ee\/fi\/tuote\/puukiuas-skamet-s-220\/\" \/>\n<meta property=\"og:site_name\" content=\"Kodukolle\" \/>\n<meta property=\"article:modified_time\" content=\"2023-12-20T11:15:49+00:00\" \/>\n<meta property=\"og:image\" content=\"https:\/\/kodukolle.ee\/wp-content\/uploads\/2023\/05\/Skamet_puukeris-s-216-s-220.jpeg\" \/>\n\t<meta property=\"og:image:width\" content=\"1000\" \/>\n\t<meta property=\"og:image:height\" content=\"1000\" \/>\n\t<meta property=\"og:image:type\" content=\"image\/jpeg\" \/>\n<meta name=\"twitter:card\" content=\"summary_large_image\" \/>\n<meta name=\"twitter:label1\" content=\"Est. reading time\" \/>\n\t<meta name=\"twitter:data1\" content=\"1 minuutti\" \/>\n<script type=\"application\/ld+json\" class=\"yoast-schema-graph\">{\"@context\":\"https:\/\/schema.org\",\"@graph\":[{\"@type\":\"WebPage\",\"@id\":\"https:\/\/kodukolle.ee\/fi\/tuote\/puukiuas-skamet-s-220\/\",\"url\":\"https:\/\/kodukolle.ee\/fi\/tuote\/puukiuas-skamet-s-220\/\",\"name\":\"Puukiuas SKAMET S-220 - Kodukolle\",\"isPartOf\":{\"@id\":\"https:\/\/kodukolle.ee\/en\/#website\"},\"primaryImageOfPage\":{\"@id\":\"https:\/\/kodukolle.ee\/fi\/tuote\/puukiuas-skamet-s-220\/#primaryimage\"},\"image\":{\"@id\":\"https:\/\/kodukolle.ee\/fi\/tuote\/puukiuas-skamet-s-220\/#primaryimage\"},\"thumbnailUrl\":\"https:\/\/kodukolle.ee\/wp-content\/uploads\/2023\/05\/Skamet_puukeris-s-216-s-220.jpeg\",\"datePublished\":\"2023-05-31T07:51:15+00:00\",\"dateModified\":\"2023-12-20T11:15:49+00:00\",\"description\":\"Skamet S-220 on suorakaiteen mallisella verkkorungolla kiuas, joka l\u00e4mmitet\u00e4\u00e4n toisesta huoneesta, sopii erinomaisesti 16-25 m\u00b3 kokoisiin l\u00f6ylyhuoneisiin.\",\"breadcrumb\":{\"@id\":\"https:\/\/kodukolle.ee\/fi\/tuote\/puukiuas-skamet-s-220\/#breadcrumb\"},\"inLanguage\":\"fi\",\"potentialAction\":[{\"@type\":\"ReadAction\",\"target\":[\"https:\/\/kodukolle.ee\/fi\/tuote\/puukiuas-skamet-s-220\/\"]}]},{\"@type\":\"ImageObject\",\"inLanguage\":\"fi\",\"@id\":\"https:\/\/kodukolle.ee\/fi\/tuote\/puukiuas-skamet-s-220\/#primaryimage\",\"url\":\"https:\/\/kodukolle.ee\/wp-content\/uploads\/2023\/05\/Skamet_puukeris-s-216-s-220.jpeg\",\"contentUrl\":\"https:\/\/kodukolle.ee\/wp-content\/uploads\/2023\/05\/Skamet_puukeris-s-216-s-220.jpeg\",\"width\":1000,\"height\":1000,\"caption\":\"Skamet s-216\"},{\"@type\":\"BreadcrumbList\",\"@id\":\"https:\/\/kodukolle.ee\/fi\/tuote\/puukiuas-skamet-s-220\/#breadcrumb\",\"itemListElement\":[{\"@type\":\"ListItem\",\"position\":1,\"name\":\"Home\",\"item\":\"https:\/\/kodukolle.ee\/fi\/\"},{\"@type\":\"ListItem\",\"position\":2,\"name\":\"Tuotteet\",\"item\":\"https:\/\/kodukolle.ee\/fi\/tuotteet\/\"},{\"@type\":\"ListItem\",\"position\":3,\"name\":\"Puukiuas SKAMET S-220\"}]},{\"@type\":\"WebSite\",\"@id\":\"https:\/\/kodukolle.ee\/en\/#website\",\"url\":\"https:\/\/kodukolle.ee\/en\/\",\"name\":\"Kodukolle\",\"description\":\"\",\"publisher\":{\"@id\":\"https:\/\/kodukolle.ee\/en\/#organization\"},\"potentialAction\":[{\"@type\":\"SearchAction\",\"target\":{\"@type\":\"EntryPoint\",\"urlTemplate\":\"https:\/\/kodukolle.ee\/en\/?s={search_term_string}\"},\"query-input\":{\"@type\":\"PropertyValueSpecification\",\"valueRequired\":true,\"valueName\":\"search_term_string\"}}],\"inLanguage\":\"fi\"},{\"@type\":\"Organization\",\"@id\":\"https:\/\/kodukolle.ee\/en\/#organization\",\"name\":\"Kodukolle\",\"url\":\"https:\/\/kodukolle.ee\/en\/\",\"logo\":{\"@type\":\"ImageObject\",\"inLanguage\":\"fi\",\"@id\":\"https:\/\/kodukolle.ee\/en\/#\/schema\/logo\/image\/\",\"url\":\"https:\/\/kodukolle.ee\/wp-content\/uploads\/2025\/06\/logo_must_gradient.svg\",\"contentUrl\":\"https:\/\/kodukolle.ee\/wp-content\/uploads\/2025\/06\/logo_must_gradient.svg\",\"caption\":\"Kodukolle\"},\"image\":{\"@id\":\"https:\/\/kodukolle.ee\/en\/#\/schema\/logo\/image\/\"}}]}<\/script>\n<!-- \/ Yoast SEO plugin. -->","yoast_head_json":{"title":"Puukiuas SKAMET S-220 - Kodukolle","description":"Skamet S-220 on suorakaiteen mallisella verkkorungolla kiuas, joka l\u00e4mmitet\u00e4\u00e4n toisesta huoneesta, sopii erinomaisesti 16-25 m\u00b3 kokoisiin l\u00f6ylyhuoneisiin.","robots":{"index":"index","follow":"follow","max-snippet":"max-snippet:-1","max-image-preview":"max-image-preview:large","max-video-preview":"max-video-preview:-1"},"canonical":"https:\/\/kodukolle.ee\/fi\/tuote\/puukiuas-skamet-s-220\/","og_locale":"fi_FI","og_type":"article","og_title":"Puukiuas SKAMET S-220 - Kodukolle","og_description":"Skamet S-220 on suorakaiteen mallisella verkkorungolla kiuas, joka l\u00e4mmitet\u00e4\u00e4n toisesta huoneesta, sopii erinomaisesti 16-25 m\u00b3 kokoisiin l\u00f6ylyhuoneisiin.","og_url":"https:\/\/kodukolle.ee\/fi\/tuote\/puukiuas-skamet-s-220\/","og_site_name":"Kodukolle","article_modified_time":"2023-12-20T11:15:49+00:00","og_image":[{"width":1000,"height":1000,"url":"https:\/\/kodukolle.ee\/wp-content\/uploads\/2023\/05\/Skamet_puukeris-s-216-s-220.jpeg","type":"image\/jpeg"}],"twitter_card":"summary_large_image","twitter_misc":{"Est. reading time":"1 minuutti"},"schema":{"@context":"https:\/\/schema.org","@graph":[{"@type":"WebPage","@id":"https:\/\/kodukolle.ee\/fi\/tuote\/puukiuas-skamet-s-220\/","url":"https:\/\/kodukolle.ee\/fi\/tuote\/puukiuas-skamet-s-220\/","name":"Puukiuas SKAMET S-220 - Kodukolle","isPartOf":{"@id":"https:\/\/kodukolle.ee\/en\/#website"},"primaryImageOfPage":{"@id":"https:\/\/kodukolle.ee\/fi\/tuote\/puukiuas-skamet-s-220\/#primaryimage"},"image":{"@id":"https:\/\/kodukolle.ee\/fi\/tuote\/puukiuas-skamet-s-220\/#primaryimage"},"thumbnailUrl":"https:\/\/kodukolle.ee\/wp-content\/uploads\/2023\/05\/Skamet_puukeris-s-216-s-220.jpeg","datePublished":"2023-05-31T07:51:15+00:00","dateModified":"2023-12-20T11:15:49+00:00","description":"Skamet S-220 on suorakaiteen mallisella verkkorungolla kiuas, joka l\u00e4mmitet\u00e4\u00e4n toisesta huoneesta, sopii erinomaisesti 16-25 m\u00b3 kokoisiin l\u00f6ylyhuoneisiin.","breadcrumb":{"@id":"https:\/\/kodukolle.ee\/fi\/tuote\/puukiuas-skamet-s-220\/#breadcrumb"},"inLanguage":"fi","potentialAction":[{"@type":"ReadAction","target":["https:\/\/kodukolle.ee\/fi\/tuote\/puukiuas-skamet-s-220\/"]}]},{"@type":"ImageObject","inLanguage":"fi","@id":"https:\/\/kodukolle.ee\/fi\/tuote\/puukiuas-skamet-s-220\/#primaryimage","url":"https:\/\/kodukolle.ee\/wp-content\/uploads\/2023\/05\/Skamet_puukeris-s-216-s-220.jpeg","contentUrl":"https:\/\/kodukolle.ee\/wp-content\/uploads\/2023\/05\/Skamet_puukeris-s-216-s-220.jpeg","width":1000,"height":1000,"caption":"Skamet s-216"},{"@type":"BreadcrumbList","@id":"https:\/\/kodukolle.ee\/fi\/tuote\/puukiuas-skamet-s-220\/#breadcrumb","itemListElement":[{"@type":"ListItem","position":1,"name":"Home","item":"https:\/\/kodukolle.ee\/fi\/"},{"@type":"ListItem","position":2,"name":"Tuotteet","item":"https:\/\/kodukolle.ee\/fi\/tuotteet\/"},{"@type":"ListItem","position":3,"name":"Puukiuas SKAMET S-220"}]},{"@type":"WebSite","@id":"https:\/\/kodukolle.ee\/en\/#website","url":"https:\/\/kodukolle.ee\/en\/","name":"Kodukolle","description":"","publisher":{"@id":"https:\/\/kodukolle.ee\/en\/#organization"},"potentialAction":[{"@type":"SearchAction","target":{"@type":"EntryPoint","urlTemplate":"https:\/\/kodukolle.ee\/en\/?s={search_term_string}"},"query-input":{"@type":"PropertyValueSpecification","valueRequired":true,"valueName":"search_term_string"}}],"inLanguage":"fi"},{"@type":"Organization","@id":"https:\/\/kodukolle.ee\/en\/#organization","name":"Kodukolle","url":"https:\/\/kodukolle.ee\/en\/","logo":{"@type":"ImageObject","inLanguage":"fi","@id":"https:\/\/kodukolle.ee\/en\/#\/schema\/logo\/image\/","url":"https:\/\/kodukolle.ee\/wp-content\/uploads\/2025\/06\/logo_must_gradient.svg","contentUrl":"https:\/\/kodukolle.ee\/wp-content\/uploads\/2025\/06\/logo_must_gradient.svg","caption":"Kodukolle"},"image":{"@id":"https:\/\/kodukolle.ee\/en\/#\/schema\/logo\/image\/"}}]}},"_links":{"self":[{"href":"https:\/\/kodukolle.ee\/fi\/wp-json\/wp\/v2\/product\/25050","targetHints":{"allow":["GET"]}}],"collection":[{"href":"https:\/\/kodukolle.ee\/fi\/wp-json\/wp\/v2\/product"}],"about":[{"href":"https:\/\/kodukolle.ee\/fi\/wp-json\/wp\/v2\/types\/product"}],"wp:featuredmedia":[{"embeddable":true,"href":"https:\/\/kodukolle.ee\/fi\/wp-json\/wp\/v2\/media\/12070"}],"wp:attachment":[{"href":"https:\/\/kodukolle.ee\/fi\/wp-json\/wp\/v2\/media?parent=25050"}],"wp:term":[{"taxonomy":"product_brand","embeddable":true,"href":"https:\/\/kodukolle.ee\/fi\/wp-json\/wp\/v2\/product_brand?post=25050"},{"taxonomy":"product_cat","embeddable":true,"href":"https:\/\/kodukolle.ee\/fi\/wp-json\/wp\/v2\/product_cat?post=25050"},{"taxonomy":"product_tag","embeddable":true,"href":"https:\/\/kodukolle.ee\/fi\/wp-json\/wp\/v2\/product_tag?post=25050"}],"curies":[{"name":"wp","href":"https:\/\/api.w.org\/{rel}","templated":true}]}}