{"id":25054,"date":"2019-09-23T11:25:14","date_gmt":"2019-09-23T08:25:14","guid":{"rendered":"https:\/\/kodukolle.ee\/?post_type=product&#038;p=25054"},"modified":"2023-11-29T12:51:43","modified_gmt":"2023-11-29T10:51:43","slug":"kamiina-lanordica-tahiti-anthracite-black","status":"publish","type":"product","link":"https:\/\/kodukolle.ee\/fi\/tuote\/kamiina-lanordica-tahiti-anthracite-black\/","title":{"rendered":"Kamiina LaNordica TAHITI Anthracite Black (myym\u00e4l\u00e4n n\u00e4ytetuote)"},"content":{"rendered":"<p>Tyylikk\u00e4\u00e4sti ja virtaviivaisesti muotoillun LaNordica Tahiti -takan koko rakenne, polttokammion ovi mukaan lukien, on valmistettu emaloidusta valuraudasta. Kest\u00e4v\u00e4 materiaali, joka n\u00e4ytt\u00e4\u00e4 my\u00f6s kauniilta ja parantaa visuaalisesti mit\u00e4 tahansa asuintilaa. Palamisprosessia voidaan ohjata optimaalisesti erillisell\u00e4 prim\u00e4\u00e4ri- ja toisioilman sy\u00f6t\u00f6ll\u00e4. Hitaalla ja kontrolloidulla poltolla autat suojelemaan ymp\u00e4rist\u00f6\u00e4. Vaihtoehtona suurelle, keraamisella lasilla varustetulle takka-ovelle, erityinen sivuovi tekee puun lastaamisesta entist\u00e4kin mukavampaa. Takka on varustettu ulos vedett\u00e4v\u00e4ll\u00e4 tuhka-astialla, jonka avulla palamisj\u00e4\u00e4m\u00e4t voidaan helposti poistaa. Takassa on lasinpuhdistusj\u00e4rjestelm\u00e4, joka est\u00e4\u00e4 tehokkaasti lian ker\u00e4\u00e4ntymisen takan luukun lasiin esil\u00e4mmitetyn ilmavirran avulla.\n<\/ul>\n<p>&nbsp;<\/p>\n","protected":false},"excerpt":{"rendered":"<p>Tyylikk\u00e4\u00e4sti ja virtaviivaisesti muotoillun LaNordica Tahiti -takan koko rakenne, polttokammion ovi mukaan lukien, on valmistettu emaloidusta valuraudasta. Kest\u00e4v\u00e4 materiaali, joka n\u00e4ytt\u00e4\u00e4 my\u00f6s kauniilta ja parantaa visuaalisesti mit\u00e4 tahansa asuintilaa. Palamisprosessia voidaan ohjata optimaalisesti erillisell\u00e4 prim\u00e4\u00e4ri- ja toisioilman sy\u00f6t\u00f6ll\u00e4. <\/p>\n","protected":false},"featured_media":14841,"template":"","meta":{"_acf_changed":false},"product_brand":[],"product_cat":[9620],"product_tag":[],"class_list":{"0":"post-25054","1":"product","2":"type-product","3":"status-publish","4":"has-post-thumbnail","6":"brands-nordica-fi","7":"product_cat-takat","9":"first","10":"instock","11":"shipping-taxable","12":"purchasable","13":"product-type-simple"},"acf":[],"yoast_head":"<!-- This site is optimized with the Yoast SEO plugin v27.2 - https:\/\/yoast.com\/product\/yoast-seo-wordpress\/ -->\n<title>Kamiina LaNordica TAHITI Anthracite Black (myym\u00e4l\u00e4n n\u00e4ytetuote) - Kodukolle<\/title>\n<meta name=\"description\" content=\"Tyylikk\u00e4\u00e4sti ja virtaviivaisesti muotoillun LaNordica Tahiti -takan koko rakenne, polttokammion ovi mukaan lukien, on valmistettu emaloidusta valuraudasta.\" \/>\n<meta name=\"robots\" content=\"index, follow, max-snippet:-1, max-image-preview:large, max-video-preview:-1\" \/>\n<link rel=\"canonical\" href=\"https:\/\/kodukolle.ee\/fi\/tuote\/kamiina-lanordica-tahiti-anthracite-black\/\" \/>\n<meta property=\"og:locale\" content=\"fi_FI\" \/>\n<meta property=\"og:type\" content=\"article\" \/>\n<meta property=\"og:title\" content=\"Kamiina LaNordica TAHITI Anthracite Black (myym\u00e4l\u00e4n n\u00e4ytetuote) - Kodukolle\" \/>\n<meta property=\"og:description\" content=\"Tyylikk\u00e4\u00e4sti ja virtaviivaisesti muotoillun LaNordica Tahiti -takan koko rakenne, polttokammion ovi mukaan lukien, on valmistettu emaloidusta valuraudasta.\" \/>\n<meta property=\"og:url\" content=\"https:\/\/kodukolle.ee\/fi\/tuote\/kamiina-lanordica-tahiti-anthracite-black\/\" \/>\n<meta property=\"og:site_name\" content=\"Kodukolle\" \/>\n<meta property=\"article:modified_time\" content=\"2023-11-29T10:51:43+00:00\" \/>\n<meta property=\"og:image\" content=\"https:\/\/kodukolle.ee\/wp-content\/uploads\/2019\/09\/La-Nordica-Tahiti.jpg\" \/>\n\t<meta property=\"og:image:width\" content=\"2550\" \/>\n\t<meta property=\"og:image:height\" content=\"1730\" \/>\n\t<meta property=\"og:image:type\" content=\"image\/jpeg\" \/>\n<meta name=\"twitter:card\" content=\"summary_large_image\" \/>\n<script type=\"application\/ld+json\" class=\"yoast-schema-graph\">{\"@context\":\"https:\/\/schema.org\",\"@graph\":[{\"@type\":\"WebPage\",\"@id\":\"https:\/\/kodukolle.ee\/fi\/tuote\/kamiina-lanordica-tahiti-anthracite-black\/\",\"url\":\"https:\/\/kodukolle.ee\/fi\/tuote\/kamiina-lanordica-tahiti-anthracite-black\/\",\"name\":\"Kamiina LaNordica TAHITI Anthracite Black (myym\u00e4l\u00e4n n\u00e4ytetuote) - Kodukolle\",\"isPartOf\":{\"@id\":\"https:\/\/kodukolle.ee\/en\/#website\"},\"primaryImageOfPage\":{\"@id\":\"https:\/\/kodukolle.ee\/fi\/tuote\/kamiina-lanordica-tahiti-anthracite-black\/#primaryimage\"},\"image\":{\"@id\":\"https:\/\/kodukolle.ee\/fi\/tuote\/kamiina-lanordica-tahiti-anthracite-black\/#primaryimage\"},\"thumbnailUrl\":\"https:\/\/kodukolle.ee\/wp-content\/uploads\/2019\/09\/La-Nordica-Tahiti.jpg\",\"datePublished\":\"2019-09-23T08:25:14+00:00\",\"dateModified\":\"2023-11-29T10:51:43+00:00\",\"description\":\"Tyylikk\u00e4\u00e4sti ja virtaviivaisesti muotoillun LaNordica Tahiti -takan koko rakenne, polttokammion ovi mukaan lukien, on valmistettu emaloidusta valuraudasta.\",\"breadcrumb\":{\"@id\":\"https:\/\/kodukolle.ee\/fi\/tuote\/kamiina-lanordica-tahiti-anthracite-black\/#breadcrumb\"},\"inLanguage\":\"fi\",\"potentialAction\":[{\"@type\":\"ReadAction\",\"target\":[\"https:\/\/kodukolle.ee\/fi\/tuote\/kamiina-lanordica-tahiti-anthracite-black\/\"]}]},{\"@type\":\"ImageObject\",\"inLanguage\":\"fi\",\"@id\":\"https:\/\/kodukolle.ee\/fi\/tuote\/kamiina-lanordica-tahiti-anthracite-black\/#primaryimage\",\"url\":\"https:\/\/kodukolle.ee\/wp-content\/uploads\/2019\/09\/La-Nordica-Tahiti.jpg\",\"contentUrl\":\"https:\/\/kodukolle.ee\/wp-content\/uploads\/2019\/09\/La-Nordica-Tahiti.jpg\",\"width\":2550,\"height\":1730,\"caption\":\"La-Nordica-Tahiti\"},{\"@type\":\"BreadcrumbList\",\"@id\":\"https:\/\/kodukolle.ee\/fi\/tuote\/kamiina-lanordica-tahiti-anthracite-black\/#breadcrumb\",\"itemListElement\":[{\"@type\":\"ListItem\",\"position\":1,\"name\":\"Home\",\"item\":\"https:\/\/kodukolle.ee\/fi\/\"},{\"@type\":\"ListItem\",\"position\":2,\"name\":\"Tuotteet\",\"item\":\"https:\/\/kodukolle.ee\/fi\/tuotteet\/\"},{\"@type\":\"ListItem\",\"position\":3,\"name\":\"Kamiina LaNordica TAHITI Anthracite Black (myym\u00e4l\u00e4n n\u00e4ytetuote)\"}]},{\"@type\":\"WebSite\",\"@id\":\"https:\/\/kodukolle.ee\/en\/#website\",\"url\":\"https:\/\/kodukolle.ee\/en\/\",\"name\":\"Kodukolle\",\"description\":\"\",\"publisher\":{\"@id\":\"https:\/\/kodukolle.ee\/en\/#organization\"},\"potentialAction\":[{\"@type\":\"SearchAction\",\"target\":{\"@type\":\"EntryPoint\",\"urlTemplate\":\"https:\/\/kodukolle.ee\/en\/?s={search_term_string}\"},\"query-input\":{\"@type\":\"PropertyValueSpecification\",\"valueRequired\":true,\"valueName\":\"search_term_string\"}}],\"inLanguage\":\"fi\"},{\"@type\":\"Organization\",\"@id\":\"https:\/\/kodukolle.ee\/en\/#organization\",\"name\":\"Kodukolle\",\"url\":\"https:\/\/kodukolle.ee\/en\/\",\"logo\":{\"@type\":\"ImageObject\",\"inLanguage\":\"fi\",\"@id\":\"https:\/\/kodukolle.ee\/en\/#\/schema\/logo\/image\/\",\"url\":\"https:\/\/kodukolle.ee\/wp-content\/uploads\/2025\/06\/logo_must_gradient.svg\",\"contentUrl\":\"https:\/\/kodukolle.ee\/wp-content\/uploads\/2025\/06\/logo_must_gradient.svg\",\"caption\":\"Kodukolle\"},\"image\":{\"@id\":\"https:\/\/kodukolle.ee\/en\/#\/schema\/logo\/image\/\"}}]}<\/script>\n<!-- \/ Yoast SEO plugin. -->","yoast_head_json":{"title":"Kamiina LaNordica TAHITI Anthracite Black (myym\u00e4l\u00e4n n\u00e4ytetuote) - Kodukolle","description":"Tyylikk\u00e4\u00e4sti ja virtaviivaisesti muotoillun LaNordica Tahiti -takan koko rakenne, polttokammion ovi mukaan lukien, on valmistettu emaloidusta valuraudasta.","robots":{"index":"index","follow":"follow","max-snippet":"max-snippet:-1","max-image-preview":"max-image-preview:large","max-video-preview":"max-video-preview:-1"},"canonical":"https:\/\/kodukolle.ee\/fi\/tuote\/kamiina-lanordica-tahiti-anthracite-black\/","og_locale":"fi_FI","og_type":"article","og_title":"Kamiina LaNordica TAHITI Anthracite Black (myym\u00e4l\u00e4n n\u00e4ytetuote) - Kodukolle","og_description":"Tyylikk\u00e4\u00e4sti ja virtaviivaisesti muotoillun LaNordica Tahiti -takan koko rakenne, polttokammion ovi mukaan lukien, on valmistettu emaloidusta valuraudasta.","og_url":"https:\/\/kodukolle.ee\/fi\/tuote\/kamiina-lanordica-tahiti-anthracite-black\/","og_site_name":"Kodukolle","article_modified_time":"2023-11-29T10:51:43+00:00","og_image":[{"width":2550,"height":1730,"url":"https:\/\/kodukolle.ee\/wp-content\/uploads\/2019\/09\/La-Nordica-Tahiti.jpg","type":"image\/jpeg"}],"twitter_card":"summary_large_image","schema":{"@context":"https:\/\/schema.org","@graph":[{"@type":"WebPage","@id":"https:\/\/kodukolle.ee\/fi\/tuote\/kamiina-lanordica-tahiti-anthracite-black\/","url":"https:\/\/kodukolle.ee\/fi\/tuote\/kamiina-lanordica-tahiti-anthracite-black\/","name":"Kamiina LaNordica TAHITI Anthracite Black (myym\u00e4l\u00e4n n\u00e4ytetuote) - Kodukolle","isPartOf":{"@id":"https:\/\/kodukolle.ee\/en\/#website"},"primaryImageOfPage":{"@id":"https:\/\/kodukolle.ee\/fi\/tuote\/kamiina-lanordica-tahiti-anthracite-black\/#primaryimage"},"image":{"@id":"https:\/\/kodukolle.ee\/fi\/tuote\/kamiina-lanordica-tahiti-anthracite-black\/#primaryimage"},"thumbnailUrl":"https:\/\/kodukolle.ee\/wp-content\/uploads\/2019\/09\/La-Nordica-Tahiti.jpg","datePublished":"2019-09-23T08:25:14+00:00","dateModified":"2023-11-29T10:51:43+00:00","description":"Tyylikk\u00e4\u00e4sti ja virtaviivaisesti muotoillun LaNordica Tahiti -takan koko rakenne, polttokammion ovi mukaan lukien, on valmistettu emaloidusta valuraudasta.","breadcrumb":{"@id":"https:\/\/kodukolle.ee\/fi\/tuote\/kamiina-lanordica-tahiti-anthracite-black\/#breadcrumb"},"inLanguage":"fi","potentialAction":[{"@type":"ReadAction","target":["https:\/\/kodukolle.ee\/fi\/tuote\/kamiina-lanordica-tahiti-anthracite-black\/"]}]},{"@type":"ImageObject","inLanguage":"fi","@id":"https:\/\/kodukolle.ee\/fi\/tuote\/kamiina-lanordica-tahiti-anthracite-black\/#primaryimage","url":"https:\/\/kodukolle.ee\/wp-content\/uploads\/2019\/09\/La-Nordica-Tahiti.jpg","contentUrl":"https:\/\/kodukolle.ee\/wp-content\/uploads\/2019\/09\/La-Nordica-Tahiti.jpg","width":2550,"height":1730,"caption":"La-Nordica-Tahiti"},{"@type":"BreadcrumbList","@id":"https:\/\/kodukolle.ee\/fi\/tuote\/kamiina-lanordica-tahiti-anthracite-black\/#breadcrumb","itemListElement":[{"@type":"ListItem","position":1,"name":"Home","item":"https:\/\/kodukolle.ee\/fi\/"},{"@type":"ListItem","position":2,"name":"Tuotteet","item":"https:\/\/kodukolle.ee\/fi\/tuotteet\/"},{"@type":"ListItem","position":3,"name":"Kamiina LaNordica TAHITI Anthracite Black (myym\u00e4l\u00e4n n\u00e4ytetuote)"}]},{"@type":"WebSite","@id":"https:\/\/kodukolle.ee\/en\/#website","url":"https:\/\/kodukolle.ee\/en\/","name":"Kodukolle","description":"","publisher":{"@id":"https:\/\/kodukolle.ee\/en\/#organization"},"potentialAction":[{"@type":"SearchAction","target":{"@type":"EntryPoint","urlTemplate":"https:\/\/kodukolle.ee\/en\/?s={search_term_string}"},"query-input":{"@type":"PropertyValueSpecification","valueRequired":true,"valueName":"search_term_string"}}],"inLanguage":"fi"},{"@type":"Organization","@id":"https:\/\/kodukolle.ee\/en\/#organization","name":"Kodukolle","url":"https:\/\/kodukolle.ee\/en\/","logo":{"@type":"ImageObject","inLanguage":"fi","@id":"https:\/\/kodukolle.ee\/en\/#\/schema\/logo\/image\/","url":"https:\/\/kodukolle.ee\/wp-content\/uploads\/2025\/06\/logo_must_gradient.svg","contentUrl":"https:\/\/kodukolle.ee\/wp-content\/uploads\/2025\/06\/logo_must_gradient.svg","caption":"Kodukolle"},"image":{"@id":"https:\/\/kodukolle.ee\/en\/#\/schema\/logo\/image\/"}}]}},"_links":{"self":[{"href":"https:\/\/kodukolle.ee\/fi\/wp-json\/wp\/v2\/product\/25054","targetHints":{"allow":["GET"]}}],"collection":[{"href":"https:\/\/kodukolle.ee\/fi\/wp-json\/wp\/v2\/product"}],"about":[{"href":"https:\/\/kodukolle.ee\/fi\/wp-json\/wp\/v2\/types\/product"}],"wp:featuredmedia":[{"embeddable":true,"href":"https:\/\/kodukolle.ee\/fi\/wp-json\/wp\/v2\/media\/14841"}],"wp:attachment":[{"href":"https:\/\/kodukolle.ee\/fi\/wp-json\/wp\/v2\/media?parent=25054"}],"wp:term":[{"taxonomy":"product_brand","embeddable":true,"href":"https:\/\/kodukolle.ee\/fi\/wp-json\/wp\/v2\/product_brand?post=25054"},{"taxonomy":"product_cat","embeddable":true,"href":"https:\/\/kodukolle.ee\/fi\/wp-json\/wp\/v2\/product_cat?post=25054"},{"taxonomy":"product_tag","embeddable":true,"href":"https:\/\/kodukolle.ee\/fi\/wp-json\/wp\/v2\/product_tag?post=25054"}],"curies":[{"name":"wp","href":"https:\/\/api.w.org\/{rel}","templated":true}]}}