{"id":25088,"date":"2019-09-23T11:25:12","date_gmt":"2019-09-23T08:25:12","guid":{"rendered":"https:\/\/kodukolle.ee\/?post_type=product&#038;p=25088"},"modified":"2024-03-14T11:46:32","modified_gmt":"2024-03-14T09:46:32","slug":"kamiina-lanordica-fedora-keittolevylla-2","status":"publish","type":"product","link":"https:\/\/kodukolle.ee\/fi\/tuote\/kamiina-lanordica-fedora-keittolevylla-2\/","title":{"rendered":"Kamiina LaNordica FEDORA keittolevyll\u00e4"},"content":{"rendered":"<p>LaNordica Fedora takka \u2013 perinteinen italialainen muotoilu modernilla tekniikalla. Esil\u00e4mmitetyn ilmavirran ansiosta, joka est\u00e4\u00e4 lian ker\u00e4\u00e4ntymisen takan lasille, saat parhaan mahdollisen n\u00e4kyvyyden liekkeihin pitk\u00e4ksi aikaa. Polttokammion ovi on valmistettu korkealaatuisesta valuraudasta, joka ei muuta ulkon\u00e4k\u00f6\u00e4\u00e4n korkeammissakaan l\u00e4mp\u00f6tiloissa. Ensi\u00f6- ja toisioilman sy\u00f6tt\u00f6\u00e4 voidaan s\u00e4\u00e4t\u00e4\u00e4 manuaalisesti erikseen palamisprosessin s\u00e4\u00e4telemiseksi. Takka on varustettu ulos vedett\u00e4v\u00e4ll\u00e4 tuhka-astialla, jonka avulla palamisj\u00e4\u00e4m\u00e4t voidaan helposti poistaa. Ymp\u00e4rist\u00f6yst\u00e4v\u00e4llisen j\u00e4lkipolttoj\u00e4rjestelm\u00e4n ansiosta p\u00e4\u00e4st\u00f6t ovat alhaiset.<br \/>\n&nbsp; <\/p>\n","protected":false},"excerpt":{"rendered":"<p>LaNordica Fedora takka \u2013 perinteinen italialainen muotoilu modernilla tekniikalla. Esil\u00e4mmitetyn ilmavirran ansiosta, joka est\u00e4\u00e4 lian ker\u00e4\u00e4ntymisen takan lasille, saat parhaan mahdollisen n\u00e4kyvyyden liekkeihin pitk\u00e4ksi aikaa. Polttokammion ovi on valmistettu korkealaatuisesta valuraudasta, joka ei muuta ulkon\u00e4k\u00f6\u00e4\u00e4n korkeammissakaan l\u00e4mp\u00f6tiloissa.<\/p>\n","protected":false},"featured_media":14524,"template":"","meta":{"_acf_changed":false},"product_brand":[],"product_cat":[9620],"product_tag":[],"class_list":{"0":"post-25088","1":"product","2":"type-product","3":"status-publish","4":"has-post-thumbnail","6":"brands-nordica-fi","7":"product_cat-takat","9":"first","10":"instock","11":"shipping-taxable","12":"purchasable","13":"product-type-simple"},"acf":[],"yoast_head":"<!-- This site is optimized with the Yoast SEO plugin v27.2 - https:\/\/yoast.com\/product\/yoast-seo-wordpress\/ -->\n<title>Kamiina LaNordica FEDORA keittolevyll\u00e4 - Kodukolle<\/title>\n<meta name=\"description\" content=\"LaNordica Fedora takka \u2013 perinteinen italialainen muotoilu modernilla tekniikalla. Esil\u00e4mmitetyn ilmavirran ansiosta, joka est\u00e4\u00e4 lian ker\u00e4\u00e4ntymisen takan lasille, saat parhaan mahdollisen n\u00e4kyvyyden liekkeihin pitk\u00e4ksi aikaa.\" \/>\n<meta name=\"robots\" content=\"index, follow, max-snippet:-1, max-image-preview:large, max-video-preview:-1\" \/>\n<link rel=\"canonical\" href=\"https:\/\/kodukolle.ee\/tuote\/kamin-lanordica-fedora\/\" \/>\n<meta property=\"og:locale\" content=\"fi_FI\" \/>\n<meta property=\"og:type\" content=\"article\" \/>\n<meta property=\"og:title\" content=\"Kamiina LaNordica FEDORA keittolevyll\u00e4 - Kodukolle\" \/>\n<meta property=\"og:description\" content=\"LaNordica Fedora takka \u2013 perinteinen italialainen muotoilu modernilla tekniikalla. Esil\u00e4mmitetyn ilmavirran ansiosta, joka est\u00e4\u00e4 lian ker\u00e4\u00e4ntymisen takan lasille, saat parhaan mahdollisen n\u00e4kyvyyden liekkeihin pitk\u00e4ksi aikaa.\" \/>\n<meta property=\"og:url\" content=\"https:\/\/kodukolle.ee\/tuote\/kamin-lanordica-fedora\/\" \/>\n<meta property=\"og:site_name\" content=\"Kodukolle\" \/>\n<meta property=\"article:modified_time\" content=\"2024-03-14T09:46:32+00:00\" \/>\n<meta property=\"og:image\" content=\"https:\/\/kodukolle.ee\/wp-content\/uploads\/2019\/09\/la-nordica-fedora.jpg\" \/>\n\t<meta property=\"og:image:width\" content=\"1500\" \/>\n\t<meta property=\"og:image:height\" content=\"1500\" \/>\n\t<meta property=\"og:image:type\" content=\"image\/jpeg\" \/>\n<meta name=\"twitter:card\" content=\"summary_large_image\" \/>\n<meta name=\"twitter:label1\" content=\"Est. reading time\" \/>\n\t<meta name=\"twitter:data1\" content=\"1 minuutti\" \/>\n<script type=\"application\/ld+json\" class=\"yoast-schema-graph\">{\"@context\":\"https:\/\/schema.org\",\"@graph\":[{\"@type\":\"WebPage\",\"@id\":\"https:\/\/kodukolle.ee\/tuote\/kamin-lanordica-fedora\/\",\"url\":\"https:\/\/kodukolle.ee\/tuote\/kamin-lanordica-fedora\/\",\"name\":\"Kamiina LaNordica FEDORA keittolevyll\u00e4 - Kodukolle\",\"isPartOf\":{\"@id\":\"https:\/\/kodukolle.ee\/en\/#website\"},\"primaryImageOfPage\":{\"@id\":\"https:\/\/kodukolle.ee\/tuote\/kamin-lanordica-fedora\/#primaryimage\"},\"image\":{\"@id\":\"https:\/\/kodukolle.ee\/tuote\/kamin-lanordica-fedora\/#primaryimage\"},\"thumbnailUrl\":\"https:\/\/kodukolle.ee\/wp-content\/uploads\/2019\/09\/la-nordica-fedora.jpg\",\"datePublished\":\"2019-09-23T08:25:12+00:00\",\"dateModified\":\"2024-03-14T09:46:32+00:00\",\"description\":\"LaNordica Fedora takka \u2013 perinteinen italialainen muotoilu modernilla tekniikalla. Esil\u00e4mmitetyn ilmavirran ansiosta, joka est\u00e4\u00e4 lian ker\u00e4\u00e4ntymisen takan lasille, saat parhaan mahdollisen n\u00e4kyvyyden liekkeihin pitk\u00e4ksi aikaa.\",\"breadcrumb\":{\"@id\":\"https:\/\/kodukolle.ee\/tuote\/kamin-lanordica-fedora\/#breadcrumb\"},\"inLanguage\":\"fi\",\"potentialAction\":[{\"@type\":\"ReadAction\",\"target\":[\"https:\/\/kodukolle.ee\/tuote\/kamin-lanordica-fedora\/\"]}]},{\"@type\":\"ImageObject\",\"inLanguage\":\"fi\",\"@id\":\"https:\/\/kodukolle.ee\/tuote\/kamin-lanordica-fedora\/#primaryimage\",\"url\":\"https:\/\/kodukolle.ee\/wp-content\/uploads\/2019\/09\/la-nordica-fedora.jpg\",\"contentUrl\":\"https:\/\/kodukolle.ee\/wp-content\/uploads\/2019\/09\/la-nordica-fedora.jpg\",\"width\":1500,\"height\":1500,\"caption\":\"la-nordica-fedora\"},{\"@type\":\"BreadcrumbList\",\"@id\":\"https:\/\/kodukolle.ee\/tuote\/kamin-lanordica-fedora\/#breadcrumb\",\"itemListElement\":[{\"@type\":\"ListItem\",\"position\":1,\"name\":\"Home\",\"item\":\"https:\/\/kodukolle.ee\/fi\/\"},{\"@type\":\"ListItem\",\"position\":2,\"name\":\"Tuotteet\",\"item\":\"https:\/\/kodukolle.ee\/fi\/tuotteet\/\"},{\"@type\":\"ListItem\",\"position\":3,\"name\":\"Kamiina LaNordica FEDORA keittolevyll\u00e4\"}]},{\"@type\":\"WebSite\",\"@id\":\"https:\/\/kodukolle.ee\/en\/#website\",\"url\":\"https:\/\/kodukolle.ee\/en\/\",\"name\":\"Kodukolle\",\"description\":\"\",\"publisher\":{\"@id\":\"https:\/\/kodukolle.ee\/en\/#organization\"},\"potentialAction\":[{\"@type\":\"SearchAction\",\"target\":{\"@type\":\"EntryPoint\",\"urlTemplate\":\"https:\/\/kodukolle.ee\/en\/?s={search_term_string}\"},\"query-input\":{\"@type\":\"PropertyValueSpecification\",\"valueRequired\":true,\"valueName\":\"search_term_string\"}}],\"inLanguage\":\"fi\"},{\"@type\":\"Organization\",\"@id\":\"https:\/\/kodukolle.ee\/en\/#organization\",\"name\":\"Kodukolle\",\"url\":\"https:\/\/kodukolle.ee\/en\/\",\"logo\":{\"@type\":\"ImageObject\",\"inLanguage\":\"fi\",\"@id\":\"https:\/\/kodukolle.ee\/en\/#\/schema\/logo\/image\/\",\"url\":\"https:\/\/kodukolle.ee\/wp-content\/uploads\/2025\/06\/logo_must_gradient.svg\",\"contentUrl\":\"https:\/\/kodukolle.ee\/wp-content\/uploads\/2025\/06\/logo_must_gradient.svg\",\"caption\":\"Kodukolle\"},\"image\":{\"@id\":\"https:\/\/kodukolle.ee\/en\/#\/schema\/logo\/image\/\"}}]}<\/script>\n<!-- \/ Yoast SEO plugin. -->","yoast_head_json":{"title":"Kamiina LaNordica FEDORA keittolevyll\u00e4 - Kodukolle","description":"LaNordica Fedora takka \u2013 perinteinen italialainen muotoilu modernilla tekniikalla. Esil\u00e4mmitetyn ilmavirran ansiosta, joka est\u00e4\u00e4 lian ker\u00e4\u00e4ntymisen takan lasille, saat parhaan mahdollisen n\u00e4kyvyyden liekkeihin pitk\u00e4ksi aikaa.","robots":{"index":"index","follow":"follow","max-snippet":"max-snippet:-1","max-image-preview":"max-image-preview:large","max-video-preview":"max-video-preview:-1"},"canonical":"https:\/\/kodukolle.ee\/tuote\/kamin-lanordica-fedora\/","og_locale":"fi_FI","og_type":"article","og_title":"Kamiina LaNordica FEDORA keittolevyll\u00e4 - Kodukolle","og_description":"LaNordica Fedora takka \u2013 perinteinen italialainen muotoilu modernilla tekniikalla. Esil\u00e4mmitetyn ilmavirran ansiosta, joka est\u00e4\u00e4 lian ker\u00e4\u00e4ntymisen takan lasille, saat parhaan mahdollisen n\u00e4kyvyyden liekkeihin pitk\u00e4ksi aikaa.","og_url":"https:\/\/kodukolle.ee\/tuote\/kamin-lanordica-fedora\/","og_site_name":"Kodukolle","article_modified_time":"2024-03-14T09:46:32+00:00","og_image":[{"width":1500,"height":1500,"url":"https:\/\/kodukolle.ee\/wp-content\/uploads\/2019\/09\/la-nordica-fedora.jpg","type":"image\/jpeg"}],"twitter_card":"summary_large_image","twitter_misc":{"Est. reading time":"1 minuutti"},"schema":{"@context":"https:\/\/schema.org","@graph":[{"@type":"WebPage","@id":"https:\/\/kodukolle.ee\/tuote\/kamin-lanordica-fedora\/","url":"https:\/\/kodukolle.ee\/tuote\/kamin-lanordica-fedora\/","name":"Kamiina LaNordica FEDORA keittolevyll\u00e4 - Kodukolle","isPartOf":{"@id":"https:\/\/kodukolle.ee\/en\/#website"},"primaryImageOfPage":{"@id":"https:\/\/kodukolle.ee\/tuote\/kamin-lanordica-fedora\/#primaryimage"},"image":{"@id":"https:\/\/kodukolle.ee\/tuote\/kamin-lanordica-fedora\/#primaryimage"},"thumbnailUrl":"https:\/\/kodukolle.ee\/wp-content\/uploads\/2019\/09\/la-nordica-fedora.jpg","datePublished":"2019-09-23T08:25:12+00:00","dateModified":"2024-03-14T09:46:32+00:00","description":"LaNordica Fedora takka \u2013 perinteinen italialainen muotoilu modernilla tekniikalla. Esil\u00e4mmitetyn ilmavirran ansiosta, joka est\u00e4\u00e4 lian ker\u00e4\u00e4ntymisen takan lasille, saat parhaan mahdollisen n\u00e4kyvyyden liekkeihin pitk\u00e4ksi aikaa.","breadcrumb":{"@id":"https:\/\/kodukolle.ee\/tuote\/kamin-lanordica-fedora\/#breadcrumb"},"inLanguage":"fi","potentialAction":[{"@type":"ReadAction","target":["https:\/\/kodukolle.ee\/tuote\/kamin-lanordica-fedora\/"]}]},{"@type":"ImageObject","inLanguage":"fi","@id":"https:\/\/kodukolle.ee\/tuote\/kamin-lanordica-fedora\/#primaryimage","url":"https:\/\/kodukolle.ee\/wp-content\/uploads\/2019\/09\/la-nordica-fedora.jpg","contentUrl":"https:\/\/kodukolle.ee\/wp-content\/uploads\/2019\/09\/la-nordica-fedora.jpg","width":1500,"height":1500,"caption":"la-nordica-fedora"},{"@type":"BreadcrumbList","@id":"https:\/\/kodukolle.ee\/tuote\/kamin-lanordica-fedora\/#breadcrumb","itemListElement":[{"@type":"ListItem","position":1,"name":"Home","item":"https:\/\/kodukolle.ee\/fi\/"},{"@type":"ListItem","position":2,"name":"Tuotteet","item":"https:\/\/kodukolle.ee\/fi\/tuotteet\/"},{"@type":"ListItem","position":3,"name":"Kamiina LaNordica FEDORA keittolevyll\u00e4"}]},{"@type":"WebSite","@id":"https:\/\/kodukolle.ee\/en\/#website","url":"https:\/\/kodukolle.ee\/en\/","name":"Kodukolle","description":"","publisher":{"@id":"https:\/\/kodukolle.ee\/en\/#organization"},"potentialAction":[{"@type":"SearchAction","target":{"@type":"EntryPoint","urlTemplate":"https:\/\/kodukolle.ee\/en\/?s={search_term_string}"},"query-input":{"@type":"PropertyValueSpecification","valueRequired":true,"valueName":"search_term_string"}}],"inLanguage":"fi"},{"@type":"Organization","@id":"https:\/\/kodukolle.ee\/en\/#organization","name":"Kodukolle","url":"https:\/\/kodukolle.ee\/en\/","logo":{"@type":"ImageObject","inLanguage":"fi","@id":"https:\/\/kodukolle.ee\/en\/#\/schema\/logo\/image\/","url":"https:\/\/kodukolle.ee\/wp-content\/uploads\/2025\/06\/logo_must_gradient.svg","contentUrl":"https:\/\/kodukolle.ee\/wp-content\/uploads\/2025\/06\/logo_must_gradient.svg","caption":"Kodukolle"},"image":{"@id":"https:\/\/kodukolle.ee\/en\/#\/schema\/logo\/image\/"}}]}},"_links":{"self":[{"href":"https:\/\/kodukolle.ee\/fi\/wp-json\/wp\/v2\/product\/25088","targetHints":{"allow":["GET"]}}],"collection":[{"href":"https:\/\/kodukolle.ee\/fi\/wp-json\/wp\/v2\/product"}],"about":[{"href":"https:\/\/kodukolle.ee\/fi\/wp-json\/wp\/v2\/types\/product"}],"wp:featuredmedia":[{"embeddable":true,"href":"https:\/\/kodukolle.ee\/fi\/wp-json\/wp\/v2\/media\/14524"}],"wp:attachment":[{"href":"https:\/\/kodukolle.ee\/fi\/wp-json\/wp\/v2\/media?parent=25088"}],"wp:term":[{"taxonomy":"product_brand","embeddable":true,"href":"https:\/\/kodukolle.ee\/fi\/wp-json\/wp\/v2\/product_brand?post=25088"},{"taxonomy":"product_cat","embeddable":true,"href":"https:\/\/kodukolle.ee\/fi\/wp-json\/wp\/v2\/product_cat?post=25088"},{"taxonomy":"product_tag","embeddable":true,"href":"https:\/\/kodukolle.ee\/fi\/wp-json\/wp\/v2\/product_tag?post=25088"}],"curies":[{"name":"wp","href":"https:\/\/api.w.org\/{rel}","templated":true}]}}