{"id":25096,"date":"2019-09-23T11:25:11","date_gmt":"2019-09-23T08:25:11","guid":{"rendered":"https:\/\/kodukolle.ee\/?post_type=product&#038;p=25096"},"modified":"2024-03-18T16:31:11","modified_gmt":"2024-03-18T14:31:11","slug":"kamiina-lanordica-giulietta-x-anthracite-black","status":"publish","type":"product","link":"https:\/\/kodukolle.ee\/fi\/tuote\/kamiina-lanordica-giulietta-x-anthracite-black\/","title":{"rendered":"Kamiina LaNordica GIULIETTA X Anthracite Black"},"content":{"rendered":"<p>Ainutlaatuisen kompaktin muotoilun ansiosta LaNordica Giulietta -takka voidaan asentaa jopa pienimp\u00e4\u00e4n olohuoneeseen. Hienolla satiiniemalilla viimeistellyss\u00e4 Giuliettassa yhdistyv\u00e4t italialaisen muotoilun parhaat puolet erinomaiseen nykyaikaiseen l\u00e4mmitystehokkuuteen. Takka on valmistettu korkealaatuisesta valuraudasta, joka on kest\u00e4v\u00e4\u00e4 ja mittapysyvyyden lis\u00e4ksi valuraudalla on korkea l\u00e4mm\u00f6njohtavuus. Takan suuresta lasiovesta avautuu vaikuttava n\u00e4kym\u00e4 liekkeihin. Parannettu esil\u00e4mmitetty ilmaj\u00e4rjestelm\u00e4 auttaa pit\u00e4m\u00e4\u00e4n takan oven lasin puhtaana. LaNordica Giulietta -takka on suunniteltu ja valmistettu k\u00e4ytt\u00e4m\u00e4ll\u00e4 viimeisint\u00e4 puupolttoteknologian kehityst\u00e4 ja tarjoaa sellaisenaan ylivertaisen luotettavuuden.<br \/>\n&nbsp; <\/p>\n","protected":false},"excerpt":{"rendered":"<p>Ainutlaatuisen kompaktin muotoilun ansiosta LaNordica Giulietta -takka voidaan asentaa jopa pienimp\u00e4\u00e4n olohuoneeseen. Hienolla satiiniemalilla viimeistellyss\u00e4 Giuliettassa yhdistyv\u00e4t italialaisen muotoilun parhaat puolet erinomaiseen nykyaikaiseen l\u00e4mmitystehokkuuteen. Takka on valmistettu korkealaatuisesta valuraudasta, joka on kest\u00e4v\u00e4\u00e4 ja mittapysyvyyden lis\u00e4ksi valuraudalla on korkea l\u00e4mm\u00f6njohtavuus.<\/p>\n","protected":false},"featured_media":14649,"template":"","meta":{"_acf_changed":false},"product_brand":[],"product_cat":[9620],"product_tag":[],"class_list":{"0":"post-25096","1":"product","2":"type-product","3":"status-publish","4":"has-post-thumbnail","6":"brands-nordica-fi","7":"product_cat-takat","9":"first","10":"instock","11":"shipping-taxable","12":"purchasable","13":"product-type-simple"},"acf":[],"yoast_head":"<!-- This site is optimized with the Yoast SEO plugin v27.2 - https:\/\/yoast.com\/product\/yoast-seo-wordpress\/ -->\n<title>Kamiina LaNordica GIULIETTA X Anthracite Black - Kodukolle<\/title>\n<meta name=\"description\" content=\"Ainutlaatuisen kompaktin muotoilun ansiosta LaNordica Giulietta -takka voidaan asentaa jopa pienimp\u00e4\u00e4n olohuoneeseen.\" \/>\n<meta name=\"robots\" content=\"index, follow, max-snippet:-1, max-image-preview:large, max-video-preview:-1\" \/>\n<link rel=\"canonical\" href=\"https:\/\/kodukolle.ee\/tuote\/kamin-lanordica-giulietta-x\/\" \/>\n<meta property=\"og:locale\" content=\"fi_FI\" \/>\n<meta property=\"og:type\" content=\"article\" \/>\n<meta property=\"og:title\" content=\"Kamiina LaNordica GIULIETTA X Anthracite Black - Kodukolle\" \/>\n<meta property=\"og:description\" content=\"Ainutlaatuisen kompaktin muotoilun ansiosta LaNordica Giulietta -takka voidaan asentaa jopa pienimp\u00e4\u00e4n olohuoneeseen.\" \/>\n<meta property=\"og:url\" content=\"https:\/\/kodukolle.ee\/tuote\/kamin-lanordica-giulietta-x\/\" \/>\n<meta property=\"og:site_name\" content=\"Kodukolle\" \/>\n<meta property=\"article:modified_time\" content=\"2024-03-18T14:31:11+00:00\" \/>\n<meta property=\"og:image\" content=\"https:\/\/kodukolle.ee\/wp-content\/uploads\/2019\/09\/Giulietta-X.jpg\" \/>\n\t<meta property=\"og:image:width\" content=\"4049\" \/>\n\t<meta property=\"og:image:height\" content=\"3252\" \/>\n\t<meta property=\"og:image:type\" content=\"image\/jpeg\" \/>\n<meta name=\"twitter:card\" content=\"summary_large_image\" \/>\n<meta name=\"twitter:label1\" content=\"Est. reading time\" \/>\n\t<meta name=\"twitter:data1\" content=\"1 minuutti\" \/>\n<script type=\"application\/ld+json\" class=\"yoast-schema-graph\">{\"@context\":\"https:\/\/schema.org\",\"@graph\":[{\"@type\":\"WebPage\",\"@id\":\"https:\/\/kodukolle.ee\/tuote\/kamin-lanordica-giulietta-x\/\",\"url\":\"https:\/\/kodukolle.ee\/tuote\/kamin-lanordica-giulietta-x\/\",\"name\":\"Kamiina LaNordica GIULIETTA X Anthracite Black - Kodukolle\",\"isPartOf\":{\"@id\":\"https:\/\/kodukolle.ee\/en\/#website\"},\"primaryImageOfPage\":{\"@id\":\"https:\/\/kodukolle.ee\/tuote\/kamin-lanordica-giulietta-x\/#primaryimage\"},\"image\":{\"@id\":\"https:\/\/kodukolle.ee\/tuote\/kamin-lanordica-giulietta-x\/#primaryimage\"},\"thumbnailUrl\":\"https:\/\/kodukolle.ee\/wp-content\/uploads\/2019\/09\/Giulietta-X.jpg\",\"datePublished\":\"2019-09-23T08:25:11+00:00\",\"dateModified\":\"2024-03-18T14:31:11+00:00\",\"description\":\"Ainutlaatuisen kompaktin muotoilun ansiosta LaNordica Giulietta -takka voidaan asentaa jopa pienimp\u00e4\u00e4n olohuoneeseen.\",\"breadcrumb\":{\"@id\":\"https:\/\/kodukolle.ee\/tuote\/kamin-lanordica-giulietta-x\/#breadcrumb\"},\"inLanguage\":\"fi\",\"potentialAction\":[{\"@type\":\"ReadAction\",\"target\":[\"https:\/\/kodukolle.ee\/tuote\/kamin-lanordica-giulietta-x\/\"]}]},{\"@type\":\"ImageObject\",\"inLanguage\":\"fi\",\"@id\":\"https:\/\/kodukolle.ee\/tuote\/kamin-lanordica-giulietta-x\/#primaryimage\",\"url\":\"https:\/\/kodukolle.ee\/wp-content\/uploads\/2019\/09\/Giulietta-X.jpg\",\"contentUrl\":\"https:\/\/kodukolle.ee\/wp-content\/uploads\/2019\/09\/Giulietta-X.jpg\",\"width\":4049,\"height\":3252},{\"@type\":\"BreadcrumbList\",\"@id\":\"https:\/\/kodukolle.ee\/tuote\/kamin-lanordica-giulietta-x\/#breadcrumb\",\"itemListElement\":[{\"@type\":\"ListItem\",\"position\":1,\"name\":\"Home\",\"item\":\"https:\/\/kodukolle.ee\/fi\/\"},{\"@type\":\"ListItem\",\"position\":2,\"name\":\"Tuotteet\",\"item\":\"https:\/\/kodukolle.ee\/fi\/tuotteet\/\"},{\"@type\":\"ListItem\",\"position\":3,\"name\":\"Kamiina LaNordica GIULIETTA X Anthracite Black\"}]},{\"@type\":\"WebSite\",\"@id\":\"https:\/\/kodukolle.ee\/en\/#website\",\"url\":\"https:\/\/kodukolle.ee\/en\/\",\"name\":\"Kodukolle\",\"description\":\"\",\"publisher\":{\"@id\":\"https:\/\/kodukolle.ee\/en\/#organization\"},\"potentialAction\":[{\"@type\":\"SearchAction\",\"target\":{\"@type\":\"EntryPoint\",\"urlTemplate\":\"https:\/\/kodukolle.ee\/en\/?s={search_term_string}\"},\"query-input\":{\"@type\":\"PropertyValueSpecification\",\"valueRequired\":true,\"valueName\":\"search_term_string\"}}],\"inLanguage\":\"fi\"},{\"@type\":\"Organization\",\"@id\":\"https:\/\/kodukolle.ee\/en\/#organization\",\"name\":\"Kodukolle\",\"url\":\"https:\/\/kodukolle.ee\/en\/\",\"logo\":{\"@type\":\"ImageObject\",\"inLanguage\":\"fi\",\"@id\":\"https:\/\/kodukolle.ee\/en\/#\/schema\/logo\/image\/\",\"url\":\"https:\/\/kodukolle.ee\/wp-content\/uploads\/2025\/06\/logo_must_gradient.svg\",\"contentUrl\":\"https:\/\/kodukolle.ee\/wp-content\/uploads\/2025\/06\/logo_must_gradient.svg\",\"caption\":\"Kodukolle\"},\"image\":{\"@id\":\"https:\/\/kodukolle.ee\/en\/#\/schema\/logo\/image\/\"}}]}<\/script>\n<!-- \/ Yoast SEO plugin. -->","yoast_head_json":{"title":"Kamiina LaNordica GIULIETTA X Anthracite Black - Kodukolle","description":"Ainutlaatuisen kompaktin muotoilun ansiosta LaNordica Giulietta -takka voidaan asentaa jopa pienimp\u00e4\u00e4n olohuoneeseen.","robots":{"index":"index","follow":"follow","max-snippet":"max-snippet:-1","max-image-preview":"max-image-preview:large","max-video-preview":"max-video-preview:-1"},"canonical":"https:\/\/kodukolle.ee\/tuote\/kamin-lanordica-giulietta-x\/","og_locale":"fi_FI","og_type":"article","og_title":"Kamiina LaNordica GIULIETTA X Anthracite Black - Kodukolle","og_description":"Ainutlaatuisen kompaktin muotoilun ansiosta LaNordica Giulietta -takka voidaan asentaa jopa pienimp\u00e4\u00e4n olohuoneeseen.","og_url":"https:\/\/kodukolle.ee\/tuote\/kamin-lanordica-giulietta-x\/","og_site_name":"Kodukolle","article_modified_time":"2024-03-18T14:31:11+00:00","og_image":[{"width":4049,"height":3252,"url":"https:\/\/kodukolle.ee\/wp-content\/uploads\/2019\/09\/Giulietta-X.jpg","type":"image\/jpeg"}],"twitter_card":"summary_large_image","twitter_misc":{"Est. reading time":"1 minuutti"},"schema":{"@context":"https:\/\/schema.org","@graph":[{"@type":"WebPage","@id":"https:\/\/kodukolle.ee\/tuote\/kamin-lanordica-giulietta-x\/","url":"https:\/\/kodukolle.ee\/tuote\/kamin-lanordica-giulietta-x\/","name":"Kamiina LaNordica GIULIETTA X Anthracite Black - Kodukolle","isPartOf":{"@id":"https:\/\/kodukolle.ee\/en\/#website"},"primaryImageOfPage":{"@id":"https:\/\/kodukolle.ee\/tuote\/kamin-lanordica-giulietta-x\/#primaryimage"},"image":{"@id":"https:\/\/kodukolle.ee\/tuote\/kamin-lanordica-giulietta-x\/#primaryimage"},"thumbnailUrl":"https:\/\/kodukolle.ee\/wp-content\/uploads\/2019\/09\/Giulietta-X.jpg","datePublished":"2019-09-23T08:25:11+00:00","dateModified":"2024-03-18T14:31:11+00:00","description":"Ainutlaatuisen kompaktin muotoilun ansiosta LaNordica Giulietta -takka voidaan asentaa jopa pienimp\u00e4\u00e4n olohuoneeseen.","breadcrumb":{"@id":"https:\/\/kodukolle.ee\/tuote\/kamin-lanordica-giulietta-x\/#breadcrumb"},"inLanguage":"fi","potentialAction":[{"@type":"ReadAction","target":["https:\/\/kodukolle.ee\/tuote\/kamin-lanordica-giulietta-x\/"]}]},{"@type":"ImageObject","inLanguage":"fi","@id":"https:\/\/kodukolle.ee\/tuote\/kamin-lanordica-giulietta-x\/#primaryimage","url":"https:\/\/kodukolle.ee\/wp-content\/uploads\/2019\/09\/Giulietta-X.jpg","contentUrl":"https:\/\/kodukolle.ee\/wp-content\/uploads\/2019\/09\/Giulietta-X.jpg","width":4049,"height":3252},{"@type":"BreadcrumbList","@id":"https:\/\/kodukolle.ee\/tuote\/kamin-lanordica-giulietta-x\/#breadcrumb","itemListElement":[{"@type":"ListItem","position":1,"name":"Home","item":"https:\/\/kodukolle.ee\/fi\/"},{"@type":"ListItem","position":2,"name":"Tuotteet","item":"https:\/\/kodukolle.ee\/fi\/tuotteet\/"},{"@type":"ListItem","position":3,"name":"Kamiina LaNordica GIULIETTA X Anthracite Black"}]},{"@type":"WebSite","@id":"https:\/\/kodukolle.ee\/en\/#website","url":"https:\/\/kodukolle.ee\/en\/","name":"Kodukolle","description":"","publisher":{"@id":"https:\/\/kodukolle.ee\/en\/#organization"},"potentialAction":[{"@type":"SearchAction","target":{"@type":"EntryPoint","urlTemplate":"https:\/\/kodukolle.ee\/en\/?s={search_term_string}"},"query-input":{"@type":"PropertyValueSpecification","valueRequired":true,"valueName":"search_term_string"}}],"inLanguage":"fi"},{"@type":"Organization","@id":"https:\/\/kodukolle.ee\/en\/#organization","name":"Kodukolle","url":"https:\/\/kodukolle.ee\/en\/","logo":{"@type":"ImageObject","inLanguage":"fi","@id":"https:\/\/kodukolle.ee\/en\/#\/schema\/logo\/image\/","url":"https:\/\/kodukolle.ee\/wp-content\/uploads\/2025\/06\/logo_must_gradient.svg","contentUrl":"https:\/\/kodukolle.ee\/wp-content\/uploads\/2025\/06\/logo_must_gradient.svg","caption":"Kodukolle"},"image":{"@id":"https:\/\/kodukolle.ee\/en\/#\/schema\/logo\/image\/"}}]}},"_links":{"self":[{"href":"https:\/\/kodukolle.ee\/fi\/wp-json\/wp\/v2\/product\/25096","targetHints":{"allow":["GET"]}}],"collection":[{"href":"https:\/\/kodukolle.ee\/fi\/wp-json\/wp\/v2\/product"}],"about":[{"href":"https:\/\/kodukolle.ee\/fi\/wp-json\/wp\/v2\/types\/product"}],"wp:featuredmedia":[{"embeddable":true,"href":"https:\/\/kodukolle.ee\/fi\/wp-json\/wp\/v2\/media\/14649"}],"wp:attachment":[{"href":"https:\/\/kodukolle.ee\/fi\/wp-json\/wp\/v2\/media?parent=25096"}],"wp:term":[{"taxonomy":"product_brand","embeddable":true,"href":"https:\/\/kodukolle.ee\/fi\/wp-json\/wp\/v2\/product_brand?post=25096"},{"taxonomy":"product_cat","embeddable":true,"href":"https:\/\/kodukolle.ee\/fi\/wp-json\/wp\/v2\/product_cat?post=25096"},{"taxonomy":"product_tag","embeddable":true,"href":"https:\/\/kodukolle.ee\/fi\/wp-json\/wp\/v2\/product_tag?post=25096"}],"curies":[{"name":"wp","href":"https:\/\/api.w.org\/{rel}","templated":true}]}}