{"id":25111,"date":"2019-07-29T11:47:29","date_gmt":"2019-07-29T08:47:29","guid":{"rendered":"https:\/\/kodukolle.ee\/?post_type=product&#038;p=25111"},"modified":"2023-12-11T11:03:02","modified_gmt":"2023-12-11T09:03:02","slug":"takka-hajduk-elipse-f3","status":"publish","type":"product","link":"https:\/\/kodukolle.ee\/fi\/tuote\/takka-hajduk-elipse-f3\/","title":{"rendered":"Takka Hajduk ELIPSE F3"},"content":{"rendered":"<p>Hajduk tulisijat ovat moderneja ja ekologisia, jotka t\u00e4ytt\u00e4v\u00e4t my\u00f6s tiukimmat eurooppalaiset standardit. Elliptinen takka Hajduk Elipse F3 leve\u00e4ll\u00e4 kaarevalla lasiovella kiinnitt\u00e4\u00e4 kaikkien huomion ja antaa sinun nauttia el\u00e4v\u00e4st\u00e4 tulesta. Yksinkertainen ja esteettinen takka luo todella ainutlaatuisen ja modernin tunnelman. Takan Elipse F3 palotila on vuorattu l\u00e4mp\u00f6\u00e4 s\u00e4\u00e4st\u00e4v\u00e4ll\u00e4 keramiikalla. K\u00e4tev\u00e4\u00e4 puhdistamista varten tulisijassa on irrotettava valurautaritil\u00e4 ja tuhkalaatikko sek\u00e4 tulisijan pohjassa s\u00e4ilytystila. Takka on varustettu itsepuhdistusj\u00e4rjestelm\u00e4ll\u00e4 &#8221;Clear View&#8221;, joka pit\u00e4\u00e4 tulisijan lasit puhtaana. Tuuletuskahva ja &#8221;Click&#8221; oven sulkemismekanismi tekev\u00e4t takan k\u00e4yt\u00f6st\u00e4 entist\u00e4kin mukavampaa.\n<\/ul>\n<p>&nbsp;<\/p>\n","protected":false},"excerpt":{"rendered":"<p>Hajduk tulisijat ovat moderneja ja ekologisia, jotka t\u00e4ytt\u00e4v\u00e4t my\u00f6s tiukimmat eurooppalaiset standardit. Elliptinen takka Hajduk Elipse F3 leve\u00e4ll\u00e4 kaarevalla lasiovella kiinnitt\u00e4\u00e4 kaikkien huomion ja antaa sinun nauttia el\u00e4v\u00e4st\u00e4 tulesta. Yksinkertainen ja esteettinen takka luo todella ainutlaatuisen ja modernin tunnelman. Takan Elipse F3 palotila on vuorattu l\u00e4mp\u00f6\u00e4 s\u00e4\u00e4st\u00e4v\u00e4ll\u00e4 keramiikalla.<\/p>\n","protected":false},"featured_media":25787,"template":"","meta":{"_acf_changed":false},"product_brand":[],"product_cat":[9620],"product_tag":[],"class_list":{"0":"post-25111","1":"product","2":"type-product","3":"status-publish","4":"has-post-thumbnail","6":"brands-hajduk-fi","7":"product_cat-takat","9":"first","10":"instock","11":"shipping-taxable","12":"purchasable","13":"product-type-simple"},"acf":[],"yoast_head":"<!-- This site is optimized with the Yoast SEO plugin v27.2 - https:\/\/yoast.com\/product\/yoast-seo-wordpress\/ -->\n<title>Takka Hajduk ELIPSE F3 - Kodukolle<\/title>\n<meta name=\"description\" content=\"Elliptinen takka Hajduk Elipse F3 leve\u00e4ll\u00e4 kaarevalla lasiovella kiinnitt\u00e4\u00e4 kaikkien huomion ja antaa sinun nauttia el\u00e4v\u00e4st\u00e4 tulesta.\" \/>\n<meta name=\"robots\" content=\"index, follow, max-snippet:-1, max-image-preview:large, max-video-preview:-1\" \/>\n<link rel=\"canonical\" href=\"https:\/\/kodukolle.ee\/tuote\/kamin-hajduk-elipse-f3\/\" \/>\n<meta property=\"og:locale\" content=\"fi_FI\" \/>\n<meta property=\"og:type\" content=\"article\" \/>\n<meta property=\"og:title\" content=\"Takka Hajduk ELIPSE F3 - Kodukolle\" \/>\n<meta property=\"og:description\" content=\"Elliptinen takka Hajduk Elipse F3 leve\u00e4ll\u00e4 kaarevalla lasiovella kiinnitt\u00e4\u00e4 kaikkien huomion ja antaa sinun nauttia el\u00e4v\u00e4st\u00e4 tulesta.\" \/>\n<meta property=\"og:url\" content=\"https:\/\/kodukolle.ee\/tuote\/kamin-hajduk-elipse-f3\/\" \/>\n<meta property=\"og:site_name\" content=\"Kodukolle\" \/>\n<meta property=\"article:modified_time\" content=\"2023-12-11T09:03:02+00:00\" \/>\n<meta property=\"og:image\" content=\"https:\/\/kodukolle.ee\/wp-content\/uploads\/2019\/07\/Hajduk-Elipse-F3.jpg\" \/>\n\t<meta property=\"og:image:width\" content=\"730\" \/>\n\t<meta property=\"og:image:height\" content=\"722\" \/>\n\t<meta property=\"og:image:type\" content=\"image\/jpeg\" \/>\n<meta name=\"twitter:card\" content=\"summary_large_image\" \/>\n<meta name=\"twitter:label1\" content=\"Est. reading time\" \/>\n\t<meta name=\"twitter:data1\" content=\"1 minuutti\" \/>\n<script type=\"application\/ld+json\" class=\"yoast-schema-graph\">{\"@context\":\"https:\/\/schema.org\",\"@graph\":[{\"@type\":\"WebPage\",\"@id\":\"https:\/\/kodukolle.ee\/tuote\/kamin-hajduk-elipse-f3\/\",\"url\":\"https:\/\/kodukolle.ee\/tuote\/kamin-hajduk-elipse-f3\/\",\"name\":\"Takka Hajduk ELIPSE F3 - Kodukolle\",\"isPartOf\":{\"@id\":\"https:\/\/kodukolle.ee\/en\/#website\"},\"primaryImageOfPage\":{\"@id\":\"https:\/\/kodukolle.ee\/tuote\/kamin-hajduk-elipse-f3\/#primaryimage\"},\"image\":{\"@id\":\"https:\/\/kodukolle.ee\/tuote\/kamin-hajduk-elipse-f3\/#primaryimage\"},\"thumbnailUrl\":\"https:\/\/kodukolle.ee\/wp-content\/uploads\/2019\/07\/Hajduk-Elipse-F3.jpg\",\"datePublished\":\"2019-07-29T08:47:29+00:00\",\"dateModified\":\"2023-12-11T09:03:02+00:00\",\"description\":\"Elliptinen takka Hajduk Elipse F3 leve\u00e4ll\u00e4 kaarevalla lasiovella kiinnitt\u00e4\u00e4 kaikkien huomion ja antaa sinun nauttia el\u00e4v\u00e4st\u00e4 tulesta.\",\"breadcrumb\":{\"@id\":\"https:\/\/kodukolle.ee\/tuote\/kamin-hajduk-elipse-f3\/#breadcrumb\"},\"inLanguage\":\"fi\",\"potentialAction\":[{\"@type\":\"ReadAction\",\"target\":[\"https:\/\/kodukolle.ee\/tuote\/kamin-hajduk-elipse-f3\/\"]}]},{\"@type\":\"ImageObject\",\"inLanguage\":\"fi\",\"@id\":\"https:\/\/kodukolle.ee\/tuote\/kamin-hajduk-elipse-f3\/#primaryimage\",\"url\":\"https:\/\/kodukolle.ee\/wp-content\/uploads\/2019\/07\/Hajduk-Elipse-F3.jpg\",\"contentUrl\":\"https:\/\/kodukolle.ee\/wp-content\/uploads\/2019\/07\/Hajduk-Elipse-F3.jpg\",\"width\":730,\"height\":722,\"caption\":\"Hajduk Elipse F3\"},{\"@type\":\"BreadcrumbList\",\"@id\":\"https:\/\/kodukolle.ee\/tuote\/kamin-hajduk-elipse-f3\/#breadcrumb\",\"itemListElement\":[{\"@type\":\"ListItem\",\"position\":1,\"name\":\"Home\",\"item\":\"https:\/\/kodukolle.ee\/fi\/\"},{\"@type\":\"ListItem\",\"position\":2,\"name\":\"Tuotteet\",\"item\":\"https:\/\/kodukolle.ee\/fi\/tuotteet\/\"},{\"@type\":\"ListItem\",\"position\":3,\"name\":\"Takka Hajduk ELIPSE F3\"}]},{\"@type\":\"WebSite\",\"@id\":\"https:\/\/kodukolle.ee\/en\/#website\",\"url\":\"https:\/\/kodukolle.ee\/en\/\",\"name\":\"Kodukolle\",\"description\":\"\",\"publisher\":{\"@id\":\"https:\/\/kodukolle.ee\/en\/#organization\"},\"potentialAction\":[{\"@type\":\"SearchAction\",\"target\":{\"@type\":\"EntryPoint\",\"urlTemplate\":\"https:\/\/kodukolle.ee\/en\/?s={search_term_string}\"},\"query-input\":{\"@type\":\"PropertyValueSpecification\",\"valueRequired\":true,\"valueName\":\"search_term_string\"}}],\"inLanguage\":\"fi\"},{\"@type\":\"Organization\",\"@id\":\"https:\/\/kodukolle.ee\/en\/#organization\",\"name\":\"Kodukolle\",\"url\":\"https:\/\/kodukolle.ee\/en\/\",\"logo\":{\"@type\":\"ImageObject\",\"inLanguage\":\"fi\",\"@id\":\"https:\/\/kodukolle.ee\/en\/#\/schema\/logo\/image\/\",\"url\":\"https:\/\/kodukolle.ee\/wp-content\/uploads\/2025\/06\/logo_must_gradient.svg\",\"contentUrl\":\"https:\/\/kodukolle.ee\/wp-content\/uploads\/2025\/06\/logo_must_gradient.svg\",\"caption\":\"Kodukolle\"},\"image\":{\"@id\":\"https:\/\/kodukolle.ee\/en\/#\/schema\/logo\/image\/\"}}]}<\/script>\n<!-- \/ Yoast SEO plugin. -->","yoast_head_json":{"title":"Takka Hajduk ELIPSE F3 - Kodukolle","description":"Elliptinen takka Hajduk Elipse F3 leve\u00e4ll\u00e4 kaarevalla lasiovella kiinnitt\u00e4\u00e4 kaikkien huomion ja antaa sinun nauttia el\u00e4v\u00e4st\u00e4 tulesta.","robots":{"index":"index","follow":"follow","max-snippet":"max-snippet:-1","max-image-preview":"max-image-preview:large","max-video-preview":"max-video-preview:-1"},"canonical":"https:\/\/kodukolle.ee\/tuote\/kamin-hajduk-elipse-f3\/","og_locale":"fi_FI","og_type":"article","og_title":"Takka Hajduk ELIPSE F3 - Kodukolle","og_description":"Elliptinen takka Hajduk Elipse F3 leve\u00e4ll\u00e4 kaarevalla lasiovella kiinnitt\u00e4\u00e4 kaikkien huomion ja antaa sinun nauttia el\u00e4v\u00e4st\u00e4 tulesta.","og_url":"https:\/\/kodukolle.ee\/tuote\/kamin-hajduk-elipse-f3\/","og_site_name":"Kodukolle","article_modified_time":"2023-12-11T09:03:02+00:00","og_image":[{"width":730,"height":722,"url":"https:\/\/kodukolle.ee\/wp-content\/uploads\/2019\/07\/Hajduk-Elipse-F3.jpg","type":"image\/jpeg"}],"twitter_card":"summary_large_image","twitter_misc":{"Est. reading time":"1 minuutti"},"schema":{"@context":"https:\/\/schema.org","@graph":[{"@type":"WebPage","@id":"https:\/\/kodukolle.ee\/tuote\/kamin-hajduk-elipse-f3\/","url":"https:\/\/kodukolle.ee\/tuote\/kamin-hajduk-elipse-f3\/","name":"Takka Hajduk ELIPSE F3 - Kodukolle","isPartOf":{"@id":"https:\/\/kodukolle.ee\/en\/#website"},"primaryImageOfPage":{"@id":"https:\/\/kodukolle.ee\/tuote\/kamin-hajduk-elipse-f3\/#primaryimage"},"image":{"@id":"https:\/\/kodukolle.ee\/tuote\/kamin-hajduk-elipse-f3\/#primaryimage"},"thumbnailUrl":"https:\/\/kodukolle.ee\/wp-content\/uploads\/2019\/07\/Hajduk-Elipse-F3.jpg","datePublished":"2019-07-29T08:47:29+00:00","dateModified":"2023-12-11T09:03:02+00:00","description":"Elliptinen takka Hajduk Elipse F3 leve\u00e4ll\u00e4 kaarevalla lasiovella kiinnitt\u00e4\u00e4 kaikkien huomion ja antaa sinun nauttia el\u00e4v\u00e4st\u00e4 tulesta.","breadcrumb":{"@id":"https:\/\/kodukolle.ee\/tuote\/kamin-hajduk-elipse-f3\/#breadcrumb"},"inLanguage":"fi","potentialAction":[{"@type":"ReadAction","target":["https:\/\/kodukolle.ee\/tuote\/kamin-hajduk-elipse-f3\/"]}]},{"@type":"ImageObject","inLanguage":"fi","@id":"https:\/\/kodukolle.ee\/tuote\/kamin-hajduk-elipse-f3\/#primaryimage","url":"https:\/\/kodukolle.ee\/wp-content\/uploads\/2019\/07\/Hajduk-Elipse-F3.jpg","contentUrl":"https:\/\/kodukolle.ee\/wp-content\/uploads\/2019\/07\/Hajduk-Elipse-F3.jpg","width":730,"height":722,"caption":"Hajduk Elipse F3"},{"@type":"BreadcrumbList","@id":"https:\/\/kodukolle.ee\/tuote\/kamin-hajduk-elipse-f3\/#breadcrumb","itemListElement":[{"@type":"ListItem","position":1,"name":"Home","item":"https:\/\/kodukolle.ee\/fi\/"},{"@type":"ListItem","position":2,"name":"Tuotteet","item":"https:\/\/kodukolle.ee\/fi\/tuotteet\/"},{"@type":"ListItem","position":3,"name":"Takka Hajduk ELIPSE F3"}]},{"@type":"WebSite","@id":"https:\/\/kodukolle.ee\/en\/#website","url":"https:\/\/kodukolle.ee\/en\/","name":"Kodukolle","description":"","publisher":{"@id":"https:\/\/kodukolle.ee\/en\/#organization"},"potentialAction":[{"@type":"SearchAction","target":{"@type":"EntryPoint","urlTemplate":"https:\/\/kodukolle.ee\/en\/?s={search_term_string}"},"query-input":{"@type":"PropertyValueSpecification","valueRequired":true,"valueName":"search_term_string"}}],"inLanguage":"fi"},{"@type":"Organization","@id":"https:\/\/kodukolle.ee\/en\/#organization","name":"Kodukolle","url":"https:\/\/kodukolle.ee\/en\/","logo":{"@type":"ImageObject","inLanguage":"fi","@id":"https:\/\/kodukolle.ee\/en\/#\/schema\/logo\/image\/","url":"https:\/\/kodukolle.ee\/wp-content\/uploads\/2025\/06\/logo_must_gradient.svg","contentUrl":"https:\/\/kodukolle.ee\/wp-content\/uploads\/2025\/06\/logo_must_gradient.svg","caption":"Kodukolle"},"image":{"@id":"https:\/\/kodukolle.ee\/en\/#\/schema\/logo\/image\/"}}]}},"_links":{"self":[{"href":"https:\/\/kodukolle.ee\/fi\/wp-json\/wp\/v2\/product\/25111","targetHints":{"allow":["GET"]}}],"collection":[{"href":"https:\/\/kodukolle.ee\/fi\/wp-json\/wp\/v2\/product"}],"about":[{"href":"https:\/\/kodukolle.ee\/fi\/wp-json\/wp\/v2\/types\/product"}],"wp:featuredmedia":[{"embeddable":true,"href":"https:\/\/kodukolle.ee\/fi\/wp-json\/wp\/v2\/media\/25787"}],"wp:attachment":[{"href":"https:\/\/kodukolle.ee\/fi\/wp-json\/wp\/v2\/media?parent=25111"}],"wp:term":[{"taxonomy":"product_brand","embeddable":true,"href":"https:\/\/kodukolle.ee\/fi\/wp-json\/wp\/v2\/product_brand?post=25111"},{"taxonomy":"product_cat","embeddable":true,"href":"https:\/\/kodukolle.ee\/fi\/wp-json\/wp\/v2\/product_cat?post=25111"},{"taxonomy":"product_tag","embeddable":true,"href":"https:\/\/kodukolle.ee\/fi\/wp-json\/wp\/v2\/product_tag?post=25111"}],"curies":[{"name":"wp","href":"https:\/\/api.w.org\/{rel}","templated":true}]}}