{"id":25153,"date":"2019-10-15T13:53:58","date_gmt":"2019-10-15T10:53:58","guid":{"rendered":"https:\/\/kodukolle.ee\/?post_type=product&#038;p=25153"},"modified":"2023-11-30T17:08:34","modified_gmt":"2023-11-30T15:08:34","slug":"kiertoilmatakka-kratki-thor","status":"publish","type":"product","link":"https:\/\/kodukolle.ee\/fi\/tuote\/kiertoilmatakka-kratki-thor\/","title":{"rendered":"Kiertoilmatakka Kratki THOR"},"content":{"rendered":"<p>Kratki Thor on ter\u00e4stakka, jolla on mielenkiintoinen geometrinen muoto. Sen yksinkertainen muoto kiinnitt\u00e4\u00e4 kaikkien huomion. Tilava lasipinta tekee tulesta nauttimisen houkuttelevaksi, ja ylim\u00e4\u00e4r\u00e4inen koristelasi korostaa sen vieh\u00e4tyst\u00e4. Takan runko ja etuosa kest\u00e4v\u00e4t korkeita l\u00e4mp\u00f6tiloja korkealaatuisen ter\u00e4ksen ansiosta. Se varmistaa my\u00f6s koko rakenteen vakauden. Takan sis\u00e4puoli on vuorattu keraamisella materiaalilla TERMOTEC, joka ker\u00e4\u00e4 l\u00e4mp\u00f6\u00e4. Lis\u00e4ksi Thor-takka on varustettu Clean Glass System -j\u00e4rjestelm\u00e4ll\u00e4, joka v\u00e4hent\u00e4\u00e4 merkitt\u00e4v\u00e4sti noen kertymist\u00e4 tulisijan lasille.<br \/>\n&nbsp; <\/p>\n","protected":false},"excerpt":{"rendered":"<p>Kratki Thor on ter\u00e4stakka, jolla on mielenkiintoinen geometrinen muoto. Sen yksinkertainen muoto kiinnitt\u00e4\u00e4 kaikkien huomion. Tilava lasipinta tekee tulesta nauttimisen houkuttelevaksi, ja ylim\u00e4\u00e4r\u00e4inen koristelasi korostaa sen vieh\u00e4tyst\u00e4. Takan runko ja etuosa kest\u00e4v\u00e4t korkeita l\u00e4mp\u00f6tiloja korkealaatuisen ter\u00e4ksen ansiosta. Se varmistaa my\u00f6s koko rakenteen vakauden.<\/p>\n","protected":false},"featured_media":25134,"template":"","meta":{"_acf_changed":false},"product_brand":[],"product_cat":[9620],"product_tag":[],"class_list":{"0":"post-25153","1":"product","2":"type-product","3":"status-publish","4":"has-post-thumbnail","6":"brands-kratki-fi","7":"product_cat-takat","9":"first","10":"instock","11":"shipping-taxable","12":"purchasable","13":"product-type-simple"},"acf":[],"yoast_head":"<!-- This site is optimized with the Yoast SEO plugin v27.2 - https:\/\/yoast.com\/product\/yoast-seo-wordpress\/ -->\n<title>Kiertoilmatakka Kratki THOR - Kodukolle<\/title>\n<meta name=\"description\" content=\"Kratki Thor on ter\u00e4stakka, jolla on mielenkiintoinen geometrinen muoto. Sen yksinkertainen muoto kiinnitt\u00e4\u00e4 kaikkien huomion.\" \/>\n<meta name=\"robots\" content=\"index, follow, max-snippet:-1, max-image-preview:large, max-video-preview:-1\" \/>\n<link rel=\"canonical\" href=\"https:\/\/kodukolle.ee\/fi\/tuote\/kiertoilmatakka-kratki-thor\/\" \/>\n<meta property=\"og:locale\" content=\"fi_FI\" \/>\n<meta property=\"og:type\" content=\"article\" \/>\n<meta property=\"og:title\" content=\"Kiertoilmatakka Kratki THOR - Kodukolle\" \/>\n<meta property=\"og:description\" content=\"Kratki Thor on ter\u00e4stakka, jolla on mielenkiintoinen geometrinen muoto. Sen yksinkertainen muoto kiinnitt\u00e4\u00e4 kaikkien huomion.\" \/>\n<meta property=\"og:url\" content=\"https:\/\/kodukolle.ee\/fi\/tuote\/kiertoilmatakka-kratki-thor\/\" \/>\n<meta property=\"og:site_name\" content=\"Kodukolle\" \/>\n<meta property=\"article:modified_time\" content=\"2023-11-30T15:08:34+00:00\" \/>\n<meta property=\"og:image\" content=\"https:\/\/kodukolle.ee\/wp-content\/uploads\/2019\/10\/Kratki-Thor-1.jpg\" \/>\n\t<meta property=\"og:image:width\" content=\"1080\" \/>\n\t<meta property=\"og:image:height\" content=\"1080\" \/>\n\t<meta property=\"og:image:type\" content=\"image\/jpeg\" \/>\n<meta name=\"twitter:card\" content=\"summary_large_image\" \/>\n<script type=\"application\/ld+json\" class=\"yoast-schema-graph\">{\"@context\":\"https:\/\/schema.org\",\"@graph\":[{\"@type\":\"WebPage\",\"@id\":\"https:\/\/kodukolle.ee\/fi\/tuote\/kiertoilmatakka-kratki-thor\/\",\"url\":\"https:\/\/kodukolle.ee\/fi\/tuote\/kiertoilmatakka-kratki-thor\/\",\"name\":\"Kiertoilmatakka Kratki THOR - Kodukolle\",\"isPartOf\":{\"@id\":\"https:\/\/kodukolle.ee\/en\/#website\"},\"primaryImageOfPage\":{\"@id\":\"https:\/\/kodukolle.ee\/fi\/tuote\/kiertoilmatakka-kratki-thor\/#primaryimage\"},\"image\":{\"@id\":\"https:\/\/kodukolle.ee\/fi\/tuote\/kiertoilmatakka-kratki-thor\/#primaryimage\"},\"thumbnailUrl\":\"https:\/\/kodukolle.ee\/wp-content\/uploads\/2019\/10\/Kratki-Thor-1.jpg\",\"datePublished\":\"2019-10-15T10:53:58+00:00\",\"dateModified\":\"2023-11-30T15:08:34+00:00\",\"description\":\"Kratki Thor on ter\u00e4stakka, jolla on mielenkiintoinen geometrinen muoto. Sen yksinkertainen muoto kiinnitt\u00e4\u00e4 kaikkien huomion.\",\"breadcrumb\":{\"@id\":\"https:\/\/kodukolle.ee\/fi\/tuote\/kiertoilmatakka-kratki-thor\/#breadcrumb\"},\"inLanguage\":\"fi\",\"potentialAction\":[{\"@type\":\"ReadAction\",\"target\":[\"https:\/\/kodukolle.ee\/fi\/tuote\/kiertoilmatakka-kratki-thor\/\"]}]},{\"@type\":\"ImageObject\",\"inLanguage\":\"fi\",\"@id\":\"https:\/\/kodukolle.ee\/fi\/tuote\/kiertoilmatakka-kratki-thor\/#primaryimage\",\"url\":\"https:\/\/kodukolle.ee\/wp-content\/uploads\/2019\/10\/Kratki-Thor-1.jpg\",\"contentUrl\":\"https:\/\/kodukolle.ee\/wp-content\/uploads\/2019\/10\/Kratki-Thor-1.jpg\",\"width\":1080,\"height\":1080,\"caption\":\"Kratki Thor\"},{\"@type\":\"BreadcrumbList\",\"@id\":\"https:\/\/kodukolle.ee\/fi\/tuote\/kiertoilmatakka-kratki-thor\/#breadcrumb\",\"itemListElement\":[{\"@type\":\"ListItem\",\"position\":1,\"name\":\"Home\",\"item\":\"https:\/\/kodukolle.ee\/fi\/\"},{\"@type\":\"ListItem\",\"position\":2,\"name\":\"Tuotteet\",\"item\":\"https:\/\/kodukolle.ee\/fi\/tuotteet\/\"},{\"@type\":\"ListItem\",\"position\":3,\"name\":\"Kiertoilmatakka Kratki THOR\"}]},{\"@type\":\"WebSite\",\"@id\":\"https:\/\/kodukolle.ee\/en\/#website\",\"url\":\"https:\/\/kodukolle.ee\/en\/\",\"name\":\"Kodukolle\",\"description\":\"\",\"publisher\":{\"@id\":\"https:\/\/kodukolle.ee\/en\/#organization\"},\"potentialAction\":[{\"@type\":\"SearchAction\",\"target\":{\"@type\":\"EntryPoint\",\"urlTemplate\":\"https:\/\/kodukolle.ee\/en\/?s={search_term_string}\"},\"query-input\":{\"@type\":\"PropertyValueSpecification\",\"valueRequired\":true,\"valueName\":\"search_term_string\"}}],\"inLanguage\":\"fi\"},{\"@type\":\"Organization\",\"@id\":\"https:\/\/kodukolle.ee\/en\/#organization\",\"name\":\"Kodukolle\",\"url\":\"https:\/\/kodukolle.ee\/en\/\",\"logo\":{\"@type\":\"ImageObject\",\"inLanguage\":\"fi\",\"@id\":\"https:\/\/kodukolle.ee\/en\/#\/schema\/logo\/image\/\",\"url\":\"https:\/\/kodukolle.ee\/wp-content\/uploads\/2025\/06\/logo_must_gradient.svg\",\"contentUrl\":\"https:\/\/kodukolle.ee\/wp-content\/uploads\/2025\/06\/logo_must_gradient.svg\",\"caption\":\"Kodukolle\"},\"image\":{\"@id\":\"https:\/\/kodukolle.ee\/en\/#\/schema\/logo\/image\/\"}}]}<\/script>\n<!-- \/ Yoast SEO plugin. -->","yoast_head_json":{"title":"Kiertoilmatakka Kratki THOR - Kodukolle","description":"Kratki Thor on ter\u00e4stakka, jolla on mielenkiintoinen geometrinen muoto. Sen yksinkertainen muoto kiinnitt\u00e4\u00e4 kaikkien huomion.","robots":{"index":"index","follow":"follow","max-snippet":"max-snippet:-1","max-image-preview":"max-image-preview:large","max-video-preview":"max-video-preview:-1"},"canonical":"https:\/\/kodukolle.ee\/fi\/tuote\/kiertoilmatakka-kratki-thor\/","og_locale":"fi_FI","og_type":"article","og_title":"Kiertoilmatakka Kratki THOR - Kodukolle","og_description":"Kratki Thor on ter\u00e4stakka, jolla on mielenkiintoinen geometrinen muoto. Sen yksinkertainen muoto kiinnitt\u00e4\u00e4 kaikkien huomion.","og_url":"https:\/\/kodukolle.ee\/fi\/tuote\/kiertoilmatakka-kratki-thor\/","og_site_name":"Kodukolle","article_modified_time":"2023-11-30T15:08:34+00:00","og_image":[{"width":1080,"height":1080,"url":"https:\/\/kodukolle.ee\/wp-content\/uploads\/2019\/10\/Kratki-Thor-1.jpg","type":"image\/jpeg"}],"twitter_card":"summary_large_image","schema":{"@context":"https:\/\/schema.org","@graph":[{"@type":"WebPage","@id":"https:\/\/kodukolle.ee\/fi\/tuote\/kiertoilmatakka-kratki-thor\/","url":"https:\/\/kodukolle.ee\/fi\/tuote\/kiertoilmatakka-kratki-thor\/","name":"Kiertoilmatakka Kratki THOR - Kodukolle","isPartOf":{"@id":"https:\/\/kodukolle.ee\/en\/#website"},"primaryImageOfPage":{"@id":"https:\/\/kodukolle.ee\/fi\/tuote\/kiertoilmatakka-kratki-thor\/#primaryimage"},"image":{"@id":"https:\/\/kodukolle.ee\/fi\/tuote\/kiertoilmatakka-kratki-thor\/#primaryimage"},"thumbnailUrl":"https:\/\/kodukolle.ee\/wp-content\/uploads\/2019\/10\/Kratki-Thor-1.jpg","datePublished":"2019-10-15T10:53:58+00:00","dateModified":"2023-11-30T15:08:34+00:00","description":"Kratki Thor on ter\u00e4stakka, jolla on mielenkiintoinen geometrinen muoto. Sen yksinkertainen muoto kiinnitt\u00e4\u00e4 kaikkien huomion.","breadcrumb":{"@id":"https:\/\/kodukolle.ee\/fi\/tuote\/kiertoilmatakka-kratki-thor\/#breadcrumb"},"inLanguage":"fi","potentialAction":[{"@type":"ReadAction","target":["https:\/\/kodukolle.ee\/fi\/tuote\/kiertoilmatakka-kratki-thor\/"]}]},{"@type":"ImageObject","inLanguage":"fi","@id":"https:\/\/kodukolle.ee\/fi\/tuote\/kiertoilmatakka-kratki-thor\/#primaryimage","url":"https:\/\/kodukolle.ee\/wp-content\/uploads\/2019\/10\/Kratki-Thor-1.jpg","contentUrl":"https:\/\/kodukolle.ee\/wp-content\/uploads\/2019\/10\/Kratki-Thor-1.jpg","width":1080,"height":1080,"caption":"Kratki Thor"},{"@type":"BreadcrumbList","@id":"https:\/\/kodukolle.ee\/fi\/tuote\/kiertoilmatakka-kratki-thor\/#breadcrumb","itemListElement":[{"@type":"ListItem","position":1,"name":"Home","item":"https:\/\/kodukolle.ee\/fi\/"},{"@type":"ListItem","position":2,"name":"Tuotteet","item":"https:\/\/kodukolle.ee\/fi\/tuotteet\/"},{"@type":"ListItem","position":3,"name":"Kiertoilmatakka Kratki THOR"}]},{"@type":"WebSite","@id":"https:\/\/kodukolle.ee\/en\/#website","url":"https:\/\/kodukolle.ee\/en\/","name":"Kodukolle","description":"","publisher":{"@id":"https:\/\/kodukolle.ee\/en\/#organization"},"potentialAction":[{"@type":"SearchAction","target":{"@type":"EntryPoint","urlTemplate":"https:\/\/kodukolle.ee\/en\/?s={search_term_string}"},"query-input":{"@type":"PropertyValueSpecification","valueRequired":true,"valueName":"search_term_string"}}],"inLanguage":"fi"},{"@type":"Organization","@id":"https:\/\/kodukolle.ee\/en\/#organization","name":"Kodukolle","url":"https:\/\/kodukolle.ee\/en\/","logo":{"@type":"ImageObject","inLanguage":"fi","@id":"https:\/\/kodukolle.ee\/en\/#\/schema\/logo\/image\/","url":"https:\/\/kodukolle.ee\/wp-content\/uploads\/2025\/06\/logo_must_gradient.svg","contentUrl":"https:\/\/kodukolle.ee\/wp-content\/uploads\/2025\/06\/logo_must_gradient.svg","caption":"Kodukolle"},"image":{"@id":"https:\/\/kodukolle.ee\/en\/#\/schema\/logo\/image\/"}}]}},"_links":{"self":[{"href":"https:\/\/kodukolle.ee\/fi\/wp-json\/wp\/v2\/product\/25153","targetHints":{"allow":["GET"]}}],"collection":[{"href":"https:\/\/kodukolle.ee\/fi\/wp-json\/wp\/v2\/product"}],"about":[{"href":"https:\/\/kodukolle.ee\/fi\/wp-json\/wp\/v2\/types\/product"}],"wp:featuredmedia":[{"embeddable":true,"href":"https:\/\/kodukolle.ee\/fi\/wp-json\/wp\/v2\/media\/25134"}],"wp:attachment":[{"href":"https:\/\/kodukolle.ee\/fi\/wp-json\/wp\/v2\/media?parent=25153"}],"wp:term":[{"taxonomy":"product_brand","embeddable":true,"href":"https:\/\/kodukolle.ee\/fi\/wp-json\/wp\/v2\/product_brand?post=25153"},{"taxonomy":"product_cat","embeddable":true,"href":"https:\/\/kodukolle.ee\/fi\/wp-json\/wp\/v2\/product_cat?post=25153"},{"taxonomy":"product_tag","embeddable":true,"href":"https:\/\/kodukolle.ee\/fi\/wp-json\/wp\/v2\/product_tag?post=25153"}],"curies":[{"name":"wp","href":"https:\/\/api.w.org\/{rel}","templated":true}]}}