{"id":25197,"date":"2019-07-29T11:47:35","date_gmt":"2019-07-29T08:47:35","guid":{"rendered":"https:\/\/kodukolle.ee\/?post_type=product&#038;p=25197"},"modified":"2023-12-01T09:59:26","modified_gmt":"2023-12-01T07:59:26","slug":"valurautatakka-kratki-koza-k6","status":"publish","type":"product","link":"https:\/\/kodukolle.ee\/fi\/tuote\/valurautatakka-kratki-koza-k6\/","title":{"rendered":"Valurautatakka Kratki KOZA K6"},"content":{"rendered":"<p>Takka Kratki Koza K6 on valmistettu korkealaatuisesta valuraudasta. Yksinkertaisen perinteisen tyylins\u00e4 ansiosta se sopii jokaiseen kotiin. Erinomainen ratkaisu ihmisille, jotka haluavat l\u00e4mp\u00f6\u00e4, mutta joilla ei ole paljon tilaa sis\u00e4tiloissaan. L\u00e4mm\u00f6nkest\u00e4v\u00e4 keramiikka kest\u00e4\u00e4 jopa 660 \u00b0C l\u00e4mp\u00f6tiloja. Tulipes\u00e4n alla oleva tuhkalaatikko on helppo vet\u00e4\u00e4 ulos ja tyhjent\u00e4\u00e4. Ensisijainen ja toissijainen ilmans\u00e4\u00e4t\u00f6 mahdollistavat helpon tehons\u00e4\u00e4d\u00f6n. Maksimaalinen l\u00e4mm\u00f6nk\u00e4ytt\u00f6 ja h\u00e4iri\u00f6t\u00f6n toiminta korkealaatuisesta valuraudasta valmistettujen 8 mm paksujen seinien ansiosta. Lis\u00e4ksi K6-takka on varustettu Clean Glass -j\u00e4rjestelm\u00e4ll\u00e4, joka v\u00e4hent\u00e4\u00e4 merkitt\u00e4v\u00e4sti noen kertymist\u00e4 tulisijan lasiin.<br \/>\n&nbsp; <\/p>\n","protected":false},"excerpt":{"rendered":"<p>Takka Kratki Koza K6 on valmistettu korkealaatuisesta valuraudasta. Yksinkertaisen perinteisen tyylins\u00e4 ansiosta se sopii jokaiseen kotiin. Erinomainen ratkaisu ihmisille, jotka haluavat l\u00e4mp\u00f6\u00e4, mutta joilla ei ole paljon tilaa sis\u00e4tiloissaan. L\u00e4mm\u00f6nkest\u00e4v\u00e4 keramiikka kest\u00e4\u00e4 jopa 660 \u00b0C l\u00e4mp\u00f6tiloja. Tulipes\u00e4n alla oleva tuhkalaatikko on helppo vet\u00e4\u00e4 ulos ja tyhjent\u00e4\u00e4. <\/p>\n","protected":false},"featured_media":25166,"template":"","meta":{"_acf_changed":false},"product_brand":[],"product_cat":[9620],"product_tag":[],"class_list":{"0":"post-25197","1":"product","2":"type-product","3":"status-publish","4":"has-post-thumbnail","6":"brands-kratki-fi","7":"product_cat-takat","9":"first","10":"instock","11":"shipping-taxable","12":"purchasable","13":"product-type-simple"},"acf":[],"yoast_head":"<!-- This site is optimized with the Yoast SEO plugin v27.2 - https:\/\/yoast.com\/product\/yoast-seo-wordpress\/ -->\n<title>Valurautatakka Kratki KOZA K6 - Kodukolle<\/title>\n<meta name=\"description\" content=\"Takka Kratki Koza K6 on valmistettu korkealaatuisesta valuraudasta. Yksinkertaisen perinteisen tyylins\u00e4 ansiosta se sopii jokaiseen kotiin.\" \/>\n<meta name=\"robots\" content=\"index, follow, max-snippet:-1, max-image-preview:large, max-video-preview:-1\" \/>\n<link rel=\"canonical\" href=\"https:\/\/kodukolle.ee\/fi\/tuote\/valurautatakka-kratki-koza-k6\/\" \/>\n<meta property=\"og:locale\" content=\"fi_FI\" \/>\n<meta property=\"og:type\" content=\"article\" \/>\n<meta property=\"og:title\" content=\"Valurautatakka Kratki KOZA K6 - Kodukolle\" \/>\n<meta property=\"og:description\" content=\"Takka Kratki Koza K6 on valmistettu korkealaatuisesta valuraudasta. Yksinkertaisen perinteisen tyylins\u00e4 ansiosta se sopii jokaiseen kotiin.\" \/>\n<meta property=\"og:url\" content=\"https:\/\/kodukolle.ee\/fi\/tuote\/valurautatakka-kratki-koza-k6\/\" \/>\n<meta property=\"og:site_name\" content=\"Kodukolle\" \/>\n<meta property=\"article:modified_time\" content=\"2023-12-01T07:59:26+00:00\" \/>\n<meta property=\"og:image\" content=\"https:\/\/kodukolle.ee\/wp-content\/uploads\/2019\/07\/Kratki-Koza-K6_2.jpg\" \/>\n\t<meta property=\"og:image:width\" content=\"792\" \/>\n\t<meta property=\"og:image:height\" content=\"644\" \/>\n\t<meta property=\"og:image:type\" content=\"image\/jpeg\" \/>\n<meta name=\"twitter:card\" content=\"summary_large_image\" \/>\n<script type=\"application\/ld+json\" class=\"yoast-schema-graph\">{\"@context\":\"https:\/\/schema.org\",\"@graph\":[{\"@type\":\"WebPage\",\"@id\":\"https:\/\/kodukolle.ee\/fi\/tuote\/valurautatakka-kratki-koza-k6\/\",\"url\":\"https:\/\/kodukolle.ee\/fi\/tuote\/valurautatakka-kratki-koza-k6\/\",\"name\":\"Valurautatakka Kratki KOZA K6 - Kodukolle\",\"isPartOf\":{\"@id\":\"https:\/\/kodukolle.ee\/en\/#website\"},\"primaryImageOfPage\":{\"@id\":\"https:\/\/kodukolle.ee\/fi\/tuote\/valurautatakka-kratki-koza-k6\/#primaryimage\"},\"image\":{\"@id\":\"https:\/\/kodukolle.ee\/fi\/tuote\/valurautatakka-kratki-koza-k6\/#primaryimage\"},\"thumbnailUrl\":\"https:\/\/kodukolle.ee\/wp-content\/uploads\/2019\/07\/Kratki-Koza-K6_2.jpg\",\"datePublished\":\"2019-07-29T08:47:35+00:00\",\"dateModified\":\"2023-12-01T07:59:26+00:00\",\"description\":\"Takka Kratki Koza K6 on valmistettu korkealaatuisesta valuraudasta. Yksinkertaisen perinteisen tyylins\u00e4 ansiosta se sopii jokaiseen kotiin.\",\"breadcrumb\":{\"@id\":\"https:\/\/kodukolle.ee\/fi\/tuote\/valurautatakka-kratki-koza-k6\/#breadcrumb\"},\"inLanguage\":\"fi\",\"potentialAction\":[{\"@type\":\"ReadAction\",\"target\":[\"https:\/\/kodukolle.ee\/fi\/tuote\/valurautatakka-kratki-koza-k6\/\"]}]},{\"@type\":\"ImageObject\",\"inLanguage\":\"fi\",\"@id\":\"https:\/\/kodukolle.ee\/fi\/tuote\/valurautatakka-kratki-koza-k6\/#primaryimage\",\"url\":\"https:\/\/kodukolle.ee\/wp-content\/uploads\/2019\/07\/Kratki-Koza-K6_2.jpg\",\"contentUrl\":\"https:\/\/kodukolle.ee\/wp-content\/uploads\/2019\/07\/Kratki-Koza-K6_2.jpg\",\"width\":792,\"height\":644,\"caption\":\"Kratki Koza K6\"},{\"@type\":\"BreadcrumbList\",\"@id\":\"https:\/\/kodukolle.ee\/fi\/tuote\/valurautatakka-kratki-koza-k6\/#breadcrumb\",\"itemListElement\":[{\"@type\":\"ListItem\",\"position\":1,\"name\":\"Home\",\"item\":\"https:\/\/kodukolle.ee\/fi\/\"},{\"@type\":\"ListItem\",\"position\":2,\"name\":\"Tuotteet\",\"item\":\"https:\/\/kodukolle.ee\/fi\/tuotteet\/\"},{\"@type\":\"ListItem\",\"position\":3,\"name\":\"Valurautatakka Kratki KOZA K6\"}]},{\"@type\":\"WebSite\",\"@id\":\"https:\/\/kodukolle.ee\/en\/#website\",\"url\":\"https:\/\/kodukolle.ee\/en\/\",\"name\":\"Kodukolle\",\"description\":\"\",\"publisher\":{\"@id\":\"https:\/\/kodukolle.ee\/en\/#organization\"},\"potentialAction\":[{\"@type\":\"SearchAction\",\"target\":{\"@type\":\"EntryPoint\",\"urlTemplate\":\"https:\/\/kodukolle.ee\/en\/?s={search_term_string}\"},\"query-input\":{\"@type\":\"PropertyValueSpecification\",\"valueRequired\":true,\"valueName\":\"search_term_string\"}}],\"inLanguage\":\"fi\"},{\"@type\":\"Organization\",\"@id\":\"https:\/\/kodukolle.ee\/en\/#organization\",\"name\":\"Kodukolle\",\"url\":\"https:\/\/kodukolle.ee\/en\/\",\"logo\":{\"@type\":\"ImageObject\",\"inLanguage\":\"fi\",\"@id\":\"https:\/\/kodukolle.ee\/en\/#\/schema\/logo\/image\/\",\"url\":\"https:\/\/kodukolle.ee\/wp-content\/uploads\/2025\/06\/logo_must_gradient.svg\",\"contentUrl\":\"https:\/\/kodukolle.ee\/wp-content\/uploads\/2025\/06\/logo_must_gradient.svg\",\"caption\":\"Kodukolle\"},\"image\":{\"@id\":\"https:\/\/kodukolle.ee\/en\/#\/schema\/logo\/image\/\"}}]}<\/script>\n<!-- \/ Yoast SEO plugin. -->","yoast_head_json":{"title":"Valurautatakka Kratki KOZA K6 - Kodukolle","description":"Takka Kratki Koza K6 on valmistettu korkealaatuisesta valuraudasta. Yksinkertaisen perinteisen tyylins\u00e4 ansiosta se sopii jokaiseen kotiin.","robots":{"index":"index","follow":"follow","max-snippet":"max-snippet:-1","max-image-preview":"max-image-preview:large","max-video-preview":"max-video-preview:-1"},"canonical":"https:\/\/kodukolle.ee\/fi\/tuote\/valurautatakka-kratki-koza-k6\/","og_locale":"fi_FI","og_type":"article","og_title":"Valurautatakka Kratki KOZA K6 - Kodukolle","og_description":"Takka Kratki Koza K6 on valmistettu korkealaatuisesta valuraudasta. Yksinkertaisen perinteisen tyylins\u00e4 ansiosta se sopii jokaiseen kotiin.","og_url":"https:\/\/kodukolle.ee\/fi\/tuote\/valurautatakka-kratki-koza-k6\/","og_site_name":"Kodukolle","article_modified_time":"2023-12-01T07:59:26+00:00","og_image":[{"width":792,"height":644,"url":"https:\/\/kodukolle.ee\/wp-content\/uploads\/2019\/07\/Kratki-Koza-K6_2.jpg","type":"image\/jpeg"}],"twitter_card":"summary_large_image","schema":{"@context":"https:\/\/schema.org","@graph":[{"@type":"WebPage","@id":"https:\/\/kodukolle.ee\/fi\/tuote\/valurautatakka-kratki-koza-k6\/","url":"https:\/\/kodukolle.ee\/fi\/tuote\/valurautatakka-kratki-koza-k6\/","name":"Valurautatakka Kratki KOZA K6 - Kodukolle","isPartOf":{"@id":"https:\/\/kodukolle.ee\/en\/#website"},"primaryImageOfPage":{"@id":"https:\/\/kodukolle.ee\/fi\/tuote\/valurautatakka-kratki-koza-k6\/#primaryimage"},"image":{"@id":"https:\/\/kodukolle.ee\/fi\/tuote\/valurautatakka-kratki-koza-k6\/#primaryimage"},"thumbnailUrl":"https:\/\/kodukolle.ee\/wp-content\/uploads\/2019\/07\/Kratki-Koza-K6_2.jpg","datePublished":"2019-07-29T08:47:35+00:00","dateModified":"2023-12-01T07:59:26+00:00","description":"Takka Kratki Koza K6 on valmistettu korkealaatuisesta valuraudasta. Yksinkertaisen perinteisen tyylins\u00e4 ansiosta se sopii jokaiseen kotiin.","breadcrumb":{"@id":"https:\/\/kodukolle.ee\/fi\/tuote\/valurautatakka-kratki-koza-k6\/#breadcrumb"},"inLanguage":"fi","potentialAction":[{"@type":"ReadAction","target":["https:\/\/kodukolle.ee\/fi\/tuote\/valurautatakka-kratki-koza-k6\/"]}]},{"@type":"ImageObject","inLanguage":"fi","@id":"https:\/\/kodukolle.ee\/fi\/tuote\/valurautatakka-kratki-koza-k6\/#primaryimage","url":"https:\/\/kodukolle.ee\/wp-content\/uploads\/2019\/07\/Kratki-Koza-K6_2.jpg","contentUrl":"https:\/\/kodukolle.ee\/wp-content\/uploads\/2019\/07\/Kratki-Koza-K6_2.jpg","width":792,"height":644,"caption":"Kratki Koza K6"},{"@type":"BreadcrumbList","@id":"https:\/\/kodukolle.ee\/fi\/tuote\/valurautatakka-kratki-koza-k6\/#breadcrumb","itemListElement":[{"@type":"ListItem","position":1,"name":"Home","item":"https:\/\/kodukolle.ee\/fi\/"},{"@type":"ListItem","position":2,"name":"Tuotteet","item":"https:\/\/kodukolle.ee\/fi\/tuotteet\/"},{"@type":"ListItem","position":3,"name":"Valurautatakka Kratki KOZA K6"}]},{"@type":"WebSite","@id":"https:\/\/kodukolle.ee\/en\/#website","url":"https:\/\/kodukolle.ee\/en\/","name":"Kodukolle","description":"","publisher":{"@id":"https:\/\/kodukolle.ee\/en\/#organization"},"potentialAction":[{"@type":"SearchAction","target":{"@type":"EntryPoint","urlTemplate":"https:\/\/kodukolle.ee\/en\/?s={search_term_string}"},"query-input":{"@type":"PropertyValueSpecification","valueRequired":true,"valueName":"search_term_string"}}],"inLanguage":"fi"},{"@type":"Organization","@id":"https:\/\/kodukolle.ee\/en\/#organization","name":"Kodukolle","url":"https:\/\/kodukolle.ee\/en\/","logo":{"@type":"ImageObject","inLanguage":"fi","@id":"https:\/\/kodukolle.ee\/en\/#\/schema\/logo\/image\/","url":"https:\/\/kodukolle.ee\/wp-content\/uploads\/2025\/06\/logo_must_gradient.svg","contentUrl":"https:\/\/kodukolle.ee\/wp-content\/uploads\/2025\/06\/logo_must_gradient.svg","caption":"Kodukolle"},"image":{"@id":"https:\/\/kodukolle.ee\/en\/#\/schema\/logo\/image\/"}}]}},"_links":{"self":[{"href":"https:\/\/kodukolle.ee\/fi\/wp-json\/wp\/v2\/product\/25197","targetHints":{"allow":["GET"]}}],"collection":[{"href":"https:\/\/kodukolle.ee\/fi\/wp-json\/wp\/v2\/product"}],"about":[{"href":"https:\/\/kodukolle.ee\/fi\/wp-json\/wp\/v2\/types\/product"}],"wp:featuredmedia":[{"embeddable":true,"href":"https:\/\/kodukolle.ee\/fi\/wp-json\/wp\/v2\/media\/25166"}],"wp:attachment":[{"href":"https:\/\/kodukolle.ee\/fi\/wp-json\/wp\/v2\/media?parent=25197"}],"wp:term":[{"taxonomy":"product_brand","embeddable":true,"href":"https:\/\/kodukolle.ee\/fi\/wp-json\/wp\/v2\/product_brand?post=25197"},{"taxonomy":"product_cat","embeddable":true,"href":"https:\/\/kodukolle.ee\/fi\/wp-json\/wp\/v2\/product_cat?post=25197"},{"taxonomy":"product_tag","embeddable":true,"href":"https:\/\/kodukolle.ee\/fi\/wp-json\/wp\/v2\/product_tag?post=25197"}],"curies":[{"name":"wp","href":"https:\/\/api.w.org\/{rel}","templated":true}]}}