{"id":25248,"date":"2019-07-29T11:47:34","date_gmt":"2019-07-29T08:47:34","guid":{"rendered":"https:\/\/kodukolle.ee\/?post_type=product&#038;p=25248"},"modified":"2023-12-01T11:31:38","modified_gmt":"2023-12-01T09:31:38","slug":"kiertoilmatakka-kratki-koza-ab-s-n-dr","status":"publish","type":"product","link":"https:\/\/kodukolle.ee\/fi\/tuote\/kiertoilmatakka-kratki-koza-ab-s-n-dr\/","title":{"rendered":"Kiertoilmatakka Kratki KOZA AB\/S\/N\/DR"},"content":{"rendered":"<p>Kiertoilmatakka Kratki Koza AB\/S\/N\/DR on valmistettu korkealaatuisesta ter\u00e4ksest\u00e4. Modernisti muotoiltu lieri\u00f6m\u00e4inen takka on loistava ratkaisu ihmisille, jotka kaipaavat l\u00e4mp\u00f6\u00e4, mutta joiden sisustuksessa ei ole paljon tilaa. Se sopii erityisesti pienempiin huoneisiin tai m\u00f6kkeihin. Kaarevan ovilasin ansiosta voit nauttia upeasta leikkitulesta. Takka-ovi on varustettu tyylikk\u00e4\u00e4ll\u00e4 ja mukavalla kahvalla. Takan sis\u00e4puoli on vuorattu keraamisella materiaalilla TERMOTEC, joka ker\u00e4\u00e4 l\u00e4mp\u00f6\u00e4. L\u00e4mm\u00f6nkest\u00e4v\u00e4 keramiikka kest\u00e4\u00e4 jopa 660 \u00b0C l\u00e4mp\u00f6tiloja. Lis\u00e4ksi tulisija Koza AB\/S\/N\/DR on varustettu Clean Glass -j\u00e4rjestelm\u00e4ll\u00e4, joka v\u00e4hent\u00e4\u00e4 merkitt\u00e4v\u00e4sti noen kertymist\u00e4 tulisijan lasille. Ensi\u00f6ilman sy\u00f6tt\u00f6\u00e4 voidaan s\u00e4\u00e4t\u00e4\u00e4 takan luukun alla olevilla s\u00e4\u00e4t\u00f6venttiileill\u00e4, joten voit hallita palamisen voimakkuutta t\u00e4ysin.<br \/>\n&nbsp; <\/p>\n","protected":false},"excerpt":{"rendered":"<p>Kiertoilmatakka Kratki Koza AB\/S\/N\/DR on valmistettu korkealaatuisesta ter\u00e4ksest\u00e4. Modernisti muotoiltu lieri\u00f6m\u00e4inen takka on loistava ratkaisu ihmisille, jotka kaipaavat l\u00e4mp\u00f6\u00e4, mutta joiden sisustuksessa ei ole paljon tilaa. Se sopii erityisesti pienempiin huoneisiin tai m\u00f6kkeihin. Kaarevan ovilasin ansiosta voit nauttia upeasta leikkitulesta.<\/p>\n","protected":false},"featured_media":25222,"template":"","meta":{"_acf_changed":false},"product_brand":[],"product_cat":[9620],"product_tag":[],"class_list":{"0":"post-25248","1":"product","2":"type-product","3":"status-publish","4":"has-post-thumbnail","6":"brands-kratki-fi","7":"product_cat-takat","9":"first","10":"instock","11":"shipping-taxable","12":"purchasable","13":"product-type-simple"},"acf":[],"yoast_head":"<!-- This site is optimized with the Yoast SEO plugin v27.2 - https:\/\/yoast.com\/product\/yoast-seo-wordpress\/ -->\n<title>Kiertoilmatakka Kratki KOZA AB\/S\/N\/DR - Kodukolle<\/title>\n<meta name=\"description\" content=\"Kiertoilmatakka Kratki Koza AB\/S\/N\/DR on valmistettu korkealaatuisesta ter\u00e4ksest\u00e4. Kaarevan ovilasin ansiosta voit nauttia upeasta leikkitulesta.\" \/>\n<meta name=\"robots\" content=\"index, follow, max-snippet:-1, max-image-preview:large, max-video-preview:-1\" \/>\n<link rel=\"canonical\" href=\"https:\/\/kodukolle.ee\/fi\/tuote\/kiertoilmatakka-kratki-koza-ab-s-n-dr\/\" \/>\n<meta property=\"og:locale\" content=\"fi_FI\" \/>\n<meta property=\"og:type\" content=\"article\" \/>\n<meta property=\"og:title\" content=\"Kiertoilmatakka Kratki KOZA AB\/S\/N\/DR - Kodukolle\" \/>\n<meta property=\"og:description\" content=\"Kiertoilmatakka Kratki Koza AB\/S\/N\/DR on valmistettu korkealaatuisesta ter\u00e4ksest\u00e4. Kaarevan ovilasin ansiosta voit nauttia upeasta leikkitulesta.\" \/>\n<meta property=\"og:url\" content=\"https:\/\/kodukolle.ee\/fi\/tuote\/kiertoilmatakka-kratki-koza-ab-s-n-dr\/\" \/>\n<meta property=\"og:site_name\" content=\"Kodukolle\" \/>\n<meta property=\"article:modified_time\" content=\"2023-12-01T09:31:38+00:00\" \/>\n<meta property=\"og:image\" content=\"https:\/\/kodukolle.ee\/wp-content\/uploads\/2019\/07\/Kratki-KOZA-ABSNDR_2.jpg\" \/>\n\t<meta property=\"og:image:width\" content=\"1000\" \/>\n\t<meta property=\"og:image:height\" content=\"1000\" \/>\n\t<meta property=\"og:image:type\" content=\"image\/jpeg\" \/>\n<meta name=\"twitter:card\" content=\"summary_large_image\" \/>\n<script type=\"application\/ld+json\" class=\"yoast-schema-graph\">{\"@context\":\"https:\/\/schema.org\",\"@graph\":[{\"@type\":\"WebPage\",\"@id\":\"https:\/\/kodukolle.ee\/fi\/tuote\/kiertoilmatakka-kratki-koza-ab-s-n-dr\/\",\"url\":\"https:\/\/kodukolle.ee\/fi\/tuote\/kiertoilmatakka-kratki-koza-ab-s-n-dr\/\",\"name\":\"Kiertoilmatakka Kratki KOZA AB\/S\/N\/DR - Kodukolle\",\"isPartOf\":{\"@id\":\"https:\/\/kodukolle.ee\/en\/#website\"},\"primaryImageOfPage\":{\"@id\":\"https:\/\/kodukolle.ee\/fi\/tuote\/kiertoilmatakka-kratki-koza-ab-s-n-dr\/#primaryimage\"},\"image\":{\"@id\":\"https:\/\/kodukolle.ee\/fi\/tuote\/kiertoilmatakka-kratki-koza-ab-s-n-dr\/#primaryimage\"},\"thumbnailUrl\":\"https:\/\/kodukolle.ee\/wp-content\/uploads\/2019\/07\/Kratki-KOZA-ABSNDR_2.jpg\",\"datePublished\":\"2019-07-29T08:47:34+00:00\",\"dateModified\":\"2023-12-01T09:31:38+00:00\",\"description\":\"Kiertoilmatakka Kratki Koza AB\/S\/N\/DR on valmistettu korkealaatuisesta ter\u00e4ksest\u00e4. Kaarevan ovilasin ansiosta voit nauttia upeasta leikkitulesta.\",\"breadcrumb\":{\"@id\":\"https:\/\/kodukolle.ee\/fi\/tuote\/kiertoilmatakka-kratki-koza-ab-s-n-dr\/#breadcrumb\"},\"inLanguage\":\"fi\",\"potentialAction\":[{\"@type\":\"ReadAction\",\"target\":[\"https:\/\/kodukolle.ee\/fi\/tuote\/kiertoilmatakka-kratki-koza-ab-s-n-dr\/\"]}]},{\"@type\":\"ImageObject\",\"inLanguage\":\"fi\",\"@id\":\"https:\/\/kodukolle.ee\/fi\/tuote\/kiertoilmatakka-kratki-koza-ab-s-n-dr\/#primaryimage\",\"url\":\"https:\/\/kodukolle.ee\/wp-content\/uploads\/2019\/07\/Kratki-KOZA-ABSNDR_2.jpg\",\"contentUrl\":\"https:\/\/kodukolle.ee\/wp-content\/uploads\/2019\/07\/Kratki-KOZA-ABSNDR_2.jpg\",\"width\":1000,\"height\":1000,\"caption\":\"Kratki KOZA AB\/S\/N\/DR\"},{\"@type\":\"BreadcrumbList\",\"@id\":\"https:\/\/kodukolle.ee\/fi\/tuote\/kiertoilmatakka-kratki-koza-ab-s-n-dr\/#breadcrumb\",\"itemListElement\":[{\"@type\":\"ListItem\",\"position\":1,\"name\":\"Home\",\"item\":\"https:\/\/kodukolle.ee\/fi\/\"},{\"@type\":\"ListItem\",\"position\":2,\"name\":\"Tuotteet\",\"item\":\"https:\/\/kodukolle.ee\/fi\/tuotteet\/\"},{\"@type\":\"ListItem\",\"position\":3,\"name\":\"Kiertoilmatakka Kratki KOZA AB\/S\/N\/DR\"}]},{\"@type\":\"WebSite\",\"@id\":\"https:\/\/kodukolle.ee\/en\/#website\",\"url\":\"https:\/\/kodukolle.ee\/en\/\",\"name\":\"Kodukolle\",\"description\":\"\",\"publisher\":{\"@id\":\"https:\/\/kodukolle.ee\/en\/#organization\"},\"potentialAction\":[{\"@type\":\"SearchAction\",\"target\":{\"@type\":\"EntryPoint\",\"urlTemplate\":\"https:\/\/kodukolle.ee\/en\/?s={search_term_string}\"},\"query-input\":{\"@type\":\"PropertyValueSpecification\",\"valueRequired\":true,\"valueName\":\"search_term_string\"}}],\"inLanguage\":\"fi\"},{\"@type\":\"Organization\",\"@id\":\"https:\/\/kodukolle.ee\/en\/#organization\",\"name\":\"Kodukolle\",\"url\":\"https:\/\/kodukolle.ee\/en\/\",\"logo\":{\"@type\":\"ImageObject\",\"inLanguage\":\"fi\",\"@id\":\"https:\/\/kodukolle.ee\/en\/#\/schema\/logo\/image\/\",\"url\":\"https:\/\/kodukolle.ee\/wp-content\/uploads\/2025\/06\/logo_must_gradient.svg\",\"contentUrl\":\"https:\/\/kodukolle.ee\/wp-content\/uploads\/2025\/06\/logo_must_gradient.svg\",\"caption\":\"Kodukolle\"},\"image\":{\"@id\":\"https:\/\/kodukolle.ee\/en\/#\/schema\/logo\/image\/\"}}]}<\/script>\n<!-- \/ Yoast SEO plugin. -->","yoast_head_json":{"title":"Kiertoilmatakka Kratki KOZA AB\/S\/N\/DR - Kodukolle","description":"Kiertoilmatakka Kratki Koza AB\/S\/N\/DR on valmistettu korkealaatuisesta ter\u00e4ksest\u00e4. Kaarevan ovilasin ansiosta voit nauttia upeasta leikkitulesta.","robots":{"index":"index","follow":"follow","max-snippet":"max-snippet:-1","max-image-preview":"max-image-preview:large","max-video-preview":"max-video-preview:-1"},"canonical":"https:\/\/kodukolle.ee\/fi\/tuote\/kiertoilmatakka-kratki-koza-ab-s-n-dr\/","og_locale":"fi_FI","og_type":"article","og_title":"Kiertoilmatakka Kratki KOZA AB\/S\/N\/DR - Kodukolle","og_description":"Kiertoilmatakka Kratki Koza AB\/S\/N\/DR on valmistettu korkealaatuisesta ter\u00e4ksest\u00e4. Kaarevan ovilasin ansiosta voit nauttia upeasta leikkitulesta.","og_url":"https:\/\/kodukolle.ee\/fi\/tuote\/kiertoilmatakka-kratki-koza-ab-s-n-dr\/","og_site_name":"Kodukolle","article_modified_time":"2023-12-01T09:31:38+00:00","og_image":[{"width":1000,"height":1000,"url":"https:\/\/kodukolle.ee\/wp-content\/uploads\/2019\/07\/Kratki-KOZA-ABSNDR_2.jpg","type":"image\/jpeg"}],"twitter_card":"summary_large_image","schema":{"@context":"https:\/\/schema.org","@graph":[{"@type":"WebPage","@id":"https:\/\/kodukolle.ee\/fi\/tuote\/kiertoilmatakka-kratki-koza-ab-s-n-dr\/","url":"https:\/\/kodukolle.ee\/fi\/tuote\/kiertoilmatakka-kratki-koza-ab-s-n-dr\/","name":"Kiertoilmatakka Kratki KOZA AB\/S\/N\/DR - Kodukolle","isPartOf":{"@id":"https:\/\/kodukolle.ee\/en\/#website"},"primaryImageOfPage":{"@id":"https:\/\/kodukolle.ee\/fi\/tuote\/kiertoilmatakka-kratki-koza-ab-s-n-dr\/#primaryimage"},"image":{"@id":"https:\/\/kodukolle.ee\/fi\/tuote\/kiertoilmatakka-kratki-koza-ab-s-n-dr\/#primaryimage"},"thumbnailUrl":"https:\/\/kodukolle.ee\/wp-content\/uploads\/2019\/07\/Kratki-KOZA-ABSNDR_2.jpg","datePublished":"2019-07-29T08:47:34+00:00","dateModified":"2023-12-01T09:31:38+00:00","description":"Kiertoilmatakka Kratki Koza AB\/S\/N\/DR on valmistettu korkealaatuisesta ter\u00e4ksest\u00e4. Kaarevan ovilasin ansiosta voit nauttia upeasta leikkitulesta.","breadcrumb":{"@id":"https:\/\/kodukolle.ee\/fi\/tuote\/kiertoilmatakka-kratki-koza-ab-s-n-dr\/#breadcrumb"},"inLanguage":"fi","potentialAction":[{"@type":"ReadAction","target":["https:\/\/kodukolle.ee\/fi\/tuote\/kiertoilmatakka-kratki-koza-ab-s-n-dr\/"]}]},{"@type":"ImageObject","inLanguage":"fi","@id":"https:\/\/kodukolle.ee\/fi\/tuote\/kiertoilmatakka-kratki-koza-ab-s-n-dr\/#primaryimage","url":"https:\/\/kodukolle.ee\/wp-content\/uploads\/2019\/07\/Kratki-KOZA-ABSNDR_2.jpg","contentUrl":"https:\/\/kodukolle.ee\/wp-content\/uploads\/2019\/07\/Kratki-KOZA-ABSNDR_2.jpg","width":1000,"height":1000,"caption":"Kratki KOZA AB\/S\/N\/DR"},{"@type":"BreadcrumbList","@id":"https:\/\/kodukolle.ee\/fi\/tuote\/kiertoilmatakka-kratki-koza-ab-s-n-dr\/#breadcrumb","itemListElement":[{"@type":"ListItem","position":1,"name":"Home","item":"https:\/\/kodukolle.ee\/fi\/"},{"@type":"ListItem","position":2,"name":"Tuotteet","item":"https:\/\/kodukolle.ee\/fi\/tuotteet\/"},{"@type":"ListItem","position":3,"name":"Kiertoilmatakka Kratki KOZA AB\/S\/N\/DR"}]},{"@type":"WebSite","@id":"https:\/\/kodukolle.ee\/en\/#website","url":"https:\/\/kodukolle.ee\/en\/","name":"Kodukolle","description":"","publisher":{"@id":"https:\/\/kodukolle.ee\/en\/#organization"},"potentialAction":[{"@type":"SearchAction","target":{"@type":"EntryPoint","urlTemplate":"https:\/\/kodukolle.ee\/en\/?s={search_term_string}"},"query-input":{"@type":"PropertyValueSpecification","valueRequired":true,"valueName":"search_term_string"}}],"inLanguage":"fi"},{"@type":"Organization","@id":"https:\/\/kodukolle.ee\/en\/#organization","name":"Kodukolle","url":"https:\/\/kodukolle.ee\/en\/","logo":{"@type":"ImageObject","inLanguage":"fi","@id":"https:\/\/kodukolle.ee\/en\/#\/schema\/logo\/image\/","url":"https:\/\/kodukolle.ee\/wp-content\/uploads\/2025\/06\/logo_must_gradient.svg","contentUrl":"https:\/\/kodukolle.ee\/wp-content\/uploads\/2025\/06\/logo_must_gradient.svg","caption":"Kodukolle"},"image":{"@id":"https:\/\/kodukolle.ee\/en\/#\/schema\/logo\/image\/"}}]}},"_links":{"self":[{"href":"https:\/\/kodukolle.ee\/fi\/wp-json\/wp\/v2\/product\/25248","targetHints":{"allow":["GET"]}}],"collection":[{"href":"https:\/\/kodukolle.ee\/fi\/wp-json\/wp\/v2\/product"}],"about":[{"href":"https:\/\/kodukolle.ee\/fi\/wp-json\/wp\/v2\/types\/product"}],"wp:featuredmedia":[{"embeddable":true,"href":"https:\/\/kodukolle.ee\/fi\/wp-json\/wp\/v2\/media\/25222"}],"wp:attachment":[{"href":"https:\/\/kodukolle.ee\/fi\/wp-json\/wp\/v2\/media?parent=25248"}],"wp:term":[{"taxonomy":"product_brand","embeddable":true,"href":"https:\/\/kodukolle.ee\/fi\/wp-json\/wp\/v2\/product_brand?post=25248"},{"taxonomy":"product_cat","embeddable":true,"href":"https:\/\/kodukolle.ee\/fi\/wp-json\/wp\/v2\/product_cat?post=25248"},{"taxonomy":"product_tag","embeddable":true,"href":"https:\/\/kodukolle.ee\/fi\/wp-json\/wp\/v2\/product_tag?post=25248"}],"curies":[{"name":"wp","href":"https:\/\/api.w.org\/{rel}","templated":true}]}}