{"id":25302,"date":"2019-07-29T14:17:57","date_gmt":"2019-07-29T11:17:57","guid":{"rendered":"https:\/\/kodukolle.ee\/?post_type=product&#038;p=25302"},"modified":"2023-12-01T12:53:08","modified_gmt":"2023-12-01T10:53:08","slug":"takkasydan-kratki-antek","status":"publish","type":"product","link":"https:\/\/kodukolle.ee\/fi\/tuote\/takkasydan-kratki-antek\/","title":{"rendered":"Takkasyd\u00e4n Kratki ANTEK"},"content":{"rendered":"<p>Valurautainen takkasyd\u00e4n Kratki Antek on edullinen ratkaisu uuden tulisijan rakentamiseen. T\u00e4m\u00e4n valurautaisen takkasyd\u00e4men avulla voit rakentaa ja suunnitella juuri sellaisen tulisijan, josta olet aina haaveillut. Takkasyd\u00e4n on valmistettu korkealaatuisesta 8 mm paksusta valuraudasta, joka yhdess\u00e4 pinnassa olevien tiiviisti olevien ripojen kanssa tarjoaa erinomaisen l\u00e4mm\u00f6npoiston. Takkasyd\u00e4men tulisija on varustettu l\u00e4mm\u00f6nkest\u00e4v\u00e4ll\u00e4 keramiikalla, joka kest\u00e4\u00e4 jopa 660\u00b0C l\u00e4mp\u00f6tiloja. Takkaan tulisijassa on suuri lasiovi, jonka avulla voit nauttia eloisasta ja viihtyis\u00e4st\u00e4 tulesta maksimaalisesti. Tulisijan pohjassa on turvareunus, joka est\u00e4\u00e4 puiden putoamisen tulisijasta tai puiden putoamisen lasia vasten. Raitisilman tuloaukko sijaitsee tuhkalaatikon vieress\u00e4, joten ilmanottoa on k\u00e4tev\u00e4 s\u00e4\u00e4t\u00e4\u00e4. Antek takkasyd\u00e4n on varustettu Clean Glass System -j\u00e4rjestelm\u00e4ll\u00e4, joka v\u00e4hent\u00e4\u00e4 merkitt\u00e4v\u00e4sti noen kertymist\u00e4 oven lasiin.<br \/>\n&nbsp; <\/p>\n","protected":false},"excerpt":{"rendered":"<p>Valurautainen takkasyd\u00e4n Kratki Antek on edullinen ratkaisu uuden tulisijan rakentamiseen. T\u00e4m\u00e4n valurautaisen takkasyd\u00e4men avulla voit rakentaa ja suunnitella juuri sellaisen tulisijan, josta olet aina haaveillut. Takkasyd\u00e4n on valmistettu korkealaatuisesta 8 mm paksusta valuraudasta, joka yhdess\u00e4 pinnassa olevien tiiviisti olevien ripojen kanssa tarjoaa erinomaisen l\u00e4mm\u00f6npoiston. Takkasyd\u00e4men tulisija on varustettu l\u00e4mm\u00f6nkest\u00e4v\u00e4ll\u00e4 keramiikalla, joka kest\u00e4\u00e4 jopa 660\u00b0C l\u00e4mp\u00f6tiloja. Takkaan tulisijassa on suuri lasiovi, jonka avulla voit nauttia eloisasta ja viihtyis\u00e4st\u00e4 tulesta maksimaalisesti.<\/p>\n","protected":false},"featured_media":25276,"template":"","meta":{"_acf_changed":false},"product_brand":[],"product_cat":[9690],"product_tag":[],"class_list":{"0":"post-25302","1":"product","2":"type-product","3":"status-publish","4":"has-post-thumbnail","6":"brands-kratki-fi","7":"product_cat-takkasydamet","9":"first","10":"instock","11":"shipping-taxable","12":"purchasable","13":"product-type-simple"},"acf":[],"yoast_head":"<!-- This site is optimized with the Yoast SEO plugin v27.2 - https:\/\/yoast.com\/product\/yoast-seo-wordpress\/ -->\n<title>Takkasyd\u00e4n Kratki ANTEK - Kodukolle<\/title>\n<meta name=\"description\" content=\"Valurautainen takkasyd\u00e4n Kratki Antek on edullinen ratkaisu uuden tulisijan rakentamiseen. Takkaan tulisijassa on suuri lasiovi, jonka avulla voit nauttia eloisasta ja viihtyis\u00e4st\u00e4 tulesta maksimaalisesti.\" \/>\n<meta name=\"robots\" content=\"index, follow, max-snippet:-1, max-image-preview:large, max-video-preview:-1\" \/>\n<link rel=\"canonical\" href=\"https:\/\/kodukolle.ee\/fi\/tuote\/takkasydan-kratki-antek\/\" \/>\n<meta property=\"og:locale\" content=\"fi_FI\" \/>\n<meta property=\"og:type\" content=\"article\" \/>\n<meta property=\"og:title\" content=\"Takkasyd\u00e4n Kratki ANTEK - Kodukolle\" \/>\n<meta property=\"og:description\" content=\"Valurautainen takkasyd\u00e4n Kratki Antek on edullinen ratkaisu uuden tulisijan rakentamiseen. Takkaan tulisijassa on suuri lasiovi, jonka avulla voit nauttia eloisasta ja viihtyis\u00e4st\u00e4 tulesta maksimaalisesti.\" \/>\n<meta property=\"og:url\" content=\"https:\/\/kodukolle.ee\/fi\/tuote\/takkasydan-kratki-antek\/\" \/>\n<meta property=\"og:site_name\" content=\"Kodukolle\" \/>\n<meta property=\"article:modified_time\" content=\"2023-12-01T10:53:08+00:00\" \/>\n<meta property=\"og:image\" content=\"https:\/\/kodukolle.ee\/wp-content\/uploads\/2019\/07\/Kratki-Antek_1.jpg\" \/>\n\t<meta property=\"og:image:width\" content=\"650\" \/>\n\t<meta property=\"og:image:height\" content=\"650\" \/>\n\t<meta property=\"og:image:type\" content=\"image\/jpeg\" \/>\n<meta name=\"twitter:card\" content=\"summary_large_image\" \/>\n<script type=\"application\/ld+json\" class=\"yoast-schema-graph\">{\"@context\":\"https:\/\/schema.org\",\"@graph\":[{\"@type\":\"WebPage\",\"@id\":\"https:\/\/kodukolle.ee\/fi\/tuote\/takkasydan-kratki-antek\/\",\"url\":\"https:\/\/kodukolle.ee\/fi\/tuote\/takkasydan-kratki-antek\/\",\"name\":\"Takkasyd\u00e4n Kratki ANTEK - Kodukolle\",\"isPartOf\":{\"@id\":\"https:\/\/kodukolle.ee\/en\/#website\"},\"primaryImageOfPage\":{\"@id\":\"https:\/\/kodukolle.ee\/fi\/tuote\/takkasydan-kratki-antek\/#primaryimage\"},\"image\":{\"@id\":\"https:\/\/kodukolle.ee\/fi\/tuote\/takkasydan-kratki-antek\/#primaryimage\"},\"thumbnailUrl\":\"https:\/\/kodukolle.ee\/wp-content\/uploads\/2019\/07\/Kratki-Antek_1.jpg\",\"datePublished\":\"2019-07-29T11:17:57+00:00\",\"dateModified\":\"2023-12-01T10:53:08+00:00\",\"description\":\"Valurautainen takkasyd\u00e4n Kratki Antek on edullinen ratkaisu uuden tulisijan rakentamiseen. Takkaan tulisijassa on suuri lasiovi, jonka avulla voit nauttia eloisasta ja viihtyis\u00e4st\u00e4 tulesta maksimaalisesti.\",\"breadcrumb\":{\"@id\":\"https:\/\/kodukolle.ee\/fi\/tuote\/takkasydan-kratki-antek\/#breadcrumb\"},\"inLanguage\":\"fi\",\"potentialAction\":[{\"@type\":\"ReadAction\",\"target\":[\"https:\/\/kodukolle.ee\/fi\/tuote\/takkasydan-kratki-antek\/\"]}]},{\"@type\":\"ImageObject\",\"inLanguage\":\"fi\",\"@id\":\"https:\/\/kodukolle.ee\/fi\/tuote\/takkasydan-kratki-antek\/#primaryimage\",\"url\":\"https:\/\/kodukolle.ee\/wp-content\/uploads\/2019\/07\/Kratki-Antek_1.jpg\",\"contentUrl\":\"https:\/\/kodukolle.ee\/wp-content\/uploads\/2019\/07\/Kratki-Antek_1.jpg\",\"width\":650,\"height\":650,\"caption\":\"Kratki Antek\"},{\"@type\":\"BreadcrumbList\",\"@id\":\"https:\/\/kodukolle.ee\/fi\/tuote\/takkasydan-kratki-antek\/#breadcrumb\",\"itemListElement\":[{\"@type\":\"ListItem\",\"position\":1,\"name\":\"Home\",\"item\":\"https:\/\/kodukolle.ee\/fi\/\"},{\"@type\":\"ListItem\",\"position\":2,\"name\":\"Tuotteet\",\"item\":\"https:\/\/kodukolle.ee\/fi\/tuotteet\/\"},{\"@type\":\"ListItem\",\"position\":3,\"name\":\"Takkasyd\u00e4n Kratki ANTEK\"}]},{\"@type\":\"WebSite\",\"@id\":\"https:\/\/kodukolle.ee\/en\/#website\",\"url\":\"https:\/\/kodukolle.ee\/en\/\",\"name\":\"Kodukolle\",\"description\":\"\",\"publisher\":{\"@id\":\"https:\/\/kodukolle.ee\/en\/#organization\"},\"potentialAction\":[{\"@type\":\"SearchAction\",\"target\":{\"@type\":\"EntryPoint\",\"urlTemplate\":\"https:\/\/kodukolle.ee\/en\/?s={search_term_string}\"},\"query-input\":{\"@type\":\"PropertyValueSpecification\",\"valueRequired\":true,\"valueName\":\"search_term_string\"}}],\"inLanguage\":\"fi\"},{\"@type\":\"Organization\",\"@id\":\"https:\/\/kodukolle.ee\/en\/#organization\",\"name\":\"Kodukolle\",\"url\":\"https:\/\/kodukolle.ee\/en\/\",\"logo\":{\"@type\":\"ImageObject\",\"inLanguage\":\"fi\",\"@id\":\"https:\/\/kodukolle.ee\/en\/#\/schema\/logo\/image\/\",\"url\":\"https:\/\/kodukolle.ee\/wp-content\/uploads\/2025\/06\/logo_must_gradient.svg\",\"contentUrl\":\"https:\/\/kodukolle.ee\/wp-content\/uploads\/2025\/06\/logo_must_gradient.svg\",\"caption\":\"Kodukolle\"},\"image\":{\"@id\":\"https:\/\/kodukolle.ee\/en\/#\/schema\/logo\/image\/\"}}]}<\/script>\n<!-- \/ Yoast SEO plugin. -->","yoast_head_json":{"title":"Takkasyd\u00e4n Kratki ANTEK - Kodukolle","description":"Valurautainen takkasyd\u00e4n Kratki Antek on edullinen ratkaisu uuden tulisijan rakentamiseen. Takkaan tulisijassa on suuri lasiovi, jonka avulla voit nauttia eloisasta ja viihtyis\u00e4st\u00e4 tulesta maksimaalisesti.","robots":{"index":"index","follow":"follow","max-snippet":"max-snippet:-1","max-image-preview":"max-image-preview:large","max-video-preview":"max-video-preview:-1"},"canonical":"https:\/\/kodukolle.ee\/fi\/tuote\/takkasydan-kratki-antek\/","og_locale":"fi_FI","og_type":"article","og_title":"Takkasyd\u00e4n Kratki ANTEK - Kodukolle","og_description":"Valurautainen takkasyd\u00e4n Kratki Antek on edullinen ratkaisu uuden tulisijan rakentamiseen. Takkaan tulisijassa on suuri lasiovi, jonka avulla voit nauttia eloisasta ja viihtyis\u00e4st\u00e4 tulesta maksimaalisesti.","og_url":"https:\/\/kodukolle.ee\/fi\/tuote\/takkasydan-kratki-antek\/","og_site_name":"Kodukolle","article_modified_time":"2023-12-01T10:53:08+00:00","og_image":[{"width":650,"height":650,"url":"https:\/\/kodukolle.ee\/wp-content\/uploads\/2019\/07\/Kratki-Antek_1.jpg","type":"image\/jpeg"}],"twitter_card":"summary_large_image","schema":{"@context":"https:\/\/schema.org","@graph":[{"@type":"WebPage","@id":"https:\/\/kodukolle.ee\/fi\/tuote\/takkasydan-kratki-antek\/","url":"https:\/\/kodukolle.ee\/fi\/tuote\/takkasydan-kratki-antek\/","name":"Takkasyd\u00e4n Kratki ANTEK - Kodukolle","isPartOf":{"@id":"https:\/\/kodukolle.ee\/en\/#website"},"primaryImageOfPage":{"@id":"https:\/\/kodukolle.ee\/fi\/tuote\/takkasydan-kratki-antek\/#primaryimage"},"image":{"@id":"https:\/\/kodukolle.ee\/fi\/tuote\/takkasydan-kratki-antek\/#primaryimage"},"thumbnailUrl":"https:\/\/kodukolle.ee\/wp-content\/uploads\/2019\/07\/Kratki-Antek_1.jpg","datePublished":"2019-07-29T11:17:57+00:00","dateModified":"2023-12-01T10:53:08+00:00","description":"Valurautainen takkasyd\u00e4n Kratki Antek on edullinen ratkaisu uuden tulisijan rakentamiseen. Takkaan tulisijassa on suuri lasiovi, jonka avulla voit nauttia eloisasta ja viihtyis\u00e4st\u00e4 tulesta maksimaalisesti.","breadcrumb":{"@id":"https:\/\/kodukolle.ee\/fi\/tuote\/takkasydan-kratki-antek\/#breadcrumb"},"inLanguage":"fi","potentialAction":[{"@type":"ReadAction","target":["https:\/\/kodukolle.ee\/fi\/tuote\/takkasydan-kratki-antek\/"]}]},{"@type":"ImageObject","inLanguage":"fi","@id":"https:\/\/kodukolle.ee\/fi\/tuote\/takkasydan-kratki-antek\/#primaryimage","url":"https:\/\/kodukolle.ee\/wp-content\/uploads\/2019\/07\/Kratki-Antek_1.jpg","contentUrl":"https:\/\/kodukolle.ee\/wp-content\/uploads\/2019\/07\/Kratki-Antek_1.jpg","width":650,"height":650,"caption":"Kratki Antek"},{"@type":"BreadcrumbList","@id":"https:\/\/kodukolle.ee\/fi\/tuote\/takkasydan-kratki-antek\/#breadcrumb","itemListElement":[{"@type":"ListItem","position":1,"name":"Home","item":"https:\/\/kodukolle.ee\/fi\/"},{"@type":"ListItem","position":2,"name":"Tuotteet","item":"https:\/\/kodukolle.ee\/fi\/tuotteet\/"},{"@type":"ListItem","position":3,"name":"Takkasyd\u00e4n Kratki ANTEK"}]},{"@type":"WebSite","@id":"https:\/\/kodukolle.ee\/en\/#website","url":"https:\/\/kodukolle.ee\/en\/","name":"Kodukolle","description":"","publisher":{"@id":"https:\/\/kodukolle.ee\/en\/#organization"},"potentialAction":[{"@type":"SearchAction","target":{"@type":"EntryPoint","urlTemplate":"https:\/\/kodukolle.ee\/en\/?s={search_term_string}"},"query-input":{"@type":"PropertyValueSpecification","valueRequired":true,"valueName":"search_term_string"}}],"inLanguage":"fi"},{"@type":"Organization","@id":"https:\/\/kodukolle.ee\/en\/#organization","name":"Kodukolle","url":"https:\/\/kodukolle.ee\/en\/","logo":{"@type":"ImageObject","inLanguage":"fi","@id":"https:\/\/kodukolle.ee\/en\/#\/schema\/logo\/image\/","url":"https:\/\/kodukolle.ee\/wp-content\/uploads\/2025\/06\/logo_must_gradient.svg","contentUrl":"https:\/\/kodukolle.ee\/wp-content\/uploads\/2025\/06\/logo_must_gradient.svg","caption":"Kodukolle"},"image":{"@id":"https:\/\/kodukolle.ee\/en\/#\/schema\/logo\/image\/"}}]}},"_links":{"self":[{"href":"https:\/\/kodukolle.ee\/fi\/wp-json\/wp\/v2\/product\/25302","targetHints":{"allow":["GET"]}}],"collection":[{"href":"https:\/\/kodukolle.ee\/fi\/wp-json\/wp\/v2\/product"}],"about":[{"href":"https:\/\/kodukolle.ee\/fi\/wp-json\/wp\/v2\/types\/product"}],"wp:featuredmedia":[{"embeddable":true,"href":"https:\/\/kodukolle.ee\/fi\/wp-json\/wp\/v2\/media\/25276"}],"wp:attachment":[{"href":"https:\/\/kodukolle.ee\/fi\/wp-json\/wp\/v2\/media?parent=25302"}],"wp:term":[{"taxonomy":"product_brand","embeddable":true,"href":"https:\/\/kodukolle.ee\/fi\/wp-json\/wp\/v2\/product_brand?post=25302"},{"taxonomy":"product_cat","embeddable":true,"href":"https:\/\/kodukolle.ee\/fi\/wp-json\/wp\/v2\/product_cat?post=25302"},{"taxonomy":"product_tag","embeddable":true,"href":"https:\/\/kodukolle.ee\/fi\/wp-json\/wp\/v2\/product_tag?post=25302"}],"curies":[{"name":"wp","href":"https:\/\/api.w.org\/{rel}","templated":true}]}}