{"id":25366,"date":"2023-12-01T16:23:28","date_gmt":"2023-12-01T14:23:28","guid":{"rendered":"https:\/\/kodukolle.ee\/?post_type=product&#038;p=25366"},"modified":"2023-12-04T09:54:11","modified_gmt":"2023-12-04T07:54:11","slug":"valurautatakka-invicta-neosen","status":"publish","type":"product","link":"https:\/\/kodukolle.ee\/fi\/tuote\/valurautatakka-invicta-neosen\/","title":{"rendered":"Valurautatakka Invicta NEOSEN (myym\u00e4l\u00e4n n\u00e4ytetuote)"},"content":{"rendered":"<p>Modernin ilmeen Invicta Neosen valurautatakka sopii mihin tahansa sisustukseen. Kaareva lasinen takkaluukku tarjoaa upeat n\u00e4kym\u00e4t tuleen. Takan alla on k\u00e4yt\u00e4nn\u00f6llinen syvennys puille. Puhdas lasij\u00e4rjestelm\u00e4 hidastaa noen ker\u00e4\u00e4ntymist\u00e4 lasille. Esil\u00e4mmitetty ilma ohjataan lasia pitkin, mik\u00e4 k\u00e4ynnist\u00e4\u00e4 kaasun ja haihtuvien aineiden palamisen ja suojaa lasia savulta ja noelta.<br \/>\n&nbsp;<\/p>\n","protected":false},"excerpt":{"rendered":"<p>Modernin ilmeen Invicta Neosen valurautatakka sopii mihin tahansa sisustukseen. Kaareva lasinen takkaluukku tarjoaa upeat n\u00e4kym\u00e4t tuleen. Takan alla on k\u00e4yt\u00e4nn\u00f6llinen syvennys puille. Puhdas lasij\u00e4rjestelm\u00e4 hidastaa noen ker\u00e4\u00e4ntymist\u00e4 lasille. Esil\u00e4mmitetty ilma ohjataan lasia pitkin, mik\u00e4 k\u00e4ynnist\u00e4\u00e4 kaasun ja haihtuvien aineiden palamisen ja suojaa lasia savulta ja noelta.<\/p>\n","protected":false},"featured_media":25370,"template":"","meta":{"_acf_changed":false},"product_brand":[],"product_cat":[9620,9694],"product_tag":[],"class_list":{"0":"post-25366","1":"product","2":"type-product","3":"status-publish","4":"has-post-thumbnail","6":"brands-invicta-fi","7":"product_cat-takat","8":"product_cat-outlet-fi","10":"first","11":"instock","12":"sale","13":"shipping-taxable","14":"purchasable","15":"product-type-simple"},"acf":[],"yoast_head":"<!-- This site is optimized with the Yoast SEO plugin v27.2 - https:\/\/yoast.com\/product\/yoast-seo-wordpress\/ -->\n<title>Valurautatakka Invicta NEOSEN (myym\u00e4l\u00e4n n\u00e4ytetuote) - Kodukolle<\/title>\n<meta name=\"description\" content=\"Modernin ilmeen Invicta Neosen valurautatakka sopii mihin tahansa sisustukseen. Kaareva lasinen takkaluukku tarjoaa upeat n\u00e4kym\u00e4t tuleen.\" \/>\n<meta name=\"robots\" content=\"index, follow, max-snippet:-1, max-image-preview:large, max-video-preview:-1\" \/>\n<link rel=\"canonical\" href=\"https:\/\/kodukolle.ee\/fi\/tuote\/valurautatakka-invicta-neosen\/\" \/>\n<meta property=\"og:locale\" content=\"fi_FI\" \/>\n<meta property=\"og:type\" content=\"article\" \/>\n<meta property=\"og:title\" content=\"Valurautatakka Invicta NEOSEN (myym\u00e4l\u00e4n n\u00e4ytetuote) - Kodukolle\" \/>\n<meta property=\"og:description\" content=\"Modernin ilmeen Invicta Neosen valurautatakka sopii mihin tahansa sisustukseen. Kaareva lasinen takkaluukku tarjoaa upeat n\u00e4kym\u00e4t tuleen.\" \/>\n<meta property=\"og:url\" content=\"https:\/\/kodukolle.ee\/fi\/tuote\/valurautatakka-invicta-neosen\/\" \/>\n<meta property=\"og:site_name\" content=\"Kodukolle\" \/>\n<meta property=\"article:modified_time\" content=\"2023-12-04T07:54:11+00:00\" \/>\n<meta property=\"og:image\" content=\"https:\/\/kodukolle.ee\/wp-content\/uploads\/2023\/12\/Invicta-Neosen_2.jpg\" \/>\n\t<meta property=\"og:image:width\" content=\"899\" \/>\n\t<meta property=\"og:image:height\" content=\"899\" \/>\n\t<meta property=\"og:image:type\" content=\"image\/jpeg\" \/>\n<meta name=\"twitter:card\" content=\"summary_large_image\" \/>\n<meta name=\"twitter:label1\" content=\"Est. reading time\" \/>\n\t<meta name=\"twitter:data1\" content=\"1 minuutti\" \/>\n<script type=\"application\/ld+json\" class=\"yoast-schema-graph\">{\"@context\":\"https:\/\/schema.org\",\"@graph\":[{\"@type\":\"WebPage\",\"@id\":\"https:\/\/kodukolle.ee\/fi\/tuote\/valurautatakka-invicta-neosen\/\",\"url\":\"https:\/\/kodukolle.ee\/fi\/tuote\/valurautatakka-invicta-neosen\/\",\"name\":\"Valurautatakka Invicta NEOSEN (myym\u00e4l\u00e4n n\u00e4ytetuote) - Kodukolle\",\"isPartOf\":{\"@id\":\"https:\/\/kodukolle.ee\/en\/#website\"},\"primaryImageOfPage\":{\"@id\":\"https:\/\/kodukolle.ee\/fi\/tuote\/valurautatakka-invicta-neosen\/#primaryimage\"},\"image\":{\"@id\":\"https:\/\/kodukolle.ee\/fi\/tuote\/valurautatakka-invicta-neosen\/#primaryimage\"},\"thumbnailUrl\":\"https:\/\/kodukolle.ee\/wp-content\/uploads\/2023\/12\/Invicta-Neosen_2.jpg\",\"datePublished\":\"2023-12-01T14:23:28+00:00\",\"dateModified\":\"2023-12-04T07:54:11+00:00\",\"description\":\"Modernin ilmeen Invicta Neosen valurautatakka sopii mihin tahansa sisustukseen. Kaareva lasinen takkaluukku tarjoaa upeat n\u00e4kym\u00e4t tuleen.\",\"breadcrumb\":{\"@id\":\"https:\/\/kodukolle.ee\/fi\/tuote\/valurautatakka-invicta-neosen\/#breadcrumb\"},\"inLanguage\":\"fi\",\"potentialAction\":[{\"@type\":\"ReadAction\",\"target\":[\"https:\/\/kodukolle.ee\/fi\/tuote\/valurautatakka-invicta-neosen\/\"]}]},{\"@type\":\"ImageObject\",\"inLanguage\":\"fi\",\"@id\":\"https:\/\/kodukolle.ee\/fi\/tuote\/valurautatakka-invicta-neosen\/#primaryimage\",\"url\":\"https:\/\/kodukolle.ee\/wp-content\/uploads\/2023\/12\/Invicta-Neosen_2.jpg\",\"contentUrl\":\"https:\/\/kodukolle.ee\/wp-content\/uploads\/2023\/12\/Invicta-Neosen_2.jpg\",\"width\":899,\"height\":899,\"caption\":\"Invicta Neosen\"},{\"@type\":\"BreadcrumbList\",\"@id\":\"https:\/\/kodukolle.ee\/fi\/tuote\/valurautatakka-invicta-neosen\/#breadcrumb\",\"itemListElement\":[{\"@type\":\"ListItem\",\"position\":1,\"name\":\"Home\",\"item\":\"https:\/\/kodukolle.ee\/fi\/\"},{\"@type\":\"ListItem\",\"position\":2,\"name\":\"Tuotteet\",\"item\":\"https:\/\/kodukolle.ee\/fi\/tuotteet\/\"},{\"@type\":\"ListItem\",\"position\":3,\"name\":\"Valurautatakka Invicta NEOSEN (myym\u00e4l\u00e4n n\u00e4ytetuote)\"}]},{\"@type\":\"WebSite\",\"@id\":\"https:\/\/kodukolle.ee\/en\/#website\",\"url\":\"https:\/\/kodukolle.ee\/en\/\",\"name\":\"Kodukolle\",\"description\":\"\",\"publisher\":{\"@id\":\"https:\/\/kodukolle.ee\/en\/#organization\"},\"potentialAction\":[{\"@type\":\"SearchAction\",\"target\":{\"@type\":\"EntryPoint\",\"urlTemplate\":\"https:\/\/kodukolle.ee\/en\/?s={search_term_string}\"},\"query-input\":{\"@type\":\"PropertyValueSpecification\",\"valueRequired\":true,\"valueName\":\"search_term_string\"}}],\"inLanguage\":\"fi\"},{\"@type\":\"Organization\",\"@id\":\"https:\/\/kodukolle.ee\/en\/#organization\",\"name\":\"Kodukolle\",\"url\":\"https:\/\/kodukolle.ee\/en\/\",\"logo\":{\"@type\":\"ImageObject\",\"inLanguage\":\"fi\",\"@id\":\"https:\/\/kodukolle.ee\/en\/#\/schema\/logo\/image\/\",\"url\":\"https:\/\/kodukolle.ee\/wp-content\/uploads\/2025\/06\/logo_must_gradient.svg\",\"contentUrl\":\"https:\/\/kodukolle.ee\/wp-content\/uploads\/2025\/06\/logo_must_gradient.svg\",\"caption\":\"Kodukolle\"},\"image\":{\"@id\":\"https:\/\/kodukolle.ee\/en\/#\/schema\/logo\/image\/\"}}]}<\/script>\n<!-- \/ Yoast SEO plugin. -->","yoast_head_json":{"title":"Valurautatakka Invicta NEOSEN (myym\u00e4l\u00e4n n\u00e4ytetuote) - Kodukolle","description":"Modernin ilmeen Invicta Neosen valurautatakka sopii mihin tahansa sisustukseen. Kaareva lasinen takkaluukku tarjoaa upeat n\u00e4kym\u00e4t tuleen.","robots":{"index":"index","follow":"follow","max-snippet":"max-snippet:-1","max-image-preview":"max-image-preview:large","max-video-preview":"max-video-preview:-1"},"canonical":"https:\/\/kodukolle.ee\/fi\/tuote\/valurautatakka-invicta-neosen\/","og_locale":"fi_FI","og_type":"article","og_title":"Valurautatakka Invicta NEOSEN (myym\u00e4l\u00e4n n\u00e4ytetuote) - Kodukolle","og_description":"Modernin ilmeen Invicta Neosen valurautatakka sopii mihin tahansa sisustukseen. Kaareva lasinen takkaluukku tarjoaa upeat n\u00e4kym\u00e4t tuleen.","og_url":"https:\/\/kodukolle.ee\/fi\/tuote\/valurautatakka-invicta-neosen\/","og_site_name":"Kodukolle","article_modified_time":"2023-12-04T07:54:11+00:00","og_image":[{"width":899,"height":899,"url":"https:\/\/kodukolle.ee\/wp-content\/uploads\/2023\/12\/Invicta-Neosen_2.jpg","type":"image\/jpeg"}],"twitter_card":"summary_large_image","twitter_misc":{"Est. reading time":"1 minuutti"},"schema":{"@context":"https:\/\/schema.org","@graph":[{"@type":"WebPage","@id":"https:\/\/kodukolle.ee\/fi\/tuote\/valurautatakka-invicta-neosen\/","url":"https:\/\/kodukolle.ee\/fi\/tuote\/valurautatakka-invicta-neosen\/","name":"Valurautatakka Invicta NEOSEN (myym\u00e4l\u00e4n n\u00e4ytetuote) - Kodukolle","isPartOf":{"@id":"https:\/\/kodukolle.ee\/en\/#website"},"primaryImageOfPage":{"@id":"https:\/\/kodukolle.ee\/fi\/tuote\/valurautatakka-invicta-neosen\/#primaryimage"},"image":{"@id":"https:\/\/kodukolle.ee\/fi\/tuote\/valurautatakka-invicta-neosen\/#primaryimage"},"thumbnailUrl":"https:\/\/kodukolle.ee\/wp-content\/uploads\/2023\/12\/Invicta-Neosen_2.jpg","datePublished":"2023-12-01T14:23:28+00:00","dateModified":"2023-12-04T07:54:11+00:00","description":"Modernin ilmeen Invicta Neosen valurautatakka sopii mihin tahansa sisustukseen. Kaareva lasinen takkaluukku tarjoaa upeat n\u00e4kym\u00e4t tuleen.","breadcrumb":{"@id":"https:\/\/kodukolle.ee\/fi\/tuote\/valurautatakka-invicta-neosen\/#breadcrumb"},"inLanguage":"fi","potentialAction":[{"@type":"ReadAction","target":["https:\/\/kodukolle.ee\/fi\/tuote\/valurautatakka-invicta-neosen\/"]}]},{"@type":"ImageObject","inLanguage":"fi","@id":"https:\/\/kodukolle.ee\/fi\/tuote\/valurautatakka-invicta-neosen\/#primaryimage","url":"https:\/\/kodukolle.ee\/wp-content\/uploads\/2023\/12\/Invicta-Neosen_2.jpg","contentUrl":"https:\/\/kodukolle.ee\/wp-content\/uploads\/2023\/12\/Invicta-Neosen_2.jpg","width":899,"height":899,"caption":"Invicta Neosen"},{"@type":"BreadcrumbList","@id":"https:\/\/kodukolle.ee\/fi\/tuote\/valurautatakka-invicta-neosen\/#breadcrumb","itemListElement":[{"@type":"ListItem","position":1,"name":"Home","item":"https:\/\/kodukolle.ee\/fi\/"},{"@type":"ListItem","position":2,"name":"Tuotteet","item":"https:\/\/kodukolle.ee\/fi\/tuotteet\/"},{"@type":"ListItem","position":3,"name":"Valurautatakka Invicta NEOSEN (myym\u00e4l\u00e4n n\u00e4ytetuote)"}]},{"@type":"WebSite","@id":"https:\/\/kodukolle.ee\/en\/#website","url":"https:\/\/kodukolle.ee\/en\/","name":"Kodukolle","description":"","publisher":{"@id":"https:\/\/kodukolle.ee\/en\/#organization"},"potentialAction":[{"@type":"SearchAction","target":{"@type":"EntryPoint","urlTemplate":"https:\/\/kodukolle.ee\/en\/?s={search_term_string}"},"query-input":{"@type":"PropertyValueSpecification","valueRequired":true,"valueName":"search_term_string"}}],"inLanguage":"fi"},{"@type":"Organization","@id":"https:\/\/kodukolle.ee\/en\/#organization","name":"Kodukolle","url":"https:\/\/kodukolle.ee\/en\/","logo":{"@type":"ImageObject","inLanguage":"fi","@id":"https:\/\/kodukolle.ee\/en\/#\/schema\/logo\/image\/","url":"https:\/\/kodukolle.ee\/wp-content\/uploads\/2025\/06\/logo_must_gradient.svg","contentUrl":"https:\/\/kodukolle.ee\/wp-content\/uploads\/2025\/06\/logo_must_gradient.svg","caption":"Kodukolle"},"image":{"@id":"https:\/\/kodukolle.ee\/en\/#\/schema\/logo\/image\/"}}]}},"_links":{"self":[{"href":"https:\/\/kodukolle.ee\/fi\/wp-json\/wp\/v2\/product\/25366","targetHints":{"allow":["GET"]}}],"collection":[{"href":"https:\/\/kodukolle.ee\/fi\/wp-json\/wp\/v2\/product"}],"about":[{"href":"https:\/\/kodukolle.ee\/fi\/wp-json\/wp\/v2\/types\/product"}],"wp:featuredmedia":[{"embeddable":true,"href":"https:\/\/kodukolle.ee\/fi\/wp-json\/wp\/v2\/media\/25370"}],"wp:attachment":[{"href":"https:\/\/kodukolle.ee\/fi\/wp-json\/wp\/v2\/media?parent=25366"}],"wp:term":[{"taxonomy":"product_brand","embeddable":true,"href":"https:\/\/kodukolle.ee\/fi\/wp-json\/wp\/v2\/product_brand?post=25366"},{"taxonomy":"product_cat","embeddable":true,"href":"https:\/\/kodukolle.ee\/fi\/wp-json\/wp\/v2\/product_cat?post=25366"},{"taxonomy":"product_tag","embeddable":true,"href":"https:\/\/kodukolle.ee\/fi\/wp-json\/wp\/v2\/product_tag?post=25366"}],"curies":[{"name":"wp","href":"https:\/\/api.w.org\/{rel}","templated":true}]}}