{"id":25422,"date":"2023-12-04T11:34:34","date_gmt":"2023-12-04T09:34:34","guid":{"rendered":"https:\/\/kodukolle.ee\/?post_type=product&#038;p=25422"},"modified":"2024-01-09T17:49:32","modified_gmt":"2024-01-09T15:49:32","slug":"takka-ll-calor-ll-15a","status":"publish","type":"product","link":"https:\/\/kodukolle.ee\/fi\/tuote\/takka-ll-calor-ll-15a\/","title":{"rendered":"Takka LL Calor LL-15A"},"content":{"rendered":"<p><strong>Takka LL Calor LL-15A &#8211; perinteinen tyylill\u00e4.<\/strong><\/p>\n<p>Espanjassa valmistettu LL Calor LL-15A ter\u00e4stakka kolmipuolisella lasilla on tyylik\u00e4s ratkaisu moderniin sisustukseen. Puhtaat ja yksinkertaiset linjat ja laadukkaat materiaalit tekev\u00e4t t\u00e4st\u00e4 takasta paitsi koristeen, my\u00f6s luotettavan, pitk\u00e4kestoisen l\u00e4mm\u00f6n ja mukavuuden l\u00e4hteen. LL Calor tulisijat on valmistettu korkealaatuisesta ter\u00e4ksest\u00e4, pinnoitettu kuumuutta kest\u00e4v\u00e4ll\u00e4 jauhemaalilla. Takka on varustettu vitrokeraamisella lasilla, joka on suunniteltu kest\u00e4m\u00e4\u00e4n jopa 750 \u00baC l\u00e4mp\u00f6tiloja. LL Calor tulisijoissa on toisiopolttoj\u00e4rjestelm\u00e4, joka edist\u00e4\u00e4 parempaa palamista ja v\u00e4hent\u00e4\u00e4 puun kulutusta. &#8221;Clean glass&#8221; -j\u00e4rjestelm\u00e4n ansiosta lasi pysyy puhtaana pitk\u00e4\u00e4n. Ensi\u00f6- ja toisioilman sy\u00f6t\u00f6n erillinen s\u00e4\u00e4t\u00f6 varmistaa tarkan ilman annostelun ja pitk\u00e4kestoisen palamisen. Takan polttokammio on vuorattu vaaleilla vermikuliittipaneeleilla. Kompaktin kokonsa ansiosta se voidaan asentaa my\u00f6s pienemp\u00e4\u00e4n tilaan. Takassa on tyylik\u00e4s ja eritt\u00e4in mukava kahva.\n<\/ul>\n<p>&nbsp;<\/p>\n","protected":false},"excerpt":{"rendered":"<p>Espanjassa valmistettu LL Calor LL-15A ter\u00e4stakka kolmipuolisella lasilla on tyylik\u00e4s ratkaisu moderniin sisustukseen. Puhtaat ja yksinkertaiset linjat ja laadukkaat materiaalit tekev\u00e4t t\u00e4st\u00e4 takasta paitsi koristeen, my\u00f6s luotettavan, pitk\u00e4kestoisen l\u00e4mm\u00f6n ja mukavuuden l\u00e4hteen. LL Calor tulisijat on valmistettu korkealaatuisesta ter\u00e4ksest\u00e4, pinnoitettu kuumuutta kest\u00e4v\u00e4ll\u00e4 jauhemaalilla. Takka on varustettu vitrokeraamisella lasilla, joka on suunniteltu kest\u00e4m\u00e4\u00e4n jopa 750 \u00baC l\u00e4mp\u00f6tiloja.<\/p>\n","protected":false},"featured_media":26592,"template":"","meta":{"_acf_changed":false},"product_brand":[],"product_cat":[9620],"product_tag":[],"class_list":{"0":"post-25422","1":"product","2":"type-product","3":"status-publish","4":"has-post-thumbnail","6":"brands-ll-calor-fi","7":"product_cat-takat","9":"first","10":"instock","11":"shipping-taxable","12":"purchasable","13":"product-type-simple"},"acf":[],"yoast_head":"<!-- This site is optimized with the Yoast SEO plugin v27.2 - https:\/\/yoast.com\/product\/yoast-seo-wordpress\/ -->\n<title>Takka LL Calor LL-15A - Kodukolle<\/title>\n<meta name=\"description\" content=\"Espanjassa valmistettu LL Calor LL-15A ter\u00e4stakka kolmipuolisella lasilla on tyylik\u00e4s ratkaisu moderniin sisustukseen.\" \/>\n<meta name=\"robots\" content=\"index, follow, max-snippet:-1, max-image-preview:large, max-video-preview:-1\" \/>\n<link rel=\"canonical\" href=\"https:\/\/kodukolle.ee\/fi\/tuote\/takka-ll-calor-ll-15a\/\" \/>\n<meta property=\"og:locale\" content=\"fi_FI\" \/>\n<meta property=\"og:type\" content=\"article\" \/>\n<meta property=\"og:title\" content=\"Takka LL Calor LL-15A - Kodukolle\" \/>\n<meta property=\"og:description\" content=\"Espanjassa valmistettu LL Calor LL-15A ter\u00e4stakka kolmipuolisella lasilla on tyylik\u00e4s ratkaisu moderniin sisustukseen.\" \/>\n<meta property=\"og:url\" content=\"https:\/\/kodukolle.ee\/fi\/tuote\/takka-ll-calor-ll-15a\/\" \/>\n<meta property=\"og:site_name\" content=\"Kodukolle\" \/>\n<meta property=\"article:modified_time\" content=\"2024-01-09T15:49:32+00:00\" \/>\n<meta property=\"og:image\" content=\"https:\/\/kodukolle.ee\/wp-content\/uploads\/2023\/12\/Calor-LL-15A-int.jpg\" \/>\n\t<meta property=\"og:image:width\" content=\"800\" \/>\n\t<meta property=\"og:image:height\" content=\"600\" \/>\n\t<meta property=\"og:image:type\" content=\"image\/jpeg\" \/>\n<meta name=\"twitter:card\" content=\"summary_large_image\" \/>\n<meta name=\"twitter:label1\" content=\"Est. reading time\" \/>\n\t<meta name=\"twitter:data1\" content=\"1 minuutti\" \/>\n<script type=\"application\/ld+json\" class=\"yoast-schema-graph\">{\"@context\":\"https:\/\/schema.org\",\"@graph\":[{\"@type\":\"WebPage\",\"@id\":\"https:\/\/kodukolle.ee\/fi\/tuote\/takka-ll-calor-ll-15a\/\",\"url\":\"https:\/\/kodukolle.ee\/fi\/tuote\/takka-ll-calor-ll-15a\/\",\"name\":\"Takka LL Calor LL-15A - Kodukolle\",\"isPartOf\":{\"@id\":\"https:\/\/kodukolle.ee\/en\/#website\"},\"primaryImageOfPage\":{\"@id\":\"https:\/\/kodukolle.ee\/fi\/tuote\/takka-ll-calor-ll-15a\/#primaryimage\"},\"image\":{\"@id\":\"https:\/\/kodukolle.ee\/fi\/tuote\/takka-ll-calor-ll-15a\/#primaryimage\"},\"thumbnailUrl\":\"https:\/\/kodukolle.ee\/wp-content\/uploads\/2023\/12\/Calor-LL-15A-int.jpg\",\"datePublished\":\"2023-12-04T09:34:34+00:00\",\"dateModified\":\"2024-01-09T15:49:32+00:00\",\"description\":\"Espanjassa valmistettu LL Calor LL-15A ter\u00e4stakka kolmipuolisella lasilla on tyylik\u00e4s ratkaisu moderniin sisustukseen.\",\"breadcrumb\":{\"@id\":\"https:\/\/kodukolle.ee\/fi\/tuote\/takka-ll-calor-ll-15a\/#breadcrumb\"},\"inLanguage\":\"fi\",\"potentialAction\":[{\"@type\":\"ReadAction\",\"target\":[\"https:\/\/kodukolle.ee\/fi\/tuote\/takka-ll-calor-ll-15a\/\"]}]},{\"@type\":\"ImageObject\",\"inLanguage\":\"fi\",\"@id\":\"https:\/\/kodukolle.ee\/fi\/tuote\/takka-ll-calor-ll-15a\/#primaryimage\",\"url\":\"https:\/\/kodukolle.ee\/wp-content\/uploads\/2023\/12\/Calor-LL-15A-int.jpg\",\"contentUrl\":\"https:\/\/kodukolle.ee\/wp-content\/uploads\/2023\/12\/Calor-LL-15A-int.jpg\",\"width\":800,\"height\":600,\"caption\":\"Calor LL-15A\"},{\"@type\":\"BreadcrumbList\",\"@id\":\"https:\/\/kodukolle.ee\/fi\/tuote\/takka-ll-calor-ll-15a\/#breadcrumb\",\"itemListElement\":[{\"@type\":\"ListItem\",\"position\":1,\"name\":\"Home\",\"item\":\"https:\/\/kodukolle.ee\/fi\/\"},{\"@type\":\"ListItem\",\"position\":2,\"name\":\"Tuotteet\",\"item\":\"https:\/\/kodukolle.ee\/fi\/tuotteet\/\"},{\"@type\":\"ListItem\",\"position\":3,\"name\":\"Takka LL Calor LL-15A\"}]},{\"@type\":\"WebSite\",\"@id\":\"https:\/\/kodukolle.ee\/en\/#website\",\"url\":\"https:\/\/kodukolle.ee\/en\/\",\"name\":\"Kodukolle\",\"description\":\"\",\"publisher\":{\"@id\":\"https:\/\/kodukolle.ee\/en\/#organization\"},\"potentialAction\":[{\"@type\":\"SearchAction\",\"target\":{\"@type\":\"EntryPoint\",\"urlTemplate\":\"https:\/\/kodukolle.ee\/en\/?s={search_term_string}\"},\"query-input\":{\"@type\":\"PropertyValueSpecification\",\"valueRequired\":true,\"valueName\":\"search_term_string\"}}],\"inLanguage\":\"fi\"},{\"@type\":\"Organization\",\"@id\":\"https:\/\/kodukolle.ee\/en\/#organization\",\"name\":\"Kodukolle\",\"url\":\"https:\/\/kodukolle.ee\/en\/\",\"logo\":{\"@type\":\"ImageObject\",\"inLanguage\":\"fi\",\"@id\":\"https:\/\/kodukolle.ee\/en\/#\/schema\/logo\/image\/\",\"url\":\"https:\/\/kodukolle.ee\/wp-content\/uploads\/2025\/06\/logo_must_gradient.svg\",\"contentUrl\":\"https:\/\/kodukolle.ee\/wp-content\/uploads\/2025\/06\/logo_must_gradient.svg\",\"caption\":\"Kodukolle\"},\"image\":{\"@id\":\"https:\/\/kodukolle.ee\/en\/#\/schema\/logo\/image\/\"}}]}<\/script>\n<!-- \/ Yoast SEO plugin. -->","yoast_head_json":{"title":"Takka LL Calor LL-15A - Kodukolle","description":"Espanjassa valmistettu LL Calor LL-15A ter\u00e4stakka kolmipuolisella lasilla on tyylik\u00e4s ratkaisu moderniin sisustukseen.","robots":{"index":"index","follow":"follow","max-snippet":"max-snippet:-1","max-image-preview":"max-image-preview:large","max-video-preview":"max-video-preview:-1"},"canonical":"https:\/\/kodukolle.ee\/fi\/tuote\/takka-ll-calor-ll-15a\/","og_locale":"fi_FI","og_type":"article","og_title":"Takka LL Calor LL-15A - Kodukolle","og_description":"Espanjassa valmistettu LL Calor LL-15A ter\u00e4stakka kolmipuolisella lasilla on tyylik\u00e4s ratkaisu moderniin sisustukseen.","og_url":"https:\/\/kodukolle.ee\/fi\/tuote\/takka-ll-calor-ll-15a\/","og_site_name":"Kodukolle","article_modified_time":"2024-01-09T15:49:32+00:00","og_image":[{"width":800,"height":600,"url":"https:\/\/kodukolle.ee\/wp-content\/uploads\/2023\/12\/Calor-LL-15A-int.jpg","type":"image\/jpeg"}],"twitter_card":"summary_large_image","twitter_misc":{"Est. reading time":"1 minuutti"},"schema":{"@context":"https:\/\/schema.org","@graph":[{"@type":"WebPage","@id":"https:\/\/kodukolle.ee\/fi\/tuote\/takka-ll-calor-ll-15a\/","url":"https:\/\/kodukolle.ee\/fi\/tuote\/takka-ll-calor-ll-15a\/","name":"Takka LL Calor LL-15A - Kodukolle","isPartOf":{"@id":"https:\/\/kodukolle.ee\/en\/#website"},"primaryImageOfPage":{"@id":"https:\/\/kodukolle.ee\/fi\/tuote\/takka-ll-calor-ll-15a\/#primaryimage"},"image":{"@id":"https:\/\/kodukolle.ee\/fi\/tuote\/takka-ll-calor-ll-15a\/#primaryimage"},"thumbnailUrl":"https:\/\/kodukolle.ee\/wp-content\/uploads\/2023\/12\/Calor-LL-15A-int.jpg","datePublished":"2023-12-04T09:34:34+00:00","dateModified":"2024-01-09T15:49:32+00:00","description":"Espanjassa valmistettu LL Calor LL-15A ter\u00e4stakka kolmipuolisella lasilla on tyylik\u00e4s ratkaisu moderniin sisustukseen.","breadcrumb":{"@id":"https:\/\/kodukolle.ee\/fi\/tuote\/takka-ll-calor-ll-15a\/#breadcrumb"},"inLanguage":"fi","potentialAction":[{"@type":"ReadAction","target":["https:\/\/kodukolle.ee\/fi\/tuote\/takka-ll-calor-ll-15a\/"]}]},{"@type":"ImageObject","inLanguage":"fi","@id":"https:\/\/kodukolle.ee\/fi\/tuote\/takka-ll-calor-ll-15a\/#primaryimage","url":"https:\/\/kodukolle.ee\/wp-content\/uploads\/2023\/12\/Calor-LL-15A-int.jpg","contentUrl":"https:\/\/kodukolle.ee\/wp-content\/uploads\/2023\/12\/Calor-LL-15A-int.jpg","width":800,"height":600,"caption":"Calor LL-15A"},{"@type":"BreadcrumbList","@id":"https:\/\/kodukolle.ee\/fi\/tuote\/takka-ll-calor-ll-15a\/#breadcrumb","itemListElement":[{"@type":"ListItem","position":1,"name":"Home","item":"https:\/\/kodukolle.ee\/fi\/"},{"@type":"ListItem","position":2,"name":"Tuotteet","item":"https:\/\/kodukolle.ee\/fi\/tuotteet\/"},{"@type":"ListItem","position":3,"name":"Takka LL Calor LL-15A"}]},{"@type":"WebSite","@id":"https:\/\/kodukolle.ee\/en\/#website","url":"https:\/\/kodukolle.ee\/en\/","name":"Kodukolle","description":"","publisher":{"@id":"https:\/\/kodukolle.ee\/en\/#organization"},"potentialAction":[{"@type":"SearchAction","target":{"@type":"EntryPoint","urlTemplate":"https:\/\/kodukolle.ee\/en\/?s={search_term_string}"},"query-input":{"@type":"PropertyValueSpecification","valueRequired":true,"valueName":"search_term_string"}}],"inLanguage":"fi"},{"@type":"Organization","@id":"https:\/\/kodukolle.ee\/en\/#organization","name":"Kodukolle","url":"https:\/\/kodukolle.ee\/en\/","logo":{"@type":"ImageObject","inLanguage":"fi","@id":"https:\/\/kodukolle.ee\/en\/#\/schema\/logo\/image\/","url":"https:\/\/kodukolle.ee\/wp-content\/uploads\/2025\/06\/logo_must_gradient.svg","contentUrl":"https:\/\/kodukolle.ee\/wp-content\/uploads\/2025\/06\/logo_must_gradient.svg","caption":"Kodukolle"},"image":{"@id":"https:\/\/kodukolle.ee\/en\/#\/schema\/logo\/image\/"}}]}},"_links":{"self":[{"href":"https:\/\/kodukolle.ee\/fi\/wp-json\/wp\/v2\/product\/25422","targetHints":{"allow":["GET"]}}],"collection":[{"href":"https:\/\/kodukolle.ee\/fi\/wp-json\/wp\/v2\/product"}],"about":[{"href":"https:\/\/kodukolle.ee\/fi\/wp-json\/wp\/v2\/types\/product"}],"wp:featuredmedia":[{"embeddable":true,"href":"https:\/\/kodukolle.ee\/fi\/wp-json\/wp\/v2\/media\/26592"}],"wp:attachment":[{"href":"https:\/\/kodukolle.ee\/fi\/wp-json\/wp\/v2\/media?parent=25422"}],"wp:term":[{"taxonomy":"product_brand","embeddable":true,"href":"https:\/\/kodukolle.ee\/fi\/wp-json\/wp\/v2\/product_brand?post=25422"},{"taxonomy":"product_cat","embeddable":true,"href":"https:\/\/kodukolle.ee\/fi\/wp-json\/wp\/v2\/product_cat?post=25422"},{"taxonomy":"product_tag","embeddable":true,"href":"https:\/\/kodukolle.ee\/fi\/wp-json\/wp\/v2\/product_tag?post=25422"}],"curies":[{"name":"wp","href":"https:\/\/api.w.org\/{rel}","templated":true}]}}