{"id":25451,"date":"2023-12-04T13:08:03","date_gmt":"2023-12-04T11:08:03","guid":{"rendered":"https:\/\/kodukolle.ee\/?post_type=product&#038;p=25451"},"modified":"2023-12-04T13:30:26","modified_gmt":"2023-12-04T11:30:26","slug":"takka-hitze-cane-s","status":"publish","type":"product","link":"https:\/\/kodukolle.ee\/fi\/tuote\/takka-hitze-cane-s\/","title":{"rendered":"Takka Hitze CANE S (myym\u00e4l\u00e4n n\u00e4ytetuote)"},"content":{"rendered":"<p>Hitze Cane S soikea takka erottuu modernista ja esteettisest\u00e4 muotoilustaan. Laadukkaiden materiaalien k\u00e4ytt\u00f6 takaa tulisijan pitk\u00e4n k\u00e4ytt\u00f6i\u00e4n ja l\u00e4mp\u00f6tilanvaihteluiden kest\u00e4vyyden. Takka on varustettu keraamisella lasiovella, joka s\u00e4ilytt\u00e4\u00e4 alkuper\u00e4iset parametrinsa, mukaan lukien l\u00e4pin\u00e4kyvyyden, jopa 800\u00b0C:n l\u00e4mp\u00f6tiloissa.\n<\/ul>\n<p>&nbsp;<\/p>\n","protected":false},"excerpt":{"rendered":"<p>Hitze Cane S soikea takka erottuu modernista ja esteettisest\u00e4 muotoilustaan. Laadukkaiden materiaalien k\u00e4ytt\u00f6 takaa tulisijan pitk\u00e4n k\u00e4ytt\u00f6i\u00e4n ja l\u00e4mp\u00f6tilanvaihteluiden kest\u00e4vyyden. Takka on varustettu keraamisella lasiovella, joka s\u00e4ilytt\u00e4\u00e4 alkuper\u00e4iset parametrinsa, mukaan lukien l\u00e4pin\u00e4kyvyyden, jopa 800\u00b0C:n l\u00e4mp\u00f6tiloissa.<\/p>\n","protected":false},"featured_media":25455,"template":"","meta":{"_acf_changed":false},"product_brand":[],"product_cat":[9620,9694],"product_tag":[],"class_list":{"0":"post-25451","1":"product","2":"type-product","3":"status-publish","4":"has-post-thumbnail","6":"brands-hitze-fi","7":"product_cat-takat","8":"product_cat-outlet-fi","10":"first","11":"instock","12":"sale","13":"shipping-taxable","14":"purchasable","15":"product-type-simple"},"acf":[],"yoast_head":"<!-- This site is optimized with the Yoast SEO plugin v27.2 - https:\/\/yoast.com\/product\/yoast-seo-wordpress\/ -->\n<title>Takka Hitze CANE S (myym\u00e4l\u00e4n n\u00e4ytetuote) - Kodukolle<\/title>\n<meta name=\"description\" content=\"Hitze Cane S soikea takka erottuu modernista ja esteettisest\u00e4 muotoilustaan. Laadukkaiden materiaalien k\u00e4ytt\u00f6 takaa tulisijan pitk\u00e4n k\u00e4ytt\u00f6i\u00e4n ja l\u00e4mp\u00f6tilanvaihteluiden kest\u00e4vyyden.\" \/>\n<meta name=\"robots\" content=\"index, follow, max-snippet:-1, max-image-preview:large, max-video-preview:-1\" \/>\n<link rel=\"canonical\" href=\"https:\/\/kodukolle.ee\/fi\/tuote\/takka-hitze-cane-s\/\" \/>\n<meta property=\"og:locale\" content=\"fi_FI\" \/>\n<meta property=\"og:type\" content=\"article\" \/>\n<meta property=\"og:title\" content=\"Takka Hitze CANE S (myym\u00e4l\u00e4n n\u00e4ytetuote) - Kodukolle\" \/>\n<meta property=\"og:description\" content=\"Hitze Cane S soikea takka erottuu modernista ja esteettisest\u00e4 muotoilustaan. Laadukkaiden materiaalien k\u00e4ytt\u00f6 takaa tulisijan pitk\u00e4n k\u00e4ytt\u00f6i\u00e4n ja l\u00e4mp\u00f6tilanvaihteluiden kest\u00e4vyyden.\" \/>\n<meta property=\"og:url\" content=\"https:\/\/kodukolle.ee\/fi\/tuote\/takka-hitze-cane-s\/\" \/>\n<meta property=\"og:site_name\" content=\"Kodukolle\" \/>\n<meta property=\"article:modified_time\" content=\"2023-12-04T11:30:26+00:00\" \/>\n<meta property=\"og:image\" content=\"https:\/\/kodukolle.ee\/wp-content\/uploads\/2023\/12\/HITZE-CANE-S-1.jpeg\" \/>\n\t<meta property=\"og:image:width\" content=\"1286\" \/>\n\t<meta property=\"og:image:height\" content=\"1126\" \/>\n\t<meta property=\"og:image:type\" content=\"image\/jpeg\" \/>\n<meta name=\"twitter:card\" content=\"summary_large_image\" \/>\n<meta name=\"twitter:label1\" content=\"Est. reading time\" \/>\n\t<meta name=\"twitter:data1\" content=\"1 minuutti\" \/>\n<script type=\"application\/ld+json\" class=\"yoast-schema-graph\">{\"@context\":\"https:\/\/schema.org\",\"@graph\":[{\"@type\":\"WebPage\",\"@id\":\"https:\/\/kodukolle.ee\/fi\/tuote\/takka-hitze-cane-s\/\",\"url\":\"https:\/\/kodukolle.ee\/fi\/tuote\/takka-hitze-cane-s\/\",\"name\":\"Takka Hitze CANE S (myym\u00e4l\u00e4n n\u00e4ytetuote) - Kodukolle\",\"isPartOf\":{\"@id\":\"https:\/\/kodukolle.ee\/en\/#website\"},\"primaryImageOfPage\":{\"@id\":\"https:\/\/kodukolle.ee\/fi\/tuote\/takka-hitze-cane-s\/#primaryimage\"},\"image\":{\"@id\":\"https:\/\/kodukolle.ee\/fi\/tuote\/takka-hitze-cane-s\/#primaryimage\"},\"thumbnailUrl\":\"https:\/\/kodukolle.ee\/wp-content\/uploads\/2023\/12\/HITZE-CANE-S-1.jpeg\",\"datePublished\":\"2023-12-04T11:08:03+00:00\",\"dateModified\":\"2023-12-04T11:30:26+00:00\",\"description\":\"Hitze Cane S soikea takka erottuu modernista ja esteettisest\u00e4 muotoilustaan. Laadukkaiden materiaalien k\u00e4ytt\u00f6 takaa tulisijan pitk\u00e4n k\u00e4ytt\u00f6i\u00e4n ja l\u00e4mp\u00f6tilanvaihteluiden kest\u00e4vyyden.\",\"breadcrumb\":{\"@id\":\"https:\/\/kodukolle.ee\/fi\/tuote\/takka-hitze-cane-s\/#breadcrumb\"},\"inLanguage\":\"fi\",\"potentialAction\":[{\"@type\":\"ReadAction\",\"target\":[\"https:\/\/kodukolle.ee\/fi\/tuote\/takka-hitze-cane-s\/\"]}]},{\"@type\":\"ImageObject\",\"inLanguage\":\"fi\",\"@id\":\"https:\/\/kodukolle.ee\/fi\/tuote\/takka-hitze-cane-s\/#primaryimage\",\"url\":\"https:\/\/kodukolle.ee\/wp-content\/uploads\/2023\/12\/HITZE-CANE-S-1.jpeg\",\"contentUrl\":\"https:\/\/kodukolle.ee\/wp-content\/uploads\/2023\/12\/HITZE-CANE-S-1.jpeg\",\"width\":1286,\"height\":1126,\"caption\":\"Hitze Cane S\"},{\"@type\":\"BreadcrumbList\",\"@id\":\"https:\/\/kodukolle.ee\/fi\/tuote\/takka-hitze-cane-s\/#breadcrumb\",\"itemListElement\":[{\"@type\":\"ListItem\",\"position\":1,\"name\":\"Home\",\"item\":\"https:\/\/kodukolle.ee\/fi\/\"},{\"@type\":\"ListItem\",\"position\":2,\"name\":\"Tuotteet\",\"item\":\"https:\/\/kodukolle.ee\/fi\/tuotteet\/\"},{\"@type\":\"ListItem\",\"position\":3,\"name\":\"Takka Hitze CANE S (myym\u00e4l\u00e4n n\u00e4ytetuote)\"}]},{\"@type\":\"WebSite\",\"@id\":\"https:\/\/kodukolle.ee\/en\/#website\",\"url\":\"https:\/\/kodukolle.ee\/en\/\",\"name\":\"Kodukolle\",\"description\":\"\",\"publisher\":{\"@id\":\"https:\/\/kodukolle.ee\/en\/#organization\"},\"potentialAction\":[{\"@type\":\"SearchAction\",\"target\":{\"@type\":\"EntryPoint\",\"urlTemplate\":\"https:\/\/kodukolle.ee\/en\/?s={search_term_string}\"},\"query-input\":{\"@type\":\"PropertyValueSpecification\",\"valueRequired\":true,\"valueName\":\"search_term_string\"}}],\"inLanguage\":\"fi\"},{\"@type\":\"Organization\",\"@id\":\"https:\/\/kodukolle.ee\/en\/#organization\",\"name\":\"Kodukolle\",\"url\":\"https:\/\/kodukolle.ee\/en\/\",\"logo\":{\"@type\":\"ImageObject\",\"inLanguage\":\"fi\",\"@id\":\"https:\/\/kodukolle.ee\/en\/#\/schema\/logo\/image\/\",\"url\":\"https:\/\/kodukolle.ee\/wp-content\/uploads\/2025\/06\/logo_must_gradient.svg\",\"contentUrl\":\"https:\/\/kodukolle.ee\/wp-content\/uploads\/2025\/06\/logo_must_gradient.svg\",\"caption\":\"Kodukolle\"},\"image\":{\"@id\":\"https:\/\/kodukolle.ee\/en\/#\/schema\/logo\/image\/\"}}]}<\/script>\n<!-- \/ Yoast SEO plugin. -->","yoast_head_json":{"title":"Takka Hitze CANE S (myym\u00e4l\u00e4n n\u00e4ytetuote) - Kodukolle","description":"Hitze Cane S soikea takka erottuu modernista ja esteettisest\u00e4 muotoilustaan. Laadukkaiden materiaalien k\u00e4ytt\u00f6 takaa tulisijan pitk\u00e4n k\u00e4ytt\u00f6i\u00e4n ja l\u00e4mp\u00f6tilanvaihteluiden kest\u00e4vyyden.","robots":{"index":"index","follow":"follow","max-snippet":"max-snippet:-1","max-image-preview":"max-image-preview:large","max-video-preview":"max-video-preview:-1"},"canonical":"https:\/\/kodukolle.ee\/fi\/tuote\/takka-hitze-cane-s\/","og_locale":"fi_FI","og_type":"article","og_title":"Takka Hitze CANE S (myym\u00e4l\u00e4n n\u00e4ytetuote) - Kodukolle","og_description":"Hitze Cane S soikea takka erottuu modernista ja esteettisest\u00e4 muotoilustaan. Laadukkaiden materiaalien k\u00e4ytt\u00f6 takaa tulisijan pitk\u00e4n k\u00e4ytt\u00f6i\u00e4n ja l\u00e4mp\u00f6tilanvaihteluiden kest\u00e4vyyden.","og_url":"https:\/\/kodukolle.ee\/fi\/tuote\/takka-hitze-cane-s\/","og_site_name":"Kodukolle","article_modified_time":"2023-12-04T11:30:26+00:00","og_image":[{"width":1286,"height":1126,"url":"https:\/\/kodukolle.ee\/wp-content\/uploads\/2023\/12\/HITZE-CANE-S-1.jpeg","type":"image\/jpeg"}],"twitter_card":"summary_large_image","twitter_misc":{"Est. reading time":"1 minuutti"},"schema":{"@context":"https:\/\/schema.org","@graph":[{"@type":"WebPage","@id":"https:\/\/kodukolle.ee\/fi\/tuote\/takka-hitze-cane-s\/","url":"https:\/\/kodukolle.ee\/fi\/tuote\/takka-hitze-cane-s\/","name":"Takka Hitze CANE S (myym\u00e4l\u00e4n n\u00e4ytetuote) - Kodukolle","isPartOf":{"@id":"https:\/\/kodukolle.ee\/en\/#website"},"primaryImageOfPage":{"@id":"https:\/\/kodukolle.ee\/fi\/tuote\/takka-hitze-cane-s\/#primaryimage"},"image":{"@id":"https:\/\/kodukolle.ee\/fi\/tuote\/takka-hitze-cane-s\/#primaryimage"},"thumbnailUrl":"https:\/\/kodukolle.ee\/wp-content\/uploads\/2023\/12\/HITZE-CANE-S-1.jpeg","datePublished":"2023-12-04T11:08:03+00:00","dateModified":"2023-12-04T11:30:26+00:00","description":"Hitze Cane S soikea takka erottuu modernista ja esteettisest\u00e4 muotoilustaan. Laadukkaiden materiaalien k\u00e4ytt\u00f6 takaa tulisijan pitk\u00e4n k\u00e4ytt\u00f6i\u00e4n ja l\u00e4mp\u00f6tilanvaihteluiden kest\u00e4vyyden.","breadcrumb":{"@id":"https:\/\/kodukolle.ee\/fi\/tuote\/takka-hitze-cane-s\/#breadcrumb"},"inLanguage":"fi","potentialAction":[{"@type":"ReadAction","target":["https:\/\/kodukolle.ee\/fi\/tuote\/takka-hitze-cane-s\/"]}]},{"@type":"ImageObject","inLanguage":"fi","@id":"https:\/\/kodukolle.ee\/fi\/tuote\/takka-hitze-cane-s\/#primaryimage","url":"https:\/\/kodukolle.ee\/wp-content\/uploads\/2023\/12\/HITZE-CANE-S-1.jpeg","contentUrl":"https:\/\/kodukolle.ee\/wp-content\/uploads\/2023\/12\/HITZE-CANE-S-1.jpeg","width":1286,"height":1126,"caption":"Hitze Cane S"},{"@type":"BreadcrumbList","@id":"https:\/\/kodukolle.ee\/fi\/tuote\/takka-hitze-cane-s\/#breadcrumb","itemListElement":[{"@type":"ListItem","position":1,"name":"Home","item":"https:\/\/kodukolle.ee\/fi\/"},{"@type":"ListItem","position":2,"name":"Tuotteet","item":"https:\/\/kodukolle.ee\/fi\/tuotteet\/"},{"@type":"ListItem","position":3,"name":"Takka Hitze CANE S (myym\u00e4l\u00e4n n\u00e4ytetuote)"}]},{"@type":"WebSite","@id":"https:\/\/kodukolle.ee\/en\/#website","url":"https:\/\/kodukolle.ee\/en\/","name":"Kodukolle","description":"","publisher":{"@id":"https:\/\/kodukolle.ee\/en\/#organization"},"potentialAction":[{"@type":"SearchAction","target":{"@type":"EntryPoint","urlTemplate":"https:\/\/kodukolle.ee\/en\/?s={search_term_string}"},"query-input":{"@type":"PropertyValueSpecification","valueRequired":true,"valueName":"search_term_string"}}],"inLanguage":"fi"},{"@type":"Organization","@id":"https:\/\/kodukolle.ee\/en\/#organization","name":"Kodukolle","url":"https:\/\/kodukolle.ee\/en\/","logo":{"@type":"ImageObject","inLanguage":"fi","@id":"https:\/\/kodukolle.ee\/en\/#\/schema\/logo\/image\/","url":"https:\/\/kodukolle.ee\/wp-content\/uploads\/2025\/06\/logo_must_gradient.svg","contentUrl":"https:\/\/kodukolle.ee\/wp-content\/uploads\/2025\/06\/logo_must_gradient.svg","caption":"Kodukolle"},"image":{"@id":"https:\/\/kodukolle.ee\/en\/#\/schema\/logo\/image\/"}}]}},"_links":{"self":[{"href":"https:\/\/kodukolle.ee\/fi\/wp-json\/wp\/v2\/product\/25451","targetHints":{"allow":["GET"]}}],"collection":[{"href":"https:\/\/kodukolle.ee\/fi\/wp-json\/wp\/v2\/product"}],"about":[{"href":"https:\/\/kodukolle.ee\/fi\/wp-json\/wp\/v2\/types\/product"}],"wp:featuredmedia":[{"embeddable":true,"href":"https:\/\/kodukolle.ee\/fi\/wp-json\/wp\/v2\/media\/25455"}],"wp:attachment":[{"href":"https:\/\/kodukolle.ee\/fi\/wp-json\/wp\/v2\/media?parent=25451"}],"wp:term":[{"taxonomy":"product_brand","embeddable":true,"href":"https:\/\/kodukolle.ee\/fi\/wp-json\/wp\/v2\/product_brand?post=25451"},{"taxonomy":"product_cat","embeddable":true,"href":"https:\/\/kodukolle.ee\/fi\/wp-json\/wp\/v2\/product_cat?post=25451"},{"taxonomy":"product_tag","embeddable":true,"href":"https:\/\/kodukolle.ee\/fi\/wp-json\/wp\/v2\/product_tag?post=25451"}],"curies":[{"name":"wp","href":"https:\/\/api.w.org\/{rel}","templated":true}]}}