{"id":25522,"date":"2019-07-29T14:17:53","date_gmt":"2019-07-29T11:17:53","guid":{"rendered":"https:\/\/kodukolle.ee\/?post_type=product&#038;p=25522"},"modified":"2023-12-05T10:41:59","modified_gmt":"2023-12-05T08:41:59","slug":"takkasydan-bef-feel-v-7-cp","status":"publish","type":"product","link":"https:\/\/kodukolle.ee\/fi\/tuote\/takkasydan-bef-feel-v-7-cp\/","title":{"rendered":"Takkasyd\u00e4n BEF Feel V 7 CP (myym\u00e4l\u00e4n n\u00e4ytetuote)"},"content":{"rendered":"<p>BEF Feel V 7 CP on oikeanpuoleisella kulmalasilla ja giljotiiniluukulla varustettu takkasyd\u00e4n, jossa on vieh\u00e4tt\u00e4v\u00e4 ulkon\u00e4k\u00f6 ja modernit, innovatiiviset tekniset ominaisuudet. Takkasyd\u00e4n on varustettu prim\u00e4\u00e4ri- ja toisioilman s\u00e4\u00e4d\u00f6ll\u00e4 sek\u00e4 lasin itsepuhdistusj\u00e4rjestelm\u00e4ll\u00e4, jonka ansiosta lasi pysyy aina puhtaana. Takka on vuorattu erityisell\u00e4 Carcon-materiaalilla, joka ker\u00e4\u00e4 l\u00e4mp\u00f6\u00e4. T\u00e4st\u00e4 kauniista tulisijasta tulee sisustuksesi t\u00e4rkein vetonaula, joka her\u00e4tt\u00e4\u00e4 huomiota ja lumoaa lumoavalla liekill\u00e4\u00e4n.\n<\/ul>\n<p>&nbsp;<\/p>\n","protected":false},"excerpt":{"rendered":"<p>BEF Feel V 7 CP on oikeanpuoleisella kulmalasilla ja giljotiiniluukulla varustettu takkasyd\u00e4n, jossa on vieh\u00e4tt\u00e4v\u00e4 ulkon\u00e4k\u00f6 ja modernit, innovatiiviset tekniset ominaisuudet. Takkasyd\u00e4n on varustettu prim\u00e4\u00e4ri- ja toisioilman s\u00e4\u00e4d\u00f6ll\u00e4 sek\u00e4 lasin itsepuhdistusj\u00e4rjestelm\u00e4ll\u00e4, jonka ansiosta lasi pysyy aina puhtaana. Takka on vuorattu erityisell\u00e4 Carcon-materiaalilla, joka ker\u00e4\u00e4 l\u00e4mp\u00f6\u00e4. T\u00e4st\u00e4 kauniista tulisijasta tulee sisustuksesi t\u00e4rkein vetonaula, joka her\u00e4tt\u00e4\u00e4 huomiota ja lumoaa lumoavalla liekill\u00e4\u00e4n.<\/p>\n","protected":false},"featured_media":25523,"template":"","meta":{"_acf_changed":false},"product_brand":[],"product_cat":[9690],"product_tag":[],"class_list":{"0":"post-25522","1":"product","2":"type-product","3":"status-publish","4":"has-post-thumbnail","6":"brands-bef-home-fi","7":"product_cat-takkasydamet","9":"first","10":"instock","11":"shipping-taxable","12":"purchasable","13":"product-type-simple"},"acf":[],"yoast_head":"<!-- This site is optimized with the Yoast SEO plugin v27.2 - https:\/\/yoast.com\/product\/yoast-seo-wordpress\/ -->\n<title>Takkasyd\u00e4n BEF Feel V 7 CP (myym\u00e4l\u00e4n n\u00e4ytetuote) - Kodukolle<\/title>\n<meta name=\"description\" content=\"BEF Feel V 7 CP on oikeanpuoleisella kulmalasilla ja giljotiiniluukulla varustettu takkasyd\u00e4n, jossa on vieh\u00e4tt\u00e4v\u00e4 ulkon\u00e4k\u00f6 ja modernit, innovatiiviset tekniset ominaisuudet.\" \/>\n<meta name=\"robots\" content=\"index, follow, max-snippet:-1, max-image-preview:large, max-video-preview:-1\" \/>\n<link rel=\"canonical\" href=\"https:\/\/kodukolle.ee\/fi\/tuote\/takkasydan-bef-feel-v-7-cp\/\" \/>\n<meta property=\"og:locale\" content=\"fi_FI\" \/>\n<meta property=\"og:type\" content=\"article\" \/>\n<meta property=\"og:title\" content=\"Takkasyd\u00e4n BEF Feel V 7 CP (myym\u00e4l\u00e4n n\u00e4ytetuote) - Kodukolle\" \/>\n<meta property=\"og:description\" content=\"BEF Feel V 7 CP on oikeanpuoleisella kulmalasilla ja giljotiiniluukulla varustettu takkasyd\u00e4n, jossa on vieh\u00e4tt\u00e4v\u00e4 ulkon\u00e4k\u00f6 ja modernit, innovatiiviset tekniset ominaisuudet.\" \/>\n<meta property=\"og:url\" content=\"https:\/\/kodukolle.ee\/fi\/tuote\/takkasydan-bef-feel-v-7-cp\/\" \/>\n<meta property=\"og:site_name\" content=\"Kodukolle\" \/>\n<meta property=\"article:modified_time\" content=\"2023-12-05T08:41:59+00:00\" \/>\n<meta property=\"og:image\" content=\"https:\/\/kodukolle.ee\/wp-content\/uploads\/2019\/07\/BeF-Feel-V-7-CP.png\" \/>\n\t<meta property=\"og:image:width\" content=\"592\" \/>\n\t<meta property=\"og:image:height\" content=\"1052\" \/>\n\t<meta property=\"og:image:type\" content=\"image\/png\" \/>\n<meta name=\"twitter:card\" content=\"summary_large_image\" \/>\n<script type=\"application\/ld+json\" class=\"yoast-schema-graph\">{\"@context\":\"https:\/\/schema.org\",\"@graph\":[{\"@type\":\"WebPage\",\"@id\":\"https:\/\/kodukolle.ee\/fi\/tuote\/takkasydan-bef-feel-v-7-cp\/\",\"url\":\"https:\/\/kodukolle.ee\/fi\/tuote\/takkasydan-bef-feel-v-7-cp\/\",\"name\":\"Takkasyd\u00e4n BEF Feel V 7 CP (myym\u00e4l\u00e4n n\u00e4ytetuote) - Kodukolle\",\"isPartOf\":{\"@id\":\"https:\/\/kodukolle.ee\/en\/#website\"},\"primaryImageOfPage\":{\"@id\":\"https:\/\/kodukolle.ee\/fi\/tuote\/takkasydan-bef-feel-v-7-cp\/#primaryimage\"},\"image\":{\"@id\":\"https:\/\/kodukolle.ee\/fi\/tuote\/takkasydan-bef-feel-v-7-cp\/#primaryimage\"},\"thumbnailUrl\":\"https:\/\/kodukolle.ee\/wp-content\/uploads\/2019\/07\/BeF-Feel-V-7-CP.png\",\"datePublished\":\"2019-07-29T11:17:53+00:00\",\"dateModified\":\"2023-12-05T08:41:59+00:00\",\"description\":\"BEF Feel V 7 CP on oikeanpuoleisella kulmalasilla ja giljotiiniluukulla varustettu takkasyd\u00e4n, jossa on vieh\u00e4tt\u00e4v\u00e4 ulkon\u00e4k\u00f6 ja modernit, innovatiiviset tekniset ominaisuudet.\",\"breadcrumb\":{\"@id\":\"https:\/\/kodukolle.ee\/fi\/tuote\/takkasydan-bef-feel-v-7-cp\/#breadcrumb\"},\"inLanguage\":\"fi\",\"potentialAction\":[{\"@type\":\"ReadAction\",\"target\":[\"https:\/\/kodukolle.ee\/fi\/tuote\/takkasydan-bef-feel-v-7-cp\/\"]}]},{\"@type\":\"ImageObject\",\"inLanguage\":\"fi\",\"@id\":\"https:\/\/kodukolle.ee\/fi\/tuote\/takkasydan-bef-feel-v-7-cp\/#primaryimage\",\"url\":\"https:\/\/kodukolle.ee\/wp-content\/uploads\/2019\/07\/BeF-Feel-V-7-CP.png\",\"contentUrl\":\"https:\/\/kodukolle.ee\/wp-content\/uploads\/2019\/07\/BeF-Feel-V-7-CP.png\",\"width\":592,\"height\":1052},{\"@type\":\"BreadcrumbList\",\"@id\":\"https:\/\/kodukolle.ee\/fi\/tuote\/takkasydan-bef-feel-v-7-cp\/#breadcrumb\",\"itemListElement\":[{\"@type\":\"ListItem\",\"position\":1,\"name\":\"Home\",\"item\":\"https:\/\/kodukolle.ee\/fi\/\"},{\"@type\":\"ListItem\",\"position\":2,\"name\":\"Tuotteet\",\"item\":\"https:\/\/kodukolle.ee\/fi\/tuotteet\/\"},{\"@type\":\"ListItem\",\"position\":3,\"name\":\"Takkasyd\u00e4n BEF Feel V 7 CP (myym\u00e4l\u00e4n n\u00e4ytetuote)\"}]},{\"@type\":\"WebSite\",\"@id\":\"https:\/\/kodukolle.ee\/en\/#website\",\"url\":\"https:\/\/kodukolle.ee\/en\/\",\"name\":\"Kodukolle\",\"description\":\"\",\"publisher\":{\"@id\":\"https:\/\/kodukolle.ee\/en\/#organization\"},\"potentialAction\":[{\"@type\":\"SearchAction\",\"target\":{\"@type\":\"EntryPoint\",\"urlTemplate\":\"https:\/\/kodukolle.ee\/en\/?s={search_term_string}\"},\"query-input\":{\"@type\":\"PropertyValueSpecification\",\"valueRequired\":true,\"valueName\":\"search_term_string\"}}],\"inLanguage\":\"fi\"},{\"@type\":\"Organization\",\"@id\":\"https:\/\/kodukolle.ee\/en\/#organization\",\"name\":\"Kodukolle\",\"url\":\"https:\/\/kodukolle.ee\/en\/\",\"logo\":{\"@type\":\"ImageObject\",\"inLanguage\":\"fi\",\"@id\":\"https:\/\/kodukolle.ee\/en\/#\/schema\/logo\/image\/\",\"url\":\"https:\/\/kodukolle.ee\/wp-content\/uploads\/2025\/06\/logo_must_gradient.svg\",\"contentUrl\":\"https:\/\/kodukolle.ee\/wp-content\/uploads\/2025\/06\/logo_must_gradient.svg\",\"caption\":\"Kodukolle\"},\"image\":{\"@id\":\"https:\/\/kodukolle.ee\/en\/#\/schema\/logo\/image\/\"}}]}<\/script>\n<!-- \/ Yoast SEO plugin. -->","yoast_head_json":{"title":"Takkasyd\u00e4n BEF Feel V 7 CP (myym\u00e4l\u00e4n n\u00e4ytetuote) - Kodukolle","description":"BEF Feel V 7 CP on oikeanpuoleisella kulmalasilla ja giljotiiniluukulla varustettu takkasyd\u00e4n, jossa on vieh\u00e4tt\u00e4v\u00e4 ulkon\u00e4k\u00f6 ja modernit, innovatiiviset tekniset ominaisuudet.","robots":{"index":"index","follow":"follow","max-snippet":"max-snippet:-1","max-image-preview":"max-image-preview:large","max-video-preview":"max-video-preview:-1"},"canonical":"https:\/\/kodukolle.ee\/fi\/tuote\/takkasydan-bef-feel-v-7-cp\/","og_locale":"fi_FI","og_type":"article","og_title":"Takkasyd\u00e4n BEF Feel V 7 CP (myym\u00e4l\u00e4n n\u00e4ytetuote) - Kodukolle","og_description":"BEF Feel V 7 CP on oikeanpuoleisella kulmalasilla ja giljotiiniluukulla varustettu takkasyd\u00e4n, jossa on vieh\u00e4tt\u00e4v\u00e4 ulkon\u00e4k\u00f6 ja modernit, innovatiiviset tekniset ominaisuudet.","og_url":"https:\/\/kodukolle.ee\/fi\/tuote\/takkasydan-bef-feel-v-7-cp\/","og_site_name":"Kodukolle","article_modified_time":"2023-12-05T08:41:59+00:00","og_image":[{"width":592,"height":1052,"url":"https:\/\/kodukolle.ee\/wp-content\/uploads\/2019\/07\/BeF-Feel-V-7-CP.png","type":"image\/png"}],"twitter_card":"summary_large_image","schema":{"@context":"https:\/\/schema.org","@graph":[{"@type":"WebPage","@id":"https:\/\/kodukolle.ee\/fi\/tuote\/takkasydan-bef-feel-v-7-cp\/","url":"https:\/\/kodukolle.ee\/fi\/tuote\/takkasydan-bef-feel-v-7-cp\/","name":"Takkasyd\u00e4n BEF Feel V 7 CP (myym\u00e4l\u00e4n n\u00e4ytetuote) - Kodukolle","isPartOf":{"@id":"https:\/\/kodukolle.ee\/en\/#website"},"primaryImageOfPage":{"@id":"https:\/\/kodukolle.ee\/fi\/tuote\/takkasydan-bef-feel-v-7-cp\/#primaryimage"},"image":{"@id":"https:\/\/kodukolle.ee\/fi\/tuote\/takkasydan-bef-feel-v-7-cp\/#primaryimage"},"thumbnailUrl":"https:\/\/kodukolle.ee\/wp-content\/uploads\/2019\/07\/BeF-Feel-V-7-CP.png","datePublished":"2019-07-29T11:17:53+00:00","dateModified":"2023-12-05T08:41:59+00:00","description":"BEF Feel V 7 CP on oikeanpuoleisella kulmalasilla ja giljotiiniluukulla varustettu takkasyd\u00e4n, jossa on vieh\u00e4tt\u00e4v\u00e4 ulkon\u00e4k\u00f6 ja modernit, innovatiiviset tekniset ominaisuudet.","breadcrumb":{"@id":"https:\/\/kodukolle.ee\/fi\/tuote\/takkasydan-bef-feel-v-7-cp\/#breadcrumb"},"inLanguage":"fi","potentialAction":[{"@type":"ReadAction","target":["https:\/\/kodukolle.ee\/fi\/tuote\/takkasydan-bef-feel-v-7-cp\/"]}]},{"@type":"ImageObject","inLanguage":"fi","@id":"https:\/\/kodukolle.ee\/fi\/tuote\/takkasydan-bef-feel-v-7-cp\/#primaryimage","url":"https:\/\/kodukolle.ee\/wp-content\/uploads\/2019\/07\/BeF-Feel-V-7-CP.png","contentUrl":"https:\/\/kodukolle.ee\/wp-content\/uploads\/2019\/07\/BeF-Feel-V-7-CP.png","width":592,"height":1052},{"@type":"BreadcrumbList","@id":"https:\/\/kodukolle.ee\/fi\/tuote\/takkasydan-bef-feel-v-7-cp\/#breadcrumb","itemListElement":[{"@type":"ListItem","position":1,"name":"Home","item":"https:\/\/kodukolle.ee\/fi\/"},{"@type":"ListItem","position":2,"name":"Tuotteet","item":"https:\/\/kodukolle.ee\/fi\/tuotteet\/"},{"@type":"ListItem","position":3,"name":"Takkasyd\u00e4n BEF Feel V 7 CP (myym\u00e4l\u00e4n n\u00e4ytetuote)"}]},{"@type":"WebSite","@id":"https:\/\/kodukolle.ee\/en\/#website","url":"https:\/\/kodukolle.ee\/en\/","name":"Kodukolle","description":"","publisher":{"@id":"https:\/\/kodukolle.ee\/en\/#organization"},"potentialAction":[{"@type":"SearchAction","target":{"@type":"EntryPoint","urlTemplate":"https:\/\/kodukolle.ee\/en\/?s={search_term_string}"},"query-input":{"@type":"PropertyValueSpecification","valueRequired":true,"valueName":"search_term_string"}}],"inLanguage":"fi"},{"@type":"Organization","@id":"https:\/\/kodukolle.ee\/en\/#organization","name":"Kodukolle","url":"https:\/\/kodukolle.ee\/en\/","logo":{"@type":"ImageObject","inLanguage":"fi","@id":"https:\/\/kodukolle.ee\/en\/#\/schema\/logo\/image\/","url":"https:\/\/kodukolle.ee\/wp-content\/uploads\/2025\/06\/logo_must_gradient.svg","contentUrl":"https:\/\/kodukolle.ee\/wp-content\/uploads\/2025\/06\/logo_must_gradient.svg","caption":"Kodukolle"},"image":{"@id":"https:\/\/kodukolle.ee\/en\/#\/schema\/logo\/image\/"}}]}},"_links":{"self":[{"href":"https:\/\/kodukolle.ee\/fi\/wp-json\/wp\/v2\/product\/25522","targetHints":{"allow":["GET"]}}],"collection":[{"href":"https:\/\/kodukolle.ee\/fi\/wp-json\/wp\/v2\/product"}],"about":[{"href":"https:\/\/kodukolle.ee\/fi\/wp-json\/wp\/v2\/types\/product"}],"wp:featuredmedia":[{"embeddable":true,"href":"https:\/\/kodukolle.ee\/fi\/wp-json\/wp\/v2\/media\/25523"}],"wp:attachment":[{"href":"https:\/\/kodukolle.ee\/fi\/wp-json\/wp\/v2\/media?parent=25522"}],"wp:term":[{"taxonomy":"product_brand","embeddable":true,"href":"https:\/\/kodukolle.ee\/fi\/wp-json\/wp\/v2\/product_brand?post=25522"},{"taxonomy":"product_cat","embeddable":true,"href":"https:\/\/kodukolle.ee\/fi\/wp-json\/wp\/v2\/product_cat?post=25522"},{"taxonomy":"product_tag","embeddable":true,"href":"https:\/\/kodukolle.ee\/fi\/wp-json\/wp\/v2\/product_tag?post=25522"}],"curies":[{"name":"wp","href":"https:\/\/api.w.org\/{rel}","templated":true}]}}