{"id":25562,"date":"2023-12-05T12:11:53","date_gmt":"2023-12-05T10:11:53","guid":{"rendered":"https:\/\/kodukolle.ee\/?post_type=product&#038;p=25562"},"modified":"2024-03-07T11:36:38","modified_gmt":"2024-03-07T09:36:38","slug":"takka-jotul-fs-73","status":"publish","type":"product","link":"https:\/\/kodukolle.ee\/fi\/tuote\/takka-jotul-fs-73\/","title":{"rendered":"Takka JOTUL FS 73 (myym\u00e4l\u00e4n n\u00e4ytetuote)"},"content":{"rendered":"<p>Jotul FS 73 takka on nopea ja helppo asentaa ja pinta voidaan maalata mihin tahansa v\u00e4riin sopivaksi sisustukseen. Sinun tarvitsee vain nauttia liekeist\u00e4 ja kuunnella takkapuun r\u00e4tisemist\u00e4.<\/p>\n<ul>\n<li>Valurautainen takkasyd\u00e4n ja kalsiumsilikaattikotelo<\/li>\n<li>Nopea ja helppo asentaa<\/li>\n<li>Clean burn j\u00e4rjestelm\u00e4<\/li>\n<li>Anna takalle sisustukseen sopiva v\u00e4ri<\/li>\n<p>&nbsp;<\/p>\n","protected":false},"excerpt":{"rendered":"<p>Jotul FS 73 takka on nopea ja helppo asentaa ja pinta voidaan maalata mihin tahansa v\u00e4riin sopivaksi sisustukseen. Sinun tarvitsee vain nauttia liekeist\u00e4 ja kuunnella takkapuun r\u00e4tisemist\u00e4.<\/p>\n","protected":false},"featured_media":25556,"template":"","meta":{"_acf_changed":false},"product_brand":[],"product_cat":[9620,9694],"product_tag":[],"class_list":{"0":"post-25562","1":"product","2":"type-product","3":"status-publish","4":"has-post-thumbnail","6":"brands-jotul-fi","7":"product_cat-takat","8":"product_cat-outlet-fi","10":"first","11":"instock","12":"sale","13":"shipping-taxable","14":"purchasable","15":"product-type-simple"},"acf":[],"yoast_head":"<!-- This site is optimized with the Yoast SEO plugin v27.2 - https:\/\/yoast.com\/product\/yoast-seo-wordpress\/ -->\n<title>Takka JOTUL FS 73 (myym\u00e4l\u00e4n n\u00e4ytetuote) - Kodukolle<\/title>\n<meta name=\"description\" content=\"Jotul FS 73 takka on nopea ja helppo asentaa ja pinta voidaan maalata mihin tahansa v\u00e4riin sopivaksi sisustukseen.\" \/>\n<meta name=\"robots\" content=\"index, follow, max-snippet:-1, max-image-preview:large, max-video-preview:-1\" \/>\n<link rel=\"canonical\" href=\"https:\/\/kodukolle.ee\/fi\/tuote\/takka-jotul-fs-73\/\" \/>\n<meta property=\"og:locale\" content=\"fi_FI\" \/>\n<meta property=\"og:type\" content=\"article\" \/>\n<meta property=\"og:title\" content=\"Takka JOTUL FS 73 (myym\u00e4l\u00e4n n\u00e4ytetuote) - Kodukolle\" \/>\n<meta property=\"og:description\" content=\"Jotul FS 73 takka on nopea ja helppo asentaa ja pinta voidaan maalata mihin tahansa v\u00e4riin sopivaksi sisustukseen.\" \/>\n<meta property=\"og:url\" content=\"https:\/\/kodukolle.ee\/fi\/tuote\/takka-jotul-fs-73\/\" \/>\n<meta property=\"og:site_name\" content=\"Kodukolle\" \/>\n<meta property=\"article:modified_time\" content=\"2024-03-07T09:36:38+00:00\" \/>\n<meta property=\"og:image\" content=\"https:\/\/kodukolle.ee\/wp-content\/uploads\/2023\/12\/Jotul-FS-73_1.jpg\" \/>\n\t<meta property=\"og:image:width\" content=\"1335\" \/>\n\t<meta property=\"og:image:height\" content=\"1080\" \/>\n\t<meta property=\"og:image:type\" content=\"image\/jpeg\" \/>\n<meta name=\"twitter:card\" content=\"summary_large_image\" \/>\n<meta name=\"twitter:label1\" content=\"Est. reading time\" \/>\n\t<meta name=\"twitter:data1\" content=\"1 minuutti\" \/>\n<script type=\"application\/ld+json\" class=\"yoast-schema-graph\">{\"@context\":\"https:\/\/schema.org\",\"@graph\":[{\"@type\":\"WebPage\",\"@id\":\"https:\/\/kodukolle.ee\/fi\/tuote\/takka-jotul-fs-73\/\",\"url\":\"https:\/\/kodukolle.ee\/fi\/tuote\/takka-jotul-fs-73\/\",\"name\":\"Takka JOTUL FS 73 (myym\u00e4l\u00e4n n\u00e4ytetuote) - Kodukolle\",\"isPartOf\":{\"@id\":\"https:\/\/kodukolle.ee\/en\/#website\"},\"primaryImageOfPage\":{\"@id\":\"https:\/\/kodukolle.ee\/fi\/tuote\/takka-jotul-fs-73\/#primaryimage\"},\"image\":{\"@id\":\"https:\/\/kodukolle.ee\/fi\/tuote\/takka-jotul-fs-73\/#primaryimage\"},\"thumbnailUrl\":\"https:\/\/kodukolle.ee\/wp-content\/uploads\/2023\/12\/Jotul-FS-73_1.jpg\",\"datePublished\":\"2023-12-05T10:11:53+00:00\",\"dateModified\":\"2024-03-07T09:36:38+00:00\",\"description\":\"Jotul FS 73 takka on nopea ja helppo asentaa ja pinta voidaan maalata mihin tahansa v\u00e4riin sopivaksi sisustukseen.\",\"breadcrumb\":{\"@id\":\"https:\/\/kodukolle.ee\/fi\/tuote\/takka-jotul-fs-73\/#breadcrumb\"},\"inLanguage\":\"fi\",\"potentialAction\":[{\"@type\":\"ReadAction\",\"target\":[\"https:\/\/kodukolle.ee\/fi\/tuote\/takka-jotul-fs-73\/\"]}]},{\"@type\":\"ImageObject\",\"inLanguage\":\"fi\",\"@id\":\"https:\/\/kodukolle.ee\/fi\/tuote\/takka-jotul-fs-73\/#primaryimage\",\"url\":\"https:\/\/kodukolle.ee\/wp-content\/uploads\/2023\/12\/Jotul-FS-73_1.jpg\",\"contentUrl\":\"https:\/\/kodukolle.ee\/wp-content\/uploads\/2023\/12\/Jotul-FS-73_1.jpg\",\"width\":1335,\"height\":1080,\"caption\":\"Jotul FS 73\"},{\"@type\":\"BreadcrumbList\",\"@id\":\"https:\/\/kodukolle.ee\/fi\/tuote\/takka-jotul-fs-73\/#breadcrumb\",\"itemListElement\":[{\"@type\":\"ListItem\",\"position\":1,\"name\":\"Home\",\"item\":\"https:\/\/kodukolle.ee\/fi\/\"},{\"@type\":\"ListItem\",\"position\":2,\"name\":\"Tuotteet\",\"item\":\"https:\/\/kodukolle.ee\/fi\/tuotteet\/\"},{\"@type\":\"ListItem\",\"position\":3,\"name\":\"Takka JOTUL FS 73 (myym\u00e4l\u00e4n n\u00e4ytetuote)\"}]},{\"@type\":\"WebSite\",\"@id\":\"https:\/\/kodukolle.ee\/en\/#website\",\"url\":\"https:\/\/kodukolle.ee\/en\/\",\"name\":\"Kodukolle\",\"description\":\"\",\"publisher\":{\"@id\":\"https:\/\/kodukolle.ee\/en\/#organization\"},\"potentialAction\":[{\"@type\":\"SearchAction\",\"target\":{\"@type\":\"EntryPoint\",\"urlTemplate\":\"https:\/\/kodukolle.ee\/en\/?s={search_term_string}\"},\"query-input\":{\"@type\":\"PropertyValueSpecification\",\"valueRequired\":true,\"valueName\":\"search_term_string\"}}],\"inLanguage\":\"fi\"},{\"@type\":\"Organization\",\"@id\":\"https:\/\/kodukolle.ee\/en\/#organization\",\"name\":\"Kodukolle\",\"url\":\"https:\/\/kodukolle.ee\/en\/\",\"logo\":{\"@type\":\"ImageObject\",\"inLanguage\":\"fi\",\"@id\":\"https:\/\/kodukolle.ee\/en\/#\/schema\/logo\/image\/\",\"url\":\"https:\/\/kodukolle.ee\/wp-content\/uploads\/2025\/06\/logo_must_gradient.svg\",\"contentUrl\":\"https:\/\/kodukolle.ee\/wp-content\/uploads\/2025\/06\/logo_must_gradient.svg\",\"caption\":\"Kodukolle\"},\"image\":{\"@id\":\"https:\/\/kodukolle.ee\/en\/#\/schema\/logo\/image\/\"}}]}<\/script>\n<!-- \/ Yoast SEO plugin. -->","yoast_head_json":{"title":"Takka JOTUL FS 73 (myym\u00e4l\u00e4n n\u00e4ytetuote) - Kodukolle","description":"Jotul FS 73 takka on nopea ja helppo asentaa ja pinta voidaan maalata mihin tahansa v\u00e4riin sopivaksi sisustukseen.","robots":{"index":"index","follow":"follow","max-snippet":"max-snippet:-1","max-image-preview":"max-image-preview:large","max-video-preview":"max-video-preview:-1"},"canonical":"https:\/\/kodukolle.ee\/fi\/tuote\/takka-jotul-fs-73\/","og_locale":"fi_FI","og_type":"article","og_title":"Takka JOTUL FS 73 (myym\u00e4l\u00e4n n\u00e4ytetuote) - Kodukolle","og_description":"Jotul FS 73 takka on nopea ja helppo asentaa ja pinta voidaan maalata mihin tahansa v\u00e4riin sopivaksi sisustukseen.","og_url":"https:\/\/kodukolle.ee\/fi\/tuote\/takka-jotul-fs-73\/","og_site_name":"Kodukolle","article_modified_time":"2024-03-07T09:36:38+00:00","og_image":[{"width":1335,"height":1080,"url":"https:\/\/kodukolle.ee\/wp-content\/uploads\/2023\/12\/Jotul-FS-73_1.jpg","type":"image\/jpeg"}],"twitter_card":"summary_large_image","twitter_misc":{"Est. reading time":"1 minuutti"},"schema":{"@context":"https:\/\/schema.org","@graph":[{"@type":"WebPage","@id":"https:\/\/kodukolle.ee\/fi\/tuote\/takka-jotul-fs-73\/","url":"https:\/\/kodukolle.ee\/fi\/tuote\/takka-jotul-fs-73\/","name":"Takka JOTUL FS 73 (myym\u00e4l\u00e4n n\u00e4ytetuote) - Kodukolle","isPartOf":{"@id":"https:\/\/kodukolle.ee\/en\/#website"},"primaryImageOfPage":{"@id":"https:\/\/kodukolle.ee\/fi\/tuote\/takka-jotul-fs-73\/#primaryimage"},"image":{"@id":"https:\/\/kodukolle.ee\/fi\/tuote\/takka-jotul-fs-73\/#primaryimage"},"thumbnailUrl":"https:\/\/kodukolle.ee\/wp-content\/uploads\/2023\/12\/Jotul-FS-73_1.jpg","datePublished":"2023-12-05T10:11:53+00:00","dateModified":"2024-03-07T09:36:38+00:00","description":"Jotul FS 73 takka on nopea ja helppo asentaa ja pinta voidaan maalata mihin tahansa v\u00e4riin sopivaksi sisustukseen.","breadcrumb":{"@id":"https:\/\/kodukolle.ee\/fi\/tuote\/takka-jotul-fs-73\/#breadcrumb"},"inLanguage":"fi","potentialAction":[{"@type":"ReadAction","target":["https:\/\/kodukolle.ee\/fi\/tuote\/takka-jotul-fs-73\/"]}]},{"@type":"ImageObject","inLanguage":"fi","@id":"https:\/\/kodukolle.ee\/fi\/tuote\/takka-jotul-fs-73\/#primaryimage","url":"https:\/\/kodukolle.ee\/wp-content\/uploads\/2023\/12\/Jotul-FS-73_1.jpg","contentUrl":"https:\/\/kodukolle.ee\/wp-content\/uploads\/2023\/12\/Jotul-FS-73_1.jpg","width":1335,"height":1080,"caption":"Jotul FS 73"},{"@type":"BreadcrumbList","@id":"https:\/\/kodukolle.ee\/fi\/tuote\/takka-jotul-fs-73\/#breadcrumb","itemListElement":[{"@type":"ListItem","position":1,"name":"Home","item":"https:\/\/kodukolle.ee\/fi\/"},{"@type":"ListItem","position":2,"name":"Tuotteet","item":"https:\/\/kodukolle.ee\/fi\/tuotteet\/"},{"@type":"ListItem","position":3,"name":"Takka JOTUL FS 73 (myym\u00e4l\u00e4n n\u00e4ytetuote)"}]},{"@type":"WebSite","@id":"https:\/\/kodukolle.ee\/en\/#website","url":"https:\/\/kodukolle.ee\/en\/","name":"Kodukolle","description":"","publisher":{"@id":"https:\/\/kodukolle.ee\/en\/#organization"},"potentialAction":[{"@type":"SearchAction","target":{"@type":"EntryPoint","urlTemplate":"https:\/\/kodukolle.ee\/en\/?s={search_term_string}"},"query-input":{"@type":"PropertyValueSpecification","valueRequired":true,"valueName":"search_term_string"}}],"inLanguage":"fi"},{"@type":"Organization","@id":"https:\/\/kodukolle.ee\/en\/#organization","name":"Kodukolle","url":"https:\/\/kodukolle.ee\/en\/","logo":{"@type":"ImageObject","inLanguage":"fi","@id":"https:\/\/kodukolle.ee\/en\/#\/schema\/logo\/image\/","url":"https:\/\/kodukolle.ee\/wp-content\/uploads\/2025\/06\/logo_must_gradient.svg","contentUrl":"https:\/\/kodukolle.ee\/wp-content\/uploads\/2025\/06\/logo_must_gradient.svg","caption":"Kodukolle"},"image":{"@id":"https:\/\/kodukolle.ee\/en\/#\/schema\/logo\/image\/"}}]}},"_links":{"self":[{"href":"https:\/\/kodukolle.ee\/fi\/wp-json\/wp\/v2\/product\/25562","targetHints":{"allow":["GET"]}}],"collection":[{"href":"https:\/\/kodukolle.ee\/fi\/wp-json\/wp\/v2\/product"}],"about":[{"href":"https:\/\/kodukolle.ee\/fi\/wp-json\/wp\/v2\/types\/product"}],"wp:featuredmedia":[{"embeddable":true,"href":"https:\/\/kodukolle.ee\/fi\/wp-json\/wp\/v2\/media\/25556"}],"wp:attachment":[{"href":"https:\/\/kodukolle.ee\/fi\/wp-json\/wp\/v2\/media?parent=25562"}],"wp:term":[{"taxonomy":"product_brand","embeddable":true,"href":"https:\/\/kodukolle.ee\/fi\/wp-json\/wp\/v2\/product_brand?post=25562"},{"taxonomy":"product_cat","embeddable":true,"href":"https:\/\/kodukolle.ee\/fi\/wp-json\/wp\/v2\/product_cat?post=25562"},{"taxonomy":"product_tag","embeddable":true,"href":"https:\/\/kodukolle.ee\/fi\/wp-json\/wp\/v2\/product_tag?post=25562"}],"curies":[{"name":"wp","href":"https:\/\/api.w.org\/{rel}","templated":true}]}}