{"id":25588,"date":"2019-09-23T11:25:13","date_gmt":"2019-09-23T08:25:13","guid":{"rendered":"https:\/\/kodukolle.ee\/?post_type=product&#038;p=25588"},"modified":"2023-12-06T08:50:30","modified_gmt":"2023-12-06T06:50:30","slug":"kamiina-lanordica-oriana-anthracite-black","status":"publish","type":"product","link":"https:\/\/kodukolle.ee\/fi\/tuote\/kamiina-lanordica-oriana-anthracite-black\/","title":{"rendered":"Kamiina LaNordica ORIANA Anthracite Black (myym\u00e4l\u00e4n n\u00e4ytetuote)"},"content":{"rendered":"<p>LaNordica Oriana -takan kaunis muotoilu on ajaton ja sopii mihin tahansa sisustukseen. Takkaan on integroitu tuuletin, elektroninen ohjausyksikk\u00f6 ja langaton termostaatti, jossa on mahdollisuus jakaa l\u00e4mmint\u00e4 ilmaa. Puhallusvoimakkuuden s\u00e4\u00e4t\u00f6 on automaattinen. Jalusta ja kahva on valmistettu luonnonpuusta. Takka on varustettu ulos vedett\u00e4v\u00e4ll\u00e4 tuhka-astialla, jonka avulla palamisj\u00e4\u00e4m\u00e4t voidaan helposti poistaa. Takassa on lasinpuhdistusj\u00e4rjestelm\u00e4, joka est\u00e4\u00e4 tehokkaasti lian ker\u00e4\u00e4ntymisen takan luukun lasiin esil\u00e4mmitetyn ilmavirran avulla.<br \/>\n&nbsp;<\/p>\n","protected":false},"excerpt":{"rendered":"<p>LaNordica Oriana -takan kaunis muotoilu on ajaton ja sopii mihin tahansa sisustukseen. Takkaan on integroitu tuuletin, elektroninen ohjausyksikk\u00f6 ja langaton termostaatti, jossa on mahdollisuus jakaa l\u00e4mmint\u00e4 ilmaa. Puhallusvoimakkuuden s\u00e4\u00e4t\u00f6 on automaattinen. Jalusta ja kahva on valmistettu luonnonpuusta. Takka on varustettu ulos vedett\u00e4v\u00e4ll\u00e4 tuhka-astialla, jonka avulla palamisj\u00e4\u00e4m\u00e4t voidaan helposti poistaa. Takassa on lasinpuhdistusj\u00e4rjestelm\u00e4, joka est\u00e4\u00e4 tehokkaasti lian ker\u00e4\u00e4ntymisen takan luukun lasiin esil\u00e4mmitetyn ilmavirran avulla.<\/p>\n","protected":false},"featured_media":15096,"template":"","meta":{"_acf_changed":false},"product_brand":[],"product_cat":[9620,9694],"product_tag":[],"class_list":{"0":"post-25588","1":"product","2":"type-product","3":"status-publish","4":"has-post-thumbnail","6":"brands-nordica-fi","7":"product_cat-takat","8":"product_cat-outlet-fi","10":"first","11":"instock","12":"sale","13":"shipping-taxable","14":"purchasable","15":"product-type-simple"},"acf":[],"yoast_head":"<!-- This site is optimized with the Yoast SEO plugin v27.2 - https:\/\/yoast.com\/product\/yoast-seo-wordpress\/ -->\n<title>Kamiina LaNordica ORIANA Anthracite Black (myym\u00e4l\u00e4n n\u00e4ytetuote) - Kodukolle<\/title>\n<meta name=\"description\" content=\"LaNordica Oriana -takan kaunis muotoilu on ajaton ja sopii mihin tahansa sisustukseen. Jalusta ja kahva on valmistettu luonnonpuusta.\" \/>\n<meta name=\"robots\" content=\"index, follow, max-snippet:-1, max-image-preview:large, max-video-preview:-1\" \/>\n<link rel=\"canonical\" href=\"https:\/\/kodukolle.ee\/fi\/tuote\/kamiina-lanordica-oriana-anthracite-black\/\" \/>\n<meta property=\"og:locale\" content=\"fi_FI\" \/>\n<meta property=\"og:type\" content=\"article\" \/>\n<meta property=\"og:title\" content=\"Kamiina LaNordica ORIANA Anthracite Black (myym\u00e4l\u00e4n n\u00e4ytetuote) - Kodukolle\" \/>\n<meta property=\"og:description\" content=\"LaNordica Oriana -takan kaunis muotoilu on ajaton ja sopii mihin tahansa sisustukseen. Jalusta ja kahva on valmistettu luonnonpuusta.\" \/>\n<meta property=\"og:url\" content=\"https:\/\/kodukolle.ee\/fi\/tuote\/kamiina-lanordica-oriana-anthracite-black\/\" \/>\n<meta property=\"og:site_name\" content=\"Kodukolle\" \/>\n<meta property=\"article:modified_time\" content=\"2023-12-06T06:50:30+00:00\" \/>\n<meta property=\"og:image\" content=\"https:\/\/kodukolle.ee\/wp-content\/uploads\/2019\/09\/LaNordica-ORIANA_2.jpg\" \/>\n\t<meta property=\"og:image:width\" content=\"2560\" \/>\n\t<meta property=\"og:image:height\" content=\"1843\" \/>\n\t<meta property=\"og:image:type\" content=\"image\/jpeg\" \/>\n<meta name=\"twitter:card\" content=\"summary_large_image\" \/>\n<script type=\"application\/ld+json\" class=\"yoast-schema-graph\">{\"@context\":\"https:\/\/schema.org\",\"@graph\":[{\"@type\":\"WebPage\",\"@id\":\"https:\/\/kodukolle.ee\/fi\/tuote\/kamiina-lanordica-oriana-anthracite-black\/\",\"url\":\"https:\/\/kodukolle.ee\/fi\/tuote\/kamiina-lanordica-oriana-anthracite-black\/\",\"name\":\"Kamiina LaNordica ORIANA Anthracite Black (myym\u00e4l\u00e4n n\u00e4ytetuote) - Kodukolle\",\"isPartOf\":{\"@id\":\"https:\/\/kodukolle.ee\/en\/#website\"},\"primaryImageOfPage\":{\"@id\":\"https:\/\/kodukolle.ee\/fi\/tuote\/kamiina-lanordica-oriana-anthracite-black\/#primaryimage\"},\"image\":{\"@id\":\"https:\/\/kodukolle.ee\/fi\/tuote\/kamiina-lanordica-oriana-anthracite-black\/#primaryimage\"},\"thumbnailUrl\":\"https:\/\/kodukolle.ee\/wp-content\/uploads\/2019\/09\/LaNordica-ORIANA_1.jpg\",\"datePublished\":\"2019-09-23T08:25:13+00:00\",\"dateModified\":\"2023-12-06T06:50:30+00:00\",\"description\":\"LaNordica Oriana -takan kaunis muotoilu on ajaton ja sopii mihin tahansa sisustukseen. Jalusta ja kahva on valmistettu luonnonpuusta.\",\"breadcrumb\":{\"@id\":\"https:\/\/kodukolle.ee\/fi\/tuote\/kamiina-lanordica-oriana-anthracite-black\/#breadcrumb\"},\"inLanguage\":\"fi\",\"potentialAction\":[{\"@type\":\"ReadAction\",\"target\":[\"https:\/\/kodukolle.ee\/fi\/tuote\/kamiina-lanordica-oriana-anthracite-black\/\"]}]},{\"@type\":\"ImageObject\",\"inLanguage\":\"fi\",\"@id\":\"https:\/\/kodukolle.ee\/fi\/tuote\/kamiina-lanordica-oriana-anthracite-black\/#primaryimage\",\"url\":\"https:\/\/kodukolle.ee\/wp-content\/uploads\/2019\/09\/LaNordica-ORIANA_1.jpg\",\"contentUrl\":\"https:\/\/kodukolle.ee\/wp-content\/uploads\/2019\/09\/LaNordica-ORIANA_1.jpg\",\"width\":1024,\"height\":767,\"caption\":\"LaNordica ORIANA\"},{\"@type\":\"BreadcrumbList\",\"@id\":\"https:\/\/kodukolle.ee\/fi\/tuote\/kamiina-lanordica-oriana-anthracite-black\/#breadcrumb\",\"itemListElement\":[{\"@type\":\"ListItem\",\"position\":1,\"name\":\"Home\",\"item\":\"https:\/\/kodukolle.ee\/fi\/\"},{\"@type\":\"ListItem\",\"position\":2,\"name\":\"Tuotteet\",\"item\":\"https:\/\/kodukolle.ee\/fi\/tuotteet\/\"},{\"@type\":\"ListItem\",\"position\":3,\"name\":\"Kamiina LaNordica ORIANA Anthracite Black (myym\u00e4l\u00e4n n\u00e4ytetuote)\"}]},{\"@type\":\"WebSite\",\"@id\":\"https:\/\/kodukolle.ee\/en\/#website\",\"url\":\"https:\/\/kodukolle.ee\/en\/\",\"name\":\"Kodukolle\",\"description\":\"\",\"publisher\":{\"@id\":\"https:\/\/kodukolle.ee\/en\/#organization\"},\"potentialAction\":[{\"@type\":\"SearchAction\",\"target\":{\"@type\":\"EntryPoint\",\"urlTemplate\":\"https:\/\/kodukolle.ee\/en\/?s={search_term_string}\"},\"query-input\":{\"@type\":\"PropertyValueSpecification\",\"valueRequired\":true,\"valueName\":\"search_term_string\"}}],\"inLanguage\":\"fi\"},{\"@type\":\"Organization\",\"@id\":\"https:\/\/kodukolle.ee\/en\/#organization\",\"name\":\"Kodukolle\",\"url\":\"https:\/\/kodukolle.ee\/en\/\",\"logo\":{\"@type\":\"ImageObject\",\"inLanguage\":\"fi\",\"@id\":\"https:\/\/kodukolle.ee\/en\/#\/schema\/logo\/image\/\",\"url\":\"https:\/\/kodukolle.ee\/wp-content\/uploads\/2025\/06\/logo_must_gradient.svg\",\"contentUrl\":\"https:\/\/kodukolle.ee\/wp-content\/uploads\/2025\/06\/logo_must_gradient.svg\",\"caption\":\"Kodukolle\"},\"image\":{\"@id\":\"https:\/\/kodukolle.ee\/en\/#\/schema\/logo\/image\/\"}}]}<\/script>\n<!-- \/ Yoast SEO plugin. -->","yoast_head_json":{"title":"Kamiina LaNordica ORIANA Anthracite Black (myym\u00e4l\u00e4n n\u00e4ytetuote) - Kodukolle","description":"LaNordica Oriana -takan kaunis muotoilu on ajaton ja sopii mihin tahansa sisustukseen. Jalusta ja kahva on valmistettu luonnonpuusta.","robots":{"index":"index","follow":"follow","max-snippet":"max-snippet:-1","max-image-preview":"max-image-preview:large","max-video-preview":"max-video-preview:-1"},"canonical":"https:\/\/kodukolle.ee\/fi\/tuote\/kamiina-lanordica-oriana-anthracite-black\/","og_locale":"fi_FI","og_type":"article","og_title":"Kamiina LaNordica ORIANA Anthracite Black (myym\u00e4l\u00e4n n\u00e4ytetuote) - Kodukolle","og_description":"LaNordica Oriana -takan kaunis muotoilu on ajaton ja sopii mihin tahansa sisustukseen. Jalusta ja kahva on valmistettu luonnonpuusta.","og_url":"https:\/\/kodukolle.ee\/fi\/tuote\/kamiina-lanordica-oriana-anthracite-black\/","og_site_name":"Kodukolle","article_modified_time":"2023-12-06T06:50:30+00:00","og_image":[{"width":2560,"height":1843,"url":"https:\/\/kodukolle.ee\/wp-content\/uploads\/2019\/09\/LaNordica-ORIANA_2.jpg","type":"image\/jpeg"}],"twitter_card":"summary_large_image","schema":{"@context":"https:\/\/schema.org","@graph":[{"@type":"WebPage","@id":"https:\/\/kodukolle.ee\/fi\/tuote\/kamiina-lanordica-oriana-anthracite-black\/","url":"https:\/\/kodukolle.ee\/fi\/tuote\/kamiina-lanordica-oriana-anthracite-black\/","name":"Kamiina LaNordica ORIANA Anthracite Black (myym\u00e4l\u00e4n n\u00e4ytetuote) - Kodukolle","isPartOf":{"@id":"https:\/\/kodukolle.ee\/en\/#website"},"primaryImageOfPage":{"@id":"https:\/\/kodukolle.ee\/fi\/tuote\/kamiina-lanordica-oriana-anthracite-black\/#primaryimage"},"image":{"@id":"https:\/\/kodukolle.ee\/fi\/tuote\/kamiina-lanordica-oriana-anthracite-black\/#primaryimage"},"thumbnailUrl":"https:\/\/kodukolle.ee\/wp-content\/uploads\/2019\/09\/LaNordica-ORIANA_1.jpg","datePublished":"2019-09-23T08:25:13+00:00","dateModified":"2023-12-06T06:50:30+00:00","description":"LaNordica Oriana -takan kaunis muotoilu on ajaton ja sopii mihin tahansa sisustukseen. Jalusta ja kahva on valmistettu luonnonpuusta.","breadcrumb":{"@id":"https:\/\/kodukolle.ee\/fi\/tuote\/kamiina-lanordica-oriana-anthracite-black\/#breadcrumb"},"inLanguage":"fi","potentialAction":[{"@type":"ReadAction","target":["https:\/\/kodukolle.ee\/fi\/tuote\/kamiina-lanordica-oriana-anthracite-black\/"]}]},{"@type":"ImageObject","inLanguage":"fi","@id":"https:\/\/kodukolle.ee\/fi\/tuote\/kamiina-lanordica-oriana-anthracite-black\/#primaryimage","url":"https:\/\/kodukolle.ee\/wp-content\/uploads\/2019\/09\/LaNordica-ORIANA_1.jpg","contentUrl":"https:\/\/kodukolle.ee\/wp-content\/uploads\/2019\/09\/LaNordica-ORIANA_1.jpg","width":1024,"height":767,"caption":"LaNordica ORIANA"},{"@type":"BreadcrumbList","@id":"https:\/\/kodukolle.ee\/fi\/tuote\/kamiina-lanordica-oriana-anthracite-black\/#breadcrumb","itemListElement":[{"@type":"ListItem","position":1,"name":"Home","item":"https:\/\/kodukolle.ee\/fi\/"},{"@type":"ListItem","position":2,"name":"Tuotteet","item":"https:\/\/kodukolle.ee\/fi\/tuotteet\/"},{"@type":"ListItem","position":3,"name":"Kamiina LaNordica ORIANA Anthracite Black (myym\u00e4l\u00e4n n\u00e4ytetuote)"}]},{"@type":"WebSite","@id":"https:\/\/kodukolle.ee\/en\/#website","url":"https:\/\/kodukolle.ee\/en\/","name":"Kodukolle","description":"","publisher":{"@id":"https:\/\/kodukolle.ee\/en\/#organization"},"potentialAction":[{"@type":"SearchAction","target":{"@type":"EntryPoint","urlTemplate":"https:\/\/kodukolle.ee\/en\/?s={search_term_string}"},"query-input":{"@type":"PropertyValueSpecification","valueRequired":true,"valueName":"search_term_string"}}],"inLanguage":"fi"},{"@type":"Organization","@id":"https:\/\/kodukolle.ee\/en\/#organization","name":"Kodukolle","url":"https:\/\/kodukolle.ee\/en\/","logo":{"@type":"ImageObject","inLanguage":"fi","@id":"https:\/\/kodukolle.ee\/en\/#\/schema\/logo\/image\/","url":"https:\/\/kodukolle.ee\/wp-content\/uploads\/2025\/06\/logo_must_gradient.svg","contentUrl":"https:\/\/kodukolle.ee\/wp-content\/uploads\/2025\/06\/logo_must_gradient.svg","caption":"Kodukolle"},"image":{"@id":"https:\/\/kodukolle.ee\/en\/#\/schema\/logo\/image\/"}}]}},"_links":{"self":[{"href":"https:\/\/kodukolle.ee\/fi\/wp-json\/wp\/v2\/product\/25588","targetHints":{"allow":["GET"]}}],"collection":[{"href":"https:\/\/kodukolle.ee\/fi\/wp-json\/wp\/v2\/product"}],"about":[{"href":"https:\/\/kodukolle.ee\/fi\/wp-json\/wp\/v2\/types\/product"}],"wp:featuredmedia":[{"embeddable":true,"href":"https:\/\/kodukolle.ee\/fi\/wp-json\/wp\/v2\/media\/15096"}],"wp:attachment":[{"href":"https:\/\/kodukolle.ee\/fi\/wp-json\/wp\/v2\/media?parent=25588"}],"wp:term":[{"taxonomy":"product_brand","embeddable":true,"href":"https:\/\/kodukolle.ee\/fi\/wp-json\/wp\/v2\/product_brand?post=25588"},{"taxonomy":"product_cat","embeddable":true,"href":"https:\/\/kodukolle.ee\/fi\/wp-json\/wp\/v2\/product_cat?post=25588"},{"taxonomy":"product_tag","embeddable":true,"href":"https:\/\/kodukolle.ee\/fi\/wp-json\/wp\/v2\/product_tag?post=25588"}],"curies":[{"name":"wp","href":"https:\/\/api.w.org\/{rel}","templated":true}]}}