{"id":25679,"date":"2023-09-27T17:17:16","date_gmt":"2023-09-27T14:17:16","guid":{"rendered":"https:\/\/kodukolle.ee\/?post_type=product&#038;p=25679"},"modified":"2024-02-16T14:22:18","modified_gmt":"2024-02-16T12:22:18","slug":"sahkokiuas-harvia-cilindro-pc70-6-8kw-teras","status":"publish","type":"product","link":"https:\/\/kodukolle.ee\/fi\/tuote\/sahkokiuas-harvia-cilindro-pc70-6-8kw-teras\/","title":{"rendered":"S\u00e4hk\u00f6kiuas Harvia Cilindro PC70 6.8kW, ter\u00e4s"},"content":{"rendered":"<p><strong>S\u00e4hk\u00f6kiuas Harvia Cilindro \u2013 monipuolinen, laadukas saunakokemus.<\/strong><\/p>\n<p>Harvia Cilindro -pilarikiukaat ovat tyylikk\u00e4it\u00e4 s\u00e4hk\u00f6kiukaat, jotka sopivat moneen tarpeeseen. Kiukaan koko ja massiivinen kivim\u00e4\u00e4r\u00e4 on optimoitu tuottamaan tasaista mutta tehokasta l\u00f6yly\u00e4 kaikenkokoisissa saunoissa pienist\u00e4 perhesaunoista suuriin yleissaunoihin. Cilindro-kiukaassa korkea laatu kohtaa vaikuttavan ulkon\u00e4\u00f6n. Ruostumattomasta ter\u00e4ksest\u00e4 valmistettu ulkokuori on loistava lis\u00e4 jokaiseen saunaan. Arinaa muistuttavan ulkosein\u00e4n ansiosta jokainen saunalainen voi vaihtaa h\u00f6yry\u00e4. H\u00f6yry on pehme\u00e4mp\u00e4\u00e4, jos heit\u00e4t vett\u00e4 kiukaan kylke\u00e4 vasten ja ter\u00e4v\u00e4mp\u00e4\u00e4, jos heit\u00e4t vett\u00e4 suoraan kivipilarin p\u00e4\u00e4lle. Cilindro on vaikuttava sek\u00e4 katsottava ett\u00e4 koettava. Kiuas on varustettu mekaanisella ajastimella sek\u00e4 termostaatilla.\n<\/ul>\n<p>&nbsp;<\/p>\n","protected":false},"excerpt":{"rendered":"<p>Harvia Cilindro -pilarikiukaat ovat tyylikk\u00e4it\u00e4 s\u00e4hk\u00f6kiukaat, jotka sopivat moneen tarpeeseen. Kiukaan koko ja massiivinen kivim\u00e4\u00e4r\u00e4 on optimoitu tuottamaan tasaista mutta tehokasta l\u00f6yly\u00e4 kaikenkokoisissa saunoissa pienist\u00e4 perhesaunoista suuriin yleissaunoihin. Cilindro-kiukaassa korkea laatu kohtaa vaikuttavan ulkon\u00e4\u00f6n. Ruostumattomasta ter\u00e4ksest\u00e4 valmistettu ulkokuori on loistava lis\u00e4 jokaiseen saunaan.<\/p>\n","protected":false},"featured_media":22755,"template":"","meta":{"_acf_changed":false},"product_brand":[],"product_cat":[9692],"product_tag":[],"class_list":{"0":"post-25679","1":"product","2":"type-product","3":"status-publish","4":"has-post-thumbnail","6":"brands-harvia-fi","7":"product_cat-kiukaat-ja-grillit","9":"first","10":"instock","11":"shipping-taxable","12":"purchasable","13":"product-type-simple"},"acf":[],"yoast_head":"<!-- This site is optimized with the Yoast SEO plugin v27.2 - https:\/\/yoast.com\/product\/yoast-seo-wordpress\/ -->\n<title>S\u00e4hk\u00f6kiuas Harvia Cilindro PC70 6.8kW, ter\u00e4s - Kodukolle<\/title>\n<meta name=\"description\" content=\"Harvia Cilindro-kiukaassa korkea laatu kohtaa vaikuttavan ulkon\u00e4\u00f6n. Kiuas on varustettu mekaanisella ajastimella sek\u00e4 termostaatilla.\" \/>\n<meta name=\"robots\" content=\"index, follow, max-snippet:-1, max-image-preview:large, max-video-preview:-1\" \/>\n<link rel=\"canonical\" href=\"https:\/\/kodukolle.ee\/fi\/tuote\/sahkokiuas-harvia-cilindro-pc70-6-8kw-teras\/\" \/>\n<meta property=\"og:locale\" content=\"fi_FI\" \/>\n<meta property=\"og:type\" content=\"article\" \/>\n<meta property=\"og:title\" content=\"S\u00e4hk\u00f6kiuas Harvia Cilindro PC70 6.8kW, ter\u00e4s - Kodukolle\" \/>\n<meta property=\"og:description\" content=\"Harvia Cilindro-kiukaassa korkea laatu kohtaa vaikuttavan ulkon\u00e4\u00f6n. Kiuas on varustettu mekaanisella ajastimella sek\u00e4 termostaatilla.\" \/>\n<meta property=\"og:url\" content=\"https:\/\/kodukolle.ee\/fi\/tuote\/sahkokiuas-harvia-cilindro-pc70-6-8kw-teras\/\" \/>\n<meta property=\"og:site_name\" content=\"Kodukolle\" \/>\n<meta property=\"article:modified_time\" content=\"2024-02-16T12:22:18+00:00\" \/>\n<meta property=\"og:image\" content=\"https:\/\/kodukolle.ee\/wp-content\/uploads\/2023\/09\/Harvia_Cilindro_PC70.jpg\" \/>\n\t<meta property=\"og:image:width\" content=\"430\" \/>\n\t<meta property=\"og:image:height\" content=\"1000\" \/>\n\t<meta property=\"og:image:type\" content=\"image\/jpeg\" \/>\n<meta name=\"twitter:card\" content=\"summary_large_image\" \/>\n<meta name=\"twitter:label1\" content=\"Est. reading time\" \/>\n\t<meta name=\"twitter:data1\" content=\"1 minuutti\" \/>\n<script type=\"application\/ld+json\" class=\"yoast-schema-graph\">{\"@context\":\"https:\/\/schema.org\",\"@graph\":[{\"@type\":\"WebPage\",\"@id\":\"https:\/\/kodukolle.ee\/fi\/tuote\/sahkokiuas-harvia-cilindro-pc70-6-8kw-teras\/\",\"url\":\"https:\/\/kodukolle.ee\/fi\/tuote\/sahkokiuas-harvia-cilindro-pc70-6-8kw-teras\/\",\"name\":\"S\u00e4hk\u00f6kiuas Harvia Cilindro PC70 6.8kW, ter\u00e4s - Kodukolle\",\"isPartOf\":{\"@id\":\"https:\/\/kodukolle.ee\/en\/#website\"},\"primaryImageOfPage\":{\"@id\":\"https:\/\/kodukolle.ee\/fi\/tuote\/sahkokiuas-harvia-cilindro-pc70-6-8kw-teras\/#primaryimage\"},\"image\":{\"@id\":\"https:\/\/kodukolle.ee\/fi\/tuote\/sahkokiuas-harvia-cilindro-pc70-6-8kw-teras\/#primaryimage\"},\"thumbnailUrl\":\"https:\/\/kodukolle.ee\/wp-content\/uploads\/2023\/09\/Harvia_Cilindro_PC70.jpg\",\"datePublished\":\"2023-09-27T14:17:16+00:00\",\"dateModified\":\"2024-02-16T12:22:18+00:00\",\"description\":\"Harvia Cilindro-kiukaassa korkea laatu kohtaa vaikuttavan ulkon\u00e4\u00f6n. Kiuas on varustettu mekaanisella ajastimella sek\u00e4 termostaatilla.\",\"breadcrumb\":{\"@id\":\"https:\/\/kodukolle.ee\/fi\/tuote\/sahkokiuas-harvia-cilindro-pc70-6-8kw-teras\/#breadcrumb\"},\"inLanguage\":\"fi\",\"potentialAction\":[{\"@type\":\"ReadAction\",\"target\":[\"https:\/\/kodukolle.ee\/fi\/tuote\/sahkokiuas-harvia-cilindro-pc70-6-8kw-teras\/\"]}]},{\"@type\":\"ImageObject\",\"inLanguage\":\"fi\",\"@id\":\"https:\/\/kodukolle.ee\/fi\/tuote\/sahkokiuas-harvia-cilindro-pc70-6-8kw-teras\/#primaryimage\",\"url\":\"https:\/\/kodukolle.ee\/wp-content\/uploads\/2023\/09\/Harvia_Cilindro_PC70.jpg\",\"contentUrl\":\"https:\/\/kodukolle.ee\/wp-content\/uploads\/2023\/09\/Harvia_Cilindro_PC70.jpg\",\"width\":430,\"height\":1000,\"caption\":\"Harvia Cilindro PC70\"},{\"@type\":\"BreadcrumbList\",\"@id\":\"https:\/\/kodukolle.ee\/fi\/tuote\/sahkokiuas-harvia-cilindro-pc70-6-8kw-teras\/#breadcrumb\",\"itemListElement\":[{\"@type\":\"ListItem\",\"position\":1,\"name\":\"Home\",\"item\":\"https:\/\/kodukolle.ee\/fi\/\"},{\"@type\":\"ListItem\",\"position\":2,\"name\":\"Tuotteet\",\"item\":\"https:\/\/kodukolle.ee\/fi\/tuotteet\/\"},{\"@type\":\"ListItem\",\"position\":3,\"name\":\"S\u00e4hk\u00f6kiuas Harvia Cilindro PC70 6.8kW, ter\u00e4s\"}]},{\"@type\":\"WebSite\",\"@id\":\"https:\/\/kodukolle.ee\/en\/#website\",\"url\":\"https:\/\/kodukolle.ee\/en\/\",\"name\":\"Kodukolle\",\"description\":\"\",\"publisher\":{\"@id\":\"https:\/\/kodukolle.ee\/en\/#organization\"},\"potentialAction\":[{\"@type\":\"SearchAction\",\"target\":{\"@type\":\"EntryPoint\",\"urlTemplate\":\"https:\/\/kodukolle.ee\/en\/?s={search_term_string}\"},\"query-input\":{\"@type\":\"PropertyValueSpecification\",\"valueRequired\":true,\"valueName\":\"search_term_string\"}}],\"inLanguage\":\"fi\"},{\"@type\":\"Organization\",\"@id\":\"https:\/\/kodukolle.ee\/en\/#organization\",\"name\":\"Kodukolle\",\"url\":\"https:\/\/kodukolle.ee\/en\/\",\"logo\":{\"@type\":\"ImageObject\",\"inLanguage\":\"fi\",\"@id\":\"https:\/\/kodukolle.ee\/en\/#\/schema\/logo\/image\/\",\"url\":\"https:\/\/kodukolle.ee\/wp-content\/uploads\/2025\/06\/logo_must_gradient.svg\",\"contentUrl\":\"https:\/\/kodukolle.ee\/wp-content\/uploads\/2025\/06\/logo_must_gradient.svg\",\"caption\":\"Kodukolle\"},\"image\":{\"@id\":\"https:\/\/kodukolle.ee\/en\/#\/schema\/logo\/image\/\"}}]}<\/script>\n<!-- \/ Yoast SEO plugin. -->","yoast_head_json":{"title":"S\u00e4hk\u00f6kiuas Harvia Cilindro PC70 6.8kW, ter\u00e4s - Kodukolle","description":"Harvia Cilindro-kiukaassa korkea laatu kohtaa vaikuttavan ulkon\u00e4\u00f6n. Kiuas on varustettu mekaanisella ajastimella sek\u00e4 termostaatilla.","robots":{"index":"index","follow":"follow","max-snippet":"max-snippet:-1","max-image-preview":"max-image-preview:large","max-video-preview":"max-video-preview:-1"},"canonical":"https:\/\/kodukolle.ee\/fi\/tuote\/sahkokiuas-harvia-cilindro-pc70-6-8kw-teras\/","og_locale":"fi_FI","og_type":"article","og_title":"S\u00e4hk\u00f6kiuas Harvia Cilindro PC70 6.8kW, ter\u00e4s - Kodukolle","og_description":"Harvia Cilindro-kiukaassa korkea laatu kohtaa vaikuttavan ulkon\u00e4\u00f6n. Kiuas on varustettu mekaanisella ajastimella sek\u00e4 termostaatilla.","og_url":"https:\/\/kodukolle.ee\/fi\/tuote\/sahkokiuas-harvia-cilindro-pc70-6-8kw-teras\/","og_site_name":"Kodukolle","article_modified_time":"2024-02-16T12:22:18+00:00","og_image":[{"width":430,"height":1000,"url":"https:\/\/kodukolle.ee\/wp-content\/uploads\/2023\/09\/Harvia_Cilindro_PC70.jpg","type":"image\/jpeg"}],"twitter_card":"summary_large_image","twitter_misc":{"Est. reading time":"1 minuutti"},"schema":{"@context":"https:\/\/schema.org","@graph":[{"@type":"WebPage","@id":"https:\/\/kodukolle.ee\/fi\/tuote\/sahkokiuas-harvia-cilindro-pc70-6-8kw-teras\/","url":"https:\/\/kodukolle.ee\/fi\/tuote\/sahkokiuas-harvia-cilindro-pc70-6-8kw-teras\/","name":"S\u00e4hk\u00f6kiuas Harvia Cilindro PC70 6.8kW, ter\u00e4s - Kodukolle","isPartOf":{"@id":"https:\/\/kodukolle.ee\/en\/#website"},"primaryImageOfPage":{"@id":"https:\/\/kodukolle.ee\/fi\/tuote\/sahkokiuas-harvia-cilindro-pc70-6-8kw-teras\/#primaryimage"},"image":{"@id":"https:\/\/kodukolle.ee\/fi\/tuote\/sahkokiuas-harvia-cilindro-pc70-6-8kw-teras\/#primaryimage"},"thumbnailUrl":"https:\/\/kodukolle.ee\/wp-content\/uploads\/2023\/09\/Harvia_Cilindro_PC70.jpg","datePublished":"2023-09-27T14:17:16+00:00","dateModified":"2024-02-16T12:22:18+00:00","description":"Harvia Cilindro-kiukaassa korkea laatu kohtaa vaikuttavan ulkon\u00e4\u00f6n. Kiuas on varustettu mekaanisella ajastimella sek\u00e4 termostaatilla.","breadcrumb":{"@id":"https:\/\/kodukolle.ee\/fi\/tuote\/sahkokiuas-harvia-cilindro-pc70-6-8kw-teras\/#breadcrumb"},"inLanguage":"fi","potentialAction":[{"@type":"ReadAction","target":["https:\/\/kodukolle.ee\/fi\/tuote\/sahkokiuas-harvia-cilindro-pc70-6-8kw-teras\/"]}]},{"@type":"ImageObject","inLanguage":"fi","@id":"https:\/\/kodukolle.ee\/fi\/tuote\/sahkokiuas-harvia-cilindro-pc70-6-8kw-teras\/#primaryimage","url":"https:\/\/kodukolle.ee\/wp-content\/uploads\/2023\/09\/Harvia_Cilindro_PC70.jpg","contentUrl":"https:\/\/kodukolle.ee\/wp-content\/uploads\/2023\/09\/Harvia_Cilindro_PC70.jpg","width":430,"height":1000,"caption":"Harvia Cilindro PC70"},{"@type":"BreadcrumbList","@id":"https:\/\/kodukolle.ee\/fi\/tuote\/sahkokiuas-harvia-cilindro-pc70-6-8kw-teras\/#breadcrumb","itemListElement":[{"@type":"ListItem","position":1,"name":"Home","item":"https:\/\/kodukolle.ee\/fi\/"},{"@type":"ListItem","position":2,"name":"Tuotteet","item":"https:\/\/kodukolle.ee\/fi\/tuotteet\/"},{"@type":"ListItem","position":3,"name":"S\u00e4hk\u00f6kiuas Harvia Cilindro PC70 6.8kW, ter\u00e4s"}]},{"@type":"WebSite","@id":"https:\/\/kodukolle.ee\/en\/#website","url":"https:\/\/kodukolle.ee\/en\/","name":"Kodukolle","description":"","publisher":{"@id":"https:\/\/kodukolle.ee\/en\/#organization"},"potentialAction":[{"@type":"SearchAction","target":{"@type":"EntryPoint","urlTemplate":"https:\/\/kodukolle.ee\/en\/?s={search_term_string}"},"query-input":{"@type":"PropertyValueSpecification","valueRequired":true,"valueName":"search_term_string"}}],"inLanguage":"fi"},{"@type":"Organization","@id":"https:\/\/kodukolle.ee\/en\/#organization","name":"Kodukolle","url":"https:\/\/kodukolle.ee\/en\/","logo":{"@type":"ImageObject","inLanguage":"fi","@id":"https:\/\/kodukolle.ee\/en\/#\/schema\/logo\/image\/","url":"https:\/\/kodukolle.ee\/wp-content\/uploads\/2025\/06\/logo_must_gradient.svg","contentUrl":"https:\/\/kodukolle.ee\/wp-content\/uploads\/2025\/06\/logo_must_gradient.svg","caption":"Kodukolle"},"image":{"@id":"https:\/\/kodukolle.ee\/en\/#\/schema\/logo\/image\/"}}]}},"_links":{"self":[{"href":"https:\/\/kodukolle.ee\/fi\/wp-json\/wp\/v2\/product\/25679","targetHints":{"allow":["GET"]}}],"collection":[{"href":"https:\/\/kodukolle.ee\/fi\/wp-json\/wp\/v2\/product"}],"about":[{"href":"https:\/\/kodukolle.ee\/fi\/wp-json\/wp\/v2\/types\/product"}],"wp:featuredmedia":[{"embeddable":true,"href":"https:\/\/kodukolle.ee\/fi\/wp-json\/wp\/v2\/media\/22755"}],"wp:attachment":[{"href":"https:\/\/kodukolle.ee\/fi\/wp-json\/wp\/v2\/media?parent=25679"}],"wp:term":[{"taxonomy":"product_brand","embeddable":true,"href":"https:\/\/kodukolle.ee\/fi\/wp-json\/wp\/v2\/product_brand?post=25679"},{"taxonomy":"product_cat","embeddable":true,"href":"https:\/\/kodukolle.ee\/fi\/wp-json\/wp\/v2\/product_cat?post=25679"},{"taxonomy":"product_tag","embeddable":true,"href":"https:\/\/kodukolle.ee\/fi\/wp-json\/wp\/v2\/product_tag?post=25679"}],"curies":[{"name":"wp","href":"https:\/\/api.w.org\/{rel}","templated":true}]}}