{"id":25681,"date":"2023-10-05T16:52:07","date_gmt":"2023-10-05T13:52:07","guid":{"rendered":"https:\/\/kodukolle.ee\/?post_type=product&#038;p=25681"},"modified":"2024-03-18T10:25:19","modified_gmt":"2024-03-18T08:25:19","slug":"kamiina-lanordica-gemma-keittolevylla","status":"publish","type":"product","link":"https:\/\/kodukolle.ee\/fi\/tuote\/kamiina-lanordica-gemma-keittolevylla\/","title":{"rendered":"Kamiina LaNordica GEMMA keittolevyll\u00e4 (rajoitettu m\u00e4\u00e4r\u00e4)"},"content":{"rendered":"<p>LaNordica Gemma -takka voi tehd\u00e4 muutakin kuin vain n\u00e4ytt\u00e4\u00e4 hyv\u00e4lt\u00e4 ja pit\u00e4\u00e4 huoneet l\u00e4mpim\u00e4n\u00e4. Takkaa k\u00e4ytett\u00e4ess\u00e4 valurautainen yl\u00e4peitelevy l\u00e4mpenee ja sit\u00e4 voidaan k\u00e4ytt\u00e4\u00e4 ruoan l\u00e4mpim\u00e4n\u00e4 pit\u00e4miseen. T\u00e4ll\u00e4 tavalla voit k\u00e4ytt\u00e4\u00e4 palamisenergiaa optimaalisesti. Gemma-takka on valmistettu korkealaatuisesta mustasta valuraudasta. Materiaali ei ainoastaan \u200b\u200btakaa korkeaa kest\u00e4vyytt\u00e4, vaan sill\u00e4 on my\u00f6s hyv\u00e4t l\u00e4mm\u00f6nvarausominaisuudet. Tuloksena takka jatkaa l\u00e4mm\u00f6n tuottamista viel\u00e4 jonkin aikaa tulen sammumisen j\u00e4lkeen. Takka on varustettu ulos vedett\u00e4v\u00e4ll\u00e4 tuhka-astialla, jonka avulla palamisj\u00e4\u00e4m\u00e4t voidaan helposti poistaa. Takassa on lasinpuhdistusj\u00e4rjestelm\u00e4, joka est\u00e4\u00e4 tehokkaasti lian ker\u00e4\u00e4ntymisen takan luukun lasiin esil\u00e4mmitetyn ilmavirran avulla.<br \/>\n&nbsp;<\/p>\n","protected":false},"excerpt":{"rendered":"<p>LaNordica Gemma -takka voi tehd\u00e4 muutakin kuin vain n\u00e4ytt\u00e4\u00e4 hyv\u00e4lt\u00e4 ja pit\u00e4\u00e4 huoneet l\u00e4mpim\u00e4n\u00e4. Takkaa k\u00e4ytett\u00e4ess\u00e4 valurautainen yl\u00e4peitelevy l\u00e4mpenee ja sit\u00e4 voidaan k\u00e4ytt\u00e4\u00e4 ruoan l\u00e4mpim\u00e4n\u00e4 pit\u00e4miseen. T\u00e4ll\u00e4 tavalla voit k\u00e4ytt\u00e4\u00e4 palamisenergiaa optimaalisesti. Gemma-takka on valmistettu korkealaatuisesta mustasta valuraudasta. Materiaali ei ainoastaan \u200b\u200btakaa korkeaa kest\u00e4vyytt\u00e4, vaan sill\u00e4 on my\u00f6s hyv\u00e4t l\u00e4mm\u00f6nvarausominaisuudet.<\/p>\n","protected":false},"featured_media":25682,"template":"","meta":{"_acf_changed":false},"product_brand":[],"product_cat":[9620],"product_tag":[],"class_list":{"0":"post-25681","1":"product","2":"type-product","3":"status-publish","4":"has-post-thumbnail","6":"brands-nordica-fi","7":"product_cat-takat","9":"first","10":"instock","11":"shipping-taxable","12":"purchasable","13":"product-type-simple"},"acf":[],"yoast_head":"<!-- This site is optimized with the Yoast SEO plugin v27.4 - https:\/\/yoast.com\/product\/yoast-seo-wordpress\/ -->\n<title>Kamiina LaNordica GEMMA keittolevyll\u00e4 (rajoitettu m\u00e4\u00e4r\u00e4) - Kodukolle<\/title>\n<meta name=\"description\" content=\"LaNordica Gemma -takka voi tehd\u00e4 muutakin kuin vain n\u00e4ytt\u00e4\u00e4 hyv\u00e4lt\u00e4 ja pit\u00e4\u00e4 huoneet l\u00e4mpim\u00e4n\u00e4. Gemma-takka on valmistettu korkealaatuisesta mustasta valuraudasta.\" \/>\n<meta name=\"robots\" content=\"index, follow, max-snippet:-1, max-image-preview:large, max-video-preview:-1\" \/>\n<link rel=\"canonical\" href=\"https:\/\/kodukolle.ee\/fi\/tuote\/kamiina-lanordica-gemma-keittolevylla\/\" \/>\n<meta property=\"og:locale\" content=\"fi_FI\" \/>\n<meta property=\"og:type\" content=\"article\" \/>\n<meta property=\"og:title\" content=\"Kamiina LaNordica GEMMA keittolevyll\u00e4 (rajoitettu m\u00e4\u00e4r\u00e4) - Kodukolle\" \/>\n<meta property=\"og:description\" content=\"LaNordica Gemma -takka voi tehd\u00e4 muutakin kuin vain n\u00e4ytt\u00e4\u00e4 hyv\u00e4lt\u00e4 ja pit\u00e4\u00e4 huoneet l\u00e4mpim\u00e4n\u00e4. Gemma-takka on valmistettu korkealaatuisesta mustasta valuraudasta.\" \/>\n<meta property=\"og:url\" content=\"https:\/\/kodukolle.ee\/fi\/tuote\/kamiina-lanordica-gemma-keittolevylla\/\" \/>\n<meta property=\"og:site_name\" content=\"Kodukolle\" \/>\n<meta property=\"article:modified_time\" content=\"2024-03-18T08:25:19+00:00\" \/>\n<meta property=\"og:image\" content=\"https:\/\/kodukolle.ee\/wp-content\/uploads\/2019\/07\/Gemma-Elegance-Bo-1024x728.jpg\" \/>\n\t<meta property=\"og:image:width\" content=\"1024\" \/>\n\t<meta property=\"og:image:height\" content=\"728\" \/>\n\t<meta property=\"og:image:type\" content=\"image\/jpeg\" \/>\n<meta name=\"twitter:card\" content=\"summary_large_image\" \/>\n<meta name=\"twitter:label1\" content=\"Est. reading time\" \/>\n\t<meta name=\"twitter:data1\" content=\"1 minuutti\" \/>\n<script type=\"application\/ld+json\" class=\"yoast-schema-graph\">{\"@context\":\"https:\\\/\\\/schema.org\",\"@graph\":[{\"@type\":\"WebPage\",\"@id\":\"https:\\\/\\\/kodukolle.ee\\\/fi\\\/tuote\\\/kamiina-lanordica-gemma-keittolevylla\\\/\",\"url\":\"https:\\\/\\\/kodukolle.ee\\\/fi\\\/tuote\\\/kamiina-lanordica-gemma-keittolevylla\\\/\",\"name\":\"Kamiina LaNordica GEMMA keittolevyll\u00e4 (rajoitettu m\u00e4\u00e4r\u00e4) - Kodukolle\",\"isPartOf\":{\"@id\":\"https:\\\/\\\/kodukolle.ee\\\/en\\\/#website\"},\"primaryImageOfPage\":{\"@id\":\"https:\\\/\\\/kodukolle.ee\\\/fi\\\/tuote\\\/kamiina-lanordica-gemma-keittolevylla\\\/#primaryimage\"},\"image\":{\"@id\":\"https:\\\/\\\/kodukolle.ee\\\/fi\\\/tuote\\\/kamiina-lanordica-gemma-keittolevylla\\\/#primaryimage\"},\"thumbnailUrl\":\"https:\\\/\\\/kodukolle.ee\\\/wp-content\\\/uploads\\\/2019\\\/07\\\/Gemma-Elegance-Bo.jpg\",\"datePublished\":\"2023-10-05T13:52:07+00:00\",\"dateModified\":\"2024-03-18T08:25:19+00:00\",\"description\":\"LaNordica Gemma -takka voi tehd\u00e4 muutakin kuin vain n\u00e4ytt\u00e4\u00e4 hyv\u00e4lt\u00e4 ja pit\u00e4\u00e4 huoneet l\u00e4mpim\u00e4n\u00e4. Gemma-takka on valmistettu korkealaatuisesta mustasta valuraudasta.\",\"breadcrumb\":{\"@id\":\"https:\\\/\\\/kodukolle.ee\\\/fi\\\/tuote\\\/kamiina-lanordica-gemma-keittolevylla\\\/#breadcrumb\"},\"inLanguage\":\"fi\",\"potentialAction\":[{\"@type\":\"ReadAction\",\"target\":[\"https:\\\/\\\/kodukolle.ee\\\/fi\\\/tuote\\\/kamiina-lanordica-gemma-keittolevylla\\\/\"]}]},{\"@type\":\"ImageObject\",\"inLanguage\":\"fi\",\"@id\":\"https:\\\/\\\/kodukolle.ee\\\/fi\\\/tuote\\\/kamiina-lanordica-gemma-keittolevylla\\\/#primaryimage\",\"url\":\"https:\\\/\\\/kodukolle.ee\\\/wp-content\\\/uploads\\\/2019\\\/07\\\/Gemma-Elegance-Bo.jpg\",\"contentUrl\":\"https:\\\/\\\/kodukolle.ee\\\/wp-content\\\/uploads\\\/2019\\\/07\\\/Gemma-Elegance-Bo.jpg\",\"width\":5112,\"height\":3636},{\"@type\":\"BreadcrumbList\",\"@id\":\"https:\\\/\\\/kodukolle.ee\\\/fi\\\/tuote\\\/kamiina-lanordica-gemma-keittolevylla\\\/#breadcrumb\",\"itemListElement\":[{\"@type\":\"ListItem\",\"position\":1,\"name\":\"Home\",\"item\":\"https:\\\/\\\/kodukolle.ee\\\/fi\\\/\"},{\"@type\":\"ListItem\",\"position\":2,\"name\":\"Tuotteet\",\"item\":\"https:\\\/\\\/kodukolle.ee\\\/fi\\\/tuotteet\\\/\"},{\"@type\":\"ListItem\",\"position\":3,\"name\":\"Kamiina LaNordica GEMMA keittolevyll\u00e4 (rajoitettu m\u00e4\u00e4r\u00e4)\"}]},{\"@type\":\"WebSite\",\"@id\":\"https:\\\/\\\/kodukolle.ee\\\/en\\\/#website\",\"url\":\"https:\\\/\\\/kodukolle.ee\\\/en\\\/\",\"name\":\"Kodukolle\",\"description\":\"\",\"publisher\":{\"@id\":\"https:\\\/\\\/kodukolle.ee\\\/en\\\/#organization\"},\"potentialAction\":[{\"@type\":\"SearchAction\",\"target\":{\"@type\":\"EntryPoint\",\"urlTemplate\":\"https:\\\/\\\/kodukolle.ee\\\/en\\\/?s={search_term_string}\"},\"query-input\":{\"@type\":\"PropertyValueSpecification\",\"valueRequired\":true,\"valueName\":\"search_term_string\"}}],\"inLanguage\":\"fi\"},{\"@type\":\"Organization\",\"@id\":\"https:\\\/\\\/kodukolle.ee\\\/en\\\/#organization\",\"name\":\"Kodukolle\",\"url\":\"https:\\\/\\\/kodukolle.ee\\\/en\\\/\",\"logo\":{\"@type\":\"ImageObject\",\"inLanguage\":\"fi\",\"@id\":\"https:\\\/\\\/kodukolle.ee\\\/en\\\/#\\\/schema\\\/logo\\\/image\\\/\",\"url\":\"https:\\\/\\\/kodukolle.ee\\\/wp-content\\\/uploads\\\/2025\\\/06\\\/logo_must_gradient.svg\",\"contentUrl\":\"https:\\\/\\\/kodukolle.ee\\\/wp-content\\\/uploads\\\/2025\\\/06\\\/logo_must_gradient.svg\",\"caption\":\"Kodukolle\"},\"image\":{\"@id\":\"https:\\\/\\\/kodukolle.ee\\\/en\\\/#\\\/schema\\\/logo\\\/image\\\/\"}}]}<\/script>\n<!-- \/ Yoast SEO plugin. -->","yoast_head_json":{"title":"Kamiina LaNordica GEMMA keittolevyll\u00e4 (rajoitettu m\u00e4\u00e4r\u00e4) - Kodukolle","description":"LaNordica Gemma -takka voi tehd\u00e4 muutakin kuin vain n\u00e4ytt\u00e4\u00e4 hyv\u00e4lt\u00e4 ja pit\u00e4\u00e4 huoneet l\u00e4mpim\u00e4n\u00e4. Gemma-takka on valmistettu korkealaatuisesta mustasta valuraudasta.","robots":{"index":"index","follow":"follow","max-snippet":"max-snippet:-1","max-image-preview":"max-image-preview:large","max-video-preview":"max-video-preview:-1"},"canonical":"https:\/\/kodukolle.ee\/fi\/tuote\/kamiina-lanordica-gemma-keittolevylla\/","og_locale":"fi_FI","og_type":"article","og_title":"Kamiina LaNordica GEMMA keittolevyll\u00e4 (rajoitettu m\u00e4\u00e4r\u00e4) - Kodukolle","og_description":"LaNordica Gemma -takka voi tehd\u00e4 muutakin kuin vain n\u00e4ytt\u00e4\u00e4 hyv\u00e4lt\u00e4 ja pit\u00e4\u00e4 huoneet l\u00e4mpim\u00e4n\u00e4. Gemma-takka on valmistettu korkealaatuisesta mustasta valuraudasta.","og_url":"https:\/\/kodukolle.ee\/fi\/tuote\/kamiina-lanordica-gemma-keittolevylla\/","og_site_name":"Kodukolle","article_modified_time":"2024-03-18T08:25:19+00:00","og_image":[{"width":1024,"height":728,"url":"https:\/\/kodukolle.ee\/wp-content\/uploads\/2019\/07\/Gemma-Elegance-Bo-1024x728.jpg","type":"image\/jpeg"}],"twitter_card":"summary_large_image","twitter_misc":{"Est. reading time":"1 minuutti"},"schema":{"@context":"https:\/\/schema.org","@graph":[{"@type":"WebPage","@id":"https:\/\/kodukolle.ee\/fi\/tuote\/kamiina-lanordica-gemma-keittolevylla\/","url":"https:\/\/kodukolle.ee\/fi\/tuote\/kamiina-lanordica-gemma-keittolevylla\/","name":"Kamiina LaNordica GEMMA keittolevyll\u00e4 (rajoitettu m\u00e4\u00e4r\u00e4) - Kodukolle","isPartOf":{"@id":"https:\/\/kodukolle.ee\/en\/#website"},"primaryImageOfPage":{"@id":"https:\/\/kodukolle.ee\/fi\/tuote\/kamiina-lanordica-gemma-keittolevylla\/#primaryimage"},"image":{"@id":"https:\/\/kodukolle.ee\/fi\/tuote\/kamiina-lanordica-gemma-keittolevylla\/#primaryimage"},"thumbnailUrl":"https:\/\/kodukolle.ee\/wp-content\/uploads\/2019\/07\/Gemma-Elegance-Bo.jpg","datePublished":"2023-10-05T13:52:07+00:00","dateModified":"2024-03-18T08:25:19+00:00","description":"LaNordica Gemma -takka voi tehd\u00e4 muutakin kuin vain n\u00e4ytt\u00e4\u00e4 hyv\u00e4lt\u00e4 ja pit\u00e4\u00e4 huoneet l\u00e4mpim\u00e4n\u00e4. Gemma-takka on valmistettu korkealaatuisesta mustasta valuraudasta.","breadcrumb":{"@id":"https:\/\/kodukolle.ee\/fi\/tuote\/kamiina-lanordica-gemma-keittolevylla\/#breadcrumb"},"inLanguage":"fi","potentialAction":[{"@type":"ReadAction","target":["https:\/\/kodukolle.ee\/fi\/tuote\/kamiina-lanordica-gemma-keittolevylla\/"]}]},{"@type":"ImageObject","inLanguage":"fi","@id":"https:\/\/kodukolle.ee\/fi\/tuote\/kamiina-lanordica-gemma-keittolevylla\/#primaryimage","url":"https:\/\/kodukolle.ee\/wp-content\/uploads\/2019\/07\/Gemma-Elegance-Bo.jpg","contentUrl":"https:\/\/kodukolle.ee\/wp-content\/uploads\/2019\/07\/Gemma-Elegance-Bo.jpg","width":5112,"height":3636},{"@type":"BreadcrumbList","@id":"https:\/\/kodukolle.ee\/fi\/tuote\/kamiina-lanordica-gemma-keittolevylla\/#breadcrumb","itemListElement":[{"@type":"ListItem","position":1,"name":"Home","item":"https:\/\/kodukolle.ee\/fi\/"},{"@type":"ListItem","position":2,"name":"Tuotteet","item":"https:\/\/kodukolle.ee\/fi\/tuotteet\/"},{"@type":"ListItem","position":3,"name":"Kamiina LaNordica GEMMA keittolevyll\u00e4 (rajoitettu m\u00e4\u00e4r\u00e4)"}]},{"@type":"WebSite","@id":"https:\/\/kodukolle.ee\/en\/#website","url":"https:\/\/kodukolle.ee\/en\/","name":"Kodukolle","description":"","publisher":{"@id":"https:\/\/kodukolle.ee\/en\/#organization"},"potentialAction":[{"@type":"SearchAction","target":{"@type":"EntryPoint","urlTemplate":"https:\/\/kodukolle.ee\/en\/?s={search_term_string}"},"query-input":{"@type":"PropertyValueSpecification","valueRequired":true,"valueName":"search_term_string"}}],"inLanguage":"fi"},{"@type":"Organization","@id":"https:\/\/kodukolle.ee\/en\/#organization","name":"Kodukolle","url":"https:\/\/kodukolle.ee\/en\/","logo":{"@type":"ImageObject","inLanguage":"fi","@id":"https:\/\/kodukolle.ee\/en\/#\/schema\/logo\/image\/","url":"https:\/\/kodukolle.ee\/wp-content\/uploads\/2025\/06\/logo_must_gradient.svg","contentUrl":"https:\/\/kodukolle.ee\/wp-content\/uploads\/2025\/06\/logo_must_gradient.svg","caption":"Kodukolle"},"image":{"@id":"https:\/\/kodukolle.ee\/en\/#\/schema\/logo\/image\/"}}]}},"_links":{"self":[{"href":"https:\/\/kodukolle.ee\/fi\/wp-json\/wp\/v2\/product\/25681","targetHints":{"allow":["GET"]}}],"collection":[{"href":"https:\/\/kodukolle.ee\/fi\/wp-json\/wp\/v2\/product"}],"about":[{"href":"https:\/\/kodukolle.ee\/fi\/wp-json\/wp\/v2\/types\/product"}],"wp:featuredmedia":[{"embeddable":true,"href":"https:\/\/kodukolle.ee\/fi\/wp-json\/wp\/v2\/media\/25682"}],"wp:attachment":[{"href":"https:\/\/kodukolle.ee\/fi\/wp-json\/wp\/v2\/media?parent=25681"}],"wp:term":[{"taxonomy":"product_brand","embeddable":true,"href":"https:\/\/kodukolle.ee\/fi\/wp-json\/wp\/v2\/product_brand?post=25681"},{"taxonomy":"product_cat","embeddable":true,"href":"https:\/\/kodukolle.ee\/fi\/wp-json\/wp\/v2\/product_cat?post=25681"},{"taxonomy":"product_tag","embeddable":true,"href":"https:\/\/kodukolle.ee\/fi\/wp-json\/wp\/v2\/product_tag?post=25681"}],"curies":[{"name":"wp","href":"https:\/\/api.w.org\/{rel}","templated":true}]}}