{"id":25711,"date":"2023-10-12T12:08:27","date_gmt":"2023-10-12T09:08:27","guid":{"rendered":"https:\/\/kodukolle.ee\/?post_type=product&#038;p=25711"},"modified":"2025-02-06T11:37:18","modified_gmt":"2025-02-06T09:37:18","slug":"puuliesi-cadel-kook-60-4-0","status":"publish","type":"product","link":"https:\/\/kodukolle.ee\/fi\/tuote\/puuliesi-cadel-kook-60-4-0\/","title":{"rendered":"Puuliesi Cadel Kook 60 4.0"},"content":{"rendered":"<p>Cadel Kook 60 integroidun puul\u00e4mmitteisen lieden tilava lasiovi tarjoaa selke\u00e4n n\u00e4kym\u00e4n valmistettavaan ruokaan. Tilava uunikammio on valmistettu ruostumattomasta ter\u00e4ksest\u00e4, mik\u00e4 varmistaa tasaisen kypsennyksen ja helpon huollon, kun taas liesi on valmistettu kest\u00e4v\u00e4st\u00e4 valuraudasta. K\u00e4tev\u00e4 liukulaatikko tarjoaa helpon p\u00e4\u00e4syn t\u00e4rkeisiin lis\u00e4varusteisiin. Cadel Kook 60 -liesi on harkiten suunniteltu tarjoamaan poikkeuksellista toiminnallisuutta ja ergonomista k\u00e4ytt\u00f6mukavuutta kulinaaristen yst\u00e4ville.<\/p>\n<p>&nbsp;<\/p>\n","protected":false},"excerpt":{"rendered":"<p>Cadel Kook 60 integroidun puul\u00e4mmitteisen lieden tilava lasiovi tarjoaa selke\u00e4n n\u00e4kym\u00e4n valmistettavaan ruokaan. Tilava uunikammio on valmistettu ruostumattomasta ter\u00e4ksest\u00e4, mik\u00e4 varmistaa tasaisen kypsennyksen ja helpon huollon, kun taas liesi on valmistettu kest\u00e4v\u00e4st\u00e4 valuraudasta. K\u00e4tev\u00e4 liukulaatikko tarjoaa helpon p\u00e4\u00e4syn t\u00e4rkeisiin lis\u00e4varusteisiin. Cadel Kook 60 -liesi on harkiten suunniteltu tarjoamaan poikkeuksellista toiminnallisuutta ja ergonomista k\u00e4ytt\u00f6mukavuutta kulinaaristen yst\u00e4ville.<\/p>\n","protected":false},"featured_media":23636,"template":"","meta":{"_acf_changed":false},"product_brand":[],"product_cat":[9689],"product_tag":[],"class_list":{"0":"post-25711","1":"product","2":"type-product","3":"status-publish","4":"has-post-thumbnail","6":"brands-cadel-fi","7":"product_cat-puuhellat-ja-liedet","9":"first","10":"instock","11":"shipping-taxable","12":"purchasable","13":"product-type-simple"},"acf":[],"yoast_head":"<!-- This site is optimized with the Yoast SEO plugin v27.2 - https:\/\/yoast.com\/product\/yoast-seo-wordpress\/ -->\n<title>Puuliesi Cadel Kook 60 4.0 - Kodukolle<\/title>\n<meta name=\"description\" content=\"Cadel Kook 60 integroidun puul\u00e4mmitteisen lieden tilava lasiovi tarjoaa selke\u00e4n n\u00e4kym\u00e4n valmistettavaan ruokaan.\" \/>\n<meta name=\"robots\" content=\"index, follow, max-snippet:-1, max-image-preview:large, max-video-preview:-1\" \/>\n<link rel=\"canonical\" href=\"https:\/\/kodukolle.ee\/fi\/tuote\/puuliesi-cadel-kook-60-4-0\/\" \/>\n<meta property=\"og:locale\" content=\"fi_FI\" \/>\n<meta property=\"og:type\" content=\"article\" \/>\n<meta property=\"og:title\" content=\"Puuliesi Cadel Kook 60 4.0 - Kodukolle\" \/>\n<meta property=\"og:description\" content=\"Cadel Kook 60 integroidun puul\u00e4mmitteisen lieden tilava lasiovi tarjoaa selke\u00e4n n\u00e4kym\u00e4n valmistettavaan ruokaan.\" \/>\n<meta property=\"og:url\" content=\"https:\/\/kodukolle.ee\/fi\/tuote\/puuliesi-cadel-kook-60-4-0\/\" \/>\n<meta property=\"og:site_name\" content=\"Kodukolle\" \/>\n<meta property=\"article:modified_time\" content=\"2025-02-06T09:37:18+00:00\" \/>\n<meta property=\"og:image\" content=\"https:\/\/kodukolle.ee\/wp-content\/uploads\/2023\/10\/Cadel-Kook-60_1.jpg\" \/>\n\t<meta property=\"og:image:width\" content=\"813\" \/>\n\t<meta property=\"og:image:height\" content=\"783\" \/>\n\t<meta property=\"og:image:type\" content=\"image\/jpeg\" \/>\n<meta name=\"twitter:card\" content=\"summary_large_image\" \/>\n<meta name=\"twitter:label1\" content=\"Est. reading time\" \/>\n\t<meta name=\"twitter:data1\" content=\"1 minuutti\" \/>\n<script type=\"application\/ld+json\" class=\"yoast-schema-graph\">{\"@context\":\"https:\/\/schema.org\",\"@graph\":[{\"@type\":\"WebPage\",\"@id\":\"https:\/\/kodukolle.ee\/fi\/tuote\/puuliesi-cadel-kook-60-4-0\/\",\"url\":\"https:\/\/kodukolle.ee\/fi\/tuote\/puuliesi-cadel-kook-60-4-0\/\",\"name\":\"Puuliesi Cadel Kook 60 4.0 - Kodukolle\",\"isPartOf\":{\"@id\":\"https:\/\/kodukolle.ee\/en\/#website\"},\"primaryImageOfPage\":{\"@id\":\"https:\/\/kodukolle.ee\/fi\/tuote\/puuliesi-cadel-kook-60-4-0\/#primaryimage\"},\"image\":{\"@id\":\"https:\/\/kodukolle.ee\/fi\/tuote\/puuliesi-cadel-kook-60-4-0\/#primaryimage\"},\"thumbnailUrl\":\"https:\/\/kodukolle.ee\/wp-content\/uploads\/2023\/10\/Cadel-Kook-60_1.jpg\",\"datePublished\":\"2023-10-12T09:08:27+00:00\",\"dateModified\":\"2025-02-06T09:37:18+00:00\",\"description\":\"Cadel Kook 60 integroidun puul\u00e4mmitteisen lieden tilava lasiovi tarjoaa selke\u00e4n n\u00e4kym\u00e4n valmistettavaan ruokaan.\",\"breadcrumb\":{\"@id\":\"https:\/\/kodukolle.ee\/fi\/tuote\/puuliesi-cadel-kook-60-4-0\/#breadcrumb\"},\"inLanguage\":\"fi\",\"potentialAction\":[{\"@type\":\"ReadAction\",\"target\":[\"https:\/\/kodukolle.ee\/fi\/tuote\/puuliesi-cadel-kook-60-4-0\/\"]}]},{\"@type\":\"ImageObject\",\"inLanguage\":\"fi\",\"@id\":\"https:\/\/kodukolle.ee\/fi\/tuote\/puuliesi-cadel-kook-60-4-0\/#primaryimage\",\"url\":\"https:\/\/kodukolle.ee\/wp-content\/uploads\/2023\/10\/Cadel-Kook-60_1.jpg\",\"contentUrl\":\"https:\/\/kodukolle.ee\/wp-content\/uploads\/2023\/10\/Cadel-Kook-60_1.jpg\",\"width\":813,\"height\":783,\"caption\":\"Cadel Kook 60\"},{\"@type\":\"BreadcrumbList\",\"@id\":\"https:\/\/kodukolle.ee\/fi\/tuote\/puuliesi-cadel-kook-60-4-0\/#breadcrumb\",\"itemListElement\":[{\"@type\":\"ListItem\",\"position\":1,\"name\":\"Home\",\"item\":\"https:\/\/kodukolle.ee\/fi\/\"},{\"@type\":\"ListItem\",\"position\":2,\"name\":\"Tuotteet\",\"item\":\"https:\/\/kodukolle.ee\/fi\/tuotteet\/\"},{\"@type\":\"ListItem\",\"position\":3,\"name\":\"Puuliesi Cadel Kook 60 4.0\"}]},{\"@type\":\"WebSite\",\"@id\":\"https:\/\/kodukolle.ee\/en\/#website\",\"url\":\"https:\/\/kodukolle.ee\/en\/\",\"name\":\"Kodukolle\",\"description\":\"\",\"publisher\":{\"@id\":\"https:\/\/kodukolle.ee\/en\/#organization\"},\"potentialAction\":[{\"@type\":\"SearchAction\",\"target\":{\"@type\":\"EntryPoint\",\"urlTemplate\":\"https:\/\/kodukolle.ee\/en\/?s={search_term_string}\"},\"query-input\":{\"@type\":\"PropertyValueSpecification\",\"valueRequired\":true,\"valueName\":\"search_term_string\"}}],\"inLanguage\":\"fi\"},{\"@type\":\"Organization\",\"@id\":\"https:\/\/kodukolle.ee\/en\/#organization\",\"name\":\"Kodukolle\",\"url\":\"https:\/\/kodukolle.ee\/en\/\",\"logo\":{\"@type\":\"ImageObject\",\"inLanguage\":\"fi\",\"@id\":\"https:\/\/kodukolle.ee\/en\/#\/schema\/logo\/image\/\",\"url\":\"https:\/\/kodukolle.ee\/wp-content\/uploads\/2025\/06\/logo_must_gradient.svg\",\"contentUrl\":\"https:\/\/kodukolle.ee\/wp-content\/uploads\/2025\/06\/logo_must_gradient.svg\",\"caption\":\"Kodukolle\"},\"image\":{\"@id\":\"https:\/\/kodukolle.ee\/en\/#\/schema\/logo\/image\/\"}}]}<\/script>\n<!-- \/ Yoast SEO plugin. -->","yoast_head_json":{"title":"Puuliesi Cadel Kook 60 4.0 - Kodukolle","description":"Cadel Kook 60 integroidun puul\u00e4mmitteisen lieden tilava lasiovi tarjoaa selke\u00e4n n\u00e4kym\u00e4n valmistettavaan ruokaan.","robots":{"index":"index","follow":"follow","max-snippet":"max-snippet:-1","max-image-preview":"max-image-preview:large","max-video-preview":"max-video-preview:-1"},"canonical":"https:\/\/kodukolle.ee\/fi\/tuote\/puuliesi-cadel-kook-60-4-0\/","og_locale":"fi_FI","og_type":"article","og_title":"Puuliesi Cadel Kook 60 4.0 - Kodukolle","og_description":"Cadel Kook 60 integroidun puul\u00e4mmitteisen lieden tilava lasiovi tarjoaa selke\u00e4n n\u00e4kym\u00e4n valmistettavaan ruokaan.","og_url":"https:\/\/kodukolle.ee\/fi\/tuote\/puuliesi-cadel-kook-60-4-0\/","og_site_name":"Kodukolle","article_modified_time":"2025-02-06T09:37:18+00:00","og_image":[{"width":813,"height":783,"url":"https:\/\/kodukolle.ee\/wp-content\/uploads\/2023\/10\/Cadel-Kook-60_1.jpg","type":"image\/jpeg"}],"twitter_card":"summary_large_image","twitter_misc":{"Est. reading time":"1 minuutti"},"schema":{"@context":"https:\/\/schema.org","@graph":[{"@type":"WebPage","@id":"https:\/\/kodukolle.ee\/fi\/tuote\/puuliesi-cadel-kook-60-4-0\/","url":"https:\/\/kodukolle.ee\/fi\/tuote\/puuliesi-cadel-kook-60-4-0\/","name":"Puuliesi Cadel Kook 60 4.0 - Kodukolle","isPartOf":{"@id":"https:\/\/kodukolle.ee\/en\/#website"},"primaryImageOfPage":{"@id":"https:\/\/kodukolle.ee\/fi\/tuote\/puuliesi-cadel-kook-60-4-0\/#primaryimage"},"image":{"@id":"https:\/\/kodukolle.ee\/fi\/tuote\/puuliesi-cadel-kook-60-4-0\/#primaryimage"},"thumbnailUrl":"https:\/\/kodukolle.ee\/wp-content\/uploads\/2023\/10\/Cadel-Kook-60_1.jpg","datePublished":"2023-10-12T09:08:27+00:00","dateModified":"2025-02-06T09:37:18+00:00","description":"Cadel Kook 60 integroidun puul\u00e4mmitteisen lieden tilava lasiovi tarjoaa selke\u00e4n n\u00e4kym\u00e4n valmistettavaan ruokaan.","breadcrumb":{"@id":"https:\/\/kodukolle.ee\/fi\/tuote\/puuliesi-cadel-kook-60-4-0\/#breadcrumb"},"inLanguage":"fi","potentialAction":[{"@type":"ReadAction","target":["https:\/\/kodukolle.ee\/fi\/tuote\/puuliesi-cadel-kook-60-4-0\/"]}]},{"@type":"ImageObject","inLanguage":"fi","@id":"https:\/\/kodukolle.ee\/fi\/tuote\/puuliesi-cadel-kook-60-4-0\/#primaryimage","url":"https:\/\/kodukolle.ee\/wp-content\/uploads\/2023\/10\/Cadel-Kook-60_1.jpg","contentUrl":"https:\/\/kodukolle.ee\/wp-content\/uploads\/2023\/10\/Cadel-Kook-60_1.jpg","width":813,"height":783,"caption":"Cadel Kook 60"},{"@type":"BreadcrumbList","@id":"https:\/\/kodukolle.ee\/fi\/tuote\/puuliesi-cadel-kook-60-4-0\/#breadcrumb","itemListElement":[{"@type":"ListItem","position":1,"name":"Home","item":"https:\/\/kodukolle.ee\/fi\/"},{"@type":"ListItem","position":2,"name":"Tuotteet","item":"https:\/\/kodukolle.ee\/fi\/tuotteet\/"},{"@type":"ListItem","position":3,"name":"Puuliesi Cadel Kook 60 4.0"}]},{"@type":"WebSite","@id":"https:\/\/kodukolle.ee\/en\/#website","url":"https:\/\/kodukolle.ee\/en\/","name":"Kodukolle","description":"","publisher":{"@id":"https:\/\/kodukolle.ee\/en\/#organization"},"potentialAction":[{"@type":"SearchAction","target":{"@type":"EntryPoint","urlTemplate":"https:\/\/kodukolle.ee\/en\/?s={search_term_string}"},"query-input":{"@type":"PropertyValueSpecification","valueRequired":true,"valueName":"search_term_string"}}],"inLanguage":"fi"},{"@type":"Organization","@id":"https:\/\/kodukolle.ee\/en\/#organization","name":"Kodukolle","url":"https:\/\/kodukolle.ee\/en\/","logo":{"@type":"ImageObject","inLanguage":"fi","@id":"https:\/\/kodukolle.ee\/en\/#\/schema\/logo\/image\/","url":"https:\/\/kodukolle.ee\/wp-content\/uploads\/2025\/06\/logo_must_gradient.svg","contentUrl":"https:\/\/kodukolle.ee\/wp-content\/uploads\/2025\/06\/logo_must_gradient.svg","caption":"Kodukolle"},"image":{"@id":"https:\/\/kodukolle.ee\/en\/#\/schema\/logo\/image\/"}}]}},"_links":{"self":[{"href":"https:\/\/kodukolle.ee\/fi\/wp-json\/wp\/v2\/product\/25711","targetHints":{"allow":["GET"]}}],"collection":[{"href":"https:\/\/kodukolle.ee\/fi\/wp-json\/wp\/v2\/product"}],"about":[{"href":"https:\/\/kodukolle.ee\/fi\/wp-json\/wp\/v2\/types\/product"}],"wp:featuredmedia":[{"embeddable":true,"href":"https:\/\/kodukolle.ee\/fi\/wp-json\/wp\/v2\/media\/23636"}],"wp:attachment":[{"href":"https:\/\/kodukolle.ee\/fi\/wp-json\/wp\/v2\/media?parent=25711"}],"wp:term":[{"taxonomy":"product_brand","embeddable":true,"href":"https:\/\/kodukolle.ee\/fi\/wp-json\/wp\/v2\/product_brand?post=25711"},{"taxonomy":"product_cat","embeddable":true,"href":"https:\/\/kodukolle.ee\/fi\/wp-json\/wp\/v2\/product_cat?post=25711"},{"taxonomy":"product_tag","embeddable":true,"href":"https:\/\/kodukolle.ee\/fi\/wp-json\/wp\/v2\/product_tag?post=25711"}],"curies":[{"name":"wp","href":"https:\/\/api.w.org\/{rel}","templated":true}]}}