{"id":25775,"date":"2019-07-29T11:47:35","date_gmt":"2019-07-29T08:47:35","guid":{"rendered":"https:\/\/kodukolle.ee\/?post_type=product&#038;p=25775"},"modified":"2023-12-08T16:51:02","modified_gmt":"2023-12-08T14:51:02","slug":"valurautatakka-kratki-koza-k8-tunnel","status":"publish","type":"product","link":"https:\/\/kodukolle.ee\/fi\/tuote\/valurautatakka-kratki-koza-k8-tunnel\/","title":{"rendered":"Valurautatakka Kratki KOZA K8 TUNNEL"},"content":{"rendered":"<p>Kratki Koza K8 Tunnel on valurautatakka, jossa on ainutlaatuinen muoto ja moderni koristelu. Sen soikea muoto ja valurautainen runko, jossa on raidallinen kuviointi, sekoittuvat saumattomasti ja luovat ainutlaatuisen takan. Valurauta tunnetaan erinomaisista l\u00e4mp\u00f6\u00e4 pid\u00e4tt\u00e4vist\u00e4 ominaisuuksistaan, joten se on yksi tehokkaimmista materiaaleista t\u00e4h\u00e4n tarkoitukseen.\n<\/ul>\n<p>&nbsp;<\/p>\n","protected":false},"excerpt":{"rendered":"<p>Kratki Koza K8 Tunnel on valurautatakka, jossa on ainutlaatuinen muoto ja moderni koristelu. Sen soikea muoto ja valurautainen runko, jossa on raidallinen kuviointi, sekoittuvat saumattomasti ja luovat ainutlaatuisen takan. Valurauta tunnetaan erinomaisista l\u00e4mp\u00f6\u00e4 pid\u00e4tt\u00e4vist\u00e4 ominaisuuksistaan, joten se on yksi tehokkaimmista materiaaleista t\u00e4h\u00e4n tarkoitukseen.<\/p>\n","protected":false},"featured_media":20984,"template":"","meta":{"_acf_changed":false},"product_brand":[],"product_cat":[9620],"product_tag":[],"class_list":{"0":"post-25775","1":"product","2":"type-product","3":"status-publish","4":"has-post-thumbnail","6":"brands-kratki-fi","7":"product_cat-takat","9":"first","10":"instock","11":"shipping-taxable","12":"purchasable","13":"product-type-simple"},"acf":[],"yoast_head":"<!-- This site is optimized with the Yoast SEO plugin v27.2 - https:\/\/yoast.com\/product\/yoast-seo-wordpress\/ -->\n<title>Valurautatakka Kratki KOZA K8 TUNNEL - Kodukolle<\/title>\n<meta name=\"description\" content=\"Kratki Koza K8 Tunnel on valurautatakka, jossa on ainutlaatuinen muoto ja moderni koristelu. Sen soikea muoto ja valurautainen runko, sekoittuvat saumattomasti ja luovat ainutlaatuisen takan.\" \/>\n<meta name=\"robots\" content=\"index, follow, max-snippet:-1, max-image-preview:large, max-video-preview:-1\" \/>\n<link rel=\"canonical\" href=\"https:\/\/kodukolle.ee\/fi\/tuote\/valurautatakka-kratki-koza-k8-tunnel\/\" \/>\n<meta property=\"og:locale\" content=\"fi_FI\" \/>\n<meta property=\"og:type\" content=\"article\" \/>\n<meta property=\"og:title\" content=\"Valurautatakka Kratki KOZA K8 TUNNEL - Kodukolle\" \/>\n<meta property=\"og:description\" content=\"Kratki Koza K8 Tunnel on valurautatakka, jossa on ainutlaatuinen muoto ja moderni koristelu. Sen soikea muoto ja valurautainen runko, sekoittuvat saumattomasti ja luovat ainutlaatuisen takan.\" \/>\n<meta property=\"og:url\" content=\"https:\/\/kodukolle.ee\/fi\/tuote\/valurautatakka-kratki-koza-k8-tunnel\/\" \/>\n<meta property=\"og:site_name\" content=\"Kodukolle\" \/>\n<meta property=\"article:modified_time\" content=\"2023-12-08T14:51:02+00:00\" \/>\n<meta property=\"og:image\" content=\"https:\/\/kodukolle.ee\/wp-content\/uploads\/2019\/07\/kratki-koza-k8-tunnel.jpg\" \/>\n\t<meta property=\"og:image:width\" content=\"1190\" \/>\n\t<meta property=\"og:image:height\" content=\"1045\" \/>\n\t<meta property=\"og:image:type\" content=\"image\/jpeg\" \/>\n<meta name=\"twitter:card\" content=\"summary_large_image\" \/>\n<meta name=\"twitter:label1\" content=\"Est. reading time\" \/>\n\t<meta name=\"twitter:data1\" content=\"1 minuutti\" \/>\n<script type=\"application\/ld+json\" class=\"yoast-schema-graph\">{\"@context\":\"https:\/\/schema.org\",\"@graph\":[{\"@type\":\"WebPage\",\"@id\":\"https:\/\/kodukolle.ee\/fi\/tuote\/valurautatakka-kratki-koza-k8-tunnel\/\",\"url\":\"https:\/\/kodukolle.ee\/fi\/tuote\/valurautatakka-kratki-koza-k8-tunnel\/\",\"name\":\"Valurautatakka Kratki KOZA K8 TUNNEL - Kodukolle\",\"isPartOf\":{\"@id\":\"https:\/\/kodukolle.ee\/en\/#website\"},\"primaryImageOfPage\":{\"@id\":\"https:\/\/kodukolle.ee\/fi\/tuote\/valurautatakka-kratki-koza-k8-tunnel\/#primaryimage\"},\"image\":{\"@id\":\"https:\/\/kodukolle.ee\/fi\/tuote\/valurautatakka-kratki-koza-k8-tunnel\/#primaryimage\"},\"thumbnailUrl\":\"https:\/\/kodukolle.ee\/wp-content\/uploads\/2019\/07\/kratki-koza-k8-tunnel.jpg\",\"datePublished\":\"2019-07-29T08:47:35+00:00\",\"dateModified\":\"2023-12-08T14:51:02+00:00\",\"description\":\"Kratki Koza K8 Tunnel on valurautatakka, jossa on ainutlaatuinen muoto ja moderni koristelu. Sen soikea muoto ja valurautainen runko, sekoittuvat saumattomasti ja luovat ainutlaatuisen takan.\",\"breadcrumb\":{\"@id\":\"https:\/\/kodukolle.ee\/fi\/tuote\/valurautatakka-kratki-koza-k8-tunnel\/#breadcrumb\"},\"inLanguage\":\"fi\",\"potentialAction\":[{\"@type\":\"ReadAction\",\"target\":[\"https:\/\/kodukolle.ee\/fi\/tuote\/valurautatakka-kratki-koza-k8-tunnel\/\"]}]},{\"@type\":\"ImageObject\",\"inLanguage\":\"fi\",\"@id\":\"https:\/\/kodukolle.ee\/fi\/tuote\/valurautatakka-kratki-koza-k8-tunnel\/#primaryimage\",\"url\":\"https:\/\/kodukolle.ee\/wp-content\/uploads\/2019\/07\/kratki-koza-k8-tunnel.jpg\",\"contentUrl\":\"https:\/\/kodukolle.ee\/wp-content\/uploads\/2019\/07\/kratki-koza-k8-tunnel.jpg\",\"width\":1190,\"height\":1045,\"caption\":\"kratki-koza-k8 tunnel\"},{\"@type\":\"BreadcrumbList\",\"@id\":\"https:\/\/kodukolle.ee\/fi\/tuote\/valurautatakka-kratki-koza-k8-tunnel\/#breadcrumb\",\"itemListElement\":[{\"@type\":\"ListItem\",\"position\":1,\"name\":\"Home\",\"item\":\"https:\/\/kodukolle.ee\/fi\/\"},{\"@type\":\"ListItem\",\"position\":2,\"name\":\"Tuotteet\",\"item\":\"https:\/\/kodukolle.ee\/fi\/tuotteet\/\"},{\"@type\":\"ListItem\",\"position\":3,\"name\":\"Valurautatakka Kratki KOZA K8 TUNNEL\"}]},{\"@type\":\"WebSite\",\"@id\":\"https:\/\/kodukolle.ee\/en\/#website\",\"url\":\"https:\/\/kodukolle.ee\/en\/\",\"name\":\"Kodukolle\",\"description\":\"\",\"publisher\":{\"@id\":\"https:\/\/kodukolle.ee\/en\/#organization\"},\"potentialAction\":[{\"@type\":\"SearchAction\",\"target\":{\"@type\":\"EntryPoint\",\"urlTemplate\":\"https:\/\/kodukolle.ee\/en\/?s={search_term_string}\"},\"query-input\":{\"@type\":\"PropertyValueSpecification\",\"valueRequired\":true,\"valueName\":\"search_term_string\"}}],\"inLanguage\":\"fi\"},{\"@type\":\"Organization\",\"@id\":\"https:\/\/kodukolle.ee\/en\/#organization\",\"name\":\"Kodukolle\",\"url\":\"https:\/\/kodukolle.ee\/en\/\",\"logo\":{\"@type\":\"ImageObject\",\"inLanguage\":\"fi\",\"@id\":\"https:\/\/kodukolle.ee\/en\/#\/schema\/logo\/image\/\",\"url\":\"https:\/\/kodukolle.ee\/wp-content\/uploads\/2025\/06\/logo_must_gradient.svg\",\"contentUrl\":\"https:\/\/kodukolle.ee\/wp-content\/uploads\/2025\/06\/logo_must_gradient.svg\",\"caption\":\"Kodukolle\"},\"image\":{\"@id\":\"https:\/\/kodukolle.ee\/en\/#\/schema\/logo\/image\/\"}}]}<\/script>\n<!-- \/ Yoast SEO plugin. -->","yoast_head_json":{"title":"Valurautatakka Kratki KOZA K8 TUNNEL - Kodukolle","description":"Kratki Koza K8 Tunnel on valurautatakka, jossa on ainutlaatuinen muoto ja moderni koristelu. Sen soikea muoto ja valurautainen runko, sekoittuvat saumattomasti ja luovat ainutlaatuisen takan.","robots":{"index":"index","follow":"follow","max-snippet":"max-snippet:-1","max-image-preview":"max-image-preview:large","max-video-preview":"max-video-preview:-1"},"canonical":"https:\/\/kodukolle.ee\/fi\/tuote\/valurautatakka-kratki-koza-k8-tunnel\/","og_locale":"fi_FI","og_type":"article","og_title":"Valurautatakka Kratki KOZA K8 TUNNEL - Kodukolle","og_description":"Kratki Koza K8 Tunnel on valurautatakka, jossa on ainutlaatuinen muoto ja moderni koristelu. Sen soikea muoto ja valurautainen runko, sekoittuvat saumattomasti ja luovat ainutlaatuisen takan.","og_url":"https:\/\/kodukolle.ee\/fi\/tuote\/valurautatakka-kratki-koza-k8-tunnel\/","og_site_name":"Kodukolle","article_modified_time":"2023-12-08T14:51:02+00:00","og_image":[{"width":1190,"height":1045,"url":"https:\/\/kodukolle.ee\/wp-content\/uploads\/2019\/07\/kratki-koza-k8-tunnel.jpg","type":"image\/jpeg"}],"twitter_card":"summary_large_image","twitter_misc":{"Est. reading time":"1 minuutti"},"schema":{"@context":"https:\/\/schema.org","@graph":[{"@type":"WebPage","@id":"https:\/\/kodukolle.ee\/fi\/tuote\/valurautatakka-kratki-koza-k8-tunnel\/","url":"https:\/\/kodukolle.ee\/fi\/tuote\/valurautatakka-kratki-koza-k8-tunnel\/","name":"Valurautatakka Kratki KOZA K8 TUNNEL - Kodukolle","isPartOf":{"@id":"https:\/\/kodukolle.ee\/en\/#website"},"primaryImageOfPage":{"@id":"https:\/\/kodukolle.ee\/fi\/tuote\/valurautatakka-kratki-koza-k8-tunnel\/#primaryimage"},"image":{"@id":"https:\/\/kodukolle.ee\/fi\/tuote\/valurautatakka-kratki-koza-k8-tunnel\/#primaryimage"},"thumbnailUrl":"https:\/\/kodukolle.ee\/wp-content\/uploads\/2019\/07\/kratki-koza-k8-tunnel.jpg","datePublished":"2019-07-29T08:47:35+00:00","dateModified":"2023-12-08T14:51:02+00:00","description":"Kratki Koza K8 Tunnel on valurautatakka, jossa on ainutlaatuinen muoto ja moderni koristelu. Sen soikea muoto ja valurautainen runko, sekoittuvat saumattomasti ja luovat ainutlaatuisen takan.","breadcrumb":{"@id":"https:\/\/kodukolle.ee\/fi\/tuote\/valurautatakka-kratki-koza-k8-tunnel\/#breadcrumb"},"inLanguage":"fi","potentialAction":[{"@type":"ReadAction","target":["https:\/\/kodukolle.ee\/fi\/tuote\/valurautatakka-kratki-koza-k8-tunnel\/"]}]},{"@type":"ImageObject","inLanguage":"fi","@id":"https:\/\/kodukolle.ee\/fi\/tuote\/valurautatakka-kratki-koza-k8-tunnel\/#primaryimage","url":"https:\/\/kodukolle.ee\/wp-content\/uploads\/2019\/07\/kratki-koza-k8-tunnel.jpg","contentUrl":"https:\/\/kodukolle.ee\/wp-content\/uploads\/2019\/07\/kratki-koza-k8-tunnel.jpg","width":1190,"height":1045,"caption":"kratki-koza-k8 tunnel"},{"@type":"BreadcrumbList","@id":"https:\/\/kodukolle.ee\/fi\/tuote\/valurautatakka-kratki-koza-k8-tunnel\/#breadcrumb","itemListElement":[{"@type":"ListItem","position":1,"name":"Home","item":"https:\/\/kodukolle.ee\/fi\/"},{"@type":"ListItem","position":2,"name":"Tuotteet","item":"https:\/\/kodukolle.ee\/fi\/tuotteet\/"},{"@type":"ListItem","position":3,"name":"Valurautatakka Kratki KOZA K8 TUNNEL"}]},{"@type":"WebSite","@id":"https:\/\/kodukolle.ee\/en\/#website","url":"https:\/\/kodukolle.ee\/en\/","name":"Kodukolle","description":"","publisher":{"@id":"https:\/\/kodukolle.ee\/en\/#organization"},"potentialAction":[{"@type":"SearchAction","target":{"@type":"EntryPoint","urlTemplate":"https:\/\/kodukolle.ee\/en\/?s={search_term_string}"},"query-input":{"@type":"PropertyValueSpecification","valueRequired":true,"valueName":"search_term_string"}}],"inLanguage":"fi"},{"@type":"Organization","@id":"https:\/\/kodukolle.ee\/en\/#organization","name":"Kodukolle","url":"https:\/\/kodukolle.ee\/en\/","logo":{"@type":"ImageObject","inLanguage":"fi","@id":"https:\/\/kodukolle.ee\/en\/#\/schema\/logo\/image\/","url":"https:\/\/kodukolle.ee\/wp-content\/uploads\/2025\/06\/logo_must_gradient.svg","contentUrl":"https:\/\/kodukolle.ee\/wp-content\/uploads\/2025\/06\/logo_must_gradient.svg","caption":"Kodukolle"},"image":{"@id":"https:\/\/kodukolle.ee\/en\/#\/schema\/logo\/image\/"}}]}},"_links":{"self":[{"href":"https:\/\/kodukolle.ee\/fi\/wp-json\/wp\/v2\/product\/25775","targetHints":{"allow":["GET"]}}],"collection":[{"href":"https:\/\/kodukolle.ee\/fi\/wp-json\/wp\/v2\/product"}],"about":[{"href":"https:\/\/kodukolle.ee\/fi\/wp-json\/wp\/v2\/types\/product"}],"wp:featuredmedia":[{"embeddable":true,"href":"https:\/\/kodukolle.ee\/fi\/wp-json\/wp\/v2\/media\/20984"}],"wp:attachment":[{"href":"https:\/\/kodukolle.ee\/fi\/wp-json\/wp\/v2\/media?parent=25775"}],"wp:term":[{"taxonomy":"product_brand","embeddable":true,"href":"https:\/\/kodukolle.ee\/fi\/wp-json\/wp\/v2\/product_brand?post=25775"},{"taxonomy":"product_cat","embeddable":true,"href":"https:\/\/kodukolle.ee\/fi\/wp-json\/wp\/v2\/product_cat?post=25775"},{"taxonomy":"product_tag","embeddable":true,"href":"https:\/\/kodukolle.ee\/fi\/wp-json\/wp\/v2\/product_tag?post=25775"}],"curies":[{"name":"wp","href":"https:\/\/api.w.org\/{rel}","templated":true}]}}