{"id":25910,"date":"2023-08-30T11:43:23","date_gmt":"2023-08-30T08:43:23","guid":{"rendered":"https:\/\/kodukolle.ee\/?post_type=product&#038;p=25910"},"modified":"2023-12-15T14:49:23","modified_gmt":"2023-12-15T12:49:23","slug":"valurautatakka-jotul-f-200","status":"publish","type":"product","link":"https:\/\/kodukolle.ee\/fi\/tuote\/valurautatakka-jotul-f-200\/","title":{"rendered":"Valurautatakka JOTUL F 200"},"content":{"rendered":"<p>Valurautatakka Jotul F 200 perustuu yhteen Jotulin myydyimp\u00e4\u00e4n klassikkoon kuuluvaan ulkoasuun, on tuonut mukanaan palan perint\u00f6\u00e4 ja 160 vuoden kokemusta ja antanut sille modernin tulkinnan. Takan orgaaniset muodot ovat hienovaraisesti tyyliteltyj\u00e4, kauniisti kaareva yl\u00e4osa ja goottilaisvaikutteiset yksityiskohdat, jotka j\u00e4tt\u00e4v\u00e4t l\u00e4htem\u00e4tt\u00f6m\u00e4n vaikutelman. Ilmavirtaa voi ohjata helposti yhdell\u00e4 vivulla, ja tuhkalaatikon tyhjennys on k\u00e4yt\u00e4nn\u00f6llist\u00e4 ja helppoa. Laadukkaista materiaaleista, perinteisest\u00e4 k\u00e4sity\u00f6st\u00e4 ja uusimmasta l\u00e4mmitystekniikasta on luotu klassinen takka, joka on todellinen tulevaisuuden malli.<\/p>\n<ul>\n<li>Klassinen muotoilu goottilaisilla inspiroivilla yksityiskohdilla<\/li>\n<li>Nykyaikainen l\u00e4mmitystekniikka<\/li>\n<li>Clean burn j\u00e4rjestelm\u00e4<\/li>\n<li>Helppo asentaa<\/li>\n<\/ul>\n<p><strong>Saatavana lis\u00e4varusteena<\/strong><\/p>\n<ul>\n<li>Raitisilmaliittimen kansi<\/li>\n<li>Elektroninen poltonohjausj\u00e4rjestelm\u00e4<\/li>\n<\/ul>\n<p>&nbsp;<\/p>\n","protected":false},"excerpt":{"rendered":"<p>Valurautatakka Jotul F 200 perustuu yhteen Jotulin myydyimp\u00e4\u00e4n klassikkoon kuuluvaan ulkoasuun, on tuonut mukanaan palan perint\u00f6\u00e4 ja 160 vuoden kokemusta ja antanut sille modernin tulkinnan. Takan orgaaniset muodot ovat hienovaraisesti tyyliteltyj\u00e4, kauniisti kaareva yl\u00e4osa ja goottilaisvaikutteiset yksityiskohdat, jotka j\u00e4tt\u00e4v\u00e4t l\u00e4htem\u00e4tt\u00f6m\u00e4n vaikutelman.<\/p>\n","protected":false},"featured_media":19370,"template":"","meta":{"_acf_changed":false},"product_brand":[],"product_cat":[9620],"product_tag":[],"class_list":{"0":"post-25910","1":"product","2":"type-product","3":"status-publish","4":"has-post-thumbnail","6":"brands-jotul-fi","7":"product_cat-takat","9":"first","10":"instock","11":"shipping-taxable","12":"purchasable","13":"product-type-simple"},"acf":[],"yoast_head":"<!-- This site is optimized with the Yoast SEO plugin v27.4 - https:\/\/yoast.com\/product\/yoast-seo-wordpress\/ -->\n<title>Valurautatakka JOTUL F 200 - Kodukolle<\/title>\n<meta name=\"description\" content=\"Valurautatakka Jotul F 200 perustuu yhteen Jotulin myydyimp\u00e4\u00e4n klassikkoon kuuluvaan ulkoasuun, on tuonut mukanaan palan perint\u00f6\u00e4 ja 160 vuoden kokemusta ja antanut sille modernin tulkinnan.\" \/>\n<meta name=\"robots\" content=\"index, follow, max-snippet:-1, max-image-preview:large, max-video-preview:-1\" \/>\n<link rel=\"canonical\" href=\"https:\/\/kodukolle.ee\/tuote\/malmkamin-jotul-f-200\/\" \/>\n<meta property=\"og:locale\" content=\"fi_FI\" \/>\n<meta property=\"og:type\" content=\"article\" \/>\n<meta property=\"og:title\" content=\"Valurautatakka JOTUL F 200 - Kodukolle\" \/>\n<meta property=\"og:description\" content=\"Valurautatakka Jotul F 200 perustuu yhteen Jotulin myydyimp\u00e4\u00e4n klassikkoon kuuluvaan ulkoasuun, on tuonut mukanaan palan perint\u00f6\u00e4 ja 160 vuoden kokemusta ja antanut sille modernin tulkinnan.\" \/>\n<meta property=\"og:url\" content=\"https:\/\/kodukolle.ee\/tuote\/malmkamin-jotul-f-200\/\" \/>\n<meta property=\"og:site_name\" content=\"Kodukolle\" \/>\n<meta property=\"article:modified_time\" content=\"2023-12-15T12:49:23+00:00\" \/>\n<meta property=\"og:image\" content=\"https:\/\/kodukolle.ee\/wp-content\/uploads\/2023\/08\/Jotul-F-200-int-5.jpg\" \/>\n\t<meta property=\"og:image:width\" content=\"990\" \/>\n\t<meta property=\"og:image:height\" content=\"759\" \/>\n\t<meta property=\"og:image:type\" content=\"image\/jpeg\" \/>\n<meta name=\"twitter:card\" content=\"summary_large_image\" \/>\n<meta name=\"twitter:label1\" content=\"Est. reading time\" \/>\n\t<meta name=\"twitter:data1\" content=\"1 minuutti\" \/>\n<script type=\"application\/ld+json\" class=\"yoast-schema-graph\">{\"@context\":\"https:\\\/\\\/schema.org\",\"@graph\":[{\"@type\":\"WebPage\",\"@id\":\"https:\\\/\\\/kodukolle.ee\\\/tuote\\\/malmkamin-jotul-f-200\\\/\",\"url\":\"https:\\\/\\\/kodukolle.ee\\\/tuote\\\/malmkamin-jotul-f-200\\\/\",\"name\":\"Valurautatakka JOTUL F 200 - Kodukolle\",\"isPartOf\":{\"@id\":\"https:\\\/\\\/kodukolle.ee\\\/en\\\/#website\"},\"primaryImageOfPage\":{\"@id\":\"https:\\\/\\\/kodukolle.ee\\\/tuote\\\/malmkamin-jotul-f-200\\\/#primaryimage\"},\"image\":{\"@id\":\"https:\\\/\\\/kodukolle.ee\\\/tuote\\\/malmkamin-jotul-f-200\\\/#primaryimage\"},\"thumbnailUrl\":\"https:\\\/\\\/kodukolle.ee\\\/wp-content\\\/uploads\\\/2023\\\/08\\\/Jotul-F-200-int-5.jpg\",\"datePublished\":\"2023-08-30T08:43:23+00:00\",\"dateModified\":\"2023-12-15T12:49:23+00:00\",\"description\":\"Valurautatakka Jotul F 200 perustuu yhteen Jotulin myydyimp\u00e4\u00e4n klassikkoon kuuluvaan ulkoasuun, on tuonut mukanaan palan perint\u00f6\u00e4 ja 160 vuoden kokemusta ja antanut sille modernin tulkinnan.\",\"breadcrumb\":{\"@id\":\"https:\\\/\\\/kodukolle.ee\\\/tuote\\\/malmkamin-jotul-f-200\\\/#breadcrumb\"},\"inLanguage\":\"fi\",\"potentialAction\":[{\"@type\":\"ReadAction\",\"target\":[\"https:\\\/\\\/kodukolle.ee\\\/tuote\\\/malmkamin-jotul-f-200\\\/\"]}]},{\"@type\":\"ImageObject\",\"inLanguage\":\"fi\",\"@id\":\"https:\\\/\\\/kodukolle.ee\\\/tuote\\\/malmkamin-jotul-f-200\\\/#primaryimage\",\"url\":\"https:\\\/\\\/kodukolle.ee\\\/wp-content\\\/uploads\\\/2023\\\/08\\\/Jotul-F-200-int-5.jpg\",\"contentUrl\":\"https:\\\/\\\/kodukolle.ee\\\/wp-content\\\/uploads\\\/2023\\\/08\\\/Jotul-F-200-int-5.jpg\",\"width\":990,\"height\":759,\"caption\":\"Jotul F 200\"},{\"@type\":\"BreadcrumbList\",\"@id\":\"https:\\\/\\\/kodukolle.ee\\\/tuote\\\/malmkamin-jotul-f-200\\\/#breadcrumb\",\"itemListElement\":[{\"@type\":\"ListItem\",\"position\":1,\"name\":\"Home\",\"item\":\"https:\\\/\\\/kodukolle.ee\\\/fi\\\/\"},{\"@type\":\"ListItem\",\"position\":2,\"name\":\"Tuotteet\",\"item\":\"https:\\\/\\\/kodukolle.ee\\\/fi\\\/tuotteet\\\/\"},{\"@type\":\"ListItem\",\"position\":3,\"name\":\"Valurautatakka JOTUL F 200\"}]},{\"@type\":\"WebSite\",\"@id\":\"https:\\\/\\\/kodukolle.ee\\\/en\\\/#website\",\"url\":\"https:\\\/\\\/kodukolle.ee\\\/en\\\/\",\"name\":\"Kodukolle\",\"description\":\"\",\"publisher\":{\"@id\":\"https:\\\/\\\/kodukolle.ee\\\/en\\\/#organization\"},\"potentialAction\":[{\"@type\":\"SearchAction\",\"target\":{\"@type\":\"EntryPoint\",\"urlTemplate\":\"https:\\\/\\\/kodukolle.ee\\\/en\\\/?s={search_term_string}\"},\"query-input\":{\"@type\":\"PropertyValueSpecification\",\"valueRequired\":true,\"valueName\":\"search_term_string\"}}],\"inLanguage\":\"fi\"},{\"@type\":\"Organization\",\"@id\":\"https:\\\/\\\/kodukolle.ee\\\/en\\\/#organization\",\"name\":\"Kodukolle\",\"url\":\"https:\\\/\\\/kodukolle.ee\\\/en\\\/\",\"logo\":{\"@type\":\"ImageObject\",\"inLanguage\":\"fi\",\"@id\":\"https:\\\/\\\/kodukolle.ee\\\/en\\\/#\\\/schema\\\/logo\\\/image\\\/\",\"url\":\"https:\\\/\\\/kodukolle.ee\\\/wp-content\\\/uploads\\\/2025\\\/06\\\/logo_must_gradient.svg\",\"contentUrl\":\"https:\\\/\\\/kodukolle.ee\\\/wp-content\\\/uploads\\\/2025\\\/06\\\/logo_must_gradient.svg\",\"caption\":\"Kodukolle\"},\"image\":{\"@id\":\"https:\\\/\\\/kodukolle.ee\\\/en\\\/#\\\/schema\\\/logo\\\/image\\\/\"}}]}<\/script>\n<!-- \/ Yoast SEO plugin. -->","yoast_head_json":{"title":"Valurautatakka JOTUL F 200 - Kodukolle","description":"Valurautatakka Jotul F 200 perustuu yhteen Jotulin myydyimp\u00e4\u00e4n klassikkoon kuuluvaan ulkoasuun, on tuonut mukanaan palan perint\u00f6\u00e4 ja 160 vuoden kokemusta ja antanut sille modernin tulkinnan.","robots":{"index":"index","follow":"follow","max-snippet":"max-snippet:-1","max-image-preview":"max-image-preview:large","max-video-preview":"max-video-preview:-1"},"canonical":"https:\/\/kodukolle.ee\/tuote\/malmkamin-jotul-f-200\/","og_locale":"fi_FI","og_type":"article","og_title":"Valurautatakka JOTUL F 200 - Kodukolle","og_description":"Valurautatakka Jotul F 200 perustuu yhteen Jotulin myydyimp\u00e4\u00e4n klassikkoon kuuluvaan ulkoasuun, on tuonut mukanaan palan perint\u00f6\u00e4 ja 160 vuoden kokemusta ja antanut sille modernin tulkinnan.","og_url":"https:\/\/kodukolle.ee\/tuote\/malmkamin-jotul-f-200\/","og_site_name":"Kodukolle","article_modified_time":"2023-12-15T12:49:23+00:00","og_image":[{"width":990,"height":759,"url":"https:\/\/kodukolle.ee\/wp-content\/uploads\/2023\/08\/Jotul-F-200-int-5.jpg","type":"image\/jpeg"}],"twitter_card":"summary_large_image","twitter_misc":{"Est. reading time":"1 minuutti"},"schema":{"@context":"https:\/\/schema.org","@graph":[{"@type":"WebPage","@id":"https:\/\/kodukolle.ee\/tuote\/malmkamin-jotul-f-200\/","url":"https:\/\/kodukolle.ee\/tuote\/malmkamin-jotul-f-200\/","name":"Valurautatakka JOTUL F 200 - Kodukolle","isPartOf":{"@id":"https:\/\/kodukolle.ee\/en\/#website"},"primaryImageOfPage":{"@id":"https:\/\/kodukolle.ee\/tuote\/malmkamin-jotul-f-200\/#primaryimage"},"image":{"@id":"https:\/\/kodukolle.ee\/tuote\/malmkamin-jotul-f-200\/#primaryimage"},"thumbnailUrl":"https:\/\/kodukolle.ee\/wp-content\/uploads\/2023\/08\/Jotul-F-200-int-5.jpg","datePublished":"2023-08-30T08:43:23+00:00","dateModified":"2023-12-15T12:49:23+00:00","description":"Valurautatakka Jotul F 200 perustuu yhteen Jotulin myydyimp\u00e4\u00e4n klassikkoon kuuluvaan ulkoasuun, on tuonut mukanaan palan perint\u00f6\u00e4 ja 160 vuoden kokemusta ja antanut sille modernin tulkinnan.","breadcrumb":{"@id":"https:\/\/kodukolle.ee\/tuote\/malmkamin-jotul-f-200\/#breadcrumb"},"inLanguage":"fi","potentialAction":[{"@type":"ReadAction","target":["https:\/\/kodukolle.ee\/tuote\/malmkamin-jotul-f-200\/"]}]},{"@type":"ImageObject","inLanguage":"fi","@id":"https:\/\/kodukolle.ee\/tuote\/malmkamin-jotul-f-200\/#primaryimage","url":"https:\/\/kodukolle.ee\/wp-content\/uploads\/2023\/08\/Jotul-F-200-int-5.jpg","contentUrl":"https:\/\/kodukolle.ee\/wp-content\/uploads\/2023\/08\/Jotul-F-200-int-5.jpg","width":990,"height":759,"caption":"Jotul F 200"},{"@type":"BreadcrumbList","@id":"https:\/\/kodukolle.ee\/tuote\/malmkamin-jotul-f-200\/#breadcrumb","itemListElement":[{"@type":"ListItem","position":1,"name":"Home","item":"https:\/\/kodukolle.ee\/fi\/"},{"@type":"ListItem","position":2,"name":"Tuotteet","item":"https:\/\/kodukolle.ee\/fi\/tuotteet\/"},{"@type":"ListItem","position":3,"name":"Valurautatakka JOTUL F 200"}]},{"@type":"WebSite","@id":"https:\/\/kodukolle.ee\/en\/#website","url":"https:\/\/kodukolle.ee\/en\/","name":"Kodukolle","description":"","publisher":{"@id":"https:\/\/kodukolle.ee\/en\/#organization"},"potentialAction":[{"@type":"SearchAction","target":{"@type":"EntryPoint","urlTemplate":"https:\/\/kodukolle.ee\/en\/?s={search_term_string}"},"query-input":{"@type":"PropertyValueSpecification","valueRequired":true,"valueName":"search_term_string"}}],"inLanguage":"fi"},{"@type":"Organization","@id":"https:\/\/kodukolle.ee\/en\/#organization","name":"Kodukolle","url":"https:\/\/kodukolle.ee\/en\/","logo":{"@type":"ImageObject","inLanguage":"fi","@id":"https:\/\/kodukolle.ee\/en\/#\/schema\/logo\/image\/","url":"https:\/\/kodukolle.ee\/wp-content\/uploads\/2025\/06\/logo_must_gradient.svg","contentUrl":"https:\/\/kodukolle.ee\/wp-content\/uploads\/2025\/06\/logo_must_gradient.svg","caption":"Kodukolle"},"image":{"@id":"https:\/\/kodukolle.ee\/en\/#\/schema\/logo\/image\/"}}]}},"_links":{"self":[{"href":"https:\/\/kodukolle.ee\/fi\/wp-json\/wp\/v2\/product\/25910","targetHints":{"allow":["GET"]}}],"collection":[{"href":"https:\/\/kodukolle.ee\/fi\/wp-json\/wp\/v2\/product"}],"about":[{"href":"https:\/\/kodukolle.ee\/fi\/wp-json\/wp\/v2\/types\/product"}],"wp:featuredmedia":[{"embeddable":true,"href":"https:\/\/kodukolle.ee\/fi\/wp-json\/wp\/v2\/media\/19370"}],"wp:attachment":[{"href":"https:\/\/kodukolle.ee\/fi\/wp-json\/wp\/v2\/media?parent=25910"}],"wp:term":[{"taxonomy":"product_brand","embeddable":true,"href":"https:\/\/kodukolle.ee\/fi\/wp-json\/wp\/v2\/product_brand?post=25910"},{"taxonomy":"product_cat","embeddable":true,"href":"https:\/\/kodukolle.ee\/fi\/wp-json\/wp\/v2\/product_cat?post=25910"},{"taxonomy":"product_tag","embeddable":true,"href":"https:\/\/kodukolle.ee\/fi\/wp-json\/wp\/v2\/product_tag?post=25910"}],"curies":[{"name":"wp","href":"https:\/\/api.w.org\/{rel}","templated":true}]}}