{"id":25915,"date":"2023-08-30T13:46:28","date_gmt":"2023-08-30T10:46:28","guid":{"rendered":"https:\/\/kodukolle.ee\/?post_type=product&#038;p=25915"},"modified":"2024-01-30T09:11:33","modified_gmt":"2024-01-30T07:11:33","slug":"valurautatakka-jotul-f-205","status":"publish","type":"product","link":"https:\/\/kodukolle.ee\/fi\/tuote\/valurautatakka-jotul-f-205\/","title":{"rendered":"Valurautatakka JOTUL F 205"},"content":{"rendered":"<p>Valurautatakka Jotul F 205 yhdist\u00e4\u00e4 skandinaavisen muotoilun huipputason l\u00e4mmitystekniikkaan ja kest\u00e4viin materiaaleihin, ja tuloksena on kompakti takka pohjoismaisen, minimalistisen ilmeen kanssa. Mitoiltaan takka saattaa ensisilm\u00e4yksell\u00e4 n\u00e4ytt\u00e4\u00e4 pienelt\u00e4, mutta Jotul F 205 on suunniteltu optimaaliseen palamiseen my\u00f6s hiljaisemmissa olosuhteissa. Ilmanotto on helposti s\u00e4\u00e4dett\u00e4viss\u00e4 yhdell\u00e4 vivulla ja helposti k\u00e4sill\u00e4 oleva tuhkalaatikko helpottaa tulisijan puhdistamista.<\/p>\n<ul>\n<li>Pohjoismainen minimalistinen muotoilu<\/li>\n<li>Nykyaikainen l\u00e4mmitystekniikka<\/li>\n<li>Clean burn j\u00e4rjestelm\u00e4<\/li>\n<li>Helppo asentaa<\/li>\n<\/ul>\n<p><strong>Saatavana lis\u00e4varusteena<\/strong><\/p>\n<ul>\n<li>Raitisilmaliittimen kansi<\/li>\n<li>Elektroninen poltonohjausj\u00e4rjestelm\u00e4<\/li>\n<\/ul>\n<p>&nbsp;<\/p>\n","protected":false},"excerpt":{"rendered":"<p>Valurautatakka Jotul F 205 yhdist\u00e4\u00e4 skandinaavisen muotoilun huipputason l\u00e4mmitystekniikkaan ja kest\u00e4viin materiaaleihin, ja tuloksena on kompakti takka pohjoismaisen, minimalistisen ilmeen kanssa. Mitoiltaan takka saattaa ensisilm\u00e4yksell\u00e4 n\u00e4ytt\u00e4\u00e4 pienelt\u00e4, mutta Jotul F 205 on suunniteltu optimaaliseen palamiseen my\u00f6s hiljaisemmissa olosuhteissa. Ilmanotto on helposti s\u00e4\u00e4dett\u00e4viss\u00e4 yhdell\u00e4 vivulla ja helposti k\u00e4sill\u00e4 oleva tuhkalaatikko helpottaa tulisijan puhdistamista.<\/p>\n","protected":false},"featured_media":19397,"template":"","meta":{"_acf_changed":false},"product_brand":[],"product_cat":[9620],"product_tag":[],"class_list":{"0":"post-25915","1":"product","2":"type-product","3":"status-publish","4":"has-post-thumbnail","6":"brands-jotul-fi","7":"product_cat-takat","9":"first","10":"instock","11":"shipping-taxable","12":"purchasable","13":"product-type-simple"},"acf":[],"yoast_head":"<!-- This site is optimized with the Yoast SEO plugin v27.2 - https:\/\/yoast.com\/product\/yoast-seo-wordpress\/ -->\n<title>Valurautatakka JOTUL F 205 - Kodukolle<\/title>\n<meta name=\"description\" content=\"Valurautatakka Jotul F 205 yhdist\u00e4\u00e4 skandinaavisen muotoilun huipputason l\u00e4mmitystekniikkaan ja kest\u00e4viin materiaaleihin, ja tuloksena on kompakti takka pohjoismaisen, minimalistisen ilmeen kanssa.\" \/>\n<meta name=\"robots\" content=\"index, follow, max-snippet:-1, max-image-preview:large, max-video-preview:-1\" \/>\n<link rel=\"canonical\" href=\"https:\/\/kodukolle.ee\/tuote\/malmkamin-jotul-f-205\/\" \/>\n<meta property=\"og:locale\" content=\"fi_FI\" \/>\n<meta property=\"og:type\" content=\"article\" \/>\n<meta property=\"og:title\" content=\"Valurautatakka JOTUL F 205 - Kodukolle\" \/>\n<meta property=\"og:description\" content=\"Valurautatakka Jotul F 205 yhdist\u00e4\u00e4 skandinaavisen muotoilun huipputason l\u00e4mmitystekniikkaan ja kest\u00e4viin materiaaleihin, ja tuloksena on kompakti takka pohjoismaisen, minimalistisen ilmeen kanssa.\" \/>\n<meta property=\"og:url\" content=\"https:\/\/kodukolle.ee\/tuote\/malmkamin-jotul-f-205\/\" \/>\n<meta property=\"og:site_name\" content=\"Kodukolle\" \/>\n<meta property=\"article:modified_time\" content=\"2024-01-30T07:11:33+00:00\" \/>\n<meta property=\"og:image\" content=\"https:\/\/kodukolle.ee\/wp-content\/uploads\/2023\/08\/Jotul-F-205-_1.jpg\" \/>\n\t<meta property=\"og:image:width\" content=\"967\" \/>\n\t<meta property=\"og:image:height\" content=\"774\" \/>\n\t<meta property=\"og:image:type\" content=\"image\/jpeg\" \/>\n<meta name=\"twitter:card\" content=\"summary_large_image\" \/>\n<meta name=\"twitter:label1\" content=\"Est. reading time\" \/>\n\t<meta name=\"twitter:data1\" content=\"1 minuutti\" \/>\n<script type=\"application\/ld+json\" class=\"yoast-schema-graph\">{\"@context\":\"https:\/\/schema.org\",\"@graph\":[{\"@type\":\"WebPage\",\"@id\":\"https:\/\/kodukolle.ee\/tuote\/malmkamin-jotul-f-205\/\",\"url\":\"https:\/\/kodukolle.ee\/tuote\/malmkamin-jotul-f-205\/\",\"name\":\"Valurautatakka JOTUL F 205 - Kodukolle\",\"isPartOf\":{\"@id\":\"https:\/\/kodukolle.ee\/en\/#website\"},\"primaryImageOfPage\":{\"@id\":\"https:\/\/kodukolle.ee\/tuote\/malmkamin-jotul-f-205\/#primaryimage\"},\"image\":{\"@id\":\"https:\/\/kodukolle.ee\/tuote\/malmkamin-jotul-f-205\/#primaryimage\"},\"thumbnailUrl\":\"https:\/\/kodukolle.ee\/wp-content\/uploads\/2023\/08\/Jotul-F-205-_1.jpg\",\"datePublished\":\"2023-08-30T10:46:28+00:00\",\"dateModified\":\"2024-01-30T07:11:33+00:00\",\"description\":\"Valurautatakka Jotul F 205 yhdist\u00e4\u00e4 skandinaavisen muotoilun huipputason l\u00e4mmitystekniikkaan ja kest\u00e4viin materiaaleihin, ja tuloksena on kompakti takka pohjoismaisen, minimalistisen ilmeen kanssa.\",\"breadcrumb\":{\"@id\":\"https:\/\/kodukolle.ee\/tuote\/malmkamin-jotul-f-205\/#breadcrumb\"},\"inLanguage\":\"fi\",\"potentialAction\":[{\"@type\":\"ReadAction\",\"target\":[\"https:\/\/kodukolle.ee\/tuote\/malmkamin-jotul-f-205\/\"]}]},{\"@type\":\"ImageObject\",\"inLanguage\":\"fi\",\"@id\":\"https:\/\/kodukolle.ee\/tuote\/malmkamin-jotul-f-205\/#primaryimage\",\"url\":\"https:\/\/kodukolle.ee\/wp-content\/uploads\/2023\/08\/Jotul-F-205-_1.jpg\",\"contentUrl\":\"https:\/\/kodukolle.ee\/wp-content\/uploads\/2023\/08\/Jotul-F-205-_1.jpg\",\"width\":967,\"height\":774,\"caption\":\"Jotul F 205\"},{\"@type\":\"BreadcrumbList\",\"@id\":\"https:\/\/kodukolle.ee\/tuote\/malmkamin-jotul-f-205\/#breadcrumb\",\"itemListElement\":[{\"@type\":\"ListItem\",\"position\":1,\"name\":\"Home\",\"item\":\"https:\/\/kodukolle.ee\/fi\/\"},{\"@type\":\"ListItem\",\"position\":2,\"name\":\"Tuotteet\",\"item\":\"https:\/\/kodukolle.ee\/fi\/tuotteet\/\"},{\"@type\":\"ListItem\",\"position\":3,\"name\":\"Valurautatakka JOTUL F 205\"}]},{\"@type\":\"WebSite\",\"@id\":\"https:\/\/kodukolle.ee\/en\/#website\",\"url\":\"https:\/\/kodukolle.ee\/en\/\",\"name\":\"Kodukolle\",\"description\":\"\",\"publisher\":{\"@id\":\"https:\/\/kodukolle.ee\/en\/#organization\"},\"potentialAction\":[{\"@type\":\"SearchAction\",\"target\":{\"@type\":\"EntryPoint\",\"urlTemplate\":\"https:\/\/kodukolle.ee\/en\/?s={search_term_string}\"},\"query-input\":{\"@type\":\"PropertyValueSpecification\",\"valueRequired\":true,\"valueName\":\"search_term_string\"}}],\"inLanguage\":\"fi\"},{\"@type\":\"Organization\",\"@id\":\"https:\/\/kodukolle.ee\/en\/#organization\",\"name\":\"Kodukolle\",\"url\":\"https:\/\/kodukolle.ee\/en\/\",\"logo\":{\"@type\":\"ImageObject\",\"inLanguage\":\"fi\",\"@id\":\"https:\/\/kodukolle.ee\/en\/#\/schema\/logo\/image\/\",\"url\":\"https:\/\/kodukolle.ee\/wp-content\/uploads\/2025\/06\/logo_must_gradient.svg\",\"contentUrl\":\"https:\/\/kodukolle.ee\/wp-content\/uploads\/2025\/06\/logo_must_gradient.svg\",\"caption\":\"Kodukolle\"},\"image\":{\"@id\":\"https:\/\/kodukolle.ee\/en\/#\/schema\/logo\/image\/\"}}]}<\/script>\n<!-- \/ Yoast SEO plugin. -->","yoast_head_json":{"title":"Valurautatakka JOTUL F 205 - Kodukolle","description":"Valurautatakka Jotul F 205 yhdist\u00e4\u00e4 skandinaavisen muotoilun huipputason l\u00e4mmitystekniikkaan ja kest\u00e4viin materiaaleihin, ja tuloksena on kompakti takka pohjoismaisen, minimalistisen ilmeen kanssa.","robots":{"index":"index","follow":"follow","max-snippet":"max-snippet:-1","max-image-preview":"max-image-preview:large","max-video-preview":"max-video-preview:-1"},"canonical":"https:\/\/kodukolle.ee\/tuote\/malmkamin-jotul-f-205\/","og_locale":"fi_FI","og_type":"article","og_title":"Valurautatakka JOTUL F 205 - Kodukolle","og_description":"Valurautatakka Jotul F 205 yhdist\u00e4\u00e4 skandinaavisen muotoilun huipputason l\u00e4mmitystekniikkaan ja kest\u00e4viin materiaaleihin, ja tuloksena on kompakti takka pohjoismaisen, minimalistisen ilmeen kanssa.","og_url":"https:\/\/kodukolle.ee\/tuote\/malmkamin-jotul-f-205\/","og_site_name":"Kodukolle","article_modified_time":"2024-01-30T07:11:33+00:00","og_image":[{"width":967,"height":774,"url":"https:\/\/kodukolle.ee\/wp-content\/uploads\/2023\/08\/Jotul-F-205-_1.jpg","type":"image\/jpeg"}],"twitter_card":"summary_large_image","twitter_misc":{"Est. reading time":"1 minuutti"},"schema":{"@context":"https:\/\/schema.org","@graph":[{"@type":"WebPage","@id":"https:\/\/kodukolle.ee\/tuote\/malmkamin-jotul-f-205\/","url":"https:\/\/kodukolle.ee\/tuote\/malmkamin-jotul-f-205\/","name":"Valurautatakka JOTUL F 205 - Kodukolle","isPartOf":{"@id":"https:\/\/kodukolle.ee\/en\/#website"},"primaryImageOfPage":{"@id":"https:\/\/kodukolle.ee\/tuote\/malmkamin-jotul-f-205\/#primaryimage"},"image":{"@id":"https:\/\/kodukolle.ee\/tuote\/malmkamin-jotul-f-205\/#primaryimage"},"thumbnailUrl":"https:\/\/kodukolle.ee\/wp-content\/uploads\/2023\/08\/Jotul-F-205-_1.jpg","datePublished":"2023-08-30T10:46:28+00:00","dateModified":"2024-01-30T07:11:33+00:00","description":"Valurautatakka Jotul F 205 yhdist\u00e4\u00e4 skandinaavisen muotoilun huipputason l\u00e4mmitystekniikkaan ja kest\u00e4viin materiaaleihin, ja tuloksena on kompakti takka pohjoismaisen, minimalistisen ilmeen kanssa.","breadcrumb":{"@id":"https:\/\/kodukolle.ee\/tuote\/malmkamin-jotul-f-205\/#breadcrumb"},"inLanguage":"fi","potentialAction":[{"@type":"ReadAction","target":["https:\/\/kodukolle.ee\/tuote\/malmkamin-jotul-f-205\/"]}]},{"@type":"ImageObject","inLanguage":"fi","@id":"https:\/\/kodukolle.ee\/tuote\/malmkamin-jotul-f-205\/#primaryimage","url":"https:\/\/kodukolle.ee\/wp-content\/uploads\/2023\/08\/Jotul-F-205-_1.jpg","contentUrl":"https:\/\/kodukolle.ee\/wp-content\/uploads\/2023\/08\/Jotul-F-205-_1.jpg","width":967,"height":774,"caption":"Jotul F 205"},{"@type":"BreadcrumbList","@id":"https:\/\/kodukolle.ee\/tuote\/malmkamin-jotul-f-205\/#breadcrumb","itemListElement":[{"@type":"ListItem","position":1,"name":"Home","item":"https:\/\/kodukolle.ee\/fi\/"},{"@type":"ListItem","position":2,"name":"Tuotteet","item":"https:\/\/kodukolle.ee\/fi\/tuotteet\/"},{"@type":"ListItem","position":3,"name":"Valurautatakka JOTUL F 205"}]},{"@type":"WebSite","@id":"https:\/\/kodukolle.ee\/en\/#website","url":"https:\/\/kodukolle.ee\/en\/","name":"Kodukolle","description":"","publisher":{"@id":"https:\/\/kodukolle.ee\/en\/#organization"},"potentialAction":[{"@type":"SearchAction","target":{"@type":"EntryPoint","urlTemplate":"https:\/\/kodukolle.ee\/en\/?s={search_term_string}"},"query-input":{"@type":"PropertyValueSpecification","valueRequired":true,"valueName":"search_term_string"}}],"inLanguage":"fi"},{"@type":"Organization","@id":"https:\/\/kodukolle.ee\/en\/#organization","name":"Kodukolle","url":"https:\/\/kodukolle.ee\/en\/","logo":{"@type":"ImageObject","inLanguage":"fi","@id":"https:\/\/kodukolle.ee\/en\/#\/schema\/logo\/image\/","url":"https:\/\/kodukolle.ee\/wp-content\/uploads\/2025\/06\/logo_must_gradient.svg","contentUrl":"https:\/\/kodukolle.ee\/wp-content\/uploads\/2025\/06\/logo_must_gradient.svg","caption":"Kodukolle"},"image":{"@id":"https:\/\/kodukolle.ee\/en\/#\/schema\/logo\/image\/"}}]}},"_links":{"self":[{"href":"https:\/\/kodukolle.ee\/fi\/wp-json\/wp\/v2\/product\/25915","targetHints":{"allow":["GET"]}}],"collection":[{"href":"https:\/\/kodukolle.ee\/fi\/wp-json\/wp\/v2\/product"}],"about":[{"href":"https:\/\/kodukolle.ee\/fi\/wp-json\/wp\/v2\/types\/product"}],"wp:featuredmedia":[{"embeddable":true,"href":"https:\/\/kodukolle.ee\/fi\/wp-json\/wp\/v2\/media\/19397"}],"wp:attachment":[{"href":"https:\/\/kodukolle.ee\/fi\/wp-json\/wp\/v2\/media?parent=25915"}],"wp:term":[{"taxonomy":"product_brand","embeddable":true,"href":"https:\/\/kodukolle.ee\/fi\/wp-json\/wp\/v2\/product_brand?post=25915"},{"taxonomy":"product_cat","embeddable":true,"href":"https:\/\/kodukolle.ee\/fi\/wp-json\/wp\/v2\/product_cat?post=25915"},{"taxonomy":"product_tag","embeddable":true,"href":"https:\/\/kodukolle.ee\/fi\/wp-json\/wp\/v2\/product_tag?post=25915"}],"curies":[{"name":"wp","href":"https:\/\/api.w.org\/{rel}","templated":true}]}}