{"id":25933,"date":"2023-08-31T10:02:08","date_gmt":"2023-08-31T07:02:08","guid":{"rendered":"https:\/\/kodukolle.ee\/?post_type=product&#038;p=25933"},"modified":"2025-11-23T20:00:01","modified_gmt":"2025-11-23T18:00:01","slug":"valurautatakka-jotul-f-602-eco","status":"publish","type":"product","link":"https:\/\/kodukolle.ee\/fi\/tuote\/valurautatakka-jotul-f-602-eco\/","title":{"rendered":"Valurautatakka JOTUL F 602 ECO"},"content":{"rendered":"<p>F 602 Eco -takka on yksi Jotulin ajattomista klassikoista. Ikoninen vuodelta 1940 per\u00e4isin oleva muotoilu ja moderni polttotekniikka tekev\u00e4t siit\u00e4 kauniin sisustuksen. Jotul F 602 Eco -takkaa voidaan k\u00e4ytt\u00e4\u00e4 my\u00f6s ruoanlaittoon, eritt\u00e4in tehokas l\u00e4mp\u00f6levy vakiona ja pienempi l\u00e4mp\u00f6levy lis\u00e4varusteena. Jotul F 602 Eco on k\u00e4yt\u00e4nn\u00f6llinen valurautatakka, jossa on sek\u00e4 persoonallisuutta ett\u00e4 luonnetta. Se on helppo asentaa ja ilmavirtausta voidaan helposti ohjata yhdell\u00e4 vivulla.<\/p>\n<ul>\n<li>Ikoninen muotoilu<\/li>\n<li>Nykyaikainen l\u00e4mmitystekniikka<\/li>\n<li>Clean burn j\u00e4rjestelm\u00e4<\/li>\n<li>Helppo asentaa<\/li>\n<\/ul>\n<p><strong>Saatavana lis\u00e4varusteena<\/strong><\/p>\n<ul>\n<li>Raitisilmaliittimen kansi<\/li>\n<li>Raitisilmaliit\u00e4nt\u00e4sarja<\/li>\n<li>Pienempi l\u00e4mp\u00f6levy<\/li>\n<\/ul>\n<p>&nbsp;<\/p>\n","protected":false},"excerpt":{"rendered":"<p>F 602 Eco -takka on yksi Jotulin ajattomista klassikoista. Ikoninen vuodelta 1940 per\u00e4isin oleva muotoilu ja moderni polttotekniikka tekev\u00e4t siit\u00e4 kauniin sisustuksen. Jotul F 602 Eco -takkaa voidaan k\u00e4ytt\u00e4\u00e4 my\u00f6s ruoanlaittoon, eritt\u00e4in tehokas l\u00e4mp\u00f6levy vakiona ja pienempi l\u00e4mp\u00f6levy lis\u00e4varusteena. Jotul F 602 Eco on k\u00e4yt\u00e4nn\u00f6llinen valurautatakka, jossa on sek\u00e4 persoonallisuutta ett\u00e4 luonnetta. Se on helppo asentaa ja ilmavirtausta voidaan helposti ohjata yhdell\u00e4 vivulla.<\/p>\n","protected":false},"featured_media":19513,"template":"","meta":{"_acf_changed":false},"product_brand":[],"product_cat":[9620],"product_tag":[],"class_list":{"0":"post-25933","1":"product","2":"type-product","3":"status-publish","4":"has-post-thumbnail","6":"brands-jotul-fi","7":"product_cat-takat","9":"first","10":"instock","11":"shipping-taxable","12":"purchasable","13":"product-type-simple"},"acf":[],"yoast_head":"<!-- This site is optimized with the Yoast SEO plugin v27.2 - https:\/\/yoast.com\/product\/yoast-seo-wordpress\/ -->\n<title>Valurautatakka JOTUL F 602 ECO - Kodukolle<\/title>\n<meta name=\"description\" content=\"F 602 Eco -takka on yksi Jotulin ajattomista klassikoista. Ikoninen vuodelta 1940 per\u00e4isin oleva muotoilu ja moderni polttotekniikka tekev\u00e4t siit\u00e4 kauniin sisustuksen.\" \/>\n<meta name=\"robots\" content=\"index, follow, max-snippet:-1, max-image-preview:large, max-video-preview:-1\" \/>\n<link rel=\"canonical\" href=\"https:\/\/kodukolle.ee\/fi\/tuote\/valurautatakka-jotul-f-602-eco\/\" \/>\n<meta property=\"og:locale\" content=\"fi_FI\" \/>\n<meta property=\"og:type\" content=\"article\" \/>\n<meta property=\"og:title\" content=\"Valurautatakka JOTUL F 602 ECO - Kodukolle\" \/>\n<meta property=\"og:description\" content=\"F 602 Eco -takka on yksi Jotulin ajattomista klassikoista. Ikoninen vuodelta 1940 per\u00e4isin oleva muotoilu ja moderni polttotekniikka tekev\u00e4t siit\u00e4 kauniin sisustuksen.\" \/>\n<meta property=\"og:url\" content=\"https:\/\/kodukolle.ee\/fi\/tuote\/valurautatakka-jotul-f-602-eco\/\" \/>\n<meta property=\"og:site_name\" content=\"Kodukolle\" \/>\n<meta property=\"article:modified_time\" content=\"2025-11-23T18:00:01+00:00\" \/>\n<meta property=\"og:image\" content=\"https:\/\/kodukolle.ee\/wp-content\/uploads\/2023\/08\/Jotul-F-602-eco-int-1-scaled.jpg\" \/>\n\t<meta property=\"og:image:width\" content=\"2560\" \/>\n\t<meta property=\"og:image:height\" content=\"2114\" \/>\n\t<meta property=\"og:image:type\" content=\"image\/jpeg\" \/>\n<meta name=\"twitter:card\" content=\"summary_large_image\" \/>\n<meta name=\"twitter:label1\" content=\"Est. reading time\" \/>\n\t<meta name=\"twitter:data1\" content=\"1 minute\" \/>\n<script type=\"application\/ld+json\" class=\"yoast-schema-graph\">{\"@context\":\"https:\/\/schema.org\",\"@graph\":[{\"@type\":\"WebPage\",\"@id\":\"https:\/\/kodukolle.ee\/fi\/tuote\/valurautatakka-jotul-f-602-eco\/\",\"url\":\"https:\/\/kodukolle.ee\/fi\/tuote\/valurautatakka-jotul-f-602-eco\/\",\"name\":\"Valurautatakka JOTUL F 602 ECO - Kodukolle\",\"isPartOf\":{\"@id\":\"https:\/\/kodukolle.ee\/en\/#website\"},\"primaryImageOfPage\":{\"@id\":\"https:\/\/kodukolle.ee\/fi\/tuote\/valurautatakka-jotul-f-602-eco\/#primaryimage\"},\"image\":{\"@id\":\"https:\/\/kodukolle.ee\/fi\/tuote\/valurautatakka-jotul-f-602-eco\/#primaryimage\"},\"thumbnailUrl\":\"https:\/\/kodukolle.ee\/wp-content\/uploads\/2023\/08\/Jotul-F-602-eco-int-1-scaled.jpg\",\"datePublished\":\"2023-08-31T07:02:08+00:00\",\"dateModified\":\"2025-11-23T18:00:01+00:00\",\"description\":\"F 602 Eco -takka on yksi Jotulin ajattomista klassikoista. Ikoninen vuodelta 1940 per\u00e4isin oleva muotoilu ja moderni polttotekniikka tekev\u00e4t siit\u00e4 kauniin sisustuksen.\",\"breadcrumb\":{\"@id\":\"https:\/\/kodukolle.ee\/fi\/tuote\/valurautatakka-jotul-f-602-eco\/#breadcrumb\"},\"inLanguage\":\"fi-FI\",\"potentialAction\":[{\"@type\":\"ReadAction\",\"target\":[\"https:\/\/kodukolle.ee\/fi\/tuote\/valurautatakka-jotul-f-602-eco\/\"]}]},{\"@type\":\"ImageObject\",\"inLanguage\":\"fi-FI\",\"@id\":\"https:\/\/kodukolle.ee\/fi\/tuote\/valurautatakka-jotul-f-602-eco\/#primaryimage\",\"url\":\"https:\/\/kodukolle.ee\/wp-content\/uploads\/2023\/08\/Jotul-F-602-eco-int-1-scaled.jpg\",\"contentUrl\":\"https:\/\/kodukolle.ee\/wp-content\/uploads\/2023\/08\/Jotul-F-602-eco-int-1-scaled.jpg\",\"width\":2560,\"height\":2114,\"caption\":\"ProEXR File Description =Attributes= cameraAperture (float): 36.000000 cameraFNumber (float): 3.000000 cameraFarClip (float): 1000000015047466200000000000000.000000 cameraFarRange (float): 1000000.000000 cameraFocalLength (float): 30.000002 cameraFov (float): 61.927505 cameraNearClip (float): 0.000000 cameraNearRange (float): 0.000000 cameraProjection (int): 0 cameraTargetDistance (float): 200.000000 cameraTransform (m44f): [{0.965926, 0.258819, -2.364e-008, 1516.18}, {0.258819, -0.965926, -8.44955e-008, -4162.09}, {-4.47035e-008, 7.54979e-008, -1, 714.804}, {0, 0, 0, 1}] channels (chlist) compression (compression): Zip dataWindow (box2i): [0, 0, 4999, 3499] displayWindow (box2i): [0, 0, 4999, 3499] lineOrder (lineOrder): Increasing Y name (string): \\\"\\\" pixelAspectRatio (float): 1.000000 screenWindowCenter (v2f): [0.000000, 0.000000] screenWindowWidth (float): 1.000000 type (string): \\\"scanlineimage\\\" vrayChannelInfo (string): \\\"{\\\"Z\\\":{\\\"alias\\\":117,\\\"index\\\":6,\\\"flags\\\":68},\\\"MM_4-6\\\":{\\\"alias\\\":1000,\\\"index\\\":3,\\\"flags\\\":20},\\\"Reflection\\\":{\\\"alias\\\":102,\\\"index\\\":5,\\\"flags\\\":8},\\\"RawTotalLighting\\\":{\\\"alias\\\":130,\\\"index\\\":10,\\\"flags\\\":8},\\\"MM_7-9\\\":{\\\"alias\\\":1000,\\\"index\\\":4,\\\"flags\\\":20},\\\"effectsResult\\\":{\\\"alias\\\":153,\\\"index\\\":13,\\\"flags\\\":16517},\\\"VRayExtraTex_Map__2138626286\\\":{\\\"alias\\\":1000,\\\"index\\\":11,\\\"flags\\\":20},\\\"Alpha\\\":{\\\"alias\\\":125,\\\"index\\\":1,\\\"flags\\\":16389},\\\"RGB color\\\":{\\\"alias\\\":126,\\\"index\\\":0,\\\"flags\\\":16385},\\\"MM_1-3\\\":{\\\"alias\\\":1000,\\\"index\\\":2,\\\"flags\\\":20},\\\"Specular\\\":{\\\"alias\\\":106,\\\"index\\\":9,\\\"flags\\\":8},\\\"Normals\\\":{\\\"alias\\\":123,\\\"index\\\":8,\\\"flags\\\":5},\\\"DiffuseFilter\\\":{\\\"alias\\\":101,\\\"index\\\":7,\\\"flags\\\":4},\\\"Glare\\\":{\\\"alias\\\":1000,\\\"index\\\":12,\\\"flags\\\":8196}}\\\" vrayInfo\/camera (string): \\\"Cam_002\\\" vrayInfo\/computername (string): \\\"cr71\\\" vrayInfo\/cpu (string): \\\"INTEL\/P2(M5)\\\" vrayInfo\/date (string): \\\"04-04-2019\\\" vrayInfo\/filename (string): \\\"119156_JOeTUL_AS_F602_07.max\\\" vrayInfo\/frame (string): \\\"00000\\\" vrayInfo\/h (string): \\\"0\\\" vrayInfo\/mhz (string): \\\"0MHz\\\" vrayInfo\/noiseThreshold (string): \\\"0.001000\\\" vrayInfo\/numPasses (string): \\\"0\\\" vrayInfo\/numSubdivs (string): \\\"0.00\\\" vrayInfo\/os (string): \\\"Win10\\\" vrayInfo\/primitives (string): \\\"0\\\" vrayInfo\/ram (string): \\\"65104MB\\\" vrayInfo\/rendertime (string): \\\" 3h 30m 11.3s\\\" vrayInfo\/time (string): \\\"02:08:03\\\" vrayInfo\/vmem (string): \\\"134217728MB\\\" vrayInfo\/vraycore (string): \\\"4.11.01\\\" vrayInfo\/vrayrevision (string): \\\"29032 Mar 25 2019 02:16:12\\\" vrayInfo\/vrayversion (string): \\\"Internal V-Ray version 4.11.01.29032\\\" vrayInfo\/w (string): \\\"0\\\" =Channels= A (half) B (half) DiffuseFilter.B (half) DiffuseFilter.G (half) DiffuseFilter.R (half) G (half) Glare.B (half) Glare.G (half) Glare.R (half) MM_1-3.B (half) MM_1-3.G (half) MM_1-3.R (half) MM_4-6.B (half) MM_4-6.G (half) MM_4-6.R (half) MM_7-9.B (half) MM_7-9.G (half) MM_7-9.R (half) Normals.X (half) Normals.Y (half) Normals.Z (half) R (half) RawTotalLighting.B (half) RawTotalLighting.G (half) RawTotalLighting.R (half) Reflection.B (half) Reflection.G (half) Reflection.R (half) Specular.B (half) Specular.G (half) Specular.R (half) VRayExtraTex_Map__2138626286.B (half) VRayExtraTex_Map__2138626286.G (half) VRayExtraTex_Map__2138626286.R (half) Z (float) effectsResult.B (half) effectsResult.G (half) effectsResult.R (half)\"},{\"@type\":\"BreadcrumbList\",\"@id\":\"https:\/\/kodukolle.ee\/fi\/tuote\/valurautatakka-jotul-f-602-eco\/#breadcrumb\",\"itemListElement\":[{\"@type\":\"ListItem\",\"position\":1,\"name\":\"Home\",\"item\":\"https:\/\/kodukolle.ee\/fi\/\"},{\"@type\":\"ListItem\",\"position\":2,\"name\":\"Tuotteet\",\"item\":\"https:\/\/kodukolle.ee\/fi\/tuotteet\/\"},{\"@type\":\"ListItem\",\"position\":3,\"name\":\"Valurautatakka JOTUL F 602 ECO\"}]},{\"@type\":\"WebSite\",\"@id\":\"https:\/\/kodukolle.ee\/en\/#website\",\"url\":\"https:\/\/kodukolle.ee\/en\/\",\"name\":\"Kodukolle\",\"description\":\"\",\"publisher\":{\"@id\":\"https:\/\/kodukolle.ee\/en\/#organization\"},\"potentialAction\":[{\"@type\":\"SearchAction\",\"target\":{\"@type\":\"EntryPoint\",\"urlTemplate\":\"https:\/\/kodukolle.ee\/en\/?s={search_term_string}\"},\"query-input\":{\"@type\":\"PropertyValueSpecification\",\"valueRequired\":true,\"valueName\":\"search_term_string\"}}],\"inLanguage\":\"fi-FI\"},{\"@type\":\"Organization\",\"@id\":\"https:\/\/kodukolle.ee\/en\/#organization\",\"name\":\"Kodukolle\",\"url\":\"https:\/\/kodukolle.ee\/en\/\",\"logo\":{\"@type\":\"ImageObject\",\"inLanguage\":\"fi-FI\",\"@id\":\"https:\/\/kodukolle.ee\/en\/#\/schema\/logo\/image\/\",\"url\":\"https:\/\/kodukolle.ee\/wp-content\/uploads\/2025\/06\/logo_must_gradient.svg\",\"contentUrl\":\"https:\/\/kodukolle.ee\/wp-content\/uploads\/2025\/06\/logo_must_gradient.svg\",\"caption\":\"Kodukolle\"},\"image\":{\"@id\":\"https:\/\/kodukolle.ee\/en\/#\/schema\/logo\/image\/\"}}]}<\/script>\n<!-- \/ Yoast SEO plugin. -->","yoast_head_json":{"title":"Valurautatakka JOTUL F 602 ECO - Kodukolle","description":"F 602 Eco -takka on yksi Jotulin ajattomista klassikoista. Ikoninen vuodelta 1940 per\u00e4isin oleva muotoilu ja moderni polttotekniikka tekev\u00e4t siit\u00e4 kauniin sisustuksen.","robots":{"index":"index","follow":"follow","max-snippet":"max-snippet:-1","max-image-preview":"max-image-preview:large","max-video-preview":"max-video-preview:-1"},"canonical":"https:\/\/kodukolle.ee\/fi\/tuote\/valurautatakka-jotul-f-602-eco\/","og_locale":"fi_FI","og_type":"article","og_title":"Valurautatakka JOTUL F 602 ECO - Kodukolle","og_description":"F 602 Eco -takka on yksi Jotulin ajattomista klassikoista. Ikoninen vuodelta 1940 per\u00e4isin oleva muotoilu ja moderni polttotekniikka tekev\u00e4t siit\u00e4 kauniin sisustuksen.","og_url":"https:\/\/kodukolle.ee\/fi\/tuote\/valurautatakka-jotul-f-602-eco\/","og_site_name":"Kodukolle","article_modified_time":"2025-11-23T18:00:01+00:00","og_image":[{"width":2560,"height":2114,"url":"https:\/\/kodukolle.ee\/wp-content\/uploads\/2023\/08\/Jotul-F-602-eco-int-1-scaled.jpg","type":"image\/jpeg"}],"twitter_card":"summary_large_image","twitter_misc":{"Est. reading time":"1 minute"},"schema":{"@context":"https:\/\/schema.org","@graph":[{"@type":"WebPage","@id":"https:\/\/kodukolle.ee\/fi\/tuote\/valurautatakka-jotul-f-602-eco\/","url":"https:\/\/kodukolle.ee\/fi\/tuote\/valurautatakka-jotul-f-602-eco\/","name":"Valurautatakka JOTUL F 602 ECO - Kodukolle","isPartOf":{"@id":"https:\/\/kodukolle.ee\/en\/#website"},"primaryImageOfPage":{"@id":"https:\/\/kodukolle.ee\/fi\/tuote\/valurautatakka-jotul-f-602-eco\/#primaryimage"},"image":{"@id":"https:\/\/kodukolle.ee\/fi\/tuote\/valurautatakka-jotul-f-602-eco\/#primaryimage"},"thumbnailUrl":"https:\/\/kodukolle.ee\/wp-content\/uploads\/2023\/08\/Jotul-F-602-eco-int-1-scaled.jpg","datePublished":"2023-08-31T07:02:08+00:00","dateModified":"2025-11-23T18:00:01+00:00","description":"F 602 Eco -takka on yksi Jotulin ajattomista klassikoista. Ikoninen vuodelta 1940 per\u00e4isin oleva muotoilu ja moderni polttotekniikka tekev\u00e4t siit\u00e4 kauniin sisustuksen.","breadcrumb":{"@id":"https:\/\/kodukolle.ee\/fi\/tuote\/valurautatakka-jotul-f-602-eco\/#breadcrumb"},"inLanguage":"fi-FI","potentialAction":[{"@type":"ReadAction","target":["https:\/\/kodukolle.ee\/fi\/tuote\/valurautatakka-jotul-f-602-eco\/"]}]},{"@type":"ImageObject","inLanguage":"fi-FI","@id":"https:\/\/kodukolle.ee\/fi\/tuote\/valurautatakka-jotul-f-602-eco\/#primaryimage","url":"https:\/\/kodukolle.ee\/wp-content\/uploads\/2023\/08\/Jotul-F-602-eco-int-1-scaled.jpg","contentUrl":"https:\/\/kodukolle.ee\/wp-content\/uploads\/2023\/08\/Jotul-F-602-eco-int-1-scaled.jpg","width":2560,"height":2114,"caption":"ProEXR File Description =Attributes= cameraAperture (float): 36.000000 cameraFNumber (float): 3.000000 cameraFarClip (float): 1000000015047466200000000000000.000000 cameraFarRange (float): 1000000.000000 cameraFocalLength (float): 30.000002 cameraFov (float): 61.927505 cameraNearClip (float): 0.000000 cameraNearRange (float): 0.000000 cameraProjection (int): 0 cameraTargetDistance (float): 200.000000 cameraTransform (m44f): [{0.965926, 0.258819, -2.364e-008, 1516.18}, {0.258819, -0.965926, -8.44955e-008, -4162.09}, {-4.47035e-008, 7.54979e-008, -1, 714.804}, {0, 0, 0, 1}] channels (chlist) compression (compression): Zip dataWindow (box2i): [0, 0, 4999, 3499] displayWindow (box2i): [0, 0, 4999, 3499] lineOrder (lineOrder): Increasing Y name (string): \"\" pixelAspectRatio (float): 1.000000 screenWindowCenter (v2f): [0.000000, 0.000000] screenWindowWidth (float): 1.000000 type (string): \"scanlineimage\" vrayChannelInfo (string): \"{\"Z\":{\"alias\":117,\"index\":6,\"flags\":68},\"MM_4-6\":{\"alias\":1000,\"index\":3,\"flags\":20},\"Reflection\":{\"alias\":102,\"index\":5,\"flags\":8},\"RawTotalLighting\":{\"alias\":130,\"index\":10,\"flags\":8},\"MM_7-9\":{\"alias\":1000,\"index\":4,\"flags\":20},\"effectsResult\":{\"alias\":153,\"index\":13,\"flags\":16517},\"VRayExtraTex_Map__2138626286\":{\"alias\":1000,\"index\":11,\"flags\":20},\"Alpha\":{\"alias\":125,\"index\":1,\"flags\":16389},\"RGB color\":{\"alias\":126,\"index\":0,\"flags\":16385},\"MM_1-3\":{\"alias\":1000,\"index\":2,\"flags\":20},\"Specular\":{\"alias\":106,\"index\":9,\"flags\":8},\"Normals\":{\"alias\":123,\"index\":8,\"flags\":5},\"DiffuseFilter\":{\"alias\":101,\"index\":7,\"flags\":4},\"Glare\":{\"alias\":1000,\"index\":12,\"flags\":8196}}\" vrayInfo\/camera (string): \"Cam_002\" vrayInfo\/computername (string): \"cr71\" vrayInfo\/cpu (string): \"INTEL\/P2(M5)\" vrayInfo\/date (string): \"04-04-2019\" vrayInfo\/filename (string): \"119156_JOeTUL_AS_F602_07.max\" vrayInfo\/frame (string): \"00000\" vrayInfo\/h (string): \"0\" vrayInfo\/mhz (string): \"0MHz\" vrayInfo\/noiseThreshold (string): \"0.001000\" vrayInfo\/numPasses (string): \"0\" vrayInfo\/numSubdivs (string): \"0.00\" vrayInfo\/os (string): \"Win10\" vrayInfo\/primitives (string): \"0\" vrayInfo\/ram (string): \"65104MB\" vrayInfo\/rendertime (string): \" 3h 30m 11.3s\" vrayInfo\/time (string): \"02:08:03\" vrayInfo\/vmem (string): \"134217728MB\" vrayInfo\/vraycore (string): \"4.11.01\" vrayInfo\/vrayrevision (string): \"29032 Mar 25 2019 02:16:12\" vrayInfo\/vrayversion (string): \"Internal V-Ray version 4.11.01.29032\" vrayInfo\/w (string): \"0\" =Channels= A (half) B (half) DiffuseFilter.B (half) DiffuseFilter.G (half) DiffuseFilter.R (half) G (half) Glare.B (half) Glare.G (half) Glare.R (half) MM_1-3.B (half) MM_1-3.G (half) MM_1-3.R (half) MM_4-6.B (half) MM_4-6.G (half) MM_4-6.R (half) MM_7-9.B (half) MM_7-9.G (half) MM_7-9.R (half) Normals.X (half) Normals.Y (half) Normals.Z (half) R (half) RawTotalLighting.B (half) RawTotalLighting.G (half) RawTotalLighting.R (half) Reflection.B (half) Reflection.G (half) Reflection.R (half) Specular.B (half) Specular.G (half) Specular.R (half) VRayExtraTex_Map__2138626286.B (half) VRayExtraTex_Map__2138626286.G (half) VRayExtraTex_Map__2138626286.R (half) Z (float) effectsResult.B (half) effectsResult.G (half) effectsResult.R (half)"},{"@type":"BreadcrumbList","@id":"https:\/\/kodukolle.ee\/fi\/tuote\/valurautatakka-jotul-f-602-eco\/#breadcrumb","itemListElement":[{"@type":"ListItem","position":1,"name":"Home","item":"https:\/\/kodukolle.ee\/fi\/"},{"@type":"ListItem","position":2,"name":"Tuotteet","item":"https:\/\/kodukolle.ee\/fi\/tuotteet\/"},{"@type":"ListItem","position":3,"name":"Valurautatakka JOTUL F 602 ECO"}]},{"@type":"WebSite","@id":"https:\/\/kodukolle.ee\/en\/#website","url":"https:\/\/kodukolle.ee\/en\/","name":"Kodukolle","description":"","publisher":{"@id":"https:\/\/kodukolle.ee\/en\/#organization"},"potentialAction":[{"@type":"SearchAction","target":{"@type":"EntryPoint","urlTemplate":"https:\/\/kodukolle.ee\/en\/?s={search_term_string}"},"query-input":{"@type":"PropertyValueSpecification","valueRequired":true,"valueName":"search_term_string"}}],"inLanguage":"fi-FI"},{"@type":"Organization","@id":"https:\/\/kodukolle.ee\/en\/#organization","name":"Kodukolle","url":"https:\/\/kodukolle.ee\/en\/","logo":{"@type":"ImageObject","inLanguage":"fi-FI","@id":"https:\/\/kodukolle.ee\/en\/#\/schema\/logo\/image\/","url":"https:\/\/kodukolle.ee\/wp-content\/uploads\/2025\/06\/logo_must_gradient.svg","contentUrl":"https:\/\/kodukolle.ee\/wp-content\/uploads\/2025\/06\/logo_must_gradient.svg","caption":"Kodukolle"},"image":{"@id":"https:\/\/kodukolle.ee\/en\/#\/schema\/logo\/image\/"}}]}},"_links":{"self":[{"href":"https:\/\/kodukolle.ee\/fi\/wp-json\/wp\/v2\/product\/25933","targetHints":{"allow":["GET"]}}],"collection":[{"href":"https:\/\/kodukolle.ee\/fi\/wp-json\/wp\/v2\/product"}],"about":[{"href":"https:\/\/kodukolle.ee\/fi\/wp-json\/wp\/v2\/types\/product"}],"wp:featuredmedia":[{"embeddable":true,"href":"https:\/\/kodukolle.ee\/fi\/wp-json\/wp\/v2\/media\/19513"}],"wp:attachment":[{"href":"https:\/\/kodukolle.ee\/fi\/wp-json\/wp\/v2\/media?parent=25933"}],"wp:term":[{"taxonomy":"product_brand","embeddable":true,"href":"https:\/\/kodukolle.ee\/fi\/wp-json\/wp\/v2\/product_brand?post=25933"},{"taxonomy":"product_cat","embeddable":true,"href":"https:\/\/kodukolle.ee\/fi\/wp-json\/wp\/v2\/product_cat?post=25933"},{"taxonomy":"product_tag","embeddable":true,"href":"https:\/\/kodukolle.ee\/fi\/wp-json\/wp\/v2\/product_tag?post=25933"}],"curies":[{"name":"wp","href":"https:\/\/api.w.org\/{rel}","templated":true}]}}