{"id":25969,"date":"2023-06-22T08:59:57","date_gmt":"2023-06-22T05:59:57","guid":{"rendered":"https:\/\/kodukolle.ee\/?post_type=product&#038;p=25969"},"modified":"2024-01-09T11:37:42","modified_gmt":"2024-01-09T09:37:42","slug":"lampoa-varaava-kaakeliuuni-gabriel-studio-2","status":"publish","type":"product","link":"https:\/\/kodukolle.ee\/fi\/tuote\/lampoa-varaava-kaakeliuuni-gabriel-studio-2\/","title":{"rendered":"L\u00e4mp\u00f6\u00e4 varaava kaakeliuuni Gabriel STUDIO 2"},"content":{"rendered":"<p>Gabrieli Studio 2 kaakeliuunin design on suosittu valinta uusiin koteihin ja antaa kotillesi erottuvan ilmeen. Studio 2 -uunien miellytt\u00e4v\u00e4 ja hidas l\u00e4mm\u00f6nluovutus tekee niist\u00e4 erityisen sopivia ymp\u00e4rist\u00f6yst\u00e4v\u00e4llisiin, v\u00e4h\u00e4n energiaa kuluttaviin taloihin. Sijoita miellytt\u00e4v\u00e4\u00e4n l\u00e4mp\u00f6\u00f6n ja mukavuuteen. Kuumailmakasetti, jossa on ruostumattomasta ter\u00e4ksest\u00e4 valmistettu runko ja ruostumattomasta ter\u00e4ksest\u00e4 valmistetut reunat, on vakiovaruste. Anna luovuutesi valloittaa vapaasti. Uunin voi tilata eri korkeuksilla ja v\u00e4reill\u00e4 sek\u00e4 k\u00e4sinmaalatuilla koristeilla. Vakiomalli on 4\/5 laatoitettu, vakiomallin korkeusalue on 2350-2420 mm.<\/p>\n<p><strong>Lis\u00e4varusteet ja -vaihtoehdot<\/strong><\/p>\n<ul>\n<li>Korkeutta voidaan s\u00e4\u00e4t\u00e4\u00e4 yl\u00f6s tai alas noin 100 mm:n v\u00e4lein.<\/li>\n<li>Valkoisen lis\u00e4ksi on mahdollista tilata lis\u00e4v\u00e4rin\u00e4 mustaa, punaista, harmaata ja sinist\u00e4. Haluttaessa on mahdollista kehitt\u00e4\u00e4 erityinen lasite.<\/li>\n<li>K\u00e4sinmaalatut koristeet, voit valita olemassa olevista koristeista tai luoda erikoiskuvion, joka on ainutlaatuinen.<\/li>\n<li>On mahdollista tilata se kaakeloituna ymp\u00e4ri.<\/li>\n<li>Kaikki ruostumattomat ter\u00e4sosat on mahdollista vaihtaa messinkiosille.<\/li>\n<li>On mahdollista tilata kaiverrettuja levyj\u00e4.<\/li>\n<li>Uunin etulevy ja ulko-ovet on mahdollista tilata messingist\u00e4 tai ruostumattomasta ter\u00e4ksest\u00e4.<\/li>\n<li>On mahdollista tilata tuuletin ja tuulettimen ohjauslaite.<\/li>\n<li>On mahdollista tilata ulkoinen ilmansy\u00f6tt\u00f6 liit\u00e4nt\u00e4.<\/li>\n<\/ul>\n<p>&nbsp;<\/p>\n","protected":false},"excerpt":{"rendered":"<p>Gabrieli Studio 2 kaakeliuunin design on suosittu valinta uusiin koteihin ja antaa kotillesi erottuvan ilmeen. Studio 2 -uunien miellytt\u00e4v\u00e4 ja hidas l\u00e4mm\u00f6nluovutus tekee niist\u00e4 erityisen sopivia ymp\u00e4rist\u00f6yst\u00e4v\u00e4llisiin, v\u00e4h\u00e4n energiaa kuluttaviin taloihin. Sijoita miellytt\u00e4v\u00e4\u00e4n l\u00e4mp\u00f6\u00f6n ja mukavuuteen. Kuumailmakasetti, jossa on ruostumattomasta ter\u00e4ksest\u00e4 valmistettu runko ja ruostumattomasta ter\u00e4ksest\u00e4 valmistetut reunat, on vakiovaruste. Anna luovuutesi valloittaa vapaasti.<\/p>\n","protected":false},"featured_media":14232,"template":"","meta":{"_acf_changed":false},"product_brand":[],"product_cat":[9684],"product_tag":[],"class_list":{"0":"post-25969","1":"product","2":"type-product","3":"status-publish","4":"has-post-thumbnail","6":"brands-gabriel-fi","7":"product_cat-varaavat-takat","9":"first","10":"instock","11":"shipping-taxable","12":"purchasable","13":"product-type-simple"},"acf":[],"yoast_head":"<!-- This site is optimized with the Yoast SEO plugin v27.2 - https:\/\/yoast.com\/product\/yoast-seo-wordpress\/ -->\n<title>L\u00e4mp\u00f6\u00e4 varaava kaakeliuuni Gabriel STUDIO 2 - Kodukolle<\/title>\n<meta name=\"description\" content=\"Gabrieli Studio 2 kaakeliuunin design on suosittu valinta uusiin koteihin ja antaa kotillesi erottuvan ilmeen. Sijoita miellytt\u00e4v\u00e4\u00e4n l\u00e4mp\u00f6\u00f6n ja mukavuuteen.\" \/>\n<meta name=\"robots\" content=\"index, follow, max-snippet:-1, max-image-preview:large, max-video-preview:-1\" \/>\n<link rel=\"canonical\" href=\"https:\/\/kodukolle.ee\/fi\/tuote\/lampoa-varaava-kaakeliuuni-gabriel-studio-2\/\" \/>\n<meta property=\"og:locale\" content=\"fi_FI\" \/>\n<meta property=\"og:type\" content=\"article\" \/>\n<meta property=\"og:title\" content=\"L\u00e4mp\u00f6\u00e4 varaava kaakeliuuni Gabriel STUDIO 2 - Kodukolle\" \/>\n<meta property=\"og:description\" content=\"Gabrieli Studio 2 kaakeliuunin design on suosittu valinta uusiin koteihin ja antaa kotillesi erottuvan ilmeen. Sijoita miellytt\u00e4v\u00e4\u00e4n l\u00e4mp\u00f6\u00f6n ja mukavuuteen.\" \/>\n<meta property=\"og:url\" content=\"https:\/\/kodukolle.ee\/fi\/tuote\/lampoa-varaava-kaakeliuuni-gabriel-studio-2\/\" \/>\n<meta property=\"og:site_name\" content=\"Kodukolle\" \/>\n<meta property=\"article:modified_time\" content=\"2024-01-09T09:37:42+00:00\" \/>\n<meta property=\"og:image\" content=\"https:\/\/kodukolle.ee\/wp-content\/uploads\/2023\/06\/kakelugn_studio2_7.jpg\" \/>\n\t<meta property=\"og:image:width\" content=\"1200\" \/>\n\t<meta property=\"og:image:height\" content=\"1200\" \/>\n\t<meta property=\"og:image:type\" content=\"image\/jpeg\" \/>\n<meta name=\"twitter:card\" content=\"summary_large_image\" \/>\n<meta name=\"twitter:label1\" content=\"Est. reading time\" \/>\n\t<meta name=\"twitter:data1\" content=\"2 minuuttia\" \/>\n<script type=\"application\/ld+json\" class=\"yoast-schema-graph\">{\"@context\":\"https:\/\/schema.org\",\"@graph\":[{\"@type\":\"WebPage\",\"@id\":\"https:\/\/kodukolle.ee\/fi\/tuote\/lampoa-varaava-kaakeliuuni-gabriel-studio-2\/\",\"url\":\"https:\/\/kodukolle.ee\/fi\/tuote\/lampoa-varaava-kaakeliuuni-gabriel-studio-2\/\",\"name\":\"L\u00e4mp\u00f6\u00e4 varaava kaakeliuuni Gabriel STUDIO 2 - Kodukolle\",\"isPartOf\":{\"@id\":\"https:\/\/kodukolle.ee\/en\/#website\"},\"primaryImageOfPage\":{\"@id\":\"https:\/\/kodukolle.ee\/fi\/tuote\/lampoa-varaava-kaakeliuuni-gabriel-studio-2\/#primaryimage\"},\"image\":{\"@id\":\"https:\/\/kodukolle.ee\/fi\/tuote\/lampoa-varaava-kaakeliuuni-gabriel-studio-2\/#primaryimage\"},\"thumbnailUrl\":\"https:\/\/kodukolle.ee\/wp-content\/uploads\/2023\/06\/kakelugn_studio2_7.jpg\",\"datePublished\":\"2023-06-22T05:59:57+00:00\",\"dateModified\":\"2024-01-09T09:37:42+00:00\",\"description\":\"Gabrieli Studio 2 kaakeliuunin design on suosittu valinta uusiin koteihin ja antaa kotillesi erottuvan ilmeen. Sijoita miellytt\u00e4v\u00e4\u00e4n l\u00e4mp\u00f6\u00f6n ja mukavuuteen.\",\"breadcrumb\":{\"@id\":\"https:\/\/kodukolle.ee\/fi\/tuote\/lampoa-varaava-kaakeliuuni-gabriel-studio-2\/#breadcrumb\"},\"inLanguage\":\"fi\",\"potentialAction\":[{\"@type\":\"ReadAction\",\"target\":[\"https:\/\/kodukolle.ee\/fi\/tuote\/lampoa-varaava-kaakeliuuni-gabriel-studio-2\/\"]}]},{\"@type\":\"ImageObject\",\"inLanguage\":\"fi\",\"@id\":\"https:\/\/kodukolle.ee\/fi\/tuote\/lampoa-varaava-kaakeliuuni-gabriel-studio-2\/#primaryimage\",\"url\":\"https:\/\/kodukolle.ee\/wp-content\/uploads\/2023\/06\/kakelugn_studio2_7.jpg\",\"contentUrl\":\"https:\/\/kodukolle.ee\/wp-content\/uploads\/2023\/06\/kakelugn_studio2_7.jpg\",\"width\":1200,\"height\":1200,\"caption\":\"Studio 2\"},{\"@type\":\"BreadcrumbList\",\"@id\":\"https:\/\/kodukolle.ee\/fi\/tuote\/lampoa-varaava-kaakeliuuni-gabriel-studio-2\/#breadcrumb\",\"itemListElement\":[{\"@type\":\"ListItem\",\"position\":1,\"name\":\"Home\",\"item\":\"https:\/\/kodukolle.ee\/fi\/\"},{\"@type\":\"ListItem\",\"position\":2,\"name\":\"Tuotteet\",\"item\":\"https:\/\/kodukolle.ee\/fi\/tuotteet\/\"},{\"@type\":\"ListItem\",\"position\":3,\"name\":\"L\u00e4mp\u00f6\u00e4 varaava kaakeliuuni Gabriel STUDIO 2\"}]},{\"@type\":\"WebSite\",\"@id\":\"https:\/\/kodukolle.ee\/en\/#website\",\"url\":\"https:\/\/kodukolle.ee\/en\/\",\"name\":\"Kodukolle\",\"description\":\"\",\"publisher\":{\"@id\":\"https:\/\/kodukolle.ee\/en\/#organization\"},\"potentialAction\":[{\"@type\":\"SearchAction\",\"target\":{\"@type\":\"EntryPoint\",\"urlTemplate\":\"https:\/\/kodukolle.ee\/en\/?s={search_term_string}\"},\"query-input\":{\"@type\":\"PropertyValueSpecification\",\"valueRequired\":true,\"valueName\":\"search_term_string\"}}],\"inLanguage\":\"fi\"},{\"@type\":\"Organization\",\"@id\":\"https:\/\/kodukolle.ee\/en\/#organization\",\"name\":\"Kodukolle\",\"url\":\"https:\/\/kodukolle.ee\/en\/\",\"logo\":{\"@type\":\"ImageObject\",\"inLanguage\":\"fi\",\"@id\":\"https:\/\/kodukolle.ee\/en\/#\/schema\/logo\/image\/\",\"url\":\"https:\/\/kodukolle.ee\/wp-content\/uploads\/2025\/06\/logo_must_gradient.svg\",\"contentUrl\":\"https:\/\/kodukolle.ee\/wp-content\/uploads\/2025\/06\/logo_must_gradient.svg\",\"caption\":\"Kodukolle\"},\"image\":{\"@id\":\"https:\/\/kodukolle.ee\/en\/#\/schema\/logo\/image\/\"}}]}<\/script>\n<!-- \/ Yoast SEO plugin. -->","yoast_head_json":{"title":"L\u00e4mp\u00f6\u00e4 varaava kaakeliuuni Gabriel STUDIO 2 - Kodukolle","description":"Gabrieli Studio 2 kaakeliuunin design on suosittu valinta uusiin koteihin ja antaa kotillesi erottuvan ilmeen. Sijoita miellytt\u00e4v\u00e4\u00e4n l\u00e4mp\u00f6\u00f6n ja mukavuuteen.","robots":{"index":"index","follow":"follow","max-snippet":"max-snippet:-1","max-image-preview":"max-image-preview:large","max-video-preview":"max-video-preview:-1"},"canonical":"https:\/\/kodukolle.ee\/fi\/tuote\/lampoa-varaava-kaakeliuuni-gabriel-studio-2\/","og_locale":"fi_FI","og_type":"article","og_title":"L\u00e4mp\u00f6\u00e4 varaava kaakeliuuni Gabriel STUDIO 2 - Kodukolle","og_description":"Gabrieli Studio 2 kaakeliuunin design on suosittu valinta uusiin koteihin ja antaa kotillesi erottuvan ilmeen. Sijoita miellytt\u00e4v\u00e4\u00e4n l\u00e4mp\u00f6\u00f6n ja mukavuuteen.","og_url":"https:\/\/kodukolle.ee\/fi\/tuote\/lampoa-varaava-kaakeliuuni-gabriel-studio-2\/","og_site_name":"Kodukolle","article_modified_time":"2024-01-09T09:37:42+00:00","og_image":[{"width":1200,"height":1200,"url":"https:\/\/kodukolle.ee\/wp-content\/uploads\/2023\/06\/kakelugn_studio2_7.jpg","type":"image\/jpeg"}],"twitter_card":"summary_large_image","twitter_misc":{"Est. reading time":"2 minuuttia"},"schema":{"@context":"https:\/\/schema.org","@graph":[{"@type":"WebPage","@id":"https:\/\/kodukolle.ee\/fi\/tuote\/lampoa-varaava-kaakeliuuni-gabriel-studio-2\/","url":"https:\/\/kodukolle.ee\/fi\/tuote\/lampoa-varaava-kaakeliuuni-gabriel-studio-2\/","name":"L\u00e4mp\u00f6\u00e4 varaava kaakeliuuni Gabriel STUDIO 2 - Kodukolle","isPartOf":{"@id":"https:\/\/kodukolle.ee\/en\/#website"},"primaryImageOfPage":{"@id":"https:\/\/kodukolle.ee\/fi\/tuote\/lampoa-varaava-kaakeliuuni-gabriel-studio-2\/#primaryimage"},"image":{"@id":"https:\/\/kodukolle.ee\/fi\/tuote\/lampoa-varaava-kaakeliuuni-gabriel-studio-2\/#primaryimage"},"thumbnailUrl":"https:\/\/kodukolle.ee\/wp-content\/uploads\/2023\/06\/kakelugn_studio2_7.jpg","datePublished":"2023-06-22T05:59:57+00:00","dateModified":"2024-01-09T09:37:42+00:00","description":"Gabrieli Studio 2 kaakeliuunin design on suosittu valinta uusiin koteihin ja antaa kotillesi erottuvan ilmeen. Sijoita miellytt\u00e4v\u00e4\u00e4n l\u00e4mp\u00f6\u00f6n ja mukavuuteen.","breadcrumb":{"@id":"https:\/\/kodukolle.ee\/fi\/tuote\/lampoa-varaava-kaakeliuuni-gabriel-studio-2\/#breadcrumb"},"inLanguage":"fi","potentialAction":[{"@type":"ReadAction","target":["https:\/\/kodukolle.ee\/fi\/tuote\/lampoa-varaava-kaakeliuuni-gabriel-studio-2\/"]}]},{"@type":"ImageObject","inLanguage":"fi","@id":"https:\/\/kodukolle.ee\/fi\/tuote\/lampoa-varaava-kaakeliuuni-gabriel-studio-2\/#primaryimage","url":"https:\/\/kodukolle.ee\/wp-content\/uploads\/2023\/06\/kakelugn_studio2_7.jpg","contentUrl":"https:\/\/kodukolle.ee\/wp-content\/uploads\/2023\/06\/kakelugn_studio2_7.jpg","width":1200,"height":1200,"caption":"Studio 2"},{"@type":"BreadcrumbList","@id":"https:\/\/kodukolle.ee\/fi\/tuote\/lampoa-varaava-kaakeliuuni-gabriel-studio-2\/#breadcrumb","itemListElement":[{"@type":"ListItem","position":1,"name":"Home","item":"https:\/\/kodukolle.ee\/fi\/"},{"@type":"ListItem","position":2,"name":"Tuotteet","item":"https:\/\/kodukolle.ee\/fi\/tuotteet\/"},{"@type":"ListItem","position":3,"name":"L\u00e4mp\u00f6\u00e4 varaava kaakeliuuni Gabriel STUDIO 2"}]},{"@type":"WebSite","@id":"https:\/\/kodukolle.ee\/en\/#website","url":"https:\/\/kodukolle.ee\/en\/","name":"Kodukolle","description":"","publisher":{"@id":"https:\/\/kodukolle.ee\/en\/#organization"},"potentialAction":[{"@type":"SearchAction","target":{"@type":"EntryPoint","urlTemplate":"https:\/\/kodukolle.ee\/en\/?s={search_term_string}"},"query-input":{"@type":"PropertyValueSpecification","valueRequired":true,"valueName":"search_term_string"}}],"inLanguage":"fi"},{"@type":"Organization","@id":"https:\/\/kodukolle.ee\/en\/#organization","name":"Kodukolle","url":"https:\/\/kodukolle.ee\/en\/","logo":{"@type":"ImageObject","inLanguage":"fi","@id":"https:\/\/kodukolle.ee\/en\/#\/schema\/logo\/image\/","url":"https:\/\/kodukolle.ee\/wp-content\/uploads\/2025\/06\/logo_must_gradient.svg","contentUrl":"https:\/\/kodukolle.ee\/wp-content\/uploads\/2025\/06\/logo_must_gradient.svg","caption":"Kodukolle"},"image":{"@id":"https:\/\/kodukolle.ee\/en\/#\/schema\/logo\/image\/"}}]}},"_links":{"self":[{"href":"https:\/\/kodukolle.ee\/fi\/wp-json\/wp\/v2\/product\/25969","targetHints":{"allow":["GET"]}}],"collection":[{"href":"https:\/\/kodukolle.ee\/fi\/wp-json\/wp\/v2\/product"}],"about":[{"href":"https:\/\/kodukolle.ee\/fi\/wp-json\/wp\/v2\/types\/product"}],"wp:featuredmedia":[{"embeddable":true,"href":"https:\/\/kodukolle.ee\/fi\/wp-json\/wp\/v2\/media\/14232"}],"wp:attachment":[{"href":"https:\/\/kodukolle.ee\/fi\/wp-json\/wp\/v2\/media?parent=25969"}],"wp:term":[{"taxonomy":"product_brand","embeddable":true,"href":"https:\/\/kodukolle.ee\/fi\/wp-json\/wp\/v2\/product_brand?post=25969"},{"taxonomy":"product_cat","embeddable":true,"href":"https:\/\/kodukolle.ee\/fi\/wp-json\/wp\/v2\/product_cat?post=25969"},{"taxonomy":"product_tag","embeddable":true,"href":"https:\/\/kodukolle.ee\/fi\/wp-json\/wp\/v2\/product_tag?post=25969"}],"curies":[{"name":"wp","href":"https:\/\/api.w.org\/{rel}","templated":true}]}}