{"id":25973,"date":"2022-07-14T15:45:41","date_gmt":"2022-07-14T12:45:41","guid":{"rendered":"https:\/\/kodukolle.ee\/?post_type=product&#038;p=25973"},"modified":"2023-12-21T11:26:56","modified_gmt":"2023-12-21T09:26:56","slug":"varaava-takka-leda-colona","status":"publish","type":"product","link":"https:\/\/kodukolle.ee\/fi\/tuote\/varaava-takka-leda-colona\/","title":{"rendered":"Varaava takka Leda COLONA"},"content":{"rendered":"<p>Leda Colona takka on vieh\u00e4tt\u00e4v\u00e4 ulkon\u00e4k\u00f6, joka luo v\u00e4litt\u00f6m\u00e4sti kodikkaan tunnelman. Se tarjoaa ihastuttavaa mukavuutta pitk\u00e4n ty\u00f6p\u00e4iv\u00e4n j\u00e4lkeen, jolloin voit l\u00e4mmitell\u00e4 kylmin\u00e4 talvip\u00e4ivin\u00e4 tai sateisina kes\u00e4iltoina. Colona-uuni muuttaa mink\u00e4 tahansa asunnon tai talon todelliseksi kodiksi. Sen kaarevassa kaksinkertaisella lasilla ovessa on ruostumattomasta ter\u00e4ksest\u00e4 valmistettu kahva, kun taas l\u00e4mp\u00f6\u00e4 varaava samottikeraaminen sisustus ja valurautainen kotelo pit\u00e4v\u00e4t l\u00e4mp\u00f6\u00e4 tehokkaasti pitk\u00e4\u00e4n. Pienikin m\u00e4\u00e4r\u00e4 puuta antaa pitk\u00e4kestoisen lempe\u00e4n l\u00e4mp\u00f6s\u00e4teilyn tuntikausia. T\u00e4m\u00e4 tekee siit\u00e4 ihanteellisen valinnan matalaenergiataloihin.<\/p>\n<p><strong>V\u00e4rivaihtoehdot<\/strong><\/p>\n<ul>\n<li>mustaksi lakattu (matta)<\/li>\n<li>valkoiseksi emaloitu<\/li>\n<li>tummanvihre\u00e4 emaloitu<\/li>\n<li>tummanpunainen emaloitu<\/li>\n<\/ul>\n<p><strong>Saatavana lis\u00e4varusteena<\/strong><\/p>\n<ul>\n<li>Py\u00f6riv\u00e4 konsoli, joka mahdollistaa uunin py\u00f6rimisen 360 astetta<\/li>\n<li>LEDATRONIC LT3 WiFi elektroninen paloilman ohjausyksikk\u00f6<\/li>\n<\/ul>\n<p>&nbsp;<\/p>\n","protected":false},"excerpt":{"rendered":"<p>Leda Colona takka on vieh\u00e4tt\u00e4v\u00e4 ulkon\u00e4k\u00f6, joka luo v\u00e4litt\u00f6m\u00e4sti kodikkaan tunnelman. Se tarjoaa ihastuttavaa mukavuutta pitk\u00e4n ty\u00f6p\u00e4iv\u00e4n j\u00e4lkeen, jolloin voit l\u00e4mmitell\u00e4 kylmin\u00e4 talvip\u00e4ivin\u00e4 tai sateisina kes\u00e4iltoina. Colona-uuni muuttaa mink\u00e4 tahansa asunnon tai talon todelliseksi kodiksi. Sen kaarevassa kaksinkertaisessa ovessa on ruostumattomasta ter\u00e4ksest\u00e4 valmistettu kahva, kun taas l\u00e4mp\u00f6\u00e4 varaava samottikeraaminen sisustus ja valurautainen kotelo pit\u00e4v\u00e4t l\u00e4mp\u00f6\u00e4 tehokkaasti pitk\u00e4\u00e4n. Pienikin m\u00e4\u00e4r\u00e4 puuta antaa pitk\u00e4kestoisen lempe\u00e4n l\u00e4mp\u00f6s\u00e4teilyn tuntikausia. T\u00e4m\u00e4 tekee siit\u00e4 ihanteellisen valinnan matalaenergiataloihin.<\/p>\n","protected":false},"featured_media":13529,"template":"","meta":{"_acf_changed":false},"product_brand":[],"product_cat":[9684,9620,9723],"product_tag":[],"class_list":{"0":"post-25973","1":"product","2":"type-product","3":"status-publish","4":"has-post-thumbnail","6":"brands-leda-fi","7":"product_cat-varaavat-takat","8":"product_cat-takat","9":"product_cat-ale","11":"first","12":"instock","13":"shipping-taxable","14":"purchasable","15":"product-type-simple"},"acf":[],"yoast_head":"<!-- This site is optimized with the Yoast SEO plugin v27.2 - https:\/\/yoast.com\/product\/yoast-seo-wordpress\/ -->\n<title>Varaava takka Leda COLONA - Kodukolle<\/title>\n<meta name=\"description\" content=\"Leda Colona takka on vieh\u00e4tt\u00e4v\u00e4 ulkon\u00e4k\u00f6, joka luo v\u00e4litt\u00f6m\u00e4sti kodikkaan tunnelman. Colona-uuni muuttaa mink\u00e4 tahansa asunnon tai talon todelliseksi kodiksi.\" \/>\n<meta name=\"robots\" content=\"index, follow, max-snippet:-1, max-image-preview:large, max-video-preview:-1\" \/>\n<link rel=\"canonical\" href=\"https:\/\/kodukolle.ee\/fi\/tuote\/varaava-takka-leda-colona\/\" \/>\n<meta property=\"og:locale\" content=\"fi_FI\" \/>\n<meta property=\"og:type\" content=\"article\" \/>\n<meta property=\"og:title\" content=\"Varaava takka Leda COLONA - Kodukolle\" \/>\n<meta property=\"og:description\" content=\"Leda Colona takka on vieh\u00e4tt\u00e4v\u00e4 ulkon\u00e4k\u00f6, joka luo v\u00e4litt\u00f6m\u00e4sti kodikkaan tunnelman. Colona-uuni muuttaa mink\u00e4 tahansa asunnon tai talon todelliseksi kodiksi.\" \/>\n<meta property=\"og:url\" content=\"https:\/\/kodukolle.ee\/fi\/tuote\/varaava-takka-leda-colona\/\" \/>\n<meta property=\"og:site_name\" content=\"Kodukolle\" \/>\n<meta property=\"article:modified_time\" content=\"2023-12-21T09:26:56+00:00\" \/>\n<meta property=\"og:image\" content=\"https:\/\/kodukolle.ee\/wp-content\/uploads\/2022\/07\/COLONA_1.jpg\" \/>\n\t<meta property=\"og:image:width\" content=\"600\" \/>\n\t<meta property=\"og:image:height\" content=\"600\" \/>\n\t<meta property=\"og:image:type\" content=\"image\/jpeg\" \/>\n<meta name=\"twitter:card\" content=\"summary_large_image\" \/>\n<meta name=\"twitter:label1\" content=\"Est. reading time\" \/>\n\t<meta name=\"twitter:data1\" content=\"1 minuutti\" \/>\n<script type=\"application\/ld+json\" class=\"yoast-schema-graph\">{\"@context\":\"https:\/\/schema.org\",\"@graph\":[{\"@type\":\"WebPage\",\"@id\":\"https:\/\/kodukolle.ee\/fi\/tuote\/varaava-takka-leda-colona\/\",\"url\":\"https:\/\/kodukolle.ee\/fi\/tuote\/varaava-takka-leda-colona\/\",\"name\":\"Varaava takka Leda COLONA - Kodukolle\",\"isPartOf\":{\"@id\":\"https:\/\/kodukolle.ee\/en\/#website\"},\"primaryImageOfPage\":{\"@id\":\"https:\/\/kodukolle.ee\/fi\/tuote\/varaava-takka-leda-colona\/#primaryimage\"},\"image\":{\"@id\":\"https:\/\/kodukolle.ee\/fi\/tuote\/varaava-takka-leda-colona\/#primaryimage\"},\"thumbnailUrl\":\"https:\/\/kodukolle.ee\/wp-content\/uploads\/2022\/07\/COLONA_1.jpg\",\"datePublished\":\"2022-07-14T12:45:41+00:00\",\"dateModified\":\"2023-12-21T09:26:56+00:00\",\"description\":\"Leda Colona takka on vieh\u00e4tt\u00e4v\u00e4 ulkon\u00e4k\u00f6, joka luo v\u00e4litt\u00f6m\u00e4sti kodikkaan tunnelman. Colona-uuni muuttaa mink\u00e4 tahansa asunnon tai talon todelliseksi kodiksi.\",\"breadcrumb\":{\"@id\":\"https:\/\/kodukolle.ee\/fi\/tuote\/varaava-takka-leda-colona\/#breadcrumb\"},\"inLanguage\":\"fi\",\"potentialAction\":[{\"@type\":\"ReadAction\",\"target\":[\"https:\/\/kodukolle.ee\/fi\/tuote\/varaava-takka-leda-colona\/\"]}]},{\"@type\":\"ImageObject\",\"inLanguage\":\"fi\",\"@id\":\"https:\/\/kodukolle.ee\/fi\/tuote\/varaava-takka-leda-colona\/#primaryimage\",\"url\":\"https:\/\/kodukolle.ee\/wp-content\/uploads\/2022\/07\/COLONA_1.jpg\",\"contentUrl\":\"https:\/\/kodukolle.ee\/wp-content\/uploads\/2022\/07\/COLONA_1.jpg\",\"width\":600,\"height\":600,\"caption\":\"Colona\"},{\"@type\":\"BreadcrumbList\",\"@id\":\"https:\/\/kodukolle.ee\/fi\/tuote\/varaava-takka-leda-colona\/#breadcrumb\",\"itemListElement\":[{\"@type\":\"ListItem\",\"position\":1,\"name\":\"Home\",\"item\":\"https:\/\/kodukolle.ee\/fi\/\"},{\"@type\":\"ListItem\",\"position\":2,\"name\":\"Tuotteet\",\"item\":\"https:\/\/kodukolle.ee\/fi\/tuotteet\/\"},{\"@type\":\"ListItem\",\"position\":3,\"name\":\"Varaava takka Leda COLONA\"}]},{\"@type\":\"WebSite\",\"@id\":\"https:\/\/kodukolle.ee\/en\/#website\",\"url\":\"https:\/\/kodukolle.ee\/en\/\",\"name\":\"Kodukolle\",\"description\":\"\",\"publisher\":{\"@id\":\"https:\/\/kodukolle.ee\/en\/#organization\"},\"potentialAction\":[{\"@type\":\"SearchAction\",\"target\":{\"@type\":\"EntryPoint\",\"urlTemplate\":\"https:\/\/kodukolle.ee\/en\/?s={search_term_string}\"},\"query-input\":{\"@type\":\"PropertyValueSpecification\",\"valueRequired\":true,\"valueName\":\"search_term_string\"}}],\"inLanguage\":\"fi\"},{\"@type\":\"Organization\",\"@id\":\"https:\/\/kodukolle.ee\/en\/#organization\",\"name\":\"Kodukolle\",\"url\":\"https:\/\/kodukolle.ee\/en\/\",\"logo\":{\"@type\":\"ImageObject\",\"inLanguage\":\"fi\",\"@id\":\"https:\/\/kodukolle.ee\/en\/#\/schema\/logo\/image\/\",\"url\":\"https:\/\/kodukolle.ee\/wp-content\/uploads\/2025\/06\/logo_must_gradient.svg\",\"contentUrl\":\"https:\/\/kodukolle.ee\/wp-content\/uploads\/2025\/06\/logo_must_gradient.svg\",\"caption\":\"Kodukolle\"},\"image\":{\"@id\":\"https:\/\/kodukolle.ee\/en\/#\/schema\/logo\/image\/\"}}]}<\/script>\n<!-- \/ Yoast SEO plugin. -->","yoast_head_json":{"title":"Varaava takka Leda COLONA - Kodukolle","description":"Leda Colona takka on vieh\u00e4tt\u00e4v\u00e4 ulkon\u00e4k\u00f6, joka luo v\u00e4litt\u00f6m\u00e4sti kodikkaan tunnelman. Colona-uuni muuttaa mink\u00e4 tahansa asunnon tai talon todelliseksi kodiksi.","robots":{"index":"index","follow":"follow","max-snippet":"max-snippet:-1","max-image-preview":"max-image-preview:large","max-video-preview":"max-video-preview:-1"},"canonical":"https:\/\/kodukolle.ee\/fi\/tuote\/varaava-takka-leda-colona\/","og_locale":"fi_FI","og_type":"article","og_title":"Varaava takka Leda COLONA - Kodukolle","og_description":"Leda Colona takka on vieh\u00e4tt\u00e4v\u00e4 ulkon\u00e4k\u00f6, joka luo v\u00e4litt\u00f6m\u00e4sti kodikkaan tunnelman. Colona-uuni muuttaa mink\u00e4 tahansa asunnon tai talon todelliseksi kodiksi.","og_url":"https:\/\/kodukolle.ee\/fi\/tuote\/varaava-takka-leda-colona\/","og_site_name":"Kodukolle","article_modified_time":"2023-12-21T09:26:56+00:00","og_image":[{"width":600,"height":600,"url":"https:\/\/kodukolle.ee\/wp-content\/uploads\/2022\/07\/COLONA_1.jpg","type":"image\/jpeg"}],"twitter_card":"summary_large_image","twitter_misc":{"Est. reading time":"1 minuutti"},"schema":{"@context":"https:\/\/schema.org","@graph":[{"@type":"WebPage","@id":"https:\/\/kodukolle.ee\/fi\/tuote\/varaava-takka-leda-colona\/","url":"https:\/\/kodukolle.ee\/fi\/tuote\/varaava-takka-leda-colona\/","name":"Varaava takka Leda COLONA - Kodukolle","isPartOf":{"@id":"https:\/\/kodukolle.ee\/en\/#website"},"primaryImageOfPage":{"@id":"https:\/\/kodukolle.ee\/fi\/tuote\/varaava-takka-leda-colona\/#primaryimage"},"image":{"@id":"https:\/\/kodukolle.ee\/fi\/tuote\/varaava-takka-leda-colona\/#primaryimage"},"thumbnailUrl":"https:\/\/kodukolle.ee\/wp-content\/uploads\/2022\/07\/COLONA_1.jpg","datePublished":"2022-07-14T12:45:41+00:00","dateModified":"2023-12-21T09:26:56+00:00","description":"Leda Colona takka on vieh\u00e4tt\u00e4v\u00e4 ulkon\u00e4k\u00f6, joka luo v\u00e4litt\u00f6m\u00e4sti kodikkaan tunnelman. Colona-uuni muuttaa mink\u00e4 tahansa asunnon tai talon todelliseksi kodiksi.","breadcrumb":{"@id":"https:\/\/kodukolle.ee\/fi\/tuote\/varaava-takka-leda-colona\/#breadcrumb"},"inLanguage":"fi","potentialAction":[{"@type":"ReadAction","target":["https:\/\/kodukolle.ee\/fi\/tuote\/varaava-takka-leda-colona\/"]}]},{"@type":"ImageObject","inLanguage":"fi","@id":"https:\/\/kodukolle.ee\/fi\/tuote\/varaava-takka-leda-colona\/#primaryimage","url":"https:\/\/kodukolle.ee\/wp-content\/uploads\/2022\/07\/COLONA_1.jpg","contentUrl":"https:\/\/kodukolle.ee\/wp-content\/uploads\/2022\/07\/COLONA_1.jpg","width":600,"height":600,"caption":"Colona"},{"@type":"BreadcrumbList","@id":"https:\/\/kodukolle.ee\/fi\/tuote\/varaava-takka-leda-colona\/#breadcrumb","itemListElement":[{"@type":"ListItem","position":1,"name":"Home","item":"https:\/\/kodukolle.ee\/fi\/"},{"@type":"ListItem","position":2,"name":"Tuotteet","item":"https:\/\/kodukolle.ee\/fi\/tuotteet\/"},{"@type":"ListItem","position":3,"name":"Varaava takka Leda COLONA"}]},{"@type":"WebSite","@id":"https:\/\/kodukolle.ee\/en\/#website","url":"https:\/\/kodukolle.ee\/en\/","name":"Kodukolle","description":"","publisher":{"@id":"https:\/\/kodukolle.ee\/en\/#organization"},"potentialAction":[{"@type":"SearchAction","target":{"@type":"EntryPoint","urlTemplate":"https:\/\/kodukolle.ee\/en\/?s={search_term_string}"},"query-input":{"@type":"PropertyValueSpecification","valueRequired":true,"valueName":"search_term_string"}}],"inLanguage":"fi"},{"@type":"Organization","@id":"https:\/\/kodukolle.ee\/en\/#organization","name":"Kodukolle","url":"https:\/\/kodukolle.ee\/en\/","logo":{"@type":"ImageObject","inLanguage":"fi","@id":"https:\/\/kodukolle.ee\/en\/#\/schema\/logo\/image\/","url":"https:\/\/kodukolle.ee\/wp-content\/uploads\/2025\/06\/logo_must_gradient.svg","contentUrl":"https:\/\/kodukolle.ee\/wp-content\/uploads\/2025\/06\/logo_must_gradient.svg","caption":"Kodukolle"},"image":{"@id":"https:\/\/kodukolle.ee\/en\/#\/schema\/logo\/image\/"}}]}},"_links":{"self":[{"href":"https:\/\/kodukolle.ee\/fi\/wp-json\/wp\/v2\/product\/25973","targetHints":{"allow":["GET"]}}],"collection":[{"href":"https:\/\/kodukolle.ee\/fi\/wp-json\/wp\/v2\/product"}],"about":[{"href":"https:\/\/kodukolle.ee\/fi\/wp-json\/wp\/v2\/types\/product"}],"wp:featuredmedia":[{"embeddable":true,"href":"https:\/\/kodukolle.ee\/fi\/wp-json\/wp\/v2\/media\/13529"}],"wp:attachment":[{"href":"https:\/\/kodukolle.ee\/fi\/wp-json\/wp\/v2\/media?parent=25973"}],"wp:term":[{"taxonomy":"product_brand","embeddable":true,"href":"https:\/\/kodukolle.ee\/fi\/wp-json\/wp\/v2\/product_brand?post=25973"},{"taxonomy":"product_cat","embeddable":true,"href":"https:\/\/kodukolle.ee\/fi\/wp-json\/wp\/v2\/product_cat?post=25973"},{"taxonomy":"product_tag","embeddable":true,"href":"https:\/\/kodukolle.ee\/fi\/wp-json\/wp\/v2\/product_tag?post=25973"}],"curies":[{"name":"wp","href":"https:\/\/api.w.org\/{rel}","templated":true}]}}