{"id":26030,"date":"2019-09-23T11:25:08","date_gmt":"2019-09-23T08:25:08","guid":{"rendered":"https:\/\/kodukolle.ee\/?post_type=product&#038;p=26030"},"modified":"2023-12-19T15:42:06","modified_gmt":"2023-12-19T13:42:06","slug":"keskuslammitysliesi-lanordica-termosovrana-dsa","status":"publish","type":"product","link":"https:\/\/kodukolle.ee\/fi\/tuote\/keskuslammitysliesi-lanordica-termosovrana-dsa\/","title":{"rendered":"Keskusl\u00e4mmitysliesi LaNordica TERMOSOVRANA DSA"},"content":{"rendered":"<p>LaNordica Termosovrana DSA -liesi voidaan liitt\u00e4\u00e4 keskusl\u00e4mmitysj\u00e4rjestelm\u00e4\u00e4n ja se l\u00e4mmitt\u00e4\u00e4 kodikasta koko taloa. L\u00e4mmitysj\u00e4rjestelm\u00e4\u00e4n integroinnin lis\u00e4ksi mahdollista on my\u00f6s liit\u00e4nt\u00e4 k\u00e4ytt\u00f6veden l\u00e4mmitykseen sek\u00e4 ruoanlaittoon ja leivontaan Termosovranan liesill\u00e4. Vahva rakenne ja ter\u00e4ksinen tulikammio takaavat lieden pitk\u00e4ik\u00e4isen ja laadukkaan ulkon\u00e4\u00f6n. Lieden ulkokuori on posliiniemaloitua ter\u00e4st\u00e4, joka sopii t\u00e4ydellisesti yksinkertaisiin ruostumattomiin kahvoihin. Rentouttavia liekkej\u00e4 ja ruoan kypsennysprosessia posliiniemaloidussa 41 litran keittokammiossa voi seurata kahdesta suuresta liesiovesta. Uunin alaosassa on iso vetolaatikko, jossa voit s\u00e4ilytt\u00e4\u00e4 polttopuita tai muita tarvikkeita. Liesilevy renkaineen on valurautaa ja voidaan my\u00f6s peitt\u00e4\u00e4 lautasella. Liesi on varustettu turvalaitteella DSA, joka est\u00e4\u00e4 j\u00e4rjestelm\u00e4n ylikuumenemisen ja siten laitteen vahingoittumisen (DSA paineventtiili ei sis\u00e4lly toimitukseen). DSA-l\u00e4mp\u00f6laitteet voidaan asentaa sek\u00e4 avoimeen paisuntas\u00e4ili\u00f6j\u00e4rjestelm\u00e4\u00e4n ett\u00e4 suljettuun paisuntas\u00e4ili\u00f6j\u00e4rjestelm\u00e4\u00e4n.<br \/>\n&nbsp;<\/p>\n","protected":false},"excerpt":{"rendered":"<p>LaNordica Termosovrana DSA -liesi voidaan liitt\u00e4\u00e4 keskusl\u00e4mmitysj\u00e4rjestelm\u00e4\u00e4n ja se l\u00e4mmitt\u00e4\u00e4 kodikasta koko taloa. L\u00e4mmitysj\u00e4rjestelm\u00e4\u00e4n integroinnin lis\u00e4ksi mahdollista on my\u00f6s liit\u00e4nt\u00e4 k\u00e4ytt\u00f6veden l\u00e4mmitykseen sek\u00e4 ruoanlaittoon ja leivontaan Termosovranan liesill\u00e4. Vahva rakenne ja ter\u00e4ksinen tulikammio takaavat takkaan pitk\u00e4ik\u00e4isen ja laadukkaan ulkon\u00e4\u00f6n. <\/p>\n","protected":false},"featured_media":15866,"template":"","meta":{"_acf_changed":false},"product_brand":[],"product_cat":[9688],"product_tag":[],"class_list":{"0":"post-26030","1":"product","2":"type-product","3":"status-publish","4":"has-post-thumbnail","6":"brands-nordica-fi","7":"product_cat-keskuslammitys","9":"first","10":"instock","11":"shipping-taxable","12":"purchasable","13":"product-type-simple"},"acf":[],"yoast_head":"<!-- This site is optimized with the Yoast SEO plugin v27.2 - https:\/\/yoast.com\/product\/yoast-seo-wordpress\/ -->\n<title>Keskusl\u00e4mmitysliesi LaNordica TERMOSOVRANA DSA - Kodukolle<\/title>\n<meta name=\"description\" content=\"LaNordica Termosovrana DSA -liesi voidaan liitt\u00e4\u00e4 keskusl\u00e4mmitysj\u00e4rjestelm\u00e4\u00e4n ja se l\u00e4mmitt\u00e4\u00e4 kodikasta koko taloa.\" \/>\n<meta name=\"robots\" content=\"index, follow, max-snippet:-1, max-image-preview:large, max-video-preview:-1\" \/>\n<link rel=\"canonical\" href=\"https:\/\/kodukolle.ee\/fi\/tuote\/keskuslammitysliesi-lanordica-termosovrana-dsa\/\" \/>\n<meta property=\"og:locale\" content=\"fi_FI\" \/>\n<meta property=\"og:type\" content=\"article\" \/>\n<meta property=\"og:title\" content=\"Keskusl\u00e4mmitysliesi LaNordica TERMOSOVRANA DSA - Kodukolle\" \/>\n<meta property=\"og:description\" content=\"LaNordica Termosovrana DSA -liesi voidaan liitt\u00e4\u00e4 keskusl\u00e4mmitysj\u00e4rjestelm\u00e4\u00e4n ja se l\u00e4mmitt\u00e4\u00e4 kodikasta koko taloa.\" \/>\n<meta property=\"og:url\" content=\"https:\/\/kodukolle.ee\/fi\/tuote\/keskuslammitysliesi-lanordica-termosovrana-dsa\/\" \/>\n<meta property=\"og:site_name\" content=\"Kodukolle\" \/>\n<meta property=\"article:modified_time\" content=\"2023-12-19T13:42:06+00:00\" \/>\n<meta property=\"og:image\" content=\"https:\/\/kodukolle.ee\/wp-content\/uploads\/2019\/09\/TermoSovrana.jpg-scaled.webp\" \/>\n\t<meta property=\"og:image:width\" content=\"2560\" \/>\n\t<meta property=\"og:image:height\" content=\"1820\" \/>\n\t<meta property=\"og:image:type\" content=\"image\/webp\" \/>\n<meta name=\"twitter:card\" content=\"summary_large_image\" \/>\n<script type=\"application\/ld+json\" class=\"yoast-schema-graph\">{\"@context\":\"https:\/\/schema.org\",\"@graph\":[{\"@type\":\"WebPage\",\"@id\":\"https:\/\/kodukolle.ee\/fi\/tuote\/keskuslammitysliesi-lanordica-termosovrana-dsa\/\",\"url\":\"https:\/\/kodukolle.ee\/fi\/tuote\/keskuslammitysliesi-lanordica-termosovrana-dsa\/\",\"name\":\"Keskusl\u00e4mmitysliesi LaNordica TERMOSOVRANA DSA - Kodukolle\",\"isPartOf\":{\"@id\":\"https:\/\/kodukolle.ee\/en\/#website\"},\"primaryImageOfPage\":{\"@id\":\"https:\/\/kodukolle.ee\/fi\/tuote\/keskuslammitysliesi-lanordica-termosovrana-dsa\/#primaryimage\"},\"image\":{\"@id\":\"https:\/\/kodukolle.ee\/fi\/tuote\/keskuslammitysliesi-lanordica-termosovrana-dsa\/#primaryimage\"},\"thumbnailUrl\":\"https:\/\/kodukolle.ee\/wp-content\/uploads\/2019\/09\/TermoSovrana.jpg-scaled.webp\",\"datePublished\":\"2019-09-23T08:25:08+00:00\",\"dateModified\":\"2023-12-19T13:42:06+00:00\",\"description\":\"LaNordica Termosovrana DSA -liesi voidaan liitt\u00e4\u00e4 keskusl\u00e4mmitysj\u00e4rjestelm\u00e4\u00e4n ja se l\u00e4mmitt\u00e4\u00e4 kodikasta koko taloa.\",\"breadcrumb\":{\"@id\":\"https:\/\/kodukolle.ee\/fi\/tuote\/keskuslammitysliesi-lanordica-termosovrana-dsa\/#breadcrumb\"},\"inLanguage\":\"fi\",\"potentialAction\":[{\"@type\":\"ReadAction\",\"target\":[\"https:\/\/kodukolle.ee\/fi\/tuote\/keskuslammitysliesi-lanordica-termosovrana-dsa\/\"]}]},{\"@type\":\"ImageObject\",\"inLanguage\":\"fi\",\"@id\":\"https:\/\/kodukolle.ee\/fi\/tuote\/keskuslammitysliesi-lanordica-termosovrana-dsa\/#primaryimage\",\"url\":\"https:\/\/kodukolle.ee\/wp-content\/uploads\/2019\/09\/TermoSovrana.jpg-scaled.webp\",\"contentUrl\":\"https:\/\/kodukolle.ee\/wp-content\/uploads\/2019\/09\/TermoSovrana.jpg-scaled.webp\",\"width\":2560,\"height\":1820},{\"@type\":\"BreadcrumbList\",\"@id\":\"https:\/\/kodukolle.ee\/fi\/tuote\/keskuslammitysliesi-lanordica-termosovrana-dsa\/#breadcrumb\",\"itemListElement\":[{\"@type\":\"ListItem\",\"position\":1,\"name\":\"Home\",\"item\":\"https:\/\/kodukolle.ee\/fi\/\"},{\"@type\":\"ListItem\",\"position\":2,\"name\":\"Tuotteet\",\"item\":\"https:\/\/kodukolle.ee\/fi\/tuotteet\/\"},{\"@type\":\"ListItem\",\"position\":3,\"name\":\"Keskusl\u00e4mmitysliesi LaNordica TERMOSOVRANA DSA\"}]},{\"@type\":\"WebSite\",\"@id\":\"https:\/\/kodukolle.ee\/en\/#website\",\"url\":\"https:\/\/kodukolle.ee\/en\/\",\"name\":\"Kodukolle\",\"description\":\"\",\"publisher\":{\"@id\":\"https:\/\/kodukolle.ee\/en\/#organization\"},\"potentialAction\":[{\"@type\":\"SearchAction\",\"target\":{\"@type\":\"EntryPoint\",\"urlTemplate\":\"https:\/\/kodukolle.ee\/en\/?s={search_term_string}\"},\"query-input\":{\"@type\":\"PropertyValueSpecification\",\"valueRequired\":true,\"valueName\":\"search_term_string\"}}],\"inLanguage\":\"fi\"},{\"@type\":\"Organization\",\"@id\":\"https:\/\/kodukolle.ee\/en\/#organization\",\"name\":\"Kodukolle\",\"url\":\"https:\/\/kodukolle.ee\/en\/\",\"logo\":{\"@type\":\"ImageObject\",\"inLanguage\":\"fi\",\"@id\":\"https:\/\/kodukolle.ee\/en\/#\/schema\/logo\/image\/\",\"url\":\"https:\/\/kodukolle.ee\/wp-content\/uploads\/2025\/06\/logo_must_gradient.svg\",\"contentUrl\":\"https:\/\/kodukolle.ee\/wp-content\/uploads\/2025\/06\/logo_must_gradient.svg\",\"caption\":\"Kodukolle\"},\"image\":{\"@id\":\"https:\/\/kodukolle.ee\/en\/#\/schema\/logo\/image\/\"}}]}<\/script>\n<!-- \/ Yoast SEO plugin. -->","yoast_head_json":{"title":"Keskusl\u00e4mmitysliesi LaNordica TERMOSOVRANA DSA - Kodukolle","description":"LaNordica Termosovrana DSA -liesi voidaan liitt\u00e4\u00e4 keskusl\u00e4mmitysj\u00e4rjestelm\u00e4\u00e4n ja se l\u00e4mmitt\u00e4\u00e4 kodikasta koko taloa.","robots":{"index":"index","follow":"follow","max-snippet":"max-snippet:-1","max-image-preview":"max-image-preview:large","max-video-preview":"max-video-preview:-1"},"canonical":"https:\/\/kodukolle.ee\/fi\/tuote\/keskuslammitysliesi-lanordica-termosovrana-dsa\/","og_locale":"fi_FI","og_type":"article","og_title":"Keskusl\u00e4mmitysliesi LaNordica TERMOSOVRANA DSA - Kodukolle","og_description":"LaNordica Termosovrana DSA -liesi voidaan liitt\u00e4\u00e4 keskusl\u00e4mmitysj\u00e4rjestelm\u00e4\u00e4n ja se l\u00e4mmitt\u00e4\u00e4 kodikasta koko taloa.","og_url":"https:\/\/kodukolle.ee\/fi\/tuote\/keskuslammitysliesi-lanordica-termosovrana-dsa\/","og_site_name":"Kodukolle","article_modified_time":"2023-12-19T13:42:06+00:00","og_image":[{"width":2560,"height":1820,"url":"https:\/\/kodukolle.ee\/wp-content\/uploads\/2019\/09\/TermoSovrana.jpg-scaled.webp","type":"image\/webp"}],"twitter_card":"summary_large_image","schema":{"@context":"https:\/\/schema.org","@graph":[{"@type":"WebPage","@id":"https:\/\/kodukolle.ee\/fi\/tuote\/keskuslammitysliesi-lanordica-termosovrana-dsa\/","url":"https:\/\/kodukolle.ee\/fi\/tuote\/keskuslammitysliesi-lanordica-termosovrana-dsa\/","name":"Keskusl\u00e4mmitysliesi LaNordica TERMOSOVRANA DSA - Kodukolle","isPartOf":{"@id":"https:\/\/kodukolle.ee\/en\/#website"},"primaryImageOfPage":{"@id":"https:\/\/kodukolle.ee\/fi\/tuote\/keskuslammitysliesi-lanordica-termosovrana-dsa\/#primaryimage"},"image":{"@id":"https:\/\/kodukolle.ee\/fi\/tuote\/keskuslammitysliesi-lanordica-termosovrana-dsa\/#primaryimage"},"thumbnailUrl":"https:\/\/kodukolle.ee\/wp-content\/uploads\/2019\/09\/TermoSovrana.jpg-scaled.webp","datePublished":"2019-09-23T08:25:08+00:00","dateModified":"2023-12-19T13:42:06+00:00","description":"LaNordica Termosovrana DSA -liesi voidaan liitt\u00e4\u00e4 keskusl\u00e4mmitysj\u00e4rjestelm\u00e4\u00e4n ja se l\u00e4mmitt\u00e4\u00e4 kodikasta koko taloa.","breadcrumb":{"@id":"https:\/\/kodukolle.ee\/fi\/tuote\/keskuslammitysliesi-lanordica-termosovrana-dsa\/#breadcrumb"},"inLanguage":"fi","potentialAction":[{"@type":"ReadAction","target":["https:\/\/kodukolle.ee\/fi\/tuote\/keskuslammitysliesi-lanordica-termosovrana-dsa\/"]}]},{"@type":"ImageObject","inLanguage":"fi","@id":"https:\/\/kodukolle.ee\/fi\/tuote\/keskuslammitysliesi-lanordica-termosovrana-dsa\/#primaryimage","url":"https:\/\/kodukolle.ee\/wp-content\/uploads\/2019\/09\/TermoSovrana.jpg-scaled.webp","contentUrl":"https:\/\/kodukolle.ee\/wp-content\/uploads\/2019\/09\/TermoSovrana.jpg-scaled.webp","width":2560,"height":1820},{"@type":"BreadcrumbList","@id":"https:\/\/kodukolle.ee\/fi\/tuote\/keskuslammitysliesi-lanordica-termosovrana-dsa\/#breadcrumb","itemListElement":[{"@type":"ListItem","position":1,"name":"Home","item":"https:\/\/kodukolle.ee\/fi\/"},{"@type":"ListItem","position":2,"name":"Tuotteet","item":"https:\/\/kodukolle.ee\/fi\/tuotteet\/"},{"@type":"ListItem","position":3,"name":"Keskusl\u00e4mmitysliesi LaNordica TERMOSOVRANA DSA"}]},{"@type":"WebSite","@id":"https:\/\/kodukolle.ee\/en\/#website","url":"https:\/\/kodukolle.ee\/en\/","name":"Kodukolle","description":"","publisher":{"@id":"https:\/\/kodukolle.ee\/en\/#organization"},"potentialAction":[{"@type":"SearchAction","target":{"@type":"EntryPoint","urlTemplate":"https:\/\/kodukolle.ee\/en\/?s={search_term_string}"},"query-input":{"@type":"PropertyValueSpecification","valueRequired":true,"valueName":"search_term_string"}}],"inLanguage":"fi"},{"@type":"Organization","@id":"https:\/\/kodukolle.ee\/en\/#organization","name":"Kodukolle","url":"https:\/\/kodukolle.ee\/en\/","logo":{"@type":"ImageObject","inLanguage":"fi","@id":"https:\/\/kodukolle.ee\/en\/#\/schema\/logo\/image\/","url":"https:\/\/kodukolle.ee\/wp-content\/uploads\/2025\/06\/logo_must_gradient.svg","contentUrl":"https:\/\/kodukolle.ee\/wp-content\/uploads\/2025\/06\/logo_must_gradient.svg","caption":"Kodukolle"},"image":{"@id":"https:\/\/kodukolle.ee\/en\/#\/schema\/logo\/image\/"}}]}},"_links":{"self":[{"href":"https:\/\/kodukolle.ee\/fi\/wp-json\/wp\/v2\/product\/26030","targetHints":{"allow":["GET"]}}],"collection":[{"href":"https:\/\/kodukolle.ee\/fi\/wp-json\/wp\/v2\/product"}],"about":[{"href":"https:\/\/kodukolle.ee\/fi\/wp-json\/wp\/v2\/types\/product"}],"wp:featuredmedia":[{"embeddable":true,"href":"https:\/\/kodukolle.ee\/fi\/wp-json\/wp\/v2\/media\/15866"}],"wp:attachment":[{"href":"https:\/\/kodukolle.ee\/fi\/wp-json\/wp\/v2\/media?parent=26030"}],"wp:term":[{"taxonomy":"product_brand","embeddable":true,"href":"https:\/\/kodukolle.ee\/fi\/wp-json\/wp\/v2\/product_brand?post=26030"},{"taxonomy":"product_cat","embeddable":true,"href":"https:\/\/kodukolle.ee\/fi\/wp-json\/wp\/v2\/product_cat?post=26030"},{"taxonomy":"product_tag","embeddable":true,"href":"https:\/\/kodukolle.ee\/fi\/wp-json\/wp\/v2\/product_tag?post=26030"}],"curies":[{"name":"wp","href":"https:\/\/api.w.org\/{rel}","templated":true}]}}