{"id":26072,"date":"2020-02-20T11:40:00","date_gmt":"2020-02-20T09:40:00","guid":{"rendered":"https:\/\/kodukolle.ee\/?post_type=product&#038;p=26072"},"modified":"2023-12-20T09:53:22","modified_gmt":"2023-12-20T07:53:22","slug":"valurautatakka-plamen-alberto","status":"publish","type":"product","link":"https:\/\/kodukolle.ee\/fi\/tuote\/valurautatakka-plamen-alberto\/","title":{"rendered":"Valurautatakka Plamen ALBERTO"},"content":{"rendered":"<p>Plamen Alberto valurautatakka erottuu lakonisesta muotoilustaan \u200b\u200bja yksinkertaisuudestaan. Py\u00f6re\u00e4t muodot yhdistettyn\u00e4 tyylikk\u00e4\u00e4seen lasioveen ovat moderni ratkaisu kotiisi. Alberton valurautatakka on maalattu kuumuutta kest\u00e4v\u00e4ll\u00e4 maalilla, joka kest\u00e4\u00e4 korkeita l\u00e4mp\u00f6tiloja. Malli on kest\u00e4v\u00e4, korroosionkest\u00e4v\u00e4, l\u00e4mpenee nopeasti ja s\u00e4ilytt\u00e4\u00e4 l\u00e4mm\u00f6n pitk\u00e4\u00e4n. Huolimatta takan melko kompaktista koosta, se kest\u00e4\u00e4 hyvin jopa 160 m\u00b3:n alueen l\u00e4mmitt\u00e4misen. Puhdas palaminen s\u00e4\u00e4st\u00e4\u00e4 puuta, suojelee ymp\u00e4rist\u00f6\u00e4 ja v\u00e4hent\u00e4\u00e4 palamisj\u00e4\u00e4mi\u00e4. Erinomainen hinta-laatusuhde.\n<\/ul>\n<p>&nbsp;<\/p>\n","protected":false},"excerpt":{"rendered":"<p>Plamen Alberto valurautatakka erottuu lakonisesta muotoilustaan \u200b\u200bja yksinkertaisuudestaan. Py\u00f6re\u00e4t muodot yhdistettyn\u00e4 tyylikk\u00e4\u00e4seen lasioveen ovat moderni ratkaisu kotiisi. Alberton valurautatakka on maalattu kuumuutta kest\u00e4v\u00e4ll\u00e4 maalilla, joka kest\u00e4\u00e4 korkeita l\u00e4mp\u00f6tiloja. Malli on kest\u00e4v\u00e4, korroosionkest\u00e4v\u00e4, l\u00e4mpenee nopeasti ja s\u00e4ilytt\u00e4\u00e4 l\u00e4mm\u00f6n pitk\u00e4\u00e4n. Huolimatta takan melko kompaktista koosta, se kest\u00e4\u00e4 hyvin jopa 160 m\u00b3:n alueen l\u00e4mmitt\u00e4misen. Puhdas palaminen s\u00e4\u00e4st\u00e4\u00e4 puuta, suojelee ymp\u00e4rist\u00f6\u00e4 ja v\u00e4hent\u00e4\u00e4 palamisj\u00e4\u00e4mi\u00e4. Erinomainen hinta-laatusuhde.<\/p>\n","protected":false},"featured_media":15999,"template":"","meta":{"_acf_changed":false},"product_brand":[],"product_cat":[9620,9723],"product_tag":[],"class_list":{"0":"post-26072","1":"product","2":"type-product","3":"status-publish","4":"has-post-thumbnail","6":"brands-plamen-fi","7":"product_cat-takat","8":"product_cat-ale","10":"first","11":"instock","12":"sale","13":"shipping-taxable","14":"purchasable","15":"product-type-simple"},"acf":[],"yoast_head":"<!-- This site is optimized with the Yoast SEO plugin v27.2 - https:\/\/yoast.com\/product\/yoast-seo-wordpress\/ -->\n<title>Valurautatakka Plamen ALBERTO - Kodukolle<\/title>\n<meta name=\"description\" content=\"Plamen Alberto valurautatakka erottuu lakonisesta muotoilustaan \u200b\u200bja yksinkertaisuudestaan. Py\u00f6re\u00e4t muodot yhdistettyn\u00e4 tyylikk\u00e4\u00e4seen lasioveen ovat moderni ratkaisu kotiisi.\" \/>\n<meta name=\"robots\" content=\"index, follow, max-snippet:-1, max-image-preview:large, max-video-preview:-1\" \/>\n<link rel=\"canonical\" href=\"https:\/\/kodukolle.ee\/fi\/tuote\/valurautatakka-plamen-alberto\/\" \/>\n<meta property=\"og:locale\" content=\"fi_FI\" \/>\n<meta property=\"og:type\" content=\"article\" \/>\n<meta property=\"og:title\" content=\"Valurautatakka Plamen ALBERTO - Kodukolle\" \/>\n<meta property=\"og:description\" content=\"Plamen Alberto valurautatakka erottuu lakonisesta muotoilustaan \u200b\u200bja yksinkertaisuudestaan. Py\u00f6re\u00e4t muodot yhdistettyn\u00e4 tyylikk\u00e4\u00e4seen lasioveen ovat moderni ratkaisu kotiisi.\" \/>\n<meta property=\"og:url\" content=\"https:\/\/kodukolle.ee\/fi\/tuote\/valurautatakka-plamen-alberto\/\" \/>\n<meta property=\"og:site_name\" content=\"Kodukolle\" \/>\n<meta property=\"article:modified_time\" content=\"2023-12-20T07:53:22+00:00\" \/>\n<meta property=\"og:image\" content=\"https:\/\/kodukolle.ee\/wp-content\/uploads\/2020\/02\/Plamen-Alberto-1.jpg\" \/>\n\t<meta property=\"og:image:width\" content=\"1416\" \/>\n\t<meta property=\"og:image:height\" content=\"1471\" \/>\n\t<meta property=\"og:image:type\" content=\"image\/jpeg\" \/>\n<meta name=\"twitter:card\" content=\"summary_large_image\" \/>\n<script type=\"application\/ld+json\" class=\"yoast-schema-graph\">{\"@context\":\"https:\/\/schema.org\",\"@graph\":[{\"@type\":\"WebPage\",\"@id\":\"https:\/\/kodukolle.ee\/fi\/tuote\/valurautatakka-plamen-alberto\/\",\"url\":\"https:\/\/kodukolle.ee\/fi\/tuote\/valurautatakka-plamen-alberto\/\",\"name\":\"Valurautatakka Plamen ALBERTO - Kodukolle\",\"isPartOf\":{\"@id\":\"https:\/\/kodukolle.ee\/en\/#website\"},\"primaryImageOfPage\":{\"@id\":\"https:\/\/kodukolle.ee\/fi\/tuote\/valurautatakka-plamen-alberto\/#primaryimage\"},\"image\":{\"@id\":\"https:\/\/kodukolle.ee\/fi\/tuote\/valurautatakka-plamen-alberto\/#primaryimage\"},\"thumbnailUrl\":\"https:\/\/kodukolle.ee\/wp-content\/uploads\/2020\/02\/Plamen-Alberto-1.jpg\",\"datePublished\":\"2020-02-20T09:40:00+00:00\",\"dateModified\":\"2023-12-20T07:53:22+00:00\",\"description\":\"Plamen Alberto valurautatakka erottuu lakonisesta muotoilustaan \u200b\u200bja yksinkertaisuudestaan. Py\u00f6re\u00e4t muodot yhdistettyn\u00e4 tyylikk\u00e4\u00e4seen lasioveen ovat moderni ratkaisu kotiisi.\",\"breadcrumb\":{\"@id\":\"https:\/\/kodukolle.ee\/fi\/tuote\/valurautatakka-plamen-alberto\/#breadcrumb\"},\"inLanguage\":\"fi\",\"potentialAction\":[{\"@type\":\"ReadAction\",\"target\":[\"https:\/\/kodukolle.ee\/fi\/tuote\/valurautatakka-plamen-alberto\/\"]}]},{\"@type\":\"ImageObject\",\"inLanguage\":\"fi\",\"@id\":\"https:\/\/kodukolle.ee\/fi\/tuote\/valurautatakka-plamen-alberto\/#primaryimage\",\"url\":\"https:\/\/kodukolle.ee\/wp-content\/uploads\/2020\/02\/Plamen-Alberto-1.jpg\",\"contentUrl\":\"https:\/\/kodukolle.ee\/wp-content\/uploads\/2020\/02\/Plamen-Alberto-1.jpg\",\"width\":1416,\"height\":1471,\"caption\":\"Plamen Alberto\"},{\"@type\":\"BreadcrumbList\",\"@id\":\"https:\/\/kodukolle.ee\/fi\/tuote\/valurautatakka-plamen-alberto\/#breadcrumb\",\"itemListElement\":[{\"@type\":\"ListItem\",\"position\":1,\"name\":\"Home\",\"item\":\"https:\/\/kodukolle.ee\/fi\/\"},{\"@type\":\"ListItem\",\"position\":2,\"name\":\"Tuotteet\",\"item\":\"https:\/\/kodukolle.ee\/fi\/tuotteet\/\"},{\"@type\":\"ListItem\",\"position\":3,\"name\":\"Valurautatakka Plamen ALBERTO\"}]},{\"@type\":\"WebSite\",\"@id\":\"https:\/\/kodukolle.ee\/en\/#website\",\"url\":\"https:\/\/kodukolle.ee\/en\/\",\"name\":\"Kodukolle\",\"description\":\"\",\"publisher\":{\"@id\":\"https:\/\/kodukolle.ee\/en\/#organization\"},\"potentialAction\":[{\"@type\":\"SearchAction\",\"target\":{\"@type\":\"EntryPoint\",\"urlTemplate\":\"https:\/\/kodukolle.ee\/en\/?s={search_term_string}\"},\"query-input\":{\"@type\":\"PropertyValueSpecification\",\"valueRequired\":true,\"valueName\":\"search_term_string\"}}],\"inLanguage\":\"fi\"},{\"@type\":\"Organization\",\"@id\":\"https:\/\/kodukolle.ee\/en\/#organization\",\"name\":\"Kodukolle\",\"url\":\"https:\/\/kodukolle.ee\/en\/\",\"logo\":{\"@type\":\"ImageObject\",\"inLanguage\":\"fi\",\"@id\":\"https:\/\/kodukolle.ee\/en\/#\/schema\/logo\/image\/\",\"url\":\"https:\/\/kodukolle.ee\/wp-content\/uploads\/2025\/06\/logo_must_gradient.svg\",\"contentUrl\":\"https:\/\/kodukolle.ee\/wp-content\/uploads\/2025\/06\/logo_must_gradient.svg\",\"caption\":\"Kodukolle\"},\"image\":{\"@id\":\"https:\/\/kodukolle.ee\/en\/#\/schema\/logo\/image\/\"}}]}<\/script>\n<!-- \/ Yoast SEO plugin. -->","yoast_head_json":{"title":"Valurautatakka Plamen ALBERTO - Kodukolle","description":"Plamen Alberto valurautatakka erottuu lakonisesta muotoilustaan \u200b\u200bja yksinkertaisuudestaan. Py\u00f6re\u00e4t muodot yhdistettyn\u00e4 tyylikk\u00e4\u00e4seen lasioveen ovat moderni ratkaisu kotiisi.","robots":{"index":"index","follow":"follow","max-snippet":"max-snippet:-1","max-image-preview":"max-image-preview:large","max-video-preview":"max-video-preview:-1"},"canonical":"https:\/\/kodukolle.ee\/fi\/tuote\/valurautatakka-plamen-alberto\/","og_locale":"fi_FI","og_type":"article","og_title":"Valurautatakka Plamen ALBERTO - Kodukolle","og_description":"Plamen Alberto valurautatakka erottuu lakonisesta muotoilustaan \u200b\u200bja yksinkertaisuudestaan. Py\u00f6re\u00e4t muodot yhdistettyn\u00e4 tyylikk\u00e4\u00e4seen lasioveen ovat moderni ratkaisu kotiisi.","og_url":"https:\/\/kodukolle.ee\/fi\/tuote\/valurautatakka-plamen-alberto\/","og_site_name":"Kodukolle","article_modified_time":"2023-12-20T07:53:22+00:00","og_image":[{"width":1416,"height":1471,"url":"https:\/\/kodukolle.ee\/wp-content\/uploads\/2020\/02\/Plamen-Alberto-1.jpg","type":"image\/jpeg"}],"twitter_card":"summary_large_image","schema":{"@context":"https:\/\/schema.org","@graph":[{"@type":"WebPage","@id":"https:\/\/kodukolle.ee\/fi\/tuote\/valurautatakka-plamen-alberto\/","url":"https:\/\/kodukolle.ee\/fi\/tuote\/valurautatakka-plamen-alberto\/","name":"Valurautatakka Plamen ALBERTO - Kodukolle","isPartOf":{"@id":"https:\/\/kodukolle.ee\/en\/#website"},"primaryImageOfPage":{"@id":"https:\/\/kodukolle.ee\/fi\/tuote\/valurautatakka-plamen-alberto\/#primaryimage"},"image":{"@id":"https:\/\/kodukolle.ee\/fi\/tuote\/valurautatakka-plamen-alberto\/#primaryimage"},"thumbnailUrl":"https:\/\/kodukolle.ee\/wp-content\/uploads\/2020\/02\/Plamen-Alberto-1.jpg","datePublished":"2020-02-20T09:40:00+00:00","dateModified":"2023-12-20T07:53:22+00:00","description":"Plamen Alberto valurautatakka erottuu lakonisesta muotoilustaan \u200b\u200bja yksinkertaisuudestaan. Py\u00f6re\u00e4t muodot yhdistettyn\u00e4 tyylikk\u00e4\u00e4seen lasioveen ovat moderni ratkaisu kotiisi.","breadcrumb":{"@id":"https:\/\/kodukolle.ee\/fi\/tuote\/valurautatakka-plamen-alberto\/#breadcrumb"},"inLanguage":"fi","potentialAction":[{"@type":"ReadAction","target":["https:\/\/kodukolle.ee\/fi\/tuote\/valurautatakka-plamen-alberto\/"]}]},{"@type":"ImageObject","inLanguage":"fi","@id":"https:\/\/kodukolle.ee\/fi\/tuote\/valurautatakka-plamen-alberto\/#primaryimage","url":"https:\/\/kodukolle.ee\/wp-content\/uploads\/2020\/02\/Plamen-Alberto-1.jpg","contentUrl":"https:\/\/kodukolle.ee\/wp-content\/uploads\/2020\/02\/Plamen-Alberto-1.jpg","width":1416,"height":1471,"caption":"Plamen Alberto"},{"@type":"BreadcrumbList","@id":"https:\/\/kodukolle.ee\/fi\/tuote\/valurautatakka-plamen-alberto\/#breadcrumb","itemListElement":[{"@type":"ListItem","position":1,"name":"Home","item":"https:\/\/kodukolle.ee\/fi\/"},{"@type":"ListItem","position":2,"name":"Tuotteet","item":"https:\/\/kodukolle.ee\/fi\/tuotteet\/"},{"@type":"ListItem","position":3,"name":"Valurautatakka Plamen ALBERTO"}]},{"@type":"WebSite","@id":"https:\/\/kodukolle.ee\/en\/#website","url":"https:\/\/kodukolle.ee\/en\/","name":"Kodukolle","description":"","publisher":{"@id":"https:\/\/kodukolle.ee\/en\/#organization"},"potentialAction":[{"@type":"SearchAction","target":{"@type":"EntryPoint","urlTemplate":"https:\/\/kodukolle.ee\/en\/?s={search_term_string}"},"query-input":{"@type":"PropertyValueSpecification","valueRequired":true,"valueName":"search_term_string"}}],"inLanguage":"fi"},{"@type":"Organization","@id":"https:\/\/kodukolle.ee\/en\/#organization","name":"Kodukolle","url":"https:\/\/kodukolle.ee\/en\/","logo":{"@type":"ImageObject","inLanguage":"fi","@id":"https:\/\/kodukolle.ee\/en\/#\/schema\/logo\/image\/","url":"https:\/\/kodukolle.ee\/wp-content\/uploads\/2025\/06\/logo_must_gradient.svg","contentUrl":"https:\/\/kodukolle.ee\/wp-content\/uploads\/2025\/06\/logo_must_gradient.svg","caption":"Kodukolle"},"image":{"@id":"https:\/\/kodukolle.ee\/en\/#\/schema\/logo\/image\/"}}]}},"_links":{"self":[{"href":"https:\/\/kodukolle.ee\/fi\/wp-json\/wp\/v2\/product\/26072","targetHints":{"allow":["GET"]}}],"collection":[{"href":"https:\/\/kodukolle.ee\/fi\/wp-json\/wp\/v2\/product"}],"about":[{"href":"https:\/\/kodukolle.ee\/fi\/wp-json\/wp\/v2\/types\/product"}],"wp:featuredmedia":[{"embeddable":true,"href":"https:\/\/kodukolle.ee\/fi\/wp-json\/wp\/v2\/media\/15999"}],"wp:attachment":[{"href":"https:\/\/kodukolle.ee\/fi\/wp-json\/wp\/v2\/media?parent=26072"}],"wp:term":[{"taxonomy":"product_brand","embeddable":true,"href":"https:\/\/kodukolle.ee\/fi\/wp-json\/wp\/v2\/product_brand?post=26072"},{"taxonomy":"product_cat","embeddable":true,"href":"https:\/\/kodukolle.ee\/fi\/wp-json\/wp\/v2\/product_cat?post=26072"},{"taxonomy":"product_tag","embeddable":true,"href":"https:\/\/kodukolle.ee\/fi\/wp-json\/wp\/v2\/product_tag?post=26072"}],"curies":[{"name":"wp","href":"https:\/\/api.w.org\/{rel}","templated":true}]}}