{"id":26082,"date":"2019-07-29T08:47:28","date_gmt":"2019-07-29T05:47:28","guid":{"rendered":"https:\/\/kodukolle.ee\/?post_type=product&#038;p=26082"},"modified":"2024-03-14T11:06:11","modified_gmt":"2024-03-14T09:06:11","slug":"puuliesi-plamen-calorex-100","status":"publish","type":"product","link":"https:\/\/kodukolle.ee\/fi\/tuote\/puuliesi-plamen-calorex-100\/","title":{"rendered":"Puuliesi Plamen CALOREX 100"},"content":{"rendered":"<p>Plamen Calorex 100 puuliesi on hyv\u00e4 lis\u00e4l\u00e4mm\u00f6nl\u00e4hde jossa yhdistyv\u00e4t nykyaikaiset paistouunitoiminnot ja trendikas ulkon\u00e4k\u00f6. Se on loistava ratkaisu koteihin, joissa on s\u00e4hk\u00f6katkoksia tai ei keskusl\u00e4mmityst\u00e4. Liedess\u00e4 on valurautainen polttokammio ja keittotaso, sivuosat emaloitua ter\u00e4st\u00e4. Liesi on p\u00e4\u00e4llystetty l\u00e4mm\u00f6nkest\u00e4v\u00e4ll\u00e4 maalilla, joka suojaa metallia korroosiolta, helpottaa huoltoa ja mahdollistaa sen kauniin ulkon\u00e4\u00f6n s\u00e4ilymisen pitk\u00e4\u00e4n. Plamen Calorex 100 on kapea puuliesi joka sopii sek\u00e4 vanhaan ett\u00e4 uuteen keitti\u00f6\u00f6n.\n<\/ul>\n<p>&nbsp;<\/p>\n","protected":false},"excerpt":{"rendered":"<p>Plamen Calorex 100 puuliesi on hyv\u00e4 lis\u00e4l\u00e4mm\u00f6nl\u00e4hde jossa yhdistyv\u00e4t nykyaikaiset paistouunitoiminnot ja trendikas ulkon\u00e4k\u00f6. Se on loistava ratkaisu koteihin, joissa on s\u00e4hk\u00f6katkoksia tai ei keskusl\u00e4mmityst\u00e4. Liedess\u00e4 on valurautainen polttokammio ja keittotaso, sivuosat emaloitua ter\u00e4st\u00e4. Liesi on p\u00e4\u00e4llystetty l\u00e4mm\u00f6nkest\u00e4v\u00e4ll\u00e4 maalilla, joka suojaa metallia korroosiolta, helpottaa huoltoa ja mahdollistaa sen kauniin ulkon\u00e4\u00f6n s\u00e4ilymisen pitk\u00e4\u00e4n. Plamen Calorex 100 on kapea puuliesi joka sopii sek\u00e4 vanhaan ett\u00e4 uuteen keitti\u00f6\u00f6n.<\/p>\n","protected":false},"featured_media":17118,"template":"","meta":{"_acf_changed":false},"product_brand":[],"product_cat":[9689,9723],"product_tag":[],"class_list":{"0":"post-26082","1":"product","2":"type-product","3":"status-publish","4":"has-post-thumbnail","6":"brands-plamen-fi","7":"product_cat-puuhellat-ja-liedet","8":"product_cat-ale","10":"first","11":"instock","12":"shipping-taxable","13":"purchasable","14":"product-type-simple"},"acf":[],"yoast_head":"<!-- This site is optimized with the Yoast SEO plugin v27.2 - https:\/\/yoast.com\/product\/yoast-seo-wordpress\/ -->\n<title>Puuliesi Plamen CALOREX 100 - Kodukolle<\/title>\n<meta name=\"description\" content=\"Plamen Calorex 100 puuliesi on hyv\u00e4 lis\u00e4l\u00e4mm\u00f6nl\u00e4hde jossa yhdistyv\u00e4t nykyaikaiset paistouunitoiminnot ja trendikas ulkon\u00e4k\u00f6.\" \/>\n<meta name=\"robots\" content=\"index, follow, max-snippet:-1, max-image-preview:large, max-video-preview:-1\" \/>\n<link rel=\"canonical\" href=\"https:\/\/kodukolle.ee\/tuote\/pliit-plamen-calorex-100\/\" \/>\n<meta property=\"og:locale\" content=\"fi_FI\" \/>\n<meta property=\"og:type\" content=\"article\" \/>\n<meta property=\"og:title\" content=\"Puuliesi Plamen CALOREX 100 - Kodukolle\" \/>\n<meta property=\"og:description\" content=\"Plamen Calorex 100 puuliesi on hyv\u00e4 lis\u00e4l\u00e4mm\u00f6nl\u00e4hde jossa yhdistyv\u00e4t nykyaikaiset paistouunitoiminnot ja trendikas ulkon\u00e4k\u00f6.\" \/>\n<meta property=\"og:url\" content=\"https:\/\/kodukolle.ee\/tuote\/pliit-plamen-calorex-100\/\" \/>\n<meta property=\"og:site_name\" content=\"Kodukolle\" \/>\n<meta property=\"article:modified_time\" content=\"2024-03-14T09:06:11+00:00\" \/>\n<meta property=\"og:image\" content=\"https:\/\/kodukolle.ee\/wp-content\/uploads\/2019\/07\/Plamen-Calorex-100-1.jpg\" \/>\n\t<meta property=\"og:image:width\" content=\"1364\" \/>\n\t<meta property=\"og:image:height\" content=\"1400\" \/>\n\t<meta property=\"og:image:type\" content=\"image\/jpeg\" \/>\n<meta name=\"twitter:card\" content=\"summary_large_image\" \/>\n<meta name=\"twitter:label1\" content=\"Est. reading time\" \/>\n\t<meta name=\"twitter:data1\" content=\"1 minuutti\" \/>\n<script type=\"application\/ld+json\" class=\"yoast-schema-graph\">{\"@context\":\"https:\/\/schema.org\",\"@graph\":[{\"@type\":\"WebPage\",\"@id\":\"https:\/\/kodukolle.ee\/tuote\/pliit-plamen-calorex-100\/\",\"url\":\"https:\/\/kodukolle.ee\/tuote\/pliit-plamen-calorex-100\/\",\"name\":\"Puuliesi Plamen CALOREX 100 - Kodukolle\",\"isPartOf\":{\"@id\":\"https:\/\/kodukolle.ee\/en\/#website\"},\"primaryImageOfPage\":{\"@id\":\"https:\/\/kodukolle.ee\/tuote\/pliit-plamen-calorex-100\/#primaryimage\"},\"image\":{\"@id\":\"https:\/\/kodukolle.ee\/tuote\/pliit-plamen-calorex-100\/#primaryimage\"},\"thumbnailUrl\":\"https:\/\/kodukolle.ee\/wp-content\/uploads\/2019\/07\/Plamen-Calorex-100-1.jpg\",\"datePublished\":\"2019-07-29T05:47:28+00:00\",\"dateModified\":\"2024-03-14T09:06:11+00:00\",\"description\":\"Plamen Calorex 100 puuliesi on hyv\u00e4 lis\u00e4l\u00e4mm\u00f6nl\u00e4hde jossa yhdistyv\u00e4t nykyaikaiset paistouunitoiminnot ja trendikas ulkon\u00e4k\u00f6.\",\"breadcrumb\":{\"@id\":\"https:\/\/kodukolle.ee\/tuote\/pliit-plamen-calorex-100\/#breadcrumb\"},\"inLanguage\":\"fi\",\"potentialAction\":[{\"@type\":\"ReadAction\",\"target\":[\"https:\/\/kodukolle.ee\/tuote\/pliit-plamen-calorex-100\/\"]}]},{\"@type\":\"ImageObject\",\"inLanguage\":\"fi\",\"@id\":\"https:\/\/kodukolle.ee\/tuote\/pliit-plamen-calorex-100\/#primaryimage\",\"url\":\"https:\/\/kodukolle.ee\/wp-content\/uploads\/2019\/07\/Plamen-Calorex-100-1.jpg\",\"contentUrl\":\"https:\/\/kodukolle.ee\/wp-content\/uploads\/2019\/07\/Plamen-Calorex-100-1.jpg\",\"width\":1364,\"height\":1400,\"caption\":\"Plamen Calorex 100\"},{\"@type\":\"BreadcrumbList\",\"@id\":\"https:\/\/kodukolle.ee\/tuote\/pliit-plamen-calorex-100\/#breadcrumb\",\"itemListElement\":[{\"@type\":\"ListItem\",\"position\":1,\"name\":\"Home\",\"item\":\"https:\/\/kodukolle.ee\/fi\/\"},{\"@type\":\"ListItem\",\"position\":2,\"name\":\"Tuotteet\",\"item\":\"https:\/\/kodukolle.ee\/fi\/tuotteet\/\"},{\"@type\":\"ListItem\",\"position\":3,\"name\":\"Puuliesi Plamen CALOREX 100\"}]},{\"@type\":\"WebSite\",\"@id\":\"https:\/\/kodukolle.ee\/en\/#website\",\"url\":\"https:\/\/kodukolle.ee\/en\/\",\"name\":\"Kodukolle\",\"description\":\"\",\"publisher\":{\"@id\":\"https:\/\/kodukolle.ee\/en\/#organization\"},\"potentialAction\":[{\"@type\":\"SearchAction\",\"target\":{\"@type\":\"EntryPoint\",\"urlTemplate\":\"https:\/\/kodukolle.ee\/en\/?s={search_term_string}\"},\"query-input\":{\"@type\":\"PropertyValueSpecification\",\"valueRequired\":true,\"valueName\":\"search_term_string\"}}],\"inLanguage\":\"fi\"},{\"@type\":\"Organization\",\"@id\":\"https:\/\/kodukolle.ee\/en\/#organization\",\"name\":\"Kodukolle\",\"url\":\"https:\/\/kodukolle.ee\/en\/\",\"logo\":{\"@type\":\"ImageObject\",\"inLanguage\":\"fi\",\"@id\":\"https:\/\/kodukolle.ee\/en\/#\/schema\/logo\/image\/\",\"url\":\"https:\/\/kodukolle.ee\/wp-content\/uploads\/2025\/06\/logo_must_gradient.svg\",\"contentUrl\":\"https:\/\/kodukolle.ee\/wp-content\/uploads\/2025\/06\/logo_must_gradient.svg\",\"caption\":\"Kodukolle\"},\"image\":{\"@id\":\"https:\/\/kodukolle.ee\/en\/#\/schema\/logo\/image\/\"}}]}<\/script>\n<!-- \/ Yoast SEO plugin. -->","yoast_head_json":{"title":"Puuliesi Plamen CALOREX 100 - Kodukolle","description":"Plamen Calorex 100 puuliesi on hyv\u00e4 lis\u00e4l\u00e4mm\u00f6nl\u00e4hde jossa yhdistyv\u00e4t nykyaikaiset paistouunitoiminnot ja trendikas ulkon\u00e4k\u00f6.","robots":{"index":"index","follow":"follow","max-snippet":"max-snippet:-1","max-image-preview":"max-image-preview:large","max-video-preview":"max-video-preview:-1"},"canonical":"https:\/\/kodukolle.ee\/tuote\/pliit-plamen-calorex-100\/","og_locale":"fi_FI","og_type":"article","og_title":"Puuliesi Plamen CALOREX 100 - Kodukolle","og_description":"Plamen Calorex 100 puuliesi on hyv\u00e4 lis\u00e4l\u00e4mm\u00f6nl\u00e4hde jossa yhdistyv\u00e4t nykyaikaiset paistouunitoiminnot ja trendikas ulkon\u00e4k\u00f6.","og_url":"https:\/\/kodukolle.ee\/tuote\/pliit-plamen-calorex-100\/","og_site_name":"Kodukolle","article_modified_time":"2024-03-14T09:06:11+00:00","og_image":[{"width":1364,"height":1400,"url":"https:\/\/kodukolle.ee\/wp-content\/uploads\/2019\/07\/Plamen-Calorex-100-1.jpg","type":"image\/jpeg"}],"twitter_card":"summary_large_image","twitter_misc":{"Est. reading time":"1 minuutti"},"schema":{"@context":"https:\/\/schema.org","@graph":[{"@type":"WebPage","@id":"https:\/\/kodukolle.ee\/tuote\/pliit-plamen-calorex-100\/","url":"https:\/\/kodukolle.ee\/tuote\/pliit-plamen-calorex-100\/","name":"Puuliesi Plamen CALOREX 100 - Kodukolle","isPartOf":{"@id":"https:\/\/kodukolle.ee\/en\/#website"},"primaryImageOfPage":{"@id":"https:\/\/kodukolle.ee\/tuote\/pliit-plamen-calorex-100\/#primaryimage"},"image":{"@id":"https:\/\/kodukolle.ee\/tuote\/pliit-plamen-calorex-100\/#primaryimage"},"thumbnailUrl":"https:\/\/kodukolle.ee\/wp-content\/uploads\/2019\/07\/Plamen-Calorex-100-1.jpg","datePublished":"2019-07-29T05:47:28+00:00","dateModified":"2024-03-14T09:06:11+00:00","description":"Plamen Calorex 100 puuliesi on hyv\u00e4 lis\u00e4l\u00e4mm\u00f6nl\u00e4hde jossa yhdistyv\u00e4t nykyaikaiset paistouunitoiminnot ja trendikas ulkon\u00e4k\u00f6.","breadcrumb":{"@id":"https:\/\/kodukolle.ee\/tuote\/pliit-plamen-calorex-100\/#breadcrumb"},"inLanguage":"fi","potentialAction":[{"@type":"ReadAction","target":["https:\/\/kodukolle.ee\/tuote\/pliit-plamen-calorex-100\/"]}]},{"@type":"ImageObject","inLanguage":"fi","@id":"https:\/\/kodukolle.ee\/tuote\/pliit-plamen-calorex-100\/#primaryimage","url":"https:\/\/kodukolle.ee\/wp-content\/uploads\/2019\/07\/Plamen-Calorex-100-1.jpg","contentUrl":"https:\/\/kodukolle.ee\/wp-content\/uploads\/2019\/07\/Plamen-Calorex-100-1.jpg","width":1364,"height":1400,"caption":"Plamen Calorex 100"},{"@type":"BreadcrumbList","@id":"https:\/\/kodukolle.ee\/tuote\/pliit-plamen-calorex-100\/#breadcrumb","itemListElement":[{"@type":"ListItem","position":1,"name":"Home","item":"https:\/\/kodukolle.ee\/fi\/"},{"@type":"ListItem","position":2,"name":"Tuotteet","item":"https:\/\/kodukolle.ee\/fi\/tuotteet\/"},{"@type":"ListItem","position":3,"name":"Puuliesi Plamen CALOREX 100"}]},{"@type":"WebSite","@id":"https:\/\/kodukolle.ee\/en\/#website","url":"https:\/\/kodukolle.ee\/en\/","name":"Kodukolle","description":"","publisher":{"@id":"https:\/\/kodukolle.ee\/en\/#organization"},"potentialAction":[{"@type":"SearchAction","target":{"@type":"EntryPoint","urlTemplate":"https:\/\/kodukolle.ee\/en\/?s={search_term_string}"},"query-input":{"@type":"PropertyValueSpecification","valueRequired":true,"valueName":"search_term_string"}}],"inLanguage":"fi"},{"@type":"Organization","@id":"https:\/\/kodukolle.ee\/en\/#organization","name":"Kodukolle","url":"https:\/\/kodukolle.ee\/en\/","logo":{"@type":"ImageObject","inLanguage":"fi","@id":"https:\/\/kodukolle.ee\/en\/#\/schema\/logo\/image\/","url":"https:\/\/kodukolle.ee\/wp-content\/uploads\/2025\/06\/logo_must_gradient.svg","contentUrl":"https:\/\/kodukolle.ee\/wp-content\/uploads\/2025\/06\/logo_must_gradient.svg","caption":"Kodukolle"},"image":{"@id":"https:\/\/kodukolle.ee\/en\/#\/schema\/logo\/image\/"}}]}},"_links":{"self":[{"href":"https:\/\/kodukolle.ee\/fi\/wp-json\/wp\/v2\/product\/26082","targetHints":{"allow":["GET"]}}],"collection":[{"href":"https:\/\/kodukolle.ee\/fi\/wp-json\/wp\/v2\/product"}],"about":[{"href":"https:\/\/kodukolle.ee\/fi\/wp-json\/wp\/v2\/types\/product"}],"wp:featuredmedia":[{"embeddable":true,"href":"https:\/\/kodukolle.ee\/fi\/wp-json\/wp\/v2\/media\/17118"}],"wp:attachment":[{"href":"https:\/\/kodukolle.ee\/fi\/wp-json\/wp\/v2\/media?parent=26082"}],"wp:term":[{"taxonomy":"product_brand","embeddable":true,"href":"https:\/\/kodukolle.ee\/fi\/wp-json\/wp\/v2\/product_brand?post=26082"},{"taxonomy":"product_cat","embeddable":true,"href":"https:\/\/kodukolle.ee\/fi\/wp-json\/wp\/v2\/product_cat?post=26082"},{"taxonomy":"product_tag","embeddable":true,"href":"https:\/\/kodukolle.ee\/fi\/wp-json\/wp\/v2\/product_tag?post=26082"}],"curies":[{"name":"wp","href":"https:\/\/api.w.org\/{rel}","templated":true}]}}