{"id":26084,"date":"2023-07-17T11:19:01","date_gmt":"2023-07-17T08:19:01","guid":{"rendered":"https:\/\/kodukolle.ee\/?post_type=product&#038;p=26084"},"modified":"2023-12-20T10:30:41","modified_gmt":"2023-12-20T08:30:41","slug":"valurautatakka-plamen-roberto","status":"publish","type":"product","link":"https:\/\/kodukolle.ee\/fi\/tuote\/valurautatakka-plamen-roberto\/","title":{"rendered":"Valurautatakka Plamen ROBERTO"},"content":{"rendered":"<p>Plamen Roberto valurautatakan tyylik\u00e4s ja omaper\u00e4inen muotoilu tekee siit\u00e4 ihanteellisen mihin tahansa moderniin sisustukseen. Suuri lasiovi antaa laajan n\u00e4kym\u00e4n tuleen, ja erityinen ilmansy\u00f6tt\u00f6tapa pit\u00e4\u00e4 lasin puhtaana koko palamisajan. Polttokammio lep\u00e4\u00e4 korkealla jalalla. Takan melko kompaktista koosta huolimatta se kest\u00e4\u00e4 hyvin jopa 160 m\u00b3:n l\u00e4mmityksen. Takka on valmistettu korkealaatuisesta valuraudasta ja p\u00e4\u00e4llystetty erikoisemalilla. Kotelon paksut sein\u00e4t l\u00e4mpenev\u00e4t nopeasti ja s\u00e4ilytt\u00e4v\u00e4t l\u00e4mm\u00f6n pitk\u00e4\u00e4n. T\u00e4m\u00e4n ansiosta huone voidaan l\u00e4mmitt\u00e4\u00e4 mahdollisimman pienell\u00e4 polttopuun kulutuksella (noin 2,5 kg polttopuita). Roberto-mallin asennus on melko yksinkertaista verrattuna klassisen takan asennukseen, sinun tarvitsee vain asentaa se palamattomalle pinnalle ja liitt\u00e4\u00e4 se savupiippuun.\n<\/ul>\n<p>&nbsp;<\/p>\n","protected":false},"excerpt":{"rendered":"<p>Plamen Roberto valurautatakan tyylik\u00e4s ja omaper\u00e4inen muotoilu tekee siit\u00e4 ihanteellisen mihin tahansa moderniin sisustukseen. Suuri lasiovi antaa laajan n\u00e4kym\u00e4n tuleen, ja erityinen ilmansy\u00f6tt\u00f6tapa pit\u00e4\u00e4 lasin puhtaana koko palamisajan. Polttokammio lep\u00e4\u00e4 korkealla jalalla. Takan melko kompaktista koosta huolimatta se kest\u00e4\u00e4 hyvin jopa 160 m\u00b3:n l\u00e4mmityksen.<\/p>\n","protected":false},"featured_media":14637,"template":"","meta":{"_acf_changed":false},"product_brand":[],"product_cat":[9620,9723],"product_tag":[],"class_list":{"0":"post-26084","1":"product","2":"type-product","3":"status-publish","4":"has-post-thumbnail","6":"brands-plamen-fi","7":"product_cat-takat","8":"product_cat-ale","10":"first","11":"instock","12":"shipping-taxable","13":"purchasable","14":"product-type-simple"},"acf":[],"yoast_head":"<!-- This site is optimized with the Yoast SEO plugin v27.2 - https:\/\/yoast.com\/product\/yoast-seo-wordpress\/ -->\n<title>Valurautatakka Plamen ROBERTO - Kodukolle<\/title>\n<meta name=\"description\" content=\"Plamen Roberto valurautatakan tyylik\u00e4s ja omaper\u00e4inen muotoilu tekee siit\u00e4 ihanteellisen mihin tahansa moderniin sisustukseen.\" \/>\n<meta name=\"robots\" content=\"index, follow, max-snippet:-1, max-image-preview:large, max-video-preview:-1\" \/>\n<link rel=\"canonical\" href=\"https:\/\/kodukolle.ee\/tuote\/malmkamin-plamen-roberto\/\" \/>\n<meta property=\"og:locale\" content=\"fi_FI\" \/>\n<meta property=\"og:type\" content=\"article\" \/>\n<meta property=\"og:title\" content=\"Valurautatakka Plamen ROBERTO - Kodukolle\" \/>\n<meta property=\"og:description\" content=\"Plamen Roberto valurautatakan tyylik\u00e4s ja omaper\u00e4inen muotoilu tekee siit\u00e4 ihanteellisen mihin tahansa moderniin sisustukseen.\" \/>\n<meta property=\"og:url\" content=\"https:\/\/kodukolle.ee\/tuote\/malmkamin-plamen-roberto\/\" \/>\n<meta property=\"og:site_name\" content=\"Kodukolle\" \/>\n<meta property=\"article:modified_time\" content=\"2023-12-20T08:30:41+00:00\" \/>\n<meta property=\"og:image\" content=\"https:\/\/kodukolle.ee\/wp-content\/uploads\/2023\/07\/Plamen-Roberto_1.jpg\" \/>\n\t<meta property=\"og:image:width\" content=\"1793\" \/>\n\t<meta property=\"og:image:height\" content=\"1659\" \/>\n\t<meta property=\"og:image:type\" content=\"image\/jpeg\" \/>\n<meta name=\"twitter:card\" content=\"summary_large_image\" \/>\n<script type=\"application\/ld+json\" class=\"yoast-schema-graph\">{\"@context\":\"https:\/\/schema.org\",\"@graph\":[{\"@type\":\"WebPage\",\"@id\":\"https:\/\/kodukolle.ee\/tuote\/malmkamin-plamen-roberto\/\",\"url\":\"https:\/\/kodukolle.ee\/tuote\/malmkamin-plamen-roberto\/\",\"name\":\"Valurautatakka Plamen ROBERTO - Kodukolle\",\"isPartOf\":{\"@id\":\"https:\/\/kodukolle.ee\/en\/#website\"},\"primaryImageOfPage\":{\"@id\":\"https:\/\/kodukolle.ee\/tuote\/malmkamin-plamen-roberto\/#primaryimage\"},\"image\":{\"@id\":\"https:\/\/kodukolle.ee\/tuote\/malmkamin-plamen-roberto\/#primaryimage\"},\"thumbnailUrl\":\"https:\/\/kodukolle.ee\/wp-content\/uploads\/2023\/07\/Plamen-Roberto_1.jpg\",\"datePublished\":\"2023-07-17T08:19:01+00:00\",\"dateModified\":\"2023-12-20T08:30:41+00:00\",\"description\":\"Plamen Roberto valurautatakan tyylik\u00e4s ja omaper\u00e4inen muotoilu tekee siit\u00e4 ihanteellisen mihin tahansa moderniin sisustukseen.\",\"breadcrumb\":{\"@id\":\"https:\/\/kodukolle.ee\/tuote\/malmkamin-plamen-roberto\/#breadcrumb\"},\"inLanguage\":\"fi\",\"potentialAction\":[{\"@type\":\"ReadAction\",\"target\":[\"https:\/\/kodukolle.ee\/tuote\/malmkamin-plamen-roberto\/\"]}]},{\"@type\":\"ImageObject\",\"inLanguage\":\"fi\",\"@id\":\"https:\/\/kodukolle.ee\/tuote\/malmkamin-plamen-roberto\/#primaryimage\",\"url\":\"https:\/\/kodukolle.ee\/wp-content\/uploads\/2023\/07\/Plamen-Roberto_1.jpg\",\"contentUrl\":\"https:\/\/kodukolle.ee\/wp-content\/uploads\/2023\/07\/Plamen-Roberto_1.jpg\",\"width\":1793,\"height\":1659,\"caption\":\"Plamen Roberto\"},{\"@type\":\"BreadcrumbList\",\"@id\":\"https:\/\/kodukolle.ee\/tuote\/malmkamin-plamen-roberto\/#breadcrumb\",\"itemListElement\":[{\"@type\":\"ListItem\",\"position\":1,\"name\":\"Home\",\"item\":\"https:\/\/kodukolle.ee\/fi\/\"},{\"@type\":\"ListItem\",\"position\":2,\"name\":\"Tuotteet\",\"item\":\"https:\/\/kodukolle.ee\/fi\/tuotteet\/\"},{\"@type\":\"ListItem\",\"position\":3,\"name\":\"Valurautatakka Plamen ROBERTO\"}]},{\"@type\":\"WebSite\",\"@id\":\"https:\/\/kodukolle.ee\/en\/#website\",\"url\":\"https:\/\/kodukolle.ee\/en\/\",\"name\":\"Kodukolle\",\"description\":\"\",\"publisher\":{\"@id\":\"https:\/\/kodukolle.ee\/en\/#organization\"},\"potentialAction\":[{\"@type\":\"SearchAction\",\"target\":{\"@type\":\"EntryPoint\",\"urlTemplate\":\"https:\/\/kodukolle.ee\/en\/?s={search_term_string}\"},\"query-input\":{\"@type\":\"PropertyValueSpecification\",\"valueRequired\":true,\"valueName\":\"search_term_string\"}}],\"inLanguage\":\"fi\"},{\"@type\":\"Organization\",\"@id\":\"https:\/\/kodukolle.ee\/en\/#organization\",\"name\":\"Kodukolle\",\"url\":\"https:\/\/kodukolle.ee\/en\/\",\"logo\":{\"@type\":\"ImageObject\",\"inLanguage\":\"fi\",\"@id\":\"https:\/\/kodukolle.ee\/en\/#\/schema\/logo\/image\/\",\"url\":\"https:\/\/kodukolle.ee\/wp-content\/uploads\/2025\/06\/logo_must_gradient.svg\",\"contentUrl\":\"https:\/\/kodukolle.ee\/wp-content\/uploads\/2025\/06\/logo_must_gradient.svg\",\"caption\":\"Kodukolle\"},\"image\":{\"@id\":\"https:\/\/kodukolle.ee\/en\/#\/schema\/logo\/image\/\"}}]}<\/script>\n<!-- \/ Yoast SEO plugin. -->","yoast_head_json":{"title":"Valurautatakka Plamen ROBERTO - Kodukolle","description":"Plamen Roberto valurautatakan tyylik\u00e4s ja omaper\u00e4inen muotoilu tekee siit\u00e4 ihanteellisen mihin tahansa moderniin sisustukseen.","robots":{"index":"index","follow":"follow","max-snippet":"max-snippet:-1","max-image-preview":"max-image-preview:large","max-video-preview":"max-video-preview:-1"},"canonical":"https:\/\/kodukolle.ee\/tuote\/malmkamin-plamen-roberto\/","og_locale":"fi_FI","og_type":"article","og_title":"Valurautatakka Plamen ROBERTO - Kodukolle","og_description":"Plamen Roberto valurautatakan tyylik\u00e4s ja omaper\u00e4inen muotoilu tekee siit\u00e4 ihanteellisen mihin tahansa moderniin sisustukseen.","og_url":"https:\/\/kodukolle.ee\/tuote\/malmkamin-plamen-roberto\/","og_site_name":"Kodukolle","article_modified_time":"2023-12-20T08:30:41+00:00","og_image":[{"width":1793,"height":1659,"url":"https:\/\/kodukolle.ee\/wp-content\/uploads\/2023\/07\/Plamen-Roberto_1.jpg","type":"image\/jpeg"}],"twitter_card":"summary_large_image","schema":{"@context":"https:\/\/schema.org","@graph":[{"@type":"WebPage","@id":"https:\/\/kodukolle.ee\/tuote\/malmkamin-plamen-roberto\/","url":"https:\/\/kodukolle.ee\/tuote\/malmkamin-plamen-roberto\/","name":"Valurautatakka Plamen ROBERTO - Kodukolle","isPartOf":{"@id":"https:\/\/kodukolle.ee\/en\/#website"},"primaryImageOfPage":{"@id":"https:\/\/kodukolle.ee\/tuote\/malmkamin-plamen-roberto\/#primaryimage"},"image":{"@id":"https:\/\/kodukolle.ee\/tuote\/malmkamin-plamen-roberto\/#primaryimage"},"thumbnailUrl":"https:\/\/kodukolle.ee\/wp-content\/uploads\/2023\/07\/Plamen-Roberto_1.jpg","datePublished":"2023-07-17T08:19:01+00:00","dateModified":"2023-12-20T08:30:41+00:00","description":"Plamen Roberto valurautatakan tyylik\u00e4s ja omaper\u00e4inen muotoilu tekee siit\u00e4 ihanteellisen mihin tahansa moderniin sisustukseen.","breadcrumb":{"@id":"https:\/\/kodukolle.ee\/tuote\/malmkamin-plamen-roberto\/#breadcrumb"},"inLanguage":"fi","potentialAction":[{"@type":"ReadAction","target":["https:\/\/kodukolle.ee\/tuote\/malmkamin-plamen-roberto\/"]}]},{"@type":"ImageObject","inLanguage":"fi","@id":"https:\/\/kodukolle.ee\/tuote\/malmkamin-plamen-roberto\/#primaryimage","url":"https:\/\/kodukolle.ee\/wp-content\/uploads\/2023\/07\/Plamen-Roberto_1.jpg","contentUrl":"https:\/\/kodukolle.ee\/wp-content\/uploads\/2023\/07\/Plamen-Roberto_1.jpg","width":1793,"height":1659,"caption":"Plamen Roberto"},{"@type":"BreadcrumbList","@id":"https:\/\/kodukolle.ee\/tuote\/malmkamin-plamen-roberto\/#breadcrumb","itemListElement":[{"@type":"ListItem","position":1,"name":"Home","item":"https:\/\/kodukolle.ee\/fi\/"},{"@type":"ListItem","position":2,"name":"Tuotteet","item":"https:\/\/kodukolle.ee\/fi\/tuotteet\/"},{"@type":"ListItem","position":3,"name":"Valurautatakka Plamen ROBERTO"}]},{"@type":"WebSite","@id":"https:\/\/kodukolle.ee\/en\/#website","url":"https:\/\/kodukolle.ee\/en\/","name":"Kodukolle","description":"","publisher":{"@id":"https:\/\/kodukolle.ee\/en\/#organization"},"potentialAction":[{"@type":"SearchAction","target":{"@type":"EntryPoint","urlTemplate":"https:\/\/kodukolle.ee\/en\/?s={search_term_string}"},"query-input":{"@type":"PropertyValueSpecification","valueRequired":true,"valueName":"search_term_string"}}],"inLanguage":"fi"},{"@type":"Organization","@id":"https:\/\/kodukolle.ee\/en\/#organization","name":"Kodukolle","url":"https:\/\/kodukolle.ee\/en\/","logo":{"@type":"ImageObject","inLanguage":"fi","@id":"https:\/\/kodukolle.ee\/en\/#\/schema\/logo\/image\/","url":"https:\/\/kodukolle.ee\/wp-content\/uploads\/2025\/06\/logo_must_gradient.svg","contentUrl":"https:\/\/kodukolle.ee\/wp-content\/uploads\/2025\/06\/logo_must_gradient.svg","caption":"Kodukolle"},"image":{"@id":"https:\/\/kodukolle.ee\/en\/#\/schema\/logo\/image\/"}}]}},"_links":{"self":[{"href":"https:\/\/kodukolle.ee\/fi\/wp-json\/wp\/v2\/product\/26084","targetHints":{"allow":["GET"]}}],"collection":[{"href":"https:\/\/kodukolle.ee\/fi\/wp-json\/wp\/v2\/product"}],"about":[{"href":"https:\/\/kodukolle.ee\/fi\/wp-json\/wp\/v2\/types\/product"}],"wp:featuredmedia":[{"embeddable":true,"href":"https:\/\/kodukolle.ee\/fi\/wp-json\/wp\/v2\/media\/14637"}],"wp:attachment":[{"href":"https:\/\/kodukolle.ee\/fi\/wp-json\/wp\/v2\/media?parent=26084"}],"wp:term":[{"taxonomy":"product_brand","embeddable":true,"href":"https:\/\/kodukolle.ee\/fi\/wp-json\/wp\/v2\/product_brand?post=26084"},{"taxonomy":"product_cat","embeddable":true,"href":"https:\/\/kodukolle.ee\/fi\/wp-json\/wp\/v2\/product_cat?post=26084"},{"taxonomy":"product_tag","embeddable":true,"href":"https:\/\/kodukolle.ee\/fi\/wp-json\/wp\/v2\/product_tag?post=26084"}],"curies":[{"name":"wp","href":"https:\/\/api.w.org\/{rel}","templated":true}]}}