{"id":26086,"date":"2019-07-26T08:24:33","date_gmt":"2019-07-26T05:24:33","guid":{"rendered":"https:\/\/kodukolle.ee\/?post_type=product&#038;p=26086"},"modified":"2024-03-14T11:09:30","modified_gmt":"2024-03-14T09:09:30","slug":"puuliesi-plamen-850-glas-n","status":"publish","type":"product","link":"https:\/\/kodukolle.ee\/fi\/tuote\/puuliesi-plamen-850-glas-n\/","title":{"rendered":"Puuliesi Plamen 850 GLAS N"},"content":{"rendered":"<p>Plamen 850 Glas N -puuliedess\u00e4 runko, keittotaso, tulisija ja uunin luukut on valmistettu valuraudasta ja p\u00e4\u00e4llystetty emalilla. My\u00f6s tulisijan sis\u00e4lt\u00f6 on valmistettu valuraudasta. Lieden ovessa on lasipaneeli, ilmans\u00e4\u00e4din ja reilun kokoinen ergonominen kahva. Lasi on varustettu &#8221;ilmaverho&#8221;-j\u00e4rjestelm\u00e4n ansiosta itsepuhdistuvalla mekanismilla, joka est\u00e4\u00e4 noen kertymisen. J\u00e4lkipolton ansiosta puuliesi saavuttaa vaikuttavan hy\u00f6tysuhteen 83,7 %. Polttokammion vieress\u00e4 on tilava paistouuni. Leivinpelti voidaan sijoittaa kolmelle tasolle. Uunin l\u00e4mm\u00f6nkest\u00e4v\u00e4 lasiluukku on varustettu sis\u00e4\u00e4nrakennetulla l\u00e4mp\u00f6mittarilla. Lieden alla oleva tilava vetolaatikko palvelee monipuolisesti \u2013 keitti\u00f6v\u00e4lineiden tai polttopuiden s\u00e4ilytykseen. Liesi on saatavana sek\u00e4 vasemmalla ett\u00e4 oikealla hormiliit\u00e4nt\u00e4vaihtoehdolla.\n<\/ul>\n<p>&nbsp;<\/p>\n","protected":false},"excerpt":{"rendered":"<p>Plamen 850 Glas N -puuliedess\u00e4 runko, keittotaso, tulisija ja uunin luukut on valmistettu valuraudasta ja p\u00e4\u00e4llystetty emalilla. My\u00f6s tulisijan sis\u00e4lt\u00f6 on valmistettu valuraudasta. Lieden ovessa on lasipaneeli, ilmans\u00e4\u00e4din ja reilun kokoinen ergonominen kahva. Lasi on varustettu &#8221;ilmaverho&#8221;-j\u00e4rjestelm\u00e4n ansiosta itsepuhdistuvalla mekanismilla, joka est\u00e4\u00e4 noen kertymisen. J\u00e4lkipolton ansiosta puuliesi saavuttaa vaikuttavan hy\u00f6tysuhteen 83,7 %. Polttokammion vieress\u00e4 on tilava paistouuni. <\/p>\n","protected":false},"featured_media":17054,"template":"","meta":{"_acf_changed":false},"product_brand":[],"product_cat":[9689,9723],"product_tag":[],"class_list":{"0":"post-26086","1":"product","2":"type-product","3":"status-publish","4":"has-post-thumbnail","6":"brands-plamen-fi","7":"product_cat-puuhellat-ja-liedet","8":"product_cat-ale","10":"first","11":"instock","12":"shipping-taxable","13":"purchasable","14":"product-type-simple"},"acf":[],"yoast_head":"<!-- This site is optimized with the Yoast SEO plugin v27.2 - https:\/\/yoast.com\/product\/yoast-seo-wordpress\/ -->\n<title>Puuliesi Plamen 850 GLAS N - Kodukolle<\/title>\n<meta name=\"description\" content=\"Plamen 850 Glas N -puuliedess\u00e4 runko, keittotaso, tulisija ja uunin luukut on valmistettu valuraudasta ja p\u00e4\u00e4llystetty emalilla.\" \/>\n<meta name=\"robots\" content=\"index, follow, max-snippet:-1, max-image-preview:large, max-video-preview:-1\" \/>\n<link rel=\"canonical\" href=\"https:\/\/kodukolle.ee\/tuote\/pliit-plamen-850-glas-n\/\" \/>\n<meta property=\"og:locale\" content=\"fi_FI\" \/>\n<meta property=\"og:type\" content=\"article\" \/>\n<meta property=\"og:title\" content=\"Puuliesi Plamen 850 GLAS N - Kodukolle\" \/>\n<meta property=\"og:description\" content=\"Plamen 850 Glas N -puuliedess\u00e4 runko, keittotaso, tulisija ja uunin luukut on valmistettu valuraudasta ja p\u00e4\u00e4llystetty emalilla.\" \/>\n<meta property=\"og:url\" content=\"https:\/\/kodukolle.ee\/tuote\/pliit-plamen-850-glas-n\/\" \/>\n<meta property=\"og:site_name\" content=\"Kodukolle\" \/>\n<meta property=\"article:modified_time\" content=\"2024-03-14T09:09:30+00:00\" \/>\n<meta property=\"og:image\" content=\"https:\/\/kodukolle.ee\/wp-content\/uploads\/2019\/07\/Plamen-850-Glas-N-2.jpg\" \/>\n\t<meta property=\"og:image:width\" content=\"956\" \/>\n\t<meta property=\"og:image:height\" content=\"1095\" \/>\n\t<meta property=\"og:image:type\" content=\"image\/jpeg\" \/>\n<meta name=\"twitter:card\" content=\"summary_large_image\" \/>\n<meta name=\"twitter:label1\" content=\"Est. reading time\" \/>\n\t<meta name=\"twitter:data1\" content=\"1 minuutti\" \/>\n<script type=\"application\/ld+json\" class=\"yoast-schema-graph\">{\"@context\":\"https:\/\/schema.org\",\"@graph\":[{\"@type\":\"WebPage\",\"@id\":\"https:\/\/kodukolle.ee\/tuote\/pliit-plamen-850-glas-n\/\",\"url\":\"https:\/\/kodukolle.ee\/tuote\/pliit-plamen-850-glas-n\/\",\"name\":\"Puuliesi Plamen 850 GLAS N - Kodukolle\",\"isPartOf\":{\"@id\":\"https:\/\/kodukolle.ee\/en\/#website\"},\"primaryImageOfPage\":{\"@id\":\"https:\/\/kodukolle.ee\/tuote\/pliit-plamen-850-glas-n\/#primaryimage\"},\"image\":{\"@id\":\"https:\/\/kodukolle.ee\/tuote\/pliit-plamen-850-glas-n\/#primaryimage\"},\"thumbnailUrl\":\"https:\/\/kodukolle.ee\/wp-content\/uploads\/2019\/07\/Plamen-850-Glas-N-2.jpg\",\"datePublished\":\"2019-07-26T05:24:33+00:00\",\"dateModified\":\"2024-03-14T09:09:30+00:00\",\"description\":\"Plamen 850 Glas N -puuliedess\u00e4 runko, keittotaso, tulisija ja uunin luukut on valmistettu valuraudasta ja p\u00e4\u00e4llystetty emalilla.\",\"breadcrumb\":{\"@id\":\"https:\/\/kodukolle.ee\/tuote\/pliit-plamen-850-glas-n\/#breadcrumb\"},\"inLanguage\":\"fi\",\"potentialAction\":[{\"@type\":\"ReadAction\",\"target\":[\"https:\/\/kodukolle.ee\/tuote\/pliit-plamen-850-glas-n\/\"]}]},{\"@type\":\"ImageObject\",\"inLanguage\":\"fi\",\"@id\":\"https:\/\/kodukolle.ee\/tuote\/pliit-plamen-850-glas-n\/#primaryimage\",\"url\":\"https:\/\/kodukolle.ee\/wp-content\/uploads\/2019\/07\/Plamen-850-Glas-N-2.jpg\",\"contentUrl\":\"https:\/\/kodukolle.ee\/wp-content\/uploads\/2019\/07\/Plamen-850-Glas-N-2.jpg\",\"width\":956,\"height\":1095,\"caption\":\"Plamen 850 Glas N\"},{\"@type\":\"BreadcrumbList\",\"@id\":\"https:\/\/kodukolle.ee\/tuote\/pliit-plamen-850-glas-n\/#breadcrumb\",\"itemListElement\":[{\"@type\":\"ListItem\",\"position\":1,\"name\":\"Home\",\"item\":\"https:\/\/kodukolle.ee\/fi\/\"},{\"@type\":\"ListItem\",\"position\":2,\"name\":\"Tuotteet\",\"item\":\"https:\/\/kodukolle.ee\/fi\/tuotteet\/\"},{\"@type\":\"ListItem\",\"position\":3,\"name\":\"Puuliesi Plamen 850 GLAS N\"}]},{\"@type\":\"WebSite\",\"@id\":\"https:\/\/kodukolle.ee\/en\/#website\",\"url\":\"https:\/\/kodukolle.ee\/en\/\",\"name\":\"Kodukolle\",\"description\":\"\",\"publisher\":{\"@id\":\"https:\/\/kodukolle.ee\/en\/#organization\"},\"potentialAction\":[{\"@type\":\"SearchAction\",\"target\":{\"@type\":\"EntryPoint\",\"urlTemplate\":\"https:\/\/kodukolle.ee\/en\/?s={search_term_string}\"},\"query-input\":{\"@type\":\"PropertyValueSpecification\",\"valueRequired\":true,\"valueName\":\"search_term_string\"}}],\"inLanguage\":\"fi\"},{\"@type\":\"Organization\",\"@id\":\"https:\/\/kodukolle.ee\/en\/#organization\",\"name\":\"Kodukolle\",\"url\":\"https:\/\/kodukolle.ee\/en\/\",\"logo\":{\"@type\":\"ImageObject\",\"inLanguage\":\"fi\",\"@id\":\"https:\/\/kodukolle.ee\/en\/#\/schema\/logo\/image\/\",\"url\":\"https:\/\/kodukolle.ee\/wp-content\/uploads\/2025\/06\/logo_must_gradient.svg\",\"contentUrl\":\"https:\/\/kodukolle.ee\/wp-content\/uploads\/2025\/06\/logo_must_gradient.svg\",\"caption\":\"Kodukolle\"},\"image\":{\"@id\":\"https:\/\/kodukolle.ee\/en\/#\/schema\/logo\/image\/\"}}]}<\/script>\n<!-- \/ Yoast SEO plugin. -->","yoast_head_json":{"title":"Puuliesi Plamen 850 GLAS N - Kodukolle","description":"Plamen 850 Glas N -puuliedess\u00e4 runko, keittotaso, tulisija ja uunin luukut on valmistettu valuraudasta ja p\u00e4\u00e4llystetty emalilla.","robots":{"index":"index","follow":"follow","max-snippet":"max-snippet:-1","max-image-preview":"max-image-preview:large","max-video-preview":"max-video-preview:-1"},"canonical":"https:\/\/kodukolle.ee\/tuote\/pliit-plamen-850-glas-n\/","og_locale":"fi_FI","og_type":"article","og_title":"Puuliesi Plamen 850 GLAS N - Kodukolle","og_description":"Plamen 850 Glas N -puuliedess\u00e4 runko, keittotaso, tulisija ja uunin luukut on valmistettu valuraudasta ja p\u00e4\u00e4llystetty emalilla.","og_url":"https:\/\/kodukolle.ee\/tuote\/pliit-plamen-850-glas-n\/","og_site_name":"Kodukolle","article_modified_time":"2024-03-14T09:09:30+00:00","og_image":[{"width":956,"height":1095,"url":"https:\/\/kodukolle.ee\/wp-content\/uploads\/2019\/07\/Plamen-850-Glas-N-2.jpg","type":"image\/jpeg"}],"twitter_card":"summary_large_image","twitter_misc":{"Est. reading time":"1 minuutti"},"schema":{"@context":"https:\/\/schema.org","@graph":[{"@type":"WebPage","@id":"https:\/\/kodukolle.ee\/tuote\/pliit-plamen-850-glas-n\/","url":"https:\/\/kodukolle.ee\/tuote\/pliit-plamen-850-glas-n\/","name":"Puuliesi Plamen 850 GLAS N - Kodukolle","isPartOf":{"@id":"https:\/\/kodukolle.ee\/en\/#website"},"primaryImageOfPage":{"@id":"https:\/\/kodukolle.ee\/tuote\/pliit-plamen-850-glas-n\/#primaryimage"},"image":{"@id":"https:\/\/kodukolle.ee\/tuote\/pliit-plamen-850-glas-n\/#primaryimage"},"thumbnailUrl":"https:\/\/kodukolle.ee\/wp-content\/uploads\/2019\/07\/Plamen-850-Glas-N-2.jpg","datePublished":"2019-07-26T05:24:33+00:00","dateModified":"2024-03-14T09:09:30+00:00","description":"Plamen 850 Glas N -puuliedess\u00e4 runko, keittotaso, tulisija ja uunin luukut on valmistettu valuraudasta ja p\u00e4\u00e4llystetty emalilla.","breadcrumb":{"@id":"https:\/\/kodukolle.ee\/tuote\/pliit-plamen-850-glas-n\/#breadcrumb"},"inLanguage":"fi","potentialAction":[{"@type":"ReadAction","target":["https:\/\/kodukolle.ee\/tuote\/pliit-plamen-850-glas-n\/"]}]},{"@type":"ImageObject","inLanguage":"fi","@id":"https:\/\/kodukolle.ee\/tuote\/pliit-plamen-850-glas-n\/#primaryimage","url":"https:\/\/kodukolle.ee\/wp-content\/uploads\/2019\/07\/Plamen-850-Glas-N-2.jpg","contentUrl":"https:\/\/kodukolle.ee\/wp-content\/uploads\/2019\/07\/Plamen-850-Glas-N-2.jpg","width":956,"height":1095,"caption":"Plamen 850 Glas N"},{"@type":"BreadcrumbList","@id":"https:\/\/kodukolle.ee\/tuote\/pliit-plamen-850-glas-n\/#breadcrumb","itemListElement":[{"@type":"ListItem","position":1,"name":"Home","item":"https:\/\/kodukolle.ee\/fi\/"},{"@type":"ListItem","position":2,"name":"Tuotteet","item":"https:\/\/kodukolle.ee\/fi\/tuotteet\/"},{"@type":"ListItem","position":3,"name":"Puuliesi Plamen 850 GLAS N"}]},{"@type":"WebSite","@id":"https:\/\/kodukolle.ee\/en\/#website","url":"https:\/\/kodukolle.ee\/en\/","name":"Kodukolle","description":"","publisher":{"@id":"https:\/\/kodukolle.ee\/en\/#organization"},"potentialAction":[{"@type":"SearchAction","target":{"@type":"EntryPoint","urlTemplate":"https:\/\/kodukolle.ee\/en\/?s={search_term_string}"},"query-input":{"@type":"PropertyValueSpecification","valueRequired":true,"valueName":"search_term_string"}}],"inLanguage":"fi"},{"@type":"Organization","@id":"https:\/\/kodukolle.ee\/en\/#organization","name":"Kodukolle","url":"https:\/\/kodukolle.ee\/en\/","logo":{"@type":"ImageObject","inLanguage":"fi","@id":"https:\/\/kodukolle.ee\/en\/#\/schema\/logo\/image\/","url":"https:\/\/kodukolle.ee\/wp-content\/uploads\/2025\/06\/logo_must_gradient.svg","contentUrl":"https:\/\/kodukolle.ee\/wp-content\/uploads\/2025\/06\/logo_must_gradient.svg","caption":"Kodukolle"},"image":{"@id":"https:\/\/kodukolle.ee\/en\/#\/schema\/logo\/image\/"}}]}},"_links":{"self":[{"href":"https:\/\/kodukolle.ee\/fi\/wp-json\/wp\/v2\/product\/26086","targetHints":{"allow":["GET"]}}],"collection":[{"href":"https:\/\/kodukolle.ee\/fi\/wp-json\/wp\/v2\/product"}],"about":[{"href":"https:\/\/kodukolle.ee\/fi\/wp-json\/wp\/v2\/types\/product"}],"wp:featuredmedia":[{"embeddable":true,"href":"https:\/\/kodukolle.ee\/fi\/wp-json\/wp\/v2\/media\/17054"}],"wp:attachment":[{"href":"https:\/\/kodukolle.ee\/fi\/wp-json\/wp\/v2\/media?parent=26086"}],"wp:term":[{"taxonomy":"product_brand","embeddable":true,"href":"https:\/\/kodukolle.ee\/fi\/wp-json\/wp\/v2\/product_brand?post=26086"},{"taxonomy":"product_cat","embeddable":true,"href":"https:\/\/kodukolle.ee\/fi\/wp-json\/wp\/v2\/product_cat?post=26086"},{"taxonomy":"product_tag","embeddable":true,"href":"https:\/\/kodukolle.ee\/fi\/wp-json\/wp\/v2\/product_tag?post=26086"}],"curies":[{"name":"wp","href":"https:\/\/api.w.org\/{rel}","templated":true}]}}