{"id":26097,"date":"2019-07-26T08:24:32","date_gmt":"2019-07-26T05:24:32","guid":{"rendered":"https:\/\/kodukolle.ee\/?post_type=product&#038;p=26097"},"modified":"2023-12-27T14:58:02","modified_gmt":"2023-12-27T12:58:02","slug":"puuliesi-lanordica-rosetta-bii","status":"publish","type":"product","link":"https:\/\/kodukolle.ee\/fi\/tuote\/puuliesi-lanordica-rosetta-bii\/","title":{"rendered":"Puuliesi LaNordica ROSETTA BII"},"content":{"rendered":"<p>Rosetta BII LaNordica puuliesi, joka klassisen elegantin muotoilunsa ansiosta rikastuttaa mink\u00e4 tahansa keitti\u00f6n sisustusta. 28 litran paistouuni oveen integroidulla l\u00e4mp\u00f6mittarilla, iso keittotaso, irrotettava tuhkalaatikko, tilava laatikko polttopuiden tai tarvikkeiden s\u00e4ilytykseen, kaikki t\u00e4m\u00e4 tekee puulieden k\u00e4yt\u00f6st\u00e4 eritt\u00e4in k\u00e4tev\u00e4\u00e4. Lieden paistouuni on oikealla ja polttokammio vasemmalla. Rosetta BII l\u00e4mmitt\u00e4\u00e4 vaivattomasti huoneet jopa 206 m\u00b3 asti. La Nordica-Extraflamen kehitt\u00e4m\u00e4 polttoj\u00e4rjestelm\u00e4 mahdollistaa j\u00e4lkipolton sekundaari-\/terti\u00e4\u00e4risen ilmaj\u00e4rjestelm\u00e4n ansiosta, joka pystyy v\u00e4hent\u00e4m\u00e4\u00e4n p\u00e4\u00e4st\u00f6j\u00e4 merkitt\u00e4v\u00e4sti. Puulied\u00e4ssa on lasinpuhdistusj\u00e4rjestelm\u00e4, joka est\u00e4\u00e4 tehokkaasti lian ker\u00e4\u00e4ntymisen lieden luukun lasiin esil\u00e4mmitetyn ilmavirran avulla.<br \/>\n&nbsp;<\/p>\n","protected":false},"excerpt":{"rendered":"<p>Rosetta BII LaNordica puuliesi, joka klassisen elegantin muotoilunsa ansiosta rikastuttaa mink\u00e4 tahansa keitti\u00f6n sisustusta. 28 litran paistouuni oveen integroidulla l\u00e4mp\u00f6mittarilla, iso keittotaso, irrotettava tuhkalaatikko, tilava laatikko polttopuiden tai tarvikkeiden s\u00e4ilytykseen, kaikki t\u00e4m\u00e4 tekee puulieden k\u00e4yt\u00f6st\u00e4 eritt\u00e4in k\u00e4tev\u00e4\u00e4. Lieden paistouuni on oikealla ja polttokammio vasemmalla.<\/p>\n","protected":false},"featured_media":26099,"template":"","meta":{"_acf_changed":false},"product_brand":[],"product_cat":[9689],"product_tag":[],"class_list":{"0":"post-26097","1":"product","2":"type-product","3":"status-publish","4":"has-post-thumbnail","6":"brands-nordica-fi","7":"product_cat-puuhellat-ja-liedet","9":"first","10":"instock","11":"shipping-taxable","12":"purchasable","13":"product-type-simple"},"acf":[],"yoast_head":"<!-- This site is optimized with the Yoast SEO plugin v27.2 - https:\/\/yoast.com\/product\/yoast-seo-wordpress\/ -->\n<title>Puuliesi LaNordica ROSETTA BII - Kodukolle<\/title>\n<meta name=\"description\" content=\"Rosetta BII LaNordica puuliesi, joka klassisen elegantin muotoilunsa ansiosta rikastuttaa mink\u00e4 tahansa keitti\u00f6n sisustusta.\" \/>\n<meta name=\"robots\" content=\"index, follow, max-snippet:-1, max-image-preview:large, max-video-preview:-1\" \/>\n<link rel=\"canonical\" href=\"https:\/\/kodukolle.ee\/tuote\/pliit-lanordica-rosetta-bii\/\" \/>\n<meta property=\"og:locale\" content=\"fi_FI\" \/>\n<meta property=\"og:type\" content=\"article\" \/>\n<meta property=\"og:title\" content=\"Puuliesi LaNordica ROSETTA BII - Kodukolle\" \/>\n<meta property=\"og:description\" content=\"Rosetta BII LaNordica puuliesi, joka klassisen elegantin muotoilunsa ansiosta rikastuttaa mink\u00e4 tahansa keitti\u00f6n sisustusta.\" \/>\n<meta property=\"og:url\" content=\"https:\/\/kodukolle.ee\/tuote\/pliit-lanordica-rosetta-bii\/\" \/>\n<meta property=\"og:site_name\" content=\"Kodukolle\" \/>\n<meta property=\"article:modified_time\" content=\"2023-12-27T12:58:02+00:00\" \/>\n<meta property=\"og:image\" content=\"https:\/\/kodukolle.ee\/wp-content\/uploads\/2019\/07\/Rosetta-liberty-bordeaux-1024x807.jpg\" \/>\n\t<meta property=\"og:image:width\" content=\"1024\" \/>\n\t<meta property=\"og:image:height\" content=\"807\" \/>\n\t<meta property=\"og:image:type\" content=\"image\/jpeg\" \/>\n<meta name=\"twitter:card\" content=\"summary_large_image\" \/>\n<meta name=\"twitter:label1\" content=\"Est. reading time\" \/>\n\t<meta name=\"twitter:data1\" content=\"1 minuutti\" \/>\n<script type=\"application\/ld+json\" class=\"yoast-schema-graph\">{\"@context\":\"https:\/\/schema.org\",\"@graph\":[{\"@type\":\"WebPage\",\"@id\":\"https:\/\/kodukolle.ee\/tuote\/pliit-lanordica-rosetta-bii\/\",\"url\":\"https:\/\/kodukolle.ee\/tuote\/pliit-lanordica-rosetta-bii\/\",\"name\":\"Puuliesi LaNordica ROSETTA BII - Kodukolle\",\"isPartOf\":{\"@id\":\"https:\/\/kodukolle.ee\/en\/#website\"},\"primaryImageOfPage\":{\"@id\":\"https:\/\/kodukolle.ee\/tuote\/pliit-lanordica-rosetta-bii\/#primaryimage\"},\"image\":{\"@id\":\"https:\/\/kodukolle.ee\/tuote\/pliit-lanordica-rosetta-bii\/#primaryimage\"},\"thumbnailUrl\":\"https:\/\/kodukolle.ee\/wp-content\/uploads\/2019\/07\/Rosetta-liberty-bordeaux.jpg\",\"datePublished\":\"2019-07-26T05:24:32+00:00\",\"dateModified\":\"2023-12-27T12:58:02+00:00\",\"description\":\"Rosetta BII LaNordica puuliesi, joka klassisen elegantin muotoilunsa ansiosta rikastuttaa mink\u00e4 tahansa keitti\u00f6n sisustusta.\",\"breadcrumb\":{\"@id\":\"https:\/\/kodukolle.ee\/tuote\/pliit-lanordica-rosetta-bii\/#breadcrumb\"},\"inLanguage\":\"fi\",\"potentialAction\":[{\"@type\":\"ReadAction\",\"target\":[\"https:\/\/kodukolle.ee\/tuote\/pliit-lanordica-rosetta-bii\/\"]}]},{\"@type\":\"ImageObject\",\"inLanguage\":\"fi\",\"@id\":\"https:\/\/kodukolle.ee\/tuote\/pliit-lanordica-rosetta-bii\/#primaryimage\",\"url\":\"https:\/\/kodukolle.ee\/wp-content\/uploads\/2019\/07\/Rosetta-liberty-bordeaux.jpg\",\"contentUrl\":\"https:\/\/kodukolle.ee\/wp-content\/uploads\/2019\/07\/Rosetta-liberty-bordeaux.jpg\",\"width\":4630,\"height\":3647},{\"@type\":\"BreadcrumbList\",\"@id\":\"https:\/\/kodukolle.ee\/tuote\/pliit-lanordica-rosetta-bii\/#breadcrumb\",\"itemListElement\":[{\"@type\":\"ListItem\",\"position\":1,\"name\":\"Home\",\"item\":\"https:\/\/kodukolle.ee\/fi\/\"},{\"@type\":\"ListItem\",\"position\":2,\"name\":\"Tuotteet\",\"item\":\"https:\/\/kodukolle.ee\/fi\/tuotteet\/\"},{\"@type\":\"ListItem\",\"position\":3,\"name\":\"Puuliesi LaNordica ROSETTA BII\"}]},{\"@type\":\"WebSite\",\"@id\":\"https:\/\/kodukolle.ee\/en\/#website\",\"url\":\"https:\/\/kodukolle.ee\/en\/\",\"name\":\"Kodukolle\",\"description\":\"\",\"publisher\":{\"@id\":\"https:\/\/kodukolle.ee\/en\/#organization\"},\"potentialAction\":[{\"@type\":\"SearchAction\",\"target\":{\"@type\":\"EntryPoint\",\"urlTemplate\":\"https:\/\/kodukolle.ee\/en\/?s={search_term_string}\"},\"query-input\":{\"@type\":\"PropertyValueSpecification\",\"valueRequired\":true,\"valueName\":\"search_term_string\"}}],\"inLanguage\":\"fi\"},{\"@type\":\"Organization\",\"@id\":\"https:\/\/kodukolle.ee\/en\/#organization\",\"name\":\"Kodukolle\",\"url\":\"https:\/\/kodukolle.ee\/en\/\",\"logo\":{\"@type\":\"ImageObject\",\"inLanguage\":\"fi\",\"@id\":\"https:\/\/kodukolle.ee\/en\/#\/schema\/logo\/image\/\",\"url\":\"https:\/\/kodukolle.ee\/wp-content\/uploads\/2025\/06\/logo_must_gradient.svg\",\"contentUrl\":\"https:\/\/kodukolle.ee\/wp-content\/uploads\/2025\/06\/logo_must_gradient.svg\",\"caption\":\"Kodukolle\"},\"image\":{\"@id\":\"https:\/\/kodukolle.ee\/en\/#\/schema\/logo\/image\/\"}}]}<\/script>\n<!-- \/ Yoast SEO plugin. -->","yoast_head_json":{"title":"Puuliesi LaNordica ROSETTA BII - Kodukolle","description":"Rosetta BII LaNordica puuliesi, joka klassisen elegantin muotoilunsa ansiosta rikastuttaa mink\u00e4 tahansa keitti\u00f6n sisustusta.","robots":{"index":"index","follow":"follow","max-snippet":"max-snippet:-1","max-image-preview":"max-image-preview:large","max-video-preview":"max-video-preview:-1"},"canonical":"https:\/\/kodukolle.ee\/tuote\/pliit-lanordica-rosetta-bii\/","og_locale":"fi_FI","og_type":"article","og_title":"Puuliesi LaNordica ROSETTA BII - Kodukolle","og_description":"Rosetta BII LaNordica puuliesi, joka klassisen elegantin muotoilunsa ansiosta rikastuttaa mink\u00e4 tahansa keitti\u00f6n sisustusta.","og_url":"https:\/\/kodukolle.ee\/tuote\/pliit-lanordica-rosetta-bii\/","og_site_name":"Kodukolle","article_modified_time":"2023-12-27T12:58:02+00:00","og_image":[{"width":1024,"height":807,"url":"https:\/\/kodukolle.ee\/wp-content\/uploads\/2019\/07\/Rosetta-liberty-bordeaux-1024x807.jpg","type":"image\/jpeg"}],"twitter_card":"summary_large_image","twitter_misc":{"Est. reading time":"1 minuutti"},"schema":{"@context":"https:\/\/schema.org","@graph":[{"@type":"WebPage","@id":"https:\/\/kodukolle.ee\/tuote\/pliit-lanordica-rosetta-bii\/","url":"https:\/\/kodukolle.ee\/tuote\/pliit-lanordica-rosetta-bii\/","name":"Puuliesi LaNordica ROSETTA BII - Kodukolle","isPartOf":{"@id":"https:\/\/kodukolle.ee\/en\/#website"},"primaryImageOfPage":{"@id":"https:\/\/kodukolle.ee\/tuote\/pliit-lanordica-rosetta-bii\/#primaryimage"},"image":{"@id":"https:\/\/kodukolle.ee\/tuote\/pliit-lanordica-rosetta-bii\/#primaryimage"},"thumbnailUrl":"https:\/\/kodukolle.ee\/wp-content\/uploads\/2019\/07\/Rosetta-liberty-bordeaux.jpg","datePublished":"2019-07-26T05:24:32+00:00","dateModified":"2023-12-27T12:58:02+00:00","description":"Rosetta BII LaNordica puuliesi, joka klassisen elegantin muotoilunsa ansiosta rikastuttaa mink\u00e4 tahansa keitti\u00f6n sisustusta.","breadcrumb":{"@id":"https:\/\/kodukolle.ee\/tuote\/pliit-lanordica-rosetta-bii\/#breadcrumb"},"inLanguage":"fi","potentialAction":[{"@type":"ReadAction","target":["https:\/\/kodukolle.ee\/tuote\/pliit-lanordica-rosetta-bii\/"]}]},{"@type":"ImageObject","inLanguage":"fi","@id":"https:\/\/kodukolle.ee\/tuote\/pliit-lanordica-rosetta-bii\/#primaryimage","url":"https:\/\/kodukolle.ee\/wp-content\/uploads\/2019\/07\/Rosetta-liberty-bordeaux.jpg","contentUrl":"https:\/\/kodukolle.ee\/wp-content\/uploads\/2019\/07\/Rosetta-liberty-bordeaux.jpg","width":4630,"height":3647},{"@type":"BreadcrumbList","@id":"https:\/\/kodukolle.ee\/tuote\/pliit-lanordica-rosetta-bii\/#breadcrumb","itemListElement":[{"@type":"ListItem","position":1,"name":"Home","item":"https:\/\/kodukolle.ee\/fi\/"},{"@type":"ListItem","position":2,"name":"Tuotteet","item":"https:\/\/kodukolle.ee\/fi\/tuotteet\/"},{"@type":"ListItem","position":3,"name":"Puuliesi LaNordica ROSETTA BII"}]},{"@type":"WebSite","@id":"https:\/\/kodukolle.ee\/en\/#website","url":"https:\/\/kodukolle.ee\/en\/","name":"Kodukolle","description":"","publisher":{"@id":"https:\/\/kodukolle.ee\/en\/#organization"},"potentialAction":[{"@type":"SearchAction","target":{"@type":"EntryPoint","urlTemplate":"https:\/\/kodukolle.ee\/en\/?s={search_term_string}"},"query-input":{"@type":"PropertyValueSpecification","valueRequired":true,"valueName":"search_term_string"}}],"inLanguage":"fi"},{"@type":"Organization","@id":"https:\/\/kodukolle.ee\/en\/#organization","name":"Kodukolle","url":"https:\/\/kodukolle.ee\/en\/","logo":{"@type":"ImageObject","inLanguage":"fi","@id":"https:\/\/kodukolle.ee\/en\/#\/schema\/logo\/image\/","url":"https:\/\/kodukolle.ee\/wp-content\/uploads\/2025\/06\/logo_must_gradient.svg","contentUrl":"https:\/\/kodukolle.ee\/wp-content\/uploads\/2025\/06\/logo_must_gradient.svg","caption":"Kodukolle"},"image":{"@id":"https:\/\/kodukolle.ee\/en\/#\/schema\/logo\/image\/"}}]}},"_links":{"self":[{"href":"https:\/\/kodukolle.ee\/fi\/wp-json\/wp\/v2\/product\/26097","targetHints":{"allow":["GET"]}}],"collection":[{"href":"https:\/\/kodukolle.ee\/fi\/wp-json\/wp\/v2\/product"}],"about":[{"href":"https:\/\/kodukolle.ee\/fi\/wp-json\/wp\/v2\/types\/product"}],"wp:featuredmedia":[{"embeddable":true,"href":"https:\/\/kodukolle.ee\/fi\/wp-json\/wp\/v2\/media\/26099"}],"wp:attachment":[{"href":"https:\/\/kodukolle.ee\/fi\/wp-json\/wp\/v2\/media?parent=26097"}],"wp:term":[{"taxonomy":"product_brand","embeddable":true,"href":"https:\/\/kodukolle.ee\/fi\/wp-json\/wp\/v2\/product_brand?post=26097"},{"taxonomy":"product_cat","embeddable":true,"href":"https:\/\/kodukolle.ee\/fi\/wp-json\/wp\/v2\/product_cat?post=26097"},{"taxonomy":"product_tag","embeddable":true,"href":"https:\/\/kodukolle.ee\/fi\/wp-json\/wp\/v2\/product_tag?post=26097"}],"curies":[{"name":"wp","href":"https:\/\/api.w.org\/{rel}","templated":true}]}}