{"id":26128,"date":"2023-05-31T14:33:28","date_gmt":"2023-05-31T11:33:28","guid":{"rendered":"https:\/\/kodukolle.ee\/?post_type=product&#038;p=26128"},"modified":"2023-12-20T13:21:31","modified_gmt":"2023-12-20T11:21:31","slug":"puukiuas-skamet-ps-110-gl","status":"publish","type":"product","link":"https:\/\/kodukolle.ee\/fi\/tuote\/puukiuas-skamet-ps-110-gl\/","title":{"rendered":"Puukiuas SKAMET PS-110 GL"},"content":{"rendered":"<p>Puukiuas on l\u00f6ylyhuoneen syd\u00e4n, jota ei pit\u00e4isi puuttua kenenk\u00e4\u00e4n todellisen saunan yst\u00e4v\u00e4n kodista. Virkist\u00e4v\u00e4 sauna on t\u00e4ydellinen tapa paeta arjen huolia v\u00e4sytt\u00e4v\u00e4n ty\u00f6p\u00e4iv\u00e4n tai stressaavan ty\u00f6viikon j\u00e4lkeen. Skamet-kiukaat on tarkoitettu kaikille, jotka arvostavat rentouttavaa saunaa, h\u00f6yry yst\u00e4vien kanssa tai parantavaa saunomista.<\/p>\n<p>Samasta huoneesta l\u00e4mmitetty pieni ter\u00e4srunkoinen Skamet PS-110 GL kiuas sopii mainiosti 7-12 m\u00b3 l\u00f6ylyhuoneisiin. Kiuas on varustettu kaksinkertaisella sein\u00e4ll\u00e4 kolmella sivulla, mik\u00e4 pienent\u00e4\u00e4 turvaet\u00e4isyyksi\u00e4 muihin kiukaisiin verrattuna jopa puoleen. Kompaktin kokonsa ansiosta kiuas on ihanteellinen pienempiin l\u00f6ylyhuoneisiin ja tynnyrisaunoihin. Metallinen runkol\u00e4mmitin on eritt\u00e4in kest\u00e4v\u00e4, ja h\u00f6yrysaunan l\u00e4mmitt\u00e4miseen menee vain 30-45 minuuttia. Puul\u00e4mmitteinen kiuassarja sis\u00e4lt\u00e4\u00e4 l\u00e4mm\u00f6nkest\u00e4v\u00e4n lasioven metallikahvalla, oven aukeamista voi valita. On my\u00f6s mahdollista ostaa kiuaskivi\u00e4 ja vesis\u00e4ili\u00f6 savupiippuun kiinnitett\u00e4v\u00e4ksi ja l\u00e4mmitt\u00e4\u00e4 sen avulla vett\u00e4. <\/p>\n<p>&nbsp;<\/p>\n","protected":false},"excerpt":{"rendered":"<p>Samasta huoneesta l\u00e4mmitetty pieni ter\u00e4srunkoinen Skamet PS-110 GL kiuas sopii mainiosti 7-12 m\u00b3 l\u00f6ylyhuoneisiin. Kiuas on varustettu kaksinkertaisella sein\u00e4ll\u00e4 kolmella sivulla, mik\u00e4 pienent\u00e4\u00e4 turvaet\u00e4isyyksi\u00e4 muihin kiukaisiin verrattuna jopa puoleen. Kompaktin kokonsa ansiosta kiuas on ihanteellinen pienempiin l\u00f6ylyhuoneisiin ja tynnyrisaunoihin. <\/p>\n","protected":false},"featured_media":12116,"template":"","meta":{"_acf_changed":false},"product_brand":[],"product_cat":[9692,9723],"product_tag":[],"class_list":{"0":"post-26128","1":"product","2":"type-product","3":"status-publish","4":"has-post-thumbnail","6":"brands-skamet-fi","7":"product_cat-kiukaat-ja-grillit","8":"product_cat-ale","10":"first","11":"instock","12":"shipping-taxable","13":"purchasable","14":"product-type-simple"},"acf":[],"yoast_head":"<!-- This site is optimized with the Yoast SEO plugin v27.2 - https:\/\/yoast.com\/product\/yoast-seo-wordpress\/ -->\n<title>Puukiuas SKAMET PS-110 GL - Kodukolle<\/title>\n<meta name=\"description\" content=\"Samasta huoneesta l\u00e4mmitetty pieni ter\u00e4srunkoinen Skamet PS-110 GL kiuas sopii mainiosti 7-12 m\u00b3 l\u00f6ylyhuoneisiin. Skamet-kiukaat on tarkoitettu kaikille, jotka arvostavat rentouttavaa saunaa, h\u00f6yry yst\u00e4vien kanssa tai parantavaa saunomista.\" \/>\n<meta name=\"robots\" content=\"index, follow, max-snippet:-1, max-image-preview:large, max-video-preview:-1\" \/>\n<link rel=\"canonical\" href=\"https:\/\/kodukolle.ee\/fi\/tuote\/puukiuas-skamet-ps-110-gl\/\" \/>\n<meta property=\"og:locale\" content=\"fi_FI\" \/>\n<meta property=\"og:type\" content=\"article\" \/>\n<meta property=\"og:title\" content=\"Puukiuas SKAMET PS-110 GL - Kodukolle\" \/>\n<meta property=\"og:description\" content=\"Samasta huoneesta l\u00e4mmitetty pieni ter\u00e4srunkoinen Skamet PS-110 GL kiuas sopii mainiosti 7-12 m\u00b3 l\u00f6ylyhuoneisiin. Skamet-kiukaat on tarkoitettu kaikille, jotka arvostavat rentouttavaa saunaa, h\u00f6yry yst\u00e4vien kanssa tai parantavaa saunomista.\" \/>\n<meta property=\"og:url\" content=\"https:\/\/kodukolle.ee\/fi\/tuote\/puukiuas-skamet-ps-110-gl\/\" \/>\n<meta property=\"og:site_name\" content=\"Kodukolle\" \/>\n<meta property=\"article:modified_time\" content=\"2023-12-20T11:21:31+00:00\" \/>\n<meta property=\"og:image\" content=\"https:\/\/kodukolle.ee\/wp-content\/uploads\/2023\/05\/Skamet-PS-110-GL.jpg\" \/>\n\t<meta property=\"og:image:width\" content=\"937\" \/>\n\t<meta property=\"og:image:height\" content=\"897\" \/>\n\t<meta property=\"og:image:type\" content=\"image\/jpeg\" \/>\n<meta name=\"twitter:card\" content=\"summary_large_image\" \/>\n<meta name=\"twitter:label1\" content=\"Est. reading time\" \/>\n\t<meta name=\"twitter:data1\" content=\"1 minuutti\" \/>\n<script type=\"application\/ld+json\" class=\"yoast-schema-graph\">{\"@context\":\"https:\/\/schema.org\",\"@graph\":[{\"@type\":\"WebPage\",\"@id\":\"https:\/\/kodukolle.ee\/fi\/tuote\/puukiuas-skamet-ps-110-gl\/\",\"url\":\"https:\/\/kodukolle.ee\/fi\/tuote\/puukiuas-skamet-ps-110-gl\/\",\"name\":\"Puukiuas SKAMET PS-110 GL - Kodukolle\",\"isPartOf\":{\"@id\":\"https:\/\/kodukolle.ee\/en\/#website\"},\"primaryImageOfPage\":{\"@id\":\"https:\/\/kodukolle.ee\/fi\/tuote\/puukiuas-skamet-ps-110-gl\/#primaryimage\"},\"image\":{\"@id\":\"https:\/\/kodukolle.ee\/fi\/tuote\/puukiuas-skamet-ps-110-gl\/#primaryimage\"},\"thumbnailUrl\":\"https:\/\/kodukolle.ee\/wp-content\/uploads\/2023\/05\/Skamet-PS-110-GL.jpg\",\"datePublished\":\"2023-05-31T11:33:28+00:00\",\"dateModified\":\"2023-12-20T11:21:31+00:00\",\"description\":\"Samasta huoneesta l\u00e4mmitetty pieni ter\u00e4srunkoinen Skamet PS-110 GL kiuas sopii mainiosti 7-12 m\u00b3 l\u00f6ylyhuoneisiin. Skamet-kiukaat on tarkoitettu kaikille, jotka arvostavat rentouttavaa saunaa, h\u00f6yry yst\u00e4vien kanssa tai parantavaa saunomista.\",\"breadcrumb\":{\"@id\":\"https:\/\/kodukolle.ee\/fi\/tuote\/puukiuas-skamet-ps-110-gl\/#breadcrumb\"},\"inLanguage\":\"fi\",\"potentialAction\":[{\"@type\":\"ReadAction\",\"target\":[\"https:\/\/kodukolle.ee\/fi\/tuote\/puukiuas-skamet-ps-110-gl\/\"]}]},{\"@type\":\"ImageObject\",\"inLanguage\":\"fi\",\"@id\":\"https:\/\/kodukolle.ee\/fi\/tuote\/puukiuas-skamet-ps-110-gl\/#primaryimage\",\"url\":\"https:\/\/kodukolle.ee\/wp-content\/uploads\/2023\/05\/Skamet-PS-110-GL.jpg\",\"contentUrl\":\"https:\/\/kodukolle.ee\/wp-content\/uploads\/2023\/05\/Skamet-PS-110-GL.jpg\",\"width\":937,\"height\":897,\"caption\":\"skamet ps-110 gl\"},{\"@type\":\"BreadcrumbList\",\"@id\":\"https:\/\/kodukolle.ee\/fi\/tuote\/puukiuas-skamet-ps-110-gl\/#breadcrumb\",\"itemListElement\":[{\"@type\":\"ListItem\",\"position\":1,\"name\":\"Home\",\"item\":\"https:\/\/kodukolle.ee\/fi\/\"},{\"@type\":\"ListItem\",\"position\":2,\"name\":\"Tuotteet\",\"item\":\"https:\/\/kodukolle.ee\/fi\/tuotteet\/\"},{\"@type\":\"ListItem\",\"position\":3,\"name\":\"Puukiuas SKAMET PS-110 GL\"}]},{\"@type\":\"WebSite\",\"@id\":\"https:\/\/kodukolle.ee\/en\/#website\",\"url\":\"https:\/\/kodukolle.ee\/en\/\",\"name\":\"Kodukolle\",\"description\":\"\",\"publisher\":{\"@id\":\"https:\/\/kodukolle.ee\/en\/#organization\"},\"potentialAction\":[{\"@type\":\"SearchAction\",\"target\":{\"@type\":\"EntryPoint\",\"urlTemplate\":\"https:\/\/kodukolle.ee\/en\/?s={search_term_string}\"},\"query-input\":{\"@type\":\"PropertyValueSpecification\",\"valueRequired\":true,\"valueName\":\"search_term_string\"}}],\"inLanguage\":\"fi\"},{\"@type\":\"Organization\",\"@id\":\"https:\/\/kodukolle.ee\/en\/#organization\",\"name\":\"Kodukolle\",\"url\":\"https:\/\/kodukolle.ee\/en\/\",\"logo\":{\"@type\":\"ImageObject\",\"inLanguage\":\"fi\",\"@id\":\"https:\/\/kodukolle.ee\/en\/#\/schema\/logo\/image\/\",\"url\":\"https:\/\/kodukolle.ee\/wp-content\/uploads\/2025\/06\/logo_must_gradient.svg\",\"contentUrl\":\"https:\/\/kodukolle.ee\/wp-content\/uploads\/2025\/06\/logo_must_gradient.svg\",\"caption\":\"Kodukolle\"},\"image\":{\"@id\":\"https:\/\/kodukolle.ee\/en\/#\/schema\/logo\/image\/\"}}]}<\/script>\n<!-- \/ Yoast SEO plugin. -->","yoast_head_json":{"title":"Puukiuas SKAMET PS-110 GL - Kodukolle","description":"Samasta huoneesta l\u00e4mmitetty pieni ter\u00e4srunkoinen Skamet PS-110 GL kiuas sopii mainiosti 7-12 m\u00b3 l\u00f6ylyhuoneisiin. Skamet-kiukaat on tarkoitettu kaikille, jotka arvostavat rentouttavaa saunaa, h\u00f6yry yst\u00e4vien kanssa tai parantavaa saunomista.","robots":{"index":"index","follow":"follow","max-snippet":"max-snippet:-1","max-image-preview":"max-image-preview:large","max-video-preview":"max-video-preview:-1"},"canonical":"https:\/\/kodukolle.ee\/fi\/tuote\/puukiuas-skamet-ps-110-gl\/","og_locale":"fi_FI","og_type":"article","og_title":"Puukiuas SKAMET PS-110 GL - Kodukolle","og_description":"Samasta huoneesta l\u00e4mmitetty pieni ter\u00e4srunkoinen Skamet PS-110 GL kiuas sopii mainiosti 7-12 m\u00b3 l\u00f6ylyhuoneisiin. Skamet-kiukaat on tarkoitettu kaikille, jotka arvostavat rentouttavaa saunaa, h\u00f6yry yst\u00e4vien kanssa tai parantavaa saunomista.","og_url":"https:\/\/kodukolle.ee\/fi\/tuote\/puukiuas-skamet-ps-110-gl\/","og_site_name":"Kodukolle","article_modified_time":"2023-12-20T11:21:31+00:00","og_image":[{"width":937,"height":897,"url":"https:\/\/kodukolle.ee\/wp-content\/uploads\/2023\/05\/Skamet-PS-110-GL.jpg","type":"image\/jpeg"}],"twitter_card":"summary_large_image","twitter_misc":{"Est. reading time":"1 minuutti"},"schema":{"@context":"https:\/\/schema.org","@graph":[{"@type":"WebPage","@id":"https:\/\/kodukolle.ee\/fi\/tuote\/puukiuas-skamet-ps-110-gl\/","url":"https:\/\/kodukolle.ee\/fi\/tuote\/puukiuas-skamet-ps-110-gl\/","name":"Puukiuas SKAMET PS-110 GL - Kodukolle","isPartOf":{"@id":"https:\/\/kodukolle.ee\/en\/#website"},"primaryImageOfPage":{"@id":"https:\/\/kodukolle.ee\/fi\/tuote\/puukiuas-skamet-ps-110-gl\/#primaryimage"},"image":{"@id":"https:\/\/kodukolle.ee\/fi\/tuote\/puukiuas-skamet-ps-110-gl\/#primaryimage"},"thumbnailUrl":"https:\/\/kodukolle.ee\/wp-content\/uploads\/2023\/05\/Skamet-PS-110-GL.jpg","datePublished":"2023-05-31T11:33:28+00:00","dateModified":"2023-12-20T11:21:31+00:00","description":"Samasta huoneesta l\u00e4mmitetty pieni ter\u00e4srunkoinen Skamet PS-110 GL kiuas sopii mainiosti 7-12 m\u00b3 l\u00f6ylyhuoneisiin. Skamet-kiukaat on tarkoitettu kaikille, jotka arvostavat rentouttavaa saunaa, h\u00f6yry yst\u00e4vien kanssa tai parantavaa saunomista.","breadcrumb":{"@id":"https:\/\/kodukolle.ee\/fi\/tuote\/puukiuas-skamet-ps-110-gl\/#breadcrumb"},"inLanguage":"fi","potentialAction":[{"@type":"ReadAction","target":["https:\/\/kodukolle.ee\/fi\/tuote\/puukiuas-skamet-ps-110-gl\/"]}]},{"@type":"ImageObject","inLanguage":"fi","@id":"https:\/\/kodukolle.ee\/fi\/tuote\/puukiuas-skamet-ps-110-gl\/#primaryimage","url":"https:\/\/kodukolle.ee\/wp-content\/uploads\/2023\/05\/Skamet-PS-110-GL.jpg","contentUrl":"https:\/\/kodukolle.ee\/wp-content\/uploads\/2023\/05\/Skamet-PS-110-GL.jpg","width":937,"height":897,"caption":"skamet ps-110 gl"},{"@type":"BreadcrumbList","@id":"https:\/\/kodukolle.ee\/fi\/tuote\/puukiuas-skamet-ps-110-gl\/#breadcrumb","itemListElement":[{"@type":"ListItem","position":1,"name":"Home","item":"https:\/\/kodukolle.ee\/fi\/"},{"@type":"ListItem","position":2,"name":"Tuotteet","item":"https:\/\/kodukolle.ee\/fi\/tuotteet\/"},{"@type":"ListItem","position":3,"name":"Puukiuas SKAMET PS-110 GL"}]},{"@type":"WebSite","@id":"https:\/\/kodukolle.ee\/en\/#website","url":"https:\/\/kodukolle.ee\/en\/","name":"Kodukolle","description":"","publisher":{"@id":"https:\/\/kodukolle.ee\/en\/#organization"},"potentialAction":[{"@type":"SearchAction","target":{"@type":"EntryPoint","urlTemplate":"https:\/\/kodukolle.ee\/en\/?s={search_term_string}"},"query-input":{"@type":"PropertyValueSpecification","valueRequired":true,"valueName":"search_term_string"}}],"inLanguage":"fi"},{"@type":"Organization","@id":"https:\/\/kodukolle.ee\/en\/#organization","name":"Kodukolle","url":"https:\/\/kodukolle.ee\/en\/","logo":{"@type":"ImageObject","inLanguage":"fi","@id":"https:\/\/kodukolle.ee\/en\/#\/schema\/logo\/image\/","url":"https:\/\/kodukolle.ee\/wp-content\/uploads\/2025\/06\/logo_must_gradient.svg","contentUrl":"https:\/\/kodukolle.ee\/wp-content\/uploads\/2025\/06\/logo_must_gradient.svg","caption":"Kodukolle"},"image":{"@id":"https:\/\/kodukolle.ee\/en\/#\/schema\/logo\/image\/"}}]}},"_links":{"self":[{"href":"https:\/\/kodukolle.ee\/fi\/wp-json\/wp\/v2\/product\/26128","targetHints":{"allow":["GET"]}}],"collection":[{"href":"https:\/\/kodukolle.ee\/fi\/wp-json\/wp\/v2\/product"}],"about":[{"href":"https:\/\/kodukolle.ee\/fi\/wp-json\/wp\/v2\/types\/product"}],"wp:featuredmedia":[{"embeddable":true,"href":"https:\/\/kodukolle.ee\/fi\/wp-json\/wp\/v2\/media\/12116"}],"wp:attachment":[{"href":"https:\/\/kodukolle.ee\/fi\/wp-json\/wp\/v2\/media?parent=26128"}],"wp:term":[{"taxonomy":"product_brand","embeddable":true,"href":"https:\/\/kodukolle.ee\/fi\/wp-json\/wp\/v2\/product_brand?post=26128"},{"taxonomy":"product_cat","embeddable":true,"href":"https:\/\/kodukolle.ee\/fi\/wp-json\/wp\/v2\/product_cat?post=26128"},{"taxonomy":"product_tag","embeddable":true,"href":"https:\/\/kodukolle.ee\/fi\/wp-json\/wp\/v2\/product_tag?post=26128"}],"curies":[{"name":"wp","href":"https:\/\/api.w.org\/{rel}","templated":true}]}}