{"id":26137,"date":"2019-12-03T11:14:36","date_gmt":"2019-12-03T09:14:36","guid":{"rendered":"https:\/\/kodukolle.ee\/?post_type=product&#038;p=26137"},"modified":"2023-12-20T14:42:22","modified_gmt":"2023-12-20T12:42:22","slug":"takkasydan-lanordica-inserto-60-ventilato","status":"publish","type":"product","link":"https:\/\/kodukolle.ee\/fi\/tuote\/takkasydan-lanordica-inserto-60-ventilato\/","title":{"rendered":"Takkasyd\u00e4n LaNordica INSERTO 60 VENTILATO"},"content":{"rendered":"<p>LaNordica Inserto 60 Ventilato -takkasyd\u00e4n on ihanteellinen valinta tulisijan omistajille, jotka etsiv\u00e4t ymp\u00e4rist\u00f6yst\u00e4v\u00e4llist\u00e4 ja kustannustehokasta l\u00e4mmitysratkaisua. T\u00e4m\u00e4 takkasyd\u00e4n on t\u00e4ydellinen luomaan ainutlaatuisia ja kiehtovia takkamalleja ja samalla varmistamaan turvallisuuden. LaNordica Inserto 60 Ventilato on valmistettu korkealaatuisesta valuraudasta, ja se kest\u00e4\u00e4 erinomaisesti l\u00e4mp\u00f6tilaa ja mittapysyvyytt\u00e4. Karkaistu keraaminen lasi kest\u00e4\u00e4 jopa 750\u00b0C l\u00e4mp\u00f6tiloja, ja esil\u00e4mmitetty ilmavirta est\u00e4\u00e4 lian kertymist\u00e4 lasioveen. Yhteenvetona voidaan todeta, ett\u00e4 LaNordica Inserto 60 Ventilato -takkasyd\u00e4n tarjoaa yhdistelm\u00e4n kest\u00e4vyytt\u00e4, tehokasta l\u00e4mmityst\u00e4 ja esteettist\u00e4 vetovoimaa, mik\u00e4 tekee siit\u00e4 loistavan valinnan tulisijan yst\u00e4ville.<\/p>\n<p><strong>Saatavana lis\u00e4varusteena<\/strong><\/p>\n<ul>\n<li>Ilmanvaihtosarja (parempaan ja tehokkaampaan l\u00e4mpim\u00e4n ilman jakautumiseen esimerkiksi viereisiin huoneisiin)<\/li>\n<li>Kehyssarja (puhtaan reunan saamiseksi takkasyd\u00e4men asennuksen j\u00e4lkeen)<\/li>\n<\/ul>\n<p>&nbsp;<\/p>\n","protected":false},"excerpt":{"rendered":"<p>LaNordica Inserto 60 Ventilato -takkasyd\u00e4n on ihanteellinen valinta tulisijan omistajille, jotka etsiv\u00e4t ymp\u00e4rist\u00f6yst\u00e4v\u00e4llist\u00e4 ja kustannustehokasta l\u00e4mmitysratkaisua. T\u00e4m\u00e4 takkasyd\u00e4n on t\u00e4ydellinen luomaan ainutlaatuisia ja kiehtovia takkamalleja ja samalla varmistamaan turvallisuuden. LaNordica Inserto 60 Ventilato on valmistettu korkealaatuisesta valuraudasta, ja se kest\u00e4\u00e4 erinomaisesti l\u00e4mp\u00f6tilaa ja mittapysyvyytt\u00e4.<\/p>\n","protected":false},"featured_media":16624,"template":"","meta":{"_acf_changed":false},"product_brand":[],"product_cat":[9690],"product_tag":[],"class_list":{"0":"post-26137","1":"product","2":"type-product","3":"status-publish","4":"has-post-thumbnail","6":"brands-nordica-fi","7":"product_cat-takkasydamet","9":"first","10":"instock","11":"shipping-taxable","12":"purchasable","13":"product-type-simple"},"acf":[],"yoast_head":"<!-- This site is optimized with the Yoast SEO plugin v27.2 - https:\/\/yoast.com\/product\/yoast-seo-wordpress\/ -->\n<title>Takkasyd\u00e4n LaNordica INSERTO 60 VENTILATO - Kodukolle<\/title>\n<meta name=\"description\" content=\"LaNordica Inserto 60 Ventilato -takkasyd\u00e4n on ihanteellinen valinta tulisijan omistajille, jotka etsiv\u00e4t ymp\u00e4rist\u00f6yst\u00e4v\u00e4llist\u00e4 ja kustannustehokasta l\u00e4mmitysratkaisua.\" \/>\n<meta name=\"robots\" content=\"index, follow, max-snippet:-1, max-image-preview:large, max-video-preview:-1\" \/>\n<link rel=\"canonical\" href=\"https:\/\/kodukolle.ee\/tuote\/kaminasudamik-lanordica-inserto-60-ventilato\/\" \/>\n<meta property=\"og:locale\" content=\"fi_FI\" \/>\n<meta property=\"og:type\" content=\"article\" \/>\n<meta property=\"og:title\" content=\"Takkasyd\u00e4n LaNordica INSERTO 60 VENTILATO - Kodukolle\" \/>\n<meta property=\"og:description\" content=\"LaNordica Inserto 60 Ventilato -takkasyd\u00e4n on ihanteellinen valinta tulisijan omistajille, jotka etsiv\u00e4t ymp\u00e4rist\u00f6yst\u00e4v\u00e4llist\u00e4 ja kustannustehokasta l\u00e4mmitysratkaisua.\" \/>\n<meta property=\"og:url\" content=\"https:\/\/kodukolle.ee\/tuote\/kaminasudamik-lanordica-inserto-60-ventilato\/\" \/>\n<meta property=\"og:site_name\" content=\"Kodukolle\" \/>\n<meta property=\"article:modified_time\" content=\"2023-12-20T12:42:22+00:00\" \/>\n<meta property=\"og:image\" content=\"https:\/\/kodukolle.ee\/wp-content\/uploads\/2019\/12\/inserto-60-ventilato_0.jpg\" \/>\n\t<meta property=\"og:image:width\" content=\"1368\" \/>\n\t<meta property=\"og:image:height\" content=\"1280\" \/>\n\t<meta property=\"og:image:type\" content=\"image\/jpeg\" \/>\n<meta name=\"twitter:card\" content=\"summary_large_image\" \/>\n<script type=\"application\/ld+json\" class=\"yoast-schema-graph\">{\"@context\":\"https:\/\/schema.org\",\"@graph\":[{\"@type\":\"WebPage\",\"@id\":\"https:\/\/kodukolle.ee\/tuote\/kaminasudamik-lanordica-inserto-60-ventilato\/\",\"url\":\"https:\/\/kodukolle.ee\/tuote\/kaminasudamik-lanordica-inserto-60-ventilato\/\",\"name\":\"Takkasyd\u00e4n LaNordica INSERTO 60 VENTILATO - Kodukolle\",\"isPartOf\":{\"@id\":\"https:\/\/kodukolle.ee\/en\/#website\"},\"primaryImageOfPage\":{\"@id\":\"https:\/\/kodukolle.ee\/tuote\/kaminasudamik-lanordica-inserto-60-ventilato\/#primaryimage\"},\"image\":{\"@id\":\"https:\/\/kodukolle.ee\/tuote\/kaminasudamik-lanordica-inserto-60-ventilato\/#primaryimage\"},\"thumbnailUrl\":\"https:\/\/kodukolle.ee\/wp-content\/uploads\/2019\/12\/inserto-60-ventilato_0.jpg\",\"datePublished\":\"2019-12-03T09:14:36+00:00\",\"dateModified\":\"2023-12-20T12:42:22+00:00\",\"description\":\"LaNordica Inserto 60 Ventilato -takkasyd\u00e4n on ihanteellinen valinta tulisijan omistajille, jotka etsiv\u00e4t ymp\u00e4rist\u00f6yst\u00e4v\u00e4llist\u00e4 ja kustannustehokasta l\u00e4mmitysratkaisua.\",\"breadcrumb\":{\"@id\":\"https:\/\/kodukolle.ee\/tuote\/kaminasudamik-lanordica-inserto-60-ventilato\/#breadcrumb\"},\"inLanguage\":\"fi\",\"potentialAction\":[{\"@type\":\"ReadAction\",\"target\":[\"https:\/\/kodukolle.ee\/tuote\/kaminasudamik-lanordica-inserto-60-ventilato\/\"]}]},{\"@type\":\"ImageObject\",\"inLanguage\":\"fi\",\"@id\":\"https:\/\/kodukolle.ee\/tuote\/kaminasudamik-lanordica-inserto-60-ventilato\/#primaryimage\",\"url\":\"https:\/\/kodukolle.ee\/wp-content\/uploads\/2019\/12\/inserto-60-ventilato_0.jpg\",\"contentUrl\":\"https:\/\/kodukolle.ee\/wp-content\/uploads\/2019\/12\/inserto-60-ventilato_0.jpg\",\"width\":1368,\"height\":1280,\"caption\":\"inserto-60-ventilato\"},{\"@type\":\"BreadcrumbList\",\"@id\":\"https:\/\/kodukolle.ee\/tuote\/kaminasudamik-lanordica-inserto-60-ventilato\/#breadcrumb\",\"itemListElement\":[{\"@type\":\"ListItem\",\"position\":1,\"name\":\"Home\",\"item\":\"https:\/\/kodukolle.ee\/fi\/\"},{\"@type\":\"ListItem\",\"position\":2,\"name\":\"Tuotteet\",\"item\":\"https:\/\/kodukolle.ee\/fi\/tuotteet\/\"},{\"@type\":\"ListItem\",\"position\":3,\"name\":\"Takkasyd\u00e4n LaNordica INSERTO 60 VENTILATO\"}]},{\"@type\":\"WebSite\",\"@id\":\"https:\/\/kodukolle.ee\/en\/#website\",\"url\":\"https:\/\/kodukolle.ee\/en\/\",\"name\":\"Kodukolle\",\"description\":\"\",\"publisher\":{\"@id\":\"https:\/\/kodukolle.ee\/en\/#organization\"},\"potentialAction\":[{\"@type\":\"SearchAction\",\"target\":{\"@type\":\"EntryPoint\",\"urlTemplate\":\"https:\/\/kodukolle.ee\/en\/?s={search_term_string}\"},\"query-input\":{\"@type\":\"PropertyValueSpecification\",\"valueRequired\":true,\"valueName\":\"search_term_string\"}}],\"inLanguage\":\"fi\"},{\"@type\":\"Organization\",\"@id\":\"https:\/\/kodukolle.ee\/en\/#organization\",\"name\":\"Kodukolle\",\"url\":\"https:\/\/kodukolle.ee\/en\/\",\"logo\":{\"@type\":\"ImageObject\",\"inLanguage\":\"fi\",\"@id\":\"https:\/\/kodukolle.ee\/en\/#\/schema\/logo\/image\/\",\"url\":\"https:\/\/kodukolle.ee\/wp-content\/uploads\/2025\/06\/logo_must_gradient.svg\",\"contentUrl\":\"https:\/\/kodukolle.ee\/wp-content\/uploads\/2025\/06\/logo_must_gradient.svg\",\"caption\":\"Kodukolle\"},\"image\":{\"@id\":\"https:\/\/kodukolle.ee\/en\/#\/schema\/logo\/image\/\"}}]}<\/script>\n<!-- \/ Yoast SEO plugin. -->","yoast_head_json":{"title":"Takkasyd\u00e4n LaNordica INSERTO 60 VENTILATO - Kodukolle","description":"LaNordica Inserto 60 Ventilato -takkasyd\u00e4n on ihanteellinen valinta tulisijan omistajille, jotka etsiv\u00e4t ymp\u00e4rist\u00f6yst\u00e4v\u00e4llist\u00e4 ja kustannustehokasta l\u00e4mmitysratkaisua.","robots":{"index":"index","follow":"follow","max-snippet":"max-snippet:-1","max-image-preview":"max-image-preview:large","max-video-preview":"max-video-preview:-1"},"canonical":"https:\/\/kodukolle.ee\/tuote\/kaminasudamik-lanordica-inserto-60-ventilato\/","og_locale":"fi_FI","og_type":"article","og_title":"Takkasyd\u00e4n LaNordica INSERTO 60 VENTILATO - Kodukolle","og_description":"LaNordica Inserto 60 Ventilato -takkasyd\u00e4n on ihanteellinen valinta tulisijan omistajille, jotka etsiv\u00e4t ymp\u00e4rist\u00f6yst\u00e4v\u00e4llist\u00e4 ja kustannustehokasta l\u00e4mmitysratkaisua.","og_url":"https:\/\/kodukolle.ee\/tuote\/kaminasudamik-lanordica-inserto-60-ventilato\/","og_site_name":"Kodukolle","article_modified_time":"2023-12-20T12:42:22+00:00","og_image":[{"width":1368,"height":1280,"url":"https:\/\/kodukolle.ee\/wp-content\/uploads\/2019\/12\/inserto-60-ventilato_0.jpg","type":"image\/jpeg"}],"twitter_card":"summary_large_image","schema":{"@context":"https:\/\/schema.org","@graph":[{"@type":"WebPage","@id":"https:\/\/kodukolle.ee\/tuote\/kaminasudamik-lanordica-inserto-60-ventilato\/","url":"https:\/\/kodukolle.ee\/tuote\/kaminasudamik-lanordica-inserto-60-ventilato\/","name":"Takkasyd\u00e4n LaNordica INSERTO 60 VENTILATO - Kodukolle","isPartOf":{"@id":"https:\/\/kodukolle.ee\/en\/#website"},"primaryImageOfPage":{"@id":"https:\/\/kodukolle.ee\/tuote\/kaminasudamik-lanordica-inserto-60-ventilato\/#primaryimage"},"image":{"@id":"https:\/\/kodukolle.ee\/tuote\/kaminasudamik-lanordica-inserto-60-ventilato\/#primaryimage"},"thumbnailUrl":"https:\/\/kodukolle.ee\/wp-content\/uploads\/2019\/12\/inserto-60-ventilato_0.jpg","datePublished":"2019-12-03T09:14:36+00:00","dateModified":"2023-12-20T12:42:22+00:00","description":"LaNordica Inserto 60 Ventilato -takkasyd\u00e4n on ihanteellinen valinta tulisijan omistajille, jotka etsiv\u00e4t ymp\u00e4rist\u00f6yst\u00e4v\u00e4llist\u00e4 ja kustannustehokasta l\u00e4mmitysratkaisua.","breadcrumb":{"@id":"https:\/\/kodukolle.ee\/tuote\/kaminasudamik-lanordica-inserto-60-ventilato\/#breadcrumb"},"inLanguage":"fi","potentialAction":[{"@type":"ReadAction","target":["https:\/\/kodukolle.ee\/tuote\/kaminasudamik-lanordica-inserto-60-ventilato\/"]}]},{"@type":"ImageObject","inLanguage":"fi","@id":"https:\/\/kodukolle.ee\/tuote\/kaminasudamik-lanordica-inserto-60-ventilato\/#primaryimage","url":"https:\/\/kodukolle.ee\/wp-content\/uploads\/2019\/12\/inserto-60-ventilato_0.jpg","contentUrl":"https:\/\/kodukolle.ee\/wp-content\/uploads\/2019\/12\/inserto-60-ventilato_0.jpg","width":1368,"height":1280,"caption":"inserto-60-ventilato"},{"@type":"BreadcrumbList","@id":"https:\/\/kodukolle.ee\/tuote\/kaminasudamik-lanordica-inserto-60-ventilato\/#breadcrumb","itemListElement":[{"@type":"ListItem","position":1,"name":"Home","item":"https:\/\/kodukolle.ee\/fi\/"},{"@type":"ListItem","position":2,"name":"Tuotteet","item":"https:\/\/kodukolle.ee\/fi\/tuotteet\/"},{"@type":"ListItem","position":3,"name":"Takkasyd\u00e4n LaNordica INSERTO 60 VENTILATO"}]},{"@type":"WebSite","@id":"https:\/\/kodukolle.ee\/en\/#website","url":"https:\/\/kodukolle.ee\/en\/","name":"Kodukolle","description":"","publisher":{"@id":"https:\/\/kodukolle.ee\/en\/#organization"},"potentialAction":[{"@type":"SearchAction","target":{"@type":"EntryPoint","urlTemplate":"https:\/\/kodukolle.ee\/en\/?s={search_term_string}"},"query-input":{"@type":"PropertyValueSpecification","valueRequired":true,"valueName":"search_term_string"}}],"inLanguage":"fi"},{"@type":"Organization","@id":"https:\/\/kodukolle.ee\/en\/#organization","name":"Kodukolle","url":"https:\/\/kodukolle.ee\/en\/","logo":{"@type":"ImageObject","inLanguage":"fi","@id":"https:\/\/kodukolle.ee\/en\/#\/schema\/logo\/image\/","url":"https:\/\/kodukolle.ee\/wp-content\/uploads\/2025\/06\/logo_must_gradient.svg","contentUrl":"https:\/\/kodukolle.ee\/wp-content\/uploads\/2025\/06\/logo_must_gradient.svg","caption":"Kodukolle"},"image":{"@id":"https:\/\/kodukolle.ee\/en\/#\/schema\/logo\/image\/"}}]}},"_links":{"self":[{"href":"https:\/\/kodukolle.ee\/fi\/wp-json\/wp\/v2\/product\/26137","targetHints":{"allow":["GET"]}}],"collection":[{"href":"https:\/\/kodukolle.ee\/fi\/wp-json\/wp\/v2\/product"}],"about":[{"href":"https:\/\/kodukolle.ee\/fi\/wp-json\/wp\/v2\/types\/product"}],"wp:featuredmedia":[{"embeddable":true,"href":"https:\/\/kodukolle.ee\/fi\/wp-json\/wp\/v2\/media\/16624"}],"wp:attachment":[{"href":"https:\/\/kodukolle.ee\/fi\/wp-json\/wp\/v2\/media?parent=26137"}],"wp:term":[{"taxonomy":"product_brand","embeddable":true,"href":"https:\/\/kodukolle.ee\/fi\/wp-json\/wp\/v2\/product_brand?post=26137"},{"taxonomy":"product_cat","embeddable":true,"href":"https:\/\/kodukolle.ee\/fi\/wp-json\/wp\/v2\/product_cat?post=26137"},{"taxonomy":"product_tag","embeddable":true,"href":"https:\/\/kodukolle.ee\/fi\/wp-json\/wp\/v2\/product_tag?post=26137"}],"curies":[{"name":"wp","href":"https:\/\/api.w.org\/{rel}","templated":true}]}}