{"id":26143,"date":"2023-06-19T11:00:12","date_gmt":"2023-06-19T08:00:12","guid":{"rendered":"https:\/\/kodukolle.ee\/?post_type=product&#038;p=26143"},"modified":"2023-12-21T11:29:12","modified_gmt":"2023-12-21T09:29:12","slug":"takka-leda-peppa","status":"publish","type":"product","link":"https:\/\/kodukolle.ee\/fi\/tuote\/takka-leda-peppa\/","title":{"rendered":"Takka Leda PEPPA"},"content":{"rendered":"<p>Kompaktin muotonsa ja pienemm\u00e4n nimellistehonsa ansiosta Leda Peppa -takka sopii erinomaisesti k\u00e4ytett\u00e4v\u00e4ksi pienempiin tiloihin. Sylinterim\u00e4isen valurautatakan halkaisija on vain 394 mm, mik\u00e4 tekee Pepan takasta todellisen tilaa s\u00e4\u00e4st\u00e4v\u00e4n. Moderni muotoilu ja kaksinkertaisella lasilla ovi ruostumattomasta ter\u00e4ksest\u00e4 valmistetulla kahvalla tekev\u00e4t Peppan takasta jokaisen kodin keskipisteen.<\/p>\n<p><strong>V\u00e4rivaihtoehdot<\/strong><\/p>\n<ul>\n<li>mustaksi lakattu (matta)<\/li>\n<li>valkoiseksi emaloitu<\/li>\n<li>petroolinsininen emaloitu<\/li>\n<li>sinimusta emaloitu<\/li>\n<li>tummanvihre\u00e4 emaloitu<\/li>\n<\/ul>\n<p><strong>Saatavana lis\u00e4varusteena<\/strong><\/p>\n<ul>\n<li>Py\u00f6riv\u00e4 konsoli, joka mahdollistaa uunin py\u00f6rimisen 360 astetta<\/li>\n<li>S\u00e4hk\u00f6inen palamisilman s\u00e4\u00e4t\u00f6<\/li>\n<li>P\u00e4\u00e4st\u00f6jen v\u00e4hennyssetti &#8221;tec&#8221; (palamisilman s\u00e4\u00e4t\u00f6 + katalysaattori)<\/li>\n<\/ul>\n<p>&nbsp;<\/p>\n","protected":false},"excerpt":{"rendered":"<p>Kompaktin muotonsa ja pienemm\u00e4n nimellistehonsa ansiosta Leda Peppa -takka sopii erinomaisesti k\u00e4ytett\u00e4v\u00e4ksi pienempiin tiloihin. Sylinterim\u00e4isen valurautatakan halkaisija on vain 394 mm, mik\u00e4 tekee Pepan takasta todellisen tilaa s\u00e4\u00e4st\u00e4v\u00e4n. Moderni muotoilu ja kaksinkertaisella lasilla ovi ruostumattomasta ter\u00e4ksest\u00e4 valmistetulla kahvalla tekev\u00e4t Peppan takasta jokaisen kodin keskipisteen.<\/p>\n","protected":false},"featured_media":13677,"template":"","meta":{"_acf_changed":false},"product_brand":[],"product_cat":[9620],"product_tag":[],"class_list":{"0":"post-26143","1":"product","2":"type-product","3":"status-publish","4":"has-post-thumbnail","6":"brands-leda-fi","7":"product_cat-takat","9":"first","10":"instock","11":"shipping-taxable","12":"purchasable","13":"product-type-simple"},"acf":[],"yoast_head":"<!-- This site is optimized with the Yoast SEO plugin v27.2 - https:\/\/yoast.com\/product\/yoast-seo-wordpress\/ -->\n<title>Takka Leda PEPPA - Kodukolle<\/title>\n<meta name=\"description\" content=\"Kompaktin muotonsa ja pienemm\u00e4n nimellistehonsa ansiosta Leda Peppa -takka sopii erinomaisesti k\u00e4ytett\u00e4v\u00e4ksi pienempiin tiloihin.\" \/>\n<meta name=\"robots\" content=\"index, follow, max-snippet:-1, max-image-preview:large, max-video-preview:-1\" \/>\n<link rel=\"canonical\" href=\"https:\/\/kodukolle.ee\/fi\/tuote\/takka-leda-peppa\/\" \/>\n<meta property=\"og:locale\" content=\"fi_FI\" \/>\n<meta property=\"og:type\" content=\"article\" \/>\n<meta property=\"og:title\" content=\"Takka Leda PEPPA - Kodukolle\" \/>\n<meta property=\"og:description\" content=\"Kompaktin muotonsa ja pienemm\u00e4n nimellistehonsa ansiosta Leda Peppa -takka sopii erinomaisesti k\u00e4ytett\u00e4v\u00e4ksi pienempiin tiloihin.\" \/>\n<meta property=\"og:url\" content=\"https:\/\/kodukolle.ee\/fi\/tuote\/takka-leda-peppa\/\" \/>\n<meta property=\"og:site_name\" content=\"Kodukolle\" \/>\n<meta property=\"article:modified_time\" content=\"2023-12-21T09:29:12+00:00\" \/>\n<meta property=\"og:image\" content=\"https:\/\/kodukolle.ee\/wp-content\/uploads\/2023\/06\/peppa_schwarz.jpg\" \/>\n\t<meta property=\"og:image:width\" content=\"1200\" \/>\n\t<meta property=\"og:image:height\" content=\"800\" \/>\n\t<meta property=\"og:image:type\" content=\"image\/jpeg\" \/>\n<meta name=\"twitter:card\" content=\"summary_large_image\" \/>\n<meta name=\"twitter:label1\" content=\"Est. reading time\" \/>\n\t<meta name=\"twitter:data1\" content=\"1 minuutti\" \/>\n<script type=\"application\/ld+json\" class=\"yoast-schema-graph\">{\"@context\":\"https:\/\/schema.org\",\"@graph\":[{\"@type\":\"WebPage\",\"@id\":\"https:\/\/kodukolle.ee\/fi\/tuote\/takka-leda-peppa\/\",\"url\":\"https:\/\/kodukolle.ee\/fi\/tuote\/takka-leda-peppa\/\",\"name\":\"Takka Leda PEPPA - Kodukolle\",\"isPartOf\":{\"@id\":\"https:\/\/kodukolle.ee\/en\/#website\"},\"primaryImageOfPage\":{\"@id\":\"https:\/\/kodukolle.ee\/fi\/tuote\/takka-leda-peppa\/#primaryimage\"},\"image\":{\"@id\":\"https:\/\/kodukolle.ee\/fi\/tuote\/takka-leda-peppa\/#primaryimage\"},\"thumbnailUrl\":\"https:\/\/kodukolle.ee\/wp-content\/uploads\/2023\/06\/peppa_schwarz.jpg\",\"datePublished\":\"2023-06-19T08:00:12+00:00\",\"dateModified\":\"2023-12-21T09:29:12+00:00\",\"description\":\"Kompaktin muotonsa ja pienemm\u00e4n nimellistehonsa ansiosta Leda Peppa -takka sopii erinomaisesti k\u00e4ytett\u00e4v\u00e4ksi pienempiin tiloihin.\",\"breadcrumb\":{\"@id\":\"https:\/\/kodukolle.ee\/fi\/tuote\/takka-leda-peppa\/#breadcrumb\"},\"inLanguage\":\"fi\",\"potentialAction\":[{\"@type\":\"ReadAction\",\"target\":[\"https:\/\/kodukolle.ee\/fi\/tuote\/takka-leda-peppa\/\"]}]},{\"@type\":\"ImageObject\",\"inLanguage\":\"fi\",\"@id\":\"https:\/\/kodukolle.ee\/fi\/tuote\/takka-leda-peppa\/#primaryimage\",\"url\":\"https:\/\/kodukolle.ee\/wp-content\/uploads\/2023\/06\/peppa_schwarz.jpg\",\"contentUrl\":\"https:\/\/kodukolle.ee\/wp-content\/uploads\/2023\/06\/peppa_schwarz.jpg\",\"width\":1200,\"height\":800,\"caption\":\"OLYMPUS DIGITAL CAMERA\"},{\"@type\":\"BreadcrumbList\",\"@id\":\"https:\/\/kodukolle.ee\/fi\/tuote\/takka-leda-peppa\/#breadcrumb\",\"itemListElement\":[{\"@type\":\"ListItem\",\"position\":1,\"name\":\"Home\",\"item\":\"https:\/\/kodukolle.ee\/fi\/\"},{\"@type\":\"ListItem\",\"position\":2,\"name\":\"Tuotteet\",\"item\":\"https:\/\/kodukolle.ee\/fi\/tuotteet\/\"},{\"@type\":\"ListItem\",\"position\":3,\"name\":\"Takka Leda PEPPA\"}]},{\"@type\":\"WebSite\",\"@id\":\"https:\/\/kodukolle.ee\/en\/#website\",\"url\":\"https:\/\/kodukolle.ee\/en\/\",\"name\":\"Kodukolle\",\"description\":\"\",\"publisher\":{\"@id\":\"https:\/\/kodukolle.ee\/en\/#organization\"},\"potentialAction\":[{\"@type\":\"SearchAction\",\"target\":{\"@type\":\"EntryPoint\",\"urlTemplate\":\"https:\/\/kodukolle.ee\/en\/?s={search_term_string}\"},\"query-input\":{\"@type\":\"PropertyValueSpecification\",\"valueRequired\":true,\"valueName\":\"search_term_string\"}}],\"inLanguage\":\"fi\"},{\"@type\":\"Organization\",\"@id\":\"https:\/\/kodukolle.ee\/en\/#organization\",\"name\":\"Kodukolle\",\"url\":\"https:\/\/kodukolle.ee\/en\/\",\"logo\":{\"@type\":\"ImageObject\",\"inLanguage\":\"fi\",\"@id\":\"https:\/\/kodukolle.ee\/en\/#\/schema\/logo\/image\/\",\"url\":\"https:\/\/kodukolle.ee\/wp-content\/uploads\/2025\/06\/logo_must_gradient.svg\",\"contentUrl\":\"https:\/\/kodukolle.ee\/wp-content\/uploads\/2025\/06\/logo_must_gradient.svg\",\"caption\":\"Kodukolle\"},\"image\":{\"@id\":\"https:\/\/kodukolle.ee\/en\/#\/schema\/logo\/image\/\"}}]}<\/script>\n<!-- \/ Yoast SEO plugin. -->","yoast_head_json":{"title":"Takka Leda PEPPA - Kodukolle","description":"Kompaktin muotonsa ja pienemm\u00e4n nimellistehonsa ansiosta Leda Peppa -takka sopii erinomaisesti k\u00e4ytett\u00e4v\u00e4ksi pienempiin tiloihin.","robots":{"index":"index","follow":"follow","max-snippet":"max-snippet:-1","max-image-preview":"max-image-preview:large","max-video-preview":"max-video-preview:-1"},"canonical":"https:\/\/kodukolle.ee\/fi\/tuote\/takka-leda-peppa\/","og_locale":"fi_FI","og_type":"article","og_title":"Takka Leda PEPPA - Kodukolle","og_description":"Kompaktin muotonsa ja pienemm\u00e4n nimellistehonsa ansiosta Leda Peppa -takka sopii erinomaisesti k\u00e4ytett\u00e4v\u00e4ksi pienempiin tiloihin.","og_url":"https:\/\/kodukolle.ee\/fi\/tuote\/takka-leda-peppa\/","og_site_name":"Kodukolle","article_modified_time":"2023-12-21T09:29:12+00:00","og_image":[{"width":1200,"height":800,"url":"https:\/\/kodukolle.ee\/wp-content\/uploads\/2023\/06\/peppa_schwarz.jpg","type":"image\/jpeg"}],"twitter_card":"summary_large_image","twitter_misc":{"Est. reading time":"1 minuutti"},"schema":{"@context":"https:\/\/schema.org","@graph":[{"@type":"WebPage","@id":"https:\/\/kodukolle.ee\/fi\/tuote\/takka-leda-peppa\/","url":"https:\/\/kodukolle.ee\/fi\/tuote\/takka-leda-peppa\/","name":"Takka Leda PEPPA - Kodukolle","isPartOf":{"@id":"https:\/\/kodukolle.ee\/en\/#website"},"primaryImageOfPage":{"@id":"https:\/\/kodukolle.ee\/fi\/tuote\/takka-leda-peppa\/#primaryimage"},"image":{"@id":"https:\/\/kodukolle.ee\/fi\/tuote\/takka-leda-peppa\/#primaryimage"},"thumbnailUrl":"https:\/\/kodukolle.ee\/wp-content\/uploads\/2023\/06\/peppa_schwarz.jpg","datePublished":"2023-06-19T08:00:12+00:00","dateModified":"2023-12-21T09:29:12+00:00","description":"Kompaktin muotonsa ja pienemm\u00e4n nimellistehonsa ansiosta Leda Peppa -takka sopii erinomaisesti k\u00e4ytett\u00e4v\u00e4ksi pienempiin tiloihin.","breadcrumb":{"@id":"https:\/\/kodukolle.ee\/fi\/tuote\/takka-leda-peppa\/#breadcrumb"},"inLanguage":"fi","potentialAction":[{"@type":"ReadAction","target":["https:\/\/kodukolle.ee\/fi\/tuote\/takka-leda-peppa\/"]}]},{"@type":"ImageObject","inLanguage":"fi","@id":"https:\/\/kodukolle.ee\/fi\/tuote\/takka-leda-peppa\/#primaryimage","url":"https:\/\/kodukolle.ee\/wp-content\/uploads\/2023\/06\/peppa_schwarz.jpg","contentUrl":"https:\/\/kodukolle.ee\/wp-content\/uploads\/2023\/06\/peppa_schwarz.jpg","width":1200,"height":800,"caption":"OLYMPUS DIGITAL CAMERA"},{"@type":"BreadcrumbList","@id":"https:\/\/kodukolle.ee\/fi\/tuote\/takka-leda-peppa\/#breadcrumb","itemListElement":[{"@type":"ListItem","position":1,"name":"Home","item":"https:\/\/kodukolle.ee\/fi\/"},{"@type":"ListItem","position":2,"name":"Tuotteet","item":"https:\/\/kodukolle.ee\/fi\/tuotteet\/"},{"@type":"ListItem","position":3,"name":"Takka Leda PEPPA"}]},{"@type":"WebSite","@id":"https:\/\/kodukolle.ee\/en\/#website","url":"https:\/\/kodukolle.ee\/en\/","name":"Kodukolle","description":"","publisher":{"@id":"https:\/\/kodukolle.ee\/en\/#organization"},"potentialAction":[{"@type":"SearchAction","target":{"@type":"EntryPoint","urlTemplate":"https:\/\/kodukolle.ee\/en\/?s={search_term_string}"},"query-input":{"@type":"PropertyValueSpecification","valueRequired":true,"valueName":"search_term_string"}}],"inLanguage":"fi"},{"@type":"Organization","@id":"https:\/\/kodukolle.ee\/en\/#organization","name":"Kodukolle","url":"https:\/\/kodukolle.ee\/en\/","logo":{"@type":"ImageObject","inLanguage":"fi","@id":"https:\/\/kodukolle.ee\/en\/#\/schema\/logo\/image\/","url":"https:\/\/kodukolle.ee\/wp-content\/uploads\/2025\/06\/logo_must_gradient.svg","contentUrl":"https:\/\/kodukolle.ee\/wp-content\/uploads\/2025\/06\/logo_must_gradient.svg","caption":"Kodukolle"},"image":{"@id":"https:\/\/kodukolle.ee\/en\/#\/schema\/logo\/image\/"}}]}},"_links":{"self":[{"href":"https:\/\/kodukolle.ee\/fi\/wp-json\/wp\/v2\/product\/26143","targetHints":{"allow":["GET"]}}],"collection":[{"href":"https:\/\/kodukolle.ee\/fi\/wp-json\/wp\/v2\/product"}],"about":[{"href":"https:\/\/kodukolle.ee\/fi\/wp-json\/wp\/v2\/types\/product"}],"wp:featuredmedia":[{"embeddable":true,"href":"https:\/\/kodukolle.ee\/fi\/wp-json\/wp\/v2\/media\/13677"}],"wp:attachment":[{"href":"https:\/\/kodukolle.ee\/fi\/wp-json\/wp\/v2\/media?parent=26143"}],"wp:term":[{"taxonomy":"product_brand","embeddable":true,"href":"https:\/\/kodukolle.ee\/fi\/wp-json\/wp\/v2\/product_brand?post=26143"},{"taxonomy":"product_cat","embeddable":true,"href":"https:\/\/kodukolle.ee\/fi\/wp-json\/wp\/v2\/product_cat?post=26143"},{"taxonomy":"product_tag","embeddable":true,"href":"https:\/\/kodukolle.ee\/fi\/wp-json\/wp\/v2\/product_tag?post=26143"}],"curies":[{"name":"wp","href":"https:\/\/api.w.org\/{rel}","templated":true}]}}