{"id":26149,"date":"2023-06-19T15:16:44","date_gmt":"2023-06-19T12:16:44","guid":{"rendered":"https:\/\/kodukolle.ee\/?post_type=product&#038;p=26149"},"modified":"2023-12-21T13:24:58","modified_gmt":"2023-12-21T11:24:58","slug":"takka-leda-corna-es","status":"publish","type":"product","link":"https:\/\/kodukolle.ee\/fi\/tuote\/takka-leda-corna-es\/","title":{"rendered":"Takka Leda CORNA ES"},"content":{"rendered":"<p>Leda Corna ES on takka, jossa on vaikuttava moderni muotoilu. Mittojensa ansiosta takka sopii erinomaisesti my\u00f6s pienempiin asuintiloihin. Vahvassa ja kest\u00e4v\u00e4ss\u00e4 valurautatakassa on silmiinpist\u00e4v\u00e4 kaksinkertaisella lasilla kulmaovi, josta voi nauttia tulesta kahdesta eri suunnasta. Kulmaovi voidaan valita vasemmalle ett\u00e4 oikealle avautuva. Pitk\u00e4kestoinen l\u00e4mp\u00f6 hylkii talven kylmyytt\u00e4 ja antaa sinulle miellytt\u00e4v\u00e4\u00e4 l\u00e4mp\u00f6\u00e4 tunteja l\u00e4mmityksen j\u00e4lkeen.<\/p>\n<p><strong>Saatavana 2 eri korkeutta<\/strong><\/p>\n<ul>\n<li>126,6 cm<\/li>\n<li>140 cm<\/li>\n<\/ul>\n<p><strong>V\u00e4rivaihtoehdot<\/strong><\/p>\n<ul>\n<li>mustaksi lakattu (matta)<\/li>\n<li>valkoiseksi emaloitu<\/li>\n<\/ul>\n<p><strong>Saatavana lis\u00e4varusteena<\/strong><\/p>\n<ul>\n<li>Py\u00f6riv\u00e4 konsoli, joka mahdollistaa uunin py\u00f6rimisen 360 astetta<\/li>\n<li>S\u00e4hk\u00f6inen palamisilman s\u00e4\u00e4t\u00f6<\/li>\n<li>P\u00e4\u00e4st\u00f6jen v\u00e4hennyssetti \u201ctec\u201d (palamisilman s\u00e4\u00e4t\u00f6 + katalysaattori)<\/li>\n<li>L\u00e4mp\u00f6tila- ja alipaineanturi LUC &#8211; innovatiivinen ohjauslaite, joka koordinoi optimaalisesti ilmanvaihtoj\u00e4rjestelm\u00e4n ja tulisijan toimintaa<\/li>\n<\/ul>\n<p>&nbsp;<\/p>\n","protected":false},"excerpt":{"rendered":"<p>Leda Corna ES on takka, jossa on vaikuttava moderni muotoilu. Mittojensa ansiosta takka sopii erinomaisesti my\u00f6s pienempiin asuintiloihin. Vahvassa ja kest\u00e4v\u00e4ss\u00e4 valurautatakassa on silmiinpist\u00e4v\u00e4 kaksinkertaisella lasilla kulmaovi, josta voi nauttia tulesta kahdesta eri suunnasta. Kulmaovi voidaan valita vasemmalle ett\u00e4 oikealle avautuva. Pitk\u00e4kestoinen l\u00e4mp\u00f6 hylkii talven kylmyytt\u00e4 ja antaa sinulle miellytt\u00e4v\u00e4\u00e4 l\u00e4mp\u00f6\u00e4 tunteja l\u00e4mmityksen j\u00e4lkeen.<\/p>\n","protected":false},"featured_media":13790,"template":"","meta":{"_acf_changed":false},"product_brand":[],"product_cat":[9620],"product_tag":[],"class_list":{"0":"post-26149","1":"product","2":"type-product","3":"status-publish","4":"has-post-thumbnail","6":"brands-leda-fi","7":"product_cat-takat","9":"first","10":"instock","11":"shipping-taxable","12":"purchasable","13":"product-type-simple"},"acf":[],"yoast_head":"<!-- This site is optimized with the Yoast SEO plugin v27.2 - https:\/\/yoast.com\/product\/yoast-seo-wordpress\/ -->\n<title>Takka Leda CORNA ES - Kodukolle<\/title>\n<meta name=\"description\" content=\"Leda Corna ES on takka, jossa on vaikuttava moderni muotoilu. Mittojensa ansiosta takka sopii erinomaisesti my\u00f6s pienempiin asuintiloihin.\" \/>\n<meta name=\"robots\" content=\"index, follow, max-snippet:-1, max-image-preview:large, max-video-preview:-1\" \/>\n<link rel=\"canonical\" href=\"https:\/\/kodukolle.ee\/fi\/tuote\/takka-leda-corna-es\/\" \/>\n<meta property=\"og:locale\" content=\"fi_FI\" \/>\n<meta property=\"og:type\" content=\"article\" \/>\n<meta property=\"og:title\" content=\"Takka Leda CORNA ES - Kodukolle\" \/>\n<meta property=\"og:description\" content=\"Leda Corna ES on takka, jossa on vaikuttava moderni muotoilu. Mittojensa ansiosta takka sopii erinomaisesti my\u00f6s pienempiin asuintiloihin.\" \/>\n<meta property=\"og:url\" content=\"https:\/\/kodukolle.ee\/fi\/tuote\/takka-leda-corna-es\/\" \/>\n<meta property=\"og:site_name\" content=\"Kodukolle\" \/>\n<meta property=\"article:modified_time\" content=\"2023-12-21T11:24:58+00:00\" \/>\n<meta property=\"og:image\" content=\"https:\/\/kodukolle.ee\/wp-content\/uploads\/2023\/06\/Leda-Corna-ES_1.jpg\" \/>\n\t<meta property=\"og:image:width\" content=\"2249\" \/>\n\t<meta property=\"og:image:height\" content=\"1500\" \/>\n\t<meta property=\"og:image:type\" content=\"image\/jpeg\" \/>\n<meta name=\"twitter:card\" content=\"summary_large_image\" \/>\n<meta name=\"twitter:label1\" content=\"Est. reading time\" \/>\n\t<meta name=\"twitter:data1\" content=\"1 minuutti\" \/>\n<script type=\"application\/ld+json\" class=\"yoast-schema-graph\">{\"@context\":\"https:\/\/schema.org\",\"@graph\":[{\"@type\":\"WebPage\",\"@id\":\"https:\/\/kodukolle.ee\/fi\/tuote\/takka-leda-corna-es\/\",\"url\":\"https:\/\/kodukolle.ee\/fi\/tuote\/takka-leda-corna-es\/\",\"name\":\"Takka Leda CORNA ES - Kodukolle\",\"isPartOf\":{\"@id\":\"https:\/\/kodukolle.ee\/en\/#website\"},\"primaryImageOfPage\":{\"@id\":\"https:\/\/kodukolle.ee\/fi\/tuote\/takka-leda-corna-es\/#primaryimage\"},\"image\":{\"@id\":\"https:\/\/kodukolle.ee\/fi\/tuote\/takka-leda-corna-es\/#primaryimage\"},\"thumbnailUrl\":\"https:\/\/kodukolle.ee\/wp-content\/uploads\/2023\/06\/Leda-Corna-ES_1.jpg\",\"datePublished\":\"2023-06-19T12:16:44+00:00\",\"dateModified\":\"2023-12-21T11:24:58+00:00\",\"description\":\"Leda Corna ES on takka, jossa on vaikuttava moderni muotoilu. Mittojensa ansiosta takka sopii erinomaisesti my\u00f6s pienempiin asuintiloihin.\",\"breadcrumb\":{\"@id\":\"https:\/\/kodukolle.ee\/fi\/tuote\/takka-leda-corna-es\/#breadcrumb\"},\"inLanguage\":\"fi\",\"potentialAction\":[{\"@type\":\"ReadAction\",\"target\":[\"https:\/\/kodukolle.ee\/fi\/tuote\/takka-leda-corna-es\/\"]}]},{\"@type\":\"ImageObject\",\"inLanguage\":\"fi\",\"@id\":\"https:\/\/kodukolle.ee\/fi\/tuote\/takka-leda-corna-es\/#primaryimage\",\"url\":\"https:\/\/kodukolle.ee\/wp-content\/uploads\/2023\/06\/Leda-Corna-ES_1.jpg\",\"contentUrl\":\"https:\/\/kodukolle.ee\/wp-content\/uploads\/2023\/06\/Leda-Corna-ES_1.jpg\",\"width\":2249,\"height\":1500,\"caption\":\"Corna ES\"},{\"@type\":\"BreadcrumbList\",\"@id\":\"https:\/\/kodukolle.ee\/fi\/tuote\/takka-leda-corna-es\/#breadcrumb\",\"itemListElement\":[{\"@type\":\"ListItem\",\"position\":1,\"name\":\"Home\",\"item\":\"https:\/\/kodukolle.ee\/fi\/\"},{\"@type\":\"ListItem\",\"position\":2,\"name\":\"Tuotteet\",\"item\":\"https:\/\/kodukolle.ee\/fi\/tuotteet\/\"},{\"@type\":\"ListItem\",\"position\":3,\"name\":\"Takka Leda CORNA ES\"}]},{\"@type\":\"WebSite\",\"@id\":\"https:\/\/kodukolle.ee\/en\/#website\",\"url\":\"https:\/\/kodukolle.ee\/en\/\",\"name\":\"Kodukolle\",\"description\":\"\",\"publisher\":{\"@id\":\"https:\/\/kodukolle.ee\/en\/#organization\"},\"potentialAction\":[{\"@type\":\"SearchAction\",\"target\":{\"@type\":\"EntryPoint\",\"urlTemplate\":\"https:\/\/kodukolle.ee\/en\/?s={search_term_string}\"},\"query-input\":{\"@type\":\"PropertyValueSpecification\",\"valueRequired\":true,\"valueName\":\"search_term_string\"}}],\"inLanguage\":\"fi\"},{\"@type\":\"Organization\",\"@id\":\"https:\/\/kodukolle.ee\/en\/#organization\",\"name\":\"Kodukolle\",\"url\":\"https:\/\/kodukolle.ee\/en\/\",\"logo\":{\"@type\":\"ImageObject\",\"inLanguage\":\"fi\",\"@id\":\"https:\/\/kodukolle.ee\/en\/#\/schema\/logo\/image\/\",\"url\":\"https:\/\/kodukolle.ee\/wp-content\/uploads\/2025\/06\/logo_must_gradient.svg\",\"contentUrl\":\"https:\/\/kodukolle.ee\/wp-content\/uploads\/2025\/06\/logo_must_gradient.svg\",\"caption\":\"Kodukolle\"},\"image\":{\"@id\":\"https:\/\/kodukolle.ee\/en\/#\/schema\/logo\/image\/\"}}]}<\/script>\n<!-- \/ Yoast SEO plugin. -->","yoast_head_json":{"title":"Takka Leda CORNA ES - Kodukolle","description":"Leda Corna ES on takka, jossa on vaikuttava moderni muotoilu. Mittojensa ansiosta takka sopii erinomaisesti my\u00f6s pienempiin asuintiloihin.","robots":{"index":"index","follow":"follow","max-snippet":"max-snippet:-1","max-image-preview":"max-image-preview:large","max-video-preview":"max-video-preview:-1"},"canonical":"https:\/\/kodukolle.ee\/fi\/tuote\/takka-leda-corna-es\/","og_locale":"fi_FI","og_type":"article","og_title":"Takka Leda CORNA ES - Kodukolle","og_description":"Leda Corna ES on takka, jossa on vaikuttava moderni muotoilu. Mittojensa ansiosta takka sopii erinomaisesti my\u00f6s pienempiin asuintiloihin.","og_url":"https:\/\/kodukolle.ee\/fi\/tuote\/takka-leda-corna-es\/","og_site_name":"Kodukolle","article_modified_time":"2023-12-21T11:24:58+00:00","og_image":[{"width":2249,"height":1500,"url":"https:\/\/kodukolle.ee\/wp-content\/uploads\/2023\/06\/Leda-Corna-ES_1.jpg","type":"image\/jpeg"}],"twitter_card":"summary_large_image","twitter_misc":{"Est. reading time":"1 minuutti"},"schema":{"@context":"https:\/\/schema.org","@graph":[{"@type":"WebPage","@id":"https:\/\/kodukolle.ee\/fi\/tuote\/takka-leda-corna-es\/","url":"https:\/\/kodukolle.ee\/fi\/tuote\/takka-leda-corna-es\/","name":"Takka Leda CORNA ES - Kodukolle","isPartOf":{"@id":"https:\/\/kodukolle.ee\/en\/#website"},"primaryImageOfPage":{"@id":"https:\/\/kodukolle.ee\/fi\/tuote\/takka-leda-corna-es\/#primaryimage"},"image":{"@id":"https:\/\/kodukolle.ee\/fi\/tuote\/takka-leda-corna-es\/#primaryimage"},"thumbnailUrl":"https:\/\/kodukolle.ee\/wp-content\/uploads\/2023\/06\/Leda-Corna-ES_1.jpg","datePublished":"2023-06-19T12:16:44+00:00","dateModified":"2023-12-21T11:24:58+00:00","description":"Leda Corna ES on takka, jossa on vaikuttava moderni muotoilu. Mittojensa ansiosta takka sopii erinomaisesti my\u00f6s pienempiin asuintiloihin.","breadcrumb":{"@id":"https:\/\/kodukolle.ee\/fi\/tuote\/takka-leda-corna-es\/#breadcrumb"},"inLanguage":"fi","potentialAction":[{"@type":"ReadAction","target":["https:\/\/kodukolle.ee\/fi\/tuote\/takka-leda-corna-es\/"]}]},{"@type":"ImageObject","inLanguage":"fi","@id":"https:\/\/kodukolle.ee\/fi\/tuote\/takka-leda-corna-es\/#primaryimage","url":"https:\/\/kodukolle.ee\/wp-content\/uploads\/2023\/06\/Leda-Corna-ES_1.jpg","contentUrl":"https:\/\/kodukolle.ee\/wp-content\/uploads\/2023\/06\/Leda-Corna-ES_1.jpg","width":2249,"height":1500,"caption":"Corna ES"},{"@type":"BreadcrumbList","@id":"https:\/\/kodukolle.ee\/fi\/tuote\/takka-leda-corna-es\/#breadcrumb","itemListElement":[{"@type":"ListItem","position":1,"name":"Home","item":"https:\/\/kodukolle.ee\/fi\/"},{"@type":"ListItem","position":2,"name":"Tuotteet","item":"https:\/\/kodukolle.ee\/fi\/tuotteet\/"},{"@type":"ListItem","position":3,"name":"Takka Leda CORNA ES"}]},{"@type":"WebSite","@id":"https:\/\/kodukolle.ee\/en\/#website","url":"https:\/\/kodukolle.ee\/en\/","name":"Kodukolle","description":"","publisher":{"@id":"https:\/\/kodukolle.ee\/en\/#organization"},"potentialAction":[{"@type":"SearchAction","target":{"@type":"EntryPoint","urlTemplate":"https:\/\/kodukolle.ee\/en\/?s={search_term_string}"},"query-input":{"@type":"PropertyValueSpecification","valueRequired":true,"valueName":"search_term_string"}}],"inLanguage":"fi"},{"@type":"Organization","@id":"https:\/\/kodukolle.ee\/en\/#organization","name":"Kodukolle","url":"https:\/\/kodukolle.ee\/en\/","logo":{"@type":"ImageObject","inLanguage":"fi","@id":"https:\/\/kodukolle.ee\/en\/#\/schema\/logo\/image\/","url":"https:\/\/kodukolle.ee\/wp-content\/uploads\/2025\/06\/logo_must_gradient.svg","contentUrl":"https:\/\/kodukolle.ee\/wp-content\/uploads\/2025\/06\/logo_must_gradient.svg","caption":"Kodukolle"},"image":{"@id":"https:\/\/kodukolle.ee\/en\/#\/schema\/logo\/image\/"}}]}},"_links":{"self":[{"href":"https:\/\/kodukolle.ee\/fi\/wp-json\/wp\/v2\/product\/26149","targetHints":{"allow":["GET"]}}],"collection":[{"href":"https:\/\/kodukolle.ee\/fi\/wp-json\/wp\/v2\/product"}],"about":[{"href":"https:\/\/kodukolle.ee\/fi\/wp-json\/wp\/v2\/types\/product"}],"wp:featuredmedia":[{"embeddable":true,"href":"https:\/\/kodukolle.ee\/fi\/wp-json\/wp\/v2\/media\/13790"}],"wp:attachment":[{"href":"https:\/\/kodukolle.ee\/fi\/wp-json\/wp\/v2\/media?parent=26149"}],"wp:term":[{"taxonomy":"product_brand","embeddable":true,"href":"https:\/\/kodukolle.ee\/fi\/wp-json\/wp\/v2\/product_brand?post=26149"},{"taxonomy":"product_cat","embeddable":true,"href":"https:\/\/kodukolle.ee\/fi\/wp-json\/wp\/v2\/product_cat?post=26149"},{"taxonomy":"product_tag","embeddable":true,"href":"https:\/\/kodukolle.ee\/fi\/wp-json\/wp\/v2\/product_tag?post=26149"}],"curies":[{"name":"wp","href":"https:\/\/api.w.org\/{rel}","templated":true}]}}