{"id":26151,"date":"2022-07-15T09:26:33","date_gmt":"2022-07-15T06:26:33","guid":{"rendered":"https:\/\/kodukolle.ee\/?post_type=product&#038;p=26151"},"modified":"2023-12-21T12:56:35","modified_gmt":"2023-12-21T10:56:35","slug":"valurautatakka-leda-apella","status":"publish","type":"product","link":"https:\/\/kodukolle.ee\/fi\/tuote\/valurautatakka-leda-apella\/","title":{"rendered":"Valurautatakka Leda APELLA"},"content":{"rendered":"<p>Pienen ja kompaktin muotoilunsa ansiosta vieh\u00e4tt\u00e4v\u00e4 valurautatakka Leda Apella l\u00f6yt\u00e4\u00e4 paikkansa joka olohuoneessa. Takka ei ole pelk\u00e4st\u00e4\u00e4n vakuuttava ulkopuolelta, se on my\u00f6s teknisesti huippuluokkaa. Klassinen ulkon\u00e4k\u00f6 yhdistettyn\u00e4 uusimpaan teknologiaan tekee Apellasta modernin ja ajattoman tulisijan. Hienot \u00e4\u00e4riviivat ja pinnat osoittavat, ett\u00e4 Apella on luotu korkealaatuisesta valuraudasta. Suuri kaareva lasiovi tarjoaa ainutlaatuisen tulenautinnon. Palaminen on optimoitu innovatiivisen palamisilman VSR-ilmaventtiilin ansiosta. Helppo puhdistaa k\u00e4tev\u00e4n tuhkalaatikon kautta.\n<\/ul>\n<p><strong>Saatavana my\u00f6s pienempi Apella small takka, jonka mitat ovat 63,5&#215;44,5&#215;72,5 cm.<\/strong>\n<\/ul>\n<p><strong>Saatavana lis\u00e4varusteena<\/strong><\/p>\n<ul>\n<li>Ulkoilmaliit\u00e4nt\u00e4<\/li>\n<li>L\u00e4mp\u00f6tila- ja alipaineanturi LUC \u2013 innovatiivinen ohjauslaite, joka koordinoi optimaalisesti ilmanvaihtoj\u00e4rjestelm\u00e4n ja tulisijan toimintaa<\/li>\n<\/ul>\n<p>&nbsp;<\/p>\n","protected":false},"excerpt":{"rendered":"<p>Pienen ja kompaktin muotoilunsa ansiosta vieh\u00e4tt\u00e4v\u00e4 valurautatakka Leda Apella l\u00f6yt\u00e4\u00e4 paikkansa joka olohuoneessa. Takka ei ole pelk\u00e4st\u00e4\u00e4n vakuuttava ulkopuolelta, se on my\u00f6s teknisesti huippuluokkaa. Klassinen ulkon\u00e4k\u00f6 yhdistettyn\u00e4 uusimpaan teknologiaan tekee Apellasta modernin ja ajattoman tulisijan. Hienot \u00e4\u00e4riviivat ja pinnat osoittavat, ett\u00e4 Apella on luotu korkealaatuisesta valuraudasta. Suuri kaareva lasiovi tarjoaa ainutlaatuisen tulenautinnon. Palaminen on optimoitu innovatiivisen palamisilman VSR-ilmaventtiilin ansiosta. Helppo puhdistaa k\u00e4tev\u00e4n tuhkalaatikon kautta.<\/p>\n","protected":false},"featured_media":13559,"template":"","meta":{"_acf_changed":false},"product_brand":[],"product_cat":[9620],"product_tag":[],"class_list":{"0":"post-26151","1":"product","2":"type-product","3":"status-publish","4":"has-post-thumbnail","6":"brands-leda-fi","7":"product_cat-takat","9":"first","10":"instock","11":"shipping-taxable","12":"purchasable","13":"product-type-simple"},"acf":[],"yoast_head":"<!-- This site is optimized with the Yoast SEO plugin v27.2 - https:\/\/yoast.com\/product\/yoast-seo-wordpress\/ -->\n<title>Valurautatakka Leda APELLA - Kodukolle<\/title>\n<meta name=\"description\" content=\"Pienen ja kompaktin muotoilunsa ansiosta vieh\u00e4tt\u00e4v\u00e4 valurautatakka Leda Apella l\u00f6yt\u00e4\u00e4 paikkansa joka olohuoneessa. Takka ei ole pelk\u00e4st\u00e4\u00e4n vakuuttava ulkopuolelta, se on my\u00f6s teknisesti huippuluokkaa.\" \/>\n<meta name=\"robots\" content=\"index, follow, max-snippet:-1, max-image-preview:large, max-video-preview:-1\" \/>\n<link rel=\"canonical\" href=\"https:\/\/kodukolle.ee\/fi\/tuote\/valurautatakka-leda-apella\/\" \/>\n<meta property=\"og:locale\" content=\"fi_FI\" \/>\n<meta property=\"og:type\" content=\"article\" \/>\n<meta property=\"og:title\" content=\"Valurautatakka Leda APELLA - Kodukolle\" \/>\n<meta property=\"og:description\" content=\"Pienen ja kompaktin muotoilunsa ansiosta vieh\u00e4tt\u00e4v\u00e4 valurautatakka Leda Apella l\u00f6yt\u00e4\u00e4 paikkansa joka olohuoneessa. Takka ei ole pelk\u00e4st\u00e4\u00e4n vakuuttava ulkopuolelta, se on my\u00f6s teknisesti huippuluokkaa.\" \/>\n<meta property=\"og:url\" content=\"https:\/\/kodukolle.ee\/fi\/tuote\/valurautatakka-leda-apella\/\" \/>\n<meta property=\"og:site_name\" content=\"Kodukolle\" \/>\n<meta property=\"article:modified_time\" content=\"2023-12-21T10:56:35+00:00\" \/>\n<meta property=\"og:image\" content=\"https:\/\/kodukolle.ee\/wp-content\/uploads\/2022\/07\/leda_apella__1.jpg\" \/>\n\t<meta property=\"og:image:width\" content=\"1365\" \/>\n\t<meta property=\"og:image:height\" content=\"1365\" \/>\n\t<meta property=\"og:image:type\" content=\"image\/jpeg\" \/>\n<meta name=\"twitter:card\" content=\"summary_large_image\" \/>\n<meta name=\"twitter:label1\" content=\"Est. reading time\" \/>\n\t<meta name=\"twitter:data1\" content=\"1 minuutti\" \/>\n<script type=\"application\/ld+json\" class=\"yoast-schema-graph\">{\"@context\":\"https:\/\/schema.org\",\"@graph\":[{\"@type\":\"WebPage\",\"@id\":\"https:\/\/kodukolle.ee\/fi\/tuote\/valurautatakka-leda-apella\/\",\"url\":\"https:\/\/kodukolle.ee\/fi\/tuote\/valurautatakka-leda-apella\/\",\"name\":\"Valurautatakka Leda APELLA - Kodukolle\",\"isPartOf\":{\"@id\":\"https:\/\/kodukolle.ee\/en\/#website\"},\"primaryImageOfPage\":{\"@id\":\"https:\/\/kodukolle.ee\/fi\/tuote\/valurautatakka-leda-apella\/#primaryimage\"},\"image\":{\"@id\":\"https:\/\/kodukolle.ee\/fi\/tuote\/valurautatakka-leda-apella\/#primaryimage\"},\"thumbnailUrl\":\"https:\/\/kodukolle.ee\/wp-content\/uploads\/2022\/07\/leda_apella__1.jpg\",\"datePublished\":\"2022-07-15T06:26:33+00:00\",\"dateModified\":\"2023-12-21T10:56:35+00:00\",\"description\":\"Pienen ja kompaktin muotoilunsa ansiosta vieh\u00e4tt\u00e4v\u00e4 valurautatakka Leda Apella l\u00f6yt\u00e4\u00e4 paikkansa joka olohuoneessa. Takka ei ole pelk\u00e4st\u00e4\u00e4n vakuuttava ulkopuolelta, se on my\u00f6s teknisesti huippuluokkaa.\",\"breadcrumb\":{\"@id\":\"https:\/\/kodukolle.ee\/fi\/tuote\/valurautatakka-leda-apella\/#breadcrumb\"},\"inLanguage\":\"fi\",\"potentialAction\":[{\"@type\":\"ReadAction\",\"target\":[\"https:\/\/kodukolle.ee\/fi\/tuote\/valurautatakka-leda-apella\/\"]}]},{\"@type\":\"ImageObject\",\"inLanguage\":\"fi\",\"@id\":\"https:\/\/kodukolle.ee\/fi\/tuote\/valurautatakka-leda-apella\/#primaryimage\",\"url\":\"https:\/\/kodukolle.ee\/wp-content\/uploads\/2022\/07\/leda_apella__1.jpg\",\"contentUrl\":\"https:\/\/kodukolle.ee\/wp-content\/uploads\/2022\/07\/leda_apella__1.jpg\",\"width\":1365,\"height\":1365,\"caption\":\"apella\"},{\"@type\":\"BreadcrumbList\",\"@id\":\"https:\/\/kodukolle.ee\/fi\/tuote\/valurautatakka-leda-apella\/#breadcrumb\",\"itemListElement\":[{\"@type\":\"ListItem\",\"position\":1,\"name\":\"Home\",\"item\":\"https:\/\/kodukolle.ee\/fi\/\"},{\"@type\":\"ListItem\",\"position\":2,\"name\":\"Tuotteet\",\"item\":\"https:\/\/kodukolle.ee\/fi\/tuotteet\/\"},{\"@type\":\"ListItem\",\"position\":3,\"name\":\"Valurautatakka Leda APELLA\"}]},{\"@type\":\"WebSite\",\"@id\":\"https:\/\/kodukolle.ee\/en\/#website\",\"url\":\"https:\/\/kodukolle.ee\/en\/\",\"name\":\"Kodukolle\",\"description\":\"\",\"publisher\":{\"@id\":\"https:\/\/kodukolle.ee\/en\/#organization\"},\"potentialAction\":[{\"@type\":\"SearchAction\",\"target\":{\"@type\":\"EntryPoint\",\"urlTemplate\":\"https:\/\/kodukolle.ee\/en\/?s={search_term_string}\"},\"query-input\":{\"@type\":\"PropertyValueSpecification\",\"valueRequired\":true,\"valueName\":\"search_term_string\"}}],\"inLanguage\":\"fi\"},{\"@type\":\"Organization\",\"@id\":\"https:\/\/kodukolle.ee\/en\/#organization\",\"name\":\"Kodukolle\",\"url\":\"https:\/\/kodukolle.ee\/en\/\",\"logo\":{\"@type\":\"ImageObject\",\"inLanguage\":\"fi\",\"@id\":\"https:\/\/kodukolle.ee\/en\/#\/schema\/logo\/image\/\",\"url\":\"https:\/\/kodukolle.ee\/wp-content\/uploads\/2025\/06\/logo_must_gradient.svg\",\"contentUrl\":\"https:\/\/kodukolle.ee\/wp-content\/uploads\/2025\/06\/logo_must_gradient.svg\",\"caption\":\"Kodukolle\"},\"image\":{\"@id\":\"https:\/\/kodukolle.ee\/en\/#\/schema\/logo\/image\/\"}}]}<\/script>\n<!-- \/ Yoast SEO plugin. -->","yoast_head_json":{"title":"Valurautatakka Leda APELLA - Kodukolle","description":"Pienen ja kompaktin muotoilunsa ansiosta vieh\u00e4tt\u00e4v\u00e4 valurautatakka Leda Apella l\u00f6yt\u00e4\u00e4 paikkansa joka olohuoneessa. Takka ei ole pelk\u00e4st\u00e4\u00e4n vakuuttava ulkopuolelta, se on my\u00f6s teknisesti huippuluokkaa.","robots":{"index":"index","follow":"follow","max-snippet":"max-snippet:-1","max-image-preview":"max-image-preview:large","max-video-preview":"max-video-preview:-1"},"canonical":"https:\/\/kodukolle.ee\/fi\/tuote\/valurautatakka-leda-apella\/","og_locale":"fi_FI","og_type":"article","og_title":"Valurautatakka Leda APELLA - Kodukolle","og_description":"Pienen ja kompaktin muotoilunsa ansiosta vieh\u00e4tt\u00e4v\u00e4 valurautatakka Leda Apella l\u00f6yt\u00e4\u00e4 paikkansa joka olohuoneessa. Takka ei ole pelk\u00e4st\u00e4\u00e4n vakuuttava ulkopuolelta, se on my\u00f6s teknisesti huippuluokkaa.","og_url":"https:\/\/kodukolle.ee\/fi\/tuote\/valurautatakka-leda-apella\/","og_site_name":"Kodukolle","article_modified_time":"2023-12-21T10:56:35+00:00","og_image":[{"width":1365,"height":1365,"url":"https:\/\/kodukolle.ee\/wp-content\/uploads\/2022\/07\/leda_apella__1.jpg","type":"image\/jpeg"}],"twitter_card":"summary_large_image","twitter_misc":{"Est. reading time":"1 minuutti"},"schema":{"@context":"https:\/\/schema.org","@graph":[{"@type":"WebPage","@id":"https:\/\/kodukolle.ee\/fi\/tuote\/valurautatakka-leda-apella\/","url":"https:\/\/kodukolle.ee\/fi\/tuote\/valurautatakka-leda-apella\/","name":"Valurautatakka Leda APELLA - Kodukolle","isPartOf":{"@id":"https:\/\/kodukolle.ee\/en\/#website"},"primaryImageOfPage":{"@id":"https:\/\/kodukolle.ee\/fi\/tuote\/valurautatakka-leda-apella\/#primaryimage"},"image":{"@id":"https:\/\/kodukolle.ee\/fi\/tuote\/valurautatakka-leda-apella\/#primaryimage"},"thumbnailUrl":"https:\/\/kodukolle.ee\/wp-content\/uploads\/2022\/07\/leda_apella__1.jpg","datePublished":"2022-07-15T06:26:33+00:00","dateModified":"2023-12-21T10:56:35+00:00","description":"Pienen ja kompaktin muotoilunsa ansiosta vieh\u00e4tt\u00e4v\u00e4 valurautatakka Leda Apella l\u00f6yt\u00e4\u00e4 paikkansa joka olohuoneessa. Takka ei ole pelk\u00e4st\u00e4\u00e4n vakuuttava ulkopuolelta, se on my\u00f6s teknisesti huippuluokkaa.","breadcrumb":{"@id":"https:\/\/kodukolle.ee\/fi\/tuote\/valurautatakka-leda-apella\/#breadcrumb"},"inLanguage":"fi","potentialAction":[{"@type":"ReadAction","target":["https:\/\/kodukolle.ee\/fi\/tuote\/valurautatakka-leda-apella\/"]}]},{"@type":"ImageObject","inLanguage":"fi","@id":"https:\/\/kodukolle.ee\/fi\/tuote\/valurautatakka-leda-apella\/#primaryimage","url":"https:\/\/kodukolle.ee\/wp-content\/uploads\/2022\/07\/leda_apella__1.jpg","contentUrl":"https:\/\/kodukolle.ee\/wp-content\/uploads\/2022\/07\/leda_apella__1.jpg","width":1365,"height":1365,"caption":"apella"},{"@type":"BreadcrumbList","@id":"https:\/\/kodukolle.ee\/fi\/tuote\/valurautatakka-leda-apella\/#breadcrumb","itemListElement":[{"@type":"ListItem","position":1,"name":"Home","item":"https:\/\/kodukolle.ee\/fi\/"},{"@type":"ListItem","position":2,"name":"Tuotteet","item":"https:\/\/kodukolle.ee\/fi\/tuotteet\/"},{"@type":"ListItem","position":3,"name":"Valurautatakka Leda APELLA"}]},{"@type":"WebSite","@id":"https:\/\/kodukolle.ee\/en\/#website","url":"https:\/\/kodukolle.ee\/en\/","name":"Kodukolle","description":"","publisher":{"@id":"https:\/\/kodukolle.ee\/en\/#organization"},"potentialAction":[{"@type":"SearchAction","target":{"@type":"EntryPoint","urlTemplate":"https:\/\/kodukolle.ee\/en\/?s={search_term_string}"},"query-input":{"@type":"PropertyValueSpecification","valueRequired":true,"valueName":"search_term_string"}}],"inLanguage":"fi"},{"@type":"Organization","@id":"https:\/\/kodukolle.ee\/en\/#organization","name":"Kodukolle","url":"https:\/\/kodukolle.ee\/en\/","logo":{"@type":"ImageObject","inLanguage":"fi","@id":"https:\/\/kodukolle.ee\/en\/#\/schema\/logo\/image\/","url":"https:\/\/kodukolle.ee\/wp-content\/uploads\/2025\/06\/logo_must_gradient.svg","contentUrl":"https:\/\/kodukolle.ee\/wp-content\/uploads\/2025\/06\/logo_must_gradient.svg","caption":"Kodukolle"},"image":{"@id":"https:\/\/kodukolle.ee\/en\/#\/schema\/logo\/image\/"}}]}},"_links":{"self":[{"href":"https:\/\/kodukolle.ee\/fi\/wp-json\/wp\/v2\/product\/26151","targetHints":{"allow":["GET"]}}],"collection":[{"href":"https:\/\/kodukolle.ee\/fi\/wp-json\/wp\/v2\/product"}],"about":[{"href":"https:\/\/kodukolle.ee\/fi\/wp-json\/wp\/v2\/types\/product"}],"wp:featuredmedia":[{"embeddable":true,"href":"https:\/\/kodukolle.ee\/fi\/wp-json\/wp\/v2\/media\/13559"}],"wp:attachment":[{"href":"https:\/\/kodukolle.ee\/fi\/wp-json\/wp\/v2\/media?parent=26151"}],"wp:term":[{"taxonomy":"product_brand","embeddable":true,"href":"https:\/\/kodukolle.ee\/fi\/wp-json\/wp\/v2\/product_brand?post=26151"},{"taxonomy":"product_cat","embeddable":true,"href":"https:\/\/kodukolle.ee\/fi\/wp-json\/wp\/v2\/product_cat?post=26151"},{"taxonomy":"product_tag","embeddable":true,"href":"https:\/\/kodukolle.ee\/fi\/wp-json\/wp\/v2\/product_tag?post=26151"}],"curies":[{"name":"wp","href":"https:\/\/api.w.org\/{rel}","templated":true}]}}