{"id":26154,"date":"2022-07-15T15:41:28","date_gmt":"2022-07-15T12:41:28","guid":{"rendered":"https:\/\/kodukolle.ee\/?post_type=product&#038;p=26154"},"modified":"2023-12-21T13:01:31","modified_gmt":"2023-12-21T11:01:31","slug":"valurautatakka-leda-allegra","status":"publish","type":"product","link":"https:\/\/kodukolle.ee\/fi\/tuote\/valurautatakka-leda-allegra\/","title":{"rendered":"Valurautatakka Leda ALLEGRA"},"content":{"rendered":"<p>Retron\u00e4k\u00f6inen valurautatakka Leda Allegra on katseenvangitsija jokaisessa olohuoneessa. Mustan valuraudan tyylik\u00e4s ulkon\u00e4k\u00f6 antaa takkaan tulisen hehkun, ja se ei ole vain kest\u00e4v\u00e4, vaan my\u00f6s pieni ja kompakti. Takan l\u00e4mmetess\u00e4 ja j\u00e4\u00e4htyess\u00e4 ei kuulu \u00e4rsytt\u00e4vi\u00e4 r\u00e4tisevi\u00e4 \u00e4\u00e4ni\u00e4. Lis\u00e4ksi valurauta varastoi l\u00e4mp\u00f6\u00e4 eritt\u00e4in hyvin. Iso lasiovi tarjoaa upean n\u00e4kyvyyden liekkeihin, ja lis\u00e4sivuovella on helppo lis\u00e4t\u00e4 polttopuita ja puhdistaa tulisija.\n<\/ul>\n<p><strong>Saatavana my\u00f6s pienempi Allegra small takka, jonka mitat ovat 50&#215;40,5&#215;70,2 cm ja Allegra small, jossa on s\u00e4ilytyspaikka puille.<\/strong>\n<\/ul>\n<p><strong>Saatavana lis\u00e4varusteena<\/strong><\/p>\n<ul>\n<li>L\u00e4mp\u00f6tila- ja alipaineanturi LUC \u2013 innovatiivinen ohjauslaite, joka koordinoi optimaalisesti ilmanvaihtoj\u00e4rjestelm\u00e4n ja tulisijan toimintaa<\/li>\n<\/ul>\n<p>&nbsp;<\/p>\n","protected":false},"excerpt":{"rendered":"<p>Retron\u00e4k\u00f6inen valurautatakka Leda Allegra on katseenvangitsija jokaisessa olohuoneessa. Mustan valuraudan tyylik\u00e4s ulkon\u00e4k\u00f6 antaa takkaan tulisen hehkun, ja se ei ole vain kest\u00e4v\u00e4, vaan my\u00f6s pieni ja kompakti. Takan l\u00e4mmetess\u00e4 ja j\u00e4\u00e4htyess\u00e4 ei kuulu \u00e4rsytt\u00e4vi\u00e4 r\u00e4tisevi\u00e4 \u00e4\u00e4ni\u00e4. Lis\u00e4ksi valurauta varastoi l\u00e4mp\u00f6\u00e4 eritt\u00e4in hyvin. Iso lasiovi tarjoaa upean n\u00e4kyvyyden liekkeihin, ja lis\u00e4sivuovella on helppo lis\u00e4t\u00e4 polttopuita ja puhdistaa tulisija.<\/p>\n","protected":false},"featured_media":13603,"template":"","meta":{"_acf_changed":false},"product_brand":[],"product_cat":[9620],"product_tag":[],"class_list":{"0":"post-26154","1":"product","2":"type-product","3":"status-publish","4":"has-post-thumbnail","6":"brands-leda-fi","7":"product_cat-takat","9":"first","10":"instock","11":"shipping-taxable","12":"purchasable","13":"product-type-simple"},"acf":[],"yoast_head":"<!-- This site is optimized with the Yoast SEO plugin v27.2 - https:\/\/yoast.com\/product\/yoast-seo-wordpress\/ -->\n<title>Valurautatakka Leda ALLEGRA - Kodukolle<\/title>\n<meta name=\"description\" content=\"Retron\u00e4k\u00f6inen valurautatakka Leda Allegra on katseenvangitsija jokaisessa olohuoneessa. Mustan valuraudan tyylik\u00e4s ulkon\u00e4k\u00f6 antaa takkaan tulisen hehkun.\" \/>\n<meta name=\"robots\" content=\"index, follow, max-snippet:-1, max-image-preview:large, max-video-preview:-1\" \/>\n<link rel=\"canonical\" href=\"https:\/\/kodukolle.ee\/fi\/tuote\/valurautatakka-leda-allegra\/\" \/>\n<meta property=\"og:locale\" content=\"fi_FI\" \/>\n<meta property=\"og:type\" content=\"article\" \/>\n<meta property=\"og:title\" content=\"Valurautatakka Leda ALLEGRA - Kodukolle\" \/>\n<meta property=\"og:description\" content=\"Retron\u00e4k\u00f6inen valurautatakka Leda Allegra on katseenvangitsija jokaisessa olohuoneessa. Mustan valuraudan tyylik\u00e4s ulkon\u00e4k\u00f6 antaa takkaan tulisen hehkun.\" \/>\n<meta property=\"og:url\" content=\"https:\/\/kodukolle.ee\/fi\/tuote\/valurautatakka-leda-allegra\/\" \/>\n<meta property=\"og:site_name\" content=\"Kodukolle\" \/>\n<meta property=\"article:modified_time\" content=\"2023-12-21T11:01:31+00:00\" \/>\n<meta property=\"og:image\" content=\"https:\/\/kodukolle.ee\/wp-content\/uploads\/2022\/07\/Allegra_2.jpg\" \/>\n\t<meta property=\"og:image:width\" content=\"1000\" \/>\n\t<meta property=\"og:image:height\" content=\"1000\" \/>\n\t<meta property=\"og:image:type\" content=\"image\/jpeg\" \/>\n<meta name=\"twitter:card\" content=\"summary_large_image\" \/>\n<script type=\"application\/ld+json\" class=\"yoast-schema-graph\">{\"@context\":\"https:\/\/schema.org\",\"@graph\":[{\"@type\":\"WebPage\",\"@id\":\"https:\/\/kodukolle.ee\/fi\/tuote\/valurautatakka-leda-allegra\/\",\"url\":\"https:\/\/kodukolle.ee\/fi\/tuote\/valurautatakka-leda-allegra\/\",\"name\":\"Valurautatakka Leda ALLEGRA - Kodukolle\",\"isPartOf\":{\"@id\":\"https:\/\/kodukolle.ee\/en\/#website\"},\"primaryImageOfPage\":{\"@id\":\"https:\/\/kodukolle.ee\/fi\/tuote\/valurautatakka-leda-allegra\/#primaryimage\"},\"image\":{\"@id\":\"https:\/\/kodukolle.ee\/fi\/tuote\/valurautatakka-leda-allegra\/#primaryimage\"},\"thumbnailUrl\":\"https:\/\/kodukolle.ee\/wp-content\/uploads\/2022\/07\/Allegra_2.jpg\",\"datePublished\":\"2022-07-15T12:41:28+00:00\",\"dateModified\":\"2023-12-21T11:01:31+00:00\",\"description\":\"Retron\u00e4k\u00f6inen valurautatakka Leda Allegra on katseenvangitsija jokaisessa olohuoneessa. Mustan valuraudan tyylik\u00e4s ulkon\u00e4k\u00f6 antaa takkaan tulisen hehkun.\",\"breadcrumb\":{\"@id\":\"https:\/\/kodukolle.ee\/fi\/tuote\/valurautatakka-leda-allegra\/#breadcrumb\"},\"inLanguage\":\"fi\",\"potentialAction\":[{\"@type\":\"ReadAction\",\"target\":[\"https:\/\/kodukolle.ee\/fi\/tuote\/valurautatakka-leda-allegra\/\"]}]},{\"@type\":\"ImageObject\",\"inLanguage\":\"fi\",\"@id\":\"https:\/\/kodukolle.ee\/fi\/tuote\/valurautatakka-leda-allegra\/#primaryimage\",\"url\":\"https:\/\/kodukolle.ee\/wp-content\/uploads\/2022\/07\/Allegra_2.jpg\",\"contentUrl\":\"https:\/\/kodukolle.ee\/wp-content\/uploads\/2022\/07\/Allegra_2.jpg\",\"width\":1000,\"height\":1000,\"caption\":\"allegra\"},{\"@type\":\"BreadcrumbList\",\"@id\":\"https:\/\/kodukolle.ee\/fi\/tuote\/valurautatakka-leda-allegra\/#breadcrumb\",\"itemListElement\":[{\"@type\":\"ListItem\",\"position\":1,\"name\":\"Home\",\"item\":\"https:\/\/kodukolle.ee\/fi\/\"},{\"@type\":\"ListItem\",\"position\":2,\"name\":\"Tuotteet\",\"item\":\"https:\/\/kodukolle.ee\/fi\/tuotteet\/\"},{\"@type\":\"ListItem\",\"position\":3,\"name\":\"Valurautatakka Leda ALLEGRA\"}]},{\"@type\":\"WebSite\",\"@id\":\"https:\/\/kodukolle.ee\/en\/#website\",\"url\":\"https:\/\/kodukolle.ee\/en\/\",\"name\":\"Kodukolle\",\"description\":\"\",\"publisher\":{\"@id\":\"https:\/\/kodukolle.ee\/en\/#organization\"},\"potentialAction\":[{\"@type\":\"SearchAction\",\"target\":{\"@type\":\"EntryPoint\",\"urlTemplate\":\"https:\/\/kodukolle.ee\/en\/?s={search_term_string}\"},\"query-input\":{\"@type\":\"PropertyValueSpecification\",\"valueRequired\":true,\"valueName\":\"search_term_string\"}}],\"inLanguage\":\"fi\"},{\"@type\":\"Organization\",\"@id\":\"https:\/\/kodukolle.ee\/en\/#organization\",\"name\":\"Kodukolle\",\"url\":\"https:\/\/kodukolle.ee\/en\/\",\"logo\":{\"@type\":\"ImageObject\",\"inLanguage\":\"fi\",\"@id\":\"https:\/\/kodukolle.ee\/en\/#\/schema\/logo\/image\/\",\"url\":\"https:\/\/kodukolle.ee\/wp-content\/uploads\/2025\/06\/logo_must_gradient.svg\",\"contentUrl\":\"https:\/\/kodukolle.ee\/wp-content\/uploads\/2025\/06\/logo_must_gradient.svg\",\"caption\":\"Kodukolle\"},\"image\":{\"@id\":\"https:\/\/kodukolle.ee\/en\/#\/schema\/logo\/image\/\"}}]}<\/script>\n<!-- \/ Yoast SEO plugin. -->","yoast_head_json":{"title":"Valurautatakka Leda ALLEGRA - Kodukolle","description":"Retron\u00e4k\u00f6inen valurautatakka Leda Allegra on katseenvangitsija jokaisessa olohuoneessa. Mustan valuraudan tyylik\u00e4s ulkon\u00e4k\u00f6 antaa takkaan tulisen hehkun.","robots":{"index":"index","follow":"follow","max-snippet":"max-snippet:-1","max-image-preview":"max-image-preview:large","max-video-preview":"max-video-preview:-1"},"canonical":"https:\/\/kodukolle.ee\/fi\/tuote\/valurautatakka-leda-allegra\/","og_locale":"fi_FI","og_type":"article","og_title":"Valurautatakka Leda ALLEGRA - Kodukolle","og_description":"Retron\u00e4k\u00f6inen valurautatakka Leda Allegra on katseenvangitsija jokaisessa olohuoneessa. Mustan valuraudan tyylik\u00e4s ulkon\u00e4k\u00f6 antaa takkaan tulisen hehkun.","og_url":"https:\/\/kodukolle.ee\/fi\/tuote\/valurautatakka-leda-allegra\/","og_site_name":"Kodukolle","article_modified_time":"2023-12-21T11:01:31+00:00","og_image":[{"width":1000,"height":1000,"url":"https:\/\/kodukolle.ee\/wp-content\/uploads\/2022\/07\/Allegra_2.jpg","type":"image\/jpeg"}],"twitter_card":"summary_large_image","schema":{"@context":"https:\/\/schema.org","@graph":[{"@type":"WebPage","@id":"https:\/\/kodukolle.ee\/fi\/tuote\/valurautatakka-leda-allegra\/","url":"https:\/\/kodukolle.ee\/fi\/tuote\/valurautatakka-leda-allegra\/","name":"Valurautatakka Leda ALLEGRA - Kodukolle","isPartOf":{"@id":"https:\/\/kodukolle.ee\/en\/#website"},"primaryImageOfPage":{"@id":"https:\/\/kodukolle.ee\/fi\/tuote\/valurautatakka-leda-allegra\/#primaryimage"},"image":{"@id":"https:\/\/kodukolle.ee\/fi\/tuote\/valurautatakka-leda-allegra\/#primaryimage"},"thumbnailUrl":"https:\/\/kodukolle.ee\/wp-content\/uploads\/2022\/07\/Allegra_2.jpg","datePublished":"2022-07-15T12:41:28+00:00","dateModified":"2023-12-21T11:01:31+00:00","description":"Retron\u00e4k\u00f6inen valurautatakka Leda Allegra on katseenvangitsija jokaisessa olohuoneessa. Mustan valuraudan tyylik\u00e4s ulkon\u00e4k\u00f6 antaa takkaan tulisen hehkun.","breadcrumb":{"@id":"https:\/\/kodukolle.ee\/fi\/tuote\/valurautatakka-leda-allegra\/#breadcrumb"},"inLanguage":"fi","potentialAction":[{"@type":"ReadAction","target":["https:\/\/kodukolle.ee\/fi\/tuote\/valurautatakka-leda-allegra\/"]}]},{"@type":"ImageObject","inLanguage":"fi","@id":"https:\/\/kodukolle.ee\/fi\/tuote\/valurautatakka-leda-allegra\/#primaryimage","url":"https:\/\/kodukolle.ee\/wp-content\/uploads\/2022\/07\/Allegra_2.jpg","contentUrl":"https:\/\/kodukolle.ee\/wp-content\/uploads\/2022\/07\/Allegra_2.jpg","width":1000,"height":1000,"caption":"allegra"},{"@type":"BreadcrumbList","@id":"https:\/\/kodukolle.ee\/fi\/tuote\/valurautatakka-leda-allegra\/#breadcrumb","itemListElement":[{"@type":"ListItem","position":1,"name":"Home","item":"https:\/\/kodukolle.ee\/fi\/"},{"@type":"ListItem","position":2,"name":"Tuotteet","item":"https:\/\/kodukolle.ee\/fi\/tuotteet\/"},{"@type":"ListItem","position":3,"name":"Valurautatakka Leda ALLEGRA"}]},{"@type":"WebSite","@id":"https:\/\/kodukolle.ee\/en\/#website","url":"https:\/\/kodukolle.ee\/en\/","name":"Kodukolle","description":"","publisher":{"@id":"https:\/\/kodukolle.ee\/en\/#organization"},"potentialAction":[{"@type":"SearchAction","target":{"@type":"EntryPoint","urlTemplate":"https:\/\/kodukolle.ee\/en\/?s={search_term_string}"},"query-input":{"@type":"PropertyValueSpecification","valueRequired":true,"valueName":"search_term_string"}}],"inLanguage":"fi"},{"@type":"Organization","@id":"https:\/\/kodukolle.ee\/en\/#organization","name":"Kodukolle","url":"https:\/\/kodukolle.ee\/en\/","logo":{"@type":"ImageObject","inLanguage":"fi","@id":"https:\/\/kodukolle.ee\/en\/#\/schema\/logo\/image\/","url":"https:\/\/kodukolle.ee\/wp-content\/uploads\/2025\/06\/logo_must_gradient.svg","contentUrl":"https:\/\/kodukolle.ee\/wp-content\/uploads\/2025\/06\/logo_must_gradient.svg","caption":"Kodukolle"},"image":{"@id":"https:\/\/kodukolle.ee\/en\/#\/schema\/logo\/image\/"}}]}},"_links":{"self":[{"href":"https:\/\/kodukolle.ee\/fi\/wp-json\/wp\/v2\/product\/26154","targetHints":{"allow":["GET"]}}],"collection":[{"href":"https:\/\/kodukolle.ee\/fi\/wp-json\/wp\/v2\/product"}],"about":[{"href":"https:\/\/kodukolle.ee\/fi\/wp-json\/wp\/v2\/types\/product"}],"wp:featuredmedia":[{"embeddable":true,"href":"https:\/\/kodukolle.ee\/fi\/wp-json\/wp\/v2\/media\/13603"}],"wp:attachment":[{"href":"https:\/\/kodukolle.ee\/fi\/wp-json\/wp\/v2\/media?parent=26154"}],"wp:term":[{"taxonomy":"product_brand","embeddable":true,"href":"https:\/\/kodukolle.ee\/fi\/wp-json\/wp\/v2\/product_brand?post=26154"},{"taxonomy":"product_cat","embeddable":true,"href":"https:\/\/kodukolle.ee\/fi\/wp-json\/wp\/v2\/product_cat?post=26154"},{"taxonomy":"product_tag","embeddable":true,"href":"https:\/\/kodukolle.ee\/fi\/wp-json\/wp\/v2\/product_tag?post=26154"}],"curies":[{"name":"wp","href":"https:\/\/api.w.org\/{rel}","templated":true}]}}