{"id":26182,"date":"2020-04-02T10:29:37","date_gmt":"2020-04-02T07:29:37","guid":{"rendered":"https:\/\/kodukolle.ee\/?post_type=product&#038;p=26182"},"modified":"2023-12-22T13:11:16","modified_gmt":"2023-12-22T11:11:16","slug":"grilli-plamen-bbq","status":"publish","type":"product","link":"https:\/\/kodukolle.ee\/fi\/tuote\/grilli-plamen-bbq\/","title":{"rendered":"Grilli Plamen BBQ"},"content":{"rendered":"<p>Plamen BBQ grilli on erinomainen ratkaisu kaikille, jotka nauttivat rentoutumisesta ja grillaamisesta ulkoilmassa. Sill\u00e4 valmistettu ruoka on ihanan aromaattista. Grilli vaatii vain v\u00e4h\u00e4n hoitoa, koska sit\u00e4 on helppo k\u00e4ytt\u00e4\u00e4, puhdistaa ja se voidaan k\u00e4tev\u00e4sti kuljettaa tai siirt\u00e4\u00e4 paikasta toiseen. Valurauta grilliin sijoittaminen on viisas p\u00e4\u00e4t\u00f6s, sill\u00e4 materiaali on eritt\u00e4in kest\u00e4v\u00e4\u00e4 ja palvelee sinua monta vuotta. Kompakti hiiligrilli BBQ on valmistettu ter\u00e4ksest\u00e4, kun taas grilliritil\u00e4 on valmistettu emaloidusta valuraudasta, joten se kest\u00e4\u00e4 korroosiota. Mukavien puisten kahvat lis\u00e4\u00e4v\u00e4t sen k\u00e4ytett\u00e4vyytt\u00e4. Kaiken kaikkiaan Plamen BBQ -grilli on fantastinen valinta ulkogrillauksen yst\u00e4ville, sill\u00e4 siin\u00e4 yhdistyv\u00e4t kest\u00e4vyys, mukavuus ja aromaattinen ruoanlaitto parantaakseen ulkona ruoanlaittokokemusta.<\/p>\n<ul>\n<li>On mahdollista ostaa halkaisijaltaan \u00d8 400mm ja \u00d8 500mm<\/li>\n<\/ul>\n<p>&nbsp;<\/p>\n","protected":false},"excerpt":{"rendered":"<p>Plamen BBQ grilli on erinomainen ratkaisu kaikille, jotka nauttivat rentoutumisesta ja grillaamisesta ulkoilmassa. Sill\u00e4 valmistettu ruoka on ihanan aromaattista. Grilli vaatii vain v\u00e4h\u00e4n hoitoa, koska sit\u00e4 on helppo k\u00e4ytt\u00e4\u00e4, puhdistaa ja se voidaan k\u00e4tev\u00e4sti kuljettaa tai siirt\u00e4\u00e4 paikasta toiseen. Valurauta grilliin sijoittaminen on viisas p\u00e4\u00e4t\u00f6s, sill\u00e4 materiaali on eritt\u00e4in kest\u00e4v\u00e4\u00e4 ja palvelee sinua monta vuotta.<\/p>\n","protected":false},"featured_media":16727,"template":"","meta":{"_acf_changed":false},"product_brand":[],"product_cat":[9692,9723],"product_tag":[],"class_list":{"0":"post-26182","1":"product","2":"type-product","3":"status-publish","4":"has-post-thumbnail","6":"brands-plamen-fi","7":"product_cat-kiukaat-ja-grillit","8":"product_cat-ale","10":"first","11":"instock","12":"shipping-taxable","13":"product-type-simple"},"acf":[],"yoast_head":"<!-- This site is optimized with the Yoast SEO plugin v27.2 - https:\/\/yoast.com\/product\/yoast-seo-wordpress\/ -->\n<title>Grilli Plamen BBQ - Kodukolle<\/title>\n<meta name=\"description\" content=\"Plamen BBQ grilli on erinomainen ratkaisu kaikille, jotka nauttivat rentoutumisesta ja grillaamisesta ulkoilmassa. Sill\u00e4 valmistettu ruoka on ihanan aromaattista.\" \/>\n<meta name=\"robots\" content=\"index, follow, max-snippet:-1, max-image-preview:large, max-video-preview:-1\" \/>\n<link rel=\"canonical\" href=\"https:\/\/kodukolle.ee\/tuote\/grill-plamen-bbq\/\" \/>\n<meta property=\"og:locale\" content=\"fi_FI\" \/>\n<meta property=\"og:type\" content=\"article\" \/>\n<meta property=\"og:title\" content=\"Grilli Plamen BBQ - Kodukolle\" \/>\n<meta property=\"og:description\" content=\"Plamen BBQ grilli on erinomainen ratkaisu kaikille, jotka nauttivat rentoutumisesta ja grillaamisesta ulkoilmassa. Sill\u00e4 valmistettu ruoka on ihanan aromaattista.\" \/>\n<meta property=\"og:url\" content=\"https:\/\/kodukolle.ee\/tuote\/grill-plamen-bbq\/\" \/>\n<meta property=\"og:site_name\" content=\"Kodukolle\" \/>\n<meta property=\"article:modified_time\" content=\"2023-12-22T11:11:16+00:00\" \/>\n<meta property=\"og:image\" content=\"https:\/\/kodukolle.ee\/wp-content\/uploads\/2020\/04\/GRILL-ROUND-plamen_0.jpeg\" \/>\n\t<meta property=\"og:image:width\" content=\"1165\" \/>\n\t<meta property=\"og:image:height\" content=\"2000\" \/>\n\t<meta property=\"og:image:type\" content=\"image\/jpeg\" \/>\n<meta name=\"twitter:card\" content=\"summary_large_image\" \/>\n<script type=\"application\/ld+json\" class=\"yoast-schema-graph\">{\"@context\":\"https:\/\/schema.org\",\"@graph\":[{\"@type\":\"WebPage\",\"@id\":\"https:\/\/kodukolle.ee\/tuote\/grill-plamen-bbq\/\",\"url\":\"https:\/\/kodukolle.ee\/tuote\/grill-plamen-bbq\/\",\"name\":\"Grilli Plamen BBQ - Kodukolle\",\"isPartOf\":{\"@id\":\"https:\/\/kodukolle.ee\/en\/#website\"},\"primaryImageOfPage\":{\"@id\":\"https:\/\/kodukolle.ee\/tuote\/grill-plamen-bbq\/#primaryimage\"},\"image\":{\"@id\":\"https:\/\/kodukolle.ee\/tuote\/grill-plamen-bbq\/#primaryimage\"},\"thumbnailUrl\":\"https:\/\/kodukolle.ee\/wp-content\/uploads\/2020\/04\/GRILL-ROUND-plamen_0.jpeg\",\"datePublished\":\"2020-04-02T07:29:37+00:00\",\"dateModified\":\"2023-12-22T11:11:16+00:00\",\"description\":\"Plamen BBQ grilli on erinomainen ratkaisu kaikille, jotka nauttivat rentoutumisesta ja grillaamisesta ulkoilmassa. Sill\u00e4 valmistettu ruoka on ihanan aromaattista.\",\"breadcrumb\":{\"@id\":\"https:\/\/kodukolle.ee\/tuote\/grill-plamen-bbq\/#breadcrumb\"},\"inLanguage\":\"fi\",\"potentialAction\":[{\"@type\":\"ReadAction\",\"target\":[\"https:\/\/kodukolle.ee\/tuote\/grill-plamen-bbq\/\"]}]},{\"@type\":\"ImageObject\",\"inLanguage\":\"fi\",\"@id\":\"https:\/\/kodukolle.ee\/tuote\/grill-plamen-bbq\/#primaryimage\",\"url\":\"https:\/\/kodukolle.ee\/wp-content\/uploads\/2020\/04\/GRILL-ROUND-plamen_0.jpeg\",\"contentUrl\":\"https:\/\/kodukolle.ee\/wp-content\/uploads\/2020\/04\/GRILL-ROUND-plamen_0.jpeg\",\"width\":1165,\"height\":2000,\"caption\":\"Barbecue ROUND plamen\"},{\"@type\":\"BreadcrumbList\",\"@id\":\"https:\/\/kodukolle.ee\/tuote\/grill-plamen-bbq\/#breadcrumb\",\"itemListElement\":[{\"@type\":\"ListItem\",\"position\":1,\"name\":\"Home\",\"item\":\"https:\/\/kodukolle.ee\/fi\/\"},{\"@type\":\"ListItem\",\"position\":2,\"name\":\"Tuotteet\",\"item\":\"https:\/\/kodukolle.ee\/fi\/tuotteet\/\"},{\"@type\":\"ListItem\",\"position\":3,\"name\":\"Grilli Plamen BBQ\"}]},{\"@type\":\"WebSite\",\"@id\":\"https:\/\/kodukolle.ee\/en\/#website\",\"url\":\"https:\/\/kodukolle.ee\/en\/\",\"name\":\"Kodukolle\",\"description\":\"\",\"publisher\":{\"@id\":\"https:\/\/kodukolle.ee\/en\/#organization\"},\"potentialAction\":[{\"@type\":\"SearchAction\",\"target\":{\"@type\":\"EntryPoint\",\"urlTemplate\":\"https:\/\/kodukolle.ee\/en\/?s={search_term_string}\"},\"query-input\":{\"@type\":\"PropertyValueSpecification\",\"valueRequired\":true,\"valueName\":\"search_term_string\"}}],\"inLanguage\":\"fi\"},{\"@type\":\"Organization\",\"@id\":\"https:\/\/kodukolle.ee\/en\/#organization\",\"name\":\"Kodukolle\",\"url\":\"https:\/\/kodukolle.ee\/en\/\",\"logo\":{\"@type\":\"ImageObject\",\"inLanguage\":\"fi\",\"@id\":\"https:\/\/kodukolle.ee\/en\/#\/schema\/logo\/image\/\",\"url\":\"https:\/\/kodukolle.ee\/wp-content\/uploads\/2025\/06\/logo_must_gradient.svg\",\"contentUrl\":\"https:\/\/kodukolle.ee\/wp-content\/uploads\/2025\/06\/logo_must_gradient.svg\",\"caption\":\"Kodukolle\"},\"image\":{\"@id\":\"https:\/\/kodukolle.ee\/en\/#\/schema\/logo\/image\/\"}}]}<\/script>\n<!-- \/ Yoast SEO plugin. -->","yoast_head_json":{"title":"Grilli Plamen BBQ - Kodukolle","description":"Plamen BBQ grilli on erinomainen ratkaisu kaikille, jotka nauttivat rentoutumisesta ja grillaamisesta ulkoilmassa. Sill\u00e4 valmistettu ruoka on ihanan aromaattista.","robots":{"index":"index","follow":"follow","max-snippet":"max-snippet:-1","max-image-preview":"max-image-preview:large","max-video-preview":"max-video-preview:-1"},"canonical":"https:\/\/kodukolle.ee\/tuote\/grill-plamen-bbq\/","og_locale":"fi_FI","og_type":"article","og_title":"Grilli Plamen BBQ - Kodukolle","og_description":"Plamen BBQ grilli on erinomainen ratkaisu kaikille, jotka nauttivat rentoutumisesta ja grillaamisesta ulkoilmassa. Sill\u00e4 valmistettu ruoka on ihanan aromaattista.","og_url":"https:\/\/kodukolle.ee\/tuote\/grill-plamen-bbq\/","og_site_name":"Kodukolle","article_modified_time":"2023-12-22T11:11:16+00:00","og_image":[{"width":1165,"height":2000,"url":"https:\/\/kodukolle.ee\/wp-content\/uploads\/2020\/04\/GRILL-ROUND-plamen_0.jpeg","type":"image\/jpeg"}],"twitter_card":"summary_large_image","schema":{"@context":"https:\/\/schema.org","@graph":[{"@type":"WebPage","@id":"https:\/\/kodukolle.ee\/tuote\/grill-plamen-bbq\/","url":"https:\/\/kodukolle.ee\/tuote\/grill-plamen-bbq\/","name":"Grilli Plamen BBQ - Kodukolle","isPartOf":{"@id":"https:\/\/kodukolle.ee\/en\/#website"},"primaryImageOfPage":{"@id":"https:\/\/kodukolle.ee\/tuote\/grill-plamen-bbq\/#primaryimage"},"image":{"@id":"https:\/\/kodukolle.ee\/tuote\/grill-plamen-bbq\/#primaryimage"},"thumbnailUrl":"https:\/\/kodukolle.ee\/wp-content\/uploads\/2020\/04\/GRILL-ROUND-plamen_0.jpeg","datePublished":"2020-04-02T07:29:37+00:00","dateModified":"2023-12-22T11:11:16+00:00","description":"Plamen BBQ grilli on erinomainen ratkaisu kaikille, jotka nauttivat rentoutumisesta ja grillaamisesta ulkoilmassa. Sill\u00e4 valmistettu ruoka on ihanan aromaattista.","breadcrumb":{"@id":"https:\/\/kodukolle.ee\/tuote\/grill-plamen-bbq\/#breadcrumb"},"inLanguage":"fi","potentialAction":[{"@type":"ReadAction","target":["https:\/\/kodukolle.ee\/tuote\/grill-plamen-bbq\/"]}]},{"@type":"ImageObject","inLanguage":"fi","@id":"https:\/\/kodukolle.ee\/tuote\/grill-plamen-bbq\/#primaryimage","url":"https:\/\/kodukolle.ee\/wp-content\/uploads\/2020\/04\/GRILL-ROUND-plamen_0.jpeg","contentUrl":"https:\/\/kodukolle.ee\/wp-content\/uploads\/2020\/04\/GRILL-ROUND-plamen_0.jpeg","width":1165,"height":2000,"caption":"Barbecue ROUND plamen"},{"@type":"BreadcrumbList","@id":"https:\/\/kodukolle.ee\/tuote\/grill-plamen-bbq\/#breadcrumb","itemListElement":[{"@type":"ListItem","position":1,"name":"Home","item":"https:\/\/kodukolle.ee\/fi\/"},{"@type":"ListItem","position":2,"name":"Tuotteet","item":"https:\/\/kodukolle.ee\/fi\/tuotteet\/"},{"@type":"ListItem","position":3,"name":"Grilli Plamen BBQ"}]},{"@type":"WebSite","@id":"https:\/\/kodukolle.ee\/en\/#website","url":"https:\/\/kodukolle.ee\/en\/","name":"Kodukolle","description":"","publisher":{"@id":"https:\/\/kodukolle.ee\/en\/#organization"},"potentialAction":[{"@type":"SearchAction","target":{"@type":"EntryPoint","urlTemplate":"https:\/\/kodukolle.ee\/en\/?s={search_term_string}"},"query-input":{"@type":"PropertyValueSpecification","valueRequired":true,"valueName":"search_term_string"}}],"inLanguage":"fi"},{"@type":"Organization","@id":"https:\/\/kodukolle.ee\/en\/#organization","name":"Kodukolle","url":"https:\/\/kodukolle.ee\/en\/","logo":{"@type":"ImageObject","inLanguage":"fi","@id":"https:\/\/kodukolle.ee\/en\/#\/schema\/logo\/image\/","url":"https:\/\/kodukolle.ee\/wp-content\/uploads\/2025\/06\/logo_must_gradient.svg","contentUrl":"https:\/\/kodukolle.ee\/wp-content\/uploads\/2025\/06\/logo_must_gradient.svg","caption":"Kodukolle"},"image":{"@id":"https:\/\/kodukolle.ee\/en\/#\/schema\/logo\/image\/"}}]}},"_links":{"self":[{"href":"https:\/\/kodukolle.ee\/fi\/wp-json\/wp\/v2\/product\/26182","targetHints":{"allow":["GET"]}}],"collection":[{"href":"https:\/\/kodukolle.ee\/fi\/wp-json\/wp\/v2\/product"}],"about":[{"href":"https:\/\/kodukolle.ee\/fi\/wp-json\/wp\/v2\/types\/product"}],"wp:featuredmedia":[{"embeddable":true,"href":"https:\/\/kodukolle.ee\/fi\/wp-json\/wp\/v2\/media\/16727"}],"wp:attachment":[{"href":"https:\/\/kodukolle.ee\/fi\/wp-json\/wp\/v2\/media?parent=26182"}],"wp:term":[{"taxonomy":"product_brand","embeddable":true,"href":"https:\/\/kodukolle.ee\/fi\/wp-json\/wp\/v2\/product_brand?post=26182"},{"taxonomy":"product_cat","embeddable":true,"href":"https:\/\/kodukolle.ee\/fi\/wp-json\/wp\/v2\/product_cat?post=26182"},{"taxonomy":"product_tag","embeddable":true,"href":"https:\/\/kodukolle.ee\/fi\/wp-json\/wp\/v2\/product_tag?post=26182"}],"curies":[{"name":"wp","href":"https:\/\/api.w.org\/{rel}","templated":true}]}}