{"id":26186,"date":"2019-10-09T10:08:33","date_gmt":"2019-10-09T07:08:33","guid":{"rendered":"https:\/\/kodukolle.ee\/?post_type=product&#038;p=26186"},"modified":"2023-12-22T13:24:58","modified_gmt":"2023-12-22T11:24:58","slug":"valurautatakka-plamen-gala","status":"publish","type":"product","link":"https:\/\/kodukolle.ee\/fi\/tuote\/valurautatakka-plamen-gala\/","title":{"rendered":"Valurautatakka Plamen GALA"},"content":{"rendered":"<p>Plamen Gala valurautatakka \u2013 vaikuttava, eritt\u00e4in tehokas ja taloudellinen l\u00e4mmitysratkaisu. Takkasuunnitteluun ja laadukkaisiin yksityiskohtiin kiinnitetty Plamen Gala -takka on n\u00e4ytt\u00e4v\u00e4 lis\u00e4 jokaiseen kotiin. Huippuluokan valuraudasta valmistettu se takaa lujuuden ja kest\u00e4vyyden monien vuosien ajan. Plamen asettaa etusijalle turvallisuuden, suorituskyvyn ja pitk\u00e4ik\u00e4isyyden k\u00e4ytt\u00e4m\u00e4ll\u00e4 vain korkealaatuista l\u00e4mm\u00f6nkest\u00e4v\u00e4\u00e4 lasia. Erityisen lasinpuhdistusj\u00e4rjestelm\u00e4n ansiosta noen ker\u00e4\u00e4ntyminen lasioveen v\u00e4henee merkitt\u00e4v\u00e4sti. Takka jatkaa l\u00e4mp\u00f6\u00e4 pitk\u00e4\u00e4n, vaikka viimeinen puupala on lis\u00e4tty.\n<\/ul>\n<p>&nbsp;<\/p>\n","protected":false},"excerpt":{"rendered":"<p>Plamen Gala valurautatakka \u2013 vaikuttava, eritt\u00e4in tehokas ja taloudellinen l\u00e4mmitysratkaisu. Takkasuunnitteluun ja laadukkaisiin yksityiskohtiin kiinnitetty Plamen Gala -takka on n\u00e4ytt\u00e4v\u00e4 lis\u00e4 jokaiseen kotiin. Huippuluokan valuraudasta valmistettu se takaa lujuuden ja kest\u00e4vyyden monien vuosien ajan. Plamen asettaa etusijalle turvallisuuden, suorituskyvyn ja pitk\u00e4ik\u00e4isyyden k\u00e4ytt\u00e4m\u00e4ll\u00e4 vain korkealaatuista l\u00e4mm\u00f6nkest\u00e4v\u00e4\u00e4 lasia. Erityisen lasinpuhdistusj\u00e4rjestelm\u00e4n ansiosta noen ker\u00e4\u00e4ntyminen lasioveen v\u00e4henee merkitt\u00e4v\u00e4sti. Takka jatkaa l\u00e4mp\u00f6\u00e4 pitk\u00e4\u00e4n, vaikka viimeinen puupala on lis\u00e4tty.<\/p>\n","protected":false},"featured_media":16049,"template":"","meta":{"_acf_changed":false},"product_brand":[],"product_cat":[9620,9723],"product_tag":[],"class_list":{"0":"post-26186","1":"product","2":"type-product","3":"status-publish","4":"has-post-thumbnail","6":"brands-plamen-fi","7":"product_cat-takat","8":"product_cat-ale","10":"first","11":"instock","12":"shipping-taxable","13":"purchasable","14":"product-type-simple"},"acf":[],"yoast_head":"<!-- This site is optimized with the Yoast SEO plugin v27.4 - https:\/\/yoast.com\/product\/yoast-seo-wordpress\/ -->\n<title>Valurautatakka Plamen GALA - Kodukolle<\/title>\n<meta name=\"description\" content=\"Plamen Gala valurautatakka \u2013 vaikuttava, eritt\u00e4in tehokas ja taloudellinen l\u00e4mmitysratkaisu. Takka jatkaa l\u00e4mp\u00f6\u00e4 pitk\u00e4\u00e4n, vaikka viimeinen puupala on lis\u00e4tty.\" \/>\n<meta name=\"robots\" content=\"index, follow, max-snippet:-1, max-image-preview:large, max-video-preview:-1\" \/>\n<link rel=\"canonical\" href=\"https:\/\/kodukolle.ee\/tuote\/malmkamin-plamen-gala\/\" \/>\n<meta property=\"og:locale\" content=\"fi_FI\" \/>\n<meta property=\"og:type\" content=\"article\" \/>\n<meta property=\"og:title\" content=\"Valurautatakka Plamen GALA - Kodukolle\" \/>\n<meta property=\"og:description\" content=\"Plamen Gala valurautatakka \u2013 vaikuttava, eritt\u00e4in tehokas ja taloudellinen l\u00e4mmitysratkaisu. Takka jatkaa l\u00e4mp\u00f6\u00e4 pitk\u00e4\u00e4n, vaikka viimeinen puupala on lis\u00e4tty.\" \/>\n<meta property=\"og:url\" content=\"https:\/\/kodukolle.ee\/tuote\/malmkamin-plamen-gala\/\" \/>\n<meta property=\"og:site_name\" content=\"Kodukolle\" \/>\n<meta property=\"article:modified_time\" content=\"2023-12-22T11:24:58+00:00\" \/>\n<meta property=\"og:image\" content=\"https:\/\/kodukolle.ee\/wp-content\/uploads\/2019\/10\/Plamen-Gala-1.jpg\" \/>\n\t<meta property=\"og:image:width\" content=\"1300\" \/>\n\t<meta property=\"og:image:height\" content=\"1719\" \/>\n\t<meta property=\"og:image:type\" content=\"image\/jpeg\" \/>\n<meta name=\"twitter:card\" content=\"summary_large_image\" \/>\n<script type=\"application\/ld+json\" class=\"yoast-schema-graph\">{\"@context\":\"https:\\\/\\\/schema.org\",\"@graph\":[{\"@type\":\"WebPage\",\"@id\":\"https:\\\/\\\/kodukolle.ee\\\/tuote\\\/malmkamin-plamen-gala\\\/\",\"url\":\"https:\\\/\\\/kodukolle.ee\\\/tuote\\\/malmkamin-plamen-gala\\\/\",\"name\":\"Valurautatakka Plamen GALA - Kodukolle\",\"isPartOf\":{\"@id\":\"https:\\\/\\\/kodukolle.ee\\\/en\\\/#website\"},\"primaryImageOfPage\":{\"@id\":\"https:\\\/\\\/kodukolle.ee\\\/tuote\\\/malmkamin-plamen-gala\\\/#primaryimage\"},\"image\":{\"@id\":\"https:\\\/\\\/kodukolle.ee\\\/tuote\\\/malmkamin-plamen-gala\\\/#primaryimage\"},\"thumbnailUrl\":\"https:\\\/\\\/kodukolle.ee\\\/wp-content\\\/uploads\\\/2019\\\/10\\\/Plamen-Gala-1.jpg\",\"datePublished\":\"2019-10-09T07:08:33+00:00\",\"dateModified\":\"2023-12-22T11:24:58+00:00\",\"description\":\"Plamen Gala valurautatakka \u2013 vaikuttava, eritt\u00e4in tehokas ja taloudellinen l\u00e4mmitysratkaisu. Takka jatkaa l\u00e4mp\u00f6\u00e4 pitk\u00e4\u00e4n, vaikka viimeinen puupala on lis\u00e4tty.\",\"breadcrumb\":{\"@id\":\"https:\\\/\\\/kodukolle.ee\\\/tuote\\\/malmkamin-plamen-gala\\\/#breadcrumb\"},\"inLanguage\":\"fi\",\"potentialAction\":[{\"@type\":\"ReadAction\",\"target\":[\"https:\\\/\\\/kodukolle.ee\\\/tuote\\\/malmkamin-plamen-gala\\\/\"]}]},{\"@type\":\"ImageObject\",\"inLanguage\":\"fi\",\"@id\":\"https:\\\/\\\/kodukolle.ee\\\/tuote\\\/malmkamin-plamen-gala\\\/#primaryimage\",\"url\":\"https:\\\/\\\/kodukolle.ee\\\/wp-content\\\/uploads\\\/2019\\\/10\\\/Plamen-Gala-1.jpg\",\"contentUrl\":\"https:\\\/\\\/kodukolle.ee\\\/wp-content\\\/uploads\\\/2019\\\/10\\\/Plamen-Gala-1.jpg\",\"width\":1300,\"height\":1719,\"caption\":\"Plamen Gala\"},{\"@type\":\"BreadcrumbList\",\"@id\":\"https:\\\/\\\/kodukolle.ee\\\/tuote\\\/malmkamin-plamen-gala\\\/#breadcrumb\",\"itemListElement\":[{\"@type\":\"ListItem\",\"position\":1,\"name\":\"Home\",\"item\":\"https:\\\/\\\/kodukolle.ee\\\/fi\\\/\"},{\"@type\":\"ListItem\",\"position\":2,\"name\":\"Tuotteet\",\"item\":\"https:\\\/\\\/kodukolle.ee\\\/fi\\\/tuotteet\\\/\"},{\"@type\":\"ListItem\",\"position\":3,\"name\":\"Valurautatakka Plamen GALA\"}]},{\"@type\":\"WebSite\",\"@id\":\"https:\\\/\\\/kodukolle.ee\\\/en\\\/#website\",\"url\":\"https:\\\/\\\/kodukolle.ee\\\/en\\\/\",\"name\":\"Kodukolle\",\"description\":\"\",\"publisher\":{\"@id\":\"https:\\\/\\\/kodukolle.ee\\\/en\\\/#organization\"},\"potentialAction\":[{\"@type\":\"SearchAction\",\"target\":{\"@type\":\"EntryPoint\",\"urlTemplate\":\"https:\\\/\\\/kodukolle.ee\\\/en\\\/?s={search_term_string}\"},\"query-input\":{\"@type\":\"PropertyValueSpecification\",\"valueRequired\":true,\"valueName\":\"search_term_string\"}}],\"inLanguage\":\"fi\"},{\"@type\":\"Organization\",\"@id\":\"https:\\\/\\\/kodukolle.ee\\\/en\\\/#organization\",\"name\":\"Kodukolle\",\"url\":\"https:\\\/\\\/kodukolle.ee\\\/en\\\/\",\"logo\":{\"@type\":\"ImageObject\",\"inLanguage\":\"fi\",\"@id\":\"https:\\\/\\\/kodukolle.ee\\\/en\\\/#\\\/schema\\\/logo\\\/image\\\/\",\"url\":\"https:\\\/\\\/kodukolle.ee\\\/wp-content\\\/uploads\\\/2025\\\/06\\\/logo_must_gradient.svg\",\"contentUrl\":\"https:\\\/\\\/kodukolle.ee\\\/wp-content\\\/uploads\\\/2025\\\/06\\\/logo_must_gradient.svg\",\"caption\":\"Kodukolle\"},\"image\":{\"@id\":\"https:\\\/\\\/kodukolle.ee\\\/en\\\/#\\\/schema\\\/logo\\\/image\\\/\"}}]}<\/script>\n<!-- \/ Yoast SEO plugin. -->","yoast_head_json":{"title":"Valurautatakka Plamen GALA - Kodukolle","description":"Plamen Gala valurautatakka \u2013 vaikuttava, eritt\u00e4in tehokas ja taloudellinen l\u00e4mmitysratkaisu. Takka jatkaa l\u00e4mp\u00f6\u00e4 pitk\u00e4\u00e4n, vaikka viimeinen puupala on lis\u00e4tty.","robots":{"index":"index","follow":"follow","max-snippet":"max-snippet:-1","max-image-preview":"max-image-preview:large","max-video-preview":"max-video-preview:-1"},"canonical":"https:\/\/kodukolle.ee\/tuote\/malmkamin-plamen-gala\/","og_locale":"fi_FI","og_type":"article","og_title":"Valurautatakka Plamen GALA - Kodukolle","og_description":"Plamen Gala valurautatakka \u2013 vaikuttava, eritt\u00e4in tehokas ja taloudellinen l\u00e4mmitysratkaisu. Takka jatkaa l\u00e4mp\u00f6\u00e4 pitk\u00e4\u00e4n, vaikka viimeinen puupala on lis\u00e4tty.","og_url":"https:\/\/kodukolle.ee\/tuote\/malmkamin-plamen-gala\/","og_site_name":"Kodukolle","article_modified_time":"2023-12-22T11:24:58+00:00","og_image":[{"width":1300,"height":1719,"url":"https:\/\/kodukolle.ee\/wp-content\/uploads\/2019\/10\/Plamen-Gala-1.jpg","type":"image\/jpeg"}],"twitter_card":"summary_large_image","schema":{"@context":"https:\/\/schema.org","@graph":[{"@type":"WebPage","@id":"https:\/\/kodukolle.ee\/tuote\/malmkamin-plamen-gala\/","url":"https:\/\/kodukolle.ee\/tuote\/malmkamin-plamen-gala\/","name":"Valurautatakka Plamen GALA - Kodukolle","isPartOf":{"@id":"https:\/\/kodukolle.ee\/en\/#website"},"primaryImageOfPage":{"@id":"https:\/\/kodukolle.ee\/tuote\/malmkamin-plamen-gala\/#primaryimage"},"image":{"@id":"https:\/\/kodukolle.ee\/tuote\/malmkamin-plamen-gala\/#primaryimage"},"thumbnailUrl":"https:\/\/kodukolle.ee\/wp-content\/uploads\/2019\/10\/Plamen-Gala-1.jpg","datePublished":"2019-10-09T07:08:33+00:00","dateModified":"2023-12-22T11:24:58+00:00","description":"Plamen Gala valurautatakka \u2013 vaikuttava, eritt\u00e4in tehokas ja taloudellinen l\u00e4mmitysratkaisu. Takka jatkaa l\u00e4mp\u00f6\u00e4 pitk\u00e4\u00e4n, vaikka viimeinen puupala on lis\u00e4tty.","breadcrumb":{"@id":"https:\/\/kodukolle.ee\/tuote\/malmkamin-plamen-gala\/#breadcrumb"},"inLanguage":"fi","potentialAction":[{"@type":"ReadAction","target":["https:\/\/kodukolle.ee\/tuote\/malmkamin-plamen-gala\/"]}]},{"@type":"ImageObject","inLanguage":"fi","@id":"https:\/\/kodukolle.ee\/tuote\/malmkamin-plamen-gala\/#primaryimage","url":"https:\/\/kodukolle.ee\/wp-content\/uploads\/2019\/10\/Plamen-Gala-1.jpg","contentUrl":"https:\/\/kodukolle.ee\/wp-content\/uploads\/2019\/10\/Plamen-Gala-1.jpg","width":1300,"height":1719,"caption":"Plamen Gala"},{"@type":"BreadcrumbList","@id":"https:\/\/kodukolle.ee\/tuote\/malmkamin-plamen-gala\/#breadcrumb","itemListElement":[{"@type":"ListItem","position":1,"name":"Home","item":"https:\/\/kodukolle.ee\/fi\/"},{"@type":"ListItem","position":2,"name":"Tuotteet","item":"https:\/\/kodukolle.ee\/fi\/tuotteet\/"},{"@type":"ListItem","position":3,"name":"Valurautatakka Plamen GALA"}]},{"@type":"WebSite","@id":"https:\/\/kodukolle.ee\/en\/#website","url":"https:\/\/kodukolle.ee\/en\/","name":"Kodukolle","description":"","publisher":{"@id":"https:\/\/kodukolle.ee\/en\/#organization"},"potentialAction":[{"@type":"SearchAction","target":{"@type":"EntryPoint","urlTemplate":"https:\/\/kodukolle.ee\/en\/?s={search_term_string}"},"query-input":{"@type":"PropertyValueSpecification","valueRequired":true,"valueName":"search_term_string"}}],"inLanguage":"fi"},{"@type":"Organization","@id":"https:\/\/kodukolle.ee\/en\/#organization","name":"Kodukolle","url":"https:\/\/kodukolle.ee\/en\/","logo":{"@type":"ImageObject","inLanguage":"fi","@id":"https:\/\/kodukolle.ee\/en\/#\/schema\/logo\/image\/","url":"https:\/\/kodukolle.ee\/wp-content\/uploads\/2025\/06\/logo_must_gradient.svg","contentUrl":"https:\/\/kodukolle.ee\/wp-content\/uploads\/2025\/06\/logo_must_gradient.svg","caption":"Kodukolle"},"image":{"@id":"https:\/\/kodukolle.ee\/en\/#\/schema\/logo\/image\/"}}]}},"_links":{"self":[{"href":"https:\/\/kodukolle.ee\/fi\/wp-json\/wp\/v2\/product\/26186","targetHints":{"allow":["GET"]}}],"collection":[{"href":"https:\/\/kodukolle.ee\/fi\/wp-json\/wp\/v2\/product"}],"about":[{"href":"https:\/\/kodukolle.ee\/fi\/wp-json\/wp\/v2\/types\/product"}],"wp:featuredmedia":[{"embeddable":true,"href":"https:\/\/kodukolle.ee\/fi\/wp-json\/wp\/v2\/media\/16049"}],"wp:attachment":[{"href":"https:\/\/kodukolle.ee\/fi\/wp-json\/wp\/v2\/media?parent=26186"}],"wp:term":[{"taxonomy":"product_brand","embeddable":true,"href":"https:\/\/kodukolle.ee\/fi\/wp-json\/wp\/v2\/product_brand?post=26186"},{"taxonomy":"product_cat","embeddable":true,"href":"https:\/\/kodukolle.ee\/fi\/wp-json\/wp\/v2\/product_cat?post=26186"},{"taxonomy":"product_tag","embeddable":true,"href":"https:\/\/kodukolle.ee\/fi\/wp-json\/wp\/v2\/product_tag?post=26186"}],"curies":[{"name":"wp","href":"https:\/\/api.w.org\/{rel}","templated":true}]}}