{"id":26212,"date":"2019-07-29T11:47:30","date_gmt":"2019-07-29T08:47:30","guid":{"rendered":"https:\/\/kodukolle.ee\/?post_type=product&#038;p=26212"},"modified":"2023-12-22T14:21:07","modified_gmt":"2023-12-22T12:21:07","slug":"valurautatakka-plamen-glas-franklin","status":"publish","type":"product","link":"https:\/\/kodukolle.ee\/fi\/tuote\/valurautatakka-plamen-glas-franklin\/","title":{"rendered":"Valurautatakka Plamen GLAS FRANKLIN"},"content":{"rendered":"<p>Plamen Glas Franklin valurautatakan tuotesuunnittelussa yhdistyy perinteinen kauneus ja moderni tehokkuus. Glas Franklin voidaan asentaa erikseen tai k\u00e4ytt\u00e4\u00e4 takkasyd\u00e4men\u00e4. Takka on valmistettu korkealaatuisesta valuraudasta ja pinnoitettu mustalla l\u00e4mm\u00f6nkest\u00e4v\u00e4ll\u00e4 maalilla, mik\u00e4 antaa sille elegantin ulkon\u00e4\u00f6n. Suuri lasiovi tarjoaa selke\u00e4n n\u00e4kym\u00e4n koko takkaan ja tarjoaa lumoavan el\u00e4myksen el\u00e4v\u00e4st\u00e4 tulesta. Erityinen ilmansy\u00f6tt\u00f6menetelm\u00e4 pit\u00e4\u00e4 lasin puhtaana koko palamisajan, mik\u00e4 varmistaa koskemattoman n\u00e4kym\u00e4n. Puhdas palaminen ei ainoastaan s\u00e4\u00e4st\u00e4 puuta, vaan my\u00f6s suojelee ymp\u00e4rist\u00f6\u00e4 ja v\u00e4hent\u00e4\u00e4 palamisj\u00e4\u00e4mi\u00e4.\n<\/ul>\n<p>&nbsp;<\/p>\n","protected":false},"excerpt":{"rendered":"<p>Plamen Glas Franklin valurautatakan tuotesuunnittelussa yhdistyy perinteinen kauneus ja moderni tehokkuus. Glas Franklin voidaan asentaa erikseen tai k\u00e4ytt\u00e4\u00e4 takkasyd\u00e4men\u00e4. Takka on valmistettu korkealaatuisesta valuraudasta ja pinnoitettu mustalla l\u00e4mm\u00f6nkest\u00e4v\u00e4ll\u00e4 maalilla, mik\u00e4 antaa sille elegantin ulkon\u00e4\u00f6n. Suuri lasiovi tarjoaa selke\u00e4n n\u00e4kym\u00e4n koko takkaan ja tarjoaa lumoavan el\u00e4myksen el\u00e4v\u00e4st\u00e4 tulesta.<\/p>\n","protected":false},"featured_media":16108,"template":"","meta":{"_acf_changed":false},"product_brand":[],"product_cat":[9620,9723],"product_tag":[],"class_list":{"0":"post-26212","1":"product","2":"type-product","3":"status-publish","4":"has-post-thumbnail","6":"brands-plamen-fi","7":"product_cat-takat","8":"product_cat-ale","10":"first","11":"instock","12":"shipping-taxable","13":"purchasable","14":"product-type-simple"},"acf":[],"yoast_head":"<!-- This site is optimized with the Yoast SEO plugin v27.2 - https:\/\/yoast.com\/product\/yoast-seo-wordpress\/ -->\n<title>Valurautatakka Plamen GLAS FRANKLIN - Kodukolle<\/title>\n<meta name=\"description\" content=\"Plamen Glas Franklin valurautatakan tuotesuunnittelussa yhdistyy perinteinen kauneus ja moderni tehokkuus. Glas Franklin voidaan asentaa erikseen tai k\u00e4ytt\u00e4\u00e4 takkasyd\u00e4men\u00e4.\" \/>\n<meta name=\"robots\" content=\"index, follow, max-snippet:-1, max-image-preview:large, max-video-preview:-1\" \/>\n<link rel=\"canonical\" href=\"https:\/\/kodukolle.ee\/tuote\/malmkamin-plamen-glas-franklin\/\" \/>\n<meta property=\"og:locale\" content=\"fi_FI\" \/>\n<meta property=\"og:type\" content=\"article\" \/>\n<meta property=\"og:title\" content=\"Valurautatakka Plamen GLAS FRANKLIN - Kodukolle\" \/>\n<meta property=\"og:description\" content=\"Plamen Glas Franklin valurautatakan tuotesuunnittelussa yhdistyy perinteinen kauneus ja moderni tehokkuus. Glas Franklin voidaan asentaa erikseen tai k\u00e4ytt\u00e4\u00e4 takkasyd\u00e4men\u00e4.\" \/>\n<meta property=\"og:url\" content=\"https:\/\/kodukolle.ee\/tuote\/malmkamin-plamen-glas-franklin\/\" \/>\n<meta property=\"og:site_name\" content=\"Kodukolle\" \/>\n<meta property=\"article:modified_time\" content=\"2023-12-22T12:21:07+00:00\" \/>\n<meta property=\"og:image\" content=\"https:\/\/kodukolle.ee\/wp-content\/uploads\/2019\/07\/Plamen-Glas-Franklin_1.jpg\" \/>\n\t<meta property=\"og:image:width\" content=\"707\" \/>\n\t<meta property=\"og:image:height\" content=\"1000\" \/>\n\t<meta property=\"og:image:type\" content=\"image\/jpeg\" \/>\n<meta name=\"twitter:card\" content=\"summary_large_image\" \/>\n<meta name=\"twitter:label1\" content=\"Est. reading time\" \/>\n\t<meta name=\"twitter:data1\" content=\"1 minuutti\" \/>\n<script type=\"application\/ld+json\" class=\"yoast-schema-graph\">{\"@context\":\"https:\/\/schema.org\",\"@graph\":[{\"@type\":\"WebPage\",\"@id\":\"https:\/\/kodukolle.ee\/tuote\/malmkamin-plamen-glas-franklin\/\",\"url\":\"https:\/\/kodukolle.ee\/tuote\/malmkamin-plamen-glas-franklin\/\",\"name\":\"Valurautatakka Plamen GLAS FRANKLIN - Kodukolle\",\"isPartOf\":{\"@id\":\"https:\/\/kodukolle.ee\/en\/#website\"},\"primaryImageOfPage\":{\"@id\":\"https:\/\/kodukolle.ee\/tuote\/malmkamin-plamen-glas-franklin\/#primaryimage\"},\"image\":{\"@id\":\"https:\/\/kodukolle.ee\/tuote\/malmkamin-plamen-glas-franklin\/#primaryimage\"},\"thumbnailUrl\":\"https:\/\/kodukolle.ee\/wp-content\/uploads\/2019\/07\/Plamen-Glas-Franklin_1.jpg\",\"datePublished\":\"2019-07-29T08:47:30+00:00\",\"dateModified\":\"2023-12-22T12:21:07+00:00\",\"description\":\"Plamen Glas Franklin valurautatakan tuotesuunnittelussa yhdistyy perinteinen kauneus ja moderni tehokkuus. Glas Franklin voidaan asentaa erikseen tai k\u00e4ytt\u00e4\u00e4 takkasyd\u00e4men\u00e4.\",\"breadcrumb\":{\"@id\":\"https:\/\/kodukolle.ee\/tuote\/malmkamin-plamen-glas-franklin\/#breadcrumb\"},\"inLanguage\":\"fi\",\"potentialAction\":[{\"@type\":\"ReadAction\",\"target\":[\"https:\/\/kodukolle.ee\/tuote\/malmkamin-plamen-glas-franklin\/\"]}]},{\"@type\":\"ImageObject\",\"inLanguage\":\"fi\",\"@id\":\"https:\/\/kodukolle.ee\/tuote\/malmkamin-plamen-glas-franklin\/#primaryimage\",\"url\":\"https:\/\/kodukolle.ee\/wp-content\/uploads\/2019\/07\/Plamen-Glas-Franklin_1.jpg\",\"contentUrl\":\"https:\/\/kodukolle.ee\/wp-content\/uploads\/2019\/07\/Plamen-Glas-Franklin_1.jpg\",\"width\":707,\"height\":1000,\"caption\":\"Plamen Glas Franklin\"},{\"@type\":\"BreadcrumbList\",\"@id\":\"https:\/\/kodukolle.ee\/tuote\/malmkamin-plamen-glas-franklin\/#breadcrumb\",\"itemListElement\":[{\"@type\":\"ListItem\",\"position\":1,\"name\":\"Home\",\"item\":\"https:\/\/kodukolle.ee\/fi\/\"},{\"@type\":\"ListItem\",\"position\":2,\"name\":\"Tuotteet\",\"item\":\"https:\/\/kodukolle.ee\/fi\/tuotteet\/\"},{\"@type\":\"ListItem\",\"position\":3,\"name\":\"Valurautatakka Plamen GLAS FRANKLIN\"}]},{\"@type\":\"WebSite\",\"@id\":\"https:\/\/kodukolle.ee\/en\/#website\",\"url\":\"https:\/\/kodukolle.ee\/en\/\",\"name\":\"Kodukolle\",\"description\":\"\",\"publisher\":{\"@id\":\"https:\/\/kodukolle.ee\/en\/#organization\"},\"potentialAction\":[{\"@type\":\"SearchAction\",\"target\":{\"@type\":\"EntryPoint\",\"urlTemplate\":\"https:\/\/kodukolle.ee\/en\/?s={search_term_string}\"},\"query-input\":{\"@type\":\"PropertyValueSpecification\",\"valueRequired\":true,\"valueName\":\"search_term_string\"}}],\"inLanguage\":\"fi\"},{\"@type\":\"Organization\",\"@id\":\"https:\/\/kodukolle.ee\/en\/#organization\",\"name\":\"Kodukolle\",\"url\":\"https:\/\/kodukolle.ee\/en\/\",\"logo\":{\"@type\":\"ImageObject\",\"inLanguage\":\"fi\",\"@id\":\"https:\/\/kodukolle.ee\/en\/#\/schema\/logo\/image\/\",\"url\":\"https:\/\/kodukolle.ee\/wp-content\/uploads\/2025\/06\/logo_must_gradient.svg\",\"contentUrl\":\"https:\/\/kodukolle.ee\/wp-content\/uploads\/2025\/06\/logo_must_gradient.svg\",\"caption\":\"Kodukolle\"},\"image\":{\"@id\":\"https:\/\/kodukolle.ee\/en\/#\/schema\/logo\/image\/\"}}]}<\/script>\n<!-- \/ Yoast SEO plugin. -->","yoast_head_json":{"title":"Valurautatakka Plamen GLAS FRANKLIN - Kodukolle","description":"Plamen Glas Franklin valurautatakan tuotesuunnittelussa yhdistyy perinteinen kauneus ja moderni tehokkuus. Glas Franklin voidaan asentaa erikseen tai k\u00e4ytt\u00e4\u00e4 takkasyd\u00e4men\u00e4.","robots":{"index":"index","follow":"follow","max-snippet":"max-snippet:-1","max-image-preview":"max-image-preview:large","max-video-preview":"max-video-preview:-1"},"canonical":"https:\/\/kodukolle.ee\/tuote\/malmkamin-plamen-glas-franklin\/","og_locale":"fi_FI","og_type":"article","og_title":"Valurautatakka Plamen GLAS FRANKLIN - Kodukolle","og_description":"Plamen Glas Franklin valurautatakan tuotesuunnittelussa yhdistyy perinteinen kauneus ja moderni tehokkuus. Glas Franklin voidaan asentaa erikseen tai k\u00e4ytt\u00e4\u00e4 takkasyd\u00e4men\u00e4.","og_url":"https:\/\/kodukolle.ee\/tuote\/malmkamin-plamen-glas-franklin\/","og_site_name":"Kodukolle","article_modified_time":"2023-12-22T12:21:07+00:00","og_image":[{"width":707,"height":1000,"url":"https:\/\/kodukolle.ee\/wp-content\/uploads\/2019\/07\/Plamen-Glas-Franklin_1.jpg","type":"image\/jpeg"}],"twitter_card":"summary_large_image","twitter_misc":{"Est. reading time":"1 minuutti"},"schema":{"@context":"https:\/\/schema.org","@graph":[{"@type":"WebPage","@id":"https:\/\/kodukolle.ee\/tuote\/malmkamin-plamen-glas-franklin\/","url":"https:\/\/kodukolle.ee\/tuote\/malmkamin-plamen-glas-franklin\/","name":"Valurautatakka Plamen GLAS FRANKLIN - Kodukolle","isPartOf":{"@id":"https:\/\/kodukolle.ee\/en\/#website"},"primaryImageOfPage":{"@id":"https:\/\/kodukolle.ee\/tuote\/malmkamin-plamen-glas-franklin\/#primaryimage"},"image":{"@id":"https:\/\/kodukolle.ee\/tuote\/malmkamin-plamen-glas-franklin\/#primaryimage"},"thumbnailUrl":"https:\/\/kodukolle.ee\/wp-content\/uploads\/2019\/07\/Plamen-Glas-Franklin_1.jpg","datePublished":"2019-07-29T08:47:30+00:00","dateModified":"2023-12-22T12:21:07+00:00","description":"Plamen Glas Franklin valurautatakan tuotesuunnittelussa yhdistyy perinteinen kauneus ja moderni tehokkuus. Glas Franklin voidaan asentaa erikseen tai k\u00e4ytt\u00e4\u00e4 takkasyd\u00e4men\u00e4.","breadcrumb":{"@id":"https:\/\/kodukolle.ee\/tuote\/malmkamin-plamen-glas-franklin\/#breadcrumb"},"inLanguage":"fi","potentialAction":[{"@type":"ReadAction","target":["https:\/\/kodukolle.ee\/tuote\/malmkamin-plamen-glas-franklin\/"]}]},{"@type":"ImageObject","inLanguage":"fi","@id":"https:\/\/kodukolle.ee\/tuote\/malmkamin-plamen-glas-franklin\/#primaryimage","url":"https:\/\/kodukolle.ee\/wp-content\/uploads\/2019\/07\/Plamen-Glas-Franklin_1.jpg","contentUrl":"https:\/\/kodukolle.ee\/wp-content\/uploads\/2019\/07\/Plamen-Glas-Franklin_1.jpg","width":707,"height":1000,"caption":"Plamen Glas Franklin"},{"@type":"BreadcrumbList","@id":"https:\/\/kodukolle.ee\/tuote\/malmkamin-plamen-glas-franklin\/#breadcrumb","itemListElement":[{"@type":"ListItem","position":1,"name":"Home","item":"https:\/\/kodukolle.ee\/fi\/"},{"@type":"ListItem","position":2,"name":"Tuotteet","item":"https:\/\/kodukolle.ee\/fi\/tuotteet\/"},{"@type":"ListItem","position":3,"name":"Valurautatakka Plamen GLAS FRANKLIN"}]},{"@type":"WebSite","@id":"https:\/\/kodukolle.ee\/en\/#website","url":"https:\/\/kodukolle.ee\/en\/","name":"Kodukolle","description":"","publisher":{"@id":"https:\/\/kodukolle.ee\/en\/#organization"},"potentialAction":[{"@type":"SearchAction","target":{"@type":"EntryPoint","urlTemplate":"https:\/\/kodukolle.ee\/en\/?s={search_term_string}"},"query-input":{"@type":"PropertyValueSpecification","valueRequired":true,"valueName":"search_term_string"}}],"inLanguage":"fi"},{"@type":"Organization","@id":"https:\/\/kodukolle.ee\/en\/#organization","name":"Kodukolle","url":"https:\/\/kodukolle.ee\/en\/","logo":{"@type":"ImageObject","inLanguage":"fi","@id":"https:\/\/kodukolle.ee\/en\/#\/schema\/logo\/image\/","url":"https:\/\/kodukolle.ee\/wp-content\/uploads\/2025\/06\/logo_must_gradient.svg","contentUrl":"https:\/\/kodukolle.ee\/wp-content\/uploads\/2025\/06\/logo_must_gradient.svg","caption":"Kodukolle"},"image":{"@id":"https:\/\/kodukolle.ee\/en\/#\/schema\/logo\/image\/"}}]}},"_links":{"self":[{"href":"https:\/\/kodukolle.ee\/fi\/wp-json\/wp\/v2\/product\/26212","targetHints":{"allow":["GET"]}}],"collection":[{"href":"https:\/\/kodukolle.ee\/fi\/wp-json\/wp\/v2\/product"}],"about":[{"href":"https:\/\/kodukolle.ee\/fi\/wp-json\/wp\/v2\/types\/product"}],"wp:featuredmedia":[{"embeddable":true,"href":"https:\/\/kodukolle.ee\/fi\/wp-json\/wp\/v2\/media\/16108"}],"wp:attachment":[{"href":"https:\/\/kodukolle.ee\/fi\/wp-json\/wp\/v2\/media?parent=26212"}],"wp:term":[{"taxonomy":"product_brand","embeddable":true,"href":"https:\/\/kodukolle.ee\/fi\/wp-json\/wp\/v2\/product_brand?post=26212"},{"taxonomy":"product_cat","embeddable":true,"href":"https:\/\/kodukolle.ee\/fi\/wp-json\/wp\/v2\/product_cat?post=26212"},{"taxonomy":"product_tag","embeddable":true,"href":"https:\/\/kodukolle.ee\/fi\/wp-json\/wp\/v2\/product_tag?post=26212"}],"curies":[{"name":"wp","href":"https:\/\/api.w.org\/{rel}","templated":true}]}}