{"id":26218,"date":"2019-07-29T11:47:30","date_gmt":"2019-07-29T08:47:30","guid":{"rendered":"https:\/\/kodukolle.ee\/?post_type=product&#038;p=26218"},"modified":"2023-12-22T14:37:52","modified_gmt":"2023-12-22T12:37:52","slug":"valurautatakka-plamen-maestral-n","status":"publish","type":"product","link":"https:\/\/kodukolle.ee\/fi\/tuote\/valurautatakka-plamen-maestral-n\/","title":{"rendered":"Valurautatakka Plamen MAESTRAL N"},"content":{"rendered":"<p>Plamen Maestral N valurautatakan erinomainen muotoilu ja korkealaatuisten materiaalien k\u00e4ytt\u00f6 t\u00e4ydent\u00e4v\u00e4t t\u00e4ydellisesti mink\u00e4 tahansa kodin sisustuksen. Ensiluokkaisesta harmaavaluraudasta valmistettu takka ei ole vain tyylik\u00e4s, vaan my\u00f6s pitk\u00e4ik\u00e4inen. Lis\u00e4ksi tulisijan sivut on koristeltu kuumuutta kest\u00e4vill\u00e4 emaloiduilla ter\u00e4slevyill\u00e4, jotka lis\u00e4\u00e4v\u00e4t sen ulkon\u00e4k\u00f6\u00f6n tyyli ja hillint\u00e4\u00e4. Valurautaiset takat ovat tunnettuja kest\u00e4vyydest\u00e4\u00e4n ja kest\u00e4vyydest\u00e4\u00e4n, ja tulisijan paksujen seinien ansiosta se s\u00e4ilytt\u00e4\u00e4 l\u00e4mm\u00f6n poikkeuksellisen hyvin pitki\u00e4 aikoja.\n<\/ul>\n<p>&nbsp;<\/p>\n","protected":false},"excerpt":{"rendered":"<p>Plamen Maestral N valurautatakan erinomainen muotoilu ja korkealaatuisten materiaalien k\u00e4ytt\u00f6 t\u00e4ydent\u00e4v\u00e4t t\u00e4ydellisesti mink\u00e4 tahansa kodin sisustuksen. Ensiluokkaisesta harmaavaluraudasta valmistettu takka ei ole vain tyylik\u00e4s, vaan my\u00f6s pitk\u00e4ik\u00e4inen. Lis\u00e4ksi tulisijan sivut on koristeltu kuumuutta kest\u00e4vill\u00e4 emaloiduilla ter\u00e4slevyill\u00e4, jotka lis\u00e4\u00e4v\u00e4t sen ulkon\u00e4k\u00f6\u00f6n tyyli ja hillint\u00e4\u00e4.<\/p>\n","protected":false},"featured_media":16859,"template":"","meta":{"_acf_changed":false},"product_brand":[],"product_cat":[9620,9723],"product_tag":[],"class_list":{"0":"post-26218","1":"product","2":"type-product","3":"status-publish","4":"has-post-thumbnail","6":"brands-plamen-fi","7":"product_cat-takat","8":"product_cat-ale","10":"first","11":"instock","12":"shipping-taxable","13":"product-type-simple"},"acf":[],"yoast_head":"<!-- This site is optimized with the Yoast SEO plugin v27.2 - https:\/\/yoast.com\/product\/yoast-seo-wordpress\/ -->\n<title>Valurautatakka Plamen MAESTRAL N - Kodukolle<\/title>\n<meta name=\"description\" content=\"Plamen Maestral N valurautatakan erinomainen muotoilu ja korkealaatuisten materiaalien k\u00e4ytt\u00f6 t\u00e4ydent\u00e4v\u00e4t t\u00e4ydellisesti mink\u00e4 tahansa kodin sisustuksen.\" \/>\n<meta name=\"robots\" content=\"index, follow, max-snippet:-1, max-image-preview:large, max-video-preview:-1\" \/>\n<link rel=\"canonical\" href=\"https:\/\/kodukolle.ee\/fi\/tuote\/valurautatakka-plamen-maestral-n\/\" \/>\n<meta property=\"og:locale\" content=\"fi_FI\" \/>\n<meta property=\"og:type\" content=\"article\" \/>\n<meta property=\"og:title\" content=\"Valurautatakka Plamen MAESTRAL N - Kodukolle\" \/>\n<meta property=\"og:description\" content=\"Plamen Maestral N valurautatakan erinomainen muotoilu ja korkealaatuisten materiaalien k\u00e4ytt\u00f6 t\u00e4ydent\u00e4v\u00e4t t\u00e4ydellisesti mink\u00e4 tahansa kodin sisustuksen.\" \/>\n<meta property=\"og:url\" content=\"https:\/\/kodukolle.ee\/fi\/tuote\/valurautatakka-plamen-maestral-n\/\" \/>\n<meta property=\"og:site_name\" content=\"Kodukolle\" \/>\n<meta property=\"article:modified_time\" content=\"2023-12-22T12:37:52+00:00\" \/>\n<meta property=\"og:image\" content=\"https:\/\/kodukolle.ee\/wp-content\/uploads\/2019\/07\/plamen-maestral-1.jpg\" \/>\n\t<meta property=\"og:image:width\" content=\"625\" \/>\n\t<meta property=\"og:image:height\" content=\"675\" \/>\n\t<meta property=\"og:image:type\" content=\"image\/jpeg\" \/>\n<meta name=\"twitter:card\" content=\"summary_large_image\" \/>\n<script type=\"application\/ld+json\" class=\"yoast-schema-graph\">{\"@context\":\"https:\/\/schema.org\",\"@graph\":[{\"@type\":\"WebPage\",\"@id\":\"https:\/\/kodukolle.ee\/fi\/tuote\/valurautatakka-plamen-maestral-n\/\",\"url\":\"https:\/\/kodukolle.ee\/fi\/tuote\/valurautatakka-plamen-maestral-n\/\",\"name\":\"Valurautatakka Plamen MAESTRAL N - Kodukolle\",\"isPartOf\":{\"@id\":\"https:\/\/kodukolle.ee\/en\/#website\"},\"primaryImageOfPage\":{\"@id\":\"https:\/\/kodukolle.ee\/fi\/tuote\/valurautatakka-plamen-maestral-n\/#primaryimage\"},\"image\":{\"@id\":\"https:\/\/kodukolle.ee\/fi\/tuote\/valurautatakka-plamen-maestral-n\/#primaryimage\"},\"thumbnailUrl\":\"https:\/\/kodukolle.ee\/wp-content\/uploads\/2019\/07\/plamen-maestral-1.jpg\",\"datePublished\":\"2019-07-29T08:47:30+00:00\",\"dateModified\":\"2023-12-22T12:37:52+00:00\",\"description\":\"Plamen Maestral N valurautatakan erinomainen muotoilu ja korkealaatuisten materiaalien k\u00e4ytt\u00f6 t\u00e4ydent\u00e4v\u00e4t t\u00e4ydellisesti mink\u00e4 tahansa kodin sisustuksen.\",\"breadcrumb\":{\"@id\":\"https:\/\/kodukolle.ee\/fi\/tuote\/valurautatakka-plamen-maestral-n\/#breadcrumb\"},\"inLanguage\":\"fi\",\"potentialAction\":[{\"@type\":\"ReadAction\",\"target\":[\"https:\/\/kodukolle.ee\/fi\/tuote\/valurautatakka-plamen-maestral-n\/\"]}]},{\"@type\":\"ImageObject\",\"inLanguage\":\"fi\",\"@id\":\"https:\/\/kodukolle.ee\/fi\/tuote\/valurautatakka-plamen-maestral-n\/#primaryimage\",\"url\":\"https:\/\/kodukolle.ee\/wp-content\/uploads\/2019\/07\/plamen-maestral-1.jpg\",\"contentUrl\":\"https:\/\/kodukolle.ee\/wp-content\/uploads\/2019\/07\/plamen-maestral-1.jpg\",\"width\":625,\"height\":675},{\"@type\":\"BreadcrumbList\",\"@id\":\"https:\/\/kodukolle.ee\/fi\/tuote\/valurautatakka-plamen-maestral-n\/#breadcrumb\",\"itemListElement\":[{\"@type\":\"ListItem\",\"position\":1,\"name\":\"Home\",\"item\":\"https:\/\/kodukolle.ee\/fi\/\"},{\"@type\":\"ListItem\",\"position\":2,\"name\":\"Tuotteet\",\"item\":\"https:\/\/kodukolle.ee\/fi\/tuotteet\/\"},{\"@type\":\"ListItem\",\"position\":3,\"name\":\"Valurautatakka Plamen MAESTRAL N\"}]},{\"@type\":\"WebSite\",\"@id\":\"https:\/\/kodukolle.ee\/en\/#website\",\"url\":\"https:\/\/kodukolle.ee\/en\/\",\"name\":\"Kodukolle\",\"description\":\"\",\"publisher\":{\"@id\":\"https:\/\/kodukolle.ee\/en\/#organization\"},\"potentialAction\":[{\"@type\":\"SearchAction\",\"target\":{\"@type\":\"EntryPoint\",\"urlTemplate\":\"https:\/\/kodukolle.ee\/en\/?s={search_term_string}\"},\"query-input\":{\"@type\":\"PropertyValueSpecification\",\"valueRequired\":true,\"valueName\":\"search_term_string\"}}],\"inLanguage\":\"fi\"},{\"@type\":\"Organization\",\"@id\":\"https:\/\/kodukolle.ee\/en\/#organization\",\"name\":\"Kodukolle\",\"url\":\"https:\/\/kodukolle.ee\/en\/\",\"logo\":{\"@type\":\"ImageObject\",\"inLanguage\":\"fi\",\"@id\":\"https:\/\/kodukolle.ee\/en\/#\/schema\/logo\/image\/\",\"url\":\"https:\/\/kodukolle.ee\/wp-content\/uploads\/2025\/06\/logo_must_gradient.svg\",\"contentUrl\":\"https:\/\/kodukolle.ee\/wp-content\/uploads\/2025\/06\/logo_must_gradient.svg\",\"caption\":\"Kodukolle\"},\"image\":{\"@id\":\"https:\/\/kodukolle.ee\/en\/#\/schema\/logo\/image\/\"}}]}<\/script>\n<!-- \/ Yoast SEO plugin. -->","yoast_head_json":{"title":"Valurautatakka Plamen MAESTRAL N - Kodukolle","description":"Plamen Maestral N valurautatakan erinomainen muotoilu ja korkealaatuisten materiaalien k\u00e4ytt\u00f6 t\u00e4ydent\u00e4v\u00e4t t\u00e4ydellisesti mink\u00e4 tahansa kodin sisustuksen.","robots":{"index":"index","follow":"follow","max-snippet":"max-snippet:-1","max-image-preview":"max-image-preview:large","max-video-preview":"max-video-preview:-1"},"canonical":"https:\/\/kodukolle.ee\/fi\/tuote\/valurautatakka-plamen-maestral-n\/","og_locale":"fi_FI","og_type":"article","og_title":"Valurautatakka Plamen MAESTRAL N - Kodukolle","og_description":"Plamen Maestral N valurautatakan erinomainen muotoilu ja korkealaatuisten materiaalien k\u00e4ytt\u00f6 t\u00e4ydent\u00e4v\u00e4t t\u00e4ydellisesti mink\u00e4 tahansa kodin sisustuksen.","og_url":"https:\/\/kodukolle.ee\/fi\/tuote\/valurautatakka-plamen-maestral-n\/","og_site_name":"Kodukolle","article_modified_time":"2023-12-22T12:37:52+00:00","og_image":[{"width":625,"height":675,"url":"https:\/\/kodukolle.ee\/wp-content\/uploads\/2019\/07\/plamen-maestral-1.jpg","type":"image\/jpeg"}],"twitter_card":"summary_large_image","schema":{"@context":"https:\/\/schema.org","@graph":[{"@type":"WebPage","@id":"https:\/\/kodukolle.ee\/fi\/tuote\/valurautatakka-plamen-maestral-n\/","url":"https:\/\/kodukolle.ee\/fi\/tuote\/valurautatakka-plamen-maestral-n\/","name":"Valurautatakka Plamen MAESTRAL N - Kodukolle","isPartOf":{"@id":"https:\/\/kodukolle.ee\/en\/#website"},"primaryImageOfPage":{"@id":"https:\/\/kodukolle.ee\/fi\/tuote\/valurautatakka-plamen-maestral-n\/#primaryimage"},"image":{"@id":"https:\/\/kodukolle.ee\/fi\/tuote\/valurautatakka-plamen-maestral-n\/#primaryimage"},"thumbnailUrl":"https:\/\/kodukolle.ee\/wp-content\/uploads\/2019\/07\/plamen-maestral-1.jpg","datePublished":"2019-07-29T08:47:30+00:00","dateModified":"2023-12-22T12:37:52+00:00","description":"Plamen Maestral N valurautatakan erinomainen muotoilu ja korkealaatuisten materiaalien k\u00e4ytt\u00f6 t\u00e4ydent\u00e4v\u00e4t t\u00e4ydellisesti mink\u00e4 tahansa kodin sisustuksen.","breadcrumb":{"@id":"https:\/\/kodukolle.ee\/fi\/tuote\/valurautatakka-plamen-maestral-n\/#breadcrumb"},"inLanguage":"fi","potentialAction":[{"@type":"ReadAction","target":["https:\/\/kodukolle.ee\/fi\/tuote\/valurautatakka-plamen-maestral-n\/"]}]},{"@type":"ImageObject","inLanguage":"fi","@id":"https:\/\/kodukolle.ee\/fi\/tuote\/valurautatakka-plamen-maestral-n\/#primaryimage","url":"https:\/\/kodukolle.ee\/wp-content\/uploads\/2019\/07\/plamen-maestral-1.jpg","contentUrl":"https:\/\/kodukolle.ee\/wp-content\/uploads\/2019\/07\/plamen-maestral-1.jpg","width":625,"height":675},{"@type":"BreadcrumbList","@id":"https:\/\/kodukolle.ee\/fi\/tuote\/valurautatakka-plamen-maestral-n\/#breadcrumb","itemListElement":[{"@type":"ListItem","position":1,"name":"Home","item":"https:\/\/kodukolle.ee\/fi\/"},{"@type":"ListItem","position":2,"name":"Tuotteet","item":"https:\/\/kodukolle.ee\/fi\/tuotteet\/"},{"@type":"ListItem","position":3,"name":"Valurautatakka Plamen MAESTRAL N"}]},{"@type":"WebSite","@id":"https:\/\/kodukolle.ee\/en\/#website","url":"https:\/\/kodukolle.ee\/en\/","name":"Kodukolle","description":"","publisher":{"@id":"https:\/\/kodukolle.ee\/en\/#organization"},"potentialAction":[{"@type":"SearchAction","target":{"@type":"EntryPoint","urlTemplate":"https:\/\/kodukolle.ee\/en\/?s={search_term_string}"},"query-input":{"@type":"PropertyValueSpecification","valueRequired":true,"valueName":"search_term_string"}}],"inLanguage":"fi"},{"@type":"Organization","@id":"https:\/\/kodukolle.ee\/en\/#organization","name":"Kodukolle","url":"https:\/\/kodukolle.ee\/en\/","logo":{"@type":"ImageObject","inLanguage":"fi","@id":"https:\/\/kodukolle.ee\/en\/#\/schema\/logo\/image\/","url":"https:\/\/kodukolle.ee\/wp-content\/uploads\/2025\/06\/logo_must_gradient.svg","contentUrl":"https:\/\/kodukolle.ee\/wp-content\/uploads\/2025\/06\/logo_must_gradient.svg","caption":"Kodukolle"},"image":{"@id":"https:\/\/kodukolle.ee\/en\/#\/schema\/logo\/image\/"}}]}},"_links":{"self":[{"href":"https:\/\/kodukolle.ee\/fi\/wp-json\/wp\/v2\/product\/26218","targetHints":{"allow":["GET"]}}],"collection":[{"href":"https:\/\/kodukolle.ee\/fi\/wp-json\/wp\/v2\/product"}],"about":[{"href":"https:\/\/kodukolle.ee\/fi\/wp-json\/wp\/v2\/types\/product"}],"wp:featuredmedia":[{"embeddable":true,"href":"https:\/\/kodukolle.ee\/fi\/wp-json\/wp\/v2\/media\/16859"}],"wp:attachment":[{"href":"https:\/\/kodukolle.ee\/fi\/wp-json\/wp\/v2\/media?parent=26218"}],"wp:term":[{"taxonomy":"product_brand","embeddable":true,"href":"https:\/\/kodukolle.ee\/fi\/wp-json\/wp\/v2\/product_brand?post=26218"},{"taxonomy":"product_cat","embeddable":true,"href":"https:\/\/kodukolle.ee\/fi\/wp-json\/wp\/v2\/product_cat?post=26218"},{"taxonomy":"product_tag","embeddable":true,"href":"https:\/\/kodukolle.ee\/fi\/wp-json\/wp\/v2\/product_tag?post=26218"}],"curies":[{"name":"wp","href":"https:\/\/api.w.org\/{rel}","templated":true}]}}