{"id":26230,"date":"2019-07-29T11:47:30","date_gmt":"2019-07-29T08:47:30","guid":{"rendered":"https:\/\/kodukolle.ee\/?post_type=product&#038;p=26230"},"modified":"2023-12-22T14:43:41","modified_gmt":"2023-12-22T12:43:41","slug":"valurautatakka-plamen-nera-n","status":"publish","type":"product","link":"https:\/\/kodukolle.ee\/fi\/tuote\/valurautatakka-plamen-nera-n\/","title":{"rendered":"Valurautatakka Plamen NERA N"},"content":{"rendered":"<p>Lakonisen muotoilunsa ansiosta Plamen Nera N valurautatakka sopii harmonisesti mihin tahansa sisustukseen klassisesta minimalistiseen. Plamen Nera yhdist\u00e4\u00e4 toimivuuden, turvallisuuden ja houkuttelevan ulkon\u00e4\u00f6n yhdess\u00e4. Sen vankka valurautarakenne takaa kest\u00e4vyyden ja vuosien ongelmattoman l\u00e4mmityksen. Lis\u00e4ksi valurautatakka jatkaa l\u00e4mm\u00f6n s\u00e4teilemist\u00e4 my\u00f6s tulen sammuttua. Erityisen lasinpuhdistusj\u00e4rjestelm\u00e4n ansiosta nokikertym\u00e4 lasioveen v\u00e4henee merkitt\u00e4v\u00e4sti.\n<\/ul>\n<p>&nbsp;<\/p>\n","protected":false},"excerpt":{"rendered":"<p>Lakonisen muotoilunsa ansiosta Plamen Nera N valurautatakka sopii harmonisesti mihin tahansa sisustukseen klassisesta minimalistiseen. Plamen Nera yhdist\u00e4\u00e4 toimivuuden, turvallisuuden ja houkuttelevan ulkon\u00e4\u00f6n yhdess\u00e4. Sen vankka valurautarakenne takaa kest\u00e4vyyden ja vuosien ongelmattoman l\u00e4mmityksen. Lis\u00e4ksi valurautatakka jatkaa l\u00e4mm\u00f6n s\u00e4teilemist\u00e4 my\u00f6s tulen sammuttua. Erityisen lasinpuhdistusj\u00e4rjestelm\u00e4n ansiosta nokikertym\u00e4 lasioveen v\u00e4henee merkitt\u00e4v\u00e4sti.<\/p>\n","protected":false},"featured_media":16129,"template":"","meta":{"_acf_changed":false},"product_brand":[],"product_cat":[9620,9723],"product_tag":[],"class_list":{"0":"post-26230","1":"product","2":"type-product","3":"status-publish","4":"has-post-thumbnail","6":"brands-plamen-fi","7":"product_cat-takat","8":"product_cat-ale","10":"first","11":"instock","12":"shipping-taxable","13":"purchasable","14":"product-type-simple"},"acf":[],"yoast_head":"<!-- This site is optimized with the Yoast SEO plugin v27.2 - https:\/\/yoast.com\/product\/yoast-seo-wordpress\/ -->\n<title>Valurautatakka Plamen NERA N - Kodukolle<\/title>\n<meta name=\"description\" content=\"Lakonisen muotoilunsa ansiosta Plamen Nera N valurautatakka sopii harmonisesti mihin tahansa sisustukseen klassisesta minimalistiseen.\" \/>\n<meta name=\"robots\" content=\"index, follow, max-snippet:-1, max-image-preview:large, max-video-preview:-1\" \/>\n<link rel=\"canonical\" href=\"https:\/\/kodukolle.ee\/tuote\/malmkamin-plamen-nera\/\" \/>\n<meta property=\"og:locale\" content=\"fi_FI\" \/>\n<meta property=\"og:type\" content=\"article\" \/>\n<meta property=\"og:title\" content=\"Valurautatakka Plamen NERA N - Kodukolle\" \/>\n<meta property=\"og:description\" content=\"Lakonisen muotoilunsa ansiosta Plamen Nera N valurautatakka sopii harmonisesti mihin tahansa sisustukseen klassisesta minimalistiseen.\" \/>\n<meta property=\"og:url\" content=\"https:\/\/kodukolle.ee\/tuote\/malmkamin-plamen-nera\/\" \/>\n<meta property=\"og:site_name\" content=\"Kodukolle\" \/>\n<meta property=\"article:modified_time\" content=\"2023-12-22T12:43:41+00:00\" \/>\n<meta property=\"og:image\" content=\"https:\/\/kodukolle.ee\/wp-content\/uploads\/2019\/07\/Plamen-Nera-1.jpg\" \/>\n\t<meta property=\"og:image:width\" content=\"963\" \/>\n\t<meta property=\"og:image:height\" content=\"923\" \/>\n\t<meta property=\"og:image:type\" content=\"image\/jpeg\" \/>\n<meta name=\"twitter:card\" content=\"summary_large_image\" \/>\n<script type=\"application\/ld+json\" class=\"yoast-schema-graph\">{\"@context\":\"https:\/\/schema.org\",\"@graph\":[{\"@type\":\"WebPage\",\"@id\":\"https:\/\/kodukolle.ee\/tuote\/malmkamin-plamen-nera\/\",\"url\":\"https:\/\/kodukolle.ee\/tuote\/malmkamin-plamen-nera\/\",\"name\":\"Valurautatakka Plamen NERA N - Kodukolle\",\"isPartOf\":{\"@id\":\"https:\/\/kodukolle.ee\/en\/#website\"},\"primaryImageOfPage\":{\"@id\":\"https:\/\/kodukolle.ee\/tuote\/malmkamin-plamen-nera\/#primaryimage\"},\"image\":{\"@id\":\"https:\/\/kodukolle.ee\/tuote\/malmkamin-plamen-nera\/#primaryimage\"},\"thumbnailUrl\":\"https:\/\/kodukolle.ee\/wp-content\/uploads\/2019\/07\/Plamen-Nera-1.jpg\",\"datePublished\":\"2019-07-29T08:47:30+00:00\",\"dateModified\":\"2023-12-22T12:43:41+00:00\",\"description\":\"Lakonisen muotoilunsa ansiosta Plamen Nera N valurautatakka sopii harmonisesti mihin tahansa sisustukseen klassisesta minimalistiseen.\",\"breadcrumb\":{\"@id\":\"https:\/\/kodukolle.ee\/tuote\/malmkamin-plamen-nera\/#breadcrumb\"},\"inLanguage\":\"fi\",\"potentialAction\":[{\"@type\":\"ReadAction\",\"target\":[\"https:\/\/kodukolle.ee\/tuote\/malmkamin-plamen-nera\/\"]}]},{\"@type\":\"ImageObject\",\"inLanguage\":\"fi\",\"@id\":\"https:\/\/kodukolle.ee\/tuote\/malmkamin-plamen-nera\/#primaryimage\",\"url\":\"https:\/\/kodukolle.ee\/wp-content\/uploads\/2019\/07\/Plamen-Nera-1.jpg\",\"contentUrl\":\"https:\/\/kodukolle.ee\/wp-content\/uploads\/2019\/07\/Plamen-Nera-1.jpg\",\"width\":963,\"height\":923,\"caption\":\"Plamen Nera\"},{\"@type\":\"BreadcrumbList\",\"@id\":\"https:\/\/kodukolle.ee\/tuote\/malmkamin-plamen-nera\/#breadcrumb\",\"itemListElement\":[{\"@type\":\"ListItem\",\"position\":1,\"name\":\"Home\",\"item\":\"https:\/\/kodukolle.ee\/fi\/\"},{\"@type\":\"ListItem\",\"position\":2,\"name\":\"Tuotteet\",\"item\":\"https:\/\/kodukolle.ee\/fi\/tuotteet\/\"},{\"@type\":\"ListItem\",\"position\":3,\"name\":\"Valurautatakka Plamen NERA N\"}]},{\"@type\":\"WebSite\",\"@id\":\"https:\/\/kodukolle.ee\/en\/#website\",\"url\":\"https:\/\/kodukolle.ee\/en\/\",\"name\":\"Kodukolle\",\"description\":\"\",\"publisher\":{\"@id\":\"https:\/\/kodukolle.ee\/en\/#organization\"},\"potentialAction\":[{\"@type\":\"SearchAction\",\"target\":{\"@type\":\"EntryPoint\",\"urlTemplate\":\"https:\/\/kodukolle.ee\/en\/?s={search_term_string}\"},\"query-input\":{\"@type\":\"PropertyValueSpecification\",\"valueRequired\":true,\"valueName\":\"search_term_string\"}}],\"inLanguage\":\"fi\"},{\"@type\":\"Organization\",\"@id\":\"https:\/\/kodukolle.ee\/en\/#organization\",\"name\":\"Kodukolle\",\"url\":\"https:\/\/kodukolle.ee\/en\/\",\"logo\":{\"@type\":\"ImageObject\",\"inLanguage\":\"fi\",\"@id\":\"https:\/\/kodukolle.ee\/en\/#\/schema\/logo\/image\/\",\"url\":\"https:\/\/kodukolle.ee\/wp-content\/uploads\/2025\/06\/logo_must_gradient.svg\",\"contentUrl\":\"https:\/\/kodukolle.ee\/wp-content\/uploads\/2025\/06\/logo_must_gradient.svg\",\"caption\":\"Kodukolle\"},\"image\":{\"@id\":\"https:\/\/kodukolle.ee\/en\/#\/schema\/logo\/image\/\"}}]}<\/script>\n<!-- \/ Yoast SEO plugin. -->","yoast_head_json":{"title":"Valurautatakka Plamen NERA N - Kodukolle","description":"Lakonisen muotoilunsa ansiosta Plamen Nera N valurautatakka sopii harmonisesti mihin tahansa sisustukseen klassisesta minimalistiseen.","robots":{"index":"index","follow":"follow","max-snippet":"max-snippet:-1","max-image-preview":"max-image-preview:large","max-video-preview":"max-video-preview:-1"},"canonical":"https:\/\/kodukolle.ee\/tuote\/malmkamin-plamen-nera\/","og_locale":"fi_FI","og_type":"article","og_title":"Valurautatakka Plamen NERA N - Kodukolle","og_description":"Lakonisen muotoilunsa ansiosta Plamen Nera N valurautatakka sopii harmonisesti mihin tahansa sisustukseen klassisesta minimalistiseen.","og_url":"https:\/\/kodukolle.ee\/tuote\/malmkamin-plamen-nera\/","og_site_name":"Kodukolle","article_modified_time":"2023-12-22T12:43:41+00:00","og_image":[{"width":963,"height":923,"url":"https:\/\/kodukolle.ee\/wp-content\/uploads\/2019\/07\/Plamen-Nera-1.jpg","type":"image\/jpeg"}],"twitter_card":"summary_large_image","schema":{"@context":"https:\/\/schema.org","@graph":[{"@type":"WebPage","@id":"https:\/\/kodukolle.ee\/tuote\/malmkamin-plamen-nera\/","url":"https:\/\/kodukolle.ee\/tuote\/malmkamin-plamen-nera\/","name":"Valurautatakka Plamen NERA N - Kodukolle","isPartOf":{"@id":"https:\/\/kodukolle.ee\/en\/#website"},"primaryImageOfPage":{"@id":"https:\/\/kodukolle.ee\/tuote\/malmkamin-plamen-nera\/#primaryimage"},"image":{"@id":"https:\/\/kodukolle.ee\/tuote\/malmkamin-plamen-nera\/#primaryimage"},"thumbnailUrl":"https:\/\/kodukolle.ee\/wp-content\/uploads\/2019\/07\/Plamen-Nera-1.jpg","datePublished":"2019-07-29T08:47:30+00:00","dateModified":"2023-12-22T12:43:41+00:00","description":"Lakonisen muotoilunsa ansiosta Plamen Nera N valurautatakka sopii harmonisesti mihin tahansa sisustukseen klassisesta minimalistiseen.","breadcrumb":{"@id":"https:\/\/kodukolle.ee\/tuote\/malmkamin-plamen-nera\/#breadcrumb"},"inLanguage":"fi","potentialAction":[{"@type":"ReadAction","target":["https:\/\/kodukolle.ee\/tuote\/malmkamin-plamen-nera\/"]}]},{"@type":"ImageObject","inLanguage":"fi","@id":"https:\/\/kodukolle.ee\/tuote\/malmkamin-plamen-nera\/#primaryimage","url":"https:\/\/kodukolle.ee\/wp-content\/uploads\/2019\/07\/Plamen-Nera-1.jpg","contentUrl":"https:\/\/kodukolle.ee\/wp-content\/uploads\/2019\/07\/Plamen-Nera-1.jpg","width":963,"height":923,"caption":"Plamen Nera"},{"@type":"BreadcrumbList","@id":"https:\/\/kodukolle.ee\/tuote\/malmkamin-plamen-nera\/#breadcrumb","itemListElement":[{"@type":"ListItem","position":1,"name":"Home","item":"https:\/\/kodukolle.ee\/fi\/"},{"@type":"ListItem","position":2,"name":"Tuotteet","item":"https:\/\/kodukolle.ee\/fi\/tuotteet\/"},{"@type":"ListItem","position":3,"name":"Valurautatakka Plamen NERA N"}]},{"@type":"WebSite","@id":"https:\/\/kodukolle.ee\/en\/#website","url":"https:\/\/kodukolle.ee\/en\/","name":"Kodukolle","description":"","publisher":{"@id":"https:\/\/kodukolle.ee\/en\/#organization"},"potentialAction":[{"@type":"SearchAction","target":{"@type":"EntryPoint","urlTemplate":"https:\/\/kodukolle.ee\/en\/?s={search_term_string}"},"query-input":{"@type":"PropertyValueSpecification","valueRequired":true,"valueName":"search_term_string"}}],"inLanguage":"fi"},{"@type":"Organization","@id":"https:\/\/kodukolle.ee\/en\/#organization","name":"Kodukolle","url":"https:\/\/kodukolle.ee\/en\/","logo":{"@type":"ImageObject","inLanguage":"fi","@id":"https:\/\/kodukolle.ee\/en\/#\/schema\/logo\/image\/","url":"https:\/\/kodukolle.ee\/wp-content\/uploads\/2025\/06\/logo_must_gradient.svg","contentUrl":"https:\/\/kodukolle.ee\/wp-content\/uploads\/2025\/06\/logo_must_gradient.svg","caption":"Kodukolle"},"image":{"@id":"https:\/\/kodukolle.ee\/en\/#\/schema\/logo\/image\/"}}]}},"_links":{"self":[{"href":"https:\/\/kodukolle.ee\/fi\/wp-json\/wp\/v2\/product\/26230","targetHints":{"allow":["GET"]}}],"collection":[{"href":"https:\/\/kodukolle.ee\/fi\/wp-json\/wp\/v2\/product"}],"about":[{"href":"https:\/\/kodukolle.ee\/fi\/wp-json\/wp\/v2\/types\/product"}],"wp:featuredmedia":[{"embeddable":true,"href":"https:\/\/kodukolle.ee\/fi\/wp-json\/wp\/v2\/media\/16129"}],"wp:attachment":[{"href":"https:\/\/kodukolle.ee\/fi\/wp-json\/wp\/v2\/media?parent=26230"}],"wp:term":[{"taxonomy":"product_brand","embeddable":true,"href":"https:\/\/kodukolle.ee\/fi\/wp-json\/wp\/v2\/product_brand?post=26230"},{"taxonomy":"product_cat","embeddable":true,"href":"https:\/\/kodukolle.ee\/fi\/wp-json\/wp\/v2\/product_cat?post=26230"},{"taxonomy":"product_tag","embeddable":true,"href":"https:\/\/kodukolle.ee\/fi\/wp-json\/wp\/v2\/product_tag?post=26230"}],"curies":[{"name":"wp","href":"https:\/\/api.w.org\/{rel}","templated":true}]}}